{"id":10629,"date":"2020-04-29T10:36:55","date_gmt":"2020-04-29T10:36:55","guid":{"rendered":"https:\/\/testwordpress.nirmalnagari.org\/smnd\/?page_id=4220"},"modified":"2020-04-29T10:36:55","modified_gmt":"2020-04-29T10:36:55","slug":"zitate","status":"publish","type":"page","link":"https:\/\/shrimataji.org\/chatbot\/de\/zitate\/","title":{"rendered":"Zitate"},"content":{"rendered":"\n\n\t<h1>Zitate von Shri Mataji<\/h1>\n<p>Als ich noch ein kleines Kind war, ging ich in die Schulbibliothek und las \u00fcber das Leben vieler gro\u00dfer M\u00e4nner, die Gro\u00dfes f\u00fcr uns geschaffen haben. Ich war beeindruckt, wie einige von ihnen so einfach und kindlich waren &#8211; wie Abraham Lincoln, vor dem ich sehr gro\u00dfen Respekt habe.<\/p>\n<p>Alle diese gro\u00dfartigen Menschen waren unschuldig, und deshalb hatten sie Ideale, die f\u00fcr sie wichtiger als alles andere und sogar wichtiger als ihr Leben waren. Das alles bedeutete ihnen nichts. Der Sinn f\u00fcr Ideale und Idealismus entspringt allein aus eurer Unschuld. Sie lehrt euch eure Ideale, wie ihr existieren und was f\u00fcr ein Leben ihr f\u00fchren solltet.<\/p>\n<em>Shri Ganesha Puja, 15. September 2001, Cabella<\/em><br \/>\n~~~~~~~~~~~~~~~~~~~~~~~~~~~~~~~~~~~~~~~~~~~~~~\n<p>Wir sprechen von Freundschaft und fordern, ein globales Verst\u00e4ndnis f\u00fcreinander zu haben und dass wir versuchen sollten, einander zu helfen. Das funktioniert jedoch nicht, weil der Mensch immer noch nicht erkannt hat, dass er ein fester Bestandteil des Ganzen ist.<\/p>\n<em>6. Juli 1998, London<\/em><br \/>\n~~~~~~~~~~~~~~~~~~~~~~~~~~~~~~~~~~~~~~~~~~~~~~\n<p>Shri Mataji: Spiritualit\u00e4t bedeutet, von eurem Geist erleuchtet zu sein und dass das Licht des Geistes euch den richtigen Weg zeigt. Es geht nicht allein darum, dar\u00fcber zu reden und zu predigen. Es geht darum, dass etwas in euch passieren muss, sodass ihr selbst erkennen k\u00f6nnt, was richtig und falsch ist &#8211; dann ist es Spiritualit\u00e4t.<\/p>\n\u00dcbersetzer: Eine Botschaft f\u00fcr die Menschheit?<br \/>\n<br \/>\nShri Mataji: Botschaft? Ich habe bereits gesagt, dass ihr der Geist werden m\u00fcsst. Ihr m\u00fcsst neu geboren werden. Und diese Wiedergeburt besteht darin, dass ihr euer Selbst erkennt.\n<em>Interview in Versilia, August 2001\u00a0<\/em><br \/>\n~~~~~~~~~~~~~~~~~~~~~~~~~~~~~~~~~~~~~~~~~~~~~~\n<p>Es ist nicht nur ein Zertifikat oder eine Selbsteinsch\u00e4tzung, dass wir wiedergeboren sind. Es ist auch keine k\u00fcnstliche Taufe. Es ist ein reales Ereignis. Es ist ein lebendiges Geschehen in uns, das sich vollziehen muss. Wenn dieses Ereignis stattgefunden hat, erreicht man diese neue Dimension, die wir als kollektives Bewusstsein bezeichnen &#8211; durch das man kollektiv bewusst wird.<\/p>\n<p>Alle Probleme der Menschheit r\u00fchren daher, dass wir unseren Geist noch nicht gefunden haben. Er ist ein kollektives Wesen. Alle internationalen, alle eure politischen und wirtschaftlichen Probleme entstehen aus dieser einen Sache, die den Menschen noch nicht widerfahren ist. Ihr befindet euch noch im \u00dcbergang.<\/p>\n<em>beide Zitate, 1982, London\u00a0<\/em><br \/>\n~~~~~~~~~~~~~~~~~~~~~~~~~~~~~~~~~~~~~~~~~~~~~~\n<p>Was m\u00fcsst ihr erreichen? Keine Position, kein Reichtum, nicht diese \u00e4u\u00dferlichen Dinge, sondern ein liebendes Herz.<\/p>\n<em>Shivaratri, 2001<\/em><br \/>\n~~~~~~~~~~~~~~~~~~~~~~~~~~~~~~~~~~~~~~~~~~~~~~\nBefinden wir uns in der N\u00e4he eines Berges, k\u00f6nnen wir nicht viel von ihm erkennen, weil er uns so nahe ist und direkt vor uns liegt. Das ist eine der Illusionen der Menschen. Sie sind sich mental nicht bewusst, was auf sie zukommt, wo sie sind, was sie gefunden haben, was Selbst-Verwirklichung ist, wie gro\u00dfartig sie ist, wie weit sie gehen m\u00fcssen, warum sie auserw\u00e4hlt sind, was ihr Lebenszweck ist, wie weit sie gekommen sind und wie viel sie verstehen k\u00f6nnen. Alle diese Dinge sind unbegreiflich, und man ist fassungslos.<br \/>\nMan wei\u00df nicht, was mit einem geschehen ist, wenn man tats\u00e4chlich seine <a href=\"https:\/\/shrimataji.org\/de\/erfahrung-selbstverwirklichung\/\">Selbst-Verwirklichung<\/a> erlangt hat.\n<em>Divine Cool Breeze 5 (1985):4<\/em><br \/>\n~~~~~~~~~~~~~~~~~~~~~~~~~~~~~~~~~~~~~~~~~~~~~~\n\n","protected":false},"excerpt":{"rendered":"<p>Zitate von Shri Mataji Als ich noch ein kleines Kind war, ging ich in die Schulbibliothek und las \u00fcber das Leben vieler gro\u00dfer M\u00e4nner, die Gro\u00dfes f\u00fcr uns geschaffen haben. Ich war beeindruckt, wie einige von ihnen so einfach und kindlich waren &#8211; wie Abraham Lincoln, vor dem ich sehr gro\u00dfen Respekt habe. Alle diese&hellip; <br \/> <a class=\"read-more\" href=\"https:\/\/shrimataji.org\/chatbot\/de\/zitate\/\">Read more<\/a><\/p>\n","protected":false},"author":2,"featured_media":0,"parent":0,"menu_order":0,"comment_status":"closed","ping_status":"closed","template":"","meta":{"footnotes":""},"class_list":["post-10629","page","type-page","status-publish","hentry"],"_links":{"self":[{"href":"https:\/\/shrimataji.org\/chatbot\/wp-json\/wp\/v2\/pages\/10629","targetHints":{"allow":["GET"]}}],"collection":[{"href":"https:\/\/shrimataji.org\/chatbot\/wp-json\/wp\/v2\/pages"}],"about":[{"href":"https:\/\/shrimataji.org\/chatbot\/wp-json\/wp\/v2\/types\/page"}],"author":[{"embeddable":true,"href":"https:\/\/shrimataji.org\/chatbot\/wp-json\/wp\/v2\/users\/2"}],"replies":[{"embeddable":true,"href":"https:\/\/shrimataji.org\/chatbot\/wp-json\/wp\/v2\/comments?post=10629"}],"version-history":[{"count":0,"href":"https:\/\/shrimataji.org\/chatbot\/wp-json\/wp\/v2\/pages\/10629\/revisions"}],"wp:attachment":[{"href":"https:\/\/shrimataji.org\/chatbot\/wp-json\/wp\/v2\/media?parent=10629"}],"curies":[{"name":"wp","href":"https:\/\/api.w.org\/{rel}","templated":true}]}}