{"id":10630,"date":"2022-01-23T03:35:11","date_gmt":"2022-01-23T03:35:11","guid":{"rendered":"https:\/\/test.shrimataji.org\/?page_id=6283"},"modified":"2022-01-23T03:35:11","modified_gmt":"2022-01-23T03:35:11","slug":"kollektive-meditation","status":"publish","type":"page","link":"https:\/\/shrimataji.org\/chatbot\/de\/kollektive-meditation\/","title":{"rendered":"Kollektive Meditation"},"content":{"rendered":"\n\n\t<h1>Kollektive Meditation<\/h1>\n<h2>Zum festen Bestandteil des Ganzen werden<\/h2>\n<p>[su_quote] Der Geist ist das kollektive Wesen in uns. Wenn er sich mainifestiert, stellt ihr erstaunt fest, dass ihr sowohl die subtilen Zentren anderer als auch eure eigenen auf den Fingerspitzen sp\u00fcren k\u00f6nnt.[\/su_quote]<\/p>\n<h4>In ihren Lehren offenbart Shri Mataji, dass wir in Wirklichkeit Teil eines lebendigen spirituellen Universums (<em>Virata<\/em>) sind. Es existiert ewig und jenseits der Dimensionen von Raum, Zeit und Materie. Die Zellen unseres physischen K\u00f6rpers bleiben erhalten, solange sie Teil des K\u00f6rpers sind. Doch getrennt davon, h\u00f6ren sie auf zu existieren. Genauso wird das fortw\u00e4hrende Wachstum unseres spirituellen Bewusstseins am besten aufrechterhalten, wenn wir das Gef\u00fchl entwickeln, Teil eines vollkommenen K\u00f6rpers zu sein und zusammen mit anderen meditieren.<\/h4>\n<p>Komfortable und luxuri\u00f6se R\u00e4ume sind dazu nicht notwendig. Ein einfacher Platz ist ausreichend. Wichtig ist die schlichte und reine Absicht zu meditieren und sich mit dem ewigen Geist wohlzuf\u00fchlen, der in allen wohnt. Wichtig ist es, die Gl\u00fcckseligkeit des Ozeans der stillen Meditation zu genie\u00dfen, wenn verwirklichte Seelen gemeinsam meditieren.<\/p>\n<p>Shri Mataji empfahl Sahaja Yogis, die ihre <a href=\"https:\/\/shrimataji.org\/de\/erfahrung-selbstverwirklichung\/\" target=\"_blank\" rel=\"noopener\">Selbst-Verwirklichung<\/a> erhalten haben, einfache Pl\u00e4tze zu finden, um sich zur Meditation zu treffen. Diese Orte sollten f\u00fcr die, in einem bestimmten Gebiet lebenden Menschen, leicht zug\u00e4nglich sein.<\/p>\n<p>Seit 1970 werden weltweit Tausende von lokalen Sahaja-Yoga-Zentren freiwillig von Sahaja Yogis und Yoginis betrieben, um allen Wahrheitssuchenden zu helfen, ihre Selbst-Verwirklichung zu erlangen und sie in der Meditation zu etablieren. F\u00fcr die Erfahrung der Selbst-Verwirklichung und das vermittelte Wissen zur praktischen Umsetzung von Sahaja Yoga wird niemals Geld verlangt.<\/p>\n<h2>Weltweite Sahaja-Yoga-Zentren<\/h2>\n<p>Mit Hilfe der interaktiven Karte k\u00f6nnt ihr euer n\u00e4chstgelegenes <a href=\"https:\/\/shrimataji.org\/de\/zentren-weltweit\/\" target=\"_blank\" rel=\"noopener\">Sahaja-Yoga-Zentrum<\/a> sowie Online-Meditationskurse und -Programme ausfindig machen. Nutz die Links f\u00fcr die Suche nach einer Sahaja-Yoga-Website f\u00fcr weitere Informationen.<\/p>\n\t\t\t\t\t<a href=\"void(0);\" id=\"fl-accordion--label-0\" aria-controls=\"fl-accordion--panel-0\">Karte<\/a>\n\t\t\t\t\t\t\t\t\t\t\t<a href=\"#\" id=\"fl-accordion--icon-0\" aria-controls=\"fl-accordion--panel-0\"><i>Expand<\/i><\/a>\n\t\t\t\t\t<h4>Anmerkung: <\/h4>\n<p>Diese Karte ist im Aufbau und zeigt aktuell nur einen kleinen Teil der weltweiten Sahaja-Yoga-Zentren und -Kurse. Man kann sie stufenlos vergr\u00f6\u00dfern, um lokale Treffpunkte zu lokalisieren. Da die Karte laufend aktualisiert wird, versucht es sp\u00e4ter noch einmal, sofern aktuell noch kein Zentrum in eurer N\u00e4he eingetragen ist.<\/p>\n<p>Your browser does not support iframes.<\/p>\n\t\t\t\t\t<a href=\"void(0);\" id=\"fl-accordion--label-1\" aria-controls=\"fl-accordion--panel-1\">Links<\/a>\n\t\t\t\t\t\t\t\t\t\t\t<a href=\"#\" id=\"fl-accordion--icon-1\" aria-controls=\"fl-accordion--panel-1\"><i>Expand<\/i><\/a>\n\t\t\t\t\t<h4><strong>Liste internationaler Sahaja-Yoga-Internetseiten<\/strong><\/h4>\n<p>Finde einen Sahaja-Yoga-Internetauftritt deines Landes:<\/p>\n<p>Your browser does not support iframes.<\/p>\n\n","protected":false},"excerpt":{"rendered":"<p>Kollektive Meditation Zum festen Bestandteil des Ganzen werden [su_quote] Der Geist ist das kollektive Wesen in uns. Wenn er sich mainifestiert, stellt ihr erstaunt fest, dass ihr sowohl die subtilen Zentren anderer als auch eure eigenen auf den Fingerspitzen sp\u00fcren k\u00f6nnt.[\/su_quote] In ihren Lehren offenbart Shri Mataji, dass wir in Wirklichkeit Teil eines lebendigen spirituellen&hellip; <br \/> <a class=\"read-more\" href=\"https:\/\/shrimataji.org\/chatbot\/de\/kollektive-meditation\/\">Read more<\/a><\/p>\n","protected":false},"author":2,"featured_media":9241,"parent":0,"menu_order":0,"comment_status":"closed","ping_status":"closed","template":"","meta":{"footnotes":""},"class_list":["post-10630","page","type-page","status-publish","has-post-thumbnail","hentry"],"_links":{"self":[{"href":"https:\/\/shrimataji.org\/chatbot\/wp-json\/wp\/v2\/pages\/10630","targetHints":{"allow":["GET"]}}],"collection":[{"href":"https:\/\/shrimataji.org\/chatbot\/wp-json\/wp\/v2\/pages"}],"about":[{"href":"https:\/\/shrimataji.org\/chatbot\/wp-json\/wp\/v2\/types\/page"}],"author":[{"embeddable":true,"href":"https:\/\/shrimataji.org\/chatbot\/wp-json\/wp\/v2\/users\/2"}],"replies":[{"embeddable":true,"href":"https:\/\/shrimataji.org\/chatbot\/wp-json\/wp\/v2\/comments?post=10630"}],"version-history":[{"count":0,"href":"https:\/\/shrimataji.org\/chatbot\/wp-json\/wp\/v2\/pages\/10630\/revisions"}],"wp:featuredmedia":[{"embeddable":true,"href":"https:\/\/shrimataji.org\/chatbot\/wp-json\/wp\/v2\/media\/9241"}],"wp:attachment":[{"href":"https:\/\/shrimataji.org\/chatbot\/wp-json\/wp\/v2\/media?parent=10630"}],"curies":[{"name":"wp","href":"https:\/\/api.w.org\/{rel}","templated":true}]}}