{"id":10643,"date":"2018-07-10T06:54:42","date_gmt":"2018-07-10T06:54:42","guid":{"rendered":"http:\/\/testwordpress.nirmalnagari.org\/smnd\/index.php\/family\/"},"modified":"2018-07-10T06:54:42","modified_gmt":"2018-07-10T06:54:42","slug":"familie","status":"publish","type":"page","link":"https:\/\/shrimataji.org\/chatbot\/de\/familie\/","title":{"rendered":"Familie"},"content":{"rendered":"\n\n\t<h1>Familie<\/h1>\n<h2>Erleuchtete Erziehung<\/h2>\n\t<h4>Als Nirmala Salve wurde Shri Mataji in eine von der ber\u00fchmten Shalivahana-Dynastie abstammende Familie geboren. Sowohl der Charakter dieser au\u00dfergew\u00f6hnlichen Familie kann \u00fcber Generationen hinweg ebenso nachverfolgt werden wie auch ihre kompromisslose Wahrung h\u00f6chster moralischer und ethischer Standards.<\/h4>\n\t<p>Entgegen der Tradition und weit verbreiteten \u00dcberzeugungen konvertierten Shri Matajis Vorfahren zum Christentum, als sie sahen, wie grausam hinduistische Witwen und\u00a0 insbesondere Kinderwitwen zu jener Zeit behandelt wurden.<\/p>\n<p>Ihr Bruder, Hermant Prasadrao Salve, beschrieb seine ebenfalls fr\u00fch verwitwete Gro\u00dfmutter in seinen Memoiren als &#8220;eine \u00fcberragende Pers\u00f6nlichkeit voller Mut und \u00dcberzeugungskraft in ihrem Kampf gegen die Ungerechtigkeit &#8211; eine Person, die ungeheure Tapferkeit und Mut und andererseits die Liebe und das Wohlwollen einer Mutter ihren Kindern gegen\u00fcber zeigte. Ich betone dies, weil alle diese Eigenschaften auf ihre Kinder und Enkelkinder \u00fcbergegangen sind, insbesondere auf Shri Mataji.&#8221;<\/p>\n<p>Shri Matajis Eltern f\u00fchrten ein Gerechtigkeit und Gleichheit gewidmetes Leben. Sie schlossen sich Mahatma Gandhis Kampf f\u00fcr die indische Unabh\u00e4ngigkeit an, und es war klar, dass niemand Tr\u00e4nen vergie\u00dfen durfte, falls ein Familienmitglied verhaftet und inhaftiert wurde. Nach der Unabh\u00e4ngigkeit traten ihr Vater und viele ihrer Geschwister in den Dienst der neu formierten Regierung.<\/p>\n<p>Auch Shri Matajis Ehemann, Sir Chandrika Prasad Srivastava, f\u00fchrte ein vorbildliches Leben, in dem er sich dem h\u00f6chsten Standard des \u00f6ffentlichen Dienstes widmete. Zu seinen B\u00fcchern geh\u00f6ren die Biografie <em>Lal Bahadur Shastri: A Life of Truth in Politics<a href=\"#footnote-1\"><sup>[1]<\/sup><\/a><\/em> sowie <em>Corruption: Indias Enemy Within<a href=\"#footnote-2\"><sup>[2]<\/sup><\/a><\/em>.<\/p>\n\t<p>Shri Mataji verstarb 2011 und hinterlie\u00df zwei T\u00f6chter, vier Enkelkinder und viele Urenkel.<\/p>\n\t<p>[embedyt] https:\/\/www.youtube.com\/watch?v=BlhbfY8PoHs[\/embedyt]<\/p>\n\t<h5>&#8220;Konsumverhalten gab es damals nicht &#8211; wir lebten einfach. Ich glaube auch, es gab nicht so viele Konflikte zwischen den Generationen. Die Familie hat gut funktioniert.&#8221;<\/h5>\n<h5>Shri Matajis Tochter, Sadhana Varma<\/h5>\n\t<a id=\"footnote-1\"><\/a>[1] Srivastava, C. P. (1995): Lal Bahadur Shastri: A Life of Truth in Politics, Oxford University Press, New Delhi, India.<br \/>\n<a id=\"footnote-2\"><\/a>[2] Srivastava, C. P. (2001): Corruption: India&#8217;s Enemy Within, Macmillan, New Delhi, India.\n\n","protected":false},"excerpt":{"rendered":"<p>Familie Erleuchtete Erziehung Als Nirmala Salve wurde Shri Mataji in eine von der ber\u00fchmten Shalivahana-Dynastie abstammende Familie geboren. Sowohl der Charakter dieser au\u00dfergew\u00f6hnlichen Familie kann \u00fcber Generationen hinweg ebenso nachverfolgt werden wie auch ihre kompromisslose Wahrung h\u00f6chster moralischer und ethischer Standards. Entgegen der Tradition und weit verbreiteten \u00dcberzeugungen konvertierten Shri Matajis Vorfahren zum Christentum, als&hellip; <br \/> <a class=\"read-more\" href=\"https:\/\/shrimataji.org\/chatbot\/de\/familie\/\">Read more<\/a><\/p>\n","protected":false},"author":2,"featured_media":9511,"parent":0,"menu_order":0,"comment_status":"closed","ping_status":"closed","template":"","meta":{"footnotes":""},"class_list":["post-10643","page","type-page","status-publish","has-post-thumbnail","hentry"],"_links":{"self":[{"href":"https:\/\/shrimataji.org\/chatbot\/wp-json\/wp\/v2\/pages\/10643","targetHints":{"allow":["GET"]}}],"collection":[{"href":"https:\/\/shrimataji.org\/chatbot\/wp-json\/wp\/v2\/pages"}],"about":[{"href":"https:\/\/shrimataji.org\/chatbot\/wp-json\/wp\/v2\/types\/page"}],"author":[{"embeddable":true,"href":"https:\/\/shrimataji.org\/chatbot\/wp-json\/wp\/v2\/users\/2"}],"replies":[{"embeddable":true,"href":"https:\/\/shrimataji.org\/chatbot\/wp-json\/wp\/v2\/comments?post=10643"}],"version-history":[{"count":0,"href":"https:\/\/shrimataji.org\/chatbot\/wp-json\/wp\/v2\/pages\/10643\/revisions"}],"wp:featuredmedia":[{"embeddable":true,"href":"https:\/\/shrimataji.org\/chatbot\/wp-json\/wp\/v2\/media\/9511"}],"wp:attachment":[{"href":"https:\/\/shrimataji.org\/chatbot\/wp-json\/wp\/v2\/media?parent=10643"}],"curies":[{"name":"wp","href":"https:\/\/api.w.org\/{rel}","templated":true}]}}