{"id":10647,"date":"2012-08-02T22:00:00","date_gmt":"2012-08-02T22:00:00","guid":{"rendered":"http:\/\/testwordpress.nirmalnagari.org\/smnd\/index.php\/contact\/"},"modified":"2012-08-02T22:00:00","modified_gmt":"2012-08-02T22:00:00","slug":"rueckmeldung","status":"publish","type":"page","link":"https:\/\/shrimataji.org\/chatbot\/de\/rueckmeldung\/","title":{"rendered":"Feedback DE"},"content":{"rendered":"\n\n\t<h1>Feedback<\/h1>\n<p>Bitte verwende das Formular f\u00fcr ein Feedback und f\u00fcr Vorschl\u00e4ge an uns. Sofern notwendig, antworten wir so bald wie m\u00f6glich.<\/p>\n<p>[wpforms id=&#8221;1862&#8243; title=&#8221;false&#8221; description=&#8221;false&#8221;]<\/p>\n<p>&nbsp;<\/p>\n\n","protected":false},"excerpt":{"rendered":"<p>Feedback Bitte verwende das Formular f\u00fcr ein Feedback und f\u00fcr Vorschl\u00e4ge an uns. Sofern notwendig, antworten wir so bald wie m\u00f6glich. [wpforms id=&#8221;1862&#8243; title=&#8221;false&#8221; description=&#8221;false&#8221;] &nbsp;<\/p>\n","protected":false},"author":2,"featured_media":9552,"parent":0,"menu_order":0,"comment_status":"closed","ping_status":"closed","template":"","meta":{"footnotes":""},"class_list":["post-10647","page","type-page","status-publish","has-post-thumbnail","hentry"],"_links":{"self":[{"href":"https:\/\/shrimataji.org\/chatbot\/wp-json\/wp\/v2\/pages\/10647","targetHints":{"allow":["GET"]}}],"collection":[{"href":"https:\/\/shrimataji.org\/chatbot\/wp-json\/wp\/v2\/pages"}],"about":[{"href":"https:\/\/shrimataji.org\/chatbot\/wp-json\/wp\/v2\/types\/page"}],"author":[{"embeddable":true,"href":"https:\/\/shrimataji.org\/chatbot\/wp-json\/wp\/v2\/users\/2"}],"replies":[{"embeddable":true,"href":"https:\/\/shrimataji.org\/chatbot\/wp-json\/wp\/v2\/comments?post=10647"}],"version-history":[{"count":0,"href":"https:\/\/shrimataji.org\/chatbot\/wp-json\/wp\/v2\/pages\/10647\/revisions"}],"wp:featuredmedia":[{"embeddable":true,"href":"https:\/\/shrimataji.org\/chatbot\/wp-json\/wp\/v2\/media\/9552"}],"wp:attachment":[{"href":"https:\/\/shrimataji.org\/chatbot\/wp-json\/wp\/v2\/media?parent=10647"}],"curies":[{"name":"wp","href":"https:\/\/api.w.org\/{rel}","templated":true}]}}