{"id":10672,"date":"2022-01-29T10:25:21","date_gmt":"2022-01-29T10:25:21","guid":{"rendered":"https:\/\/test.shrimataji.org\/?page_id=6406"},"modified":"2022-01-29T10:25:21","modified_gmt":"2022-01-29T10:25:21","slug":"nadis-gunas","status":"publish","type":"page","link":"https:\/\/shrimataji.org\/chatbot\/de\/nadis-gunas\/","title":{"rendered":"Nadis und Gunas"},"content":{"rendered":"\n\n\t<h1>Die Nadis und die drei Stimmungen<\/h1>\n<h2>Gleichgewicht erreichen<\/h2>\n<p>[su_quote] Diese feinstofflichen <em>Nadis<\/em> kann man nicht sehen. Sie k\u00f6nnen sich nur in Sahaja Yoga manifestieren.[\/su_quote]<\/p>\n<h4>Das menschlichen subtile System ist sehr kompliziert und wird von tausenden Kan\u00e4len gebildet, die den Fluss feinstofflicher Energie durch den K\u00f6rper erm\u00f6glichen. Manifestationen dieser Energien an bestimmten Stellen des Systems wiederum werden als <em>Chakras<\/em> bezeichnet. Das Sanskritwort <em>Chakra<\/em> bedeute so viel wie &#8220;Rad&#8221;. Unser gesamtes subtiles System wird von drei vertikalen Hauptenergiekan\u00e4len gesteuert, die auf Sanskrit als <em>Nadis<\/em> bezeichnet werden und die sich gegenseitig \u00fcber die sieben Hauptchakren beeinflussen.<\/h4>\n<p>Erst durch die Selbst-Verwirklichung wird unser feinstoffliches System mit dem Erwachen der Kundalini vollst\u00e4ndig aktiviert. Sie reinigt und balanciert es und erleuchtet die unverf\u00e4lschten Qualit\u00e4ten der Chakren.<\/p>\n\t\t\t\t<a href=\"https:\/\/shrimataji.org\/wp-content\/uploads\/2023\/02\/1_All-Nadis-01.png\" target=\"_blank\" rel=\"noopener\" itemprop=\"url\">\n\t\t\t\t<img loading=\"lazy\" decoding=\"async\" src=\"https:\/\/shrimataji.org\/wp-content\/uploads\/2024\/06\/DE_All-Nadi.png\" alt=\"DE_All Nadi\" itemprop=\"image\" height=\"1653\" width=\"1543\" title=\"DE_All Nadi\" onerror=\"this.style.display='none'\"  \/>\n\t\t\t\t<\/a>\n\t<p>Jeder Energiekanal entspricht spezifischen Stimmungen oder Qualit\u00e4ten unserer Psyche und unterst\u00fctzt die volle Entwicklung einer reifen Pers\u00f6nlichkeit. Vor der Selbst-Verwirklichung benutzen wir im Laufe unseres Lebens den linken und den rechten Kanal. Der linke Kanal &#8211; oder <em>Ida Nadi<\/em> &#8211; reguliert unsere W\u00fcnsche und Gef\u00fchle und der rechte Kanal &#8211; oder <em>Pingala Nadi<\/em> &#8211; steuert unsere Gedanken und Handlungen. Exzessive Tendenzen unseres Lebensstils st\u00f6ren oft das nat\u00fcrliche Gleichgewicht dieser Kan\u00e4le und wir erleben k\u00f6rperliche, mentale und emotionale Probleme. Der dritte Energiekanal &#8211; <em>Sushumna Nadi<\/em> genannt &#8211; liegt zwischen dem linken und dem rechten Kanal und wird erst durch die Selbst-Verwirklichung aktiviert, wenn die <em>Kundalini<\/em> sich erhebt und alle <em>Nadis<\/em> und <em>Chakren<\/em> erleuchtet. Das erm\u00f6glicht einen Zustand des inneren Gleichgewichts.<\/p>\n<p>Diese subtilen Kan\u00e4le sind nicht nur im R\u00fcckenmark abgebildet, das sich grobstofflich als sympathisches und parasympathisches Nervensystem manifestiert. Sie entsprechen auch bestimmten Stellen an unseren H\u00e4nden und Beinen.<\/p>\n\t\t\t\t<img loading=\"lazy\" decoding=\"async\" src=\"https:\/\/shrimataji.org\/chatbot\/wp-content\/uploads\/2024\/06\/Nadi_Handskizze.png\" alt=\"Originalzeichnung von Shri Mataji\" itemprop=\"image\" height=\"511\" width=\"1246\" title=\"Nadi_Handskizze\" onerror=\"this.style.display='none'\"  \/>\n\t\tOriginalzeichnung von Shri Mataji\n\t<p>Nach der Selbst-Verwirklichung werden wir uns eventueller Ungleichgewichte in unseren <em>Nadis<\/em> und <em>Chakren<\/em> deutlich bewusst. Wir empfinden sie als Hitze, extreme K\u00e4lte oder Taubheit an ihren jeweiligen Positionen im R\u00fcckenmark oder der Extremit\u00e4ten.<\/p>\n<p>Shri Mataji beschrieb ausf\u00fchrlich verschiedene Reinigungstechniken. Daf\u00fcr werden oft die Elemente Erde, Wasser, Feuer, Luft und \u00c4ther verwendet, um bestimmte Blockaden in den <em>Nadis<\/em> und <em>Chakren<\/em> zu l\u00f6sen und sie in den Zustand ihres nat\u00fcrlichen Gleichgewichts zu bringen.<\/p>\n\t<iframe  data-ep-a=\"fadeIn\"   id=\"_ytid_90323\"  width=\"3840\" height=\"2160\"  data-origwidth=\"3840\" data-origheight=\"2160\" data-ep-src=\"https:\/\/www.youtube.com\/embed\/9phkP0MMMEI?enablejsapi=1&#038;autoplay=0&#038;cc_load_policy=0&#038;cc_lang_pref=&#038;iv_load_policy=1&#038;loop=0&#038;modestbranding=1&#038;rel=0&#038;fs=1&#038;playsinline=1&#038;autohide=2&#038;hl=en_GB&#038;theme=dark&#038;color=red&#038;controls=1&#038;\" title=\"YouTube player\"  allow=\"fullscreen; accelerometer; autoplay; clipboard-write; encrypted-media; gyroscope; picture-in-picture\" allowfullscreen data-no-lazy=\"1\" data-skipgform_ajax_framebjll=\"\"><\/iframe><meta itemprop=\"embedUrl\" content=\"https:\/\/www.youtube.com\/embed\/9phkP0MMMEI\"\/><meta itemprop=\"name\" content=\"The importance of a balanced life\"\/><meta itemprop=\"description\" content=\"YouTube video\"\/><meta itemprop=\"thumbnailUrl\" content=\"https:\/\/i.ytimg.com\/vi\/9phkP0MMMEI\/0.jpg\"\/><meta itemprop=\"duration\" content=\"PT2M5S\"\/><meta itemprop=\"uploadDate\" content=\"2022-11-12T03:31:03Z\"\/>\n\n","protected":false},"excerpt":{"rendered":"<p>Die Nadis und die drei Stimmungen Gleichgewicht erreichen [su_quote] Diese feinstofflichen Nadis kann man nicht sehen. Sie k\u00f6nnen sich nur in Sahaja Yoga manifestieren.[\/su_quote] Das menschlichen subtile System ist sehr kompliziert und wird von tausenden Kan\u00e4len gebildet, die den Fluss feinstofflicher Energie durch den K\u00f6rper erm\u00f6glichen. Manifestationen dieser Energien an bestimmten Stellen des Systems wiederum&hellip; <br \/> <a class=\"read-more\" href=\"https:\/\/shrimataji.org\/chatbot\/de\/nadis-gunas\/\">Read more<\/a><\/p>\n","protected":false},"author":2,"featured_media":9246,"parent":0,"menu_order":0,"comment_status":"closed","ping_status":"closed","template":"","meta":{"footnotes":""},"class_list":["post-10672","page","type-page","status-publish","has-post-thumbnail","hentry"],"_links":{"self":[{"href":"https:\/\/shrimataji.org\/chatbot\/wp-json\/wp\/v2\/pages\/10672","targetHints":{"allow":["GET"]}}],"collection":[{"href":"https:\/\/shrimataji.org\/chatbot\/wp-json\/wp\/v2\/pages"}],"about":[{"href":"https:\/\/shrimataji.org\/chatbot\/wp-json\/wp\/v2\/types\/page"}],"author":[{"embeddable":true,"href":"https:\/\/shrimataji.org\/chatbot\/wp-json\/wp\/v2\/users\/2"}],"replies":[{"embeddable":true,"href":"https:\/\/shrimataji.org\/chatbot\/wp-json\/wp\/v2\/comments?post=10672"}],"version-history":[{"count":0,"href":"https:\/\/shrimataji.org\/chatbot\/wp-json\/wp\/v2\/pages\/10672\/revisions"}],"wp:featuredmedia":[{"embeddable":true,"href":"https:\/\/shrimataji.org\/chatbot\/wp-json\/wp\/v2\/media\/9246"}],"wp:attachment":[{"href":"https:\/\/shrimataji.org\/chatbot\/wp-json\/wp\/v2\/media?parent=10672"}],"curies":[{"name":"wp","href":"https:\/\/api.w.org\/{rel}","templated":true}]}}