{"id":10680,"date":"2012-08-02T21:00:00","date_gmt":"2012-08-02T21:00:00","guid":{"rendered":"http:\/\/testwordpress.nirmalnagari.org\/smnd\/index.php\/privacy\/"},"modified":"2012-08-02T21:00:00","modified_gmt":"2012-08-02T21:00:00","slug":"datenschutz","status":"publish","type":"page","link":"https:\/\/shrimataji.org\/chatbot\/de\/datenschutz\/","title":{"rendered":"Datenschutz"},"content":{"rendered":"\n\n\t<h1>Datenschutzrichtlinie<\/h1>\n<h4>Alle Mitarbeiter\/-innen von ShriMataji.org sind sich des in uns gesetzten Vertrauens und unserer Verantwortung f\u00fcr den Schutz Ihrer Privatsph\u00e4re bewusst. Als Teil dieser Verantwortung informieren wie Sie \u00fcber die von uns bei Ihrem Besuch unserer Website gesammelten Informationen. Um Ihr Besuchserlebnis zu verbessern, teilen wir Ihnen mit, warum wir sie sammeln und wie wir sie nutzen.<\/h4>\n<p>Die Shri Mataji Nirmala Devi Sahaja Yoga World Foundation wendet stiftungsbezogene Verfahren und Richtlinien an, die im Einklang mit der EU-Datenschutzgrundverordnung (GDPR 2016\/679) stehen, um hohe Sicherheitsstandards und Regeln f\u00fcr einen angemessenen Umgang mit personenbezogenen Daten zu gew\u00e4hrleisten.<\/p>\n<h4>Befugte Personen<\/h4>\n<p>Die Daten werden von ausreichend identifiziertem, geschultem und zur Datenverarbeitung befugtem Personal verarbeitet, das sowohl innerhalb als auch au\u00dferhalb der Gesch\u00e4ftsr\u00e4ume der Stiftung t\u00e4tig ist.<\/p>\n<h4>Vorratsspeicherung<\/h4>\n<p>Die Daten werden nur so lange verwendet, wie es f\u00fcr die Zwecke der Verarbeitung unbedingt erforderlich ist.<\/p>\n<h4>Datenschutz<\/h4>\n<p>Weitere Einzelheiten finden Sie in den Datenschutzinformationen unten:<\/p>\n<ul>\n<li><a href=\"https:\/\/shrimataji.org\/wp-content\/uploads\/2024\/06\/datenschutz_website_nutzer.pdf\">Datenschutz (Website-Nutzer)<\/a><\/li>\n<li><a href=\"https:\/\/shrimataji.org\/wp-content\/uploads\/2024\/06\/feedback_shri_mataji.pdf\">Datenschutz (Feedback)<\/a><\/li>\n<li><a href=\"https:\/\/shrimataji.org\/wp-content\/uploads\/2024\/06\/cookies_datenverarbeitung.pdf\">Cookie-Richtlinie<\/a><\/li>\n<\/ul>\n<hr \/>\n<h3>\u00a9 Shri Mataji Nirmala Devi Sahaja Yoga World Foundation &#8211; eingetragen im regionalen Register der juristischen Personen des Piemont (Prot.-Nr. 747) als gemeinn\u00fctzige Organisation.<\/h3>\n<h3>.<\/h3>\n\n","protected":false},"excerpt":{"rendered":"<p>Datenschutzrichtlinie Alle Mitarbeiter\/-innen von ShriMataji.org sind sich des in uns gesetzten Vertrauens und unserer Verantwortung f\u00fcr den Schutz Ihrer Privatsph\u00e4re bewusst. Als Teil dieser Verantwortung informieren wie Sie \u00fcber die von uns bei Ihrem Besuch unserer Website gesammelten Informationen. Um Ihr Besuchserlebnis zu verbessern, teilen wir Ihnen mit, warum wir sie sammeln und wie wir&hellip; <br \/> <a class=\"read-more\" href=\"https:\/\/shrimataji.org\/chatbot\/de\/datenschutz\/\">Read more<\/a><\/p>\n","protected":false},"author":2,"featured_media":9552,"parent":0,"menu_order":0,"comment_status":"closed","ping_status":"closed","template":"","meta":{"footnotes":""},"class_list":["post-10680","page","type-page","status-publish","has-post-thumbnail","hentry"],"_links":{"self":[{"href":"https:\/\/shrimataji.org\/chatbot\/wp-json\/wp\/v2\/pages\/10680","targetHints":{"allow":["GET"]}}],"collection":[{"href":"https:\/\/shrimataji.org\/chatbot\/wp-json\/wp\/v2\/pages"}],"about":[{"href":"https:\/\/shrimataji.org\/chatbot\/wp-json\/wp\/v2\/types\/page"}],"author":[{"embeddable":true,"href":"https:\/\/shrimataji.org\/chatbot\/wp-json\/wp\/v2\/users\/2"}],"replies":[{"embeddable":true,"href":"https:\/\/shrimataji.org\/chatbot\/wp-json\/wp\/v2\/comments?post=10680"}],"version-history":[{"count":0,"href":"https:\/\/shrimataji.org\/chatbot\/wp-json\/wp\/v2\/pages\/10680\/revisions"}],"wp:featuredmedia":[{"embeddable":true,"href":"https:\/\/shrimataji.org\/chatbot\/wp-json\/wp\/v2\/media\/9552"}],"wp:attachment":[{"href":"https:\/\/shrimataji.org\/chatbot\/wp-json\/wp\/v2\/media?parent=10680"}],"curies":[{"name":"wp","href":"https:\/\/api.w.org\/{rel}","templated":true}]}}