{"id":10695,"date":"2012-11-01T12:00:00","date_gmt":"2012-11-01T12:00:00","guid":{"rendered":"http:\/\/testwordpress.nirmalnagari.org\/smnd\/index.php\/sir-c-p-srivastava\/"},"modified":"2012-11-01T12:00:00","modified_gmt":"2012-11-01T12:00:00","slug":"srivastava-de","status":"publish","type":"page","link":"https:\/\/shrimataji.org\/chatbot\/de\/srivastava-de\/","title":{"rendered":"Sir Chandrika Prasad Srivastava"},"content":{"rendered":"\n\n\t<h1>Sir Chandrika Prasad Srivastava<\/h1>\n<h2>Sir C. P. und der &#8220;winzige Koloss&#8221;<\/h2>\n\t<h4>Shri Mataji Nirmala Devi ist auf der ganzen Welt als die inspirierende Kraft hinter Sahaja Yoga bekannt. Neben ihrem Ruhm als spirituelle F\u00fchrerin gibt es eine parallele Geschichte: die au\u00dfergew\u00f6hnliche Karriere ihres Mannes, Sir Chandrika Prasad Srivastava.<\/h4>\n<p>Diejenigen, die das Gl\u00fcck hatten, Zeit mit Shri Mataji pers\u00f6nlich zu verbringen, werden auch mit der gro\u00dfen, w\u00fcrdevollen und sanftm\u00fctigen Gestalt von &#8220;Sir C. P.&#8221;, wie er liebevoll genannt wurde, vertraut gewesen sein.<\/p>\n\t\t\t\t<img loading=\"lazy\" decoding=\"async\" src=\"https:\/\/shrimataji.org\/chatbot\/wp-content\/uploads\/2024\/04\/shri-mataji-sir-cp-kalpana-sadhana-family-london-uk-de-768x1129-1.jpg\" alt=\"Familie Srivastava anl\u00e4sslich des Ritterschlags von Sir C. P. \" height=\"1129\" width=\"768\" title=\"shri-mataji-sir-cp-kalpana-sadhana-family-london-uk-de-768x1129\" \/>\n\t\tFamilie Srivastava anl\u00e4sslich des Ritterschlags von Sir C. P. \n\t<p>Sir C. P. war ein f\u00fchrender Staatsmann, der vier aufeinanderfolgende Amtszeiten als Generalsekret\u00e4r der <a href=\"https:\/\/www.imo.org\/en\/\" target=\"_blank\" rel=\"noopener\">Internationalen Seeschifffahrtsorganisation der Vereinten Nationen<\/a> (ISO) innehatte und w\u00e4hrend dieser Zeit von K\u00f6nigin Elisabeth II. zum Ritter geschlagen wurde. Sir C. P. und Shri Mataji heirateten, als er ein relativ anonymer junger Beamter im indischen Staatsdienst war. Oft merkte er an, dass sein kometenhafter beruflicher Erfolg gr\u00f6\u00dftenteils darauf zur\u00fcckzuf\u00fchren war, dass er dem Rat und der Intuition seiner Frau folgte.<\/p>\n<p>Kurz nach ihrer Heirat wurde er vor die beneidenswerte Wahl gestellt, entweder dem elit\u00e4ren indischen Verwaltungsdienst beizutreten oder in das &#8211; wenn nicht sogar noch angesehenere &#8211; diplomatische Korps einzutreten. Seine Freunde ermutigten ihn, Diplomat zu werden, da es dann nur eine Frage der Zeit sein k\u00f6nne, bis er einen Botschafterposten erhielte.<\/p>\n<p>Doch Frau Srivastava sagte ohne zu z\u00f6gern: &#8220;Nein, lass uns im Lande bleiben. Wir wollen unserem Land hier dienen.&#8221; Niemand konnte vorhersehen, dass Sir C. P. durch eine Reihe unvorhergesehener Begegnungen zum pers\u00f6nlichen Sekret\u00e4r von keinem Geringeren als dem indischen Premierminister Lal Bahadur Shastri ernannt wurde.<\/p>\n\t\n\t<p>Im Nachhinein betrachtet war dies ein gl\u00fccklicher Zufall, denn Mr. Shastri verk\u00f6rperte in vielerlei Hinsicht das von Shri Mataji gestaltete und von ihr sp\u00e4ter mit der Welt geteilte Sahaja Yoga. Nach seinem Ausscheiden aus dem \u00f6ffentlichen Dienst verfasst Sir C. P.\u00a0 &#8211; wiederum auf Anregung seiner Frau &#8211; die Biografie <em>Lal Bahadur Shastri: a Life of Truth in Politics<\/em>, in dem er Shastri viele Eigenschaften der Hindu-Gottheit Shri Rama zuschreibt: Bescheidenheit und tiefen Respekt f\u00fcr alle Menschen, verbunden mit einem starken Ehr- und Pflichtgef\u00fchl.<\/p>\n\t<p>Shastri war &#8220;wirklich dem Dharma, der Rechtschaffenheit, der Wahrheit und der Moral verpflichtet&#8221;, schreibt Sir C. P. &#8220;Es gab keine Pose in ihm und keinen Zwiespalt. Es gab keinen inneren Mr. Shastri, der sich vom \u00e4u\u00dferen unterschied. Er war innerlich und \u00e4u\u00dferlich eins und wunderbar.&#8221;<\/p>\n<p>Shastri verleitete mit seiner sehr schlanken Figur, seinem zierlichen Auftreten und seiner bescheidenen Art viele Menschen zu der Annahme, er sei leicht zu beherrschen. Kurz nachdem er Premierminister wurde, marschierte Pakistan in Kaschmir ein und Shastris Antwort darauf war: &#8220;Ich bin ein friedlicher Mann, aber ein Mann der Ehre. Es ist meine Pflicht als Premierminister, das Land zu verteidigen.&#8221; Wie Sir C. P. es ausdr\u00fcckte: &#8220;Dieser Mann des Friedens stand auf wie ein Koloss.&#8221;<\/p>\n\t\t\t\t<img loading=\"lazy\" decoding=\"async\" src=\"https:\/\/shrimataji.org\/chatbot\/wp-content\/uploads\/2024\/04\/sir-c.p.-and-naval-officers-near-statue-of-lal-bahadur-shastri-de.jpg\" alt=\"Sir C. P. mit Marineoffizieren vor dem Denkmal von Lal Bahadur Shastri\" height=\"1143\" width=\"1500\" title=\"sir-c.p.-and-naval-officers-near-statue-of-lal-bahadur-shastri-de\" \/>\n\t\tSir C. P. mit Marineoffizieren vor dem Denkmal von Lal Bahadur Shastri\n\t<h5>&#8220;Lal Bahadur Shastri war innerlich und \u00e4u\u00dferlich vollkommen eins und wunderbar.&#8221;<\/h5>\n<h5>Sir C. P. Srivastava, Dezember 1994<\/h5>\n\t<p>In dieser Hinsicht trug Shastri die Fackel, die Mahatma Gandhi als erster entz\u00fcndete. &#8220;Das Einzigartige an Indien ist, dass wir Hindus, Muslime, Christen, Sikhs, Parsis und Menschen aller anderen Religionen haben &#8230; Doch wir bringen das alles nicht in die Politik ein. Das ist der Unterschied zwischen Indien und Pakistan. W\u00e4hrend Pakistan sich zu einem islamischen Staat erkl\u00e4rt und Religion als politischen Faktor einsetzt, haben wir Inder die Freiheit, jeder Religion zu folgen, die wir wollen, und Gott so zu verehren, wie es uns gef\u00e4llt. Was Politik betrifft, ist jeder von uns genauso ein Inder wie jeder andere&#8221;, erkl\u00e4rte er in Gandhis Sinne.<\/p>\n\t<p>In den anschlie\u00dfenden Friedensgespr\u00e4chen konnte Shastri alle gegnerischen Parteien f\u00fcr seinen Standpunkt gewinnen, und gemeinsam schlossen sie einen dauerhaften Frieden mit Pakistan. W\u00e4hrend dieser Friedensgespr\u00e4che verstarb Shastri angeblich aufgrund eines Herzinfarkts unerwartet. Sir C. P. war an seiner Seite und schrieb sp\u00e4ter, er habe &#8220;kein gr\u00f6\u00dferes Privileg genossen, als Shri Lal Bahadur Shastri zu dienen&#8221;.<a href=\"#footnote-1\"><sup>[1]<\/sup><\/a><\/p>\n<p>Inspiriert von Shastris gro\u00dfer Pers\u00f6nlichkeit und mit tatkr\u00e4ftiger Hilfe und Unterst\u00fctzung seiner Ehefrau begann Sir C. P. seine eigene gl\u00e4nzende Karriere zun\u00e4chst als hoher Beamter im indischen Verwaltungsdienst. Dann wurde er Vorsitzender der <a href=\"https:\/\/www.shipindia.com\/\" target=\"_blank\" rel=\"noopener\">Shipping Corporation of India<\/a> und schlie\u00dflich dienst\u00e4ltester Generalsekret\u00e4r in der Geschichte der ISO.<\/p>\n<p>Die ISO ist das einzige Gremium der Vereinten Nationen mit Sitz in London. In den 16 Jahren, in denen Sir C. P. dort t\u00e4tig war, machte es sich Shri Mataji zur Aufgabe, die <a href=\"https:\/\/shrimataji.org\/de\/sahaja-yoga-meditation-de\/\" target=\"_blank\" rel=\"noopener\">Sahaja-Yoga-Meditation<\/a> in der Welt bekannt zu machen.<\/p>\n\t\t\t\t<img loading=\"lazy\" decoding=\"async\" src=\"https:\/\/shrimataji.org\/chatbot\/wp-content\/uploads\/2024\/04\/shri-mataji-nirmala-devi-sir-cp-world-maritime-university_de.jpg\" alt=\"Shri Mataji und Sir. C. P.  besuchen die World Maritime University (Malm\u00f6, Schweden)\" height=\"960\" width=\"655\" title=\"shri-mataji-nirmala-devi-sir-cp-world-maritime-university_de\" \/>\n\t\tShri Mataji und Sir. C. P.  besuchen die World Maritime University (Malm\u00f6, Schweden)\n\t<p><a id=\"footnote-1\"><\/a>[1] Srivastava, C. P. (1995): Lal Bahadur Shastri: A Life of Truth in Politics, Oxford University Press, New Delhi.<\/p>\n\n","protected":false},"excerpt":{"rendered":"<p>Sir Chandrika Prasad Srivastava Sir C. P. und der &#8220;winzige Koloss&#8221; Shri Mataji Nirmala Devi ist auf der ganzen Welt als die inspirierende Kraft hinter Sahaja Yoga bekannt. Neben ihrem Ruhm als spirituelle F\u00fchrerin gibt es eine parallele Geschichte: die au\u00dfergew\u00f6hnliche Karriere ihres Mannes, Sir Chandrika Prasad Srivastava. Diejenigen, die das Gl\u00fcck hatten, Zeit mit&hellip; <br \/> <a class=\"read-more\" href=\"https:\/\/shrimataji.org\/chatbot\/de\/srivastava-de\/\">Read more<\/a><\/p>\n","protected":false},"author":2,"featured_media":9513,"parent":0,"menu_order":0,"comment_status":"closed","ping_status":"closed","template":"","meta":{"footnotes":""},"class_list":["post-10695","page","type-page","status-publish","has-post-thumbnail","hentry"],"_links":{"self":[{"href":"https:\/\/shrimataji.org\/chatbot\/wp-json\/wp\/v2\/pages\/10695","targetHints":{"allow":["GET"]}}],"collection":[{"href":"https:\/\/shrimataji.org\/chatbot\/wp-json\/wp\/v2\/pages"}],"about":[{"href":"https:\/\/shrimataji.org\/chatbot\/wp-json\/wp\/v2\/types\/page"}],"author":[{"embeddable":true,"href":"https:\/\/shrimataji.org\/chatbot\/wp-json\/wp\/v2\/users\/2"}],"replies":[{"embeddable":true,"href":"https:\/\/shrimataji.org\/chatbot\/wp-json\/wp\/v2\/comments?post=10695"}],"version-history":[{"count":0,"href":"https:\/\/shrimataji.org\/chatbot\/wp-json\/wp\/v2\/pages\/10695\/revisions"}],"wp:featuredmedia":[{"embeddable":true,"href":"https:\/\/shrimataji.org\/chatbot\/wp-json\/wp\/v2\/media\/9513"}],"wp:attachment":[{"href":"https:\/\/shrimataji.org\/chatbot\/wp-json\/wp\/v2\/media?parent=10695"}],"curies":[{"name":"wp","href":"https:\/\/api.w.org\/{rel}","templated":true}]}}