{"id":10127,"date":"2011-10-02T03:00:00","date_gmt":"2011-10-02T03:00:00","guid":{"rendered":"http:\/\/testwordpress.nirmalnagari.org\/smnd\/index.php\/a-noble-inheritance\/"},"modified":"2024-07-12T00:01:52","modified_gmt":"2024-07-12T00:01:52","slug":"asil-bir-miras","status":"publish","type":"page","link":"https:\/\/shrimataji.org\/test\/tr\/asil-bir-miras\/","title":{"rendered":"Asil bir Miras"},"content":{"rendered":"\n\n\t<h1>Asil Bir Miras<\/h1>\n<h2>Shalivahana Hanedan\u0131&#8217;n\u0131n Torunlar\u0131<\/h2>\n\t<h4>Nirmala Salve (Shri Mataji) 21 Mart 1923 g\u00fcn\u00fc bahar ekinoksu s\u0131ras\u0131nda, tam saat on ikide Hindistan&#8217;\u0131n co\u011frafi olarak merkezinde bulunan Chhindwara&#8217;da do\u011fdu. Atalar\u0131n\u0131n asil nitelikleri k\u00fc\u00e7\u00fck ya\u015flar\u0131ndan itibaren Nirmala&#8217;n\u0131n karakterinde g\u00f6r\u00fclebiliyordu.<\/h4>\n\t<img decoding=\"async\" data-spai-excluded=\"true\" loading=\"lazy\" alt=\"YouTube player\" src=\"https:\/\/i.ytimg.com\/vi\/PWHnhJCTwLA\/maxresdefault.jpg\" \/><button aria-label=\"Play\"><\/button>\n\t<p>B\u00fcy\u00fckannesi olan Sakhubai Salve, y\u00fczy\u0131llar boyu hanedan ailesinin ta\u015f\u0131m\u0131\u015f oldu\u011fu cesaret ve erdemlilik kalitelerini ya\u015fam\u0131 boyunca sergilemi\u015ftir. 1883 y\u0131l\u0131nda, hamileli\u011finin son d\u00f6nemlerinde, Sakhubai Salve trajik ko\u015fullar alt\u0131nda kocas\u0131n\u0131 kaybetti. Kocas\u0131n\u0131n ve ailesinin Hristiyan olmas\u0131 ger\u00e7e\u011fine tahamm\u00fcl edemeyen akrabalar\u0131 taraf\u0131ndan tehdit edilmesi \u00fczerine d\u00f6rt \u00e7ocu\u011funu al\u0131p, yak\u0131nlardaki nehrin muson ya\u011fmurlar\u0131 nedeniyle ta\u015fm\u0131\u015f oldu\u011fu bir gece, ge\u00e7 vakitte evinden ayr\u0131ld\u0131.<\/p>\nSakhubai \u00f6yle bir inanc\u0131na sahipti ki, fiziksel durumuna ra\u011fmen, 8 metrelik sarisi i\u00e7inde, \u015fiddetli ya\u011fmur alt\u0131nda, \u00e7ocuklar\u0131yla birlikte ta\u015fm\u0131\u015f olan bir nehirden ge\u00e7meyi ba\u015fard\u0131 ve ard\u0131ndan da, en yak\u0131n tren istasyonuna olan 8 kilometrelik y\u00fcr\u00fcy\u00fc\u015f\u00fcn\u00fc ger\u00e7ekle\u015ftirdi. \u015eafak vakti, Sakhubai&#8217;nin karde\u015finin evinin bulundu\u011fu Ujjain \u015fehrine gitmek \u00fczere bir trene bindiler. Shri Mataji&#8217;nin babas\u0131 olan Prasad Rao Salve, bu zor \u015fartlar alt\u0131nda do\u011fdu.\n\t<p>Sakhubai ve \u00e7ocuklar\u0131, zenginlik i\u00e7inde kolay bir ya\u015famdan gelip, a\u015f\u0131r\u0131 tutumlu davrand\u0131klar\u0131 bir hayata uyum sa\u011flamak zorunda kald\u0131lar. Fakat \u00e7ocuklar\u0131n\u0131n e\u011fitimi Sakhubai i\u00e7in olmazsa olmazd\u0131. Onlara \u00f6zveri ve teslimiyet ruhu a\u015f\u0131lad\u0131. Evde gazya\u011f\u0131 olmad\u0131\u011f\u0131 zamanlarda \u00e7ocuklar derslerine sokak lambalar\u0131 alt\u0131nda \u00e7al\u0131\u015ft\u0131lar.<\/p>\n<p>\u00d6zellikle de en k\u00fc\u00e7\u00fckleri olan Prasad Rao, parlak bir \u00f6\u011frenciydi ve akademik kariyeri boyunca burslar kazand\u0131. Hukuk e\u011fitimi ald\u0131 ve Chhindwara \u015fehrindeki tan\u0131nm\u0131\u015f bir firmada \u00e7al\u0131\u015fmaya ba\u015flad\u0131. K\u0131sa bir s\u00fcre sonra evlendi, ancak ne yaz\u0131k ki, 37 ya\u015f\u0131nda be\u015f \u00e7ocuk babas\u0131 olarak dul kald\u0131. \u0130steksiz bir \u015fekilde olsa da, \u00e7ocuklar\u0131n\u0131n iyili\u011fi i\u00e7in endi\u015fe etmesinden dolay\u0131 akrabalar\u0131 taraf\u0131ndan nihayetinde yeniden evlenmeye ikna edildi.<\/p>\n<p>Nagpur&#8217;da ya\u015fayan ve Hindistan&#8217;da matematik alan\u0131nda onur derecesi alan ilk kad\u0131n olan Cornelia Karuna Jadhav ad\u0131nda gen\u00e7 bir kad\u0131n vard\u0131. Kendisi ayn\u0131 zamanda Sanskrit dili uzman\u0131yd\u0131 ve eski Hint k\u00fclt\u00fcr\u00fc \u00fczerine \u00e7ok bilgiliydi. Y\u00fcksek e\u011fitimli olmas\u0131ndan dolay\u0131, babas\u0131n\u0131n k\u0131z\u0131 i\u00e7in, daha y\u00fcksek e\u011fitim alm\u0131\u015f birisi olmasa bile, en az\u0131ndan ona e\u015fde\u011fer akademik niteliklere sahip bir e\u015f aday\u0131 bulmas\u0131 zordu.<\/p>\n<p>Ortak arkada\u015flar\u0131 vas\u0131tas\u0131yla Prasad Rao, Cornelia ve babas\u0131na evlilik teklifini g\u00f6nderdi. Be\u015f \u00e7ocuklu bir dulun bu teklifini kabul etmek, kolay bir karar de\u011fildi. Ancak, Cornelia aday\u0131n zekas\u0131ndan ve Tanr\u0131&#8217;ya olan inanc\u0131ndan etkilendi. Gen\u00e7 ya\u015fta annesiz kalan \u00e7ocuklar\u0131 i\u00e7in de derin bir merhamet hissetti ve 21 Haziran 1920 tarihinde evlendiler.<\/p>\n\t<div class=\"su-quote su-quote-style-default\"><div class=\"su-quote-inner su-u-clearfix su-u-trim\">Atalar\u0131m bu yerlerde h\u00fck\u00fcm s\u00fcrd\u00fcler ve Pratishthan olarak adland\u0131r\u0131lan bu yer, Shalivahana&#8217;lar\u0131n ba\u015fkentiydi. Onlar bu ismi k\u0131saltarak, Paithan yapt\u0131lar. Binlerce y\u0131l boyunca h\u00fck\u00fcm s\u00fcrd\u00fcler.<\/p>\n<p>Shalivahana Hanedan\u0131&#8217;n\u0131 kurdular, asl\u0131nda onlar kendilerine Sath Vahan diyorlard\u0131. Bu yedi vahana (Binek arac\u0131) anlam\u0131na gelir. Bu, yedi \u00e7akran\u0131n, yedi tane vahanas\u0131n\u0131 temsil eder. Bu \u00e7ok \u015fa\u015f\u0131rt\u0131c\u0131 ve \u00e7ok sahaj&#8217;d\u0131r.<\/div><\/div>\n\t<p>Prasad Rao ve Cornelia, \u00fclkelerinin b\u00fcy\u00fck ruhani gelene\u011fine ve de\u011ferlerine kar\u015f\u0131 derin bir sevgi duyarlard\u0131. 1925 y\u0131l\u0131nda ilk kez Mahatma Gandhi ile tan\u0131\u015ft\u0131klar\u0131 zaman k\u0131zlar\u0131 Nirmala sadece iki ya\u015f\u0131ndayd\u0131 ve bu tan\u0131\u015fman\u0131n onlar \u00fczerinde b\u00fcy\u00fck bir etkisi oldu. Gandhi&#8217;nin \u015fiddet i\u00e7ermeyen bir m\u00fccadele vererek elde edilecek \u00f6zg\u00fcr bir Hindistan vizyonuyla tan\u0131\u015f\u0131p, bu d\u00fc\u015f\u00fcnceyi payla\u015ft\u0131lar.<\/p>\n<p>Prasad Rao&#8217;ya \u0130ngilizler taraf\u0131ndan bir \u00fcnvan verilmi\u015f olmas\u0131na ve kendileri Hristiyan olmalar\u0131na ra\u011fmen (\u0130ngiliz y\u00f6netimi s\u0131ras\u0131nda bu \u00e7ok fazla ayr\u0131cal\u0131\u011fa sahip olmak anlam\u0131na geliyordu) o ve kar\u0131s\u0131 \u00f6zg\u00fcrl\u00fck hareketine kat\u0131lmaktan \u00e7ekinmediler ve Nagpur meydan\u0131nda yabanc\u0131 men\u015feili k\u0131yafetlerini yakarak, pozisyonlar\u0131n\u0131 netle\u015ftirdiler. \u00d6zg\u00fcrl\u00fck m\u00fccadelesine dahil olmalar\u0131 nedeniyle, her ikisi de birka\u00e7 kez hapse at\u0131ld\u0131 ve bu durum i\u00e7in hi\u00e7 kimsenin g\u00f6zya\u015f\u0131 d\u00f6kmemesini, aile i\u00e7inde bir kural haline getirdiler. En \u00f6nemli \u015fey Hindistan&#8217;\u0131n \u00f6zg\u00fcrl\u00fc\u011f\u00fc idi ve fedakarl\u0131kta bulunmak bir istisna de\u011fil, kurald\u0131.<\/p>\n\t<div class=\"epyt-video-wrapper\"><div  data-ep-a=\"fadeIn\"  style=\"display: block; margin: 0px auto;\"  id=\"_ytid_21724\"  width=\"3840\" height=\"2160\"  data-origwidth=\"3840\" data-origheight=\"2160\" data-facadesrc=\"https:\/\/www.youtube.com\/embed\/WOPg1lrL1ps?enablejsapi=1&autoplay=0&cc_load_policy=0&cc_lang_pref=&iv_load_policy=1&loop=0&rel=0&fs=1&playsinline=1&autohide=2&theme=dark&color=red&controls=1&disablekb=0&\" class=\"__youtube_prefs__ epyt-facade  no-lazyload\" data-epautoplay=\"1\" ><img decoding=\"async\" data-spai-excluded=\"true\" class=\"epyt-facade-poster skip-lazy\" loading=\"lazy\"  alt=\"YouTube player\"  src=\"https:\/\/i.ytimg.com\/vi\/WOPg1lrL1ps\/maxresdefault.jpg\"  \/><button class=\"epyt-facade-play\" aria-label=\"Play\"><svg data-no-lazy=\"1\" height=\"100%\" version=\"1.1\" viewBox=\"0 0 68 48\" width=\"100%\"><path class=\"ytp-large-play-button-bg\" d=\"M66.52,7.74c-0.78-2.93-2.49-5.41-5.42-6.19C55.79,.13,34,0,34,0S12.21,.13,6.9,1.55 C3.97,2.33,2.27,4.81,1.48,7.74C0.06,13.05,0,24,0,24s0.06,10.95,1.48,16.26c0.78,2.93,2.49,5.41,5.42,6.19 C12.21,47.87,34,48,34,48s21.79-0.13,27.1-1.55c2.93-0.78,4.64-3.26,5.42-6.19C67.94,34.95,68,24,68,24S67.94,13.05,66.52,7.74z\" fill=\"#f00\"><\/path><path d=\"M 45,24 27,14 27,34\" fill=\"#fff\"><\/path><\/svg><\/button><\/div><\/div><span itemprop=\"video\" itemscope itemtype=\"http:\/\/schema.org\/VideoObject\"><meta itemprop=\"embedUrl\" content=\"https:\/\/www.youtube.com\/embed\/WOPg1lrL1ps\"><meta itemprop=\"name\" content=\"An Ideal Father And Leader\"><meta itemprop=\"description\" content=\"A learned man who fought for his people, Shri Mataji remembers her own father, Prasad Rao Salve. She describes a brilliant man of principle and ideals. He was a leader in the fight for Indian independence, willing to go to jail for a just cause -- once for more than three years. The immense sacrifices he made, inspired Shri Mataji forward in her life&#039;s work, giving her a sense of right and wrong. More videos at: http:\/\/ShriMataji.org ~ A Life Dedicated to Humanity ~\"><meta itemprop=\"thumbnailUrl\" content=\"https:\/\/i.ytimg.com\/vi\/WOPg1lrL1ps\/0.jpg\"><meta itemprop=\"duration\" content=\"PT2M31S\"><meta itemprop=\"uploadDate\" content=\"2020-07-20T00:13:01Z\"><\/span>\n\t<p>Ebeveynleri s\u0131k s\u0131k uzakta ya da hapishanede bulunurken, Shri Mataji b\u00fcy\u00fck karde\u015flerinin derslerine kesintisiz \u015fekilde devam edebilmeleri i\u00e7in evin idaresini \u00fcstlenmi\u015fti. O s\u0131rada hen\u00fcz sekiz ya\u015f\u0131ndayd\u0131.<\/p>\n<p>Shri Mataji, birka\u00e7 y\u0131l sonra \u00f6zg\u00fcrl\u00fck m\u00fccadelesine kat\u0131lacak kadar b\u00fcy\u00fcm\u00fc\u015ft\u00fc ve di\u011fer \u00f6\u011frenci arkada\u015flar\u0131n\u0131 da ayn\u0131 \u015feyi yapmak \u00fczere te\u015fvik etti. O da, \u0130ngilizler taraf\u0131ndan hapsedildi ve hatta i\u015fkence g\u00f6rd\u00fc. Ancak ruhu, ge\u00e7irdi\u011fi bu deneyimden dolay\u0131 zay\u0131fl\u0131k g\u00f6stermedi. Hayat\u0131 boyunca, soylu atalar\u0131n\u0131n ebedi de\u011ferlerini ki\u015fiselle\u015ftirmeye devam edecekti: cesaret, \u00f6zveri ve \u015fefkat.<\/p>\n\t\t\t\t<img loading=\"lazy\" decoding=\"async\" src=\"https:\/\/shrimataji.org\/test\/wp-content\/uploads\/2018\/07\/media_originals\/images\/shri-mataji-and-family\/shri-mataji-nirmala-devi-and-family.jpg\" alt=\"Shri Mataji Nirmala Devi and Family\" height=\"1045\" width=\"1500\" title=\"shri-mataji-nirmala-devi-and-family\" \/>\n\t<hr \/>\n<h3>1. <a href=\"https:\/\/shrimataji.org\/tr\/asil-bir-miras\/#citation-ref-1\">^<\/a>\u00a0<a name=\"citation-note-1\"><\/a>H. P. Salve, An\u0131lar\u0131m &#8216;My Memoirs&#8217; Yeni Delhi: Life Eternal Trust, 2000.<\/h3>\n\n","protected":false},"excerpt":{"rendered":"<p>Asil Bir Miras Shalivahana Hanedan\u0131&#8217;n\u0131n Torunlar\u0131 Nirmala Salve (Shri Mataji) 21 Mart 1923 g\u00fcn\u00fc bahar ekinoksu s\u0131ras\u0131nda, tam saat on ikide Hindistan&#8217;\u0131n co\u011frafi olarak merkezinde bulunan Chhindwara&#8217;da do\u011fdu. Atalar\u0131n\u0131n asil nitelikleri k\u00fc\u00e7\u00fck ya\u015flar\u0131ndan itibaren Nirmala&#8217;n\u0131n karakterinde g\u00f6r\u00fclebiliyordu. B\u00fcy\u00fckannesi olan Sakhubai Salve, y\u00fczy\u0131llar boyu hanedan ailesinin ta\u015f\u0131m\u0131\u015f oldu\u011fu cesaret ve erdemlilik kalitelerini ya\u015fam\u0131 boyunca sergilemi\u015ftir. 1883&hellip; <br \/> <a class=\"read-more\" href=\"https:\/\/shrimataji.org\/test\/tr\/asil-bir-miras\/\">Read more<\/a><\/p>\n","protected":false},"author":12,"featured_media":9512,"parent":0,"menu_order":0,"comment_status":"closed","ping_status":"closed","template":"pro\/page-templates\/full-width-page.php","meta":{"inline_featured_image":false,"footnotes":""},"class_list":["post-10127","page","type-page","status-publish","has-post-thumbnail","hentry"],"yoast_head":"<!-- This site is optimized with the Yoast SEO plugin v27.4 - https:\/\/yoast.com\/product\/yoast-seo-wordpress\/ -->\n<title>Asil bir Miras - TEST - SMND<\/title>\n<meta name=\"robots\" content=\"noindex, follow, max-snippet:-1, max-image-preview:large, max-video-preview:-1\" \/>\n<meta property=\"og:locale\" content=\"en_US\" \/>\n<meta property=\"og:type\" content=\"article\" \/>\n<meta property=\"og:title\" content=\"Asil bir Miras - TEST - SMND\" \/>\n<meta property=\"og:description\" content=\"Asil Bir Miras Shalivahana Hanedan\u0131&#8217;n\u0131n Torunlar\u0131 Nirmala Salve (Shri Mataji) 21 Mart 1923 g\u00fcn\u00fc bahar ekinoksu s\u0131ras\u0131nda, tam saat on ikide Hindistan&#8217;\u0131n co\u011frafi olarak merkezinde bulunan Chhindwara&#8217;da do\u011fdu. Atalar\u0131n\u0131n asil nitelikleri k\u00fc\u00e7\u00fck ya\u015flar\u0131ndan itibaren Nirmala&#8217;n\u0131n karakterinde g\u00f6r\u00fclebiliyordu. B\u00fcy\u00fckannesi olan Sakhubai Salve, y\u00fczy\u0131llar boyu hanedan ailesinin ta\u015f\u0131m\u0131\u015f oldu\u011fu cesaret ve erdemlilik kalitelerini ya\u015fam\u0131 boyunca sergilemi\u015ftir. 1883&hellip; Read more\" \/>\n<meta property=\"og:url\" content=\"https:\/\/shrimataji.org\/test\/tr\/asil-bir-miras\/\" \/>\n<meta property=\"og:site_name\" content=\"TEST - SMND\" \/>\n<meta property=\"article:publisher\" content=\"https:\/\/www.facebook.com\/shrimataji\" \/>\n<meta property=\"article:modified_time\" content=\"2024-07-12T00:01:52+00:00\" \/>\n<meta property=\"og:image\" content=\"https:\/\/shrimataji.org\/test\/wp-content\/uploads\/2023\/03\/7_Banner-Family_NobleInheritance-scaled.jpg\" \/>\n\t<meta property=\"og:image:width\" content=\"2560\" \/>\n\t<meta property=\"og:image:height\" content=\"905\" \/>\n\t<meta property=\"og:image:type\" content=\"image\/jpeg\" \/>\n<meta name=\"twitter:card\" content=\"summary_large_image\" \/>\n<meta name=\"twitter:site\" content=\"@shrimataji\" \/>\n<script type=\"application\/ld+json\" class=\"yoast-schema-graph\">{\"@context\":\"https:\\\/\\\/schema.org\",\"@graph\":[{\"@type\":\"WebPage\",\"@id\":\"https:\\\/\\\/shrimataji.org\\\/test\\\/tr\\\/asil-bir-miras\\\/\",\"url\":\"https:\\\/\\\/shrimataji.org\\\/test\\\/tr\\\/asil-bir-miras\\\/\",\"name\":\"Asil bir Miras - TEST - SMND\",\"isPartOf\":{\"@id\":\"https:\\\/\\\/shrimataji.org\\\/test\\\/#website\"},\"primaryImageOfPage\":{\"@id\":\"https:\\\/\\\/shrimataji.org\\\/test\\\/tr\\\/asil-bir-miras\\\/#primaryimage\"},\"image\":{\"@id\":\"https:\\\/\\\/shrimataji.org\\\/test\\\/tr\\\/asil-bir-miras\\\/#primaryimage\"},\"thumbnailUrl\":\"https:\\\/\\\/shrimataji.org\\\/test\\\/wp-content\\\/uploads\\\/2023\\\/03\\\/7_Banner-Family_NobleInheritance-scaled.jpg\",\"datePublished\":\"2011-10-02T03:00:00+00:00\",\"dateModified\":\"2024-07-12T00:01:52+00:00\",\"breadcrumb\":{\"@id\":\"https:\\\/\\\/shrimataji.org\\\/test\\\/tr\\\/asil-bir-miras\\\/#breadcrumb\"},\"inLanguage\":\"en-US\",\"potentialAction\":[{\"@type\":\"ReadAction\",\"target\":[\"https:\\\/\\\/shrimataji.org\\\/test\\\/tr\\\/asil-bir-miras\\\/\"]}]},{\"@type\":\"ImageObject\",\"inLanguage\":\"en-US\",\"@id\":\"https:\\\/\\\/shrimataji.org\\\/test\\\/tr\\\/asil-bir-miras\\\/#primaryimage\",\"url\":\"https:\\\/\\\/shrimataji.org\\\/test\\\/wp-content\\\/uploads\\\/2023\\\/03\\\/7_Banner-Family_NobleInheritance-scaled.jpg\",\"contentUrl\":\"https:\\\/\\\/shrimataji.org\\\/test\\\/wp-content\\\/uploads\\\/2023\\\/03\\\/7_Banner-Family_NobleInheritance-scaled.jpg\",\"width\":2560,\"height\":905},{\"@type\":\"BreadcrumbList\",\"@id\":\"https:\\\/\\\/shrimataji.org\\\/test\\\/tr\\\/asil-bir-miras\\\/#breadcrumb\",\"itemListElement\":[{\"@type\":\"ListItem\",\"position\":1,\"name\":\"Home\",\"item\":\"https:\\\/\\\/shrimataji.org\\\/test\\\/uk\\\/home-en\\\/\"},{\"@type\":\"ListItem\",\"position\":2,\"name\":\"Asil bir Miras\"}]},{\"@type\":\"WebSite\",\"@id\":\"https:\\\/\\\/shrimataji.org\\\/test\\\/#website\",\"url\":\"https:\\\/\\\/shrimataji.org\\\/test\\\/\",\"name\":\"Shri Mataji Nirmala Devi\",\"description\":\"A Life Dedicated to Humanity\",\"publisher\":{\"@id\":\"https:\\\/\\\/shrimataji.org\\\/test\\\/#\\\/schema\\\/person\\\/a1b3419c6585f164aa96da1ff85715d1\"},\"potentialAction\":[{\"@type\":\"SearchAction\",\"target\":{\"@type\":\"EntryPoint\",\"urlTemplate\":\"https:\\\/\\\/shrimataji.org\\\/test\\\/?s={search_term_string}\"},\"query-input\":{\"@type\":\"PropertyValueSpecification\",\"valueRequired\":true,\"valueName\":\"search_term_string\"}}],\"inLanguage\":\"en-US\"},{\"@type\":[\"Person\",\"Organization\"],\"@id\":\"https:\\\/\\\/shrimataji.org\\\/test\\\/#\\\/schema\\\/person\\\/a1b3419c6585f164aa96da1ff85715d1\",\"name\":\"Nirmala Shrivastava\",\"image\":{\"@type\":\"ImageObject\",\"inLanguage\":\"en-US\",\"@id\":\"https:\\\/\\\/shrimataji.org\\\/test\\\/wp-content\\\/uploads\\\/2023\\\/02\\\/SMO_LOGO-03.svg\",\"url\":\"https:\\\/\\\/shrimataji.org\\\/test\\\/wp-content\\\/uploads\\\/2023\\\/02\\\/SMO_LOGO-03.svg\",\"contentUrl\":\"https:\\\/\\\/shrimataji.org\\\/test\\\/wp-content\\\/uploads\\\/2023\\\/02\\\/SMO_LOGO-03.svg\",\"width\":\"1024\",\"height\":\"1024\",\"caption\":\"Nirmala Shrivastava\"},\"logo\":{\"@id\":\"https:\\\/\\\/shrimataji.org\\\/test\\\/wp-content\\\/uploads\\\/2023\\\/02\\\/SMO_LOGO-03.svg\"},\"sameAs\":[\"https:\\\/\\\/shrimataji.org\\\/test\",\"https:\\\/\\\/www.facebook.com\\\/shrimataji\",\"https:\\\/\\\/x.com\\\/shrimataji\",\"https:\\\/\\\/www.youtube.com\\\/@Shri_Mataji_Nirmala_Devi\\\/featured\"]}]}<\/script>\n<!-- \/ Yoast SEO plugin. -->","yoast_head_json":{"title":"Asil bir Miras - TEST - SMND","robots":{"index":"noindex","follow":"follow","max-snippet":"max-snippet:-1","max-image-preview":"max-image-preview:large","max-video-preview":"max-video-preview:-1"},"og_locale":"en_US","og_type":"article","og_title":"Asil bir Miras - TEST - SMND","og_description":"Asil Bir Miras Shalivahana Hanedan\u0131&#8217;n\u0131n Torunlar\u0131 Nirmala Salve (Shri Mataji) 21 Mart 1923 g\u00fcn\u00fc bahar ekinoksu s\u0131ras\u0131nda, tam saat on ikide Hindistan&#8217;\u0131n co\u011frafi olarak merkezinde bulunan Chhindwara&#8217;da do\u011fdu. Atalar\u0131n\u0131n asil nitelikleri k\u00fc\u00e7\u00fck ya\u015flar\u0131ndan itibaren Nirmala&#8217;n\u0131n karakterinde g\u00f6r\u00fclebiliyordu. B\u00fcy\u00fckannesi olan Sakhubai Salve, y\u00fczy\u0131llar boyu hanedan ailesinin ta\u015f\u0131m\u0131\u015f oldu\u011fu cesaret ve erdemlilik kalitelerini ya\u015fam\u0131 boyunca sergilemi\u015ftir. 1883&hellip; Read more","og_url":"https:\/\/shrimataji.org\/test\/tr\/asil-bir-miras\/","og_site_name":"TEST - SMND","article_publisher":"https:\/\/www.facebook.com\/shrimataji","article_modified_time":"2024-07-12T00:01:52+00:00","og_image":[{"width":2560,"height":905,"url":"https:\/\/shrimataji.org\/test\/wp-content\/uploads\/2023\/03\/7_Banner-Family_NobleInheritance-scaled.jpg","type":"image\/jpeg"}],"twitter_card":"summary_large_image","twitter_site":"@shrimataji","schema":{"@context":"https:\/\/schema.org","@graph":[{"@type":"WebPage","@id":"https:\/\/shrimataji.org\/test\/tr\/asil-bir-miras\/","url":"https:\/\/shrimataji.org\/test\/tr\/asil-bir-miras\/","name":"Asil bir Miras - TEST - SMND","isPartOf":{"@id":"https:\/\/shrimataji.org\/test\/#website"},"primaryImageOfPage":{"@id":"https:\/\/shrimataji.org\/test\/tr\/asil-bir-miras\/#primaryimage"},"image":{"@id":"https:\/\/shrimataji.org\/test\/tr\/asil-bir-miras\/#primaryimage"},"thumbnailUrl":"https:\/\/shrimataji.org\/test\/wp-content\/uploads\/2023\/03\/7_Banner-Family_NobleInheritance-scaled.jpg","datePublished":"2011-10-02T03:00:00+00:00","dateModified":"2024-07-12T00:01:52+00:00","breadcrumb":{"@id":"https:\/\/shrimataji.org\/test\/tr\/asil-bir-miras\/#breadcrumb"},"inLanguage":"en-US","potentialAction":[{"@type":"ReadAction","target":["https:\/\/shrimataji.org\/test\/tr\/asil-bir-miras\/"]}]},{"@type":"ImageObject","inLanguage":"en-US","@id":"https:\/\/shrimataji.org\/test\/tr\/asil-bir-miras\/#primaryimage","url":"https:\/\/shrimataji.org\/test\/wp-content\/uploads\/2023\/03\/7_Banner-Family_NobleInheritance-scaled.jpg","contentUrl":"https:\/\/shrimataji.org\/test\/wp-content\/uploads\/2023\/03\/7_Banner-Family_NobleInheritance-scaled.jpg","width":2560,"height":905},{"@type":"BreadcrumbList","@id":"https:\/\/shrimataji.org\/test\/tr\/asil-bir-miras\/#breadcrumb","itemListElement":[{"@type":"ListItem","position":1,"name":"Home","item":"https:\/\/shrimataji.org\/test\/uk\/home-en\/"},{"@type":"ListItem","position":2,"name":"Asil bir Miras"}]},{"@type":"WebSite","@id":"https:\/\/shrimataji.org\/test\/#website","url":"https:\/\/shrimataji.org\/test\/","name":"Shri Mataji Nirmala Devi","description":"A Life Dedicated to Humanity","publisher":{"@id":"https:\/\/shrimataji.org\/test\/#\/schema\/person\/a1b3419c6585f164aa96da1ff85715d1"},"potentialAction":[{"@type":"SearchAction","target":{"@type":"EntryPoint","urlTemplate":"https:\/\/shrimataji.org\/test\/?s={search_term_string}"},"query-input":{"@type":"PropertyValueSpecification","valueRequired":true,"valueName":"search_term_string"}}],"inLanguage":"en-US"},{"@type":["Person","Organization"],"@id":"https:\/\/shrimataji.org\/test\/#\/schema\/person\/a1b3419c6585f164aa96da1ff85715d1","name":"Nirmala Shrivastava","image":{"@type":"ImageObject","inLanguage":"en-US","@id":"https:\/\/shrimataji.org\/test\/wp-content\/uploads\/2023\/02\/SMO_LOGO-03.svg","url":"https:\/\/shrimataji.org\/test\/wp-content\/uploads\/2023\/02\/SMO_LOGO-03.svg","contentUrl":"https:\/\/shrimataji.org\/test\/wp-content\/uploads\/2023\/02\/SMO_LOGO-03.svg","width":"1024","height":"1024","caption":"Nirmala Shrivastava"},"logo":{"@id":"https:\/\/shrimataji.org\/test\/wp-content\/uploads\/2023\/02\/SMO_LOGO-03.svg"},"sameAs":["https:\/\/shrimataji.org\/test","https:\/\/www.facebook.com\/shrimataji","https:\/\/x.com\/shrimataji","https:\/\/www.youtube.com\/@Shri_Mataji_Nirmala_Devi\/featured"]}]}},"lang":"tr","translations":{"tr":10127,"ur":37380,"en":434,"am":17951,"th":19872,"hu":19426,"sq":18352,"zh":17249,"hi":7323,"pt":10344,"pl":10478,"de":10617,"fr":10715,"it":10813,"es":10911,"ja":11208,"ru":11396,"bn":11588,"te":11696,"sw":11819,"he":11967,"sk":12356,"fa":12454,"fi":12552,"bg":13510,"ro":14585,"cs":14778,"nl":16512,"ku":16672,"ar":16848,"el":17659,"be":18559,"kn":18833,"mr":20236,"uk":20528,"ml":20827,"ta":22667,"sv":22940,"gu":28788,"pa":28946,"fil":29386,"da":37694,"nn":38246},"pll_sync_post":[],"_links":{"self":[{"href":"https:\/\/shrimataji.org\/test\/wp-json\/wp\/v2\/pages\/10127","targetHints":{"allow":["GET"]}}],"collection":[{"href":"https:\/\/shrimataji.org\/test\/wp-json\/wp\/v2\/pages"}],"about":[{"href":"https:\/\/shrimataji.org\/test\/wp-json\/wp\/v2\/types\/page"}],"author":[{"embeddable":true,"href":"https:\/\/shrimataji.org\/test\/wp-json\/wp\/v2\/users\/12"}],"replies":[{"embeddable":true,"href":"https:\/\/shrimataji.org\/test\/wp-json\/wp\/v2\/comments?post=10127"}],"version-history":[{"count":0,"href":"https:\/\/shrimataji.org\/test\/wp-json\/wp\/v2\/pages\/10127\/revisions"}],"wp:featuredmedia":[{"embeddable":true,"href":"https:\/\/shrimataji.org\/test\/wp-json\/wp\/v2\/media\/9512"}],"wp:attachment":[{"href":"https:\/\/shrimataji.org\/test\/wp-json\/wp\/v2\/media?parent=10127"}],"curies":[{"name":"wp","href":"https:\/\/api.w.org\/{rel}","templated":true}]}}