{"id":10129,"date":"2018-07-10T06:54:46","date_gmt":"2018-07-10T06:54:46","guid":{"rendered":"http:\/\/testwordpress.nirmalnagari.org\/smnd\/index.php\/a-pivotal-moment\/"},"modified":"2024-07-12T00:01:56","modified_gmt":"2024-07-12T00:01:56","slug":"donum-noktasi","status":"publish","type":"page","link":"https:\/\/shrimataji.org\/test\/tr\/donum-noktasi\/","title":{"rendered":"D\u00f6n\u00fcm Noktas\u0131"},"content":{"rendered":"\n\n\t<h1>D\u00f6n\u00fcm Noktas\u0131<\/h1>\n<h2>Sonsuzlu\u011fa Uzanan D\u00f6n\u00fc\u015f\u00fcm An\u0131<\/h2>\n\t<h4>5 May\u0131s 1970&#8217;de Hindistan&#8217;\u0131n Bat\u0131 k\u0131y\u0131s\u0131nda, Mumbai yak\u0131nlar\u0131ndaki sahil kasabas\u0131 Nargol&#8217;de, fevkalade \u00f6nemli bir olay olan, limbik b\u00f6lgenin enerji merkezi Sahasrara&#8217;n\u0131n a\u00e7\u0131l\u0131\u015f\u0131 ger\u00e7ekle\u015fti.<\/h4>\n\t<p>Bu olay\u0131n \u00f6nemi ne denli vurgulansa m\u00fcbala\u011fa olmaz. Shri Mataji&#8217;nin ruhani miras\u0131n\u0131n i\u00e7eri\u011findeki her \u015fey bu olaydan kaynaklan\u0131r. \u00d6nemli bir bilimsel bulu\u015f ya da g\u00fczel bir sanat eseri gibi, bu e\u015fsiz d\u00f6n\u00fcm noktas\u0131 y\u0131llar boyunca yank\u0131land\u0131 ve onun \u00e7al\u0131\u015fmalar\u0131 ve vizyonuyla temas eden herkesi etkiledi.<\/p>\n<p>Shri Mataji&#8217;nin bu ke\u015ffi benzersizdi ve hala \u00f6yledir. Sahasrara&#8217;n\u0131n a\u00e7\u0131l\u0131\u015f\u0131 tamamen bir d\u00f6n\u00fc\u015f\u00fcm an\u0131d\u0131r ve insano\u011flunun s\u0131n\u0131rlar\u0131n\u0131n \u00f6tesine ula\u015fmas\u0131 ve daha y\u00fcce bir varl\u0131kla ba\u011flant\u0131 kurmas\u0131n\u0131n y\u00f6ntemini sa\u011flar. Bu olgu ve getirdi\u011fi fark\u0131ndal\u0131k, onun bekledi\u011fi, haz\u0131rland\u0131\u011f\u0131 bir \u015feydi.<\/p>\n<p>&#8220;Bunun yol ve y\u00f6ntemlerini ar\u0131yordum&#8221; diye a\u00e7\u0131klar Shri Mataji, &#8220;Kendi meditasyon tarz\u0131mla bunu kendi i\u00e7imde \u00e7al\u0131\u015f\u0131yor, t\u00fcm perm\u00fctasyonlar\u0131 ve kombinasyonlar\u0131 \u00e7\u00f6z\u00fcyordum. Bir ki\u015fiyle tan\u0131\u015ft\u0131\u011f\u0131mda o ki\u015finin ne gibi sorunlar\u0131 oldu\u011funu, bunlar\u0131 nas\u0131l a\u015fabilece\u011fini g\u00f6r\u00fcrd\u00fcm. O ki\u015fiyi i\u00e7sel olarak incelemeye \u00e7al\u0131\u015f\u0131rd\u0131m.&#8221;<\/p>\n\t\t\t\t<img loading=\"lazy\" decoding=\"async\" src=\"https:\/\/shrimataji.org\/test\/wp-content\/uploads\/2018\/07\/media_originals\/images\/shri-mataji-portraits\/mother-ocean.jpg\" alt=\"mother-ocean\" height=\"541\" width=\"721\" title=\"mother-ocean\" \/>\n\t<p>Shri Mataji, insan\u0131n ikilemini anlaman\u0131n anahtar\u0131n\u0131n s\u00fcptil bedenin kadim bilgisinde yatt\u0131\u011f\u0131n\u0131 biliyordu. Fiziksel olan\u0131n \u00f6tesindeki bu s\u00fcptil beden ger\u00e7ektir; kanallardan, enerji merkezlerinden ve Kundalini olarak bilinen temel bir enerji kayna\u011f\u0131ndan olu\u015fur. \u0130\u015flevleri ve yap\u0131s\u0131, bilimce tan\u0131nan fiziksel sistemi yans\u0131t\u0131r, ancak daha s\u00fcptil bir d\u00fczeyde.<\/p>\n<p>&#8220;Olan biten her \u015feyi g\u00f6rebiliyordum&#8221; diye an\u0131msar. &#8220;O g\u00fcn, \u00f6yle ya da b\u00f6yle, son \u00e7akray\u0131 a\u00e7mam gerek dedim.&#8221;<\/p>\n<p>Beynin limbik b\u00f6lgesinde yer alan bu \u00e7akra veya enerji merkezi, Sanskrit\u00e7e&#8217;de Sahasrara olarak bilinir. Bu enerji merkezinin a\u00e7\u0131lmas\u0131 her \u015feyi harekete ge\u00e7irecek tetikleyici, ger\u00e7e\u011fe a\u00e7\u0131lan bir kap\u0131yd\u0131.<\/p>\n\t\t\t\t<img loading=\"lazy\" decoding=\"async\" src=\"https:\/\/shrimataji.org\/test\/wp-content\/uploads\/2018\/07\/media_originals\/images\/shri-mataji-portraits\/shri-mataji-looking.jpg\" alt=\"shri-mataji-looking\" height=\"541\" width=\"721\" title=\"shri-mataji-looking\" \/>\n\t<p>&#8220;Tamamen yaln\u0131zd\u0131m ve kendimi \u00e7ok iyi hissediyordum. Etrafta tek kelime edecek kimse yoktu. Ve sonra, meditasyon esnas\u0131nda, art\u0131k Sahasrara&#8217;n\u0131n a\u00e7\u0131lmas\u0131 gereken zaman\u0131n geldi\u011fini hissettim. Sahasrara&#8217;n\u0131n a\u00e7\u0131lmas\u0131n\u0131 arzulad\u0131\u011f\u0131m o anda Kundalini&#8217;nin i\u00e7imde bir teleskop gibi art arda a\u00e7\u0131larak yukar\u0131 do\u011fru y\u00fckseldi\u011fini fark ettim. Erimi\u015f, k\u0131zg\u0131n demir rengindeydi.<\/p>\n<p>&#8220;Sonra Kundalini&#8217;nin her bir \u00e7akrada sesler \u00e7\u0131kararak y\u00fckselmeyi s\u00fcrd\u00fcren d\u0131\u015f yap\u0131s\u0131n\u0131 g\u00f6rd\u00fcm. Kundalini Brahmarandra&#8217;y\u0131 delmek \u00fczere y\u00fckseldi.&#8221;<\/p>\n<p>Brahmarandra ba\u015f\u0131n \u00fcst\u00fcnde b\u0131ng\u0131ldak kemi\u011fi b\u00f6lgesidir. Shri Mataji&#8217;nin tan\u0131mlad\u0131\u011f\u0131 deneyim ayd\u0131nlanmad\u0131r, pek \u00e7ok ki\u015finin arzulad\u0131\u011f\u0131, bilginin ve fark\u0131ndal\u0131\u011f\u0131n tomurcuklanmas\u0131d\u0131r. O, \u00e7o\u011fu insan\u0131n arad\u0131\u011f\u0131 ve \u00f6d\u00fcl\u00fc genellikle y\u0131llarca s\u00fcren adanm\u0131\u015fl\u0131k ve \u00e7abayla ili\u015fkilendirilen bir kaderden bahsediyordu.<\/p>\n\t<p>&#8220;O anda yukar\u0131daki o enerjinin aniden i\u00e7ime her y\u00f6nden serin bir esinti gibi akt\u0131\u011f\u0131n\u0131 hissettim. B\u00fct\u00fcn \u015feyin, tamam\u0131n\u0131n a\u00e7\u0131ld\u0131\u011f\u0131n\u0131 g\u00f6rd\u00fcm ve sa\u011fanak \u015feklinde bir esinti ba\u015f\u0131m\u0131n her taraf\u0131nda akmaya ba\u015flad\u0131. Kaybolmu\u015ftum, art\u0131k ben yoktum. Orada sadece l\u00fctuf vard\u0131. T\u00fcm bunlar\u0131n benim ba\u015f\u0131ma geli\u015fini izledim.&#8221;<\/p>\n\t<p>Shri Mataji bu ayd\u0131nlanma deneyiminin, bu y\u00fcksek bilginin d\u00fcnyayla payla\u015f\u0131lmas\u0131 gerekti\u011fini biliyordu.<\/p>\n<p>&#8220;\u0130\u015fte o an art\u0131k i\u015fe ba\u015flaman\u0131n bir sak\u0131ncas\u0131 olmad\u0131\u011f\u0131n\u0131 anlad\u0131m. Karars\u0131zl\u0131k sona ermi\u015fti. Sonunda zaman\u0131 gelmi\u015fti. Korkacak hi\u00e7bir \u015fey yoktu. Sonu\u00e7ta bunun yap\u0131lmas\u0131 gerekiyordu. Ben bu d\u00fcnyaya s\u0131rf bu ama\u00e7la, insanlarda kollektif bilinci uyand\u0131rmak i\u00e7in gelmi\u015ftim. D\u00fc\u015f\u00fcnd\u00fcm ki, insanlar ayd\u0131nlanmalar\u0131n\u0131 almadan,\u00a0 kendi benliklerini anlamadan bu g\u00f6revi tamamlamak imkans\u0131zd\u0131. Biri bu d\u00fcnyada ba\u015fka ne yapmaya \u00e7al\u0131\u015f\u0131rsa \u00e7al\u0131\u015fs\u0131n hi\u00e7bir i\u015fe yaramazd\u0131.&#8221;<\/p>\n<p>Shri Mataji ruhani \u00e7al\u0131\u015fmas\u0131n\u0131n nas\u0131l ba\u015flad\u0131\u011f\u0131n\u0131 \u015f\u00f6yle anlatt\u0131. &#8220;Bunu beni iyi tan\u0131yan ya\u015fl\u0131 bir kad\u0131n \u00fczerinde \u00e7al\u0131\u015ft\u0131m. O ayd\u0131nlanmas\u0131n\u0131 al\u0131nca i\u015fte o zaman tatmin oldum. Di\u011fer bir\u00e7ok insan\u0131n da ayd\u0131nlanmalar\u0131n\u0131 alabilece\u011fini hissettim. Bir ki\u015fiye ayd\u0131nlanma vermek kolayd\u0131. Tek bir ki\u015fiyi bilin\u00e7lendirmek \u00e7ok kolayd\u0131 ama bunu kitleler \u00fczerinde kolektif d\u00fczeyde ba\u015farmak i\u00e7in biraz daha \u00e7al\u0131\u015fmak gerekiyordu.<\/p>\n<p>Herkes bireysel ayd\u0131nlanma ile edinilen fayday\u0131 g\u00f6rmeliydi, ancak \u015fu var ki bu t\u00fcr \u00e7al\u0131\u015fmalar daha \u00f6nce hi\u00e7bir zaman kolektif d\u00fczeyde yap\u0131lmad\u0131. B\u00fct\u00fcn bunlar\u0131 meditasyon yoluyla ba\u015fard\u0131m.&#8221;<\/p>\n<p>\u00c7al\u0131\u015fmalar\u0131 uzun y\u0131llar yerel halk d\u00fczeyinde sessizce devam etti. &#8220;Hi\u00e7 kimse i\u00e7imdeki g\u00fc\u00e7leri bilmiyordu. Kimse beni tan\u0131m\u0131yordu ve hakk\u0131mda hi\u00e7bir fikirleri yoktu.&#8221; Ne de \u00e7o\u011fu insan onun s\u00f6ylediklerine haz\u0131rl\u0131kl\u0131yd\u0131. Onun hem devrim niteli\u011finde hem de g\u00f6z\u00fcpek mesaj\u0131, \u00e7o\u011fu insan i\u00e7in kendisini anlamas\u0131nda da k\u00f6kten zorlay\u0131c\u0131 bir imtihand\u0131.<\/p>\n\n\t\t\t\t<img loading=\"lazy\" decoding=\"async\" src=\"https:\/\/shrimataji.org\/test\/wp-content\/uploads\/2018\/07\/media_originals\/images\/shri-mataji-portraits\/shri-mataji-nirmala-devi-831x1080.jpg\" alt=\"shri-mataji-nirmala-devi\" height=\"1080\" width=\"831\" title=\"shri-mataji-nirmala-devi\" \/>\n\t<p>&#8220;Ama o han\u0131mda Kundalini uyand\u0131\u011f\u0131nda,&#8221; diye an\u0131msar Shri Mataji, &#8220;Bir t\u00fcr s\u00fcptil g\u00fcc\u00fcn onun i\u00e7ine girdi\u011fini hissettim. Bundan sonra on iki ki\u015fi daha ayd\u0131nlanmalar\u0131n\u0131 ald\u0131. G\u00f6zleri parlamaya ba\u015flay\u0131nca hepsi \u00e7ok \u015fa\u015f\u0131rd\u0131lar. \u0130\u00e7lerine n\u00fcfuz eden, her\u015feyi hissedebildikleri bu e\u015fsiz duyarl\u0131l\u0131\u011f\u0131n g\u00fcc\u00fcyle her \u015feyi net bir \u015fekilde fark etmeye ve g\u00f6rmeye ba\u015flad\u0131lar.&#8221;<\/p>\n\t\t\t\t<img loading=\"lazy\" decoding=\"async\" src=\"https:\/\/shrimataji.org\/test\/wp-content\/uploads\/2018\/07\/media_originals\/images\/shri-mataji-teaching-sahaja-yoga\/shri-mataji-nirmala-devi-teaching-sahaja-yoga-meditation-in-india.jpg\" alt=\"shri-mataji-nirmala-devi-teaching-sahaja-yoga-meditation-in-india\" height=\"541\" width=\"721\" title=\"shri-mataji-nirmala-devi-teaching-sahaja-yoga-meditation-in-india\" \/>\n<p>Ayd\u0131nlanma yoluyla insanlar ger\u00e7ek benliklerine d\u00f6n\u00fc\u015ft\u00fcler. Daha \u00f6nce bilmedikleri \u015feyleri fark ettiler. Kendilerini birbirlerinde g\u00f6rmeye ba\u015flad\u0131lar. Ve bununla birlikte ger\u00e7ek b\u00fct\u00fcnle\u015fme ba\u015flad\u0131.<\/p>\n<p>&#8220;Bir \u015feyi kesin olarak anlad\u0131m ki, bu on iki ki\u015finin on iki farkl\u0131 do\u011fas\u0131 vard\u0131 ve oturup, ruhun \u0131\u015f\u0131\u011f\u0131n\u0131n g\u00fcc\u00fcn\u00fcn nas\u0131l b\u00fct\u00fcnle\u015fece\u011fini bir \u015fekilde onlara g\u00f6stermek laz\u0131md\u0131&#8221; dedi. &#8220;\u00c7i\u00e7ekleri bir i\u011fne ile ipe dizerek tek bir \u00e7elenk haline getirmemiz gibi&#8230; Ayd\u0131nlanmalar\u0131n\u0131 ald\u0131klar\u0131nda, fark ettim ki, onlar\u0131n i\u00e7inde, her birinin i\u00e7inde, bu g\u00fc\u00e7 birbiri ard\u0131na ba\u011flan\u0131p tek bir ipte b\u00fct\u00fcnle\u015fiyordu.<\/p>\n\t<div class=\"su-quote su-quote-style-default\"><div class=\"su-quote-inner su-u-clearfix su-u-trim\">Bir bayanla ba\u015flad\u0131m. Sonra yava\u015f yava\u015f pek \u00e7ok ki\u015fi ayd\u0131nlanma almaya ba\u015flad\u0131. Bu \u00e7al\u0131\u015fma giderek geli\u015fti ve insanlar kendimizi d\u00f6n\u00fc\u015ft\u00fcrebilmemizin yolunun bu oldu\u011funu anlad\u0131lar. Sahaja Yoga&#8217;n\u0131n \u00e7ok \u00f6nemli bir \u015fey oldu\u011fu belirlendi.<\/div><\/div>\n\t\n\t\n\t\n\n","protected":false},"excerpt":{"rendered":"<p>D\u00f6n\u00fcm Noktas\u0131 Sonsuzlu\u011fa Uzanan D\u00f6n\u00fc\u015f\u00fcm An\u0131 5 May\u0131s 1970&#8217;de Hindistan&#8217;\u0131n Bat\u0131 k\u0131y\u0131s\u0131nda, Mumbai yak\u0131nlar\u0131ndaki sahil kasabas\u0131 Nargol&#8217;de, fevkalade \u00f6nemli bir olay olan, limbik b\u00f6lgenin enerji merkezi Sahasrara&#8217;n\u0131n a\u00e7\u0131l\u0131\u015f\u0131 ger\u00e7ekle\u015fti. Bu olay\u0131n \u00f6nemi ne denli vurgulansa m\u00fcbala\u011fa olmaz. Shri Mataji&#8217;nin ruhani miras\u0131n\u0131n i\u00e7eri\u011findeki her \u015fey bu olaydan kaynaklan\u0131r. \u00d6nemli bir bilimsel bulu\u015f ya da g\u00fczel bir&hellip; <br \/> <a class=\"read-more\" href=\"https:\/\/shrimataji.org\/test\/tr\/donum-noktasi\/\">Read more<\/a><\/p>\n","protected":false},"author":12,"featured_media":9516,"parent":0,"menu_order":0,"comment_status":"closed","ping_status":"closed","template":"","meta":{"inline_featured_image":false,"footnotes":""},"class_list":["post-10129","page","type-page","status-publish","has-post-thumbnail","hentry"],"yoast_head":"<!-- This site is optimized with the Yoast SEO plugin v27.4 - https:\/\/yoast.com\/product\/yoast-seo-wordpress\/ -->\n<title>D\u00f6n\u00fcm Noktas\u0131 - TEST - SMND<\/title>\n<meta name=\"robots\" content=\"noindex, follow, max-snippet:-1, max-image-preview:large, max-video-preview:-1\" \/>\n<meta property=\"og:locale\" content=\"en_US\" \/>\n<meta property=\"og:type\" content=\"article\" \/>\n<meta property=\"og:title\" content=\"D\u00f6n\u00fcm Noktas\u0131 - TEST - SMND\" \/>\n<meta property=\"og:description\" content=\"D\u00f6n\u00fcm Noktas\u0131 Sonsuzlu\u011fa Uzanan D\u00f6n\u00fc\u015f\u00fcm An\u0131 5 May\u0131s 1970&#8217;de Hindistan&#8217;\u0131n Bat\u0131 k\u0131y\u0131s\u0131nda, Mumbai yak\u0131nlar\u0131ndaki sahil kasabas\u0131 Nargol&#8217;de, fevkalade \u00f6nemli bir olay olan, limbik b\u00f6lgenin enerji merkezi Sahasrara&#8217;n\u0131n a\u00e7\u0131l\u0131\u015f\u0131 ger\u00e7ekle\u015fti. Bu olay\u0131n \u00f6nemi ne denli vurgulansa m\u00fcbala\u011fa olmaz. Shri Mataji&#8217;nin ruhani miras\u0131n\u0131n i\u00e7eri\u011findeki her \u015fey bu olaydan kaynaklan\u0131r. \u00d6nemli bir bilimsel bulu\u015f ya da g\u00fczel bir&hellip; Read more\" \/>\n<meta property=\"og:url\" content=\"https:\/\/shrimataji.org\/test\/tr\/donum-noktasi\/\" \/>\n<meta property=\"og:site_name\" content=\"TEST - SMND\" \/>\n<meta property=\"article:publisher\" content=\"https:\/\/www.facebook.com\/shrimataji\" \/>\n<meta property=\"article:modified_time\" content=\"2024-07-12T00:01:56+00:00\" \/>\n<meta property=\"og:image\" content=\"https:\/\/shrimataji.org\/test\/wp-content\/uploads\/2023\/03\/11_Banner-PublicLife-PivotalMoment-scaled.jpg\" \/>\n\t<meta property=\"og:image:width\" content=\"2560\" \/>\n\t<meta property=\"og:image:height\" content=\"905\" \/>\n\t<meta property=\"og:image:type\" content=\"image\/jpeg\" \/>\n<meta name=\"twitter:card\" content=\"summary_large_image\" \/>\n<meta name=\"twitter:site\" content=\"@shrimataji\" \/>\n<script type=\"application\/ld+json\" class=\"yoast-schema-graph\">{\"@context\":\"https:\\\/\\\/schema.org\",\"@graph\":[{\"@type\":\"WebPage\",\"@id\":\"https:\\\/\\\/shrimataji.org\\\/test\\\/tr\\\/donum-noktasi\\\/\",\"url\":\"https:\\\/\\\/shrimataji.org\\\/test\\\/tr\\\/donum-noktasi\\\/\",\"name\":\"D\u00f6n\u00fcm Noktas\u0131 - TEST - SMND\",\"isPartOf\":{\"@id\":\"https:\\\/\\\/shrimataji.org\\\/test\\\/#website\"},\"primaryImageOfPage\":{\"@id\":\"https:\\\/\\\/shrimataji.org\\\/test\\\/tr\\\/donum-noktasi\\\/#primaryimage\"},\"image\":{\"@id\":\"https:\\\/\\\/shrimataji.org\\\/test\\\/tr\\\/donum-noktasi\\\/#primaryimage\"},\"thumbnailUrl\":\"https:\\\/\\\/shrimataji.org\\\/test\\\/wp-content\\\/uploads\\\/2023\\\/03\\\/11_Banner-PublicLife-PivotalMoment-scaled.jpg\",\"datePublished\":\"2018-07-10T06:54:46+00:00\",\"dateModified\":\"2024-07-12T00:01:56+00:00\",\"breadcrumb\":{\"@id\":\"https:\\\/\\\/shrimataji.org\\\/test\\\/tr\\\/donum-noktasi\\\/#breadcrumb\"},\"inLanguage\":\"en-US\",\"potentialAction\":[{\"@type\":\"ReadAction\",\"target\":[\"https:\\\/\\\/shrimataji.org\\\/test\\\/tr\\\/donum-noktasi\\\/\"]}]},{\"@type\":\"ImageObject\",\"inLanguage\":\"en-US\",\"@id\":\"https:\\\/\\\/shrimataji.org\\\/test\\\/tr\\\/donum-noktasi\\\/#primaryimage\",\"url\":\"https:\\\/\\\/shrimataji.org\\\/test\\\/wp-content\\\/uploads\\\/2023\\\/03\\\/11_Banner-PublicLife-PivotalMoment-scaled.jpg\",\"contentUrl\":\"https:\\\/\\\/shrimataji.org\\\/test\\\/wp-content\\\/uploads\\\/2023\\\/03\\\/11_Banner-PublicLife-PivotalMoment-scaled.jpg\",\"width\":2560,\"height\":905},{\"@type\":\"BreadcrumbList\",\"@id\":\"https:\\\/\\\/shrimataji.org\\\/test\\\/tr\\\/donum-noktasi\\\/#breadcrumb\",\"itemListElement\":[{\"@type\":\"ListItem\",\"position\":1,\"name\":\"Home\",\"item\":\"https:\\\/\\\/shrimataji.org\\\/test\\\/uk\\\/home-en\\\/\"},{\"@type\":\"ListItem\",\"position\":2,\"name\":\"D\u00f6n\u00fcm Noktas\u0131\"}]},{\"@type\":\"WebSite\",\"@id\":\"https:\\\/\\\/shrimataji.org\\\/test\\\/#website\",\"url\":\"https:\\\/\\\/shrimataji.org\\\/test\\\/\",\"name\":\"Shri Mataji Nirmala Devi\",\"description\":\"A Life Dedicated to Humanity\",\"publisher\":{\"@id\":\"https:\\\/\\\/shrimataji.org\\\/test\\\/#\\\/schema\\\/person\\\/a1b3419c6585f164aa96da1ff85715d1\"},\"potentialAction\":[{\"@type\":\"SearchAction\",\"target\":{\"@type\":\"EntryPoint\",\"urlTemplate\":\"https:\\\/\\\/shrimataji.org\\\/test\\\/?s={search_term_string}\"},\"query-input\":{\"@type\":\"PropertyValueSpecification\",\"valueRequired\":true,\"valueName\":\"search_term_string\"}}],\"inLanguage\":\"en-US\"},{\"@type\":[\"Person\",\"Organization\"],\"@id\":\"https:\\\/\\\/shrimataji.org\\\/test\\\/#\\\/schema\\\/person\\\/a1b3419c6585f164aa96da1ff85715d1\",\"name\":\"Nirmala Shrivastava\",\"image\":{\"@type\":\"ImageObject\",\"inLanguage\":\"en-US\",\"@id\":\"https:\\\/\\\/shrimataji.org\\\/test\\\/wp-content\\\/uploads\\\/2023\\\/02\\\/SMO_LOGO-03.svg\",\"url\":\"https:\\\/\\\/shrimataji.org\\\/test\\\/wp-content\\\/uploads\\\/2023\\\/02\\\/SMO_LOGO-03.svg\",\"contentUrl\":\"https:\\\/\\\/shrimataji.org\\\/test\\\/wp-content\\\/uploads\\\/2023\\\/02\\\/SMO_LOGO-03.svg\",\"width\":\"1024\",\"height\":\"1024\",\"caption\":\"Nirmala Shrivastava\"},\"logo\":{\"@id\":\"https:\\\/\\\/shrimataji.org\\\/test\\\/wp-content\\\/uploads\\\/2023\\\/02\\\/SMO_LOGO-03.svg\"},\"sameAs\":[\"https:\\\/\\\/shrimataji.org\\\/test\",\"https:\\\/\\\/www.facebook.com\\\/shrimataji\",\"https:\\\/\\\/x.com\\\/shrimataji\",\"https:\\\/\\\/www.youtube.com\\\/@Shri_Mataji_Nirmala_Devi\\\/featured\"]}]}<\/script>\n<!-- \/ Yoast SEO plugin. -->","yoast_head_json":{"title":"D\u00f6n\u00fcm Noktas\u0131 - TEST - SMND","robots":{"index":"noindex","follow":"follow","max-snippet":"max-snippet:-1","max-image-preview":"max-image-preview:large","max-video-preview":"max-video-preview:-1"},"og_locale":"en_US","og_type":"article","og_title":"D\u00f6n\u00fcm Noktas\u0131 - TEST - SMND","og_description":"D\u00f6n\u00fcm Noktas\u0131 Sonsuzlu\u011fa Uzanan D\u00f6n\u00fc\u015f\u00fcm An\u0131 5 May\u0131s 1970&#8217;de Hindistan&#8217;\u0131n Bat\u0131 k\u0131y\u0131s\u0131nda, Mumbai yak\u0131nlar\u0131ndaki sahil kasabas\u0131 Nargol&#8217;de, fevkalade \u00f6nemli bir olay olan, limbik b\u00f6lgenin enerji merkezi Sahasrara&#8217;n\u0131n a\u00e7\u0131l\u0131\u015f\u0131 ger\u00e7ekle\u015fti. Bu olay\u0131n \u00f6nemi ne denli vurgulansa m\u00fcbala\u011fa olmaz. Shri Mataji&#8217;nin ruhani miras\u0131n\u0131n i\u00e7eri\u011findeki her \u015fey bu olaydan kaynaklan\u0131r. \u00d6nemli bir bilimsel bulu\u015f ya da g\u00fczel bir&hellip; Read more","og_url":"https:\/\/shrimataji.org\/test\/tr\/donum-noktasi\/","og_site_name":"TEST - SMND","article_publisher":"https:\/\/www.facebook.com\/shrimataji","article_modified_time":"2024-07-12T00:01:56+00:00","og_image":[{"width":2560,"height":905,"url":"https:\/\/shrimataji.org\/test\/wp-content\/uploads\/2023\/03\/11_Banner-PublicLife-PivotalMoment-scaled.jpg","type":"image\/jpeg"}],"twitter_card":"summary_large_image","twitter_site":"@shrimataji","schema":{"@context":"https:\/\/schema.org","@graph":[{"@type":"WebPage","@id":"https:\/\/shrimataji.org\/test\/tr\/donum-noktasi\/","url":"https:\/\/shrimataji.org\/test\/tr\/donum-noktasi\/","name":"D\u00f6n\u00fcm Noktas\u0131 - TEST - SMND","isPartOf":{"@id":"https:\/\/shrimataji.org\/test\/#website"},"primaryImageOfPage":{"@id":"https:\/\/shrimataji.org\/test\/tr\/donum-noktasi\/#primaryimage"},"image":{"@id":"https:\/\/shrimataji.org\/test\/tr\/donum-noktasi\/#primaryimage"},"thumbnailUrl":"https:\/\/shrimataji.org\/test\/wp-content\/uploads\/2023\/03\/11_Banner-PublicLife-PivotalMoment-scaled.jpg","datePublished":"2018-07-10T06:54:46+00:00","dateModified":"2024-07-12T00:01:56+00:00","breadcrumb":{"@id":"https:\/\/shrimataji.org\/test\/tr\/donum-noktasi\/#breadcrumb"},"inLanguage":"en-US","potentialAction":[{"@type":"ReadAction","target":["https:\/\/shrimataji.org\/test\/tr\/donum-noktasi\/"]}]},{"@type":"ImageObject","inLanguage":"en-US","@id":"https:\/\/shrimataji.org\/test\/tr\/donum-noktasi\/#primaryimage","url":"https:\/\/shrimataji.org\/test\/wp-content\/uploads\/2023\/03\/11_Banner-PublicLife-PivotalMoment-scaled.jpg","contentUrl":"https:\/\/shrimataji.org\/test\/wp-content\/uploads\/2023\/03\/11_Banner-PublicLife-PivotalMoment-scaled.jpg","width":2560,"height":905},{"@type":"BreadcrumbList","@id":"https:\/\/shrimataji.org\/test\/tr\/donum-noktasi\/#breadcrumb","itemListElement":[{"@type":"ListItem","position":1,"name":"Home","item":"https:\/\/shrimataji.org\/test\/uk\/home-en\/"},{"@type":"ListItem","position":2,"name":"D\u00f6n\u00fcm Noktas\u0131"}]},{"@type":"WebSite","@id":"https:\/\/shrimataji.org\/test\/#website","url":"https:\/\/shrimataji.org\/test\/","name":"Shri Mataji Nirmala Devi","description":"A Life Dedicated to Humanity","publisher":{"@id":"https:\/\/shrimataji.org\/test\/#\/schema\/person\/a1b3419c6585f164aa96da1ff85715d1"},"potentialAction":[{"@type":"SearchAction","target":{"@type":"EntryPoint","urlTemplate":"https:\/\/shrimataji.org\/test\/?s={search_term_string}"},"query-input":{"@type":"PropertyValueSpecification","valueRequired":true,"valueName":"search_term_string"}}],"inLanguage":"en-US"},{"@type":["Person","Organization"],"@id":"https:\/\/shrimataji.org\/test\/#\/schema\/person\/a1b3419c6585f164aa96da1ff85715d1","name":"Nirmala Shrivastava","image":{"@type":"ImageObject","inLanguage":"en-US","@id":"https:\/\/shrimataji.org\/test\/wp-content\/uploads\/2023\/02\/SMO_LOGO-03.svg","url":"https:\/\/shrimataji.org\/test\/wp-content\/uploads\/2023\/02\/SMO_LOGO-03.svg","contentUrl":"https:\/\/shrimataji.org\/test\/wp-content\/uploads\/2023\/02\/SMO_LOGO-03.svg","width":"1024","height":"1024","caption":"Nirmala Shrivastava"},"logo":{"@id":"https:\/\/shrimataji.org\/test\/wp-content\/uploads\/2023\/02\/SMO_LOGO-03.svg"},"sameAs":["https:\/\/shrimataji.org\/test","https:\/\/www.facebook.com\/shrimataji","https:\/\/x.com\/shrimataji","https:\/\/www.youtube.com\/@Shri_Mataji_Nirmala_Devi\/featured"]}]}},"lang":"tr","translations":{"tr":10129,"ur":37383,"en":12554,"am":17954,"th":19876,"hu":19429,"sq":18355,"zh":17252,"hi":7332,"pt":10346,"de":10619,"fr":10717,"it":10815,"es":10913,"ja":11210,"ru":11398,"bn":11590,"te":11698,"sw":11821,"he":11969,"el":12260,"sk":12358,"fa":12456,"bg":13459,"ro":14531,"cs":14724,"nl":16515,"ku":16675,"ar":16851,"be":18562,"kn":18836,"mr":20240,"uk":20532,"ml":20831,"ta":22670,"sv":22943,"gu":28791,"pa":28949,"fil":29389,"da":37697,"pl":37916,"nn":38249},"pll_sync_post":[],"_links":{"self":[{"href":"https:\/\/shrimataji.org\/test\/wp-json\/wp\/v2\/pages\/10129","targetHints":{"allow":["GET"]}}],"collection":[{"href":"https:\/\/shrimataji.org\/test\/wp-json\/wp\/v2\/pages"}],"about":[{"href":"https:\/\/shrimataji.org\/test\/wp-json\/wp\/v2\/types\/page"}],"author":[{"embeddable":true,"href":"https:\/\/shrimataji.org\/test\/wp-json\/wp\/v2\/users\/12"}],"replies":[{"embeddable":true,"href":"https:\/\/shrimataji.org\/test\/wp-json\/wp\/v2\/comments?post=10129"}],"version-history":[{"count":0,"href":"https:\/\/shrimataji.org\/test\/wp-json\/wp\/v2\/pages\/10129\/revisions"}],"wp:featuredmedia":[{"embeddable":true,"href":"https:\/\/shrimataji.org\/test\/wp-json\/wp\/v2\/media\/9516"}],"wp:attachment":[{"href":"https:\/\/shrimataji.org\/test\/wp-json\/wp\/v2\/media?parent=10129"}],"curies":[{"name":"wp","href":"https:\/\/api.w.org\/{rel}","templated":true}]}}