{"id":10130,"date":"2011-12-05T02:00:00","date_gmt":"2011-12-05T02:00:00","guid":{"rendered":"http:\/\/testwordpress.nirmalnagari.org\/smnd\/index.php\/a-town-hall-for-the-world\/"},"modified":"2024-07-12T00:01:56","modified_gmt":"2024-07-12T00:01:56","slug":"dunyaya-acilan-bir-belediye-binasi","status":"publish","type":"page","link":"https:\/\/shrimataji.org\/test\/tr\/dunyaya-acilan-bir-belediye-binasi\/","title":{"rendered":"D\u00fcnyaya A\u00e7\u0131lan bir Belediye Binas\u0131"},"content":{"rendered":"\n\n\t<h1>D\u00fcnyaya A\u00e7\u0131lan bir Belediye Binas\u0131<\/h1>\n<h2>Kalplerin Bulu\u015ftu\u011fu Yer<\/h2>\n\t\t\t\t<img loading=\"lazy\" decoding=\"async\" src=\"https:\/\/shrimataji.org\/test\/wp-content\/uploads\/2024\/06\/caxton-hall-london-uk.jpg\" alt=\"Caxton Salonu, Londra\" height=\"2000\" width=\"1500\" title=\"caxton-hall-london-uk\" \/>\n\t\tCaxton Salonu, Londra\n\t<p>Caxton Hall, Londra&#8217;n\u0131n merkezindeki Westminster il\u00e7esinde yer al\u0131r. 19. y\u00fczy\u0131l\u0131n ortalar\u0131nda in\u015fa edilmi\u015f ve bilgi eri\u015fiminde devrimci bir yenilik olarak \u0130ngiltere&#8217;deki ilk matbaay\u0131 kuran William Caxton&#8217;un onuruna adland\u0131r\u0131lm\u0131\u015ft\u0131r. Cesur yeni fikirlerin payla\u015f\u0131ld\u0131\u011f\u0131 ve ke\u015ffedildi\u011fi bir yer olarak uzun bir ge\u00e7mi\u015fi var.<\/p>\n<p>Ba\u015flang\u0131\u00e7ta Caxton Hall bir h\u00fck\u00fcmet, bir belediye binas\u0131yd\u0131. Ancak y\u0131llar ge\u00e7tik\u00e7e ikili bir role sahip oldu. Burada yap\u0131lan resmi toplant\u0131lar ve \u00fcnl\u00fclerin nikah t\u00f6renleri yan\u0131nda g\u00fcr\u00fclt\u00fcl\u00fc mitingler, protestolar, imza kampanyalar\u0131, sosyal reform ve siyasi aktivizm \u00e7a\u011fr\u0131lar\u0131 da ger\u00e7ekle\u015fti. 20. y\u00fczy\u0131l\u0131n pek \u00e7ok \u00f6nemli fikir ve hareketi, Caxton Hall&#8217;un kap\u0131lar\u0131ndan k\u00fcresel arenaya yay\u0131ld\u0131. Kad\u0131nlar\u0131n oy hakk\u0131 hareketinin sesleri, sosyalizm ve k\u00f6leli\u011fin sonras\u0131n\u0131 ele alan ilk Pan-Afrika konferans\u0131 burada ya\u015fananlar\u0131n sadece birka\u00e7 \u00f6rne\u011fi.<\/p>\n\t<p>Dolay\u0131s\u0131yla, Shri Mataji Nirmala Devi&#8217;nin 1977&#8217;de mesaj\u0131n\u0131 toplumsal alana ta\u015f\u0131maya karar verdi\u011finde bu salonu se\u00e7mesi ilgin\u00e7tir. 1977 ve 1983 y\u0131llar\u0131 aras\u0131nda Shri Mataji burada neredeyse y\u00fcz kez sahnede yer ald\u0131 ve bu daha geni\u015f bir kitleye y\u00f6nelik \u00f6nemli bir de\u011fi\u015fimin i\u015faretiydi. Onun s\u00f6zleri herkese y\u00f6nelikti. Daveti herkese a\u00e7\u0131kt\u0131 ve giri\u015f \u00fccretsizdi.<\/p>\n\t<p>Bengalli b\u00fcy\u00fck \u015fair ve Nobel \u00d6d\u00fcl\u00fc sahibi Rabindranath Tagore, 1913 yaz\u0131nda bu salonda bir dizi ba\u015far\u0131l\u0131 seminerler vermi\u015fti. Seminer konular\u0131 &#8220;Bireyin Evrenle \u0130li\u015fkisi&#8221;, &#8220;Ruh Bilinci&#8221;, &#8220;Sevgide Fark\u0131ndal\u0131k&#8221;, &#8220;Benlik Sorunu&#8221; gibi ba\u015fl\u0131klardayd\u0131. Bunlar Shri Mataji&#8217;nin yetmi\u015f y\u0131l kadar sonra konu\u015fmalar\u0131nda do\u011frudan de\u011finece\u011fi temalard\u0131. Tagore gibi O da kadim Do\u011fu bilgisini Bat\u0131l\u0131 izleyiciyle payla\u015fmak ve onlar\u0131 kendi i\u00e7lerinde bir yolculu\u011fa \u00e7\u0131karmak istiyordu.<\/p>\n<p>Bengalli b\u00fcy\u00fck \u015fair ve Nobel \u00d6d\u00fcl\u00fc sahibi Rabindranath Tagore&#8217;un sesi bile Caxton odalar\u0131nda i\u015fitildi. 1913 yaz\u0131nda burada kat\u0131ld\u0131\u011f\u0131 ak\u015fam derslerinde, &#8216;Bireyin Evrenle \u0130li\u015fkisi&#8217;, &#8216;Ruh Bilinci&#8217;, &#8216;Sevgi ile Ayd\u0131nlanma&#8217; ve &#8216;Benlik Problemi&#8217; gibi ba\u015fl\u0131klar vard\u0131. Bunlar, Shri Mataji Nirmala Devi&#8217;nin yetmi\u015f y\u0131l kadar sonra ayn\u0131 mekanda yapt\u0131\u011f\u0131 konu\u015fmalar\u0131n\u0131n do\u011frudan habercileriydi. Tagore, temalardan bahsetti. Shri Mataji ise detaylar\u0131 verecekti.<\/p>\n<h5>&#8220;\u0130\u00e7imizde, uzay ve zaman\u0131n h\u00fckm\u00fcn\u00fcn sona erdi\u011fi ve evrim ba\u011flant\u0131lar\u0131n\u0131n b\u00fct\u00fcnl\u00fc\u011fe kar\u0131\u015ft\u0131\u011f\u0131 bir yer var.&#8221;<\/h5>\n<h5>Rabindranath Tagore<\/h5>\n\t\t\t\t<img loading=\"lazy\" decoding=\"async\" src=\"https:\/\/shrimataji.org\/test\/wp-content\/uploads\/2018\/07\/media_originals\/images\/people\/ravindranath-tagore-c1915-223x300.jpg\" alt=\"Rabindranath Tagore\" height=\"300\" width=\"223\" title=\"ravindranath-tagore-c1915\" \/>\n\t\tRabindranath Tagore\n\t<p>Ancak Shri Mataji&#8217;nin durumunda, seminerlerin amac\u0131 farkl\u0131yd\u0131 bu sadece yeni bir fikir irdelemek de\u011fil, o fikri hayata ge\u00e7irmekti. Seminerleri beraberinde hep ek bir avantaj getirdi. Her seminer ak\u015fam\u0131 sonunda Shri Mataji insanlara ayd\u0131nlanma deneyimi sundu. Kat\u0131l\u0131mc\u0131lar\u0131 derin bir meditasyonun dinginli\u011fine sevkederek onlara kendi derinliklerini hissetme f\u0131rsat\u0131 verdi. Tagore&#8217;un bahsetti\u011fi &#8220;Brahma&#8217;n\u0131n Fark\u0131ndal\u0131\u011f\u0131&#8221;, Shri Mataji&#8217;nin sundu\u011fu &#8220;Ger\u00e7ek Benli\u011fin Deneyimi&#8221; ne d\u00f6n\u00fc\u015fm\u00fc\u015ft\u00fc.<\/p>\n\t<p>Caxton Hall&#8217;un merdivenlerinden bir kez daha devrimci bir hareket ba\u015flat\u0131lm\u0131\u015ft\u0131. \u0130nsan\u0131n ruhani konuma y\u00fckselme kapasitesinde temel bir ad\u0131m at\u0131lm\u0131\u015f ve bir\u00e7o\u011fu kendilerinde derin bir d\u00f6n\u00fc\u015f\u00fcm ve d\u00fcnyaya bak\u0131\u015flar\u0131nda bir de\u011fi\u015fim hissetmi\u015fti.<\/p>\n\t<p><img loading=\"lazy\" decoding=\"async\" src=\"https:\/\/shrimataji.org\/test\/wp-content\/uploads\/2018\/07\/media_originals\/images\/shri-mataji-with-people\/shri-mataji-nirmala-devi-clearing-technique-in-england-1024x672.jpg\" alt=\"\" width=\"1024\" height=\"672\" \/><\/p>\n\t<p>Shri Mataji alt\u0131 y\u0131l boyunca Caxton Hall&#8217;da toplumun her kesiminden insanlarla konu\u015ftu. Onlar\u0131n t\u00fcm soru ve sorunlar\u0131na zaman ay\u0131rd\u0131. B\u00fcy\u00fck sorular\u0131 yan\u0131tlad\u0131; &#8220;Neden buraday\u0131z?&#8221;, &#8220;Hayat\u0131m\u0131n amac\u0131 ne?&#8221;, Tanr\u0131 bizi neden yaratt\u0131?&#8221;, hatta &#8220;Tanr\u0131 var m\u0131?&#8221;. Sonunda ise herkes kendi ger\u00e7ek benli\u011fiyle ba\u011flant\u0131 kurmaya davet edildi.<\/p>\n<p>B\u00f6ylece Shri Mataji&#8217;nin Bat\u0131&#8217;daki kamu hizmeti ger\u00e7ek anlamda ba\u015flam\u0131\u015f oldu. Burada Caxton Hall&#8217;da herkes memnuniyetle kar\u015f\u0131lan\u0131r ve en de\u011ferli olan \u015fey kar\u015f\u0131l\u0131ks\u0131z olarak verilirdi. Ayd\u0131nlanmalar\u0131n\u0131 alanlar\u0131n \u00e7o\u011fu onun yan\u0131nda kald\u0131 ve onun ger\u00e7e\u011fi arayan m\u00fcmk\u00fcn oldu\u011fu kadar \u00e7ok insana ula\u015fma \u00e7abalar\u0131n\u0131 destekledi.<\/p>\n\t<p>1980 y\u0131l\u0131nda Shri Mataji \u015f\u00f6yle dedi: &#8220;Ger\u00e7e\u011fi aray\u0131\u015f devam ediyor ve (ger\u00e7e\u011fi vaat edenlere ait) bir\u00e7ok d\u00fckkan a\u00e7\u0131ld\u0131. Buras\u0131 bir d\u00fckkan de\u011fil. Buras\u0131 bir tap\u0131nak ve pazar yerindeki bir tap\u0131na\u011f\u0131n de\u011feri \u00e7ok d\u00fc\u015f\u00fckt\u00fcr. Tap\u0131na\u011fa gitmek i\u00e7in yedi da\u011fa t\u0131rmanman\u0131z gerekiyorsa onun de\u011feri \u00e7ok daha fazlad\u0131r. Ama oraya yaln\u0131zca birka\u00e7 ki\u015fi canl\u0131 olarak ula\u015fabilir. Bu y\u00fczden de o tap\u0131na\u011f\u0131n insanlarla bulu\u015fup konu\u015fmak i\u00e7in Londra&#8217;ya, Caxton Hall&#8217;a gelmesi gerekiyordu&#8221;.<\/p>\n<p>Shri Mataji insanl\u0131\u011fa hediyesi olan ayd\u0131nlanma ile herkesi kar\u015f\u0131lad\u0131 ve kucaklad\u0131.<\/p>\n<p>Tagore&#8217;un s\u00f6zleriyle, &#8220;T\u00fcm s\u0131n\u0131rlamalar\u0131 kabullenmek ve onlar\u0131 a\u015fmak sevginin y\u00fcksek i\u015flevidir&#8221; ve Shri Mataji&#8217;nin sevgisi ve sevgi arma\u011fan\u0131, kalbi ve d\u00fcnyay\u0131 ayd\u0131nlatmak i\u00e7in t\u00fcm engelleri a\u015far.<\/p>\n<div class=\"su-quote su-quote-style-default\"><div class=\"su-quote-inner su-u-clearfix su-u-trim\">Ger\u00e7ek her neyse odur. Biz bunu de\u011fi\u015ftiremeyiz. D\u00f6n\u00fc\u015ft\u00fcremeyiz. Onu kavramsalla\u015ft\u0131ramay\u0131z.<\/div><\/div>\n\t\t\t\t<img loading=\"lazy\" decoding=\"async\" src=\"https:\/\/shrimataji.org\/test\/wp-content\/uploads\/2024\/06\/shri-mataji-nirmala-devi-bath-england-1977.jpg\" alt=\"Shri Mataji Nirmala Devi Bath, \u0130ngiltere&#039;de, 1977\n\" height=\"1259\" width=\"933\" title=\"shri-mataji-nirmala-devi-bath-england-1977\" \/>\n\t\tShri Mataji Nirmala Devi Bath, \u0130ngiltere&#8217;de, 1977\n\n","protected":false},"excerpt":{"rendered":"<p>D\u00fcnyaya A\u00e7\u0131lan bir Belediye Binas\u0131 Kalplerin Bulu\u015ftu\u011fu Yer Caxton Salonu, Londra Caxton Hall, Londra&#8217;n\u0131n merkezindeki Westminster il\u00e7esinde yer al\u0131r. 19. y\u00fczy\u0131l\u0131n ortalar\u0131nda in\u015fa edilmi\u015f ve bilgi eri\u015fiminde devrimci bir yenilik olarak \u0130ngiltere&#8217;deki ilk matbaay\u0131 kuran William Caxton&#8217;un onuruna adland\u0131r\u0131lm\u0131\u015ft\u0131r. Cesur yeni fikirlerin payla\u015f\u0131ld\u0131\u011f\u0131 ve ke\u015ffedildi\u011fi bir yer olarak uzun bir ge\u00e7mi\u015fi var. Ba\u015flang\u0131\u00e7ta Caxton Hall&hellip; <br \/> <a class=\"read-more\" href=\"https:\/\/shrimataji.org\/test\/tr\/dunyaya-acilan-bir-belediye-binasi\/\">Read more<\/a><\/p>\n","protected":false},"author":12,"featured_media":9505,"parent":0,"menu_order":0,"comment_status":"closed","ping_status":"closed","template":"","meta":{"inline_featured_image":false,"footnotes":""},"class_list":["post-10130","page","type-page","status-publish","has-post-thumbnail","hentry"],"yoast_head":"<!-- This site is optimized with the Yoast SEO plugin v27.4 - https:\/\/yoast.com\/product\/yoast-seo-wordpress\/ -->\n<title>D\u00fcnyaya A\u00e7\u0131lan bir Belediye Binas\u0131 - TEST - SMND<\/title>\n<meta name=\"robots\" content=\"noindex, follow, max-snippet:-1, max-image-preview:large, max-video-preview:-1\" \/>\n<meta property=\"og:locale\" content=\"en_US\" \/>\n<meta property=\"og:type\" content=\"article\" \/>\n<meta property=\"og:title\" content=\"D\u00fcnyaya A\u00e7\u0131lan bir Belediye Binas\u0131 - TEST - SMND\" \/>\n<meta property=\"og:description\" content=\"D\u00fcnyaya A\u00e7\u0131lan bir Belediye Binas\u0131 Kalplerin Bulu\u015ftu\u011fu Yer Caxton Salonu, Londra Caxton Hall, Londra&#8217;n\u0131n merkezindeki Westminster il\u00e7esinde yer al\u0131r. 19. y\u00fczy\u0131l\u0131n ortalar\u0131nda in\u015fa edilmi\u015f ve bilgi eri\u015fiminde devrimci bir yenilik olarak \u0130ngiltere&#8217;deki ilk matbaay\u0131 kuran William Caxton&#8217;un onuruna adland\u0131r\u0131lm\u0131\u015ft\u0131r. Cesur yeni fikirlerin payla\u015f\u0131ld\u0131\u011f\u0131 ve ke\u015ffedildi\u011fi bir yer olarak uzun bir ge\u00e7mi\u015fi var. Ba\u015flang\u0131\u00e7ta Caxton Hall&hellip; Read more\" \/>\n<meta property=\"og:url\" content=\"https:\/\/shrimataji.org\/test\/tr\/dunyaya-acilan-bir-belediye-binasi\/\" \/>\n<meta property=\"og:site_name\" content=\"TEST - SMND\" \/>\n<meta property=\"article:publisher\" content=\"https:\/\/www.facebook.com\/shrimataji\" \/>\n<meta property=\"article:modified_time\" content=\"2024-07-12T00:01:56+00:00\" \/>\n<meta property=\"og:image\" content=\"https:\/\/shrimataji.org\/test\/wp-content\/uploads\/2023\/03\/12_Banner-PublicLife-Hall-scaled.jpg\" \/>\n\t<meta property=\"og:image:width\" content=\"2560\" \/>\n\t<meta property=\"og:image:height\" content=\"905\" \/>\n\t<meta property=\"og:image:type\" content=\"image\/jpeg\" \/>\n<meta name=\"twitter:card\" content=\"summary_large_image\" \/>\n<meta name=\"twitter:site\" content=\"@shrimataji\" \/>\n<script type=\"application\/ld+json\" class=\"yoast-schema-graph\">{\"@context\":\"https:\\\/\\\/schema.org\",\"@graph\":[{\"@type\":\"WebPage\",\"@id\":\"https:\\\/\\\/shrimataji.org\\\/test\\\/tr\\\/dunyaya-acilan-bir-belediye-binasi\\\/\",\"url\":\"https:\\\/\\\/shrimataji.org\\\/test\\\/tr\\\/dunyaya-acilan-bir-belediye-binasi\\\/\",\"name\":\"D\u00fcnyaya A\u00e7\u0131lan bir Belediye Binas\u0131 - TEST - SMND\",\"isPartOf\":{\"@id\":\"https:\\\/\\\/shrimataji.org\\\/test\\\/#website\"},\"primaryImageOfPage\":{\"@id\":\"https:\\\/\\\/shrimataji.org\\\/test\\\/tr\\\/dunyaya-acilan-bir-belediye-binasi\\\/#primaryimage\"},\"image\":{\"@id\":\"https:\\\/\\\/shrimataji.org\\\/test\\\/tr\\\/dunyaya-acilan-bir-belediye-binasi\\\/#primaryimage\"},\"thumbnailUrl\":\"https:\\\/\\\/shrimataji.org\\\/test\\\/wp-content\\\/uploads\\\/2023\\\/03\\\/12_Banner-PublicLife-Hall-scaled.jpg\",\"datePublished\":\"2011-12-05T02:00:00+00:00\",\"dateModified\":\"2024-07-12T00:01:56+00:00\",\"breadcrumb\":{\"@id\":\"https:\\\/\\\/shrimataji.org\\\/test\\\/tr\\\/dunyaya-acilan-bir-belediye-binasi\\\/#breadcrumb\"},\"inLanguage\":\"en-US\",\"potentialAction\":[{\"@type\":\"ReadAction\",\"target\":[\"https:\\\/\\\/shrimataji.org\\\/test\\\/tr\\\/dunyaya-acilan-bir-belediye-binasi\\\/\"]}]},{\"@type\":\"ImageObject\",\"inLanguage\":\"en-US\",\"@id\":\"https:\\\/\\\/shrimataji.org\\\/test\\\/tr\\\/dunyaya-acilan-bir-belediye-binasi\\\/#primaryimage\",\"url\":\"https:\\\/\\\/shrimataji.org\\\/test\\\/wp-content\\\/uploads\\\/2023\\\/03\\\/12_Banner-PublicLife-Hall-scaled.jpg\",\"contentUrl\":\"https:\\\/\\\/shrimataji.org\\\/test\\\/wp-content\\\/uploads\\\/2023\\\/03\\\/12_Banner-PublicLife-Hall-scaled.jpg\",\"width\":2560,\"height\":905},{\"@type\":\"BreadcrumbList\",\"@id\":\"https:\\\/\\\/shrimataji.org\\\/test\\\/tr\\\/dunyaya-acilan-bir-belediye-binasi\\\/#breadcrumb\",\"itemListElement\":[{\"@type\":\"ListItem\",\"position\":1,\"name\":\"Home\",\"item\":\"https:\\\/\\\/shrimataji.org\\\/test\\\/uk\\\/home-en\\\/\"},{\"@type\":\"ListItem\",\"position\":2,\"name\":\"D\u00fcnyaya A\u00e7\u0131lan bir Belediye Binas\u0131\"}]},{\"@type\":\"WebSite\",\"@id\":\"https:\\\/\\\/shrimataji.org\\\/test\\\/#website\",\"url\":\"https:\\\/\\\/shrimataji.org\\\/test\\\/\",\"name\":\"Shri Mataji Nirmala Devi\",\"description\":\"A Life Dedicated to Humanity\",\"publisher\":{\"@id\":\"https:\\\/\\\/shrimataji.org\\\/test\\\/#\\\/schema\\\/person\\\/a1b3419c6585f164aa96da1ff85715d1\"},\"potentialAction\":[{\"@type\":\"SearchAction\",\"target\":{\"@type\":\"EntryPoint\",\"urlTemplate\":\"https:\\\/\\\/shrimataji.org\\\/test\\\/?s={search_term_string}\"},\"query-input\":{\"@type\":\"PropertyValueSpecification\",\"valueRequired\":true,\"valueName\":\"search_term_string\"}}],\"inLanguage\":\"en-US\"},{\"@type\":[\"Person\",\"Organization\"],\"@id\":\"https:\\\/\\\/shrimataji.org\\\/test\\\/#\\\/schema\\\/person\\\/a1b3419c6585f164aa96da1ff85715d1\",\"name\":\"Nirmala Shrivastava\",\"image\":{\"@type\":\"ImageObject\",\"inLanguage\":\"en-US\",\"@id\":\"https:\\\/\\\/shrimataji.org\\\/test\\\/wp-content\\\/uploads\\\/2023\\\/02\\\/SMO_LOGO-03.svg\",\"url\":\"https:\\\/\\\/shrimataji.org\\\/test\\\/wp-content\\\/uploads\\\/2023\\\/02\\\/SMO_LOGO-03.svg\",\"contentUrl\":\"https:\\\/\\\/shrimataji.org\\\/test\\\/wp-content\\\/uploads\\\/2023\\\/02\\\/SMO_LOGO-03.svg\",\"width\":\"1024\",\"height\":\"1024\",\"caption\":\"Nirmala Shrivastava\"},\"logo\":{\"@id\":\"https:\\\/\\\/shrimataji.org\\\/test\\\/wp-content\\\/uploads\\\/2023\\\/02\\\/SMO_LOGO-03.svg\"},\"sameAs\":[\"https:\\\/\\\/shrimataji.org\\\/test\",\"https:\\\/\\\/www.facebook.com\\\/shrimataji\",\"https:\\\/\\\/x.com\\\/shrimataji\",\"https:\\\/\\\/www.youtube.com\\\/@Shri_Mataji_Nirmala_Devi\\\/featured\"]}]}<\/script>\n<!-- \/ Yoast SEO plugin. -->","yoast_head_json":{"title":"D\u00fcnyaya A\u00e7\u0131lan bir Belediye Binas\u0131 - TEST - SMND","robots":{"index":"noindex","follow":"follow","max-snippet":"max-snippet:-1","max-image-preview":"max-image-preview:large","max-video-preview":"max-video-preview:-1"},"og_locale":"en_US","og_type":"article","og_title":"D\u00fcnyaya A\u00e7\u0131lan bir Belediye Binas\u0131 - TEST - SMND","og_description":"D\u00fcnyaya A\u00e7\u0131lan bir Belediye Binas\u0131 Kalplerin Bulu\u015ftu\u011fu Yer Caxton Salonu, Londra Caxton Hall, Londra&#8217;n\u0131n merkezindeki Westminster il\u00e7esinde yer al\u0131r. 19. y\u00fczy\u0131l\u0131n ortalar\u0131nda in\u015fa edilmi\u015f ve bilgi eri\u015fiminde devrimci bir yenilik olarak \u0130ngiltere&#8217;deki ilk matbaay\u0131 kuran William Caxton&#8217;un onuruna adland\u0131r\u0131lm\u0131\u015ft\u0131r. Cesur yeni fikirlerin payla\u015f\u0131ld\u0131\u011f\u0131 ve ke\u015ffedildi\u011fi bir yer olarak uzun bir ge\u00e7mi\u015fi var. Ba\u015flang\u0131\u00e7ta Caxton Hall&hellip; Read more","og_url":"https:\/\/shrimataji.org\/test\/tr\/dunyaya-acilan-bir-belediye-binasi\/","og_site_name":"TEST - SMND","article_publisher":"https:\/\/www.facebook.com\/shrimataji","article_modified_time":"2024-07-12T00:01:56+00:00","og_image":[{"width":2560,"height":905,"url":"https:\/\/shrimataji.org\/test\/wp-content\/uploads\/2023\/03\/12_Banner-PublicLife-Hall-scaled.jpg","type":"image\/jpeg"}],"twitter_card":"summary_large_image","twitter_site":"@shrimataji","schema":{"@context":"https:\/\/schema.org","@graph":[{"@type":"WebPage","@id":"https:\/\/shrimataji.org\/test\/tr\/dunyaya-acilan-bir-belediye-binasi\/","url":"https:\/\/shrimataji.org\/test\/tr\/dunyaya-acilan-bir-belediye-binasi\/","name":"D\u00fcnyaya A\u00e7\u0131lan bir Belediye Binas\u0131 - TEST - SMND","isPartOf":{"@id":"https:\/\/shrimataji.org\/test\/#website"},"primaryImageOfPage":{"@id":"https:\/\/shrimataji.org\/test\/tr\/dunyaya-acilan-bir-belediye-binasi\/#primaryimage"},"image":{"@id":"https:\/\/shrimataji.org\/test\/tr\/dunyaya-acilan-bir-belediye-binasi\/#primaryimage"},"thumbnailUrl":"https:\/\/shrimataji.org\/test\/wp-content\/uploads\/2023\/03\/12_Banner-PublicLife-Hall-scaled.jpg","datePublished":"2011-12-05T02:00:00+00:00","dateModified":"2024-07-12T00:01:56+00:00","breadcrumb":{"@id":"https:\/\/shrimataji.org\/test\/tr\/dunyaya-acilan-bir-belediye-binasi\/#breadcrumb"},"inLanguage":"en-US","potentialAction":[{"@type":"ReadAction","target":["https:\/\/shrimataji.org\/test\/tr\/dunyaya-acilan-bir-belediye-binasi\/"]}]},{"@type":"ImageObject","inLanguage":"en-US","@id":"https:\/\/shrimataji.org\/test\/tr\/dunyaya-acilan-bir-belediye-binasi\/#primaryimage","url":"https:\/\/shrimataji.org\/test\/wp-content\/uploads\/2023\/03\/12_Banner-PublicLife-Hall-scaled.jpg","contentUrl":"https:\/\/shrimataji.org\/test\/wp-content\/uploads\/2023\/03\/12_Banner-PublicLife-Hall-scaled.jpg","width":2560,"height":905},{"@type":"BreadcrumbList","@id":"https:\/\/shrimataji.org\/test\/tr\/dunyaya-acilan-bir-belediye-binasi\/#breadcrumb","itemListElement":[{"@type":"ListItem","position":1,"name":"Home","item":"https:\/\/shrimataji.org\/test\/uk\/home-en\/"},{"@type":"ListItem","position":2,"name":"D\u00fcnyaya A\u00e7\u0131lan bir Belediye Binas\u0131"}]},{"@type":"WebSite","@id":"https:\/\/shrimataji.org\/test\/#website","url":"https:\/\/shrimataji.org\/test\/","name":"Shri Mataji Nirmala Devi","description":"A Life Dedicated to Humanity","publisher":{"@id":"https:\/\/shrimataji.org\/test\/#\/schema\/person\/a1b3419c6585f164aa96da1ff85715d1"},"potentialAction":[{"@type":"SearchAction","target":{"@type":"EntryPoint","urlTemplate":"https:\/\/shrimataji.org\/test\/?s={search_term_string}"},"query-input":{"@type":"PropertyValueSpecification","valueRequired":true,"valueName":"search_term_string"}}],"inLanguage":"en-US"},{"@type":["Person","Organization"],"@id":"https:\/\/shrimataji.org\/test\/#\/schema\/person\/a1b3419c6585f164aa96da1ff85715d1","name":"Nirmala Shrivastava","image":{"@type":"ImageObject","inLanguage":"en-US","@id":"https:\/\/shrimataji.org\/test\/wp-content\/uploads\/2023\/02\/SMO_LOGO-03.svg","url":"https:\/\/shrimataji.org\/test\/wp-content\/uploads\/2023\/02\/SMO_LOGO-03.svg","contentUrl":"https:\/\/shrimataji.org\/test\/wp-content\/uploads\/2023\/02\/SMO_LOGO-03.svg","width":"1024","height":"1024","caption":"Nirmala Shrivastava"},"logo":{"@id":"https:\/\/shrimataji.org\/test\/wp-content\/uploads\/2023\/02\/SMO_LOGO-03.svg"},"sameAs":["https:\/\/shrimataji.org\/test","https:\/\/www.facebook.com\/shrimataji","https:\/\/x.com\/shrimataji","https:\/\/www.youtube.com\/@Shri_Mataji_Nirmala_Devi\/featured"]}]}},"lang":"tr","translations":{"tr":10130,"ur":37385,"en":443,"am":17956,"th":19879,"hu":19431,"sq":18357,"zh":17254,"hi":8514,"pl":10239,"pt":10347,"de":10620,"fr":10718,"it":10816,"es":10914,"ja":11211,"ru":11399,"bn":11591,"te":11699,"sw":11822,"he":11970,"el":12261,"sk":12359,"fa":12457,"fi":12555,"bg":13504,"ro":14579,"cs":14772,"nl":16517,"ku":16677,"ar":16853,"be":18564,"kn":18838,"mr":20243,"uk":20535,"ml":20834,"ta":22672,"sv":22945,"gu":28793,"pa":28951,"fil":29391,"da":37699,"nn":38251},"pll_sync_post":[],"_links":{"self":[{"href":"https:\/\/shrimataji.org\/test\/wp-json\/wp\/v2\/pages\/10130","targetHints":{"allow":["GET"]}}],"collection":[{"href":"https:\/\/shrimataji.org\/test\/wp-json\/wp\/v2\/pages"}],"about":[{"href":"https:\/\/shrimataji.org\/test\/wp-json\/wp\/v2\/types\/page"}],"author":[{"embeddable":true,"href":"https:\/\/shrimataji.org\/test\/wp-json\/wp\/v2\/users\/12"}],"replies":[{"embeddable":true,"href":"https:\/\/shrimataji.org\/test\/wp-json\/wp\/v2\/comments?post=10130"}],"version-history":[{"count":0,"href":"https:\/\/shrimataji.org\/test\/wp-json\/wp\/v2\/pages\/10130\/revisions"}],"wp:featuredmedia":[{"embeddable":true,"href":"https:\/\/shrimataji.org\/test\/wp-json\/wp\/v2\/media\/9505"}],"wp:attachment":[{"href":"https:\/\/shrimataji.org\/test\/wp-json\/wp\/v2\/media?parent=10130"}],"curies":[{"name":"wp","href":"https:\/\/api.w.org\/{rel}","templated":true}]}}