{"id":10131,"date":"2022-03-05T07:57:08","date_gmt":"2022-03-05T07:57:08","guid":{"rendered":"https:\/\/test.shrimataji.org\/?page_id=6497"},"modified":"2024-07-12T00:01:51","modified_gmt":"2024-07-12T00:01:51","slug":"agnya-cakra","status":"publish","type":"page","link":"https:\/\/shrimataji.org\/test\/tr\/agnya-cakra\/","title":{"rendered":"Agnya \u00c7akra"},"content":{"rendered":"\n\n\t<h1>Agnya \u00c7akra<\/h1>\n<h2>Affetmenin G\u00fcc\u00fc<\/h2>\n<p><b>Bu \u00e7akran\u0131n \u00f6z\u00fc affetmektir. Affetmedi\u011fimizde bu \u00e7akran\u0131n dengesini bozarak kendimize ger\u00e7ekten zarar veririz. Affetmek; \u00f6fke, nefret ve k\u0131rg\u0131nl\u0131\u011f\u0131 sal\u0131verme g\u00fcc\u00fcd\u00fcr ki bu da ayd\u0131nlanmadan \u00f6nce kolay de\u011fildir. Sadece samimi bir \u015fekilde kalpten &#8220;Affediyorum&#8221; dedi\u011fimizde <a href=\"https:\/\/shrimataji.org\/tr\/kundalini\/\">Kundalini&#8217;miz<\/a> bu merkeze n\u00fcfuz edebilir ve dikkatimizi ilahi sessizlik alan\u0131na \u00e7ekerek meditasyonumuzda d\u00fc\u015f\u00fcncesiz fark\u0131ndal\u0131k konumuna kolayca ge\u00e7memizi sa\u011flar.<\/b><\/p>\n<p>Affetmenin g\u00fcc\u00fc sayesinde i\u00e7inde al\u00e7akg\u00f6n\u00fcll\u00fcl\u00fck, asalet ve c\u00f6mertli\u011fin ve herkes i\u00e7in sonsuz sevgi ve \u015fefkatin bulundu\u011fu ruhumuzun daha \u00fcst do\u011fas\u0131n\u0131 ke\u015ffederiz. Meditasyon yoluyla geli\u015fmi\u015f bir Agnya \u00e7akran\u0131n olgunlu\u011fu t\u00fcm egomuzu, \u015fartlanmalar\u0131m\u0131z\u0131, al\u0131\u015fkanl\u0131klar\u0131m\u0131z\u0131, \u0131rk\u00e7\u0131l\u0131kla ilgili yanl\u0131\u015f alg\u0131 ve t\u00fcm yanl\u0131\u015f tan\u0131mlamalar\u0131m\u0131z\u0131 sonland\u0131r\u0131r. Kutsal yaz\u0131larda, varolu\u015fun en saf ruhani alemini sembolize eden bilincimizin nihai hedefi olan yedinci merkeze, Sahasrara \u00e7akraya ula\u015fmas\u0131 i\u00e7in yolu a\u00e7an dar kap\u0131 olarak tan\u0131mlan\u0131r.<\/p>\n\t\n\tYeri:<br \/>\nAgnya \u00e7akra aln\u0131m\u0131z\u0131n ortas\u0131nda yer al\u0131r, beynimizde yakla\u015f\u0131k olarak optik sinir iplik\u00e7iklerimizin birle\u015fti\u011fi yerde (t\u0131bbi terminolojide optik kiazma olarak adland\u0131r\u0131l\u0131r). Agnya \u00e7akran\u0131n titre\u015fimleri her iki elimizin y\u00fcz\u00fck parmaklar\u0131nda hissedilebilir.\u00a0 \u00a0 \u00a0 \u00a0 \u00a0 \u00a0 \u00a0 \u00a0 \u00a0 \u00a0 \u00a0 \u00a0 \u00a0 \u00a0 \u00a0 \u00a0<b>\u00a0 \u00a0 \u00a0 \u00a0 \u00a0 \u00a0 \u00a0 \u00a0 \u00a0 \u00a0 \u00a0 \u00a0 \u00a0 \u00a0 \u00a0 \u00a0 \u00a0 \u00a0 \u00a0 \u00a0 \u00a0 \u00a0 \u00a0 \u00a0 \u00a0 \u00a0 \u00a0 \u00a0 \u00a0 \u00a0 \u00a0 \u00a0 \u00a0 \u00a0<\/b>\nRengi:<br \/>\nG\u00fcm\u00fc\u015f rengi agnya \u00e7akran\u0131n rengidir. Bu \u00e7akran\u0131n elementi \u0131\u015f\u0131\u011f\u0131n \u00f6z\u00fcyle uyumludur.\nAgnya \u00c7akran\u0131n Nitelikleri:<br \/>\n\u2022 Merhamet<br \/>\n\u2022 Al\u00e7akg\u00f6n\u00fcll\u00fcl\u00fck<br \/>\n\u2022\u00a0D\u00fc\u015f\u00fcncesiz fark\u0131ndal\u0131k<br \/>\n\u2022 Ego ve s\u00fcperego\n\t\t\t\t<img loading=\"lazy\" decoding=\"async\" src=\"https:\/\/shrimataji.org\/test\/wp-content\/uploads\/2024\/06\/TR_6-Agnya.png\" alt=\"TR_6-Agnya\" height=\"6853\" width=\"6428\" title=\"TR_6-Agnya\" \/>\n\t<p>Agnya&#8217;n\u0131n temel niteli\u011fi affediciliktir. Bu \u00e7akraya olan fark\u0131ndal\u0131\u011f\u0131m\u0131z\u0131n y\u00fckselmesiyle hem kendimizi hem de ba\u015fkalar\u0131n\u0131n insani seviyedeki noksanl\u0131klar\u0131n\u0131 affetme becerisini geli\u015ftiririz. Agnya \u00e7akra, ayn\u0131 zamanda &#8220;\u00fc\u00e7\u00fcnc\u00fc g\u00f6z&#8221; olarak da adland\u0131r\u0131l\u0131r. Bu \u00fc\u00e7\u00fcnc\u00fc g\u00f6z, di\u011fer bir\u00e7ok yoga uygulay\u0131c\u0131s\u0131n\u0131n iddia etti\u011fi gibi ezoterik imgeler g\u00f6rmek veya duru g\u00f6r\u00fc yetenekleri geli\u015ftirmekle ilgili de\u011fildir. Ancak zihinsel ve duygusal \u00f6nyarg\u0131lar\u0131m\u0131z nedeniyle a\u011f\u0131rl\u0131kl\u0131 olarak al\u0131\u015fk\u0131n oldu\u011fumuz bak\u0131\u015f a\u00e7\u0131s\u0131n\u0131 de\u011fi\u015ftirmekle ilgilidir. Agnya \u00e7akran\u0131n a\u00e7\u0131lmas\u0131 ve ayd\u0131nlanmayla birlikte d\u00fcnyaya geli\u015f amac\u0131m\u0131z\u0131 idrak etti\u011fimizde stresli, \u00e7o\u011fu zaman s\u0131k\u0131c\u0131 ve anlams\u0131z olan hayat\u0131m\u0131z ne\u015fe, sevgi ve \u015fefkat dolu bir hale gelir. Ruhani do\u011fam\u0131z\u0131n ger\u00e7ekli\u011fi ile devaml\u0131 olarak ba\u011flant\u0131da olunca ne varl\u0131k ne de yokluk bizi y\u00fcceltebilir veya hayal k\u0131r\u0131kl\u0131\u011f\u0131na u\u011fratabilir. Bu y\u00fcksek aleme ula\u015fmak, Gautama Buddha&#8217;n\u0131n ayd\u0131nlanmadan sonra neden saray\u0131n\u0131n konforuna d\u00f6nme ihtiyac\u0131 hissetmedi\u011fini anlamam\u0131za yard\u0131mc\u0131 olur.<\/p>\n<p><strong>Deneyim ve Yararlar\u0131:<\/strong><\/p>\n<p>Agnya \u00e7akran\u0131z g\u00f6rme, i\u015fitme ve d\u00fc\u015f\u00fcncelerinizi kontrol eder. Ayn\u0131 zamanda hipofiz bezinizi de kontrol eder. &#8220;Ana bez&#8221; olarak da bilinen bu \u00f6nemli bez di\u011fer t\u00fcm endokrin bezlerini d\u00fczenler ve b\u00fcy\u00fcmenizi, fizyolojik olgunla\u015fman\u0131z\u0131, metabolizman\u0131z\u0131 ve uykunuzu etkiler. Bir\u00e7o\u011fumuz i\u015fimiz gere\u011fi bilgisayar ba\u015f\u0131nda uzun saatler ge\u00e7iriyoruz. Ayr\u0131ca televizyon kar\u015f\u0131s\u0131nda da \u00e7ok fazla zaman harc\u0131yoruz. \u00c7ok fazla g\u00f6rsel uyar\u0131 Agnya \u00e7akray\u0131 zay\u0131flatabilir. Neyse ki, Sahaja Yoga ile d\u00fczenli meditasyon uygulamas\u0131 bu sorunu hafifletebilir. Sol agnyan\u0131z beyninizde an\u0131lar\u0131n\u0131z\u0131n, deneyimlerinizin, al\u0131\u015fkanl\u0131klar\u0131n\u0131z\u0131n ve duygular\u0131n\u0131z\u0131n bulundu\u011fu s\u00fcperego k\u0131sm\u0131yla ba\u011flant\u0131l\u0131d\u0131r. Sa\u011f agnyan\u0131z ise beyninizde d\u00fc\u015f\u00fcnme, planlama ve eylem yoluyla gelece\u011fe odaklanan ego k\u0131sm\u0131yla ba\u011flant\u0131l\u0131d\u0131r. Egonuz ve s\u00fcperegonuz Agnya \u00e7akras\u0131n\u0131n i\u00e7inde kesi\u015fir.<\/p>\n<p>Sol Agnya&#8217;n\u0131z a\u015f\u0131r\u0131 aktif ise, s\u00fcperegonuz bir balon gibi \u015fi\u015febilir. T\u00fcm bu ge\u00e7mi\u015fe odaklanma, a\u015f\u0131r\u0131 duygusal bir mizac\u0131n ve kendine zarar veren d\u00fc\u015f\u00fcnce veya davran\u0131\u015flar\u0131n geli\u015fmesine yol a\u00e7abilir. Benzer \u015fekilde sa\u011f Agnya&#8217;n\u0131z a\u015f\u0131r\u0131 aktif ise t\u00fcm a\u015f\u0131r\u0131 d\u00fc\u015f\u00fcnme ve planlama ile egonuz balon gibi \u015fi\u015fecektir. Bu durum endi\u015felenmeye, s\u0131k s\u0131k \u00f6fkelenmeye ve hatta ba\u015fkalar\u0131na kar\u015f\u0131 sald\u0131rgan davran\u0131\u015flara yol a\u00e7abilir.<\/p>\n<p>Neyse ki, Agnya \u00e7akrada Kundalini enerjisiyle bu balonlar\u0131 dengelemek ve indirmek i\u00e7in \u00e7ok etkili bir yoldur. Meditasyonla gelen zihinsel sessizlik hepimize al\u00e7akg\u00f6n\u00fcll\u00fcl\u00fc\u011f\u00fc a\u015f\u0131lar. Al\u00e7akg\u00f6n\u00fcll\u00fcl\u00fck sayesinde affetme g\u00fcc\u00fcn\u00fc geli\u015ftiririz. Affetmek, kabullenmek ve iyile\u015fmekle ilgilidir. Sizi \u00f6fke, nefret ve k\u0131zg\u0131nl\u0131\u011f\u0131n olumsuz ba\u011flar\u0131ndan \u00f6zg\u00fcrle\u015ftirir. Affederek, muazzam bir huzur ve rahatlama duygusu deneyimlemeyi bekleyebilirsiniz.<\/p>\n<p>Ki\u015fisel De\u011ferlendirme:<\/p>\n<p>Agnya \u00e7akran\u0131z t\u0131kal\u0131 ise kendinizi veya ba\u015fkalar\u0131n\u0131 affetmekte yetersiz bulabilirsiniz. Ayr\u0131ca kendinizi ge\u00e7mi\u015fe tak\u0131l\u0131p kalm\u0131\u015f veya kendinize ac\u0131ma duygusuyla t\u00fckenmi\u015flik hissedebilirsiniz. Agnya \u00e7akran\u0131n dengesizli\u011finin di\u011fer belirtileri egoizm ve sald\u0131rganl\u0131\u011f\u0131n yan\u0131 s\u0131ra pornografi tak\u0131nt\u0131s\u0131 veya dikkat da\u011f\u0131t\u0131c\u0131 cinsel fantezilerdir. Endi\u015felenmek, a\u015f\u0131r\u0131 d\u00fc\u015f\u00fcnmek ve a\u015f\u0131r\u0131 plan yapmak da Agnya \u00e7akran\u0131n t\u0131kand\u0131\u011f\u0131n\u0131 g\u00f6sterebilir.<\/p>\n<p>Dengeden \u00c7\u0131kma Sebepleri:<\/p>\n<ul>\n<li>\n<p>Sabit d\u00fc\u015f\u00fcnceler<\/p>\n<\/li>\n<li>Sabit davran\u0131\u015f kal\u0131plar\u0131<\/li>\n<li>\n<p>Eylemlerimizde a\u015f\u0131r\u0131ya ka\u00e7mak<\/p>\n<\/li>\n<\/ul>\n<p>Nas\u0131l dengelenir?:<\/p>\n<p>Agnya \u00e7akran\u0131z\u0131 dengelemek i\u00e7in meditasyonlar\u0131n\u0131z\u0131 do\u011fal bir ortamda yap\u0131n. A\u00e7\u0131k havada g\u00f6ky\u00fcz\u00fcne bakarak meditasyon yapmay\u0131 deneyin. Ayr\u0131ca sa\u011f elinizi aln\u0131n\u0131za koyabilir, ard\u0131ndan ba\u015f\u0131n\u0131z\u0131 hafif\u00e7e e\u011ferek &#8220;Kendim dahil herkesi affediyorum&#8221; diyebilirsiniz. Ba\u011f\u0131\u015flay\u0131c\u0131l\u0131\u011f\u0131n\u0131z\u0131 kalbinizden gelerek ifade etmeye \u00e7al\u0131\u015f\u0131n.<\/p>\n<p>Agnya \u00e7akran\u0131z\u0131 dengede tutman\u0131n en iyi yolu a\u015f\u0131r\u0131 d\u00fc\u015f\u00fcnmekten ve plan yapmaktan ka\u00e7\u0131nmakt\u0131r. Anda ya\u015fay\u0131n ve her saniyenin tad\u0131n\u0131 \u00e7\u0131kar\u0131n!<\/p>\n\n","protected":false},"excerpt":{"rendered":"<p>Agnya \u00c7akra Affetmenin G\u00fcc\u00fc Bu \u00e7akran\u0131n \u00f6z\u00fc affetmektir. Affetmedi\u011fimizde bu \u00e7akran\u0131n dengesini bozarak kendimize ger\u00e7ekten zarar veririz. Affetmek; \u00f6fke, nefret ve k\u0131rg\u0131nl\u0131\u011f\u0131 sal\u0131verme g\u00fcc\u00fcd\u00fcr ki bu da ayd\u0131nlanmadan \u00f6nce kolay de\u011fildir. Sadece samimi bir \u015fekilde kalpten &#8220;Affediyorum&#8221; dedi\u011fimizde Kundalini&#8217;miz bu merkeze n\u00fcfuz edebilir ve dikkatimizi ilahi sessizlik alan\u0131na \u00e7ekerek meditasyonumuzda d\u00fc\u015f\u00fcncesiz fark\u0131ndal\u0131k konumuna kolayca ge\u00e7memizi&hellip; <br \/> <a class=\"read-more\" href=\"https:\/\/shrimataji.org\/test\/tr\/agnya-cakra\/\">Read more<\/a><\/p>\n","protected":false},"author":12,"featured_media":9256,"parent":0,"menu_order":0,"comment_status":"closed","ping_status":"closed","template":"","meta":{"inline_featured_image":false,"footnotes":""},"class_list":["post-10131","page","type-page","status-publish","has-post-thumbnail","hentry"],"yoast_head":"<!-- This site is optimized with the Yoast SEO plugin v27.4 - https:\/\/yoast.com\/product\/yoast-seo-wordpress\/ -->\n<title>Agnya \u00c7akra - TEST - SMND<\/title>\n<meta name=\"robots\" content=\"noindex, follow, max-snippet:-1, max-image-preview:large, max-video-preview:-1\" \/>\n<meta property=\"og:locale\" content=\"en_US\" \/>\n<meta property=\"og:type\" content=\"article\" \/>\n<meta property=\"og:title\" content=\"Agnya \u00c7akra - TEST - SMND\" \/>\n<meta property=\"og:description\" content=\"Agnya \u00c7akra Affetmenin G\u00fcc\u00fc Bu \u00e7akran\u0131n \u00f6z\u00fc affetmektir. Affetmedi\u011fimizde bu \u00e7akran\u0131n dengesini bozarak kendimize ger\u00e7ekten zarar veririz. Affetmek; \u00f6fke, nefret ve k\u0131rg\u0131nl\u0131\u011f\u0131 sal\u0131verme g\u00fcc\u00fcd\u00fcr ki bu da ayd\u0131nlanmadan \u00f6nce kolay de\u011fildir. Sadece samimi bir \u015fekilde kalpten &#8220;Affediyorum&#8221; dedi\u011fimizde Kundalini&#8217;miz bu merkeze n\u00fcfuz edebilir ve dikkatimizi ilahi sessizlik alan\u0131na \u00e7ekerek meditasyonumuzda d\u00fc\u015f\u00fcncesiz fark\u0131ndal\u0131k konumuna kolayca ge\u00e7memizi&hellip; Read more\" \/>\n<meta property=\"og:url\" content=\"https:\/\/shrimataji.org\/test\/tr\/agnya-cakra\/\" \/>\n<meta property=\"og:site_name\" content=\"TEST - SMND\" \/>\n<meta property=\"article:publisher\" content=\"https:\/\/www.facebook.com\/shrimataji\" \/>\n<meta property=\"article:modified_time\" content=\"2024-07-12T00:01:51+00:00\" \/>\n<meta property=\"og:image\" content=\"https:\/\/shrimataji.org\/test\/wp-content\/uploads\/2023\/03\/21_Banner-SY-Chakra-agnya-scaled.jpg\" \/>\n\t<meta property=\"og:image:width\" content=\"2560\" \/>\n\t<meta property=\"og:image:height\" content=\"905\" \/>\n\t<meta property=\"og:image:type\" content=\"image\/jpeg\" \/>\n<meta name=\"twitter:card\" content=\"summary_large_image\" \/>\n<meta name=\"twitter:site\" content=\"@shrimataji\" \/>\n<meta name=\"twitter:label1\" content=\"Est. reading time\" \/>\n\t<meta name=\"twitter:data1\" content=\"4 minutes\" \/>\n<script type=\"application\/ld+json\" class=\"yoast-schema-graph\">{\"@context\":\"https:\\\/\\\/schema.org\",\"@graph\":[{\"@type\":\"WebPage\",\"@id\":\"https:\\\/\\\/shrimataji.org\\\/test\\\/tr\\\/agnya-cakra\\\/\",\"url\":\"https:\\\/\\\/shrimataji.org\\\/test\\\/tr\\\/agnya-cakra\\\/\",\"name\":\"Agnya \u00c7akra - TEST - SMND\",\"isPartOf\":{\"@id\":\"https:\\\/\\\/shrimataji.org\\\/test\\\/#website\"},\"primaryImageOfPage\":{\"@id\":\"https:\\\/\\\/shrimataji.org\\\/test\\\/tr\\\/agnya-cakra\\\/#primaryimage\"},\"image\":{\"@id\":\"https:\\\/\\\/shrimataji.org\\\/test\\\/tr\\\/agnya-cakra\\\/#primaryimage\"},\"thumbnailUrl\":\"https:\\\/\\\/shrimataji.org\\\/test\\\/wp-content\\\/uploads\\\/2023\\\/03\\\/21_Banner-SY-Chakra-agnya-scaled.jpg\",\"datePublished\":\"2022-03-05T07:57:08+00:00\",\"dateModified\":\"2024-07-12T00:01:51+00:00\",\"breadcrumb\":{\"@id\":\"https:\\\/\\\/shrimataji.org\\\/test\\\/tr\\\/agnya-cakra\\\/#breadcrumb\"},\"inLanguage\":\"en-US\",\"potentialAction\":[{\"@type\":\"ReadAction\",\"target\":[\"https:\\\/\\\/shrimataji.org\\\/test\\\/tr\\\/agnya-cakra\\\/\"]}]},{\"@type\":\"ImageObject\",\"inLanguage\":\"en-US\",\"@id\":\"https:\\\/\\\/shrimataji.org\\\/test\\\/tr\\\/agnya-cakra\\\/#primaryimage\",\"url\":\"https:\\\/\\\/shrimataji.org\\\/test\\\/wp-content\\\/uploads\\\/2023\\\/03\\\/21_Banner-SY-Chakra-agnya-scaled.jpg\",\"contentUrl\":\"https:\\\/\\\/shrimataji.org\\\/test\\\/wp-content\\\/uploads\\\/2023\\\/03\\\/21_Banner-SY-Chakra-agnya-scaled.jpg\",\"width\":2560,\"height\":905},{\"@type\":\"BreadcrumbList\",\"@id\":\"https:\\\/\\\/shrimataji.org\\\/test\\\/tr\\\/agnya-cakra\\\/#breadcrumb\",\"itemListElement\":[{\"@type\":\"ListItem\",\"position\":1,\"name\":\"Home\",\"item\":\"https:\\\/\\\/shrimataji.org\\\/test\\\/uk\\\/home-en\\\/\"},{\"@type\":\"ListItem\",\"position\":2,\"name\":\"Agnya \u00c7akra\"}]},{\"@type\":\"WebSite\",\"@id\":\"https:\\\/\\\/shrimataji.org\\\/test\\\/#website\",\"url\":\"https:\\\/\\\/shrimataji.org\\\/test\\\/\",\"name\":\"Shri Mataji Nirmala Devi\",\"description\":\"A Life Dedicated to Humanity\",\"publisher\":{\"@id\":\"https:\\\/\\\/shrimataji.org\\\/test\\\/#\\\/schema\\\/person\\\/a1b3419c6585f164aa96da1ff85715d1\"},\"potentialAction\":[{\"@type\":\"SearchAction\",\"target\":{\"@type\":\"EntryPoint\",\"urlTemplate\":\"https:\\\/\\\/shrimataji.org\\\/test\\\/?s={search_term_string}\"},\"query-input\":{\"@type\":\"PropertyValueSpecification\",\"valueRequired\":true,\"valueName\":\"search_term_string\"}}],\"inLanguage\":\"en-US\"},{\"@type\":[\"Person\",\"Organization\"],\"@id\":\"https:\\\/\\\/shrimataji.org\\\/test\\\/#\\\/schema\\\/person\\\/a1b3419c6585f164aa96da1ff85715d1\",\"name\":\"Nirmala Shrivastava\",\"image\":{\"@type\":\"ImageObject\",\"inLanguage\":\"en-US\",\"@id\":\"https:\\\/\\\/shrimataji.org\\\/test\\\/wp-content\\\/uploads\\\/2023\\\/02\\\/SMO_LOGO-03.svg\",\"url\":\"https:\\\/\\\/shrimataji.org\\\/test\\\/wp-content\\\/uploads\\\/2023\\\/02\\\/SMO_LOGO-03.svg\",\"contentUrl\":\"https:\\\/\\\/shrimataji.org\\\/test\\\/wp-content\\\/uploads\\\/2023\\\/02\\\/SMO_LOGO-03.svg\",\"width\":\"1024\",\"height\":\"1024\",\"caption\":\"Nirmala Shrivastava\"},\"logo\":{\"@id\":\"https:\\\/\\\/shrimataji.org\\\/test\\\/wp-content\\\/uploads\\\/2023\\\/02\\\/SMO_LOGO-03.svg\"},\"sameAs\":[\"https:\\\/\\\/shrimataji.org\\\/test\",\"https:\\\/\\\/www.facebook.com\\\/shrimataji\",\"https:\\\/\\\/x.com\\\/shrimataji\",\"https:\\\/\\\/www.youtube.com\\\/@Shri_Mataji_Nirmala_Devi\\\/featured\"]}]}<\/script>\n<!-- \/ Yoast SEO plugin. -->","yoast_head_json":{"title":"Agnya \u00c7akra - TEST - SMND","robots":{"index":"noindex","follow":"follow","max-snippet":"max-snippet:-1","max-image-preview":"max-image-preview:large","max-video-preview":"max-video-preview:-1"},"og_locale":"en_US","og_type":"article","og_title":"Agnya \u00c7akra - TEST - SMND","og_description":"Agnya \u00c7akra Affetmenin G\u00fcc\u00fc Bu \u00e7akran\u0131n \u00f6z\u00fc affetmektir. Affetmedi\u011fimizde bu \u00e7akran\u0131n dengesini bozarak kendimize ger\u00e7ekten zarar veririz. Affetmek; \u00f6fke, nefret ve k\u0131rg\u0131nl\u0131\u011f\u0131 sal\u0131verme g\u00fcc\u00fcd\u00fcr ki bu da ayd\u0131nlanmadan \u00f6nce kolay de\u011fildir. Sadece samimi bir \u015fekilde kalpten &#8220;Affediyorum&#8221; dedi\u011fimizde Kundalini&#8217;miz bu merkeze n\u00fcfuz edebilir ve dikkatimizi ilahi sessizlik alan\u0131na \u00e7ekerek meditasyonumuzda d\u00fc\u015f\u00fcncesiz fark\u0131ndal\u0131k konumuna kolayca ge\u00e7memizi&hellip; Read more","og_url":"https:\/\/shrimataji.org\/test\/tr\/agnya-cakra\/","og_site_name":"TEST - SMND","article_publisher":"https:\/\/www.facebook.com\/shrimataji","article_modified_time":"2024-07-12T00:01:51+00:00","og_image":[{"width":2560,"height":905,"url":"https:\/\/shrimataji.org\/test\/wp-content\/uploads\/2023\/03\/21_Banner-SY-Chakra-agnya-scaled.jpg","type":"image\/jpeg"}],"twitter_card":"summary_large_image","twitter_site":"@shrimataji","twitter_misc":{"Est. reading time":"4 minutes"},"schema":{"@context":"https:\/\/schema.org","@graph":[{"@type":"WebPage","@id":"https:\/\/shrimataji.org\/test\/tr\/agnya-cakra\/","url":"https:\/\/shrimataji.org\/test\/tr\/agnya-cakra\/","name":"Agnya \u00c7akra - TEST - SMND","isPartOf":{"@id":"https:\/\/shrimataji.org\/test\/#website"},"primaryImageOfPage":{"@id":"https:\/\/shrimataji.org\/test\/tr\/agnya-cakra\/#primaryimage"},"image":{"@id":"https:\/\/shrimataji.org\/test\/tr\/agnya-cakra\/#primaryimage"},"thumbnailUrl":"https:\/\/shrimataji.org\/test\/wp-content\/uploads\/2023\/03\/21_Banner-SY-Chakra-agnya-scaled.jpg","datePublished":"2022-03-05T07:57:08+00:00","dateModified":"2024-07-12T00:01:51+00:00","breadcrumb":{"@id":"https:\/\/shrimataji.org\/test\/tr\/agnya-cakra\/#breadcrumb"},"inLanguage":"en-US","potentialAction":[{"@type":"ReadAction","target":["https:\/\/shrimataji.org\/test\/tr\/agnya-cakra\/"]}]},{"@type":"ImageObject","inLanguage":"en-US","@id":"https:\/\/shrimataji.org\/test\/tr\/agnya-cakra\/#primaryimage","url":"https:\/\/shrimataji.org\/test\/wp-content\/uploads\/2023\/03\/21_Banner-SY-Chakra-agnya-scaled.jpg","contentUrl":"https:\/\/shrimataji.org\/test\/wp-content\/uploads\/2023\/03\/21_Banner-SY-Chakra-agnya-scaled.jpg","width":2560,"height":905},{"@type":"BreadcrumbList","@id":"https:\/\/shrimataji.org\/test\/tr\/agnya-cakra\/#breadcrumb","itemListElement":[{"@type":"ListItem","position":1,"name":"Home","item":"https:\/\/shrimataji.org\/test\/uk\/home-en\/"},{"@type":"ListItem","position":2,"name":"Agnya \u00c7akra"}]},{"@type":"WebSite","@id":"https:\/\/shrimataji.org\/test\/#website","url":"https:\/\/shrimataji.org\/test\/","name":"Shri Mataji Nirmala Devi","description":"A Life Dedicated to Humanity","publisher":{"@id":"https:\/\/shrimataji.org\/test\/#\/schema\/person\/a1b3419c6585f164aa96da1ff85715d1"},"potentialAction":[{"@type":"SearchAction","target":{"@type":"EntryPoint","urlTemplate":"https:\/\/shrimataji.org\/test\/?s={search_term_string}"},"query-input":{"@type":"PropertyValueSpecification","valueRequired":true,"valueName":"search_term_string"}}],"inLanguage":"en-US"},{"@type":["Person","Organization"],"@id":"https:\/\/shrimataji.org\/test\/#\/schema\/person\/a1b3419c6585f164aa96da1ff85715d1","name":"Nirmala Shrivastava","image":{"@type":"ImageObject","inLanguage":"en-US","@id":"https:\/\/shrimataji.org\/test\/wp-content\/uploads\/2023\/02\/SMO_LOGO-03.svg","url":"https:\/\/shrimataji.org\/test\/wp-content\/uploads\/2023\/02\/SMO_LOGO-03.svg","contentUrl":"https:\/\/shrimataji.org\/test\/wp-content\/uploads\/2023\/02\/SMO_LOGO-03.svg","width":"1024","height":"1024","caption":"Nirmala Shrivastava"},"logo":{"@id":"https:\/\/shrimataji.org\/test\/wp-content\/uploads\/2023\/02\/SMO_LOGO-03.svg"},"sameAs":["https:\/\/shrimataji.org\/test","https:\/\/www.facebook.com\/shrimataji","https:\/\/x.com\/shrimataji","https:\/\/www.youtube.com\/@Shri_Mataji_Nirmala_Devi\/featured"]}]}},"lang":"tr","translations":{"tr":10131,"ur":37387,"en":6497,"am":17958,"th":19882,"hu":19433,"sq":18359,"zh":17256,"hi":7347,"pt":10348,"de":10621,"fr":10719,"it":10817,"es":10915,"ja":11212,"ru":11400,"bn":11592,"te":11700,"sw":11823,"he":11971,"el":12262,"sk":12360,"fa":12458,"fi":12556,"bg":13366,"ro":14440,"cs":14633,"nl":16519,"ku":16679,"ar":16855,"be":18566,"kn":18840,"mr":20246,"uk":20538,"ml":20837,"ta":22674,"sv":22947,"gu":28795,"pa":28953,"fil":29393,"da":37701,"pl":37918,"nn":38253},"pll_sync_post":[],"_links":{"self":[{"href":"https:\/\/shrimataji.org\/test\/wp-json\/wp\/v2\/pages\/10131","targetHints":{"allow":["GET"]}}],"collection":[{"href":"https:\/\/shrimataji.org\/test\/wp-json\/wp\/v2\/pages"}],"about":[{"href":"https:\/\/shrimataji.org\/test\/wp-json\/wp\/v2\/types\/page"}],"author":[{"embeddable":true,"href":"https:\/\/shrimataji.org\/test\/wp-json\/wp\/v2\/users\/12"}],"replies":[{"embeddable":true,"href":"https:\/\/shrimataji.org\/test\/wp-json\/wp\/v2\/comments?post=10131"}],"version-history":[{"count":0,"href":"https:\/\/shrimataji.org\/test\/wp-json\/wp\/v2\/pages\/10131\/revisions"}],"wp:featuredmedia":[{"embeddable":true,"href":"https:\/\/shrimataji.org\/test\/wp-json\/wp\/v2\/media\/9256"}],"wp:attachment":[{"href":"https:\/\/shrimataji.org\/test\/wp-json\/wp\/v2\/media?parent=10131"}],"curies":[{"name":"wp","href":"https:\/\/api.w.org\/{rel}","templated":true}]}}