{"id":10132,"date":"2022-03-05T07:42:03","date_gmt":"2022-03-05T07:42:03","guid":{"rendered":"https:\/\/test.shrimataji.org\/?page_id=6490"},"modified":"2024-07-12T00:01:52","modified_gmt":"2024-07-12T00:01:52","slug":"anahata-cakra","status":"publish","type":"page","link":"https:\/\/shrimataji.org\/test\/tr\/anahata-cakra\/","title":{"rendered":"Anahata \u00c7akra"},"content":{"rendered":"\n\n\t<h1>Anahata \u00c7akra<\/h1>\n<h2>Ko\u015fulsuz Sevgi ve Korkusuzluk\u00a0<\/h2>\n<p><b>Her yan\u0131 saran ebedi Ruh (Atma) ilk olarak insan fet\u00fcs\u00fcn\u00fcn olu\u015fumunun erken evresinde beyne girer. Shri Mataji bu an\u0131, i\u00e7imizdeki ya\u015fam g\u00fcc\u00fcn\u00fc tetikleyen ve <a href=\"https:\/\/shrimataji.org\/tr\/kundalini\">Kundalini&#8217;nin<\/a> s\u00fcptil bedenimizi fiziksel bedenin geli\u015fimiyle i\u00e7 i\u00e7e ge\u00e7en olaylar zinciri yaratan ilk kalp at\u0131\u015f\u0131 olarak tan\u0131mlar. Fet\u00fcs\u00fcn ba\u015f k\u0131sm\u0131na yak\u0131n bir yerde olu\u015fan bu nab\u0131z gibi atan kalp, daha sonra bedenimiz geli\u015ftik\u00e7e g\u00f6\u011fs\u00fcn i\u00e7ine do\u011fru itilir. T\u0131pk\u0131 ya\u015fam oyununa tan\u0131kl\u0131k eden bir seyirci gibi ya\u015fam\u0131m\u0131zdaki hi\u00e7bir olaydan etkilenmeden daima saf olarak orada bulunur.<\/b><\/p>\n<p>Kundalini bu merkezi ayd\u0131nlatt\u0131\u011f\u0131nda, ruhumuzun ger\u00e7ek do\u011fas\u0131 olan saf ve ko\u015fulsuz sevgi duygusunu deneyimleriz. Fark\u0131ndal\u0131\u011f\u0131m\u0131z, geli\u015ftik\u00e7e \u00fc\u00e7\u00fcnc\u00fc merkezi kaplayan kar\u0131n bo\u015flu\u011fu (Void) seviyesindeki bizi saran yan\u0131lsamalardan kurtulmaya ba\u015flar\u0131z. Ayr\u0131ca d\u00fcnyevi ya\u015fam\u0131m\u0131za mesafe koyma duygusu da geli\u015fir ve tamamen korkusuz hale geliriz.<\/p>\n<p>\u015eefkat ve sevgi saf bir kalpten gelir ve ayr\u0131ca kalp \u00e7akras\u0131 bize sorumluluk duygusu ve ba\u015fkalar\u0131na kar\u015f\u0131 iyiliksever davran\u0131\u015flar\u0131 kazand\u0131r\u0131r. Kalp \u00e7akras\u0131 ayn\u0131 zamanda bize tam bir g\u00fcvende olma hissi ile \u00f6zg\u00fcven verir. B\u00f6yle bir ki\u015filik \u00e7ok dinamiktir, ya\u015fam\u0131n\u0131n amac\u0131 ve vizyonu vard\u0131r. \u00d6zverili \u00e7abalar\u0131yla Hindistan&#8217;\u0131n ba\u011f\u0131ms\u0131zl\u0131\u011f\u0131na katk\u0131da bulunan Gandhi buna klasik bir \u00f6rnektir.<\/p>\n\t\n\tYeri:<strong><br \/>\n<\/strong>Anahata \u00e7akra, yakla\u015f\u0131k olarak g\u00f6\u011f\u00fcs hizas\u0131nda omurgam\u0131z i\u00e7inde, g\u00f6\u011f\u00fcs kemi\u011fimizin arkas\u0131nda yer al\u0131r. Bu merkez kalp pleksusunun i\u015fleyi\u015fini y\u00f6netir. Anahata \u00e7akras\u0131n\u0131n titre\u015fimleri her iki elimizin k\u00fc\u00e7\u00fck (ser\u00e7e) parmaklar\u0131nda hissedilebilir.\nRengi:<strong><br \/>\n<\/strong>Anahata \u00e7akra k\u0131rm\u0131z\u0131 renkle temsil edilir. Esas olarak hava elementi ile uyumludur.\nAnahata \u00c7akran\u0131n Nitelikleri:<br \/>\n\u2022 Ko\u015fulsuz sevgi<br \/>\n\u2022 Ko\u015fulsuz \u015fefkat<br \/>\n\u2022 Cana yak\u0131nl\u0131l\u0131k<br \/>\n\u2022 Hakikat<br \/>\n\u2022 Ne\u015fe<br \/>\n\u2022 \u00d6zg\u00fcven<br \/>\n\u2022 Korkusuzluk ve ya\u015famda g\u00fcven hissi<br \/>\n\u2022 \u0130yi anne ve baba ili\u015fkileri\n\t\t\t\t<img loading=\"lazy\" decoding=\"async\" src=\"https:\/\/shrimataji.org\/test\/wp-content\/uploads\/2024\/06\/TR_4-Anahata.png\" alt=\"TR_4-Anahata\" height=\"6850\" width=\"6429\" title=\"TR_4-Anahata\" \/>\n\t<p>Anahata \u00e7akran\u0131n temel niteli\u011fi ko\u015fulsuz sevgidir. Bu \u00e7akran\u0131n ayd\u0131nlanmadan sonra aktive olmas\u0131 kendini g\u00fcvende, \u00f6zg\u00fcvenli, manevi olarak sorumlu ve duygusal olarak dengede hissetmeyi sa\u011flar. Bu s\u00fcptil merkezin nitelikleri fark\u0131ndal\u0131\u011f\u0131m\u0131zda ortaya \u00e7\u0131kt\u0131\u011f\u0131nda varl\u0131\u011f\u0131m\u0131z\u0131n saf ne\u015fesini deneyimleriz. Hayat\u0131m\u0131z\u0131n ger\u00e7ek amac\u0131n\u0131 ke\u015ffeder ve s\u00fcrekli olarak daha y\u00fcksek ruhani fark\u0131ndal\u0131k konumuna eri\u015fmek i\u00e7in \u00e7abalar\u0131z.<\/p>\n<p>Deneyim ve Faydalar\u0131:<\/p>\n<p>Anahata \u00e7akran\u0131z\u0131n en \u00f6nemli fizyolojik i\u015flevi kalbinizi ve akci\u011ferlerinizi d\u00fczenlemesidir. Bu organlar dola\u015f\u0131m ve solunum sistemlerinizin sa\u011fl\u0131\u011f\u0131n\u0131 kontrol ederek d\u00fczg\u00fcn \u00e7al\u0131\u015fmas\u0131n\u0131 t\u00fcm\u00fcyle gerekli k\u0131lar. Anahata \u00e7akra ayn\u0131 zamanda g\u00f6\u011f\u00fcsleri ve tim\u00fcs bezini de kontrol eder. Tim\u00fcs bezi, g\u00f6\u011f\u00fcs kemi\u011finizin \u00fcst k\u0131sm\u0131n\u0131n arkas\u0131nda bulunan k\u00fc\u00e7\u00fck bir bezdir. Ba\u011f\u0131\u015f\u0131kl\u0131k sisteminizin i\u015fleyi\u015finde \u00e7ok \u00f6nemlidir. Bazen sevgi ve \u015fefkati daha az istenen sahiplenme ve bencillik duygular\u0131yla kar\u0131\u015ft\u0131r\u0131r\u0131z. Sahaja Yoga, kalbinizi ilahi enerjiyle doldurdu\u011fu i\u00e7in aradaki fark\u0131 anlayabilirsiniz. Ba\u015fkalar\u0131n\u0131n ihtiya\u00e7lar\u0131 konusundaki fark\u0131ndal\u0131\u011f\u0131n\u0131z\u0131n artt\u0131\u011f\u0131n\u0131 g\u00f6receksiniz. Saf bir sevgiyle ve bencillik olmadan sevebileceksiniz.<\/p>\n<p>Di\u011fer \u00e7akralar\u0131n \u00e7o\u011funda oldu\u011fu gibi g\u00fcnl\u00fck ya\u015fam\u0131n stresleri \u00e7akrada t\u0131kanmaya ve dengesizli\u011fe yol a\u00e7abilir. A\u015f\u0131r\u0131 d\u00fc\u015f\u00fcnmenin, a\u015f\u0131r\u0131 plan yapman\u0131n, g\u00fcvensiz hissetmenin ve endi\u015fe etmenin Anahata \u00e7akran\u0131z\u0131n dengesizli\u011finde pay\u0131 olabilir. Bununla birlikte, meditasyon yoluyla bu \u00e7akraya enerji verdi\u011finizde bu \u00e7akray\u0131 tekrar dengeye getirebilirsiniz. Bu \u00e7akra, dengede oldu\u011funda kendinizden emin ve g\u00fcvende hissederek olumsuz etkilere kar\u015f\u0131 ba\u011f\u0131\u015f\u0131kl\u0131l\u0131k kazanacaks\u0131n\u0131z. Ya\u015fam sevincinin de\u011ferini, kalp \u00e7akras\u0131 g\u00fc\u00e7l\u00fc oldu\u011funda tam olarak anlayabilirsiniz.<\/p>\n<p>Anne veya baba taraf\u0131ndan olumsuz ili\u015fkiler ya\u015fad\u0131ysan\u0131z g\u00fc\u00e7l\u00fc bir Anahata \u00e7akras\u0131 bunlar\u0131 d\u00fczeltmenize bile yard\u0131mc\u0131 olabilir. Kendi davran\u0131\u015flar\u0131n\u0131z i\u00e7in s\u0131n\u0131rlar koymay\u0131 ve ba\u015fkalar\u0131n\u0131n s\u0131n\u0131rlar\u0131na sayg\u0131 duymay\u0131 \u00f6\u011freneceksiniz. Sonu\u00e7 olarak, t\u00fcm ili\u015fkileriniz iyile\u015fecektir.<\/p>\nKi\u015fisel De\u011ferlendirme:<strong><br \/>\n<\/strong>\n<p>Anahata \u00e7akran\u0131z t\u0131kal\u0131 veya dengede de\u011filse kalp \u00e7arp\u0131nt\u0131s\u0131, ast\u0131m ve zay\u0131f bir ba\u011f\u0131\u015f\u0131kl\u0131k sistemi gibi belirtiler ya\u015fayabilirsiniz. En a\u011f\u0131r vakalarda kalp krizi, meme kanseri ve akci\u011fer hastal\u0131klar\u0131 ortaya \u00e7\u0131kabilir. Ancak, b\u00f6yle bir duruma ula\u015fm\u0131\u015f olman\u0131z pek olas\u0131 de\u011fildir. Bu \u00e7akray\u0131 dengelemek basittir ve bu ciddi hastal\u0131klar\u0131n yan\u0131 s\u0131ra daha az ciddi semptomlar\u0131 da \u00f6nlemenize yard\u0131mc\u0131 olacakt\u0131r.<\/p>\n<p>Dengeden \u00c7\u0131kma Sebepleri:<\/p>\n<ul>\n<li>Korku<\/li>\n<li>A\u015f\u0131r\u0131 sorumluluk veya sorumsuzluk<\/li>\n<li>Sadece ki\u015fisel \u00e7\u0131karlar\u0131 d\u00fc\u015f\u00fcnmek<\/li>\n<\/ul>\nNas\u0131l Dengelenir?:<strong><br \/>\n<\/strong>\n<p>Anahata \u00e7akran\u0131z\u0131 dengelemeniz gerekiyorsa birka\u00e7 saniye boyunca yava\u015f\u00e7a ve derin nefes al\u0131n. Nefes al\u0131p verirken rahatlad\u0131\u011f\u0131n\u0131z\u0131 hissedeceksiniz. Derin bir nefes al\u0131n ve birka\u00e7 saniye tutun. Nefesi yava\u015f\u00e7a ve yumu\u015fak bir \u015fekilde verin. Bu i\u015flemi birka\u00e7 kez tekrarlay\u0131n. Sa\u011f, orta ve sol anahata \u00e7akralar\u0131n\u0131z\u0131 dengeye getirmek i\u00e7in a\u015fa\u011f\u0131daki y\u00f6ntem de kullan\u0131labilir. Sa\u011f elinizin avu\u00e7 i\u00e7i i\u00e7e bakacak \u015fekilde, kalp \u00e7akran\u0131zdan birka\u00e7 santim uza\u011fa yerle\u015ftirin. Enerjinin elinizden akt\u0131\u011f\u0131n\u0131 hissetti\u011finizde elinizi \u00e7akran\u0131n etraf\u0131nda saat y\u00f6n\u00fcnde d\u00f6nd\u00fcr\u00fcn. Bu i\u015flemi de birka\u00e7 kez tekrarlay\u0131n.<\/p>\n<p>Meditasyon yaparken sa\u011f elinizi kalbinizin \u00fczerine koyarak \u00f6zellikle sol anahata \u00e7akran\u0131z\u0131 dengeleyebilirsiniz. \u015eu s\u00f6zleri birka\u00e7 kez s\u00f6yleyin: &#8220;Ben ruhumla birim.&#8221; Bu s\u00f6z\u00fc kalbinizde hissedin.<\/p>\n\n","protected":false},"excerpt":{"rendered":"<p>Anahata \u00c7akra Ko\u015fulsuz Sevgi ve Korkusuzluk\u00a0 Her yan\u0131 saran ebedi Ruh (Atma) ilk olarak insan fet\u00fcs\u00fcn\u00fcn olu\u015fumunun erken evresinde beyne girer. Shri Mataji bu an\u0131, i\u00e7imizdeki ya\u015fam g\u00fcc\u00fcn\u00fc tetikleyen ve Kundalini&#8217;nin s\u00fcptil bedenimizi fiziksel bedenin geli\u015fimiyle i\u00e7 i\u00e7e ge\u00e7en olaylar zinciri yaratan ilk kalp at\u0131\u015f\u0131 olarak tan\u0131mlar. Fet\u00fcs\u00fcn ba\u015f k\u0131sm\u0131na yak\u0131n bir yerde olu\u015fan bu&hellip; <br \/> <a class=\"read-more\" href=\"https:\/\/shrimataji.org\/test\/tr\/anahata-cakra\/\">Read more<\/a><\/p>\n","protected":false},"author":12,"featured_media":9254,"parent":0,"menu_order":0,"comment_status":"closed","ping_status":"closed","template":"","meta":{"inline_featured_image":false,"footnotes":""},"class_list":["post-10132","page","type-page","status-publish","has-post-thumbnail","hentry"],"yoast_head":"<!-- This site is optimized with the Yoast SEO plugin v27.4 - https:\/\/yoast.com\/product\/yoast-seo-wordpress\/ -->\n<title>Anahata \u00c7akra - TEST - SMND<\/title>\n<meta name=\"robots\" content=\"noindex, follow, max-snippet:-1, max-image-preview:large, max-video-preview:-1\" \/>\n<meta property=\"og:locale\" content=\"en_US\" \/>\n<meta property=\"og:type\" content=\"article\" \/>\n<meta property=\"og:title\" content=\"Anahata \u00c7akra - TEST - SMND\" \/>\n<meta property=\"og:description\" content=\"Anahata \u00c7akra Ko\u015fulsuz Sevgi ve Korkusuzluk\u00a0 Her yan\u0131 saran ebedi Ruh (Atma) ilk olarak insan fet\u00fcs\u00fcn\u00fcn olu\u015fumunun erken evresinde beyne girer. Shri Mataji bu an\u0131, i\u00e7imizdeki ya\u015fam g\u00fcc\u00fcn\u00fc tetikleyen ve Kundalini&#8217;nin s\u00fcptil bedenimizi fiziksel bedenin geli\u015fimiyle i\u00e7 i\u00e7e ge\u00e7en olaylar zinciri yaratan ilk kalp at\u0131\u015f\u0131 olarak tan\u0131mlar. Fet\u00fcs\u00fcn ba\u015f k\u0131sm\u0131na yak\u0131n bir yerde olu\u015fan bu&hellip; Read more\" \/>\n<meta property=\"og:url\" content=\"https:\/\/shrimataji.org\/test\/tr\/anahata-cakra\/\" \/>\n<meta property=\"og:site_name\" content=\"TEST - SMND\" \/>\n<meta property=\"article:publisher\" content=\"https:\/\/www.facebook.com\/shrimataji\" \/>\n<meta property=\"article:modified_time\" content=\"2024-07-12T00:01:52+00:00\" \/>\n<meta property=\"og:image\" content=\"https:\/\/shrimataji.org\/test\/wp-content\/uploads\/2023\/03\/19_Banner-SY-Chakra-anahat-scaled.jpg\" \/>\n\t<meta property=\"og:image:width\" content=\"2560\" \/>\n\t<meta property=\"og:image:height\" content=\"905\" \/>\n\t<meta property=\"og:image:type\" content=\"image\/jpeg\" \/>\n<meta name=\"twitter:card\" content=\"summary_large_image\" \/>\n<meta name=\"twitter:site\" content=\"@shrimataji\" \/>\n<meta name=\"twitter:label1\" content=\"Est. reading time\" \/>\n\t<meta name=\"twitter:data1\" content=\"4 minutes\" \/>\n<script type=\"application\/ld+json\" class=\"yoast-schema-graph\">{\"@context\":\"https:\\\/\\\/schema.org\",\"@graph\":[{\"@type\":\"WebPage\",\"@id\":\"https:\\\/\\\/shrimataji.org\\\/test\\\/tr\\\/anahata-cakra\\\/\",\"url\":\"https:\\\/\\\/shrimataji.org\\\/test\\\/tr\\\/anahata-cakra\\\/\",\"name\":\"Anahata \u00c7akra - TEST - SMND\",\"isPartOf\":{\"@id\":\"https:\\\/\\\/shrimataji.org\\\/test\\\/#website\"},\"primaryImageOfPage\":{\"@id\":\"https:\\\/\\\/shrimataji.org\\\/test\\\/tr\\\/anahata-cakra\\\/#primaryimage\"},\"image\":{\"@id\":\"https:\\\/\\\/shrimataji.org\\\/test\\\/tr\\\/anahata-cakra\\\/#primaryimage\"},\"thumbnailUrl\":\"https:\\\/\\\/shrimataji.org\\\/test\\\/wp-content\\\/uploads\\\/2023\\\/03\\\/19_Banner-SY-Chakra-anahat-scaled.jpg\",\"datePublished\":\"2022-03-05T07:42:03+00:00\",\"dateModified\":\"2024-07-12T00:01:52+00:00\",\"breadcrumb\":{\"@id\":\"https:\\\/\\\/shrimataji.org\\\/test\\\/tr\\\/anahata-cakra\\\/#breadcrumb\"},\"inLanguage\":\"en-US\",\"potentialAction\":[{\"@type\":\"ReadAction\",\"target\":[\"https:\\\/\\\/shrimataji.org\\\/test\\\/tr\\\/anahata-cakra\\\/\"]}]},{\"@type\":\"ImageObject\",\"inLanguage\":\"en-US\",\"@id\":\"https:\\\/\\\/shrimataji.org\\\/test\\\/tr\\\/anahata-cakra\\\/#primaryimage\",\"url\":\"https:\\\/\\\/shrimataji.org\\\/test\\\/wp-content\\\/uploads\\\/2023\\\/03\\\/19_Banner-SY-Chakra-anahat-scaled.jpg\",\"contentUrl\":\"https:\\\/\\\/shrimataji.org\\\/test\\\/wp-content\\\/uploads\\\/2023\\\/03\\\/19_Banner-SY-Chakra-anahat-scaled.jpg\",\"width\":2560,\"height\":905},{\"@type\":\"BreadcrumbList\",\"@id\":\"https:\\\/\\\/shrimataji.org\\\/test\\\/tr\\\/anahata-cakra\\\/#breadcrumb\",\"itemListElement\":[{\"@type\":\"ListItem\",\"position\":1,\"name\":\"Home\",\"item\":\"https:\\\/\\\/shrimataji.org\\\/test\\\/uk\\\/home-en\\\/\"},{\"@type\":\"ListItem\",\"position\":2,\"name\":\"Anahata \u00c7akra\"}]},{\"@type\":\"WebSite\",\"@id\":\"https:\\\/\\\/shrimataji.org\\\/test\\\/#website\",\"url\":\"https:\\\/\\\/shrimataji.org\\\/test\\\/\",\"name\":\"Shri Mataji Nirmala Devi\",\"description\":\"A Life Dedicated to Humanity\",\"publisher\":{\"@id\":\"https:\\\/\\\/shrimataji.org\\\/test\\\/#\\\/schema\\\/person\\\/a1b3419c6585f164aa96da1ff85715d1\"},\"potentialAction\":[{\"@type\":\"SearchAction\",\"target\":{\"@type\":\"EntryPoint\",\"urlTemplate\":\"https:\\\/\\\/shrimataji.org\\\/test\\\/?s={search_term_string}\"},\"query-input\":{\"@type\":\"PropertyValueSpecification\",\"valueRequired\":true,\"valueName\":\"search_term_string\"}}],\"inLanguage\":\"en-US\"},{\"@type\":[\"Person\",\"Organization\"],\"@id\":\"https:\\\/\\\/shrimataji.org\\\/test\\\/#\\\/schema\\\/person\\\/a1b3419c6585f164aa96da1ff85715d1\",\"name\":\"Nirmala Shrivastava\",\"image\":{\"@type\":\"ImageObject\",\"inLanguage\":\"en-US\",\"@id\":\"https:\\\/\\\/shrimataji.org\\\/test\\\/wp-content\\\/uploads\\\/2023\\\/02\\\/SMO_LOGO-03.svg\",\"url\":\"https:\\\/\\\/shrimataji.org\\\/test\\\/wp-content\\\/uploads\\\/2023\\\/02\\\/SMO_LOGO-03.svg\",\"contentUrl\":\"https:\\\/\\\/shrimataji.org\\\/test\\\/wp-content\\\/uploads\\\/2023\\\/02\\\/SMO_LOGO-03.svg\",\"width\":\"1024\",\"height\":\"1024\",\"caption\":\"Nirmala Shrivastava\"},\"logo\":{\"@id\":\"https:\\\/\\\/shrimataji.org\\\/test\\\/wp-content\\\/uploads\\\/2023\\\/02\\\/SMO_LOGO-03.svg\"},\"sameAs\":[\"https:\\\/\\\/shrimataji.org\\\/test\",\"https:\\\/\\\/www.facebook.com\\\/shrimataji\",\"https:\\\/\\\/x.com\\\/shrimataji\",\"https:\\\/\\\/www.youtube.com\\\/@Shri_Mataji_Nirmala_Devi\\\/featured\"]}]}<\/script>\n<!-- \/ Yoast SEO plugin. -->","yoast_head_json":{"title":"Anahata \u00c7akra - TEST - SMND","robots":{"index":"noindex","follow":"follow","max-snippet":"max-snippet:-1","max-image-preview":"max-image-preview:large","max-video-preview":"max-video-preview:-1"},"og_locale":"en_US","og_type":"article","og_title":"Anahata \u00c7akra - TEST - SMND","og_description":"Anahata \u00c7akra Ko\u015fulsuz Sevgi ve Korkusuzluk\u00a0 Her yan\u0131 saran ebedi Ruh (Atma) ilk olarak insan fet\u00fcs\u00fcn\u00fcn olu\u015fumunun erken evresinde beyne girer. Shri Mataji bu an\u0131, i\u00e7imizdeki ya\u015fam g\u00fcc\u00fcn\u00fc tetikleyen ve Kundalini&#8217;nin s\u00fcptil bedenimizi fiziksel bedenin geli\u015fimiyle i\u00e7 i\u00e7e ge\u00e7en olaylar zinciri yaratan ilk kalp at\u0131\u015f\u0131 olarak tan\u0131mlar. Fet\u00fcs\u00fcn ba\u015f k\u0131sm\u0131na yak\u0131n bir yerde olu\u015fan bu&hellip; Read more","og_url":"https:\/\/shrimataji.org\/test\/tr\/anahata-cakra\/","og_site_name":"TEST - SMND","article_publisher":"https:\/\/www.facebook.com\/shrimataji","article_modified_time":"2024-07-12T00:01:52+00:00","og_image":[{"width":2560,"height":905,"url":"https:\/\/shrimataji.org\/test\/wp-content\/uploads\/2023\/03\/19_Banner-SY-Chakra-anahat-scaled.jpg","type":"image\/jpeg"}],"twitter_card":"summary_large_image","twitter_site":"@shrimataji","twitter_misc":{"Est. reading time":"4 minutes"},"schema":{"@context":"https:\/\/schema.org","@graph":[{"@type":"WebPage","@id":"https:\/\/shrimataji.org\/test\/tr\/anahata-cakra\/","url":"https:\/\/shrimataji.org\/test\/tr\/anahata-cakra\/","name":"Anahata \u00c7akra - TEST - SMND","isPartOf":{"@id":"https:\/\/shrimataji.org\/test\/#website"},"primaryImageOfPage":{"@id":"https:\/\/shrimataji.org\/test\/tr\/anahata-cakra\/#primaryimage"},"image":{"@id":"https:\/\/shrimataji.org\/test\/tr\/anahata-cakra\/#primaryimage"},"thumbnailUrl":"https:\/\/shrimataji.org\/test\/wp-content\/uploads\/2023\/03\/19_Banner-SY-Chakra-anahat-scaled.jpg","datePublished":"2022-03-05T07:42:03+00:00","dateModified":"2024-07-12T00:01:52+00:00","breadcrumb":{"@id":"https:\/\/shrimataji.org\/test\/tr\/anahata-cakra\/#breadcrumb"},"inLanguage":"en-US","potentialAction":[{"@type":"ReadAction","target":["https:\/\/shrimataji.org\/test\/tr\/anahata-cakra\/"]}]},{"@type":"ImageObject","inLanguage":"en-US","@id":"https:\/\/shrimataji.org\/test\/tr\/anahata-cakra\/#primaryimage","url":"https:\/\/shrimataji.org\/test\/wp-content\/uploads\/2023\/03\/19_Banner-SY-Chakra-anahat-scaled.jpg","contentUrl":"https:\/\/shrimataji.org\/test\/wp-content\/uploads\/2023\/03\/19_Banner-SY-Chakra-anahat-scaled.jpg","width":2560,"height":905},{"@type":"BreadcrumbList","@id":"https:\/\/shrimataji.org\/test\/tr\/anahata-cakra\/#breadcrumb","itemListElement":[{"@type":"ListItem","position":1,"name":"Home","item":"https:\/\/shrimataji.org\/test\/uk\/home-en\/"},{"@type":"ListItem","position":2,"name":"Anahata \u00c7akra"}]},{"@type":"WebSite","@id":"https:\/\/shrimataji.org\/test\/#website","url":"https:\/\/shrimataji.org\/test\/","name":"Shri Mataji Nirmala Devi","description":"A Life Dedicated to Humanity","publisher":{"@id":"https:\/\/shrimataji.org\/test\/#\/schema\/person\/a1b3419c6585f164aa96da1ff85715d1"},"potentialAction":[{"@type":"SearchAction","target":{"@type":"EntryPoint","urlTemplate":"https:\/\/shrimataji.org\/test\/?s={search_term_string}"},"query-input":{"@type":"PropertyValueSpecification","valueRequired":true,"valueName":"search_term_string"}}],"inLanguage":"en-US"},{"@type":["Person","Organization"],"@id":"https:\/\/shrimataji.org\/test\/#\/schema\/person\/a1b3419c6585f164aa96da1ff85715d1","name":"Nirmala Shrivastava","image":{"@type":"ImageObject","inLanguage":"en-US","@id":"https:\/\/shrimataji.org\/test\/wp-content\/uploads\/2023\/02\/SMO_LOGO-03.svg","url":"https:\/\/shrimataji.org\/test\/wp-content\/uploads\/2023\/02\/SMO_LOGO-03.svg","contentUrl":"https:\/\/shrimataji.org\/test\/wp-content\/uploads\/2023\/02\/SMO_LOGO-03.svg","width":"1024","height":"1024","caption":"Nirmala Shrivastava"},"logo":{"@id":"https:\/\/shrimataji.org\/test\/wp-content\/uploads\/2023\/02\/SMO_LOGO-03.svg"},"sameAs":["https:\/\/shrimataji.org\/test","https:\/\/www.facebook.com\/shrimataji","https:\/\/x.com\/shrimataji","https:\/\/www.youtube.com\/@Shri_Mataji_Nirmala_Devi\/featured"]}]}},"lang":"tr","translations":{"tr":10132,"ur":37389,"en":6490,"am":17960,"th":19885,"hu":19435,"sq":18361,"zh":17258,"hi":8331,"pt":10349,"de":10622,"fr":10720,"it":10818,"es":10916,"ja":11213,"ru":11401,"bn":11593,"te":11701,"sw":11824,"he":11972,"el":12263,"sk":12361,"fa":12459,"fi":12557,"bg":13370,"ro":14444,"cs":14637,"nl":16521,"ku":16681,"ar":16857,"be":18568,"kn":18842,"mr":20249,"uk":20541,"ml":20840,"ta":22676,"sv":22949,"gu":28797,"pa":28955,"fil":29395,"da":37703,"pl":37920,"nn":38255},"pll_sync_post":[],"_links":{"self":[{"href":"https:\/\/shrimataji.org\/test\/wp-json\/wp\/v2\/pages\/10132","targetHints":{"allow":["GET"]}}],"collection":[{"href":"https:\/\/shrimataji.org\/test\/wp-json\/wp\/v2\/pages"}],"about":[{"href":"https:\/\/shrimataji.org\/test\/wp-json\/wp\/v2\/types\/page"}],"author":[{"embeddable":true,"href":"https:\/\/shrimataji.org\/test\/wp-json\/wp\/v2\/users\/12"}],"replies":[{"embeddable":true,"href":"https:\/\/shrimataji.org\/test\/wp-json\/wp\/v2\/comments?post=10132"}],"version-history":[{"count":0,"href":"https:\/\/shrimataji.org\/test\/wp-json\/wp\/v2\/pages\/10132\/revisions"}],"wp:featuredmedia":[{"embeddable":true,"href":"https:\/\/shrimataji.org\/test\/wp-json\/wp\/v2\/media\/9254"}],"wp:attachment":[{"href":"https:\/\/shrimataji.org\/test\/wp-json\/wp\/v2\/media?parent=10132"}],"curies":[{"name":"wp","href":"https:\/\/api.w.org\/{rel}","templated":true}]}}