{"id":10133,"date":"2022-01-29T09:56:43","date_gmt":"2022-01-29T09:56:43","guid":{"rendered":"https:\/\/test.shrimataji.org\/?page_id=6391"},"modified":"2024-07-12T00:02:30","modified_gmt":"2024-07-12T00:02:30","slug":"yukselis","status":"publish","type":"page","link":"https:\/\/shrimataji.org\/test\/tr\/yukselis\/","title":{"rendered":"Y\u00fckseli\u015f"},"content":{"rendered":"\n\n\t<h1>Y\u00fckseli\u015f<\/h1>\n<h2>Hayat\u0131n Yan\u0131lsamalar\u0131n\u0131 A\u015fmak<\/h2>\n<div class=\"su-quote su-quote-style-default\"><div class=\"su-quote-inner su-u-clearfix su-u-trim\"> \u015eimdi y\u00fckselme zaman\u0131.\u00a0 &#8230; Art\u0131k ba\u015f\u0131n\u0131zdan \u00e7\u0131kan serin esintiyi hissetmeye ba\u015fl\u0131yorsunuz. Serin esintiyi elinizde bile hissedersiniz.<\/div><\/div>\n<h4>Ayd\u0131nlanman\u0131n en \u00f6nemli amac\u0131, fark\u0131ndal\u0131\u011f\u0131n daha y\u00fcksek alemlerine s\u00fcrekli olarak y\u00fckselebilece\u011fimiz m\u00fckemmel bir denge konumuna ula\u015fmakt\u0131r. Sahaja Yoga meditasyonu ruhsal fark\u0131ndal\u0131\u011f\u0131m\u0131zda b\u00fcy\u00fck y\u00fcksekliklere ula\u015fmam\u0131za yard\u0131mc\u0131 olur ve bunun faydalar\u0131 g\u00fcnl\u00fck hayat\u0131m\u0131za, ailemize, i\u015fimize ve topluma yans\u0131r. Bu, kendimiz ve gezegenimiz D\u00fcnya i\u00e7in s\u00fcrd\u00fcr\u00fclebilir bir ya\u015fam kurmak i\u00e7in ula\u015f\u0131lmas\u0131 gereken \u00f6nemli bir kilometre ta\u015f\u0131d\u0131r.<\/h4>\n<p>Ruhani y\u00fckseli\u015fimizin \u00f6n\u00fcndeki en b\u00fcy\u00fck zorluk, g\u00fcnl\u00fck ger\u00e7ekli\u011fimiz olarak g\u00f6rd\u00fc\u011f\u00fcm\u00fcz ve genellikle yan\u0131lsamal\u0131 ya\u015fam olarak adland\u0131r\u0131lan bu ge\u00e7ici ya\u015fam\u0131n \u00fcstesinden gelmektir. Kadim yaz\u0131tlar heyecan ya da depresyon, zevk ya da ac\u0131, kazan\u00e7 ya da kay\u0131p ikileminde fark\u0131ndal\u0131\u011f\u0131m\u0131z\u0131 ileri geri savuran bu ge\u00e7ici ya\u015famdaki t\u00fcm insani deneyimlerimizin mutsuzlu\u011fumuzun kayna\u011f\u0131 oldu\u011funu anlat\u0131r ve daha y\u00fcksek bir ruhani bilin\u00e7te huzur ve rahatl\u0131\u011f\u0131 deneyimlemek i\u00e7in \u00e7ilecilik ve meditasyon yolunu izlememizi tavsiye eder. Bu da, ger\u00e7e\u011fi arayan pek \u00e7ok ki\u015finin neden d\u00fcnyadan vazge\u00e7meye ve Himalayalar gibi \u00fccra yerlerde inzivaya \u00e7ekilerek kaostan ka\u00e7maya \u00e7al\u0131\u015ft\u0131\u011f\u0131n\u0131; orada Nirvana&#8217;ya ya da ruhani kurtulu\u015fa ula\u015facaklar\u0131na inand\u0131klar\u0131n\u0131 a\u00e7\u0131klar. Her ne kadar, ger\u00e7e\u011fi arayan bir avu\u00e7 gayretli ki\u015fi, ayd\u0131nlanm\u0131\u015f bir gurunun rehberli\u011finde ayd\u0131nlanmaya eri\u015fse de, bir\u00e7o\u011fu y\u0131llarca s\u00fcren \u00e7ileci bir ya\u015fam ve s\u0131k\u0131 bir yoga-meditasyon uygulamas\u0131ndan sonra bile hayal k\u0131r\u0131kl\u0131\u011f\u0131na u\u011fram\u0131\u015f olarak eli bo\u015f d\u00f6nmektedir.<\/p>\n<p>Sahaja Yoga meditasyonu kat\u0131 bir \u00e7ileci ya\u015fam tarz\u0131 veya toplumdan uzakla\u015fmay\u0131 gerektirmez. Toplumun i\u00e7inde ya\u015fayan bir ev sahibi veya s\u0131radan bir vatanda\u015f olman\u0131z uygulama yapmak i\u00e7in en uygunudur. Asl\u0131nda, g\u00fcnl\u00fck ya\u015famlar\u0131m\u0131zdaki zorluklar, Sahaja Yoga meditasyon uygulamas\u0131 ile ula\u015ft\u0131\u011f\u0131m\u0131z y\u00fckseli\u015f durumumuzu s\u0131namak i\u00e7in sa\u011fl\u0131kl\u0131 bir zemin sa\u011flar.<\/p>\n<p>Sahaja Yoga meditasyonu arac\u0131l\u0131\u011f\u0131yla kendi ayd\u0131nlanmam\u0131z\u0131 sa\u011flayarak, saf evrensel ruh olarak ger\u00e7ek do\u011fam\u0131z\u0131n fark\u0131na var\u0131r\u0131z. Bu fark\u0131ndal\u0131kla, Sahaja Yoga&#8217;n\u0131n bize sa\u011flad\u0131\u011f\u0131 ara\u00e7larla birlikte, ya\u015fam\u0131n \u00e7alkant\u0131lar\u0131na tan\u0131kl\u0131k edebilir, kendimizi sorunlarla ve engellerle \u00e7ok fazla \u00f6zde\u015fle\u015ftirmekten kurtarabilir ve &#8220;ya\u015fam&#8221; olarak d\u00fc\u015f\u00fcnd\u00fc\u011f\u00fcm\u00fcz \u015feylerin \u00e7o\u011funun kendi dayatt\u0131\u011f\u0131m\u0131z d\u00fc\u015f\u00fcnce tarz\u0131m\u0131z\u0131n ve beklentilerimizin bir sonucu oldu\u011funu ve dolay\u0131s\u0131yla ge\u00e7ici oldu\u011funu g\u00f6rebiliriz.<\/p>\n<div class=\"epyt-video-wrapper\"><div  data-ep-a=\"fadeIn\"  style=\"display: block; margin: 0px auto;\"  id=\"_ytid_40063\"  width=\"3840\" height=\"2160\"  data-origwidth=\"3840\" data-origheight=\"2160\" data-facadesrc=\"https:\/\/www.youtube.com\/embed\/L9AKl8ypUcE?enablejsapi=1&autoplay=0&cc_load_policy=0&cc_lang_pref=&iv_load_policy=1&loop=0&rel=0&fs=1&playsinline=1&autohide=2&theme=dark&color=red&controls=1&disablekb=0&\" class=\"__youtube_prefs__ epyt-facade  no-lazyload\" data-epautoplay=\"1\" ><img decoding=\"async\" data-spai-excluded=\"true\" class=\"epyt-facade-poster skip-lazy\" loading=\"lazy\"  alt=\"YouTube player\"  src=\"https:\/\/i.ytimg.com\/vi\/L9AKl8ypUcE\/maxresdefault.jpg\"  \/><button class=\"epyt-facade-play\" aria-label=\"Play\"><svg data-no-lazy=\"1\" height=\"100%\" version=\"1.1\" viewBox=\"0 0 68 48\" width=\"100%\"><path class=\"ytp-large-play-button-bg\" d=\"M66.52,7.74c-0.78-2.93-2.49-5.41-5.42-6.19C55.79,.13,34,0,34,0S12.21,.13,6.9,1.55 C3.97,2.33,2.27,4.81,1.48,7.74C0.06,13.05,0,24,0,24s0.06,10.95,1.48,16.26c0.78,2.93,2.49,5.41,5.42,6.19 C12.21,47.87,34,48,34,48s21.79-0.13,27.1-1.55c2.93-0.78,4.64-3.26,5.42-6.19C67.94,34.95,68,24,68,24S67.94,13.05,66.52,7.74z\" fill=\"#f00\"><\/path><path d=\"M 45,24 27,14 27,34\" fill=\"#fff\"><\/path><\/svg><\/button><\/div><\/div><span itemprop=\"video\" itemscope itemtype=\"http:\/\/schema.org\/VideoObject\"><meta itemprop=\"embedUrl\" content=\"https:\/\/www.youtube.com\/embed\/L9AKl8ypUcE\"><meta itemprop=\"name\" content=\"Ascent\"><meta itemprop=\"description\" content=\"YouTube video\"><meta itemprop=\"thumbnailUrl\" content=\"https:\/\/i.ytimg.com\/vi\/L9AKl8ypUcE\/0.jpg\"><meta itemprop=\"duration\" content=\"PT49S\"><meta itemprop=\"uploadDate\" content=\"2022-11-12T03:28:05Z\"><\/span>\n<div class=\"su-quote su-quote-style-default\"><div class=\"su-quote-inner su-u-clearfix su-u-trim\"> Y\u00fckseli\u015f hayat\u0131n\u0131z\u0131n amac\u0131d\u0131r ve onu m\u00fckemmelle\u015ftirmek sizin i\u015finizdir. <\/div><\/div>\n<p>Sahaja Yoga&#8217;n\u0131n ger\u00e7ek bilgisinin t\u00fcm hazineleri Sayg\u0131de\u011fer Shri Mataji Nirmala Devi taraf\u0131ndan verilen binlerce konu\u015fmada bulunabilir. Bu konu\u015fmalar\u0131n her biri ruhani varolu\u015fumuzun g\u00fczel boyutlar\u0131n\u0131 ke\u015ffetmemize ve bu fark\u0131ndal\u0131kta geli\u015fmek i\u00e7in do\u011fru rehberli\u011fi bulmam\u0131za yard\u0131mc\u0131 olur. Okurlar\u0131m\u0131za, k\u00fct\u00fcphane b\u00f6l\u00fcm\u00fcn\u00fcn yan\u0131 s\u0131ra Halk Program\u0131 b\u00f6l\u00fcmlerinde bulabilecekleri \u00e7e\u015fitli konu\u015fmalar\u0131 etkin bir \u015fekilde incelemelerini \u00f6neriyoruz.<\/p>\n<p>Burada, ruhani meditatif durumumuzu derinle\u015ftirmek i\u00e7in <a href=\"http:\/\/www.shrimataji.org\/tr\/ruhani-yukselisimiz\">ruhani y\u00fckseli\u015fimiz<\/a> \u00fczerine b\u00f6ylesi g\u00fczel bir konu\u015fmay\u0131 payla\u015f\u0131yoruz.<\/p>\n<p>&nbsp;<\/p>\n\n","protected":false},"excerpt":{"rendered":"<p>Y\u00fckseli\u015f Hayat\u0131n Yan\u0131lsamalar\u0131n\u0131 A\u015fmak Ayd\u0131nlanman\u0131n en \u00f6nemli amac\u0131, fark\u0131ndal\u0131\u011f\u0131n daha y\u00fcksek alemlerine s\u00fcrekli olarak y\u00fckselebilece\u011fimiz m\u00fckemmel bir denge konumuna ula\u015fmakt\u0131r. Sahaja Yoga meditasyonu ruhsal fark\u0131ndal\u0131\u011f\u0131m\u0131zda b\u00fcy\u00fck y\u00fcksekliklere ula\u015fmam\u0131za yard\u0131mc\u0131 olur ve bunun faydalar\u0131 g\u00fcnl\u00fck hayat\u0131m\u0131za, ailemize, i\u015fimize ve topluma yans\u0131r. Bu, kendimiz ve gezegenimiz D\u00fcnya i\u00e7in s\u00fcrd\u00fcr\u00fclebilir bir ya\u015fam kurmak i\u00e7in ula\u015f\u0131lmas\u0131 gereken \u00f6nemli bir&hellip; <br \/> <a class=\"read-more\" href=\"https:\/\/shrimataji.org\/test\/tr\/yukselis\/\">Read more<\/a><\/p>\n","protected":false},"author":12,"featured_media":9262,"parent":0,"menu_order":0,"comment_status":"closed","ping_status":"closed","template":"","meta":{"inline_featured_image":false,"footnotes":""},"class_list":["post-10133","page","type-page","status-publish","has-post-thumbnail","hentry"],"yoast_head":"<!-- This site is optimized with the Yoast SEO plugin v27.4 - https:\/\/yoast.com\/product\/yoast-seo-wordpress\/ -->\n<title>Y\u00fckseli\u015f - TEST - SMND<\/title>\n<meta name=\"robots\" content=\"noindex, follow, max-snippet:-1, max-image-preview:large, max-video-preview:-1\" \/>\n<meta property=\"og:locale\" content=\"en_US\" \/>\n<meta property=\"og:type\" content=\"article\" \/>\n<meta property=\"og:title\" content=\"Y\u00fckseli\u015f - TEST - SMND\" \/>\n<meta property=\"og:description\" content=\"Y\u00fckseli\u015f Hayat\u0131n Yan\u0131lsamalar\u0131n\u0131 A\u015fmak Ayd\u0131nlanman\u0131n en \u00f6nemli amac\u0131, fark\u0131ndal\u0131\u011f\u0131n daha y\u00fcksek alemlerine s\u00fcrekli olarak y\u00fckselebilece\u011fimiz m\u00fckemmel bir denge konumuna ula\u015fmakt\u0131r. Sahaja Yoga meditasyonu ruhsal fark\u0131ndal\u0131\u011f\u0131m\u0131zda b\u00fcy\u00fck y\u00fcksekliklere ula\u015fmam\u0131za yard\u0131mc\u0131 olur ve bunun faydalar\u0131 g\u00fcnl\u00fck hayat\u0131m\u0131za, ailemize, i\u015fimize ve topluma yans\u0131r. Bu, kendimiz ve gezegenimiz D\u00fcnya i\u00e7in s\u00fcrd\u00fcr\u00fclebilir bir ya\u015fam kurmak i\u00e7in ula\u015f\u0131lmas\u0131 gereken \u00f6nemli bir&hellip; Read more\" \/>\n<meta property=\"og:url\" content=\"https:\/\/shrimataji.org\/test\/tr\/yukselis\/\" \/>\n<meta property=\"og:site_name\" content=\"TEST - SMND\" \/>\n<meta property=\"article:publisher\" content=\"https:\/\/www.facebook.com\/shrimataji\" \/>\n<meta property=\"article:modified_time\" content=\"2024-07-12T00:02:30+00:00\" \/>\n<meta property=\"og:image\" content=\"https:\/\/shrimataji.org\/test\/wp-content\/uploads\/2023\/03\/27_Banner-SY-Ascent-scaled.jpg\" \/>\n\t<meta property=\"og:image:width\" content=\"2560\" \/>\n\t<meta property=\"og:image:height\" content=\"905\" \/>\n\t<meta property=\"og:image:type\" content=\"image\/jpeg\" \/>\n<meta name=\"twitter:card\" content=\"summary_large_image\" \/>\n<meta name=\"twitter:site\" content=\"@shrimataji\" \/>\n<meta name=\"twitter:label1\" content=\"Est. reading time\" \/>\n\t<meta name=\"twitter:data1\" content=\"3 minutes\" \/>\n<script type=\"application\/ld+json\" class=\"yoast-schema-graph\">{\"@context\":\"https:\\\/\\\/schema.org\",\"@graph\":[{\"@type\":\"WebPage\",\"@id\":\"https:\\\/\\\/shrimataji.org\\\/test\\\/tr\\\/yukselis\\\/\",\"url\":\"https:\\\/\\\/shrimataji.org\\\/test\\\/tr\\\/yukselis\\\/\",\"name\":\"Y\u00fckseli\u015f - TEST - SMND\",\"isPartOf\":{\"@id\":\"https:\\\/\\\/shrimataji.org\\\/test\\\/#website\"},\"primaryImageOfPage\":{\"@id\":\"https:\\\/\\\/shrimataji.org\\\/test\\\/tr\\\/yukselis\\\/#primaryimage\"},\"image\":{\"@id\":\"https:\\\/\\\/shrimataji.org\\\/test\\\/tr\\\/yukselis\\\/#primaryimage\"},\"thumbnailUrl\":\"https:\\\/\\\/shrimataji.org\\\/test\\\/wp-content\\\/uploads\\\/2023\\\/03\\\/27_Banner-SY-Ascent-scaled.jpg\",\"datePublished\":\"2022-01-29T09:56:43+00:00\",\"dateModified\":\"2024-07-12T00:02:30+00:00\",\"breadcrumb\":{\"@id\":\"https:\\\/\\\/shrimataji.org\\\/test\\\/tr\\\/yukselis\\\/#breadcrumb\"},\"inLanguage\":\"en-US\",\"potentialAction\":[{\"@type\":\"ReadAction\",\"target\":[\"https:\\\/\\\/shrimataji.org\\\/test\\\/tr\\\/yukselis\\\/\"]}]},{\"@type\":\"ImageObject\",\"inLanguage\":\"en-US\",\"@id\":\"https:\\\/\\\/shrimataji.org\\\/test\\\/tr\\\/yukselis\\\/#primaryimage\",\"url\":\"https:\\\/\\\/shrimataji.org\\\/test\\\/wp-content\\\/uploads\\\/2023\\\/03\\\/27_Banner-SY-Ascent-scaled.jpg\",\"contentUrl\":\"https:\\\/\\\/shrimataji.org\\\/test\\\/wp-content\\\/uploads\\\/2023\\\/03\\\/27_Banner-SY-Ascent-scaled.jpg\",\"width\":2560,\"height\":905},{\"@type\":\"BreadcrumbList\",\"@id\":\"https:\\\/\\\/shrimataji.org\\\/test\\\/tr\\\/yukselis\\\/#breadcrumb\",\"itemListElement\":[{\"@type\":\"ListItem\",\"position\":1,\"name\":\"Home\",\"item\":\"https:\\\/\\\/shrimataji.org\\\/test\\\/uk\\\/home-en\\\/\"},{\"@type\":\"ListItem\",\"position\":2,\"name\":\"Y\u00fckseli\u015f\"}]},{\"@type\":\"WebSite\",\"@id\":\"https:\\\/\\\/shrimataji.org\\\/test\\\/#website\",\"url\":\"https:\\\/\\\/shrimataji.org\\\/test\\\/\",\"name\":\"Shri Mataji Nirmala Devi\",\"description\":\"A Life Dedicated to Humanity\",\"publisher\":{\"@id\":\"https:\\\/\\\/shrimataji.org\\\/test\\\/#\\\/schema\\\/person\\\/a1b3419c6585f164aa96da1ff85715d1\"},\"potentialAction\":[{\"@type\":\"SearchAction\",\"target\":{\"@type\":\"EntryPoint\",\"urlTemplate\":\"https:\\\/\\\/shrimataji.org\\\/test\\\/?s={search_term_string}\"},\"query-input\":{\"@type\":\"PropertyValueSpecification\",\"valueRequired\":true,\"valueName\":\"search_term_string\"}}],\"inLanguage\":\"en-US\"},{\"@type\":[\"Person\",\"Organization\"],\"@id\":\"https:\\\/\\\/shrimataji.org\\\/test\\\/#\\\/schema\\\/person\\\/a1b3419c6585f164aa96da1ff85715d1\",\"name\":\"Nirmala Shrivastava\",\"image\":{\"@type\":\"ImageObject\",\"inLanguage\":\"en-US\",\"@id\":\"https:\\\/\\\/shrimataji.org\\\/test\\\/wp-content\\\/uploads\\\/2023\\\/02\\\/SMO_LOGO-03.svg\",\"url\":\"https:\\\/\\\/shrimataji.org\\\/test\\\/wp-content\\\/uploads\\\/2023\\\/02\\\/SMO_LOGO-03.svg\",\"contentUrl\":\"https:\\\/\\\/shrimataji.org\\\/test\\\/wp-content\\\/uploads\\\/2023\\\/02\\\/SMO_LOGO-03.svg\",\"width\":\"1024\",\"height\":\"1024\",\"caption\":\"Nirmala Shrivastava\"},\"logo\":{\"@id\":\"https:\\\/\\\/shrimataji.org\\\/test\\\/wp-content\\\/uploads\\\/2023\\\/02\\\/SMO_LOGO-03.svg\"},\"sameAs\":[\"https:\\\/\\\/shrimataji.org\\\/test\",\"https:\\\/\\\/www.facebook.com\\\/shrimataji\",\"https:\\\/\\\/x.com\\\/shrimataji\",\"https:\\\/\\\/www.youtube.com\\\/@Shri_Mataji_Nirmala_Devi\\\/featured\"]}]}<\/script>\n<!-- \/ Yoast SEO plugin. -->","yoast_head_json":{"title":"Y\u00fckseli\u015f - TEST - SMND","robots":{"index":"noindex","follow":"follow","max-snippet":"max-snippet:-1","max-image-preview":"max-image-preview:large","max-video-preview":"max-video-preview:-1"},"og_locale":"en_US","og_type":"article","og_title":"Y\u00fckseli\u015f - TEST - SMND","og_description":"Y\u00fckseli\u015f Hayat\u0131n Yan\u0131lsamalar\u0131n\u0131 A\u015fmak Ayd\u0131nlanman\u0131n en \u00f6nemli amac\u0131, fark\u0131ndal\u0131\u011f\u0131n daha y\u00fcksek alemlerine s\u00fcrekli olarak y\u00fckselebilece\u011fimiz m\u00fckemmel bir denge konumuna ula\u015fmakt\u0131r. Sahaja Yoga meditasyonu ruhsal fark\u0131ndal\u0131\u011f\u0131m\u0131zda b\u00fcy\u00fck y\u00fcksekliklere ula\u015fmam\u0131za yard\u0131mc\u0131 olur ve bunun faydalar\u0131 g\u00fcnl\u00fck hayat\u0131m\u0131za, ailemize, i\u015fimize ve topluma yans\u0131r. Bu, kendimiz ve gezegenimiz D\u00fcnya i\u00e7in s\u00fcrd\u00fcr\u00fclebilir bir ya\u015fam kurmak i\u00e7in ula\u015f\u0131lmas\u0131 gereken \u00f6nemli bir&hellip; Read more","og_url":"https:\/\/shrimataji.org\/test\/tr\/yukselis\/","og_site_name":"TEST - SMND","article_publisher":"https:\/\/www.facebook.com\/shrimataji","article_modified_time":"2024-07-12T00:02:30+00:00","og_image":[{"width":2560,"height":905,"url":"https:\/\/shrimataji.org\/test\/wp-content\/uploads\/2023\/03\/27_Banner-SY-Ascent-scaled.jpg","type":"image\/jpeg"}],"twitter_card":"summary_large_image","twitter_site":"@shrimataji","twitter_misc":{"Est. reading time":"3 minutes"},"schema":{"@context":"https:\/\/schema.org","@graph":[{"@type":"WebPage","@id":"https:\/\/shrimataji.org\/test\/tr\/yukselis\/","url":"https:\/\/shrimataji.org\/test\/tr\/yukselis\/","name":"Y\u00fckseli\u015f - TEST - SMND","isPartOf":{"@id":"https:\/\/shrimataji.org\/test\/#website"},"primaryImageOfPage":{"@id":"https:\/\/shrimataji.org\/test\/tr\/yukselis\/#primaryimage"},"image":{"@id":"https:\/\/shrimataji.org\/test\/tr\/yukselis\/#primaryimage"},"thumbnailUrl":"https:\/\/shrimataji.org\/test\/wp-content\/uploads\/2023\/03\/27_Banner-SY-Ascent-scaled.jpg","datePublished":"2022-01-29T09:56:43+00:00","dateModified":"2024-07-12T00:02:30+00:00","breadcrumb":{"@id":"https:\/\/shrimataji.org\/test\/tr\/yukselis\/#breadcrumb"},"inLanguage":"en-US","potentialAction":[{"@type":"ReadAction","target":["https:\/\/shrimataji.org\/test\/tr\/yukselis\/"]}]},{"@type":"ImageObject","inLanguage":"en-US","@id":"https:\/\/shrimataji.org\/test\/tr\/yukselis\/#primaryimage","url":"https:\/\/shrimataji.org\/test\/wp-content\/uploads\/2023\/03\/27_Banner-SY-Ascent-scaled.jpg","contentUrl":"https:\/\/shrimataji.org\/test\/wp-content\/uploads\/2023\/03\/27_Banner-SY-Ascent-scaled.jpg","width":2560,"height":905},{"@type":"BreadcrumbList","@id":"https:\/\/shrimataji.org\/test\/tr\/yukselis\/#breadcrumb","itemListElement":[{"@type":"ListItem","position":1,"name":"Home","item":"https:\/\/shrimataji.org\/test\/uk\/home-en\/"},{"@type":"ListItem","position":2,"name":"Y\u00fckseli\u015f"}]},{"@type":"WebSite","@id":"https:\/\/shrimataji.org\/test\/#website","url":"https:\/\/shrimataji.org\/test\/","name":"Shri Mataji Nirmala Devi","description":"A Life Dedicated to Humanity","publisher":{"@id":"https:\/\/shrimataji.org\/test\/#\/schema\/person\/a1b3419c6585f164aa96da1ff85715d1"},"potentialAction":[{"@type":"SearchAction","target":{"@type":"EntryPoint","urlTemplate":"https:\/\/shrimataji.org\/test\/?s={search_term_string}"},"query-input":{"@type":"PropertyValueSpecification","valueRequired":true,"valueName":"search_term_string"}}],"inLanguage":"en-US"},{"@type":["Person","Organization"],"@id":"https:\/\/shrimataji.org\/test\/#\/schema\/person\/a1b3419c6585f164aa96da1ff85715d1","name":"Nirmala Shrivastava","image":{"@type":"ImageObject","inLanguage":"en-US","@id":"https:\/\/shrimataji.org\/test\/wp-content\/uploads\/2023\/02\/SMO_LOGO-03.svg","url":"https:\/\/shrimataji.org\/test\/wp-content\/uploads\/2023\/02\/SMO_LOGO-03.svg","contentUrl":"https:\/\/shrimataji.org\/test\/wp-content\/uploads\/2023\/02\/SMO_LOGO-03.svg","width":"1024","height":"1024","caption":"Nirmala Shrivastava"},"logo":{"@id":"https:\/\/shrimataji.org\/test\/wp-content\/uploads\/2023\/02\/SMO_LOGO-03.svg"},"sameAs":["https:\/\/shrimataji.org\/test","https:\/\/www.facebook.com\/shrimataji","https:\/\/x.com\/shrimataji","https:\/\/www.youtube.com\/@Shri_Mataji_Nirmala_Devi\/featured"]}]}},"lang":"tr","translations":{"tr":10133,"ur":37391,"en":6391,"am":17962,"th":19888,"hu":19437,"sq":18363,"zh":17260,"hi":7355,"pt":10350,"de":10623,"fr":10721,"it":10819,"es":10917,"ja":11214,"ru":11402,"bn":11594,"te":11702,"sw":11825,"he":11973,"el":12264,"sk":12362,"fa":12460,"fi":12558,"bg":13397,"ro":14471,"cs":14664,"nl":16523,"ku":16683,"ar":16859,"be":18570,"kn":18844,"mr":20252,"uk":20544,"ml":20843,"ta":22678,"sv":22951,"gu":28799,"pa":28957,"fil":29397,"da":37705,"pl":37922,"nn":38257},"pll_sync_post":[],"_links":{"self":[{"href":"https:\/\/shrimataji.org\/test\/wp-json\/wp\/v2\/pages\/10133","targetHints":{"allow":["GET"]}}],"collection":[{"href":"https:\/\/shrimataji.org\/test\/wp-json\/wp\/v2\/pages"}],"about":[{"href":"https:\/\/shrimataji.org\/test\/wp-json\/wp\/v2\/types\/page"}],"author":[{"embeddable":true,"href":"https:\/\/shrimataji.org\/test\/wp-json\/wp\/v2\/users\/12"}],"replies":[{"embeddable":true,"href":"https:\/\/shrimataji.org\/test\/wp-json\/wp\/v2\/comments?post=10133"}],"version-history":[{"count":0,"href":"https:\/\/shrimataji.org\/test\/wp-json\/wp\/v2\/pages\/10133\/revisions"}],"wp:featuredmedia":[{"embeddable":true,"href":"https:\/\/shrimataji.org\/test\/wp-json\/wp\/v2\/media\/9262"}],"wp:attachment":[{"href":"https:\/\/shrimataji.org\/test\/wp-json\/wp\/v2\/media?parent=10133"}],"curies":[{"name":"wp","href":"https:\/\/api.w.org\/{rel}","templated":true}]}}