{"id":10135,"date":"2022-01-29T10:07:35","date_gmt":"2022-01-29T10:07:35","guid":{"rendered":"https:\/\/test.shrimataji.org\/?page_id=6397"},"modified":"2024-07-12T00:22:10","modified_gmt":"2024-07-12T00:22:10","slug":"atma","status":"publish","type":"page","link":"https:\/\/shrimataji.org\/test\/tr\/atma\/","title":{"rendered":"Atma TR"},"content":{"rendered":"\n\n\t<h1>Atma<\/h1>\n<h2>Ebedi Benli\u011fimiz<\/h2>\n<div class=\"su-quote su-quote-style-default\"><div class=\"su-quote-inner su-u-clearfix su-u-trim\"><i>&#8220;<\/i>\u0130\u00e7imizde bir y\u0131ld\u0131z parl\u0131yor ve i\u015fte bu bizim ruhumuz.<\/div><\/div>\n\t<h4>\u0130nsan fet\u00fcs\u00fcn\u00fcn geli\u015fiminin \u00e7ok erken bir evresinde, Atma (Sanskrit\u00e7e&#8217;de &#8216;Ebedi Ruhumuz&#8217; anlam\u0131na gelen bir kelime) ilk kez fet\u00fcs\u00fcn kalbine girer ve o zaman kalp at\u0131\u015flar\u0131 ba\u015flar. Biyolojik olarak kalbimiz kardiyojenik b\u00f6lgede embriyodaki ba\u015f\u0131n yak\u0131n\u0131nda geli\u015fir ve daha sonra v\u00fccudumuz geli\u015ftik\u00e7e bask\u0131lanarak g\u00f6\u011f\u00fcse do\u011fru a\u015fa\u011f\u0131ya iner. Atma, hayat\u0131m\u0131z\u0131n sessiz bir izleyicisi olarak kalbimizde yer al\u0131r ve yaln\u0131zca ayd\u0131nlanma yoluyla varl\u0131\u011f\u0131n\u0131 fark ederiz. O i\u00e7imizdeki ezeli varl\u0131\u011f\u0131n yans\u0131mas\u0131d\u0131r. O evrimle\u015fmez, daha ziyade evrimimizin amac\u0131d\u0131r veya ruhu hissetmemiz i\u00e7in insan fark\u0131ndal\u0131\u011f\u0131n\u0131n evrimi de diyebiliriz.<\/h4>\n\t<p>Bat\u0131 felsefesi, bireycilik ve ki\u015fili\u011fin veya egonun geli\u015fimi \u00fczerinde dururken; Do\u011fu felsefesi, kolektivizm ile ilgilidir ve bireyi \u00f6ze do\u011fru kolektif varl\u0131\u011f\u0131m\u0131za, her yeri kaplayan ruha d\u00f6n\u00fc\u015ft\u00fcrmeye \u00e7abalar.<\/p>\n\t\t\t\t<img loading=\"lazy\" decoding=\"async\" src=\"https:\/\/shrimataji.org\/test\/wp-content\/uploads\/2024\/06\/TR_4a-Atma-1.png\" alt=\"TR_4a-Atma\" height=\"1644\" width=\"1543\" title=\"TR_4a-Atma\" \/>\n\t<p>Shri Mataji, do\u011fumda g\u00f6bek ba\u011f\u0131n\u0131n kesilmesinin, fark\u0131ndal\u0131\u011f\u0131m\u0131z\u0131n nas\u0131l gizli Sushumna kanal\u0131ndaki mutlak ilahi fark\u0131ndal\u0131ktan ayr\u0131lmaya neden oldu\u011funu anlatm\u0131\u015ft\u0131r. Belirgin bir d\u00fczeyde bu ayr\u0131l\u0131\u015f, solar pleksus ile parasempatik sinir sistemine ba\u011fl\u0131 vagus siniri aras\u0131ndaki bo\u015flu\u011fa kar\u015f\u0131l\u0131k gelir. Bu olay bir\u00e7ok eski kutsal metinde, \u00f6rne\u011fin Zen sisteminde void ve Hinduizm&#8217;de maya (ill\u00fczyon\/ yan\u0131lsama) olarak adland\u0131r\u0131lm\u0131\u015ft\u0131r. Daha sonra \u00e7ocuklu\u011fumuzda ego ve s\u00fcper ego olarak ifade edilen s\u0131n\u0131rl\u0131 insan idrak\u0131m\u0131z, sol ve sa\u011f sempatik sinir sistemi u\u00e7lar\u0131na kar\u015f\u0131l\u0131k gelen beynin sol ve sa\u011f hemisferlerini kaplayarak bir balon gibi \u015fi\u015fti\u011finde ayr\u0131 bir varl\u0131k olarak bilincimizi tamamen sarar ve benlik bilinci (Aham) i\u015f ba\u015f\u0131na ge\u00e7er.<\/p>\n\t<p><a href=\"https:\/\/shrimataji.org\/tr\/aydinlanma-deneyimi\/\">Ayd\u0131nlanma<\/a> s\u00fcreciyle <a href=\"https:\/\/shrimataji.org\/tr\/kundalini\">Kundalini<\/a> kalbe y\u00fckseldi\u011finde, Atma&#8217;y\u0131 (Ruhu) ayd\u0131nlat\u0131r ve biz Atma&#8217;n\u0131n do\u011fu\u015ftan gelen niteli\u011fini, varolu\u015fun saf ne\u015fesini hissetmeye ba\u015flar\u0131z. Kundalini, ba\u015f\u0131m\u0131z\u0131n b\u0131ng\u0131ldak kemi\u011fi b\u00f6lgesindeki en y\u00fcksek enerji merkezi olan <a href=\"https:\/\/shrimataji.org\/sahasrara-cakra\/\">Sahasrara \u00e7akraya<\/a> kadar daha da y\u00fckseldi\u011finde bireysel Atma&#8217;m\u0131z (Ruhumuz) her yeri kaplayan evrensel g\u00fcce ba\u011flan\u0131r, kendimizle ve evreni saran g\u00fc\u00e7 ile bir olman\u0131n ne\u015fesini ya\u015far\u0131z. Bu ne\u015feyi hissetmek dahi (Kundalini&#8217;nin sadece birka\u00e7 iplik\u00e7i\u011finin ba\u015f\u0131m\u0131z\u0131n \u00fczerinde y\u00fckseldi\u011fini hissetti\u011fimizde), ruhaniyet yolculu\u011fumuzda yol g\u00f6sterici bir y\u0131ld\u0131z g\u00f6revi g\u00f6rebilir. Bu ne\u015feyi bir kez tatt\u0131\u011f\u0131m\u0131zda, onu kaybetmek istemeyiz. Onun korunmas\u0131na ve geli\u015fmesine zarar verecek tutum ve davran\u0131\u015flardan kendili\u011finden sak\u0131n\u0131r\u0131z. Bu nedenle, Sahaja Yoga&#8217;da \u00e7ok az kural vard\u0131r ve bu bak\u0131mdan bir dogma da yoktur.<\/p>\n\t\t\t\t<img loading=\"lazy\" decoding=\"async\" src=\"https:\/\/shrimataji.org\/test\/wp-content\/uploads\/2023\/02\/GISELE_MOURA_HAF_10DEZ2022__14-scaled.jpg\" alt=\"GISELE_MOURA_HAF_10DEZ2022__14\" height=\"1918\" width=\"2560\" title=\"GISELE_MOURA_HAF_10DEZ2022__14\" \/>\n\t<div class=\"su-quote su-quote-style-default\"><div class=\"su-quote-inner su-u-clearfix su-u-trim\">&#8220;O zaman bizler huzurlu olmam\u0131z gerekti\u011fini bilmeliyiz, \u00e7\u00fcnk\u00fc ruh huzurun kayna\u011f\u0131d\u0131r. Bir kez Ruh oldu\u011funuzu idrak etti\u011finizde, dikkatinizi ona verir ve \u00e7ok huzurlu bir insan olursunuz. Sanki \u00e7eperdeymi\u015fsiniz gibi \u00e7ark\u0131n \u00fczerindeymi\u015fsiniz gibi&#8230; E\u011fer \u00e7eperdeyseniz her zaman hareket edersiniz ama \u00e7ark\u0131n merkezi kesinlikle huzurludur. Merkezde oldu\u011funuzda, oradan \u00e7ark\u0131n t\u00fcm hareketini g\u00f6receksiniz. Merkezdesiniz ama rahats\u0131z olmuyorsunuz. Sorunlar\u0131n \u00fcstesinden gelmenin \u00e7ok kolay oldu\u011funu g\u00f6rebilirsiniz.,,<\/div><\/div>\n\t<img decoding=\"async\" data-spai-excluded=\"true\" loading=\"lazy\" alt=\"YouTube player\" src=\"https:\/\/i.ytimg.com\/vi\/8-7C4nLmAI4\/maxresdefault.jpg\" \/><button aria-label=\"Play\"><\/button>\n\t<p>Hindistan&#8217;\u0131n \u00fcnl\u00fc manevi \u00fcstatlar\u0131ndan biri olan Adi Shankaracharya, &#8220;Atma Shatakam&#8221; \u0131n g\u00fczel dizelerinde, kolektif varl\u0131\u011f\u0131n kalbimizde yans\u0131yan bu mutlak fark\u0131ndal\u0131k halini, sonsuz mutluluk olarak anlat\u0131r.<\/p>\n\t<p><em>&#8220;Manobuddhyahamkar. Chittani Na Aham<\/em><\/p>\n<p>Ben ne ak\u0131l, ne zihin, ne dikkat, ne de egoyum<\/p>\n<p><em>Na cha Shrotr. Jihve, Na cha ghraan Netreghraan Netre<\/em><\/p>\n<p>Ben ne i\u015fitme, ne tat alma, ne de koklama ya da g\u00f6rme organlar\u0131ndan biriyim<\/p>\n<p><em>Na cha vyom. Bhumir Na Tejo Na Vayu<\/em><\/p>\n<p>Ben ne g\u00f6ky\u00fcz\u00fcy\u00fcm, ne yery\u00fcz\u00fc, ne ate\u015f, ne de havay\u0131m<\/p>\n<p><em>Chidanand. Rupah., Shivo.ham, Shivo.ham<\/em><\/p>\n<p>Ben sonsuz mutluluk ve fark\u0131ndal\u0131\u011f\u0131m, ben saf ruhum, ben saf ruhum&#8221;<\/p>\n\t<div class=\"su-quote su-quote-style-default\"><div class=\"su-quote-inner su-u-clearfix su-u-trim\"><i>&#8220;<\/i>Ger\u00e7ek \u015fu ki, sen bu beden bu zihin de\u011filsin, bu duygular de\u011filsin ama sen Ruh&#8217;sun.<\/p>\n<\/div><\/div>\n\n","protected":false},"excerpt":{"rendered":"<p>Atma Ebedi Benli\u011fimiz \u0130nsan fet\u00fcs\u00fcn\u00fcn geli\u015fiminin \u00e7ok erken bir evresinde, Atma (Sanskrit\u00e7e&#8217;de &#8216;Ebedi Ruhumuz&#8217; anlam\u0131na gelen bir kelime) ilk kez fet\u00fcs\u00fcn kalbine girer ve o zaman kalp at\u0131\u015flar\u0131 ba\u015flar. Biyolojik olarak kalbimiz kardiyojenik b\u00f6lgede embriyodaki ba\u015f\u0131n yak\u0131n\u0131nda geli\u015fir ve daha sonra v\u00fccudumuz geli\u015ftik\u00e7e bask\u0131lanarak g\u00f6\u011f\u00fcse do\u011fru a\u015fa\u011f\u0131ya iner. Atma, hayat\u0131m\u0131z\u0131n sessiz bir izleyicisi olarak kalbimizde&hellip; <br \/> <a class=\"read-more\" href=\"https:\/\/shrimataji.org\/test\/tr\/atma\/\">Read more<\/a><\/p>\n","protected":false},"author":12,"featured_media":9243,"parent":0,"menu_order":0,"comment_status":"closed","ping_status":"closed","template":"","meta":{"inline_featured_image":false,"footnotes":""},"class_list":["post-10135","page","type-page","status-publish","has-post-thumbnail","hentry"],"yoast_head":"<!-- This site is optimized with the Yoast SEO plugin v27.4 - https:\/\/yoast.com\/product\/yoast-seo-wordpress\/ -->\n<title>Atma TR - TEST - SMND<\/title>\n<meta name=\"robots\" content=\"noindex, follow, max-snippet:-1, max-image-preview:large, max-video-preview:-1\" \/>\n<meta property=\"og:locale\" content=\"en_US\" \/>\n<meta property=\"og:type\" content=\"article\" \/>\n<meta property=\"og:title\" content=\"Atma TR - TEST - SMND\" \/>\n<meta property=\"og:description\" content=\"Atma Ebedi Benli\u011fimiz \u0130nsan fet\u00fcs\u00fcn\u00fcn geli\u015fiminin \u00e7ok erken bir evresinde, Atma (Sanskrit\u00e7e&#8217;de &#8216;Ebedi Ruhumuz&#8217; anlam\u0131na gelen bir kelime) ilk kez fet\u00fcs\u00fcn kalbine girer ve o zaman kalp at\u0131\u015flar\u0131 ba\u015flar. Biyolojik olarak kalbimiz kardiyojenik b\u00f6lgede embriyodaki ba\u015f\u0131n yak\u0131n\u0131nda geli\u015fir ve daha sonra v\u00fccudumuz geli\u015ftik\u00e7e bask\u0131lanarak g\u00f6\u011f\u00fcse do\u011fru a\u015fa\u011f\u0131ya iner. Atma, hayat\u0131m\u0131z\u0131n sessiz bir izleyicisi olarak kalbimizde&hellip; Read more\" \/>\n<meta property=\"og:url\" content=\"https:\/\/shrimataji.org\/test\/tr\/atma\/\" \/>\n<meta property=\"og:site_name\" content=\"TEST - SMND\" \/>\n<meta property=\"article:publisher\" content=\"https:\/\/www.facebook.com\/shrimataji\" \/>\n<meta property=\"article:modified_time\" content=\"2024-07-12T00:22:10+00:00\" \/>\n<meta property=\"og:image\" content=\"https:\/\/shrimataji.org\/test\/wp-content\/uploads\/2023\/03\/8_Banner-SY-Atma-scaled.jpg\" \/>\n\t<meta property=\"og:image:width\" content=\"2560\" \/>\n\t<meta property=\"og:image:height\" content=\"905\" \/>\n\t<meta property=\"og:image:type\" content=\"image\/jpeg\" \/>\n<meta name=\"twitter:card\" content=\"summary_large_image\" \/>\n<meta name=\"twitter:site\" content=\"@shrimataji\" \/>\n<meta name=\"twitter:label1\" content=\"Est. reading time\" \/>\n\t<meta name=\"twitter:data1\" content=\"3 minutes\" \/>\n<script type=\"application\/ld+json\" class=\"yoast-schema-graph\">{\"@context\":\"https:\\\/\\\/schema.org\",\"@graph\":[{\"@type\":\"WebPage\",\"@id\":\"https:\\\/\\\/shrimataji.org\\\/test\\\/tr\\\/atma\\\/\",\"url\":\"https:\\\/\\\/shrimataji.org\\\/test\\\/tr\\\/atma\\\/\",\"name\":\"Atma TR - TEST - SMND\",\"isPartOf\":{\"@id\":\"https:\\\/\\\/shrimataji.org\\\/test\\\/#website\"},\"primaryImageOfPage\":{\"@id\":\"https:\\\/\\\/shrimataji.org\\\/test\\\/tr\\\/atma\\\/#primaryimage\"},\"image\":{\"@id\":\"https:\\\/\\\/shrimataji.org\\\/test\\\/tr\\\/atma\\\/#primaryimage\"},\"thumbnailUrl\":\"https:\\\/\\\/shrimataji.org\\\/test\\\/wp-content\\\/uploads\\\/2023\\\/03\\\/8_Banner-SY-Atma-scaled.jpg\",\"datePublished\":\"2022-01-29T10:07:35+00:00\",\"dateModified\":\"2024-07-12T00:22:10+00:00\",\"breadcrumb\":{\"@id\":\"https:\\\/\\\/shrimataji.org\\\/test\\\/tr\\\/atma\\\/#breadcrumb\"},\"inLanguage\":\"en-US\",\"potentialAction\":[{\"@type\":\"ReadAction\",\"target\":[\"https:\\\/\\\/shrimataji.org\\\/test\\\/tr\\\/atma\\\/\"]}]},{\"@type\":\"ImageObject\",\"inLanguage\":\"en-US\",\"@id\":\"https:\\\/\\\/shrimataji.org\\\/test\\\/tr\\\/atma\\\/#primaryimage\",\"url\":\"https:\\\/\\\/shrimataji.org\\\/test\\\/wp-content\\\/uploads\\\/2023\\\/03\\\/8_Banner-SY-Atma-scaled.jpg\",\"contentUrl\":\"https:\\\/\\\/shrimataji.org\\\/test\\\/wp-content\\\/uploads\\\/2023\\\/03\\\/8_Banner-SY-Atma-scaled.jpg\",\"width\":2560,\"height\":905},{\"@type\":\"BreadcrumbList\",\"@id\":\"https:\\\/\\\/shrimataji.org\\\/test\\\/tr\\\/atma\\\/#breadcrumb\",\"itemListElement\":[{\"@type\":\"ListItem\",\"position\":1,\"name\":\"Home\",\"item\":\"https:\\\/\\\/shrimataji.org\\\/test\\\/uk\\\/home-en\\\/\"},{\"@type\":\"ListItem\",\"position\":2,\"name\":\"Atma TR\"}]},{\"@type\":\"WebSite\",\"@id\":\"https:\\\/\\\/shrimataji.org\\\/test\\\/#website\",\"url\":\"https:\\\/\\\/shrimataji.org\\\/test\\\/\",\"name\":\"Shri Mataji Nirmala Devi\",\"description\":\"A Life Dedicated to Humanity\",\"publisher\":{\"@id\":\"https:\\\/\\\/shrimataji.org\\\/test\\\/#\\\/schema\\\/person\\\/a1b3419c6585f164aa96da1ff85715d1\"},\"potentialAction\":[{\"@type\":\"SearchAction\",\"target\":{\"@type\":\"EntryPoint\",\"urlTemplate\":\"https:\\\/\\\/shrimataji.org\\\/test\\\/?s={search_term_string}\"},\"query-input\":{\"@type\":\"PropertyValueSpecification\",\"valueRequired\":true,\"valueName\":\"search_term_string\"}}],\"inLanguage\":\"en-US\"},{\"@type\":[\"Person\",\"Organization\"],\"@id\":\"https:\\\/\\\/shrimataji.org\\\/test\\\/#\\\/schema\\\/person\\\/a1b3419c6585f164aa96da1ff85715d1\",\"name\":\"Nirmala Shrivastava\",\"image\":{\"@type\":\"ImageObject\",\"inLanguage\":\"en-US\",\"@id\":\"https:\\\/\\\/shrimataji.org\\\/test\\\/wp-content\\\/uploads\\\/2023\\\/02\\\/SMO_LOGO-03.svg\",\"url\":\"https:\\\/\\\/shrimataji.org\\\/test\\\/wp-content\\\/uploads\\\/2023\\\/02\\\/SMO_LOGO-03.svg\",\"contentUrl\":\"https:\\\/\\\/shrimataji.org\\\/test\\\/wp-content\\\/uploads\\\/2023\\\/02\\\/SMO_LOGO-03.svg\",\"width\":\"1024\",\"height\":\"1024\",\"caption\":\"Nirmala Shrivastava\"},\"logo\":{\"@id\":\"https:\\\/\\\/shrimataji.org\\\/test\\\/wp-content\\\/uploads\\\/2023\\\/02\\\/SMO_LOGO-03.svg\"},\"sameAs\":[\"https:\\\/\\\/shrimataji.org\\\/test\",\"https:\\\/\\\/www.facebook.com\\\/shrimataji\",\"https:\\\/\\\/x.com\\\/shrimataji\",\"https:\\\/\\\/www.youtube.com\\\/@Shri_Mataji_Nirmala_Devi\\\/featured\"]}]}<\/script>\n<!-- \/ Yoast SEO plugin. -->","yoast_head_json":{"title":"Atma TR - TEST - SMND","robots":{"index":"noindex","follow":"follow","max-snippet":"max-snippet:-1","max-image-preview":"max-image-preview:large","max-video-preview":"max-video-preview:-1"},"og_locale":"en_US","og_type":"article","og_title":"Atma TR - TEST - SMND","og_description":"Atma Ebedi Benli\u011fimiz \u0130nsan fet\u00fcs\u00fcn\u00fcn geli\u015fiminin \u00e7ok erken bir evresinde, Atma (Sanskrit\u00e7e&#8217;de &#8216;Ebedi Ruhumuz&#8217; anlam\u0131na gelen bir kelime) ilk kez fet\u00fcs\u00fcn kalbine girer ve o zaman kalp at\u0131\u015flar\u0131 ba\u015flar. Biyolojik olarak kalbimiz kardiyojenik b\u00f6lgede embriyodaki ba\u015f\u0131n yak\u0131n\u0131nda geli\u015fir ve daha sonra v\u00fccudumuz geli\u015ftik\u00e7e bask\u0131lanarak g\u00f6\u011f\u00fcse do\u011fru a\u015fa\u011f\u0131ya iner. Atma, hayat\u0131m\u0131z\u0131n sessiz bir izleyicisi olarak kalbimizde&hellip; Read more","og_url":"https:\/\/shrimataji.org\/test\/tr\/atma\/","og_site_name":"TEST - SMND","article_publisher":"https:\/\/www.facebook.com\/shrimataji","article_modified_time":"2024-07-12T00:22:10+00:00","og_image":[{"width":2560,"height":905,"url":"https:\/\/shrimataji.org\/test\/wp-content\/uploads\/2023\/03\/8_Banner-SY-Atma-scaled.jpg","type":"image\/jpeg"}],"twitter_card":"summary_large_image","twitter_site":"@shrimataji","twitter_misc":{"Est. reading time":"3 minutes"},"schema":{"@context":"https:\/\/schema.org","@graph":[{"@type":"WebPage","@id":"https:\/\/shrimataji.org\/test\/tr\/atma\/","url":"https:\/\/shrimataji.org\/test\/tr\/atma\/","name":"Atma TR - TEST - SMND","isPartOf":{"@id":"https:\/\/shrimataji.org\/test\/#website"},"primaryImageOfPage":{"@id":"https:\/\/shrimataji.org\/test\/tr\/atma\/#primaryimage"},"image":{"@id":"https:\/\/shrimataji.org\/test\/tr\/atma\/#primaryimage"},"thumbnailUrl":"https:\/\/shrimataji.org\/test\/wp-content\/uploads\/2023\/03\/8_Banner-SY-Atma-scaled.jpg","datePublished":"2022-01-29T10:07:35+00:00","dateModified":"2024-07-12T00:22:10+00:00","breadcrumb":{"@id":"https:\/\/shrimataji.org\/test\/tr\/atma\/#breadcrumb"},"inLanguage":"en-US","potentialAction":[{"@type":"ReadAction","target":["https:\/\/shrimataji.org\/test\/tr\/atma\/"]}]},{"@type":"ImageObject","inLanguage":"en-US","@id":"https:\/\/shrimataji.org\/test\/tr\/atma\/#primaryimage","url":"https:\/\/shrimataji.org\/test\/wp-content\/uploads\/2023\/03\/8_Banner-SY-Atma-scaled.jpg","contentUrl":"https:\/\/shrimataji.org\/test\/wp-content\/uploads\/2023\/03\/8_Banner-SY-Atma-scaled.jpg","width":2560,"height":905},{"@type":"BreadcrumbList","@id":"https:\/\/shrimataji.org\/test\/tr\/atma\/#breadcrumb","itemListElement":[{"@type":"ListItem","position":1,"name":"Home","item":"https:\/\/shrimataji.org\/test\/uk\/home-en\/"},{"@type":"ListItem","position":2,"name":"Atma TR"}]},{"@type":"WebSite","@id":"https:\/\/shrimataji.org\/test\/#website","url":"https:\/\/shrimataji.org\/test\/","name":"Shri Mataji Nirmala Devi","description":"A Life Dedicated to Humanity","publisher":{"@id":"https:\/\/shrimataji.org\/test\/#\/schema\/person\/a1b3419c6585f164aa96da1ff85715d1"},"potentialAction":[{"@type":"SearchAction","target":{"@type":"EntryPoint","urlTemplate":"https:\/\/shrimataji.org\/test\/?s={search_term_string}"},"query-input":{"@type":"PropertyValueSpecification","valueRequired":true,"valueName":"search_term_string"}}],"inLanguage":"en-US"},{"@type":["Person","Organization"],"@id":"https:\/\/shrimataji.org\/test\/#\/schema\/person\/a1b3419c6585f164aa96da1ff85715d1","name":"Nirmala Shrivastava","image":{"@type":"ImageObject","inLanguage":"en-US","@id":"https:\/\/shrimataji.org\/test\/wp-content\/uploads\/2023\/02\/SMO_LOGO-03.svg","url":"https:\/\/shrimataji.org\/test\/wp-content\/uploads\/2023\/02\/SMO_LOGO-03.svg","contentUrl":"https:\/\/shrimataji.org\/test\/wp-content\/uploads\/2023\/02\/SMO_LOGO-03.svg","width":"1024","height":"1024","caption":"Nirmala Shrivastava"},"logo":{"@id":"https:\/\/shrimataji.org\/test\/wp-content\/uploads\/2023\/02\/SMO_LOGO-03.svg"},"sameAs":["https:\/\/shrimataji.org\/test","https:\/\/www.facebook.com\/shrimataji","https:\/\/x.com\/shrimataji","https:\/\/www.youtube.com\/@Shri_Mataji_Nirmala_Devi\/featured"]}]}},"lang":"tr","translations":{"tr":10135,"ur":37394,"en":6397,"am":17965,"th":19892,"hu":19440,"sq":18366,"zh":17263,"hi":7360,"pt":10352,"de":10625,"fr":10723,"it":10821,"es":10919,"ja":11216,"ru":11404,"bn":11596,"te":11704,"sw":11827,"he":11975,"el":12266,"sk":12364,"fa":12462,"fi":12560,"bg":13393,"ro":14467,"cs":14660,"nl":16526,"ku":16686,"ar":16862,"be":18573,"kn":18847,"mr":20256,"uk":20548,"ml":20847,"ta":22681,"sv":22954,"gu":28802,"pa":28960,"fil":29400,"da":37708,"pl":37925,"nn":38260},"pll_sync_post":[],"_links":{"self":[{"href":"https:\/\/shrimataji.org\/test\/wp-json\/wp\/v2\/pages\/10135","targetHints":{"allow":["GET"]}}],"collection":[{"href":"https:\/\/shrimataji.org\/test\/wp-json\/wp\/v2\/pages"}],"about":[{"href":"https:\/\/shrimataji.org\/test\/wp-json\/wp\/v2\/types\/page"}],"author":[{"embeddable":true,"href":"https:\/\/shrimataji.org\/test\/wp-json\/wp\/v2\/users\/12"}],"replies":[{"embeddable":true,"href":"https:\/\/shrimataji.org\/test\/wp-json\/wp\/v2\/comments?post=10135"}],"version-history":[{"count":0,"href":"https:\/\/shrimataji.org\/test\/wp-json\/wp\/v2\/pages\/10135\/revisions"}],"wp:featuredmedia":[{"embeddable":true,"href":"https:\/\/shrimataji.org\/test\/wp-json\/wp\/v2\/media\/9243"}],"wp:attachment":[{"href":"https:\/\/shrimataji.org\/test\/wp-json\/wp\/v2\/media?parent=10135"}],"curies":[{"name":"wp","href":"https:\/\/api.w.org\/{rel}","templated":true}]}}