{"id":10136,"date":"2018-07-10T06:54:50","date_gmt":"2018-07-10T06:54:50","guid":{"rendered":"http:\/\/testwordpress.nirmalnagari.org\/smnd\/index.php\/awards\/"},"modified":"2024-07-12T00:02:03","modified_gmt":"2024-07-12T00:02:03","slug":"oduller","status":"publish","type":"page","link":"https:\/\/shrimataji.org\/test\/tr\/oduller\/","title":{"rendered":"\u00d6d\u00fcller"},"content":{"rendered":"\n\n\t<h1>\u00d6d\u00fcller<\/h1>\n<h2>Uluslararas\u0131 Tan\u0131nmalar<\/h2>\n\t<h4>Shri Mataji&#8217;nin insani ve manevi \u00e7al\u0131\u015fmalar\u0131, yaln\u0131zca 95&#8217;ten fazla \u00fclkede onun \u00f6\u011fretilerinden ki\u015fisel olarak yararlanan say\u0131s\u0131z bireyin de\u011fil, ayn\u0131 zamanda h\u00fck\u00fcmetlerin, ileri gelenlerin, e\u011fitim kurumlar\u0131n\u0131n ve insani yard\u0131m kurulu\u015flar\u0131n\u0131n da hayranl\u0131\u011f\u0131n\u0131 kazan\u0131yor.<\/h4>\n<p>\u00d6\u011fretilerinin bilimsel ve do\u011frulanabilir do\u011fas\u0131n\u0131 kabul eden St. Petersburg&#8217;daki Petrovskaya Sanat ve Bilim Akademisi, Shri Mataji&#8217;ye &#8220;Sen bilimden bile daha y\u00fckseksin&#8221; diyerek ona Onursal \u00dcyelik bah\u015fetti.<\/p>\n<p>Claes Nobel gibi di\u011ferleri de insanl\u0131\u011fa umut verdi\u011fi i\u00e7in ona te\u015fekk\u00fcr etti. T\u00fcm \u00f6d\u00fclleri \u00f6zg\u00fcn bir al\u00e7akg\u00f6n\u00fcll\u00fcl\u00fckle kabul etti, ba\u015fkalar\u0131n\u0131n \u00e7abalar\u0131n\u0131 \u00f6vd\u00fc ve bireysel ba\u015far\u0131dan ziyade kolektif ba\u015far\u0131da \u0131srar etti.<\/p>\n<p>Durmaks\u0131z\u0131n seyahat etmesine ra\u011fmen, Shri Mataji zorlu program\u0131n\u0131 hi\u00e7bir zaman yorucu olarak nitelendirmedi ve bunu daha \u00e7ok \u00e7ocuklar\u0131n\u0131n refah\u0131yla ilgilenen sevgi dolu bir annenin i\u015fiyle e\u015fit g\u00f6rd\u00fc.<\/p>\n\t\n\t\t\t\t<img loading=\"lazy\" decoding=\"async\" src=\"https:\/\/shrimataji.org\/test\/wp-content\/uploads\/2020\/12\/shri-mataji-at-the-womens-conference-in-beijing-13.09.1995-1024x668-1.jpg\" alt=\"BM Konferans\u0131 (Beijing, \u00c7in, 1995)\" height=\"668\" width=\"1024\" title=\"shri-mataji-at-the-womens-conference-in-beijing-13.09.1995-1024x668\" \/>\n\t\tBM Konferans\u0131 (Beijing, \u00c7in, 1995)\n\t<p><strong>\u00d6d\u00fcl ve Tan\u0131nmalar\u0131ndan Bir Se\u00e7ki\u00a0<\/strong><\/p>\n<p>Shri Mataji, \u00f6zverili \u00e7al\u0131\u015fmas\u0131 ve Sahaja Yoga arac\u0131l\u0131\u011f\u0131yla manevi \u00f6\u011fretilerinin ola\u011fan\u00fcst\u00fc sonu\u00e7lar\u0131 nedeniyle d\u00fcnya \u00e7ap\u0131nda bir\u00e7ok prestijli kurum taraf\u0131ndan tan\u0131nmaktad\u0131r; bunlardan birka\u00e7\u0131 a\u015fa\u011f\u0131da listelenmi\u015ftir.<\/p>\n<p><strong>\u0130talya, 1986 <\/strong><\/p>\n<p>\u0130talyan H\u00fck\u00fcmeti taraf\u0131ndan &#8216;Y\u0131l\u0131n Ki\u015fisi&#8217; ilan edildi.<\/p>\n<p><strong>Moskova, Rusya,1989<\/strong><\/p>\n<p>Shri Mataji&#8217;nin SSCB Sa\u011fl\u0131k Bakan\u0131 ile g\u00f6r\u00fc\u015fmesinin ard\u0131ndan Sahaja Yoga&#8217;ya bilimsel ara\u015ft\u0131rma finansman\u0131 da dahil olmak \u00fczere tam h\u00fck\u00fcmet sponsorlu\u011fu verildi.<\/p>\n<p><strong>New York, 1990-1994 <\/strong><\/p>\n<p>Birle\u015fmi\u015f Milletler taraf\u0131ndan d\u00f6rt y\u0131l \u00fcst \u00fcste d\u00fcnya bar\u0131\u015f\u0131n\u0131 sa\u011flaman\u0131n yollar\u0131 ve ara\u00e7lar\u0131 hakk\u0131nda konu\u015fmak \u00fczere davet edildi.<\/p>\n<p><strong>St.Petersburg, Rusya, 1993 <\/strong><\/p>\n<p>Petrovskaya Sanat ve Bilim Akademisi&#8217;ne Onursal \u00dcye olarak atand\u0131. Akademi tarihinde yaln\u0131zca on iki ki\u015fiye bu onur verildi; Einstein da onlardan biri. Shri Mataji, daha sonra Akademi&#8217;de y\u0131ll\u0131k bir etkinlik haline gelen ilk Uluslararas\u0131 T\u0131p ve Kendini Tan\u0131ma Konferans\u0131n\u0131n a\u00e7\u0131l\u0131\u015f\u0131n\u0131 yapt\u0131.<\/p>\n<p><strong>Brezilya, 1994<\/strong><\/p>\n<p>Brezilya belediye ba\u015fkan\u0131 Shri Mataji&#8217;yi havaalan\u0131nda kar\u015f\u0131lad\u0131, ona \u015fehrin anahtar\u0131n\u0131 takdim etti ve t\u00fcm programlar\u0131na sponsor oldu.<\/p>\n<p><strong>New York, 1994<\/strong><\/p>\n<p>26 Eyl\u00fcl, &#8216;Shri Mataji Nirmala Devi G\u00fcn\u00fc&#8217; olarak ilan edildi. Shri Mataji&#8217;yi onurland\u0131ran ve Mahatma Gandhi ile olan ili\u015fkisini kutlayan bir kar\u015f\u0131lama t\u00f6reni i\u00e7in polis eskortu teklif edildi.<\/p>\n<p><strong>Britanya Kolumbiyas\u0131, Kanada, 1994<\/strong><\/p>\n<p>Kar\u015f\u0131lama mektubu, Kanada halk\u0131 ad\u0131na Britanya Kolumbiyas\u0131 Eyaleti Ba\u015fbakan\u0131 Bay Mike Harcourt taraf\u0131ndan sunuldu.<\/p>\n<p><strong>Romanya 1995<\/strong><\/p>\n<p>B\u00fckre\u015f Ekoloji \u00dcniversitesi ba\u015fkan\u0131 Prof D. Drimer taraf\u0131ndan Bili\u015fsel Bilimler alan\u0131nda Fahri Doktora unvan\u0131 verildi.<\/p>\n<p><strong>\u00c7in, 1995<\/strong><\/p>\n<p>\u00c7in H\u00fck\u00fcmeti&#8217;nin Birle\u015fmi\u015f Milletler Uluslararas\u0131 Kad\u0131n Konferans\u0131&#8217;nda konu\u015fma yapacak resmi konu\u011fu olarak davet edildi.<\/p>\n<p><strong>Pune, Hindistan, 1996<\/strong><\/p>\n<p>Aziz Gyaneshwara&#8217;n\u0131n 700. Y\u0131ld\u00f6n\u00fcm\u00fc vesilesiyle, Shri Mataji &#8216;D\u00fcnya Filozoflar\u0131 Bulu\u015fuyor &#8217;96 &#8211; Bilim, Din ve Felsefe Parlamentosu&#8217;nda konu\u015fma yapt\u0131 ve burada manevi hareketi Sahaja Yoga nedeniyle tebrik edildi.<\/p>\n<p><strong>Londra, 1997<\/strong><\/p>\n<p>United Earth ve Ulusal Lise Akademisyenleri Derne\u011fi ba\u015fkan\u0131 Alfred Nobel&#8217;in torunu Bay Claes Nobel, Royal Albert Hall&#8217;da yapt\u0131\u011f\u0131 halka a\u00e7\u0131k bir konu\u015fmada Shri Mataji&#8217;nin hayat\u0131n\u0131 ve \u00e7al\u0131\u015fmalar\u0131n\u0131 onurland\u0131rd\u0131.<\/p>\n<p><strong>ABD, 105. Kongre, 1997 ve 106. Kongre, 2000<\/strong><\/p>\n<p>Onur belgesi, Kongre \u00dcyesi Eliot Engle taraf\u0131ndan Shri Mataji&#8217;nin insanl\u0131k i\u00e7in yapt\u0131\u011f\u0131 adanm\u0131\u015f ve yorulmak bilmez \u00e7al\u0131\u015fmalar\u0131ndan \u00f6t\u00fcr\u00fc \u00f6vg\u00fcyle okunan Kongre Kay\u0131tlar\u0131nda okundu.<\/p>\n<p><strong>Cabella Ligure, \u0130talya, 2006<\/strong><\/p>\n<p>Shri Mataji&#8217;ye fahri \u0130talyan vatanda\u015fl\u0131\u011f\u0131 verildi ve bunu &#8216;Shri Mataji Nirmala Devi D\u00fcnya Sahaja Yoga Vakf\u0131&#8217;n\u0131n temel ta\u015f\u0131n\u0131n a\u00e7\u0131l\u0131\u015f\u0131 izledi. Bu Vakf\u0131n Cabella Ligure&#8217;da evi var.<\/p>\n\t\t\t\t<img loading=\"lazy\" decoding=\"async\" src=\"https:\/\/shrimataji.org\/test\/wp-content\/uploads\/2020\/12\/lwp-3459.jpg\" alt=\"Cabella Ligure, \u0130talya\" height=\"427\" width=\"640\" title=\"lwp-3459\" \/>\n\t\tCabella Ligure, \u0130talya\n\t<div class=\"su-quote su-quote-style-default\"><div class=\"su-quote-inner su-u-clearfix su-u-trim\">Bir annenin duru\u015fu ba\u015fkad\u0131r, bu sab\u0131r, bu sevgi, bu ba\u011f\u0131\u015flay\u0131c\u0131l\u0131k annede do\u011fu\u015ftan vard\u0131r&#8230; Onun tavr\u0131 \u00e7ok farkl\u0131d\u0131r. Ne bir ba\u015far\u0131, ne b\u00fcy\u00fck bir isim, ne bir \u00f6d\u00fcl, ne de bir \u015fey&#8230; Bunu anne oldu\u011fu i\u00e7in yapar.<\/div><\/div>\n\n","protected":false},"excerpt":{"rendered":"<p>\u00d6d\u00fcller Uluslararas\u0131 Tan\u0131nmalar Shri Mataji&#8217;nin insani ve manevi \u00e7al\u0131\u015fmalar\u0131, yaln\u0131zca 95&#8217;ten fazla \u00fclkede onun \u00f6\u011fretilerinden ki\u015fisel olarak yararlanan say\u0131s\u0131z bireyin de\u011fil, ayn\u0131 zamanda h\u00fck\u00fcmetlerin, ileri gelenlerin, e\u011fitim kurumlar\u0131n\u0131n ve insani yard\u0131m kurulu\u015flar\u0131n\u0131n da hayranl\u0131\u011f\u0131n\u0131 kazan\u0131yor. \u00d6\u011fretilerinin bilimsel ve do\u011frulanabilir do\u011fas\u0131n\u0131 kabul eden St. Petersburg&#8217;daki Petrovskaya Sanat ve Bilim Akademisi, Shri Mataji&#8217;ye &#8220;Sen bilimden bile daha&hellip; <br \/> <a class=\"read-more\" href=\"https:\/\/shrimataji.org\/test\/tr\/oduller\/\">Read more<\/a><\/p>\n","protected":false},"author":12,"featured_media":156,"parent":0,"menu_order":0,"comment_status":"closed","ping_status":"closed","template":"","meta":{"inline_featured_image":false,"footnotes":""},"class_list":["post-10136","page","type-page","status-publish","has-post-thumbnail","hentry"],"yoast_head":"<!-- This site is optimized with the Yoast SEO plugin v27.4 - https:\/\/yoast.com\/product\/yoast-seo-wordpress\/ -->\n<title>\u00d6d\u00fcller - TEST - SMND<\/title>\n<meta name=\"robots\" content=\"noindex, follow, max-snippet:-1, max-image-preview:large, max-video-preview:-1\" \/>\n<meta property=\"og:locale\" content=\"en_US\" \/>\n<meta property=\"og:type\" content=\"article\" \/>\n<meta property=\"og:title\" content=\"\u00d6d\u00fcller - TEST - SMND\" \/>\n<meta property=\"og:description\" content=\"\u00d6d\u00fcller Uluslararas\u0131 Tan\u0131nmalar Shri Mataji&#8217;nin insani ve manevi \u00e7al\u0131\u015fmalar\u0131, yaln\u0131zca 95&#8217;ten fazla \u00fclkede onun \u00f6\u011fretilerinden ki\u015fisel olarak yararlanan say\u0131s\u0131z bireyin de\u011fil, ayn\u0131 zamanda h\u00fck\u00fcmetlerin, ileri gelenlerin, e\u011fitim kurumlar\u0131n\u0131n ve insani yard\u0131m kurulu\u015flar\u0131n\u0131n da hayranl\u0131\u011f\u0131n\u0131 kazan\u0131yor. \u00d6\u011fretilerinin bilimsel ve do\u011frulanabilir do\u011fas\u0131n\u0131 kabul eden St. Petersburg&#8217;daki Petrovskaya Sanat ve Bilim Akademisi, Shri Mataji&#8217;ye &#8220;Sen bilimden bile daha&hellip; Read more\" \/>\n<meta property=\"og:url\" content=\"https:\/\/shrimataji.org\/test\/tr\/oduller\/\" \/>\n<meta property=\"og:site_name\" content=\"TEST - SMND\" \/>\n<meta property=\"article:publisher\" content=\"https:\/\/www.facebook.com\/shrimataji\" \/>\n<meta property=\"article:modified_time\" content=\"2024-07-12T00:02:03+00:00\" \/>\n<meta property=\"og:image\" content=\"https:\/\/shrimataji.org\/test\/wp-content\/uploads\/2018\/07\/media_originals\/images\/headers-life-awards\/shri-mataji-recieves-recognition-in-moscow-russia.jpg\" \/>\n\t<meta property=\"og:image:width\" content=\"990\" \/>\n\t<meta property=\"og:image:height\" content=\"350\" \/>\n\t<meta property=\"og:image:type\" content=\"image\/jpeg\" \/>\n<meta name=\"twitter:card\" content=\"summary_large_image\" \/>\n<meta name=\"twitter:site\" content=\"@shrimataji\" \/>\n<script type=\"application\/ld+json\" class=\"yoast-schema-graph\">{\"@context\":\"https:\\\/\\\/schema.org\",\"@graph\":[{\"@type\":\"WebPage\",\"@id\":\"https:\\\/\\\/shrimataji.org\\\/test\\\/tr\\\/oduller\\\/\",\"url\":\"https:\\\/\\\/shrimataji.org\\\/test\\\/tr\\\/oduller\\\/\",\"name\":\"\u00d6d\u00fcller - TEST - SMND\",\"isPartOf\":{\"@id\":\"https:\\\/\\\/shrimataji.org\\\/test\\\/#website\"},\"primaryImageOfPage\":{\"@id\":\"https:\\\/\\\/shrimataji.org\\\/test\\\/tr\\\/oduller\\\/#primaryimage\"},\"image\":{\"@id\":\"https:\\\/\\\/shrimataji.org\\\/test\\\/tr\\\/oduller\\\/#primaryimage\"},\"thumbnailUrl\":\"https:\\\/\\\/shrimataji.org\\\/test\\\/wp-content\\\/uploads\\\/2018\\\/07\\\/media_originals\\\/images\\\/headers-life-awards\\\/shri-mataji-recieves-recognition-in-moscow-russia.jpg\",\"datePublished\":\"2018-07-10T06:54:50+00:00\",\"dateModified\":\"2024-07-12T00:02:03+00:00\",\"breadcrumb\":{\"@id\":\"https:\\\/\\\/shrimataji.org\\\/test\\\/tr\\\/oduller\\\/#breadcrumb\"},\"inLanguage\":\"en-US\",\"potentialAction\":[{\"@type\":\"ReadAction\",\"target\":[\"https:\\\/\\\/shrimataji.org\\\/test\\\/tr\\\/oduller\\\/\"]}]},{\"@type\":\"ImageObject\",\"inLanguage\":\"en-US\",\"@id\":\"https:\\\/\\\/shrimataji.org\\\/test\\\/tr\\\/oduller\\\/#primaryimage\",\"url\":\"https:\\\/\\\/shrimataji.org\\\/test\\\/wp-content\\\/uploads\\\/2018\\\/07\\\/media_originals\\\/images\\\/headers-life-awards\\\/shri-mataji-recieves-recognition-in-moscow-russia.jpg\",\"contentUrl\":\"https:\\\/\\\/shrimataji.org\\\/test\\\/wp-content\\\/uploads\\\/2018\\\/07\\\/media_originals\\\/images\\\/headers-life-awards\\\/shri-mataji-recieves-recognition-in-moscow-russia.jpg\",\"width\":990,\"height\":350},{\"@type\":\"BreadcrumbList\",\"@id\":\"https:\\\/\\\/shrimataji.org\\\/test\\\/tr\\\/oduller\\\/#breadcrumb\",\"itemListElement\":[{\"@type\":\"ListItem\",\"position\":1,\"name\":\"Home\",\"item\":\"https:\\\/\\\/shrimataji.org\\\/test\\\/uk\\\/home-en\\\/\"},{\"@type\":\"ListItem\",\"position\":2,\"name\":\"\u00d6d\u00fcller\"}]},{\"@type\":\"WebSite\",\"@id\":\"https:\\\/\\\/shrimataji.org\\\/test\\\/#website\",\"url\":\"https:\\\/\\\/shrimataji.org\\\/test\\\/\",\"name\":\"Shri Mataji Nirmala Devi\",\"description\":\"A Life Dedicated to Humanity\",\"publisher\":{\"@id\":\"https:\\\/\\\/shrimataji.org\\\/test\\\/#\\\/schema\\\/person\\\/a1b3419c6585f164aa96da1ff85715d1\"},\"potentialAction\":[{\"@type\":\"SearchAction\",\"target\":{\"@type\":\"EntryPoint\",\"urlTemplate\":\"https:\\\/\\\/shrimataji.org\\\/test\\\/?s={search_term_string}\"},\"query-input\":{\"@type\":\"PropertyValueSpecification\",\"valueRequired\":true,\"valueName\":\"search_term_string\"}}],\"inLanguage\":\"en-US\"},{\"@type\":[\"Person\",\"Organization\"],\"@id\":\"https:\\\/\\\/shrimataji.org\\\/test\\\/#\\\/schema\\\/person\\\/a1b3419c6585f164aa96da1ff85715d1\",\"name\":\"Nirmala Shrivastava\",\"image\":{\"@type\":\"ImageObject\",\"inLanguage\":\"en-US\",\"@id\":\"https:\\\/\\\/shrimataji.org\\\/test\\\/wp-content\\\/uploads\\\/2023\\\/02\\\/SMO_LOGO-03.svg\",\"url\":\"https:\\\/\\\/shrimataji.org\\\/test\\\/wp-content\\\/uploads\\\/2023\\\/02\\\/SMO_LOGO-03.svg\",\"contentUrl\":\"https:\\\/\\\/shrimataji.org\\\/test\\\/wp-content\\\/uploads\\\/2023\\\/02\\\/SMO_LOGO-03.svg\",\"width\":\"1024\",\"height\":\"1024\",\"caption\":\"Nirmala Shrivastava\"},\"logo\":{\"@id\":\"https:\\\/\\\/shrimataji.org\\\/test\\\/wp-content\\\/uploads\\\/2023\\\/02\\\/SMO_LOGO-03.svg\"},\"sameAs\":[\"https:\\\/\\\/shrimataji.org\\\/test\",\"https:\\\/\\\/www.facebook.com\\\/shrimataji\",\"https:\\\/\\\/x.com\\\/shrimataji\",\"https:\\\/\\\/www.youtube.com\\\/@Shri_Mataji_Nirmala_Devi\\\/featured\"]}]}<\/script>\n<!-- \/ Yoast SEO plugin. -->","yoast_head_json":{"title":"\u00d6d\u00fcller - TEST - SMND","robots":{"index":"noindex","follow":"follow","max-snippet":"max-snippet:-1","max-image-preview":"max-image-preview:large","max-video-preview":"max-video-preview:-1"},"og_locale":"en_US","og_type":"article","og_title":"\u00d6d\u00fcller - TEST - SMND","og_description":"\u00d6d\u00fcller Uluslararas\u0131 Tan\u0131nmalar Shri Mataji&#8217;nin insani ve manevi \u00e7al\u0131\u015fmalar\u0131, yaln\u0131zca 95&#8217;ten fazla \u00fclkede onun \u00f6\u011fretilerinden ki\u015fisel olarak yararlanan say\u0131s\u0131z bireyin de\u011fil, ayn\u0131 zamanda h\u00fck\u00fcmetlerin, ileri gelenlerin, e\u011fitim kurumlar\u0131n\u0131n ve insani yard\u0131m kurulu\u015flar\u0131n\u0131n da hayranl\u0131\u011f\u0131n\u0131 kazan\u0131yor. \u00d6\u011fretilerinin bilimsel ve do\u011frulanabilir do\u011fas\u0131n\u0131 kabul eden St. Petersburg&#8217;daki Petrovskaya Sanat ve Bilim Akademisi, Shri Mataji&#8217;ye &#8220;Sen bilimden bile daha&hellip; Read more","og_url":"https:\/\/shrimataji.org\/test\/tr\/oduller\/","og_site_name":"TEST - SMND","article_publisher":"https:\/\/www.facebook.com\/shrimataji","article_modified_time":"2024-07-12T00:02:03+00:00","og_image":[{"width":990,"height":350,"url":"https:\/\/shrimataji.org\/test\/wp-content\/uploads\/2018\/07\/media_originals\/images\/headers-life-awards\/shri-mataji-recieves-recognition-in-moscow-russia.jpg","type":"image\/jpeg"}],"twitter_card":"summary_large_image","twitter_site":"@shrimataji","schema":{"@context":"https:\/\/schema.org","@graph":[{"@type":"WebPage","@id":"https:\/\/shrimataji.org\/test\/tr\/oduller\/","url":"https:\/\/shrimataji.org\/test\/tr\/oduller\/","name":"\u00d6d\u00fcller - TEST - SMND","isPartOf":{"@id":"https:\/\/shrimataji.org\/test\/#website"},"primaryImageOfPage":{"@id":"https:\/\/shrimataji.org\/test\/tr\/oduller\/#primaryimage"},"image":{"@id":"https:\/\/shrimataji.org\/test\/tr\/oduller\/#primaryimage"},"thumbnailUrl":"https:\/\/shrimataji.org\/test\/wp-content\/uploads\/2018\/07\/media_originals\/images\/headers-life-awards\/shri-mataji-recieves-recognition-in-moscow-russia.jpg","datePublished":"2018-07-10T06:54:50+00:00","dateModified":"2024-07-12T00:02:03+00:00","breadcrumb":{"@id":"https:\/\/shrimataji.org\/test\/tr\/oduller\/#breadcrumb"},"inLanguage":"en-US","potentialAction":[{"@type":"ReadAction","target":["https:\/\/shrimataji.org\/test\/tr\/oduller\/"]}]},{"@type":"ImageObject","inLanguage":"en-US","@id":"https:\/\/shrimataji.org\/test\/tr\/oduller\/#primaryimage","url":"https:\/\/shrimataji.org\/test\/wp-content\/uploads\/2018\/07\/media_originals\/images\/headers-life-awards\/shri-mataji-recieves-recognition-in-moscow-russia.jpg","contentUrl":"https:\/\/shrimataji.org\/test\/wp-content\/uploads\/2018\/07\/media_originals\/images\/headers-life-awards\/shri-mataji-recieves-recognition-in-moscow-russia.jpg","width":990,"height":350},{"@type":"BreadcrumbList","@id":"https:\/\/shrimataji.org\/test\/tr\/oduller\/#breadcrumb","itemListElement":[{"@type":"ListItem","position":1,"name":"Home","item":"https:\/\/shrimataji.org\/test\/uk\/home-en\/"},{"@type":"ListItem","position":2,"name":"\u00d6d\u00fcller"}]},{"@type":"WebSite","@id":"https:\/\/shrimataji.org\/test\/#website","url":"https:\/\/shrimataji.org\/test\/","name":"Shri Mataji Nirmala Devi","description":"A Life Dedicated to Humanity","publisher":{"@id":"https:\/\/shrimataji.org\/test\/#\/schema\/person\/a1b3419c6585f164aa96da1ff85715d1"},"potentialAction":[{"@type":"SearchAction","target":{"@type":"EntryPoint","urlTemplate":"https:\/\/shrimataji.org\/test\/?s={search_term_string}"},"query-input":{"@type":"PropertyValueSpecification","valueRequired":true,"valueName":"search_term_string"}}],"inLanguage":"en-US"},{"@type":["Person","Organization"],"@id":"https:\/\/shrimataji.org\/test\/#\/schema\/person\/a1b3419c6585f164aa96da1ff85715d1","name":"Nirmala Shrivastava","image":{"@type":"ImageObject","inLanguage":"en-US","@id":"https:\/\/shrimataji.org\/test\/wp-content\/uploads\/2023\/02\/SMO_LOGO-03.svg","url":"https:\/\/shrimataji.org\/test\/wp-content\/uploads\/2023\/02\/SMO_LOGO-03.svg","contentUrl":"https:\/\/shrimataji.org\/test\/wp-content\/uploads\/2023\/02\/SMO_LOGO-03.svg","width":"1024","height":"1024","caption":"Nirmala Shrivastava"},"logo":{"@id":"https:\/\/shrimataji.org\/test\/wp-content\/uploads\/2023\/02\/SMO_LOGO-03.svg"},"sameAs":["https:\/\/shrimataji.org\/test","https:\/\/www.facebook.com\/shrimataji","https:\/\/x.com\/shrimataji","https:\/\/www.youtube.com\/@Shri_Mataji_Nirmala_Devi\/featured"]}]}},"lang":"tr","translations":{"tr":10136,"ur":37691,"en":437,"am":17967,"th":19895,"hu":19442,"sq":18368,"zh":17265,"pt":10353,"de":10626,"fr":10724,"it":10822,"es":10920,"ja":11217,"ru":11405,"bn":11597,"te":11705,"sw":11828,"he":11976,"el":12267,"sk":12365,"fa":12463,"fi":12561,"bg":13438,"ro":14512,"cs":14705,"nl":16528,"ku":16688,"ar":16864,"be":18575,"kn":18849,"mr":20259,"uk":20551,"ml":20850,"ta":22683,"sv":22956,"gu":28804,"pa":28962,"fil":29402,"da":37710,"pl":37927,"nn":38262},"pll_sync_post":[],"_links":{"self":[{"href":"https:\/\/shrimataji.org\/test\/wp-json\/wp\/v2\/pages\/10136","targetHints":{"allow":["GET"]}}],"collection":[{"href":"https:\/\/shrimataji.org\/test\/wp-json\/wp\/v2\/pages"}],"about":[{"href":"https:\/\/shrimataji.org\/test\/wp-json\/wp\/v2\/types\/page"}],"author":[{"embeddable":true,"href":"https:\/\/shrimataji.org\/test\/wp-json\/wp\/v2\/users\/12"}],"replies":[{"embeddable":true,"href":"https:\/\/shrimataji.org\/test\/wp-json\/wp\/v2\/comments?post=10136"}],"version-history":[{"count":0,"href":"https:\/\/shrimataji.org\/test\/wp-json\/wp\/v2\/pages\/10136\/revisions"}],"wp:featuredmedia":[{"embeddable":true,"href":"https:\/\/shrimataji.org\/test\/wp-json\/wp\/v2\/media\/156"}],"wp:attachment":[{"href":"https:\/\/shrimataji.org\/test\/wp-json\/wp\/v2\/media?parent=10136"}],"curies":[{"name":"wp","href":"https:\/\/api.w.org\/{rel}","templated":true}]}}