{"id":10137,"date":"2022-01-29T09:51:00","date_gmt":"2022-01-29T09:51:00","guid":{"rendered":"https:\/\/test.shrimataji.org\/?page_id=6388"},"modified":"2024-07-12T00:02:29","modified_gmt":"2024-07-12T00:02:29","slug":"usta-olmak","status":"publish","type":"page","link":"https:\/\/shrimataji.org\/test\/tr\/usta-olmak\/","title":{"rendered":"Usta Olmak"},"content":{"rendered":"\n\n\t<h1>Usta Olmak<\/h1>\n<h2>Guru Prensibinizi Uyand\u0131rmak<\/h2>\n<div class=\"su-quote su-quote-style-default\"><div class=\"su-quote-inner su-u-clearfix su-u-trim\"> Ancak biz t\u00fcm bu s\u0131radan ara\u00e7lar\u0131n \u00e7ok \u00f6tesindeyiz, en karma\u015f\u0131k olsa bile, hatta bilim taraf\u0131ndan en geli\u015fmi\u015f ve geli\u015ftirilmi\u015f olanlar\u0131n da \u00e7ok \u00fczerindeyiz. \u00c7\u00fcnk\u00fc biz kendimiz bilime, hakikatin bilimine d\u00f6n\u00fc\u015ft\u00fc\u011f\u00fcm\u00fcz, mutlak hakikat haline geldi\u011fimiz bir konuma ula\u015f\u0131r\u0131z. Dolay\u0131s\u0131yla, bir guru i\u00e7in gerekli olan \u015fey \u00f6zsayg\u0131d\u0131r.<\/div><\/div>\n<h4>Shri Mataji, Sahaja Yoga&#8217;y\u0131 \u00f6\u011fretti\u011fi ilk g\u00fcnden itibaren kendinin efendisi olma konumuna ula\u015fma prensibini vurgulam\u0131\u015ft\u0131r. Bir ustan\u0131n veya gurunun yak\u0131n rehberli\u011fi alt\u0131nda y\u0131llarca \u00f6\u011frenmeyi gerektiren di\u011fer yoga disiplinlerinden farkl\u0131 olarak, Sahaja Yoga meditasyonu ayd\u0131nlanm\u0131\u015f bir ruhun kendi do\u011fu\u015ftan gelen usta prensibine eri\u015fmesine odaklan\u0131r.<\/h4>\n<p>T\u00fcm ger\u00e7ek bilgi sadece merkezi sinir sistemimiz arac\u0131l\u0131\u011f\u0131yla anla\u015f\u0131labilir. Ayd\u0131nlanma ile tetiklenen ve uygun Sahaja Yoga meditasyon uygulamas\u0131 ile olu\u015fan s\u00fcptil titre\u015fimsel fark\u0131ndal\u0131\u011f\u0131n\u0131n alt\u0131nc\u0131 hissi, fark\u0131ndal\u0131\u011f\u0131n bu yeni boyutu arac\u0131l\u0131\u011f\u0131yla kendi bilgimizi ve ba\u015fkalar\u0131n\u0131n bilgisini do\u011frulamak i\u00e7in m\u00fckemmel bir ara\u00e7 haline gelir.<\/p>\n<p>Bu do\u011fu\u015ftan gelen \u00f6z-ustal\u0131k haline ula\u015ft\u0131\u011f\u0131m\u0131zda, her \u015feyi daha \u00f6nce oldu\u011funa inand\u0131\u011f\u0131m\u0131z gibi de\u011fil, ger\u00e7ekte oldu\u011fu gibi a\u00e7\u0131k\u00e7a g\u00f6r\u00fcr\u00fcz. Bir inanc\u0131, dini, doktrinleri veya dogmalar\u0131 k\u00f6r\u00fc k\u00f6r\u00fcne takip etmeyiz; bunun yerine, s\u0131n\u0131rl\u0131 zihnimizin dualitesinin \u00f6tesinde olan mutlak vibrasyonel fark\u0131ndal\u0131k konumunda her\u015feyi seyretti\u011fimiz i\u00e7in bak\u0131\u015f a\u00e7\u0131m\u0131z de\u011fi\u015fir.<\/p>\n<p>Ba\u015flang\u0131\u00e7ta, bu t\u00fcr ilahi deneyimler sadece k\u0131sa s\u00fcrelidir, ancak Sahaja Yoga meditasyonunda ger\u00e7ek bir ilerleme kaydettik\u00e7e, bu t\u00fcr derin deneyimler ya\u015famlar\u0131m\u0131z\u0131n bir par\u00e7as\u0131 haline gelir. Hayat\u0131m\u0131z\u0131 her y\u00f6n\u00fcyle s\u00fckunet i\u00e7inde kar\u015f\u0131layabilir ve daha \u00f6nce \u00fcrk\u00fct\u00fcc\u00fc veya s\u0131k\u0131nt\u0131l\u0131 g\u00f6r\u00fcnen her durumun \u00fcstesinden gelebiliriz.<\/p>\n<p>Bu \u00f6z-ustal\u0131k hali sadece g\u00fcnl\u00fck ya\u015famlar\u0131m\u0131za ahenkli bir denge getirmemizi sa\u011flamakla kalmaz, ayn\u0131 zamanda ba\u015fkalar\u0131n\u0131 da bu g\u00fczel ayd\u0131nlanma konumuna getirebilmemizi sa\u011flar. Pek \u00e7ok Sahaja Yogi kendilerinin, ailelerinin, arkada\u015flar\u0131n\u0131n ve hatta i\u00e7inde ya\u015fad\u0131klar\u0131 daha geni\u015f toplumun ya\u015famlar\u0131n\u0131n sadece kendi i\u00e7lerinde kendi kendinin efendisi olma halini veya Guru prensibini olu\u015fturarak nas\u0131l d\u00f6n\u00fc\u015ft\u00fc\u011f\u00fcn\u00fc deneyimlemi\u015ftir.<\/p>\n<div class=\"su-quote su-quote-style-default\"><div class=\"su-quote-inner su-u-clearfix su-u-trim\"> Ayn\u0131 \u015fekilde, o y\u00fckseklikte ya da o durumda oldu\u011funuzda, hi\u00e7bir \u015fey s\u00f6ylemeden, hi\u00e7bir \u015fey yapmadan, bir bak\u0131\u015fta bile tezah\u00fcr edersiniz. <\/div><\/div>\n\n","protected":false},"excerpt":{"rendered":"<p>Usta Olmak Guru Prensibinizi Uyand\u0131rmak Shri Mataji, Sahaja Yoga&#8217;y\u0131 \u00f6\u011fretti\u011fi ilk g\u00fcnden itibaren kendinin efendisi olma konumuna ula\u015fma prensibini vurgulam\u0131\u015ft\u0131r. Bir ustan\u0131n veya gurunun yak\u0131n rehberli\u011fi alt\u0131nda y\u0131llarca \u00f6\u011frenmeyi gerektiren di\u011fer yoga disiplinlerinden farkl\u0131 olarak, Sahaja Yoga meditasyonu ayd\u0131nlanm\u0131\u015f bir ruhun kendi do\u011fu\u015ftan gelen usta prensibine eri\u015fmesine odaklan\u0131r. T\u00fcm ger\u00e7ek bilgi sadece merkezi sinir sistemimiz&hellip; <br \/> <a class=\"read-more\" href=\"https:\/\/shrimataji.org\/test\/tr\/usta-olmak\/\">Read more<\/a><\/p>\n","protected":false},"author":12,"featured_media":9261,"parent":0,"menu_order":0,"comment_status":"closed","ping_status":"closed","template":"","meta":{"inline_featured_image":false,"footnotes":""},"class_list":["post-10137","page","type-page","status-publish","has-post-thumbnail","hentry"],"yoast_head":"<!-- This site is optimized with the Yoast SEO plugin v27.4 - https:\/\/yoast.com\/product\/yoast-seo-wordpress\/ -->\n<title>Usta Olmak - TEST - SMND<\/title>\n<meta name=\"robots\" content=\"noindex, follow, max-snippet:-1, max-image-preview:large, max-video-preview:-1\" \/>\n<meta property=\"og:locale\" content=\"en_US\" \/>\n<meta property=\"og:type\" content=\"article\" \/>\n<meta property=\"og:title\" content=\"Usta Olmak - TEST - SMND\" \/>\n<meta property=\"og:description\" content=\"Usta Olmak Guru Prensibinizi Uyand\u0131rmak Shri Mataji, Sahaja Yoga&#8217;y\u0131 \u00f6\u011fretti\u011fi ilk g\u00fcnden itibaren kendinin efendisi olma konumuna ula\u015fma prensibini vurgulam\u0131\u015ft\u0131r. Bir ustan\u0131n veya gurunun yak\u0131n rehberli\u011fi alt\u0131nda y\u0131llarca \u00f6\u011frenmeyi gerektiren di\u011fer yoga disiplinlerinden farkl\u0131 olarak, Sahaja Yoga meditasyonu ayd\u0131nlanm\u0131\u015f bir ruhun kendi do\u011fu\u015ftan gelen usta prensibine eri\u015fmesine odaklan\u0131r. T\u00fcm ger\u00e7ek bilgi sadece merkezi sinir sistemimiz&hellip; Read more\" \/>\n<meta property=\"og:url\" content=\"https:\/\/shrimataji.org\/test\/tr\/usta-olmak\/\" \/>\n<meta property=\"og:site_name\" content=\"TEST - SMND\" \/>\n<meta property=\"article:publisher\" content=\"https:\/\/www.facebook.com\/shrimataji\" \/>\n<meta property=\"article:modified_time\" content=\"2024-07-12T00:02:29+00:00\" \/>\n<meta property=\"og:image\" content=\"https:\/\/shrimataji.org\/test\/wp-content\/uploads\/2023\/03\/26_Banner-SY-Master-scaled.jpg\" \/>\n\t<meta property=\"og:image:width\" content=\"2560\" \/>\n\t<meta property=\"og:image:height\" content=\"905\" \/>\n\t<meta property=\"og:image:type\" content=\"image\/jpeg\" \/>\n<meta name=\"twitter:card\" content=\"summary_large_image\" \/>\n<meta name=\"twitter:site\" content=\"@shrimataji\" \/>\n<meta name=\"twitter:label1\" content=\"Est. reading time\" \/>\n\t<meta name=\"twitter:data1\" content=\"2 minutes\" \/>\n<script type=\"application\/ld+json\" class=\"yoast-schema-graph\">{\"@context\":\"https:\\\/\\\/schema.org\",\"@graph\":[{\"@type\":\"WebPage\",\"@id\":\"https:\\\/\\\/shrimataji.org\\\/test\\\/tr\\\/usta-olmak\\\/\",\"url\":\"https:\\\/\\\/shrimataji.org\\\/test\\\/tr\\\/usta-olmak\\\/\",\"name\":\"Usta Olmak - TEST - SMND\",\"isPartOf\":{\"@id\":\"https:\\\/\\\/shrimataji.org\\\/test\\\/#website\"},\"primaryImageOfPage\":{\"@id\":\"https:\\\/\\\/shrimataji.org\\\/test\\\/tr\\\/usta-olmak\\\/#primaryimage\"},\"image\":{\"@id\":\"https:\\\/\\\/shrimataji.org\\\/test\\\/tr\\\/usta-olmak\\\/#primaryimage\"},\"thumbnailUrl\":\"https:\\\/\\\/shrimataji.org\\\/test\\\/wp-content\\\/uploads\\\/2023\\\/03\\\/26_Banner-SY-Master-scaled.jpg\",\"datePublished\":\"2022-01-29T09:51:00+00:00\",\"dateModified\":\"2024-07-12T00:02:29+00:00\",\"breadcrumb\":{\"@id\":\"https:\\\/\\\/shrimataji.org\\\/test\\\/tr\\\/usta-olmak\\\/#breadcrumb\"},\"inLanguage\":\"en-US\",\"potentialAction\":[{\"@type\":\"ReadAction\",\"target\":[\"https:\\\/\\\/shrimataji.org\\\/test\\\/tr\\\/usta-olmak\\\/\"]}]},{\"@type\":\"ImageObject\",\"inLanguage\":\"en-US\",\"@id\":\"https:\\\/\\\/shrimataji.org\\\/test\\\/tr\\\/usta-olmak\\\/#primaryimage\",\"url\":\"https:\\\/\\\/shrimataji.org\\\/test\\\/wp-content\\\/uploads\\\/2023\\\/03\\\/26_Banner-SY-Master-scaled.jpg\",\"contentUrl\":\"https:\\\/\\\/shrimataji.org\\\/test\\\/wp-content\\\/uploads\\\/2023\\\/03\\\/26_Banner-SY-Master-scaled.jpg\",\"width\":2560,\"height\":905},{\"@type\":\"BreadcrumbList\",\"@id\":\"https:\\\/\\\/shrimataji.org\\\/test\\\/tr\\\/usta-olmak\\\/#breadcrumb\",\"itemListElement\":[{\"@type\":\"ListItem\",\"position\":1,\"name\":\"Home\",\"item\":\"https:\\\/\\\/shrimataji.org\\\/test\\\/uk\\\/home-en\\\/\"},{\"@type\":\"ListItem\",\"position\":2,\"name\":\"Usta Olmak\"}]},{\"@type\":\"WebSite\",\"@id\":\"https:\\\/\\\/shrimataji.org\\\/test\\\/#website\",\"url\":\"https:\\\/\\\/shrimataji.org\\\/test\\\/\",\"name\":\"Shri Mataji Nirmala Devi\",\"description\":\"A Life Dedicated to Humanity\",\"publisher\":{\"@id\":\"https:\\\/\\\/shrimataji.org\\\/test\\\/#\\\/schema\\\/person\\\/a1b3419c6585f164aa96da1ff85715d1\"},\"potentialAction\":[{\"@type\":\"SearchAction\",\"target\":{\"@type\":\"EntryPoint\",\"urlTemplate\":\"https:\\\/\\\/shrimataji.org\\\/test\\\/?s={search_term_string}\"},\"query-input\":{\"@type\":\"PropertyValueSpecification\",\"valueRequired\":true,\"valueName\":\"search_term_string\"}}],\"inLanguage\":\"en-US\"},{\"@type\":[\"Person\",\"Organization\"],\"@id\":\"https:\\\/\\\/shrimataji.org\\\/test\\\/#\\\/schema\\\/person\\\/a1b3419c6585f164aa96da1ff85715d1\",\"name\":\"Nirmala Shrivastava\",\"image\":{\"@type\":\"ImageObject\",\"inLanguage\":\"en-US\",\"@id\":\"https:\\\/\\\/shrimataji.org\\\/test\\\/wp-content\\\/uploads\\\/2023\\\/02\\\/SMO_LOGO-03.svg\",\"url\":\"https:\\\/\\\/shrimataji.org\\\/test\\\/wp-content\\\/uploads\\\/2023\\\/02\\\/SMO_LOGO-03.svg\",\"contentUrl\":\"https:\\\/\\\/shrimataji.org\\\/test\\\/wp-content\\\/uploads\\\/2023\\\/02\\\/SMO_LOGO-03.svg\",\"width\":\"1024\",\"height\":\"1024\",\"caption\":\"Nirmala Shrivastava\"},\"logo\":{\"@id\":\"https:\\\/\\\/shrimataji.org\\\/test\\\/wp-content\\\/uploads\\\/2023\\\/02\\\/SMO_LOGO-03.svg\"},\"sameAs\":[\"https:\\\/\\\/shrimataji.org\\\/test\",\"https:\\\/\\\/www.facebook.com\\\/shrimataji\",\"https:\\\/\\\/x.com\\\/shrimataji\",\"https:\\\/\\\/www.youtube.com\\\/@Shri_Mataji_Nirmala_Devi\\\/featured\"]}]}<\/script>\n<!-- \/ Yoast SEO plugin. -->","yoast_head_json":{"title":"Usta Olmak - TEST - SMND","robots":{"index":"noindex","follow":"follow","max-snippet":"max-snippet:-1","max-image-preview":"max-image-preview:large","max-video-preview":"max-video-preview:-1"},"og_locale":"en_US","og_type":"article","og_title":"Usta Olmak - TEST - SMND","og_description":"Usta Olmak Guru Prensibinizi Uyand\u0131rmak Shri Mataji, Sahaja Yoga&#8217;y\u0131 \u00f6\u011fretti\u011fi ilk g\u00fcnden itibaren kendinin efendisi olma konumuna ula\u015fma prensibini vurgulam\u0131\u015ft\u0131r. Bir ustan\u0131n veya gurunun yak\u0131n rehberli\u011fi alt\u0131nda y\u0131llarca \u00f6\u011frenmeyi gerektiren di\u011fer yoga disiplinlerinden farkl\u0131 olarak, Sahaja Yoga meditasyonu ayd\u0131nlanm\u0131\u015f bir ruhun kendi do\u011fu\u015ftan gelen usta prensibine eri\u015fmesine odaklan\u0131r. T\u00fcm ger\u00e7ek bilgi sadece merkezi sinir sistemimiz&hellip; Read more","og_url":"https:\/\/shrimataji.org\/test\/tr\/usta-olmak\/","og_site_name":"TEST - SMND","article_publisher":"https:\/\/www.facebook.com\/shrimataji","article_modified_time":"2024-07-12T00:02:29+00:00","og_image":[{"width":2560,"height":905,"url":"https:\/\/shrimataji.org\/test\/wp-content\/uploads\/2023\/03\/26_Banner-SY-Master-scaled.jpg","type":"image\/jpeg"}],"twitter_card":"summary_large_image","twitter_site":"@shrimataji","twitter_misc":{"Est. reading time":"2 minutes"},"schema":{"@context":"https:\/\/schema.org","@graph":[{"@type":"WebPage","@id":"https:\/\/shrimataji.org\/test\/tr\/usta-olmak\/","url":"https:\/\/shrimataji.org\/test\/tr\/usta-olmak\/","name":"Usta Olmak - TEST - SMND","isPartOf":{"@id":"https:\/\/shrimataji.org\/test\/#website"},"primaryImageOfPage":{"@id":"https:\/\/shrimataji.org\/test\/tr\/usta-olmak\/#primaryimage"},"image":{"@id":"https:\/\/shrimataji.org\/test\/tr\/usta-olmak\/#primaryimage"},"thumbnailUrl":"https:\/\/shrimataji.org\/test\/wp-content\/uploads\/2023\/03\/26_Banner-SY-Master-scaled.jpg","datePublished":"2022-01-29T09:51:00+00:00","dateModified":"2024-07-12T00:02:29+00:00","breadcrumb":{"@id":"https:\/\/shrimataji.org\/test\/tr\/usta-olmak\/#breadcrumb"},"inLanguage":"en-US","potentialAction":[{"@type":"ReadAction","target":["https:\/\/shrimataji.org\/test\/tr\/usta-olmak\/"]}]},{"@type":"ImageObject","inLanguage":"en-US","@id":"https:\/\/shrimataji.org\/test\/tr\/usta-olmak\/#primaryimage","url":"https:\/\/shrimataji.org\/test\/wp-content\/uploads\/2023\/03\/26_Banner-SY-Master-scaled.jpg","contentUrl":"https:\/\/shrimataji.org\/test\/wp-content\/uploads\/2023\/03\/26_Banner-SY-Master-scaled.jpg","width":2560,"height":905},{"@type":"BreadcrumbList","@id":"https:\/\/shrimataji.org\/test\/tr\/usta-olmak\/#breadcrumb","itemListElement":[{"@type":"ListItem","position":1,"name":"Home","item":"https:\/\/shrimataji.org\/test\/uk\/home-en\/"},{"@type":"ListItem","position":2,"name":"Usta Olmak"}]},{"@type":"WebSite","@id":"https:\/\/shrimataji.org\/test\/#website","url":"https:\/\/shrimataji.org\/test\/","name":"Shri Mataji Nirmala Devi","description":"A Life Dedicated to Humanity","publisher":{"@id":"https:\/\/shrimataji.org\/test\/#\/schema\/person\/a1b3419c6585f164aa96da1ff85715d1"},"potentialAction":[{"@type":"SearchAction","target":{"@type":"EntryPoint","urlTemplate":"https:\/\/shrimataji.org\/test\/?s={search_term_string}"},"query-input":{"@type":"PropertyValueSpecification","valueRequired":true,"valueName":"search_term_string"}}],"inLanguage":"en-US"},{"@type":["Person","Organization"],"@id":"https:\/\/shrimataji.org\/test\/#\/schema\/person\/a1b3419c6585f164aa96da1ff85715d1","name":"Nirmala Shrivastava","image":{"@type":"ImageObject","inLanguage":"en-US","@id":"https:\/\/shrimataji.org\/test\/wp-content\/uploads\/2023\/02\/SMO_LOGO-03.svg","url":"https:\/\/shrimataji.org\/test\/wp-content\/uploads\/2023\/02\/SMO_LOGO-03.svg","contentUrl":"https:\/\/shrimataji.org\/test\/wp-content\/uploads\/2023\/02\/SMO_LOGO-03.svg","width":"1024","height":"1024","caption":"Nirmala Shrivastava"},"logo":{"@id":"https:\/\/shrimataji.org\/test\/wp-content\/uploads\/2023\/02\/SMO_LOGO-03.svg"},"sameAs":["https:\/\/shrimataji.org\/test","https:\/\/www.facebook.com\/shrimataji","https:\/\/x.com\/shrimataji","https:\/\/www.youtube.com\/@Shri_Mataji_Nirmala_Devi\/featured"]}]}},"lang":"tr","translations":{"tr":10137,"ur":37398,"en":6388,"am":17969,"th":19898,"hu":19444,"sq":18370,"zh":17267,"hi":7370,"pt":10354,"de":10627,"fr":10725,"it":10823,"es":10921,"ja":11218,"ru":11406,"bn":11598,"te":11706,"sw":11829,"he":11977,"el":12268,"sk":12366,"fa":12464,"fi":12562,"bg":13400,"ro":14474,"cs":14667,"nl":16530,"ku":16690,"ar":16866,"be":18577,"kn":18851,"mr":20262,"uk":20554,"ml":20853,"ta":22685,"sv":22958,"gu":28806,"pa":28964,"fil":29404,"da":37712,"pl":37929,"nn":38264},"pll_sync_post":[],"_links":{"self":[{"href":"https:\/\/shrimataji.org\/test\/wp-json\/wp\/v2\/pages\/10137","targetHints":{"allow":["GET"]}}],"collection":[{"href":"https:\/\/shrimataji.org\/test\/wp-json\/wp\/v2\/pages"}],"about":[{"href":"https:\/\/shrimataji.org\/test\/wp-json\/wp\/v2\/types\/page"}],"author":[{"embeddable":true,"href":"https:\/\/shrimataji.org\/test\/wp-json\/wp\/v2\/users\/12"}],"replies":[{"embeddable":true,"href":"https:\/\/shrimataji.org\/test\/wp-json\/wp\/v2\/comments?post=10137"}],"version-history":[{"count":0,"href":"https:\/\/shrimataji.org\/test\/wp-json\/wp\/v2\/pages\/10137\/revisions"}],"wp:featuredmedia":[{"embeddable":true,"href":"https:\/\/shrimataji.org\/test\/wp-json\/wp\/v2\/media\/9261"}],"wp:attachment":[{"href":"https:\/\/shrimataji.org\/test\/wp-json\/wp\/v2\/media?parent=10137"}],"curies":[{"name":"wp","href":"https:\/\/api.w.org\/{rel}","templated":true}]}}