{"id":10139,"date":"2022-02-25T04:05:58","date_gmt":"2022-02-25T04:05:58","guid":{"rendered":"https:\/\/test.shrimataji.org\/?page_id=6476"},"modified":"2024-07-12T00:01:55","modified_gmt":"2024-07-12T00:01:55","slug":"cakralar-ve-kaliteleri","status":"publish","type":"page","link":"https:\/\/shrimataji.org\/test\/tr\/cakralar-ve-kaliteleri\/","title":{"rendered":"\u00c7akralar ve Kaliteleri"},"content":{"rendered":"\n\n\t<h1><a href=\"#_ftnref1\" name=\"_ftn1\"><\/a>\u00c7akralar ve Kaliteleri<\/h1>\n<h2>Ya\u015fam \u00c7arklar\u0131<\/h2>\n<div class=\"su-quote su-quote-style-default\"><div class=\"su-quote-inner su-u-clearfix su-u-trim\">\u00c7akralar, be\u015f element olan toprak, su, hava, ate\u015f ve eterden olu\u015fur.<\/div><\/div>\n\t<p><b>Shri Mataji, ger\u00e7e\u011fi arayanlara bedenimiz \u00fczerinde el ve ayak parmak u\u00e7lar\u0131 gibi ve kollar veya bacaklar\u0131n \u00fcst\u00fcnde merkezlerin (\u00e7akralar\u0131n) nas\u0131l hissedilebilece\u011fini a\u00e7\u0131klam\u0131\u015ft\u0131r. \u0130nsan, kendi s\u00fcptil bedeninin (gizli beden) durumuna ba\u011fl\u0131 olarak s\u0131caktan serinli\u011fe, fiziksel d\u00fczeyde bir kar\u0131ncalanma veya a\u011f\u0131rl\u0131k gibi farkl\u0131 hisleri hissedebilir. Shri Mataji, bir yerde mevcut bulundu\u011funda hakikati arayanlara onlar\u0131 fiziksel, zihinsel, duygusal ve ruhsal seviyelerde etkileyen problemleriyle ilgili hissetmi\u015f olduklar\u0131 bu t\u00fcr hislerin sebeplerini sab\u0131rla a\u00e7\u0131klard\u0131. Yogayla ilgili bu ruhsal deneyimin d\u00fcnyada var olan \u00e7e\u015fitli kutsal kitaplarda \u00f6zellikle de Kur&#8217;an ayetlerinde \u00e7ok iyi anlat\u0131ld\u0131\u011f\u0131na dikkat \u00e7ekmi\u015ftir.<\/b><\/p>\n\t<div class=\"su-quote su-quote-style-default\"><div class=\"su-quote-inner su-u-clearfix su-u-trim\">Kur&#8217;an&#8217;da buna K\u0131yam[1] denir. Burada ellerinizin konu\u015faca\u011f\u0131, size kendiniz ve ba\u015fkalar\u0131 hakk\u0131nda her \u015feyi anlataca\u011f\u0131 s\u00f6ylenir. Tam olarak da olan budur. Parmak u\u00e7lar\u0131n\u0131zda hem kendinizin hem de ba\u015fkalar\u0131n\u0131n \u00e7akralar\u0131n\u0131 hissedebilirsiniz. B\u00f6ylece kendinizle ilgili, fark\u0131ndal\u0131\u011f\u0131n\u0131z geli\u015fir ve ayn\u0131 zamanda kolektif olarak bilin\u00e7li hale gelirsiniz.<\/div><\/div>\n<p>\u00c7akralar\u0131, bir alevin alaz\u0131 ve hatta lotus yapraklar\u0131n\u0131n bir demeti olarak d\u00fc\u015f\u00fcnebiliriz. Her \u00e7akra, sinir pleksusu i\u00e7indeki alt pleksuslar\u0131n say\u0131s\u0131na kar\u015f\u0131l\u0131k gelen, farkl\u0131 say\u0131da ta\u00e7 yapra\u011f\u0131na sahiptir. Sinir pleksuslar\u0131, varl\u0131\u011f\u0131m\u0131z\u0131n uyumlu bir \u015fekilde i\u015fleyi\u015fini kolayla\u015ft\u0131rarak bedenimizde ve beynimizdeki bilgi ak\u0131\u015f\u0131n\u0131 d\u00fczenlerler. T\u00fcm fiziksel, zihinsel ve duygusal faaliyetlerimizin kayna\u011f\u0131n\u0131 olu\u015ftururlar. Dolay\u0131s\u0131yla her \u00e7akra belirli fiziksel, zihinsel ve duygusal niteliklerle ili\u015fkilidir. Zihinsel, duygusal veya fiziksel d\u00fczeyde rahats\u0131zl\u0131k ya\u015farsak bunun nedeni bu \u00e7akralardaki s\u00fcptil bir t\u0131kan\u0131kl\u0131k ya da engellerdir.<\/p>\n<div class=\"su-quote su-quote-style-default\"><div class=\"su-quote-inner su-u-clearfix su-u-trim\"> S\u00fcptil enerji, beynin ortas\u0131ndan (Sahasrara Brahmarandhra) girer ve a\u015fa\u011f\u0131 inerken alt\u0131 merkezden daha ge\u00e7er. Bu s\u00fcptil enerjinin omurili\u011fin Sushumna kanal\u0131ndaki b\u00fct\u00fcn tezah\u00fcr\u00fc Parasempatik sinir sistemi olarak adland\u0131r\u0131l\u0131r. \u00c7akralar\u0131n merkezleri, omurili\u011fin d\u0131\u015f\u0131nda pleksuslar olarak ifade edilir. \u015ea\u015f\u0131rt\u0131c\u0131 bir \u015fekilde omurili\u011fin i\u00e7indeki \u00e7akralar ve ta\u00e7 yapraklar\u0131n\u0131n say\u0131s\u0131 ile d\u0131\u015f\u0131ndaki pleksus ve alt pleksuslar\u0131n say\u0131s\u0131 ayn\u0131d\u0131r. <\/div><\/div>\n<p>Sinir sistemimizin \u00e7evresel uzant\u0131s\u0131, s\u00fcptil bedenimizin \u00e7evresel uzant\u0131s\u0131 ile \u00f6rt\u00fc\u015f\u00fcr ve bu da omurilikteki \u00e7akralar ile el ve ayak parmaklar\u0131 aras\u0131nda birebir ba\u011flant\u0131 sa\u011flar. E\u011fer ki\u015fi, bedenindeki bu yerleri ve bunlara kar\u015f\u0131l\u0131k gelen s\u00fcptil merkezler (\u00e7akralar) aras\u0131ndaki ili\u015fkiyi do\u011fru anlarsa fiziksel, zihinsel, duygusal ve ruhsal varl\u0131\u011f\u0131nda kolayl\u0131kla kontrol sahibi olabilir. Ki\u015fi, art\u0131k mutlak evrensel ger\u00e7eklikten ayr\u0131 de\u011fildir ancak kendini tan\u0131ma yoluyla alg\u0131lad\u0131\u011f\u0131 ger\u00e7ekli\u011fin yan\u0131lsamalar\u0131ndan kendini ay\u0131rabilir.<\/p>\n\t\t\t\t<img loading=\"lazy\" decoding=\"async\" src=\"https:\/\/shrimataji.org\/test\/wp-content\/uploads\/2024\/06\/TR_Chakras-_-Qualities.png\" alt=\"TR_Chakras _ Qualities\" height=\"7845\" width=\"6424\" title=\"TR_Chakras _ Qualities\" \/>\n\t<p>S\u00fcptil sistemimizdeki merkezler; yaln\u0131zca fiziksel, zihinsel ve duygusal refah\u0131m\u0131z\u0131 d\u00fczenlemekle kalmaz ayn\u0131 zamanda ki\u015fili\u011fimizi \u015fekillendirmeye de yard\u0131mc\u0131 olurlar. Bunlar\u0131 ki\u015filik \u00f6zelliklerimizin bir deposu olarak alg\u0131layabiliriz. Geli\u015ftik\u00e7e, olgunla\u015ft\u0131k\u00e7a ve b\u00fcy\u00fcd\u00fck\u00e7e bu ki\u015filik \u00f6zellikleri ya\u015fam\u0131m\u0131zda bazen bilin\u00e7li genellikle de bilin\u00e7siz olarak ortaya \u00e7\u0131kar. Birine yard\u0131m etmek ya da belirli bir durumda nazik veya c\u00f6mert olmak i\u00e7in ne kadar s\u0131kl\u0131kla istek duydu\u011funuzu bir d\u00fc\u015f\u00fcn\u00fcn. Bu duygular nereden geliyor? \u00c7in ve Hindistan&#8217;da s\u00fcptil sistem bilgisini kullanarak ya\u015fayan kadim Do\u011fu k\u00fclt\u00fcrleri, toplumlar\u0131n\u0131 ruhani ya\u015fam\u0131n y\u00fcksek de\u011ferlerini, Dharma&#8217;y\u0131 esas alarak kurmu\u015flard\u0131r. Kadim Sanskrit dilinde Dharma, evrensel ruhla uyumlu bir kural olan &#8216;do\u011fru davran\u0131\u015f kurallar\u0131&#8217; anlam\u0131na gelir. Hz. Musa&#8217;ya bildirilen On Emir&#8217;e paralel bir benzetme yap\u0131labilir. Asl\u0131nda, kadim d\u00fcnya dinlerinin, k\u00fclt\u00fcrlerinin ve geleneklerinin bir\u00e7o\u011funda bu evrensel i\u00e7ten gelen davran\u0131\u015f kurallar\u0131n\u0131n ba\u015fka \u00f6rnekleri bulunabilir.<\/p>\n\t\n\t<p>Shri Mataji taraf\u0131ndan payla\u015f\u0131lan bilgilere dayanarak, a\u015fa\u011f\u0131daki b\u00f6l\u00fcmler her bir \u00e7akray\u0131 detayland\u0131rmakta ve s\u00fcptil merkezlerin ezeli prensibine dayal\u0131 do\u011fu\u015ftan gelen ki\u015fisel \u00f6zelliklerini vurgulamaktad\u0131r. Bu merkezlerin baz\u0131 nitelikleri, do\u011fumumuzdan itibaren insani fark\u0131ndal\u0131\u011f\u0131m\u0131zda ortaya \u00e7\u0131kar. Bu merkezlerin daha y\u00fcksek s\u00fcptil nitelikleri, <a href=\"https:\/\/shrimataji.org\/kundalini\/\">Kundalini&#8217;nin<\/a> uyan\u0131\u015f\u0131 yoluyla ayd\u0131nlanmadan sonra tam olarak ortaya \u00e7\u0131kar.<\/p>\n<p>Farkl\u0131 enerji merkezlerinin sahip oldu\u011fu bu s\u00fcptil bilgileri kullanarak, do\u011fu\u015ftan gelen kendi manevi do\u011fam\u0131zla ve etraf\u0131m\u0131zdaki di\u011fer insanlarla uyum i\u00e7inde ya\u015famay\u0131 kendimize kolayla\u015ft\u0131rabiliriz.<\/p>\n\t<hr \/>\n<p>\u00a0[1] Kur&#8217;an&#8217;da dirili\u015f g\u00fcn\u00fc olarak bilinen K\u0131yam veya K\u0131yamet&#8217;i ifade eder.<\/p>\n\n","protected":false},"excerpt":{"rendered":"<p>\u00c7akralar ve Kaliteleri Ya\u015fam \u00c7arklar\u0131 Shri Mataji, ger\u00e7e\u011fi arayanlara bedenimiz \u00fczerinde el ve ayak parmak u\u00e7lar\u0131 gibi ve kollar veya bacaklar\u0131n \u00fcst\u00fcnde merkezlerin (\u00e7akralar\u0131n) nas\u0131l hissedilebilece\u011fini a\u00e7\u0131klam\u0131\u015ft\u0131r. \u0130nsan, kendi s\u00fcptil bedeninin (gizli beden) durumuna ba\u011fl\u0131 olarak s\u0131caktan serinli\u011fe, fiziksel d\u00fczeyde bir kar\u0131ncalanma veya a\u011f\u0131rl\u0131k gibi farkl\u0131 hisleri hissedebilir. Shri Mataji, bir yerde mevcut bulundu\u011funda hakikati&hellip; <br \/> <a class=\"read-more\" href=\"https:\/\/shrimataji.org\/test\/tr\/cakralar-ve-kaliteleri\/\">Read more<\/a><\/p>\n","protected":false},"author":12,"featured_media":9250,"parent":0,"menu_order":0,"comment_status":"closed","ping_status":"closed","template":"","meta":{"inline_featured_image":false,"footnotes":""},"class_list":["post-10139","page","type-page","status-publish","has-post-thumbnail","hentry"],"yoast_head":"<!-- This site is optimized with the Yoast SEO plugin v27.4 - https:\/\/yoast.com\/product\/yoast-seo-wordpress\/ -->\n<title>\u00c7akralar ve Kaliteleri - TEST - SMND<\/title>\n<meta name=\"robots\" content=\"noindex, follow, max-snippet:-1, max-image-preview:large, max-video-preview:-1\" \/>\n<meta property=\"og:locale\" content=\"en_US\" \/>\n<meta property=\"og:type\" content=\"article\" \/>\n<meta property=\"og:title\" content=\"\u00c7akralar ve Kaliteleri - TEST - SMND\" \/>\n<meta property=\"og:description\" content=\"\u00c7akralar ve Kaliteleri Ya\u015fam \u00c7arklar\u0131 Shri Mataji, ger\u00e7e\u011fi arayanlara bedenimiz \u00fczerinde el ve ayak parmak u\u00e7lar\u0131 gibi ve kollar veya bacaklar\u0131n \u00fcst\u00fcnde merkezlerin (\u00e7akralar\u0131n) nas\u0131l hissedilebilece\u011fini a\u00e7\u0131klam\u0131\u015ft\u0131r. \u0130nsan, kendi s\u00fcptil bedeninin (gizli beden) durumuna ba\u011fl\u0131 olarak s\u0131caktan serinli\u011fe, fiziksel d\u00fczeyde bir kar\u0131ncalanma veya a\u011f\u0131rl\u0131k gibi farkl\u0131 hisleri hissedebilir. Shri Mataji, bir yerde mevcut bulundu\u011funda hakikati&hellip; Read more\" \/>\n<meta property=\"og:url\" content=\"https:\/\/shrimataji.org\/test\/tr\/cakralar-ve-kaliteleri\/\" \/>\n<meta property=\"og:site_name\" content=\"TEST - SMND\" \/>\n<meta property=\"article:publisher\" content=\"https:\/\/www.facebook.com\/shrimataji\" \/>\n<meta property=\"article:modified_time\" content=\"2024-07-12T00:01:55+00:00\" \/>\n<meta property=\"og:image\" content=\"https:\/\/shrimataji.org\/test\/wp-content\/uploads\/2023\/03\/15_Banner-SY-ChakrasQualities-scaled.jpg\" \/>\n\t<meta property=\"og:image:width\" content=\"2560\" \/>\n\t<meta property=\"og:image:height\" content=\"905\" \/>\n\t<meta property=\"og:image:type\" content=\"image\/jpeg\" \/>\n<meta name=\"twitter:card\" content=\"summary_large_image\" \/>\n<meta name=\"twitter:site\" content=\"@shrimataji\" \/>\n<meta name=\"twitter:label1\" content=\"Est. reading time\" \/>\n\t<meta name=\"twitter:data1\" content=\"4 minutes\" \/>\n<script type=\"application\/ld+json\" class=\"yoast-schema-graph\">{\"@context\":\"https:\\\/\\\/schema.org\",\"@graph\":[{\"@type\":\"WebPage\",\"@id\":\"https:\\\/\\\/shrimataji.org\\\/test\\\/tr\\\/cakralar-ve-kaliteleri\\\/\",\"url\":\"https:\\\/\\\/shrimataji.org\\\/test\\\/tr\\\/cakralar-ve-kaliteleri\\\/\",\"name\":\"\u00c7akralar ve Kaliteleri - TEST - SMND\",\"isPartOf\":{\"@id\":\"https:\\\/\\\/shrimataji.org\\\/test\\\/#website\"},\"primaryImageOfPage\":{\"@id\":\"https:\\\/\\\/shrimataji.org\\\/test\\\/tr\\\/cakralar-ve-kaliteleri\\\/#primaryimage\"},\"image\":{\"@id\":\"https:\\\/\\\/shrimataji.org\\\/test\\\/tr\\\/cakralar-ve-kaliteleri\\\/#primaryimage\"},\"thumbnailUrl\":\"https:\\\/\\\/shrimataji.org\\\/test\\\/wp-content\\\/uploads\\\/2023\\\/03\\\/15_Banner-SY-ChakrasQualities-scaled.jpg\",\"datePublished\":\"2022-02-25T04:05:58+00:00\",\"dateModified\":\"2024-07-12T00:01:55+00:00\",\"breadcrumb\":{\"@id\":\"https:\\\/\\\/shrimataji.org\\\/test\\\/tr\\\/cakralar-ve-kaliteleri\\\/#breadcrumb\"},\"inLanguage\":\"en-US\",\"potentialAction\":[{\"@type\":\"ReadAction\",\"target\":[\"https:\\\/\\\/shrimataji.org\\\/test\\\/tr\\\/cakralar-ve-kaliteleri\\\/\"]}]},{\"@type\":\"ImageObject\",\"inLanguage\":\"en-US\",\"@id\":\"https:\\\/\\\/shrimataji.org\\\/test\\\/tr\\\/cakralar-ve-kaliteleri\\\/#primaryimage\",\"url\":\"https:\\\/\\\/shrimataji.org\\\/test\\\/wp-content\\\/uploads\\\/2023\\\/03\\\/15_Banner-SY-ChakrasQualities-scaled.jpg\",\"contentUrl\":\"https:\\\/\\\/shrimataji.org\\\/test\\\/wp-content\\\/uploads\\\/2023\\\/03\\\/15_Banner-SY-ChakrasQualities-scaled.jpg\",\"width\":2560,\"height\":905},{\"@type\":\"BreadcrumbList\",\"@id\":\"https:\\\/\\\/shrimataji.org\\\/test\\\/tr\\\/cakralar-ve-kaliteleri\\\/#breadcrumb\",\"itemListElement\":[{\"@type\":\"ListItem\",\"position\":1,\"name\":\"Home\",\"item\":\"https:\\\/\\\/shrimataji.org\\\/test\\\/uk\\\/home-en\\\/\"},{\"@type\":\"ListItem\",\"position\":2,\"name\":\"\u00c7akralar ve Kaliteleri\"}]},{\"@type\":\"WebSite\",\"@id\":\"https:\\\/\\\/shrimataji.org\\\/test\\\/#website\",\"url\":\"https:\\\/\\\/shrimataji.org\\\/test\\\/\",\"name\":\"Shri Mataji Nirmala Devi\",\"description\":\"A Life Dedicated to Humanity\",\"publisher\":{\"@id\":\"https:\\\/\\\/shrimataji.org\\\/test\\\/#\\\/schema\\\/person\\\/a1b3419c6585f164aa96da1ff85715d1\"},\"potentialAction\":[{\"@type\":\"SearchAction\",\"target\":{\"@type\":\"EntryPoint\",\"urlTemplate\":\"https:\\\/\\\/shrimataji.org\\\/test\\\/?s={search_term_string}\"},\"query-input\":{\"@type\":\"PropertyValueSpecification\",\"valueRequired\":true,\"valueName\":\"search_term_string\"}}],\"inLanguage\":\"en-US\"},{\"@type\":[\"Person\",\"Organization\"],\"@id\":\"https:\\\/\\\/shrimataji.org\\\/test\\\/#\\\/schema\\\/person\\\/a1b3419c6585f164aa96da1ff85715d1\",\"name\":\"Nirmala Shrivastava\",\"image\":{\"@type\":\"ImageObject\",\"inLanguage\":\"en-US\",\"@id\":\"https:\\\/\\\/shrimataji.org\\\/test\\\/wp-content\\\/uploads\\\/2023\\\/02\\\/SMO_LOGO-03.svg\",\"url\":\"https:\\\/\\\/shrimataji.org\\\/test\\\/wp-content\\\/uploads\\\/2023\\\/02\\\/SMO_LOGO-03.svg\",\"contentUrl\":\"https:\\\/\\\/shrimataji.org\\\/test\\\/wp-content\\\/uploads\\\/2023\\\/02\\\/SMO_LOGO-03.svg\",\"width\":\"1024\",\"height\":\"1024\",\"caption\":\"Nirmala Shrivastava\"},\"logo\":{\"@id\":\"https:\\\/\\\/shrimataji.org\\\/test\\\/wp-content\\\/uploads\\\/2023\\\/02\\\/SMO_LOGO-03.svg\"},\"sameAs\":[\"https:\\\/\\\/shrimataji.org\\\/test\",\"https:\\\/\\\/www.facebook.com\\\/shrimataji\",\"https:\\\/\\\/x.com\\\/shrimataji\",\"https:\\\/\\\/www.youtube.com\\\/@Shri_Mataji_Nirmala_Devi\\\/featured\"]}]}<\/script>\n<!-- \/ Yoast SEO plugin. -->","yoast_head_json":{"title":"\u00c7akralar ve Kaliteleri - TEST - SMND","robots":{"index":"noindex","follow":"follow","max-snippet":"max-snippet:-1","max-image-preview":"max-image-preview:large","max-video-preview":"max-video-preview:-1"},"og_locale":"en_US","og_type":"article","og_title":"\u00c7akralar ve Kaliteleri - TEST - SMND","og_description":"\u00c7akralar ve Kaliteleri Ya\u015fam \u00c7arklar\u0131 Shri Mataji, ger\u00e7e\u011fi arayanlara bedenimiz \u00fczerinde el ve ayak parmak u\u00e7lar\u0131 gibi ve kollar veya bacaklar\u0131n \u00fcst\u00fcnde merkezlerin (\u00e7akralar\u0131n) nas\u0131l hissedilebilece\u011fini a\u00e7\u0131klam\u0131\u015ft\u0131r. \u0130nsan, kendi s\u00fcptil bedeninin (gizli beden) durumuna ba\u011fl\u0131 olarak s\u0131caktan serinli\u011fe, fiziksel d\u00fczeyde bir kar\u0131ncalanma veya a\u011f\u0131rl\u0131k gibi farkl\u0131 hisleri hissedebilir. Shri Mataji, bir yerde mevcut bulundu\u011funda hakikati&hellip; Read more","og_url":"https:\/\/shrimataji.org\/test\/tr\/cakralar-ve-kaliteleri\/","og_site_name":"TEST - SMND","article_publisher":"https:\/\/www.facebook.com\/shrimataji","article_modified_time":"2024-07-12T00:01:55+00:00","og_image":[{"width":2560,"height":905,"url":"https:\/\/shrimataji.org\/test\/wp-content\/uploads\/2023\/03\/15_Banner-SY-ChakrasQualities-scaled.jpg","type":"image\/jpeg"}],"twitter_card":"summary_large_image","twitter_site":"@shrimataji","twitter_misc":{"Est. reading time":"4 minutes"},"schema":{"@context":"https:\/\/schema.org","@graph":[{"@type":"WebPage","@id":"https:\/\/shrimataji.org\/test\/tr\/cakralar-ve-kaliteleri\/","url":"https:\/\/shrimataji.org\/test\/tr\/cakralar-ve-kaliteleri\/","name":"\u00c7akralar ve Kaliteleri - TEST - SMND","isPartOf":{"@id":"https:\/\/shrimataji.org\/test\/#website"},"primaryImageOfPage":{"@id":"https:\/\/shrimataji.org\/test\/tr\/cakralar-ve-kaliteleri\/#primaryimage"},"image":{"@id":"https:\/\/shrimataji.org\/test\/tr\/cakralar-ve-kaliteleri\/#primaryimage"},"thumbnailUrl":"https:\/\/shrimataji.org\/test\/wp-content\/uploads\/2023\/03\/15_Banner-SY-ChakrasQualities-scaled.jpg","datePublished":"2022-02-25T04:05:58+00:00","dateModified":"2024-07-12T00:01:55+00:00","breadcrumb":{"@id":"https:\/\/shrimataji.org\/test\/tr\/cakralar-ve-kaliteleri\/#breadcrumb"},"inLanguage":"en-US","potentialAction":[{"@type":"ReadAction","target":["https:\/\/shrimataji.org\/test\/tr\/cakralar-ve-kaliteleri\/"]}]},{"@type":"ImageObject","inLanguage":"en-US","@id":"https:\/\/shrimataji.org\/test\/tr\/cakralar-ve-kaliteleri\/#primaryimage","url":"https:\/\/shrimataji.org\/test\/wp-content\/uploads\/2023\/03\/15_Banner-SY-ChakrasQualities-scaled.jpg","contentUrl":"https:\/\/shrimataji.org\/test\/wp-content\/uploads\/2023\/03\/15_Banner-SY-ChakrasQualities-scaled.jpg","width":2560,"height":905},{"@type":"BreadcrumbList","@id":"https:\/\/shrimataji.org\/test\/tr\/cakralar-ve-kaliteleri\/#breadcrumb","itemListElement":[{"@type":"ListItem","position":1,"name":"Home","item":"https:\/\/shrimataji.org\/test\/uk\/home-en\/"},{"@type":"ListItem","position":2,"name":"\u00c7akralar ve Kaliteleri"}]},{"@type":"WebSite","@id":"https:\/\/shrimataji.org\/test\/#website","url":"https:\/\/shrimataji.org\/test\/","name":"Shri Mataji Nirmala Devi","description":"A Life Dedicated to Humanity","publisher":{"@id":"https:\/\/shrimataji.org\/test\/#\/schema\/person\/a1b3419c6585f164aa96da1ff85715d1"},"potentialAction":[{"@type":"SearchAction","target":{"@type":"EntryPoint","urlTemplate":"https:\/\/shrimataji.org\/test\/?s={search_term_string}"},"query-input":{"@type":"PropertyValueSpecification","valueRequired":true,"valueName":"search_term_string"}}],"inLanguage":"en-US"},{"@type":["Person","Organization"],"@id":"https:\/\/shrimataji.org\/test\/#\/schema\/person\/a1b3419c6585f164aa96da1ff85715d1","name":"Nirmala Shrivastava","image":{"@type":"ImageObject","inLanguage":"en-US","@id":"https:\/\/shrimataji.org\/test\/wp-content\/uploads\/2023\/02\/SMO_LOGO-03.svg","url":"https:\/\/shrimataji.org\/test\/wp-content\/uploads\/2023\/02\/SMO_LOGO-03.svg","contentUrl":"https:\/\/shrimataji.org\/test\/wp-content\/uploads\/2023\/02\/SMO_LOGO-03.svg","width":"1024","height":"1024","caption":"Nirmala Shrivastava"},"logo":{"@id":"https:\/\/shrimataji.org\/test\/wp-content\/uploads\/2023\/02\/SMO_LOGO-03.svg"},"sameAs":["https:\/\/shrimataji.org\/test","https:\/\/www.facebook.com\/shrimataji","https:\/\/x.com\/shrimataji","https:\/\/www.youtube.com\/@Shri_Mataji_Nirmala_Devi\/featured"]}]}},"lang":"tr","translations":{"tr":10139,"ur":37400,"en":6476,"am":17971,"th":19901,"hu":19446,"sq":18372,"zh":17269,"hi":7374,"pt":10355,"de":10628,"fr":10726,"it":10824,"es":10922,"ja":11219,"ru":11407,"bn":11599,"te":11707,"sw":11830,"he":11978,"el":12269,"sk":12367,"fa":12465,"fi":12563,"bg":13378,"ro":14452,"cs":14645,"nl":16532,"ku":16692,"ar":16868,"be":18579,"kn":18853,"mr":20265,"uk":20557,"ml":20856,"ta":22687,"sv":22960,"gu":28808,"pa":28966,"fil":29406,"da":37714,"pl":37931,"nn":38266},"pll_sync_post":[],"_links":{"self":[{"href":"https:\/\/shrimataji.org\/test\/wp-json\/wp\/v2\/pages\/10139","targetHints":{"allow":["GET"]}}],"collection":[{"href":"https:\/\/shrimataji.org\/test\/wp-json\/wp\/v2\/pages"}],"about":[{"href":"https:\/\/shrimataji.org\/test\/wp-json\/wp\/v2\/types\/page"}],"author":[{"embeddable":true,"href":"https:\/\/shrimataji.org\/test\/wp-json\/wp\/v2\/users\/12"}],"replies":[{"embeddable":true,"href":"https:\/\/shrimataji.org\/test\/wp-json\/wp\/v2\/comments?post=10139"}],"version-history":[{"count":0,"href":"https:\/\/shrimataji.org\/test\/wp-json\/wp\/v2\/pages\/10139\/revisions"}],"wp:featuredmedia":[{"embeddable":true,"href":"https:\/\/shrimataji.org\/test\/wp-json\/wp\/v2\/media\/9250"}],"wp:attachment":[{"href":"https:\/\/shrimataji.org\/test\/wp-json\/wp\/v2\/media?parent=10139"}],"curies":[{"name":"wp","href":"https:\/\/api.w.org\/{rel}","templated":true}]}}