{"id":10143,"date":"2022-01-23T03:35:11","date_gmt":"2022-01-23T03:35:11","guid":{"rendered":"https:\/\/test.shrimataji.org\/?page_id=6283"},"modified":"2024-07-12T00:02:00","modified_gmt":"2024-07-12T00:02:00","slug":"kolektif-meditasyon","status":"publish","type":"page","link":"https:\/\/shrimataji.org\/test\/tr\/kolektif-meditasyon\/","title":{"rendered":"Kolektif Meditasyon"},"content":{"rendered":"\n\n\t<h1>Kolektif Meditasyon<\/h1>\n<h2>B\u00fct\u00fcn\u00fcn ayr\u0131lmaz bir par\u00e7as\u0131 haline gelmek<\/h2>\n<div class=\"su-quote su-quote-style-default\"><div class=\"su-quote-inner su-u-clearfix su-u-trim\"> Ruh ic\u0327imizdeki kolektif varl\u0131kt\u0131r. Tezahu\u0308r ettig\u0306inde, parmak uc\u0327lar\u0131n\u0131zda bas\u0327ka bir kis\u0327inin su\u0308btil merkezlerini hissedebildig\u0306inize ve ayn\u0131 s\u0327ekilde kendi varl\u0131g\u0306\u0131n\u0131z\u0131n su\u0308btil merkezlerini de parmak uc\u0327lar\u0131n\u0131zda hissedebildig\u0306inize hayret edeceksiniz. <\/div><\/div>\n<h4>Shri Mataji o\u0308g\u0306retilerinde asl\u0131nda uzay, zaman ve madde boyutlar\u0131n\u0131n o\u0308tesinde ebediyen var olan canl\u0131 bir ruhani evrenin(Virata) ayr\u0131lmaz bir parc\u0327as\u0131 oldug\u0306umuzu ortaya koymaktad\u0131r. T\u0131pk\u0131 bedenimizin bir parc\u0327as\u0131 oldug\u0306unda korunan ve geri kalan\u0131ndan ayr\u0131ld\u0131g\u0306\u0131nda varl\u0131g\u0306\u0131 sona eren hu\u0308creler gibi, ruhsal fark\u0131ndal\u0131g\u0306\u0131m\u0131zdaki su\u0308rekli bu\u0308yu\u0308me de ancak bir bu\u0308tu\u0308nu\u0308n parc\u0327as\u0131 olma duygusunu gelis\u0327tirdig\u0306imizde ve bas\u0327kalar\u0131yla birlikte kolektif olarak meditasyon yapt\u0131g\u0306\u0131m\u0131zda, en iyi s\u0327ekilde su\u0308rdu\u0308ru\u0308lebilir.<\/h4>\n<p>Meditasyon ic\u0327in kis\u0327inin c\u0327ok konforlu ve lu\u0308ks odalara ihtiyac\u0131 yoktur. Sade bir yer olabilir, o\u0308nemli olan kis\u0327inin meditasyona, herkesin ic\u0327inde yas\u0327ayan ebedi ruhla huzuru deneyimlemek ve ayd\u0131nlanm\u0131s\u0327 ruhlarla sessiz meditasyon okyanusunun mutlulug\u0306unun tad\u0131n\u0131 c\u0327\u0131karmak ic\u0327in tam ve saf bir niyetle gelmesidir.<\/p>\n<p>Shri Mataji, ayd\u0131nlanmalar\u0131n\u0131 alm\u0131s\u0327 Sahaja Yogilere, meditasyon ic\u0327in bir araya gelmek u\u0308zere belirli bir bo\u0308lgede yas\u0327ayan insanlar\u0131n kolayca ulas\u0327abileceg\u0306i baz\u0131 merkezi yerler bulmalar\u0131n\u0131 tavsiye etmis\u0327tir.<\/p>\n<p>1970 y\u0131l\u0131ndan bu yana du\u0308nya c\u0327ap\u0131nda binlerce yerel Sahaja Yoga Meditasyon merkezi, hakikati arayan her bir kis\u0327inin ayd\u0131nlanmas\u0131 ve meditasyon yapmas\u0131na yard\u0131mc\u0131 olmak ic\u0327in Sahaja Yoga&#8217;y\u0131 uygulayan yetkin kis\u0327iler taraf\u0131ndan go\u0308nu\u0308llu\u0308 olarak yu\u0308ru\u0308tu\u0308lmektedir. Ayd\u0131nlanma deneyimi ve Shri Mataji&#8217;nin kurdug\u0306u Sahaja Yoga o\u0308g\u0306retisi ic\u0327in hic\u0327bir zaman u\u0308cret talep edilmemis\u0327tir.<\/p>\n<h2>D\u00fcnya Genelinde Sahaja Yoga Meditasyon Merkezleri<\/h2>\n<p>I\u0307nteraktif haritay\u0131 kullanarak, size en yak\u0131n Sahaja Yoga meditasyon merkezini, online meditasyon kurslar\u0131n\u0131 ve programlar\u0131n\u0131 bulabilirsiniz. Daha fazla bilgi ic\u0327in lu\u0308tfen Sahaja Yoga web sitesi bag\u0306lant\u0131lar\u0131n\u0131 kullan\u0131n.<\/p>\n\t\t\t\t\t<a href=\"#\" id=\"fl-accordion--label-0\" aria-controls=\"fl-accordion--panel-0\">Map<\/a>\n\t\t\t\t\t\t\t\t\t\t\t<a href=\"#\" id=\"fl-accordion--icon-0\"><i>Expand<\/i><\/a>\n\t\t\t\t\t<h4>Note: <\/h4>\n<p>This map is a work in progress and currently only represents a small sample of the Sahaja Yoga meeting centers and courses around the world. Please zoom in to see more meeting locations which you can contact. The list is being updated on a regular basis, so be sure to revisit if you can&#8217;t locate a meeting close to you at this time.<\/p>\n<p>Your browser does not support iframes.<\/p>\n\t\t\t\t\t<a href=\"#\" id=\"fl-accordion--label-1\" aria-controls=\"fl-accordion--panel-1\">Links<\/a>\n\t\t\t\t\t\t\t\t\t\t\t<a href=\"#\" id=\"fl-accordion--icon-1\"><i>Expand<\/i><\/a>\n\t\t\t\t\t<h4><strong>List of international Sahaja Yoga Websites<\/strong><\/h4>\n<p>Locate a Sahaja Yoga website in your country<\/p>\n<p>Your browser does not support iframes.<\/p>\n\n","protected":false},"excerpt":{"rendered":"<p>Kolektif Meditasyon B\u00fct\u00fcn\u00fcn ayr\u0131lmaz bir par\u00e7as\u0131 haline gelmek Shri Mataji o\u0308g\u0306retilerinde asl\u0131nda uzay, zaman ve madde boyutlar\u0131n\u0131n o\u0308tesinde ebediyen var olan canl\u0131 bir ruhani evrenin(Virata) ayr\u0131lmaz bir parc\u0327as\u0131 oldug\u0306umuzu ortaya koymaktad\u0131r. T\u0131pk\u0131 bedenimizin bir parc\u0327as\u0131 oldug\u0306unda korunan ve geri kalan\u0131ndan ayr\u0131ld\u0131g\u0306\u0131nda varl\u0131g\u0306\u0131 sona eren hu\u0308creler gibi, ruhsal fark\u0131ndal\u0131g\u0306\u0131m\u0131zdaki su\u0308rekli bu\u0308yu\u0308me de ancak bir bu\u0308tu\u0308nu\u0308n parc\u0327as\u0131&hellip; <br \/> <a class=\"read-more\" href=\"https:\/\/shrimataji.org\/test\/tr\/kolektif-meditasyon\/\">Read more<\/a><\/p>\n","protected":false},"author":12,"featured_media":9241,"parent":0,"menu_order":0,"comment_status":"closed","ping_status":"closed","template":"","meta":{"inline_featured_image":false,"footnotes":""},"class_list":["post-10143","page","type-page","status-publish","has-post-thumbnail","hentry"],"yoast_head":"<!-- This site is optimized with the Yoast SEO plugin v27.4 - https:\/\/yoast.com\/product\/yoast-seo-wordpress\/ -->\n<title>Kolektif Meditasyon - TEST - SMND<\/title>\n<meta name=\"robots\" content=\"noindex, follow, max-snippet:-1, max-image-preview:large, max-video-preview:-1\" \/>\n<meta property=\"og:locale\" content=\"en_US\" \/>\n<meta property=\"og:type\" content=\"article\" \/>\n<meta property=\"og:title\" content=\"Kolektif Meditasyon - TEST - SMND\" \/>\n<meta property=\"og:description\" content=\"Kolektif Meditasyon B\u00fct\u00fcn\u00fcn ayr\u0131lmaz bir par\u00e7as\u0131 haline gelmek Shri Mataji o\u0308g\u0306retilerinde asl\u0131nda uzay, zaman ve madde boyutlar\u0131n\u0131n o\u0308tesinde ebediyen var olan canl\u0131 bir ruhani evrenin(Virata) ayr\u0131lmaz bir parc\u0327as\u0131 oldug\u0306umuzu ortaya koymaktad\u0131r. T\u0131pk\u0131 bedenimizin bir parc\u0327as\u0131 oldug\u0306unda korunan ve geri kalan\u0131ndan ayr\u0131ld\u0131g\u0306\u0131nda varl\u0131g\u0306\u0131 sona eren hu\u0308creler gibi, ruhsal fark\u0131ndal\u0131g\u0306\u0131m\u0131zdaki su\u0308rekli bu\u0308yu\u0308me de ancak bir bu\u0308tu\u0308nu\u0308n parc\u0327as\u0131&hellip; Read more\" \/>\n<meta property=\"og:url\" content=\"https:\/\/shrimataji.org\/test\/tr\/kolektif-meditasyon\/\" \/>\n<meta property=\"og:site_name\" content=\"TEST - SMND\" \/>\n<meta property=\"article:publisher\" content=\"https:\/\/www.facebook.com\/shrimataji\" \/>\n<meta property=\"article:modified_time\" content=\"2024-07-12T00:02:00+00:00\" \/>\n<meta property=\"og:image\" content=\"https:\/\/shrimataji.org\/test\/wp-content\/uploads\/2023\/03\/6_Banner-SY-collective-scaled.jpg\" \/>\n\t<meta property=\"og:image:width\" content=\"2560\" \/>\n\t<meta property=\"og:image:height\" content=\"905\" \/>\n\t<meta property=\"og:image:type\" content=\"image\/jpeg\" \/>\n<meta name=\"twitter:card\" content=\"summary_large_image\" \/>\n<meta name=\"twitter:site\" content=\"@shrimataji\" \/>\n<script type=\"application\/ld+json\" class=\"yoast-schema-graph\">{\"@context\":\"https:\\\/\\\/schema.org\",\"@graph\":[{\"@type\":\"WebPage\",\"@id\":\"https:\\\/\\\/shrimataji.org\\\/test\\\/tr\\\/kolektif-meditasyon\\\/\",\"url\":\"https:\\\/\\\/shrimataji.org\\\/test\\\/tr\\\/kolektif-meditasyon\\\/\",\"name\":\"Kolektif Meditasyon - TEST - SMND\",\"isPartOf\":{\"@id\":\"https:\\\/\\\/shrimataji.org\\\/test\\\/#website\"},\"primaryImageOfPage\":{\"@id\":\"https:\\\/\\\/shrimataji.org\\\/test\\\/tr\\\/kolektif-meditasyon\\\/#primaryimage\"},\"image\":{\"@id\":\"https:\\\/\\\/shrimataji.org\\\/test\\\/tr\\\/kolektif-meditasyon\\\/#primaryimage\"},\"thumbnailUrl\":\"https:\\\/\\\/shrimataji.org\\\/test\\\/wp-content\\\/uploads\\\/2023\\\/03\\\/6_Banner-SY-collective-scaled.jpg\",\"datePublished\":\"2022-01-23T03:35:11+00:00\",\"dateModified\":\"2024-07-12T00:02:00+00:00\",\"breadcrumb\":{\"@id\":\"https:\\\/\\\/shrimataji.org\\\/test\\\/tr\\\/kolektif-meditasyon\\\/#breadcrumb\"},\"inLanguage\":\"en-US\",\"potentialAction\":[{\"@type\":\"ReadAction\",\"target\":[\"https:\\\/\\\/shrimataji.org\\\/test\\\/tr\\\/kolektif-meditasyon\\\/\"]}]},{\"@type\":\"ImageObject\",\"inLanguage\":\"en-US\",\"@id\":\"https:\\\/\\\/shrimataji.org\\\/test\\\/tr\\\/kolektif-meditasyon\\\/#primaryimage\",\"url\":\"https:\\\/\\\/shrimataji.org\\\/test\\\/wp-content\\\/uploads\\\/2023\\\/03\\\/6_Banner-SY-collective-scaled.jpg\",\"contentUrl\":\"https:\\\/\\\/shrimataji.org\\\/test\\\/wp-content\\\/uploads\\\/2023\\\/03\\\/6_Banner-SY-collective-scaled.jpg\",\"width\":2560,\"height\":905},{\"@type\":\"BreadcrumbList\",\"@id\":\"https:\\\/\\\/shrimataji.org\\\/test\\\/tr\\\/kolektif-meditasyon\\\/#breadcrumb\",\"itemListElement\":[{\"@type\":\"ListItem\",\"position\":1,\"name\":\"Home\",\"item\":\"https:\\\/\\\/shrimataji.org\\\/test\\\/uk\\\/home-en\\\/\"},{\"@type\":\"ListItem\",\"position\":2,\"name\":\"Kolektif Meditasyon\"}]},{\"@type\":\"WebSite\",\"@id\":\"https:\\\/\\\/shrimataji.org\\\/test\\\/#website\",\"url\":\"https:\\\/\\\/shrimataji.org\\\/test\\\/\",\"name\":\"Shri Mataji Nirmala Devi\",\"description\":\"A Life Dedicated to Humanity\",\"publisher\":{\"@id\":\"https:\\\/\\\/shrimataji.org\\\/test\\\/#\\\/schema\\\/person\\\/a1b3419c6585f164aa96da1ff85715d1\"},\"potentialAction\":[{\"@type\":\"SearchAction\",\"target\":{\"@type\":\"EntryPoint\",\"urlTemplate\":\"https:\\\/\\\/shrimataji.org\\\/test\\\/?s={search_term_string}\"},\"query-input\":{\"@type\":\"PropertyValueSpecification\",\"valueRequired\":true,\"valueName\":\"search_term_string\"}}],\"inLanguage\":\"en-US\"},{\"@type\":[\"Person\",\"Organization\"],\"@id\":\"https:\\\/\\\/shrimataji.org\\\/test\\\/#\\\/schema\\\/person\\\/a1b3419c6585f164aa96da1ff85715d1\",\"name\":\"Nirmala Shrivastava\",\"image\":{\"@type\":\"ImageObject\",\"inLanguage\":\"en-US\",\"@id\":\"https:\\\/\\\/shrimataji.org\\\/test\\\/wp-content\\\/uploads\\\/2023\\\/02\\\/SMO_LOGO-03.svg\",\"url\":\"https:\\\/\\\/shrimataji.org\\\/test\\\/wp-content\\\/uploads\\\/2023\\\/02\\\/SMO_LOGO-03.svg\",\"contentUrl\":\"https:\\\/\\\/shrimataji.org\\\/test\\\/wp-content\\\/uploads\\\/2023\\\/02\\\/SMO_LOGO-03.svg\",\"width\":\"1024\",\"height\":\"1024\",\"caption\":\"Nirmala Shrivastava\"},\"logo\":{\"@id\":\"https:\\\/\\\/shrimataji.org\\\/test\\\/wp-content\\\/uploads\\\/2023\\\/02\\\/SMO_LOGO-03.svg\"},\"sameAs\":[\"https:\\\/\\\/shrimataji.org\\\/test\",\"https:\\\/\\\/www.facebook.com\\\/shrimataji\",\"https:\\\/\\\/x.com\\\/shrimataji\",\"https:\\\/\\\/www.youtube.com\\\/@Shri_Mataji_Nirmala_Devi\\\/featured\"]}]}<\/script>\n<!-- \/ Yoast SEO plugin. -->","yoast_head_json":{"title":"Kolektif Meditasyon - TEST - SMND","robots":{"index":"noindex","follow":"follow","max-snippet":"max-snippet:-1","max-image-preview":"max-image-preview:large","max-video-preview":"max-video-preview:-1"},"og_locale":"en_US","og_type":"article","og_title":"Kolektif Meditasyon - TEST - SMND","og_description":"Kolektif Meditasyon B\u00fct\u00fcn\u00fcn ayr\u0131lmaz bir par\u00e7as\u0131 haline gelmek Shri Mataji o\u0308g\u0306retilerinde asl\u0131nda uzay, zaman ve madde boyutlar\u0131n\u0131n o\u0308tesinde ebediyen var olan canl\u0131 bir ruhani evrenin(Virata) ayr\u0131lmaz bir parc\u0327as\u0131 oldug\u0306umuzu ortaya koymaktad\u0131r. T\u0131pk\u0131 bedenimizin bir parc\u0327as\u0131 oldug\u0306unda korunan ve geri kalan\u0131ndan ayr\u0131ld\u0131g\u0306\u0131nda varl\u0131g\u0306\u0131 sona eren hu\u0308creler gibi, ruhsal fark\u0131ndal\u0131g\u0306\u0131m\u0131zdaki su\u0308rekli bu\u0308yu\u0308me de ancak bir bu\u0308tu\u0308nu\u0308n parc\u0327as\u0131&hellip; Read more","og_url":"https:\/\/shrimataji.org\/test\/tr\/kolektif-meditasyon\/","og_site_name":"TEST - SMND","article_publisher":"https:\/\/www.facebook.com\/shrimataji","article_modified_time":"2024-07-12T00:02:00+00:00","og_image":[{"width":2560,"height":905,"url":"https:\/\/shrimataji.org\/test\/wp-content\/uploads\/2023\/03\/6_Banner-SY-collective-scaled.jpg","type":"image\/jpeg"}],"twitter_card":"summary_large_image","twitter_site":"@shrimataji","schema":{"@context":"https:\/\/schema.org","@graph":[{"@type":"WebPage","@id":"https:\/\/shrimataji.org\/test\/tr\/kolektif-meditasyon\/","url":"https:\/\/shrimataji.org\/test\/tr\/kolektif-meditasyon\/","name":"Kolektif Meditasyon - TEST - SMND","isPartOf":{"@id":"https:\/\/shrimataji.org\/test\/#website"},"primaryImageOfPage":{"@id":"https:\/\/shrimataji.org\/test\/tr\/kolektif-meditasyon\/#primaryimage"},"image":{"@id":"https:\/\/shrimataji.org\/test\/tr\/kolektif-meditasyon\/#primaryimage"},"thumbnailUrl":"https:\/\/shrimataji.org\/test\/wp-content\/uploads\/2023\/03\/6_Banner-SY-collective-scaled.jpg","datePublished":"2022-01-23T03:35:11+00:00","dateModified":"2024-07-12T00:02:00+00:00","breadcrumb":{"@id":"https:\/\/shrimataji.org\/test\/tr\/kolektif-meditasyon\/#breadcrumb"},"inLanguage":"en-US","potentialAction":[{"@type":"ReadAction","target":["https:\/\/shrimataji.org\/test\/tr\/kolektif-meditasyon\/"]}]},{"@type":"ImageObject","inLanguage":"en-US","@id":"https:\/\/shrimataji.org\/test\/tr\/kolektif-meditasyon\/#primaryimage","url":"https:\/\/shrimataji.org\/test\/wp-content\/uploads\/2023\/03\/6_Banner-SY-collective-scaled.jpg","contentUrl":"https:\/\/shrimataji.org\/test\/wp-content\/uploads\/2023\/03\/6_Banner-SY-collective-scaled.jpg","width":2560,"height":905},{"@type":"BreadcrumbList","@id":"https:\/\/shrimataji.org\/test\/tr\/kolektif-meditasyon\/#breadcrumb","itemListElement":[{"@type":"ListItem","position":1,"name":"Home","item":"https:\/\/shrimataji.org\/test\/uk\/home-en\/"},{"@type":"ListItem","position":2,"name":"Kolektif Meditasyon"}]},{"@type":"WebSite","@id":"https:\/\/shrimataji.org\/test\/#website","url":"https:\/\/shrimataji.org\/test\/","name":"Shri Mataji Nirmala Devi","description":"A Life Dedicated to Humanity","publisher":{"@id":"https:\/\/shrimataji.org\/test\/#\/schema\/person\/a1b3419c6585f164aa96da1ff85715d1"},"potentialAction":[{"@type":"SearchAction","target":{"@type":"EntryPoint","urlTemplate":"https:\/\/shrimataji.org\/test\/?s={search_term_string}"},"query-input":{"@type":"PropertyValueSpecification","valueRequired":true,"valueName":"search_term_string"}}],"inLanguage":"en-US"},{"@type":["Person","Organization"],"@id":"https:\/\/shrimataji.org\/test\/#\/schema\/person\/a1b3419c6585f164aa96da1ff85715d1","name":"Nirmala Shrivastava","image":{"@type":"ImageObject","inLanguage":"en-US","@id":"https:\/\/shrimataji.org\/test\/wp-content\/uploads\/2023\/02\/SMO_LOGO-03.svg","url":"https:\/\/shrimataji.org\/test\/wp-content\/uploads\/2023\/02\/SMO_LOGO-03.svg","contentUrl":"https:\/\/shrimataji.org\/test\/wp-content\/uploads\/2023\/02\/SMO_LOGO-03.svg","width":"1024","height":"1024","caption":"Nirmala Shrivastava"},"logo":{"@id":"https:\/\/shrimataji.org\/test\/wp-content\/uploads\/2023\/02\/SMO_LOGO-03.svg"},"sameAs":["https:\/\/shrimataji.org\/test","https:\/\/www.facebook.com\/shrimataji","https:\/\/x.com\/shrimataji","https:\/\/www.youtube.com\/@Shri_Mataji_Nirmala_Devi\/featured"]}]}},"lang":"tr","translations":{"tr":10143,"ur":37402,"en":7046,"am":17973,"th":19904,"hu":19448,"sq":18374,"zh":17271,"hi":7378,"pt":10356,"de":10630,"fr":10728,"it":10826,"es":10923,"ja":11220,"ru":11408,"bn":11600,"te":11708,"sw":11831,"he":11979,"el":12270,"sk":12368,"fa":12466,"fi":12564,"bg":13407,"ro":14481,"cs":14674,"nl":16534,"ku":16694,"ar":16870,"be":18581,"kn":18855,"mr":20268,"uk":20560,"ml":20859,"ta":22689,"sv":22962,"gu":28810,"pa":28968,"fil":29408,"da":37716,"pl":37933,"nn":38268},"pll_sync_post":[],"_links":{"self":[{"href":"https:\/\/shrimataji.org\/test\/wp-json\/wp\/v2\/pages\/10143","targetHints":{"allow":["GET"]}}],"collection":[{"href":"https:\/\/shrimataji.org\/test\/wp-json\/wp\/v2\/pages"}],"about":[{"href":"https:\/\/shrimataji.org\/test\/wp-json\/wp\/v2\/types\/page"}],"author":[{"embeddable":true,"href":"https:\/\/shrimataji.org\/test\/wp-json\/wp\/v2\/users\/12"}],"replies":[{"embeddable":true,"href":"https:\/\/shrimataji.org\/test\/wp-json\/wp\/v2\/comments?post=10143"}],"version-history":[{"count":0,"href":"https:\/\/shrimataji.org\/test\/wp-json\/wp\/v2\/pages\/10143\/revisions"}],"wp:featuredmedia":[{"embeddable":true,"href":"https:\/\/shrimataji.org\/test\/wp-json\/wp\/v2\/media\/9241"}],"wp:attachment":[{"href":"https:\/\/shrimataji.org\/test\/wp-json\/wp\/v2\/media?parent=10143"}],"curies":[{"name":"wp","href":"https:\/\/api.w.org\/{rel}","templated":true}]}}