{"id":10144,"date":"2018-07-10T06:54:46","date_gmt":"2018-07-10T06:54:46","guid":{"rendered":"http:\/\/testwordpress.nirmalnagari.org\/smnd\/index.php\/college-years\/"},"modified":"2024-07-12T00:02:28","modified_gmt":"2024-07-12T00:02:28","slug":"universite-yillari","status":"publish","type":"page","link":"https:\/\/shrimataji.org\/test\/tr\/universite-yillari\/","title":{"rendered":"\u00dcniversite Y\u0131llar\u0131"},"content":{"rendered":"\n\n\t<h1><strong>\u00dcniversite Y\u0131llar\u0131<\/strong><\/h1>\n<h2>\u00d6zg\u00fcrl\u00fck M\u00fccadelesi<\/h2>\n\t<div class=\"su-quote su-quote-style-default\"><div class=\"su-quote-inner su-u-clearfix su-u-trim\">K\u00f6ylerindeki tarlalar senin \u015fan\u0131n\u0131n \u015fark\u0131s\u0131n\u0131 s\u00f6yl\u00fcyordu ve kentler, kasabalar bu melodiyle yank\u0131lan\u0131yordu.<\/p>\n<p>-Zafer Senindir Hindistan Ana! <\/div><\/div>\n\t<h4>15 A\u011fustos 1947&#8217;de saatler gece yar\u0131s\u0131n\u0131 vurdu\u011funda milyonlar \u00fclkelerinin \u00f6zg\u00fcrl\u00fc\u011f\u00fcn\u00fc selamlad\u0131lar. Hindistan&#8217;\u0131n d\u00f6rt bir yan\u0131ndaki kent ve kasabalarda \u00fc\u00e7 renkli bayrak g\u00f6ndere \u00e7ekildi.<\/h4>\n\t\t\t\t<img loading=\"lazy\" decoding=\"async\" src=\"https:\/\/shrimataji.org\/test\/wp-content\/uploads\/2021\/03\/shri-mataji-nirmala-devi-portrait-13yrs-old-1.jpg\" alt=\"Shri Mataji gen\u00e7 bir kad\u0131nken\" height=\"1141\" width=\"850\" title=\"shri-mataji-nirmala-devi-portrait-13yrs-old\" \/>\n\t\tShri Mataji gen\u00e7 bir kad\u0131nken\n\t<p>&#8220;Union Jack&#8217;in (\u0130ngiliz bayra\u011f\u0131) indirildi\u011fini ve \u00fc\u00e7 renkli bayra\u011f\u0131n y\u00fckseldi\u011fini g\u00f6rd\u00fcm. Bu \u00f6yle bir and\u0131 ki &#8211; tarifi beni a\u015f\u0131yor&#8221; diye an\u0131msad\u0131 Shri Mataji. &#8220;O andaki duygunun ne oldu\u011funu size anlatamam; \u00f6yle bir duygu ki, ger\u00e7ek bir \u015fekilde, yalan\u0131 yenmi\u015f gibi bir his. Haks\u0131zl\u0131k kar\u015f\u0131s\u0131nda adalet yerini bulmu\u015ftu.&#8221;<\/p>\n<p>Y\u0131llar s\u00fcren \u0130ngiliz egemenli\u011finden sonra, say\u0131s\u0131z vatanda\u015f\u0131n cesareti ve fedakarl\u0131\u011f\u0131 sayesinde ba\u011f\u0131ms\u0131zl\u0131k m\u00fccadelesi nihayet meyvesini vermi\u015fti. &#8220;Niceleri fedakarl\u0131k yapt\u0131, nice \u015fehitler verildi&#8221; der Shri Mataji.<\/p>\n<p>Kendi ailesinin fedakarl\u0131\u011f\u0131, Shri Mataji sadece sekiz ya\u015f\u0131ndayken, ebeveynleri \u00f6zg\u00fcrl\u00fck m\u00fccadelesine kat\u0131ld\u0131klar\u0131 i\u00e7in hapse at\u0131ld\u0131\u011f\u0131nda ba\u015flad\u0131. Daha bu ya\u015fta k\u00fc\u00e7\u00fck karde\u015flerine bakma sorumlulu\u011funu \u00fcstlendi. Rahat evlerinden zorla s\u00fcr\u00fclen aile, k\u00fc\u00e7\u00fck kul\u00fcbelerde ya\u015fayarak, yerde uyuyarak ve bazen yemeksiz kalarak sade bir ya\u015fam tarz\u0131n\u0131 benimsedi. O g\u00fcnleri anarken Shri Mataji, &#8220;Ebeveynlerimizin yapt\u0131\u011f\u0131 her \u015feyin \u00fclkemizin \u00f6zg\u00fcrl\u00fc\u011f\u00fc i\u00e7in oldu\u011fu hissi o kadar y\u00fckselticiydi ki&#8230; \u00e7ocuklar\u0131n isteyebilece\u011fi k\u00fc\u00e7\u00fck konforlar bile hi\u00e7 akl\u0131m\u0131za gelmedi&#8221; demi\u015ftir.<\/p>\n\t<p>Shri Mataji, Nagpur&#8217;daki Fen Fak\u00fcltesi&#8217;nde okurken, Mahatma Gandhi&#8217;nin 1942&#8217;deki &#8216;Hindistan&#8217;dan \u00c7\u0131k Hareketi&#8217;nde<a href=\"#citation-ref-1\">[1]<\/a> aktif olarak yer alan bir gen\u00e7lik lideri oldu. S\u0131k s\u0131k tutukland\u0131, hatta i\u015fkence g\u00f6rd\u00fc, ancak bu onun Hindistan&#8217;\u0131n \u00f6zg\u00fcrl\u00fc\u011f\u00fc m\u00fccadelesine kat\u0131lma kararl\u0131l\u0131\u011f\u0131n\u0131 etkilemedi.<\/p>\n<p>Bu s\u00fcre zarf\u0131nda, kendisi gibi gen\u00e7 bir kad\u0131n i\u00e7in \u00e7ok tehlikeli olaca\u011f\u0131ndan &#8220;Hindistan&#8217;dan \u00c7\u0131k Hareketi&#8221;ne kat\u0131lmamas\u0131n\u0131 tavsiye eden endi\u015feli bir Hintli adamla tan\u0131\u015fm\u0131\u015ft\u0131. Adam ona evde kalmas\u0131n\u0131 ve annesinin yan\u0131nda olmas\u0131n\u0131 s\u00f6yledi ama babas\u0131 bunu duymak bile istemedi. Shri Mataji, &#8220;Babam beni bir kenara \u00e7ekti&#8221; diye an\u0131msad\u0131 bunu. &#8220;Dedi ki, &#8216;Bu sefil ihtiyar\u0131 dinleme. Nas\u0131l olur da bu ya\u015fl\u0131 adam sana t\u00fcm bu sa\u00e7mal\u0131klar\u0131 s\u00f6ylemeye cesaret eder? Seninle \u00e7ok gurur duyuyorum. Umar\u0131m b\u00fct\u00fcn \u00e7ocuklar\u0131m senin gibi olur.&#8221;<\/p>\n\t<div class=\"epyt-video-wrapper\"><div  data-ep-a=\"fadeIn\"  style=\"display: block; margin: 0px auto;\"  id=\"_ytid_86954\"  width=\"3840\" height=\"2160\"  data-origwidth=\"3840\" data-origheight=\"2160\" data-facadesrc=\"https:\/\/www.youtube.com\/embed\/o43faH-pzzc?enablejsapi=1&autoplay=0&cc_load_policy=0&cc_lang_pref=&iv_load_policy=1&loop=0&rel=0&fs=1&playsinline=1&autohide=2&theme=dark&color=red&controls=1&disablekb=0&\" class=\"__youtube_prefs__ epyt-facade  no-lazyload\" data-epautoplay=\"1\" ><img decoding=\"async\" data-spai-excluded=\"true\" class=\"epyt-facade-poster skip-lazy\" loading=\"lazy\"  alt=\"YouTube player\"  src=\"https:\/\/i.ytimg.com\/vi\/o43faH-pzzc\/maxresdefault.jpg\"  \/><button class=\"epyt-facade-play\" aria-label=\"Play\"><svg data-no-lazy=\"1\" height=\"100%\" version=\"1.1\" viewBox=\"0 0 68 48\" width=\"100%\"><path class=\"ytp-large-play-button-bg\" d=\"M66.52,7.74c-0.78-2.93-2.49-5.41-5.42-6.19C55.79,.13,34,0,34,0S12.21,.13,6.9,1.55 C3.97,2.33,2.27,4.81,1.48,7.74C0.06,13.05,0,24,0,24s0.06,10.95,1.48,16.26c0.78,2.93,2.49,5.41,5.42,6.19 C12.21,47.87,34,48,34,48s21.79-0.13,27.1-1.55c2.93-0.78,4.64-3.26,5.42-6.19C67.94,34.95,68,24,68,24S67.94,13.05,66.52,7.74z\" fill=\"#f00\"><\/path><path d=\"M 45,24 27,14 27,34\" fill=\"#fff\"><\/path><\/svg><\/button><\/div><\/div><span itemprop=\"video\" itemscope itemtype=\"http:\/\/schema.org\/VideoObject\"><meta itemprop=\"embedUrl\" content=\"https:\/\/www.youtube.com\/embed\/o43faH-pzzc\"><meta itemprop=\"name\" content=\"India&#039;s Freedom And Independence\"><meta itemprop=\"description\" content=\"Shri Mataji remembers her family&#039;s role in the struggle for Indian independence. Sacrifices were made for the sake of political freedom, as Mahatma Gandhi, with a special charm, transformed the people into a new personality. Indians felt themselves to be no longer helpless individuals, but a part of something great. From this political struggle, we can today learn how to attain the freedom of our spirit. More videos at: http:\/\/ShriMataji.org ~ A Life Dedicated to Humanity ~\"><meta itemprop=\"thumbnailUrl\" content=\"https:\/\/i.ytimg.com\/vi\/o43faH-pzzc\/0.jpg\"><meta itemprop=\"duration\" content=\"PT3M52S\"><meta itemprop=\"uploadDate\" content=\"2020-07-20T00:28:05Z\"><\/span>\n\t<p>Her ne kadar \u0130ngiliz &#8216;b\u00f6l ve y\u00f6net&#8217; politikas\u0131 iz b\u0131rakm\u0131\u015f ve sonunda \u00fc\u00e7 ayr\u0131 \u00fclke, Hindistan, Pakistan ve Banglade\u015f ortaya \u00e7\u0131km\u0131\u015f olsa da Hindistan \u00f6zg\u00fcrle\u015fti. Ba\u011f\u0131ms\u0131zl\u0131\u011f\u0131n ard\u0131ndan ya\u015fanan kar\u0131\u015f\u0131kl\u0131k s\u0131ras\u0131nda ve kendi hayat\u0131n\u0131 tehlikeye atma pahas\u0131na, Shri Mataji evini s\u0131\u011f\u0131nma arayan M\u00fcsl\u00fcman bir aileye a\u00e7t\u0131. Dini veya k\u00f6keni ne olursa olsun hi\u00e7 kimseye ayr\u0131mc\u0131l\u0131k yapmad\u0131 ve her zaman entegrasyonu te\u015fvik etti.<\/p>\n\t<div class=\"su-quote su-quote-style-default\"><div class=\"su-quote-inner su-u-clearfix su-u-trim\">Bir g\u00fcn hepimizin tek bir d\u00fcnyaya sahip olaca\u011f\u0131m\u0131z g\u00f6r\u00fc\u015f\u00fcyle, kendi \u00fclkenizi sevmelisiniz.<\/div><\/div>\n\t\n\t \n\t<hr \/>\n<h3>1. <a href=\"#citation-ref-1\">^<\/a><a name=\"citation-note-1\"><\/a>[1] A\u011fustos 1942&#8217;de MK Gandhi ve Hindistan Ulusal Kongresi taraf\u0131ndan ba\u015flat\u0131lan, \u0130ngiliz y\u00f6netimine kar\u015f\u0131 kararl\u0131 ama pasif direni\u015f ve &#8216;\u0130ngilizlerin Hindistan&#8217;dan \u00e7ekilmesi&#8217; \u00e7a\u011fr\u0131s\u0131nda bulunan bir sivil itaatsizlik hareketi (Wikipedia \u00f6zg\u00fcr ansiklopedi)<\/h3>\n\n","protected":false},"excerpt":{"rendered":"<p>\u00dcniversite Y\u0131llar\u0131 \u00d6zg\u00fcrl\u00fck M\u00fccadelesi 15 A\u011fustos 1947&#8217;de saatler gece yar\u0131s\u0131n\u0131 vurdu\u011funda milyonlar \u00fclkelerinin \u00f6zg\u00fcrl\u00fc\u011f\u00fcn\u00fc selamlad\u0131lar. Hindistan&#8217;\u0131n d\u00f6rt bir yan\u0131ndaki kent ve kasabalarda \u00fc\u00e7 renkli bayrak g\u00f6ndere \u00e7ekildi. Shri Mataji gen\u00e7 bir kad\u0131nken &#8220;Union Jack&#8217;in (\u0130ngiliz bayra\u011f\u0131) indirildi\u011fini ve \u00fc\u00e7 renkli bayra\u011f\u0131n y\u00fckseldi\u011fini g\u00f6rd\u00fcm. Bu \u00f6yle bir and\u0131 ki &#8211; tarifi beni a\u015f\u0131yor&#8221; diye an\u0131msad\u0131 Shri&hellip; <br \/> <a class=\"read-more\" href=\"https:\/\/shrimataji.org\/test\/tr\/universite-yillari\/\">Read more<\/a><\/p>\n","protected":false},"author":12,"featured_media":9508,"parent":0,"menu_order":0,"comment_status":"closed","ping_status":"closed","template":"","meta":{"inline_featured_image":false,"footnotes":""},"class_list":["post-10144","page","type-page","status-publish","has-post-thumbnail","hentry"],"yoast_head":"<!-- This site is optimized with the Yoast SEO plugin v27.4 - https:\/\/yoast.com\/product\/yoast-seo-wordpress\/ -->\n<title>\u00dcniversite Y\u0131llar\u0131 - TEST - SMND<\/title>\n<meta name=\"robots\" content=\"noindex, follow, max-snippet:-1, max-image-preview:large, max-video-preview:-1\" \/>\n<meta property=\"og:locale\" content=\"en_US\" \/>\n<meta property=\"og:type\" content=\"article\" \/>\n<meta property=\"og:title\" content=\"\u00dcniversite Y\u0131llar\u0131 - TEST - SMND\" \/>\n<meta property=\"og:description\" content=\"\u00dcniversite Y\u0131llar\u0131 \u00d6zg\u00fcrl\u00fck M\u00fccadelesi 15 A\u011fustos 1947&#8217;de saatler gece yar\u0131s\u0131n\u0131 vurdu\u011funda milyonlar \u00fclkelerinin \u00f6zg\u00fcrl\u00fc\u011f\u00fcn\u00fc selamlad\u0131lar. Hindistan&#8217;\u0131n d\u00f6rt bir yan\u0131ndaki kent ve kasabalarda \u00fc\u00e7 renkli bayrak g\u00f6ndere \u00e7ekildi. Shri Mataji gen\u00e7 bir kad\u0131nken &#8220;Union Jack&#8217;in (\u0130ngiliz bayra\u011f\u0131) indirildi\u011fini ve \u00fc\u00e7 renkli bayra\u011f\u0131n y\u00fckseldi\u011fini g\u00f6rd\u00fcm. Bu \u00f6yle bir and\u0131 ki &#8211; tarifi beni a\u015f\u0131yor&#8221; diye an\u0131msad\u0131 Shri&hellip; Read more\" \/>\n<meta property=\"og:url\" content=\"https:\/\/shrimataji.org\/test\/tr\/universite-yillari\/\" \/>\n<meta property=\"og:site_name\" content=\"TEST - SMND\" \/>\n<meta property=\"article:publisher\" content=\"https:\/\/www.facebook.com\/shrimataji\" \/>\n<meta property=\"article:modified_time\" content=\"2024-07-12T00:02:28+00:00\" \/>\n<meta property=\"og:image\" content=\"https:\/\/shrimataji.org\/test\/wp-content\/uploads\/2023\/03\/2_Banner_EarlyLife-College-2-scaled.jpg\" \/>\n\t<meta property=\"og:image:width\" content=\"2560\" \/>\n\t<meta property=\"og:image:height\" content=\"905\" \/>\n\t<meta property=\"og:image:type\" content=\"image\/jpeg\" \/>\n<meta name=\"twitter:card\" content=\"summary_large_image\" \/>\n<meta name=\"twitter:site\" content=\"@shrimataji\" \/>\n<meta name=\"twitter:label1\" content=\"Est. reading time\" \/>\n\t<meta name=\"twitter:data1\" content=\"3 minutes\" \/>\n<script type=\"application\/ld+json\" class=\"yoast-schema-graph\">{\"@context\":\"https:\\\/\\\/schema.org\",\"@graph\":[{\"@type\":\"WebPage\",\"@id\":\"https:\\\/\\\/shrimataji.org\\\/test\\\/tr\\\/universite-yillari\\\/\",\"url\":\"https:\\\/\\\/shrimataji.org\\\/test\\\/tr\\\/universite-yillari\\\/\",\"name\":\"\u00dcniversite Y\u0131llar\u0131 - TEST - SMND\",\"isPartOf\":{\"@id\":\"https:\\\/\\\/shrimataji.org\\\/test\\\/#website\"},\"primaryImageOfPage\":{\"@id\":\"https:\\\/\\\/shrimataji.org\\\/test\\\/tr\\\/universite-yillari\\\/#primaryimage\"},\"image\":{\"@id\":\"https:\\\/\\\/shrimataji.org\\\/test\\\/tr\\\/universite-yillari\\\/#primaryimage\"},\"thumbnailUrl\":\"https:\\\/\\\/shrimataji.org\\\/test\\\/wp-content\\\/uploads\\\/2023\\\/03\\\/2_Banner_EarlyLife-College-2-scaled.jpg\",\"datePublished\":\"2018-07-10T06:54:46+00:00\",\"dateModified\":\"2024-07-12T00:02:28+00:00\",\"breadcrumb\":{\"@id\":\"https:\\\/\\\/shrimataji.org\\\/test\\\/tr\\\/universite-yillari\\\/#breadcrumb\"},\"inLanguage\":\"en-US\",\"potentialAction\":[{\"@type\":\"ReadAction\",\"target\":[\"https:\\\/\\\/shrimataji.org\\\/test\\\/tr\\\/universite-yillari\\\/\"]}]},{\"@type\":\"ImageObject\",\"inLanguage\":\"en-US\",\"@id\":\"https:\\\/\\\/shrimataji.org\\\/test\\\/tr\\\/universite-yillari\\\/#primaryimage\",\"url\":\"https:\\\/\\\/shrimataji.org\\\/test\\\/wp-content\\\/uploads\\\/2023\\\/03\\\/2_Banner_EarlyLife-College-2-scaled.jpg\",\"contentUrl\":\"https:\\\/\\\/shrimataji.org\\\/test\\\/wp-content\\\/uploads\\\/2023\\\/03\\\/2_Banner_EarlyLife-College-2-scaled.jpg\",\"width\":2560,\"height\":905},{\"@type\":\"BreadcrumbList\",\"@id\":\"https:\\\/\\\/shrimataji.org\\\/test\\\/tr\\\/universite-yillari\\\/#breadcrumb\",\"itemListElement\":[{\"@type\":\"ListItem\",\"position\":1,\"name\":\"Home\",\"item\":\"https:\\\/\\\/shrimataji.org\\\/test\\\/uk\\\/home-en\\\/\"},{\"@type\":\"ListItem\",\"position\":2,\"name\":\"\u00dcniversite Y\u0131llar\u0131\"}]},{\"@type\":\"WebSite\",\"@id\":\"https:\\\/\\\/shrimataji.org\\\/test\\\/#website\",\"url\":\"https:\\\/\\\/shrimataji.org\\\/test\\\/\",\"name\":\"Shri Mataji Nirmala Devi\",\"description\":\"A Life Dedicated to Humanity\",\"publisher\":{\"@id\":\"https:\\\/\\\/shrimataji.org\\\/test\\\/#\\\/schema\\\/person\\\/a1b3419c6585f164aa96da1ff85715d1\"},\"potentialAction\":[{\"@type\":\"SearchAction\",\"target\":{\"@type\":\"EntryPoint\",\"urlTemplate\":\"https:\\\/\\\/shrimataji.org\\\/test\\\/?s={search_term_string}\"},\"query-input\":{\"@type\":\"PropertyValueSpecification\",\"valueRequired\":true,\"valueName\":\"search_term_string\"}}],\"inLanguage\":\"en-US\"},{\"@type\":[\"Person\",\"Organization\"],\"@id\":\"https:\\\/\\\/shrimataji.org\\\/test\\\/#\\\/schema\\\/person\\\/a1b3419c6585f164aa96da1ff85715d1\",\"name\":\"Nirmala Shrivastava\",\"image\":{\"@type\":\"ImageObject\",\"inLanguage\":\"en-US\",\"@id\":\"https:\\\/\\\/shrimataji.org\\\/test\\\/wp-content\\\/uploads\\\/2023\\\/02\\\/SMO_LOGO-03.svg\",\"url\":\"https:\\\/\\\/shrimataji.org\\\/test\\\/wp-content\\\/uploads\\\/2023\\\/02\\\/SMO_LOGO-03.svg\",\"contentUrl\":\"https:\\\/\\\/shrimataji.org\\\/test\\\/wp-content\\\/uploads\\\/2023\\\/02\\\/SMO_LOGO-03.svg\",\"width\":\"1024\",\"height\":\"1024\",\"caption\":\"Nirmala Shrivastava\"},\"logo\":{\"@id\":\"https:\\\/\\\/shrimataji.org\\\/test\\\/wp-content\\\/uploads\\\/2023\\\/02\\\/SMO_LOGO-03.svg\"},\"sameAs\":[\"https:\\\/\\\/shrimataji.org\\\/test\",\"https:\\\/\\\/www.facebook.com\\\/shrimataji\",\"https:\\\/\\\/x.com\\\/shrimataji\",\"https:\\\/\\\/www.youtube.com\\\/@Shri_Mataji_Nirmala_Devi\\\/featured\"]}]}<\/script>\n<!-- \/ Yoast SEO plugin. -->","yoast_head_json":{"title":"\u00dcniversite Y\u0131llar\u0131 - TEST - SMND","robots":{"index":"noindex","follow":"follow","max-snippet":"max-snippet:-1","max-image-preview":"max-image-preview:large","max-video-preview":"max-video-preview:-1"},"og_locale":"en_US","og_type":"article","og_title":"\u00dcniversite Y\u0131llar\u0131 - TEST - SMND","og_description":"\u00dcniversite Y\u0131llar\u0131 \u00d6zg\u00fcrl\u00fck M\u00fccadelesi 15 A\u011fustos 1947&#8217;de saatler gece yar\u0131s\u0131n\u0131 vurdu\u011funda milyonlar \u00fclkelerinin \u00f6zg\u00fcrl\u00fc\u011f\u00fcn\u00fc selamlad\u0131lar. Hindistan&#8217;\u0131n d\u00f6rt bir yan\u0131ndaki kent ve kasabalarda \u00fc\u00e7 renkli bayrak g\u00f6ndere \u00e7ekildi. Shri Mataji gen\u00e7 bir kad\u0131nken &#8220;Union Jack&#8217;in (\u0130ngiliz bayra\u011f\u0131) indirildi\u011fini ve \u00fc\u00e7 renkli bayra\u011f\u0131n y\u00fckseldi\u011fini g\u00f6rd\u00fcm. Bu \u00f6yle bir and\u0131 ki &#8211; tarifi beni a\u015f\u0131yor&#8221; diye an\u0131msad\u0131 Shri&hellip; Read more","og_url":"https:\/\/shrimataji.org\/test\/tr\/universite-yillari\/","og_site_name":"TEST - SMND","article_publisher":"https:\/\/www.facebook.com\/shrimataji","article_modified_time":"2024-07-12T00:02:28+00:00","og_image":[{"width":2560,"height":905,"url":"https:\/\/shrimataji.org\/test\/wp-content\/uploads\/2023\/03\/2_Banner_EarlyLife-College-2-scaled.jpg","type":"image\/jpeg"}],"twitter_card":"summary_large_image","twitter_site":"@shrimataji","twitter_misc":{"Est. reading time":"3 minutes"},"schema":{"@context":"https:\/\/schema.org","@graph":[{"@type":"WebPage","@id":"https:\/\/shrimataji.org\/test\/tr\/universite-yillari\/","url":"https:\/\/shrimataji.org\/test\/tr\/universite-yillari\/","name":"\u00dcniversite Y\u0131llar\u0131 - TEST - SMND","isPartOf":{"@id":"https:\/\/shrimataji.org\/test\/#website"},"primaryImageOfPage":{"@id":"https:\/\/shrimataji.org\/test\/tr\/universite-yillari\/#primaryimage"},"image":{"@id":"https:\/\/shrimataji.org\/test\/tr\/universite-yillari\/#primaryimage"},"thumbnailUrl":"https:\/\/shrimataji.org\/test\/wp-content\/uploads\/2023\/03\/2_Banner_EarlyLife-College-2-scaled.jpg","datePublished":"2018-07-10T06:54:46+00:00","dateModified":"2024-07-12T00:02:28+00:00","breadcrumb":{"@id":"https:\/\/shrimataji.org\/test\/tr\/universite-yillari\/#breadcrumb"},"inLanguage":"en-US","potentialAction":[{"@type":"ReadAction","target":["https:\/\/shrimataji.org\/test\/tr\/universite-yillari\/"]}]},{"@type":"ImageObject","inLanguage":"en-US","@id":"https:\/\/shrimataji.org\/test\/tr\/universite-yillari\/#primaryimage","url":"https:\/\/shrimataji.org\/test\/wp-content\/uploads\/2023\/03\/2_Banner_EarlyLife-College-2-scaled.jpg","contentUrl":"https:\/\/shrimataji.org\/test\/wp-content\/uploads\/2023\/03\/2_Banner_EarlyLife-College-2-scaled.jpg","width":2560,"height":905},{"@type":"BreadcrumbList","@id":"https:\/\/shrimataji.org\/test\/tr\/universite-yillari\/#breadcrumb","itemListElement":[{"@type":"ListItem","position":1,"name":"Home","item":"https:\/\/shrimataji.org\/test\/uk\/home-en\/"},{"@type":"ListItem","position":2,"name":"\u00dcniversite Y\u0131llar\u0131"}]},{"@type":"WebSite","@id":"https:\/\/shrimataji.org\/test\/#website","url":"https:\/\/shrimataji.org\/test\/","name":"Shri Mataji Nirmala Devi","description":"A Life Dedicated to Humanity","publisher":{"@id":"https:\/\/shrimataji.org\/test\/#\/schema\/person\/a1b3419c6585f164aa96da1ff85715d1"},"potentialAction":[{"@type":"SearchAction","target":{"@type":"EntryPoint","urlTemplate":"https:\/\/shrimataji.org\/test\/?s={search_term_string}"},"query-input":{"@type":"PropertyValueSpecification","valueRequired":true,"valueName":"search_term_string"}}],"inLanguage":"en-US"},{"@type":["Person","Organization"],"@id":"https:\/\/shrimataji.org\/test\/#\/schema\/person\/a1b3419c6585f164aa96da1ff85715d1","name":"Nirmala Shrivastava","image":{"@type":"ImageObject","inLanguage":"en-US","@id":"https:\/\/shrimataji.org\/test\/wp-content\/uploads\/2023\/02\/SMO_LOGO-03.svg","url":"https:\/\/shrimataji.org\/test\/wp-content\/uploads\/2023\/02\/SMO_LOGO-03.svg","contentUrl":"https:\/\/shrimataji.org\/test\/wp-content\/uploads\/2023\/02\/SMO_LOGO-03.svg","width":"1024","height":"1024","caption":"Nirmala Shrivastava"},"logo":{"@id":"https:\/\/shrimataji.org\/test\/wp-content\/uploads\/2023\/02\/SMO_LOGO-03.svg"},"sameAs":["https:\/\/shrimataji.org\/test","https:\/\/www.facebook.com\/shrimataji","https:\/\/x.com\/shrimataji","https:\/\/www.youtube.com\/@Shri_Mataji_Nirmala_Devi\/featured"]}]}},"lang":"tr","translations":{"tr":10144,"ur":37404,"en":413,"am":17975,"th":19907,"hu":19450,"sq":18376,"zh":17273,"hi":8384,"pt":10357,"de":10631,"fr":10729,"it":10827,"es":10924,"ja":11221,"ru":11409,"bn":11601,"te":11709,"sw":11832,"he":11980,"el":12271,"sk":12369,"fa":12467,"fi":12565,"bg":13452,"ro":14526,"cs":14719,"nl":16536,"ku":16696,"ar":16872,"be":18583,"kn":18857,"mr":20271,"uk":20563,"ml":20862,"ta":22691,"sv":22964,"gu":28812,"pa":28970,"fil":29410,"da":37718,"pl":37935,"nn":38270},"pll_sync_post":[],"_links":{"self":[{"href":"https:\/\/shrimataji.org\/test\/wp-json\/wp\/v2\/pages\/10144","targetHints":{"allow":["GET"]}}],"collection":[{"href":"https:\/\/shrimataji.org\/test\/wp-json\/wp\/v2\/pages"}],"about":[{"href":"https:\/\/shrimataji.org\/test\/wp-json\/wp\/v2\/types\/page"}],"author":[{"embeddable":true,"href":"https:\/\/shrimataji.org\/test\/wp-json\/wp\/v2\/users\/12"}],"replies":[{"embeddable":true,"href":"https:\/\/shrimataji.org\/test\/wp-json\/wp\/v2\/comments?post=10144"}],"version-history":[{"count":0,"href":"https:\/\/shrimataji.org\/test\/wp-json\/wp\/v2\/pages\/10144\/revisions"}],"wp:featuredmedia":[{"embeddable":true,"href":"https:\/\/shrimataji.org\/test\/wp-json\/wp\/v2\/media\/9508"}],"wp:attachment":[{"href":"https:\/\/shrimataji.org\/test\/wp-json\/wp\/v2\/media?parent=10144"}],"curies":[{"name":"wp","href":"https:\/\/api.w.org\/{rel}","templated":true}]}}