{"id":10146,"date":"2018-07-10T06:54:42","date_gmt":"2018-07-10T06:54:42","guid":{"rendered":"http:\/\/testwordpress.nirmalnagari.org\/smnd\/index.php\/creativity\/"},"modified":"2024-07-12T00:02:30","modified_gmt":"2024-07-12T00:02:30","slug":"yaraticilik","status":"publish","type":"page","link":"https:\/\/shrimataji.org\/test\/tr\/yaraticilik\/","title":{"rendered":"Yarat\u0131c\u0131l\u0131k"},"content":{"rendered":"\n\n\t<h1>Yarat\u0131c\u0131l\u0131k<\/h1>\n<h2>\u0130\u00e7imizde Sakl\u0131 G\u00fczelli\u011fi \u0130fade Etmek<\/h2>\n\t<h4>Shri Mataji, t\u00fcm hayat\u0131 ve \u00e7al\u0131\u015fmalar\u0131 boyunca sanat\u0131 te\u015fvik ederek her daim bu konuya zaman ay\u0131rd\u0131 ve \u00e7ok emek verdi. Sanat\u0131, d\u00fcnya k\u00fclt\u00fcrlerini ifade etmek ve geli\u015ftirmek i\u00e7in esas ara\u00e7lardan biri olarak g\u00f6rd\u00fc. \u00d6zellikle memleketi olan Hindistan&#8217;\u0131n hem zengin hem de kadim olan yerel sanatsal geleneklerini korumak istedi. Ve bu sanat dallar\u0131n\u0131n aktif olarak d\u00fcnya \u00e7ap\u0131nda yay\u0131lmalar\u0131n\u0131 te\u015fvik etti.<\/h4>\n\t\t\t\t<img loading=\"lazy\" decoding=\"async\" src=\"https:\/\/shrimataji.org\/test\/wp-content\/uploads\/2018\/07\/media_originals\/images\/art\/blick-vom-garten-1024x722.jpg\" alt=\"blick-vom-garten\" height=\"722\" width=\"1024\" title=\"blick-vom-garten\" \/>\n\t<p>Shri Mataji 2003 y\u0131l\u0131nda, erkek karde\u015finin (Kendisi sevgi dolu bir ifadeyle &#8220;Babamama&#8221; olarak an\u0131l\u0131r.) yard\u0131m\u0131yla Hindistan&#8217;\u0131n Maharashtra kentinde bir g\u00fczel sanatlar akademisi kurdu. \u00d6\u011frenciler bu huzurlu k\u0131rsal ortamda Klasik Hint m\u00fczi\u011fi, dans ve resim \u00f6\u011frenmek \u00fczere d\u00fcnyan\u0131n d\u00f6rt bir yan\u0131ndan buraya geliyorlar. Shri Mataji, <a href=\"https:\/\/www.pksacademy.com\/\">PK Salve Sanat Akademisi<\/a>&#8216;nin yan\u0131 s\u0131ra Delhi&#8217;deki Vishwa Nirmala Prem Centre for Destitute Women and Orphan Children(Vishwa Nirmala Muhta\u00e7 Kad\u0131nlar ve Yetim \u00c7ocuklar Bak\u0131m Merkezi) dahil olmak \u00fczere sosyal ama\u00e7lar i\u00e7in in\u015fa edilmi\u015f di\u011fer binalar\u0131n mimari tasar\u0131m\u0131na kendisi rehberlik etmi\u015ftir.<\/p>\n<p>El yap\u0131m\u0131 \u00fcr\u00fcnlere \u00f6nem vermi\u015f ve Mahatma Gandhi&#8217;nin, gelene\u011finde oldu\u011fu gibi Hindistan&#8217;\u0131n ekonomik ve k\u00fclt\u00fcrel ya\u015fam\u0131 i\u00e7in hayati \u00f6nem arz eden k\u00fc\u00e7\u00fck evlerde yap\u0131lan \u00fcretimleri her zaman desteklemi\u015ftir.<\/p>\n\t<p>Y\u0131llar boyunca Shri Mataji, Klasik Hint M\u00fczi\u011fi ve dans\u0131 ile me\u015fhur baz\u0131 \u00fcnl\u00fcleri desteklemi\u015f ve onlar\u0131 konserlere ve programlara davet etmi\u015ftir. O&#8217;nun huzurunda performans sergileyenlerin \u00e7o\u011fu, bunu sanatsal geli\u015fimlerinde hayatlar\u0131n\u0131 de\u011fi\u015ftiren bir an olarak tan\u0131mlad\u0131lar. O&#8217;nun g\u00fc\u00e7l\u00fc yarat\u0131c\u0131 enerjisinin, kendi yarat\u0131c\u0131l\u0131klar\u0131n\u0131 ve performans becerilerini artt\u0131rd\u0131\u011f\u0131n\u0131 g\u00f6rd\u00fcler.<\/p>\n\t<p>Ustad Amjad Ali Khan, Debu Chaudhari ve Ustad Bismillah Khan Shri Mataji&#8217;nin daveti \u00fczerine performans sergileyen \u00fcnl\u00fc sanat\u00e7\u0131lardan sadece birka\u00e7\u0131d\u0131r. Shri Mataji&#8217;nin kendisi de kitaplar, bhajanlar (Hint adanm\u0131\u015fl\u0131k \u015fark\u0131lar\u0131) ve \u015fiirler yazm\u0131\u015ft\u0131r.<\/p>\n<p>Shri Mataji&#8217;nin sanat\u0131 te\u015fvik etmesi, tiyatroya verdi\u011fi g\u00fc\u00e7l\u00fc deste\u011fini de kaps\u0131yordu. Bir grup yetenekli tiyatro sanat\u00e7\u0131s\u0131n\u0131, Theatre of Eternal Values (Ebedi De\u011ferler Tiyatrosu) \u00e7at\u0131s\u0131 alt\u0131nda i\u015fbirli\u011fi kurarak bir araya gelmeleri konusunda te\u015fvik etti. 1993 y\u0131l\u0131nda Bel\u00e7ika&#8217;n\u0131n Gent Kentin&#8217;de kurulan topluluk, h\u00e2l\u00e2 uluslararas\u0131 turnelere \u00e7\u0131kmakta ve izleyiciler \u00fczerinde ki\u015fisel fark\u0131ndal\u0131k ve maneviyat uyand\u0131ran oyun yazarlar\u0131n\u0131n eserlerini de\u00a0 sahnelemektedirler.<\/p>\n<p>Shri Mataji&#8217;nin sanat\u0131 te\u015fvik etmesi, tiyatroya verdi\u011fi g\u00fc\u00e7l\u00fc deste\u011fini de kaps\u0131yordu. Bir grup yetenekli tiyatro sanat\u00e7\u0131s\u0131n\u0131, <a href=\"https:\/\/theatreofeternalvalues.com\" data-cp-link=\"1\">Theatre of Eternal Values<\/a> (Ebedi De\u011ferler Tiyatrosu) \u00e7at\u0131s\u0131 alt\u0131nda i\u015fbirli\u011fi kurarak bir araya gelmeleri konusunda te\u015fvik etti. 1993 y\u0131l\u0131nda Bel\u00e7ika&#8217;n\u0131n Gent Kentin&#8217;de kurulan topluluk, h\u00e2l\u00e2 uluslararas\u0131 turnelere \u00e7\u0131kmakta ve izleyiciler \u00fczerinde ki\u015fisel fark\u0131ndal\u0131k ve maneviyat uyand\u0131ran oyun yazarlar\u0131n\u0131n eserlerini de\u00a0 sahnelemektedirler.<\/p>\n\t<div class=\"su-quote su-quote-style-default\"><div class=\"su-quote-inner su-u-clearfix su-u-trim\">Asl\u0131nda ger\u00e7ek anlamda materyalist olmak, maddenin de\u011ferini anlam\u0131\u015f olmam\u0131zd\u0131r. Ve maddenin de\u011feri estetiktir: sanatsal \u015feyler, ger\u00e7ek sanatsal \u015feyler. Ve bunun da \u00f6tesinde, maddenin de\u011feri ba\u015fkalar\u0131na sevgi verebilmenizdir.<\/div><\/div>\n\t<p>Theatre of Eternal Values, ayr\u0131ca her y\u0131l Piemonte, \u0130talya&#8217;da d\u00fczenlenen <a href=\"https:\/\/www.theatreofeternalvalues.com\/events\">Ruhani K\u00fclt\u00fcr Festivali<\/a> ve<a href=\"https:\/\/www.theatreofeternalvalues.com\/education\/academy\"> Uluslararas\u0131 Nirmal Sanat Akademisi<\/a> ile oldu\u011fu gibi yetenek ve el becerilerinin geli\u015fmesini sa\u011flayan e\u011fitimsel ve sanatsal projelerle okullar, \u00fcniversiteler, \u015firketler ve benzerleriyle birlikte \u00e7al\u0131\u015fmaktad\u0131r.<\/p>\n\n\t\t\t\t<img loading=\"lazy\" decoding=\"async\" src=\"https:\/\/shrimataji.org\/test\/wp-content\/uploads\/2024\/06\/theater-of-eternal-values.jpg\" alt=\"Theatre of Eternal Values, William Blake&#039;in &#039;Divine Humanity&#039; eserini Londra, \u0130ngiltere&#039;de sahneliyor.\" height=\"270\" width=\"1500\" title=\"theater-of-eternal-values\" \/>\n\t\tTheatre of Eternal Values, William Blake&#8217;in &#8216;Divine Humanity&#8217; eserini Londra, \u0130ngiltere&#8217;de sahneliyor.\n\t<p>Hindistan&#8217;\u0131n eski yoga gelene\u011fine g\u00f6re, insano\u011flu \u00f6z\u00fcnde yedi kaliteyi kapsar. Bunlardan ikincisi yarat\u0131c\u0131l\u0131k ilkesidir. Bu ilke olmadan <a href=\"https:\/\/shrimataji.org\/tr\/aydinlanma\/\">ayd\u0131nlanma<\/a> alma veya \u00f6z\u00fcn\u00fcn fark\u0131nda olma potansiyeli imk\u00e2ns\u0131z olmasa da son derece s\u0131n\u0131rl\u0131d\u0131r. Bu nedenle Shri Mataji, ziyaret etti\u011fi t\u00fcm \u00fclkelerde bireylerin ve topluluklar\u0131n i\u00e7lerinde sakl\u0131 olan yarat\u0131c\u0131 g\u00fc\u00e7lerini uyand\u0131rmaya \u00e7al\u0131\u015ft\u0131.<\/p>\n\t<div class=\"su-quote su-quote-style-default\"><div class=\"su-quote-inner su-u-clearfix su-u-trim\">Sanat\u00e7\u0131n\u0131n, b\u00f6ylesi bir motivasyon g\u00fcc\u00fc vard\u0131r. Onlar yarat\u0131l\u0131\u015f\u0131n en sevimli \u00e7i\u00e7ekleridirler. Onlar Yaradan&#8217;\u0131n en tatl\u0131 h\u00fclyalar\u0131d\u0131r ve insan toplumunun en de\u011ferli k\u0131sm\u0131d\u0131rlar. Belki de, izleyicileri taraf\u0131ndan nas\u0131l da sevildiklerini, nas\u0131l kendilerine tap\u0131ld\u0131\u011f\u0131n\u0131 ve takip edildiklerini bilmiyorlar..<\/div><\/div>\n\n","protected":false},"excerpt":{"rendered":"<p>Yarat\u0131c\u0131l\u0131k \u0130\u00e7imizde Sakl\u0131 G\u00fczelli\u011fi \u0130fade Etmek Shri Mataji, t\u00fcm hayat\u0131 ve \u00e7al\u0131\u015fmalar\u0131 boyunca sanat\u0131 te\u015fvik ederek her daim bu konuya zaman ay\u0131rd\u0131 ve \u00e7ok emek verdi. Sanat\u0131, d\u00fcnya k\u00fclt\u00fcrlerini ifade etmek ve geli\u015ftirmek i\u00e7in esas ara\u00e7lardan biri olarak g\u00f6rd\u00fc. \u00d6zellikle memleketi olan Hindistan&#8217;\u0131n hem zengin hem de kadim olan yerel sanatsal geleneklerini korumak istedi. Ve&hellip; <br \/> <a class=\"read-more\" href=\"https:\/\/shrimataji.org\/test\/tr\/yaraticilik\/\">Read more<\/a><\/p>\n","protected":false},"author":12,"featured_media":162,"parent":0,"menu_order":0,"comment_status":"closed","ping_status":"closed","template":"pro\/page-templates\/full-width-page.php","meta":{"inline_featured_image":false,"footnotes":""},"class_list":["post-10146","page","type-page","status-publish","has-post-thumbnail","hentry"],"yoast_head":"<!-- This site is optimized with the Yoast SEO plugin v27.4 - https:\/\/yoast.com\/product\/yoast-seo-wordpress\/ -->\n<title>Yarat\u0131c\u0131l\u0131k - TEST - SMND<\/title>\n<meta name=\"robots\" content=\"noindex, follow, max-snippet:-1, max-image-preview:large, max-video-preview:-1\" \/>\n<meta property=\"og:locale\" content=\"en_US\" \/>\n<meta property=\"og:type\" content=\"article\" \/>\n<meta property=\"og:title\" content=\"Yarat\u0131c\u0131l\u0131k - TEST - SMND\" \/>\n<meta property=\"og:description\" content=\"Yarat\u0131c\u0131l\u0131k \u0130\u00e7imizde Sakl\u0131 G\u00fczelli\u011fi \u0130fade Etmek Shri Mataji, t\u00fcm hayat\u0131 ve \u00e7al\u0131\u015fmalar\u0131 boyunca sanat\u0131 te\u015fvik ederek her daim bu konuya zaman ay\u0131rd\u0131 ve \u00e7ok emek verdi. Sanat\u0131, d\u00fcnya k\u00fclt\u00fcrlerini ifade etmek ve geli\u015ftirmek i\u00e7in esas ara\u00e7lardan biri olarak g\u00f6rd\u00fc. \u00d6zellikle memleketi olan Hindistan&#8217;\u0131n hem zengin hem de kadim olan yerel sanatsal geleneklerini korumak istedi. Ve&hellip; Read more\" \/>\n<meta property=\"og:url\" content=\"https:\/\/shrimataji.org\/test\/tr\/yaraticilik\/\" \/>\n<meta property=\"og:site_name\" content=\"TEST - SMND\" \/>\n<meta property=\"article:publisher\" content=\"https:\/\/www.facebook.com\/shrimataji\" \/>\n<meta property=\"article:modified_time\" content=\"2024-07-12T00:02:30+00:00\" \/>\n<meta property=\"og:image\" content=\"https:\/\/shrimataji.org\/test\/wp-content\/uploads\/2018\/07\/media_originals\/images\/headers-work-creativity\/dance-scene-cabella-italy.jpg\" \/>\n\t<meta property=\"og:image:width\" content=\"990\" \/>\n\t<meta property=\"og:image:height\" content=\"350\" \/>\n\t<meta property=\"og:image:type\" content=\"image\/jpeg\" \/>\n<meta name=\"twitter:card\" content=\"summary_large_image\" \/>\n<meta name=\"twitter:site\" content=\"@shrimataji\" \/>\n<meta name=\"twitter:label1\" content=\"Est. reading time\" \/>\n\t<meta name=\"twitter:data1\" content=\"3 minutes\" \/>\n<script type=\"application\/ld+json\" class=\"yoast-schema-graph\">{\"@context\":\"https:\\\/\\\/schema.org\",\"@graph\":[{\"@type\":\"WebPage\",\"@id\":\"https:\\\/\\\/shrimataji.org\\\/test\\\/tr\\\/yaraticilik\\\/\",\"url\":\"https:\\\/\\\/shrimataji.org\\\/test\\\/tr\\\/yaraticilik\\\/\",\"name\":\"Yarat\u0131c\u0131l\u0131k - TEST - SMND\",\"isPartOf\":{\"@id\":\"https:\\\/\\\/shrimataji.org\\\/test\\\/#website\"},\"primaryImageOfPage\":{\"@id\":\"https:\\\/\\\/shrimataji.org\\\/test\\\/tr\\\/yaraticilik\\\/#primaryimage\"},\"image\":{\"@id\":\"https:\\\/\\\/shrimataji.org\\\/test\\\/tr\\\/yaraticilik\\\/#primaryimage\"},\"thumbnailUrl\":\"https:\\\/\\\/shrimataji.org\\\/test\\\/wp-content\\\/uploads\\\/2018\\\/07\\\/media_originals\\\/images\\\/headers-work-creativity\\\/dance-scene-cabella-italy.jpg\",\"datePublished\":\"2018-07-10T06:54:42+00:00\",\"dateModified\":\"2024-07-12T00:02:30+00:00\",\"breadcrumb\":{\"@id\":\"https:\\\/\\\/shrimataji.org\\\/test\\\/tr\\\/yaraticilik\\\/#breadcrumb\"},\"inLanguage\":\"en-US\",\"potentialAction\":[{\"@type\":\"ReadAction\",\"target\":[\"https:\\\/\\\/shrimataji.org\\\/test\\\/tr\\\/yaraticilik\\\/\"]}]},{\"@type\":\"ImageObject\",\"inLanguage\":\"en-US\",\"@id\":\"https:\\\/\\\/shrimataji.org\\\/test\\\/tr\\\/yaraticilik\\\/#primaryimage\",\"url\":\"https:\\\/\\\/shrimataji.org\\\/test\\\/wp-content\\\/uploads\\\/2018\\\/07\\\/media_originals\\\/images\\\/headers-work-creativity\\\/dance-scene-cabella-italy.jpg\",\"contentUrl\":\"https:\\\/\\\/shrimataji.org\\\/test\\\/wp-content\\\/uploads\\\/2018\\\/07\\\/media_originals\\\/images\\\/headers-work-creativity\\\/dance-scene-cabella-italy.jpg\",\"width\":990,\"height\":350},{\"@type\":\"BreadcrumbList\",\"@id\":\"https:\\\/\\\/shrimataji.org\\\/test\\\/tr\\\/yaraticilik\\\/#breadcrumb\",\"itemListElement\":[{\"@type\":\"ListItem\",\"position\":1,\"name\":\"Home\",\"item\":\"https:\\\/\\\/shrimataji.org\\\/test\\\/uk\\\/home-en\\\/\"},{\"@type\":\"ListItem\",\"position\":2,\"name\":\"Yarat\u0131c\u0131l\u0131k\"}]},{\"@type\":\"WebSite\",\"@id\":\"https:\\\/\\\/shrimataji.org\\\/test\\\/#website\",\"url\":\"https:\\\/\\\/shrimataji.org\\\/test\\\/\",\"name\":\"Shri Mataji Nirmala Devi\",\"description\":\"A Life Dedicated to Humanity\",\"publisher\":{\"@id\":\"https:\\\/\\\/shrimataji.org\\\/test\\\/#\\\/schema\\\/person\\\/a1b3419c6585f164aa96da1ff85715d1\"},\"potentialAction\":[{\"@type\":\"SearchAction\",\"target\":{\"@type\":\"EntryPoint\",\"urlTemplate\":\"https:\\\/\\\/shrimataji.org\\\/test\\\/?s={search_term_string}\"},\"query-input\":{\"@type\":\"PropertyValueSpecification\",\"valueRequired\":true,\"valueName\":\"search_term_string\"}}],\"inLanguage\":\"en-US\"},{\"@type\":[\"Person\",\"Organization\"],\"@id\":\"https:\\\/\\\/shrimataji.org\\\/test\\\/#\\\/schema\\\/person\\\/a1b3419c6585f164aa96da1ff85715d1\",\"name\":\"Nirmala Shrivastava\",\"image\":{\"@type\":\"ImageObject\",\"inLanguage\":\"en-US\",\"@id\":\"https:\\\/\\\/shrimataji.org\\\/test\\\/wp-content\\\/uploads\\\/2023\\\/02\\\/SMO_LOGO-03.svg\",\"url\":\"https:\\\/\\\/shrimataji.org\\\/test\\\/wp-content\\\/uploads\\\/2023\\\/02\\\/SMO_LOGO-03.svg\",\"contentUrl\":\"https:\\\/\\\/shrimataji.org\\\/test\\\/wp-content\\\/uploads\\\/2023\\\/02\\\/SMO_LOGO-03.svg\",\"width\":\"1024\",\"height\":\"1024\",\"caption\":\"Nirmala Shrivastava\"},\"logo\":{\"@id\":\"https:\\\/\\\/shrimataji.org\\\/test\\\/wp-content\\\/uploads\\\/2023\\\/02\\\/SMO_LOGO-03.svg\"},\"sameAs\":[\"https:\\\/\\\/shrimataji.org\\\/test\",\"https:\\\/\\\/www.facebook.com\\\/shrimataji\",\"https:\\\/\\\/x.com\\\/shrimataji\",\"https:\\\/\\\/www.youtube.com\\\/@Shri_Mataji_Nirmala_Devi\\\/featured\"]}]}<\/script>\n<!-- \/ Yoast SEO plugin. -->","yoast_head_json":{"title":"Yarat\u0131c\u0131l\u0131k - TEST - SMND","robots":{"index":"noindex","follow":"follow","max-snippet":"max-snippet:-1","max-image-preview":"max-image-preview:large","max-video-preview":"max-video-preview:-1"},"og_locale":"en_US","og_type":"article","og_title":"Yarat\u0131c\u0131l\u0131k - TEST - SMND","og_description":"Yarat\u0131c\u0131l\u0131k \u0130\u00e7imizde Sakl\u0131 G\u00fczelli\u011fi \u0130fade Etmek Shri Mataji, t\u00fcm hayat\u0131 ve \u00e7al\u0131\u015fmalar\u0131 boyunca sanat\u0131 te\u015fvik ederek her daim bu konuya zaman ay\u0131rd\u0131 ve \u00e7ok emek verdi. Sanat\u0131, d\u00fcnya k\u00fclt\u00fcrlerini ifade etmek ve geli\u015ftirmek i\u00e7in esas ara\u00e7lardan biri olarak g\u00f6rd\u00fc. \u00d6zellikle memleketi olan Hindistan&#8217;\u0131n hem zengin hem de kadim olan yerel sanatsal geleneklerini korumak istedi. Ve&hellip; Read more","og_url":"https:\/\/shrimataji.org\/test\/tr\/yaraticilik\/","og_site_name":"TEST - SMND","article_publisher":"https:\/\/www.facebook.com\/shrimataji","article_modified_time":"2024-07-12T00:02:30+00:00","og_image":[{"width":990,"height":350,"url":"https:\/\/shrimataji.org\/test\/wp-content\/uploads\/2018\/07\/media_originals\/images\/headers-work-creativity\/dance-scene-cabella-italy.jpg","type":"image\/jpeg"}],"twitter_card":"summary_large_image","twitter_site":"@shrimataji","twitter_misc":{"Est. reading time":"3 minutes"},"schema":{"@context":"https:\/\/schema.org","@graph":[{"@type":"WebPage","@id":"https:\/\/shrimataji.org\/test\/tr\/yaraticilik\/","url":"https:\/\/shrimataji.org\/test\/tr\/yaraticilik\/","name":"Yarat\u0131c\u0131l\u0131k - TEST - SMND","isPartOf":{"@id":"https:\/\/shrimataji.org\/test\/#website"},"primaryImageOfPage":{"@id":"https:\/\/shrimataji.org\/test\/tr\/yaraticilik\/#primaryimage"},"image":{"@id":"https:\/\/shrimataji.org\/test\/tr\/yaraticilik\/#primaryimage"},"thumbnailUrl":"https:\/\/shrimataji.org\/test\/wp-content\/uploads\/2018\/07\/media_originals\/images\/headers-work-creativity\/dance-scene-cabella-italy.jpg","datePublished":"2018-07-10T06:54:42+00:00","dateModified":"2024-07-12T00:02:30+00:00","breadcrumb":{"@id":"https:\/\/shrimataji.org\/test\/tr\/yaraticilik\/#breadcrumb"},"inLanguage":"en-US","potentialAction":[{"@type":"ReadAction","target":["https:\/\/shrimataji.org\/test\/tr\/yaraticilik\/"]}]},{"@type":"ImageObject","inLanguage":"en-US","@id":"https:\/\/shrimataji.org\/test\/tr\/yaraticilik\/#primaryimage","url":"https:\/\/shrimataji.org\/test\/wp-content\/uploads\/2018\/07\/media_originals\/images\/headers-work-creativity\/dance-scene-cabella-italy.jpg","contentUrl":"https:\/\/shrimataji.org\/test\/wp-content\/uploads\/2018\/07\/media_originals\/images\/headers-work-creativity\/dance-scene-cabella-italy.jpg","width":990,"height":350},{"@type":"BreadcrumbList","@id":"https:\/\/shrimataji.org\/test\/tr\/yaraticilik\/#breadcrumb","itemListElement":[{"@type":"ListItem","position":1,"name":"Home","item":"https:\/\/shrimataji.org\/test\/uk\/home-en\/"},{"@type":"ListItem","position":2,"name":"Yarat\u0131c\u0131l\u0131k"}]},{"@type":"WebSite","@id":"https:\/\/shrimataji.org\/test\/#website","url":"https:\/\/shrimataji.org\/test\/","name":"Shri Mataji Nirmala Devi","description":"A Life Dedicated to Humanity","publisher":{"@id":"https:\/\/shrimataji.org\/test\/#\/schema\/person\/a1b3419c6585f164aa96da1ff85715d1"},"potentialAction":[{"@type":"SearchAction","target":{"@type":"EntryPoint","urlTemplate":"https:\/\/shrimataji.org\/test\/?s={search_term_string}"},"query-input":{"@type":"PropertyValueSpecification","valueRequired":true,"valueName":"search_term_string"}}],"inLanguage":"en-US"},{"@type":["Person","Organization"],"@id":"https:\/\/shrimataji.org\/test\/#\/schema\/person\/a1b3419c6585f164aa96da1ff85715d1","name":"Nirmala Shrivastava","image":{"@type":"ImageObject","inLanguage":"en-US","@id":"https:\/\/shrimataji.org\/test\/wp-content\/uploads\/2023\/02\/SMO_LOGO-03.svg","url":"https:\/\/shrimataji.org\/test\/wp-content\/uploads\/2023\/02\/SMO_LOGO-03.svg","contentUrl":"https:\/\/shrimataji.org\/test\/wp-content\/uploads\/2023\/02\/SMO_LOGO-03.svg","width":"1024","height":"1024","caption":"Nirmala Shrivastava"},"logo":{"@id":"https:\/\/shrimataji.org\/test\/wp-content\/uploads\/2023\/02\/SMO_LOGO-03.svg"},"sameAs":["https:\/\/shrimataji.org\/test","https:\/\/www.facebook.com\/shrimataji","https:\/\/x.com\/shrimataji","https:\/\/www.youtube.com\/@Shri_Mataji_Nirmala_Devi\/featured"]}]}},"lang":"tr","translations":{"tr":10146,"ur":37407,"en":400,"am":17978,"th":19911,"hu":19453,"sq":18379,"zh":17276,"pt":10359,"de":10633,"fr":10731,"it":10829,"es":10926,"ja":11223,"ru":11411,"bn":11603,"te":11711,"sw":11834,"he":11982,"el":12273,"sk":12371,"fa":12469,"fi":12567,"bg":13474,"ro":14546,"cs":14739,"nl":16539,"ku":16699,"ar":16875,"be":18586,"kn":18860,"mr":20275,"uk":20567,"ml":20866,"ta":22694,"sv":22967,"gu":28815,"pa":28973,"fil":29413,"da":37721,"pl":37938,"nn":38273},"pll_sync_post":[],"_links":{"self":[{"href":"https:\/\/shrimataji.org\/test\/wp-json\/wp\/v2\/pages\/10146","targetHints":{"allow":["GET"]}}],"collection":[{"href":"https:\/\/shrimataji.org\/test\/wp-json\/wp\/v2\/pages"}],"about":[{"href":"https:\/\/shrimataji.org\/test\/wp-json\/wp\/v2\/types\/page"}],"author":[{"embeddable":true,"href":"https:\/\/shrimataji.org\/test\/wp-json\/wp\/v2\/users\/12"}],"replies":[{"embeddable":true,"href":"https:\/\/shrimataji.org\/test\/wp-json\/wp\/v2\/comments?post=10146"}],"version-history":[{"count":0,"href":"https:\/\/shrimataji.org\/test\/wp-json\/wp\/v2\/pages\/10146\/revisions"}],"wp:featuredmedia":[{"embeddable":true,"href":"https:\/\/shrimataji.org\/test\/wp-json\/wp\/v2\/media\/162"}],"wp:attachment":[{"href":"https:\/\/shrimataji.org\/test\/wp-json\/wp\/v2\/media?parent=10146"}],"curies":[{"name":"wp","href":"https:\/\/api.w.org\/{rel}","templated":true}]}}