{"id":10147,"date":"2018-07-10T06:54:42","date_gmt":"2018-07-10T06:54:42","guid":{"rendered":"http:\/\/testwordpress.nirmalnagari.org\/smnd\/index.php\/cultural-integration\/"},"modified":"2024-07-12T00:02:00","modified_gmt":"2024-07-12T00:02:00","slug":"kulturel-entegrasyon","status":"publish","type":"page","link":"https:\/\/shrimataji.org\/test\/tr\/kulturel-entegrasyon\/","title":{"rendered":"K\u00fclt\u00fcrel Entegrasyon"},"content":{"rendered":"\n\n\t<h1>K\u00fclt\u00fcrel Entegrasyon<\/h1>\n<h2>Su\u0308rdu\u0308ru\u0308lebilir Bir Medeniyete Dog\u0306ru<\/h2>\n\t<h4>Seminerlerde, bas\u0131n konferanslar\u0131nda ve resmi olmayan konferanslarda Shri Mataji, tarih boyunca peygamberlerin ve azizlerin hepsinin kis\u0327inin benlig\u0306ini, ruhunu bilmesi ihtiyac\u0131ndan bahsettig\u0306ini s\u0131k s\u0131k so\u0308ylerdi. &#8220;Yapmam\u0131z gereken s\u0327ey bu. Ruhumuzun dinini gelis\u0327tirmek&#8221; dedi. Dinlerin bu\u0308yu\u0308mesini, tekil ama birc\u0327ok c\u0327ic\u0327eg\u0306i olan bu\u0308yu\u0308k bir ag\u0306ac\u0131n bu\u0308yu\u0308mesine benzetti. I\u0307nsanlar bilgisizlik ic\u0327inde c\u0327ic\u0327ekleri kopar\u0131p birbirleriyle kavga etmek ic\u0327in kullan\u0131rlar ve bu c\u0327ic\u0327eklerin ayn\u0131 ag\u0306ac\u0327tan geldig\u0306ini unuturlar.&#8221;<\/h4>\n\t<div class=\"su-quote su-quote-style-default\"><div class=\"su-quote-inner su-u-clearfix su-u-trim\"> Bu yu\u0308zden tu\u0308m insanlara, tu\u0308m insanl\u0131\u011fa sayg\u0131 duymal\u0131y\u0131z, hangi milletten gelirse gelsin, hangi u\u0308lkeye ait olursa olsun, hangi renge sahip olursa olsun, c\u0327u\u0308nku\u0308 hepsinin kendi Kundalini&#8217;leri var. <\/div><\/div>\n<p>Halka ac\u0327\u0131k bir program s\u0131ras\u0131nda ilgili bir dinleyici Shri Mataji&#8217;ye sordu: &#8220;Anne, dig\u0306er insanlar senin mesaj\u0131n\u0131 nas\u0131l anlayacaklar?&#8221; Shri Mataji gu\u0308lu\u0308msedi, &#8220;Herkes sevgiyi anlar, deg\u0306il mi?&#8221; Ve Sahaja Yoga meditasyonuyla, farkl\u0131 ku\u0308ltu\u0308r ve dinlerden bireyler aras\u0131nda bu\u0308tu\u0308nles\u0327meyi bas\u0327arman\u0131n bir yo\u0308ntemini ortaya c\u0327\u0131kard\u0131: Zihin tamamen hareketsiz oldug\u0306unda kolektif bilinc\u0327 olarak bilinen bu\u0308tu\u0308nles\u0327tirici gu\u0308c\u0327 haline gelen bir fark\u0131ndal\u0131k durumu.<\/p>\n\t\t\t\t<img loading=\"lazy\" decoding=\"async\" src=\"https:\/\/shrimataji.org\/test\/wp-content\/uploads\/2024\/06\/shri-mataji-meets-sufis-in-delhi-india.jpg\" alt=\"Shri Mataji'nin Nizamuddin dergah\u0131na olan ziyareti, Delhi, Hindistan, 1993\" height=\"350\" width=\"990\" title=\"shri-mataji-meets-sufis-in-delhi-india\" \/>\n\t\tShri Mataji&#8217;nin Nizamuddin dergah\u0131na olan ziyareti, Delhi, Hindistan, 1993\n<p>Carl Jung, kolektif bilinci s\u0327u s\u0327ekilde tan\u0131mlad\u0131: &#8220;Tamamen kis\u0327isel bir dog\u0306aya sahip olan ve tek ampirik psis\u0327e oldug\u0306una inand\u0131g\u0306\u0131m\u0131z dog\u0306rudan bilincimize ek olarak, kolektif, evrensel ve kis\u0327isel olmayan dog\u0306aya sahip ikinci bir psis\u0327ik sistem daha vard\u0131r. Tu\u0308m bireylerde ayn\u0131d\u0131r.&#8221;<a href=\"#citation-ref-1\">[1]<\/a> Sahaja Yoga meditasyonu kis\u0327inin fark\u0131ndal\u0131g\u0306\u0131n\u0131 daha derin bir seviyede, otonom sinir sisteminin ko\u0308klerinde harekete gec\u0327irir. Zihnin dikkat dag\u0306\u0131t\u0131c\u0131 gevezelikleri ve uzun su\u0308redir devam eden s\u0327artlanmalar\u0131 susturuldug\u0306unda, kis\u0327i ku\u0308ltu\u0308rel farkl\u0131l\u0131klar\u0131n yu\u0308zeysel du\u0308zeyde meydana geldig\u0306ini fark edebilir. &#8220;Evrensel ve kis\u0327isel olmayan dog\u0306a&#8221; birdir.<\/p>\n<p>Shri Mataji: &#8220;Ve is\u0327te bu s\u0327ekilde hepimizin ortak bir yas\u0327am ilkesine bag\u0306l\u0131 oldug\u0306umuzun fark\u0131na varmal\u0131y\u0131z,&#8221; diye ac\u0327\u0131klad\u0131, &#8220;hepimizin ic\u0327imizde bir Kundalini&#8217;si var. Bu yu\u0308zden tu\u0308m insanlara, tu\u0308m insanl\u0131g\u0306a sayg\u0131 duymal\u0131y\u0131z, Hangi milletten gelirlerse gelsinler, hangi u\u0308lkeye ait olurlarsa olsunlar, hangi renge sahip olurlarsa olsunlar c\u0327u\u0308nku\u0308 hepsinin kendi Kundalini&#8217;si var.&#8221;<\/p>\n<p>Shri Mataji, seyahatleri s\u0131ras\u0131nda her u\u0308lkenin sanat\u0131na ve el sanatlar\u0131na yog\u0306un ilgi go\u0308sterirdi ve bunlar\u0131n ruhun ku\u0308ltu\u0308ru\u0308nu\u0308 nas\u0131l yans\u0131tt\u0131g\u0306\u0131n\u0131 go\u0308zlemlerdi. &#8220;Bu ku\u0308ltu\u0308rde hic\u0327bir s\u0327eye pahal\u0131 oldug\u0306u ic\u0327in, go\u0308steris\u0327li, s\u0327atafatl\u0131 veya tan\u0131t\u0131m\u0131 iyi yap\u0131ld\u0131g\u0306\u0131 ic\u0327in teslim olmuyoruz&#8221; derdi. &#8220;Bu ku\u0308ltu\u0308rde ilgilendig\u0306imiz s\u0327ey, ne kadar nes\u0327e verici oldug\u0306udur.&#8221;<\/p>\n<p>Y\u0131llar boyunca Shri Mataji, farkl\u0131 u\u0308lkelerden, ko\u0308kenlerden ve dinlerden sanatc\u0327\u0131lar\u0131 ku\u0308ltu\u0308rel festivallerde performans sergilemeye davet etti. Bu sanatlara as\u0327ina olmayanlar ic\u0327in kavvali, raga, Vivaldi, konc\u0327erto veya klasik Hint dans\u0131n\u0131n anlam\u0131n\u0131 anlat\u0131rd\u0131. Bu performanslar\u0131 yaln\u0131zca sanatc\u0327\u0131lar\u0131n gec\u0327imini desteklemek ve sanatsal gelenekleri canl\u0131 tutmak ic\u0327in deg\u0306il, ayn\u0131 zamanda farkl\u0131 ku\u0308ltu\u0308r ve altyap\u0131lardan gelen sanat ve mu\u0308zig\u0306in evrensel ve evrensel olarak keyif veren ruhun ku\u0308ltu\u0308ru\u0308nu\u0308 ortaya c\u0327\u0131karabileceg\u0306ini go\u0308stermek ic\u0327in du\u0308zenlerdi.<\/p>\n\t<hr \/>\n<h3>1. <a href=\"#citation-ref-1\">^<\/a><a name=\"citation-note-1\"><\/a> C. G. Jung, &#8216;Arketipler ve Kolektif Bilin\u00e7d\u0131\u015f\u0131&#8217; C. G. Jung&#8217;un kolektif \u00e7al\u0131\u015fmalar\u0131ndan, 9. Cilt, B\u00f6l\u00fcm 1, Londra, 1969.<\/h3>\n\n","protected":false},"excerpt":{"rendered":"<p>K\u00fclt\u00fcrel Entegrasyon Su\u0308rdu\u0308ru\u0308lebilir Bir Medeniyete Dog\u0306ru Seminerlerde, bas\u0131n konferanslar\u0131nda ve resmi olmayan konferanslarda Shri Mataji, tarih boyunca peygamberlerin ve azizlerin hepsinin kis\u0327inin benlig\u0306ini, ruhunu bilmesi ihtiyac\u0131ndan bahsettig\u0306ini s\u0131k s\u0131k so\u0308ylerdi. &#8220;Yapmam\u0131z gereken s\u0327ey bu. Ruhumuzun dinini gelis\u0327tirmek&#8221; dedi. Dinlerin bu\u0308yu\u0308mesini, tekil ama birc\u0327ok c\u0327ic\u0327eg\u0306i olan bu\u0308yu\u0308k bir ag\u0306ac\u0131n bu\u0308yu\u0308mesine benzetti. I\u0307nsanlar bilgisizlik ic\u0327inde c\u0327ic\u0327ekleri kopar\u0131p&hellip; <br \/> <a class=\"read-more\" href=\"https:\/\/shrimataji.org\/test\/tr\/kulturel-entegrasyon\/\">Read more<\/a><\/p>\n","protected":false},"author":12,"featured_media":138,"parent":0,"menu_order":0,"comment_status":"closed","ping_status":"closed","template":"","meta":{"inline_featured_image":false,"footnotes":""},"class_list":["post-10147","page","type-page","status-publish","has-post-thumbnail","hentry"],"yoast_head":"<!-- This site is optimized with the Yoast SEO plugin v27.4 - https:\/\/yoast.com\/product\/yoast-seo-wordpress\/ -->\n<title>K\u00fclt\u00fcrel Entegrasyon - TEST - SMND<\/title>\n<meta name=\"robots\" content=\"noindex, follow, max-snippet:-1, max-image-preview:large, max-video-preview:-1\" \/>\n<meta property=\"og:locale\" content=\"en_US\" \/>\n<meta property=\"og:type\" content=\"article\" \/>\n<meta property=\"og:title\" content=\"K\u00fclt\u00fcrel Entegrasyon - TEST - SMND\" \/>\n<meta property=\"og:description\" content=\"K\u00fclt\u00fcrel Entegrasyon Su\u0308rdu\u0308ru\u0308lebilir Bir Medeniyete Dog\u0306ru Seminerlerde, bas\u0131n konferanslar\u0131nda ve resmi olmayan konferanslarda Shri Mataji, tarih boyunca peygamberlerin ve azizlerin hepsinin kis\u0327inin benlig\u0306ini, ruhunu bilmesi ihtiyac\u0131ndan bahsettig\u0306ini s\u0131k s\u0131k so\u0308ylerdi. &#8220;Yapmam\u0131z gereken s\u0327ey bu. Ruhumuzun dinini gelis\u0327tirmek&#8221; dedi. Dinlerin bu\u0308yu\u0308mesini, tekil ama birc\u0327ok c\u0327ic\u0327eg\u0306i olan bu\u0308yu\u0308k bir ag\u0306ac\u0131n bu\u0308yu\u0308mesine benzetti. I\u0307nsanlar bilgisizlik ic\u0327inde c\u0327ic\u0327ekleri kopar\u0131p&hellip; Read more\" \/>\n<meta property=\"og:url\" content=\"https:\/\/shrimataji.org\/test\/tr\/kulturel-entegrasyon\/\" \/>\n<meta property=\"og:site_name\" content=\"TEST - SMND\" \/>\n<meta property=\"article:publisher\" content=\"https:\/\/www.facebook.com\/shrimataji\" \/>\n<meta property=\"article:modified_time\" content=\"2024-07-12T00:02:00+00:00\" \/>\n<meta property=\"og:image\" content=\"https:\/\/shrimataji.org\/test\/wp-content\/uploads\/2018\/07\/media_originals\/images\/headers-general\/mauli-art-by-graham-brown.jpg\" \/>\n\t<meta property=\"og:image:width\" content=\"990\" \/>\n\t<meta property=\"og:image:height\" content=\"350\" \/>\n\t<meta property=\"og:image:type\" content=\"image\/jpeg\" \/>\n<meta name=\"twitter:card\" content=\"summary_large_image\" \/>\n<meta name=\"twitter:site\" content=\"@shrimataji\" \/>\n<script type=\"application\/ld+json\" class=\"yoast-schema-graph\">{\"@context\":\"https:\\\/\\\/schema.org\",\"@graph\":[{\"@type\":\"WebPage\",\"@id\":\"https:\\\/\\\/shrimataji.org\\\/test\\\/tr\\\/kulturel-entegrasyon\\\/\",\"url\":\"https:\\\/\\\/shrimataji.org\\\/test\\\/tr\\\/kulturel-entegrasyon\\\/\",\"name\":\"K\u00fclt\u00fcrel Entegrasyon - TEST - SMND\",\"isPartOf\":{\"@id\":\"https:\\\/\\\/shrimataji.org\\\/test\\\/#website\"},\"primaryImageOfPage\":{\"@id\":\"https:\\\/\\\/shrimataji.org\\\/test\\\/tr\\\/kulturel-entegrasyon\\\/#primaryimage\"},\"image\":{\"@id\":\"https:\\\/\\\/shrimataji.org\\\/test\\\/tr\\\/kulturel-entegrasyon\\\/#primaryimage\"},\"thumbnailUrl\":\"https:\\\/\\\/shrimataji.org\\\/test\\\/wp-content\\\/uploads\\\/2018\\\/07\\\/media_originals\\\/images\\\/headers-general\\\/mauli-art-by-graham-brown.jpg\",\"datePublished\":\"2018-07-10T06:54:42+00:00\",\"dateModified\":\"2024-07-12T00:02:00+00:00\",\"breadcrumb\":{\"@id\":\"https:\\\/\\\/shrimataji.org\\\/test\\\/tr\\\/kulturel-entegrasyon\\\/#breadcrumb\"},\"inLanguage\":\"en-US\",\"potentialAction\":[{\"@type\":\"ReadAction\",\"target\":[\"https:\\\/\\\/shrimataji.org\\\/test\\\/tr\\\/kulturel-entegrasyon\\\/\"]}]},{\"@type\":\"ImageObject\",\"inLanguage\":\"en-US\",\"@id\":\"https:\\\/\\\/shrimataji.org\\\/test\\\/tr\\\/kulturel-entegrasyon\\\/#primaryimage\",\"url\":\"https:\\\/\\\/shrimataji.org\\\/test\\\/wp-content\\\/uploads\\\/2018\\\/07\\\/media_originals\\\/images\\\/headers-general\\\/mauli-art-by-graham-brown.jpg\",\"contentUrl\":\"https:\\\/\\\/shrimataji.org\\\/test\\\/wp-content\\\/uploads\\\/2018\\\/07\\\/media_originals\\\/images\\\/headers-general\\\/mauli-art-by-graham-brown.jpg\",\"width\":990,\"height\":350},{\"@type\":\"BreadcrumbList\",\"@id\":\"https:\\\/\\\/shrimataji.org\\\/test\\\/tr\\\/kulturel-entegrasyon\\\/#breadcrumb\",\"itemListElement\":[{\"@type\":\"ListItem\",\"position\":1,\"name\":\"Home\",\"item\":\"https:\\\/\\\/shrimataji.org\\\/test\\\/uk\\\/home-en\\\/\"},{\"@type\":\"ListItem\",\"position\":2,\"name\":\"K\u00fclt\u00fcrel Entegrasyon\"}]},{\"@type\":\"WebSite\",\"@id\":\"https:\\\/\\\/shrimataji.org\\\/test\\\/#website\",\"url\":\"https:\\\/\\\/shrimataji.org\\\/test\\\/\",\"name\":\"Shri Mataji Nirmala Devi\",\"description\":\"A Life Dedicated to Humanity\",\"publisher\":{\"@id\":\"https:\\\/\\\/shrimataji.org\\\/test\\\/#\\\/schema\\\/person\\\/a1b3419c6585f164aa96da1ff85715d1\"},\"potentialAction\":[{\"@type\":\"SearchAction\",\"target\":{\"@type\":\"EntryPoint\",\"urlTemplate\":\"https:\\\/\\\/shrimataji.org\\\/test\\\/?s={search_term_string}\"},\"query-input\":{\"@type\":\"PropertyValueSpecification\",\"valueRequired\":true,\"valueName\":\"search_term_string\"}}],\"inLanguage\":\"en-US\"},{\"@type\":[\"Person\",\"Organization\"],\"@id\":\"https:\\\/\\\/shrimataji.org\\\/test\\\/#\\\/schema\\\/person\\\/a1b3419c6585f164aa96da1ff85715d1\",\"name\":\"Nirmala Shrivastava\",\"image\":{\"@type\":\"ImageObject\",\"inLanguage\":\"en-US\",\"@id\":\"https:\\\/\\\/shrimataji.org\\\/test\\\/wp-content\\\/uploads\\\/2023\\\/02\\\/SMO_LOGO-03.svg\",\"url\":\"https:\\\/\\\/shrimataji.org\\\/test\\\/wp-content\\\/uploads\\\/2023\\\/02\\\/SMO_LOGO-03.svg\",\"contentUrl\":\"https:\\\/\\\/shrimataji.org\\\/test\\\/wp-content\\\/uploads\\\/2023\\\/02\\\/SMO_LOGO-03.svg\",\"width\":\"1024\",\"height\":\"1024\",\"caption\":\"Nirmala Shrivastava\"},\"logo\":{\"@id\":\"https:\\\/\\\/shrimataji.org\\\/test\\\/wp-content\\\/uploads\\\/2023\\\/02\\\/SMO_LOGO-03.svg\"},\"sameAs\":[\"https:\\\/\\\/shrimataji.org\\\/test\",\"https:\\\/\\\/www.facebook.com\\\/shrimataji\",\"https:\\\/\\\/x.com\\\/shrimataji\",\"https:\\\/\\\/www.youtube.com\\\/@Shri_Mataji_Nirmala_Devi\\\/featured\"]}]}<\/script>\n<!-- \/ Yoast SEO plugin. -->","yoast_head_json":{"title":"K\u00fclt\u00fcrel Entegrasyon - TEST - SMND","robots":{"index":"noindex","follow":"follow","max-snippet":"max-snippet:-1","max-image-preview":"max-image-preview:large","max-video-preview":"max-video-preview:-1"},"og_locale":"en_US","og_type":"article","og_title":"K\u00fclt\u00fcrel Entegrasyon - TEST - SMND","og_description":"K\u00fclt\u00fcrel Entegrasyon Su\u0308rdu\u0308ru\u0308lebilir Bir Medeniyete Dog\u0306ru Seminerlerde, bas\u0131n konferanslar\u0131nda ve resmi olmayan konferanslarda Shri Mataji, tarih boyunca peygamberlerin ve azizlerin hepsinin kis\u0327inin benlig\u0306ini, ruhunu bilmesi ihtiyac\u0131ndan bahsettig\u0306ini s\u0131k s\u0131k so\u0308ylerdi. &#8220;Yapmam\u0131z gereken s\u0327ey bu. Ruhumuzun dinini gelis\u0327tirmek&#8221; dedi. Dinlerin bu\u0308yu\u0308mesini, tekil ama birc\u0327ok c\u0327ic\u0327eg\u0306i olan bu\u0308yu\u0308k bir ag\u0306ac\u0131n bu\u0308yu\u0308mesine benzetti. I\u0307nsanlar bilgisizlik ic\u0327inde c\u0327ic\u0327ekleri kopar\u0131p&hellip; Read more","og_url":"https:\/\/shrimataji.org\/test\/tr\/kulturel-entegrasyon\/","og_site_name":"TEST - SMND","article_publisher":"https:\/\/www.facebook.com\/shrimataji","article_modified_time":"2024-07-12T00:02:00+00:00","og_image":[{"width":990,"height":350,"url":"https:\/\/shrimataji.org\/test\/wp-content\/uploads\/2018\/07\/media_originals\/images\/headers-general\/mauli-art-by-graham-brown.jpg","type":"image\/jpeg"}],"twitter_card":"summary_large_image","twitter_site":"@shrimataji","schema":{"@context":"https:\/\/schema.org","@graph":[{"@type":"WebPage","@id":"https:\/\/shrimataji.org\/test\/tr\/kulturel-entegrasyon\/","url":"https:\/\/shrimataji.org\/test\/tr\/kulturel-entegrasyon\/","name":"K\u00fclt\u00fcrel Entegrasyon - TEST - SMND","isPartOf":{"@id":"https:\/\/shrimataji.org\/test\/#website"},"primaryImageOfPage":{"@id":"https:\/\/shrimataji.org\/test\/tr\/kulturel-entegrasyon\/#primaryimage"},"image":{"@id":"https:\/\/shrimataji.org\/test\/tr\/kulturel-entegrasyon\/#primaryimage"},"thumbnailUrl":"https:\/\/shrimataji.org\/test\/wp-content\/uploads\/2018\/07\/media_originals\/images\/headers-general\/mauli-art-by-graham-brown.jpg","datePublished":"2018-07-10T06:54:42+00:00","dateModified":"2024-07-12T00:02:00+00:00","breadcrumb":{"@id":"https:\/\/shrimataji.org\/test\/tr\/kulturel-entegrasyon\/#breadcrumb"},"inLanguage":"en-US","potentialAction":[{"@type":"ReadAction","target":["https:\/\/shrimataji.org\/test\/tr\/kulturel-entegrasyon\/"]}]},{"@type":"ImageObject","inLanguage":"en-US","@id":"https:\/\/shrimataji.org\/test\/tr\/kulturel-entegrasyon\/#primaryimage","url":"https:\/\/shrimataji.org\/test\/wp-content\/uploads\/2018\/07\/media_originals\/images\/headers-general\/mauli-art-by-graham-brown.jpg","contentUrl":"https:\/\/shrimataji.org\/test\/wp-content\/uploads\/2018\/07\/media_originals\/images\/headers-general\/mauli-art-by-graham-brown.jpg","width":990,"height":350},{"@type":"BreadcrumbList","@id":"https:\/\/shrimataji.org\/test\/tr\/kulturel-entegrasyon\/#breadcrumb","itemListElement":[{"@type":"ListItem","position":1,"name":"Home","item":"https:\/\/shrimataji.org\/test\/uk\/home-en\/"},{"@type":"ListItem","position":2,"name":"K\u00fclt\u00fcrel Entegrasyon"}]},{"@type":"WebSite","@id":"https:\/\/shrimataji.org\/test\/#website","url":"https:\/\/shrimataji.org\/test\/","name":"Shri Mataji Nirmala Devi","description":"A Life Dedicated to Humanity","publisher":{"@id":"https:\/\/shrimataji.org\/test\/#\/schema\/person\/a1b3419c6585f164aa96da1ff85715d1"},"potentialAction":[{"@type":"SearchAction","target":{"@type":"EntryPoint","urlTemplate":"https:\/\/shrimataji.org\/test\/?s={search_term_string}"},"query-input":{"@type":"PropertyValueSpecification","valueRequired":true,"valueName":"search_term_string"}}],"inLanguage":"en-US"},{"@type":["Person","Organization"],"@id":"https:\/\/shrimataji.org\/test\/#\/schema\/person\/a1b3419c6585f164aa96da1ff85715d1","name":"Nirmala Shrivastava","image":{"@type":"ImageObject","inLanguage":"en-US","@id":"https:\/\/shrimataji.org\/test\/wp-content\/uploads\/2023\/02\/SMO_LOGO-03.svg","url":"https:\/\/shrimataji.org\/test\/wp-content\/uploads\/2023\/02\/SMO_LOGO-03.svg","contentUrl":"https:\/\/shrimataji.org\/test\/wp-content\/uploads\/2023\/02\/SMO_LOGO-03.svg","width":"1024","height":"1024","caption":"Nirmala Shrivastava"},"logo":{"@id":"https:\/\/shrimataji.org\/test\/wp-content\/uploads\/2023\/02\/SMO_LOGO-03.svg"},"sameAs":["https:\/\/shrimataji.org\/test","https:\/\/www.facebook.com\/shrimataji","https:\/\/x.com\/shrimataji","https:\/\/www.youtube.com\/@Shri_Mataji_Nirmala_Devi\/featured"]}]}},"lang":"tr","translations":{"tr":10147,"ur":37409,"en":405,"am":17980,"th":19914,"hu":19455,"sq":18381,"zh":17278,"pt":10360,"de":10634,"fr":10732,"it":10830,"es":10927,"ja":11224,"ru":11412,"bn":11604,"te":11712,"sw":11835,"he":11983,"el":12274,"sk":12372,"fa":12470,"fi":12568,"bg":13481,"ro":14553,"cs":14746,"nl":16541,"ku":16701,"ar":16877,"be":18588,"kn":18862,"mr":20278,"uk":20570,"ml":20869,"ta":22696,"sv":22969,"gu":28817,"pa":28975,"fil":29415,"da":37723,"pl":37940,"nn":38275},"pll_sync_post":[],"_links":{"self":[{"href":"https:\/\/shrimataji.org\/test\/wp-json\/wp\/v2\/pages\/10147","targetHints":{"allow":["GET"]}}],"collection":[{"href":"https:\/\/shrimataji.org\/test\/wp-json\/wp\/v2\/pages"}],"about":[{"href":"https:\/\/shrimataji.org\/test\/wp-json\/wp\/v2\/types\/page"}],"author":[{"embeddable":true,"href":"https:\/\/shrimataji.org\/test\/wp-json\/wp\/v2\/users\/12"}],"replies":[{"embeddable":true,"href":"https:\/\/shrimataji.org\/test\/wp-json\/wp\/v2\/comments?post=10147"}],"version-history":[{"count":0,"href":"https:\/\/shrimataji.org\/test\/wp-json\/wp\/v2\/pages\/10147\/revisions"}],"wp:featuredmedia":[{"embeddable":true,"href":"https:\/\/shrimataji.org\/test\/wp-json\/wp\/v2\/media\/138"}],"wp:attachment":[{"href":"https:\/\/shrimataji.org\/test\/wp-json\/wp\/v2\/media?parent=10147"}],"curies":[{"name":"wp","href":"https:\/\/api.w.org\/{rel}","templated":true}]}}