{"id":10148,"date":"2023-02-20T03:40:29","date_gmt":"2023-02-20T03:40:29","guid":{"rendered":"https:\/\/shrimataji.org\/test\/?page_id=8414"},"modified":"2024-07-12T00:01:57","modified_gmt":"2024-07-12T00:01:57","slug":"erken-donem","status":"publish","type":"page","link":"https:\/\/shrimataji.org\/test\/tr\/erken-donem\/","title":{"rendered":"Erken D\u00f6nem"},"content":{"rendered":"\n\n\t<h1>Erken D\u00f6nem<\/h1>\n<h2>Gandhi&#8217;nin kitlesel ba\u011f\u0131ms\u0131zl\u0131k hareketinden kitlesel ayd\u0131nlanma \u00e7a\u011f\u0131na<\/h2>\n\t<p>Mahatma Gandhi, onunla kar\u015f\u0131la\u015fan herkes \u00fczerinde derin bir iz b\u0131rakt\u0131, buna onun a\u015fram\u0131nda kalan k\u00fc\u00e7\u00fck bir k\u0131z da dahildi. Bu k\u00fc\u00e7\u00fck k\u0131z, Nepallilere benzeyen hatlar\u0131 nedeniyle Gandhi&#8217;nin Nepali takma ad\u0131n\u0131 verdi\u011fi Shri Mataji idi.<\/p>\n<p>Shri Mataji, yedi ya\u015f\u0131ndan itibaren Gandhi&#8217;nin a\u015fram\u0131nda onunla \u00e7ok\u00e7a zaman ge\u00e7irdi. Sabah\u0131n erken saatlerinde kolektif dualardan \u00f6nceki y\u00fcr\u00fcy\u00fc\u015flerde ona s\u0131kl\u0131kla e\u015flik eden Shri Mataji, &#8220;Benimle \u00e7ok ciddi bir \u015fekilde oturur, tatl\u0131l\u0131kla sorular sorard\u0131&#8221; diye an\u0131msar.<\/p>\n\t\t\t\t<img loading=\"lazy\" decoding=\"async\" src=\"https:\/\/shrimataji.org\/test\/wp-content\/uploads\/2018\/07\/media_originals\/images\/shri-mataji-and-family\/shri-mataji-as-a-young-child.jpg\" alt=\"shri-mataji-as-a-young-child\" height=\"407\" width=\"640\" title=\"shri-mataji-as-a-young-child\" \/>\n\t<p>Shri Mataji, &#8220;O, muazzam derecede sert bir usta ama son derece sevgi dolu ve \u015fefkatli bir insand\u0131&#8221; demi\u015ftir. &#8220;Benimle her zaman sanki ben bir b\u00fcy\u00fckanneymi\u015fim gibi konu\u015fur ve bir \u015feyler tart\u0131\u015f\u0131rd\u0131, bu da herkes i\u00e7in \u00e7ok \u015fa\u015f\u0131rt\u0131c\u0131 olmu\u015ftur bir bak\u0131ma, sanki ben herkesten ak\u0131ll\u0131ym\u0131\u015f\u0131m gibi. Ve o baz\u0131 \u00e7ocuklar\u0131n rehberli\u011finin ya\u015fl\u0131lardan daha iyi olabilece\u011fini s\u00f6yledi.&#8221;<\/p>\n<p>Shri Mataji daha sonralar\u0131, \u00fclkesinde dharma, yani i\u00e7sel din ya da do\u011frulu\u011fun temelini olu\u015fturdu\u011fu i\u00e7in Gandhi&#8217;yi \u00f6vecekti. O insanlar\u0131 \u0130ncil&#8217;i ke\u015ffetmeye, Bhagavad Gita&#8217;y\u0131 anlamaya, d\u00fcnyan\u0131n t\u00fcm \u00f6nemli kutsal yaz\u0131tlar\u0131n\u0131 ve insanlar\u0131n\u0131 tan\u0131maya ve b\u00fct\u00fcnsel bir \u015fekilde anlamaya te\u015fvik etti.<\/p>\n<p>Gandhi ile yapt\u0131\u011f\u0131 konu\u015fmalar s\u0131ras\u0131nda, sadece insan ki\u015fili\u011finin do\u011fas\u0131nda var olan\u0131 ke\u015ffetmekle kalmad\u0131lar, ayn\u0131 zamanda sosyal ve ruhsal \u00f6zg\u00fcrle\u015fmeyi sa\u011flaman\u0131n yollar\u0131n\u0131 ve ara\u00e7lar\u0131n\u0131 da ara\u015ft\u0131rd\u0131lar. Gandhi ile olan deneyimi soruldu\u011funda, Shri Mataji tart\u0131\u015fmalar\u0131ndan birini anlatm\u0131\u015ft\u0131: Gandhi rutini konusunda kat\u0131yd\u0131, insanlar\u0131n sabah 4&#8217;te uyanmas\u0131, oru\u00e7 tutmas\u0131 gibi ve Shri Mataji ona &#8220;Sen \u00e7ok kat\u0131s\u0131n&#8230; bu kadar\u0131 \u00e7ok fazla de\u011fil mi?&#8221; diye sordu.<\/p>\n<p>Gandhi, \u00fclkenin \u00f6zg\u00fcrl\u00fck hareketi g\u00fcc\u00fcn\u00fcn h\u0131z kazand\u0131\u011f\u0131, acil durumlarda s\u0131k\u0131 disiplinin gerekli oldu\u011funu a\u00e7\u0131klad\u0131.<\/p>\n<p>Buna kar\u015f\u0131l\u0131k Shri Mataji \u015funu \u00f6nerdi: &#8220;Bapu (Baba), e\u011fer insanlar\u0131 disipline etmek istiyorsan, neden onlara i\u00e7sel disiplin vermiyorsun?&#8221;<\/p>\n<p>Gandhi bunun nas\u0131l m\u00fcmk\u00fcn olabilece\u011fini sordu. Shri Mataji \u00e7\u00f6z\u00fcm\u00fcn i\u00e7sel d\u00f6n\u00fc\u015f\u00fcm oldu\u011fu konusunda onu ikna etti. Ancak o \u015f\u00f6yle d\u00fc\u015f\u00fcnd\u00fc: &#8220;\u00d6ncelikle (\u0130ngiliz y\u00f6netiminden) ba\u011f\u0131ms\u0131z olal\u0131m. E\u011fer \u00f6zg\u00fcr de\u011filsek neyin tad\u0131na varabiliriz? Bunun hakk\u0131nda konu\u015famay\u0131z bile. \u0130nsanlar, daha kendimiz \u00f6zg\u00fcr de\u011filken Ruh \u00f6zg\u00fcrl\u00fc\u011f\u00fcne dair nas\u0131l konu\u015fabiliriz diyecek. \u00d6nce yabanc\u0131 egemenli\u011finden kurtulmal\u0131y\u0131z.&#8221;<\/p>\n<p>Sonraki y\u0131llarda Gandhi&#8217;nin mesaj\u0131 okuma yazma bilmeyen \u00e7ift\u00e7ilerden daha ayr\u0131cal\u0131kl\u0131 s\u0131n\u0131flara ve e\u011fitim d\u00fczeyi en y\u00fcksek \u00fcyelerine kadar t\u00fcm topluma yay\u0131ld\u0131. Shri Mataji de \u00f6zg\u00fcrl\u00fck m\u00fccadelesinde yer ald\u0131 ve di\u011fer \u00fcniversite \u00f6\u011frencilerine izleyebilecekleri bir \u00f6rnek olu\u015fturdu.<\/p>\n<p>Hindistan, 1947&#8217;de nihayet \u00f6zg\u00fcr bir ulus oldu. Shri Mataji&#8217;nin \u00e7ocukluk d\u00f6neminde Gandhi ile yapt\u0131\u011f\u0131 tart\u0131\u015fmalar\u0131n \u00fczerinden uzun y\u0131llar ge\u00e7mi\u015fti ama son g\u00fcnlerine az kala Gandhi onu g\u00f6rmek istedi. Shri Mataji, &#8220;Onunla kar\u015f\u0131la\u015ft\u0131m&#8230;hemen tan\u0131d\u0131&#8221; diye an\u0131msad\u0131 bunu. &#8220;&#8216;Duadan sonra bulu\u015fal\u0131m&#8217; dedi. Bir araya geldi\u011fimizde, &#8216;\u015eimdi art\u0131k in\u015fa etmeye ba\u015flay\u0131n, yap\u0131c\u0131 \u00e7al\u0131\u015fmalara ba\u015flay\u0131n&#8230;&#8221; dedi.<\/p>\n<p>Shri Mataji, insanlar\u0131n kar\u015f\u0131 kar\u015f\u0131ya oldu\u011fu \u00e7e\u015fitli sorunlar\u0131n yan\u0131 s\u0131ra olas\u0131 \u00e7\u00f6z\u00fcmler \u00fczerinde \u00e7al\u0131\u015fmaya devam etti. Sahaja Yoga arac\u0131l\u0131\u011f\u0131yla insanl\u0131\u011f\u0131 d\u00f6n\u00fc\u015ft\u00fcr\u00fcc\u00fc \u00e7al\u0131\u015fmas\u0131na ba\u015flamas\u0131 uzun y\u0131llar alacakt\u0131. T\u0131pk\u0131 Gandhi&#8217;nin kitleleri harekete ge\u00e7irip \u00fclkesine \u00f6zg\u00fcrl\u00fck yolunu a\u00e7mas\u0131 gibi, Shri Mataji&#8217;nin \u00e7al\u0131\u015fmalar\u0131 da sadece birka\u00e7 ki\u015fiyi de\u011fil, d\u00fcnya \u00e7ap\u0131nda y\u00fcz binlerce ki\u015fiyi d\u00f6n\u00fc\u015ft\u00fcrecekti. \u0130\u00e7sel \u00f6zg\u00fcrl\u00fc\u011f\u00fcn zaman\u0131 gelmi\u015fti.<\/p>\n\t<img decoding=\"async\" data-spai-excluded=\"true\" loading=\"lazy\" alt=\"YouTube player\" src=\"https:\/\/i.ytimg.com\/vi\/R3BuPaDgo4c\/maxresdefault.jpg\" \/><button aria-label=\"Play\"><\/button>\n\t<div class=\"su-quote su-quote-style-default\"><div class=\"su-quote-inner su-u-clearfix su-u-trim\">Siyasi bir liderin ruh ve din konular\u0131 i\u00e7in endi\u015fe etmesine gerek yoktur, ama o \u00fclkemizi bir yoga \u00fclkesi olarak g\u00f6rd\u00fc &#8230; Gandhi&#8217;nin esas katk\u0131s\u0131, insanlar\u0131n dengeli olmalar\u0131n\u0131 sa\u011flamas\u0131, onlar\u0131 daha Hintli bir hale getirmesi ve bizi kand\u0131rm\u0131\u015f olan bu k\u00f6lelik zihniyetini ortadan kald\u0131rmas\u0131yd\u0131.<\/div><\/div>\n\t\t\t\t<img loading=\"lazy\" decoding=\"async\" src=\"https:\/\/shrimataji.org\/test\/wp-content\/uploads\/2024\/06\/Chhindwara_Final-1920x516-1.png\" alt=\"Shri Mataji Nirmala Devi'nin Do\u011fum Yeri Chhindwara, Hindistan\" height=\"516\" width=\"1920\" title=\"Chhindwara_Final-1920x516-1\" \/>\n\t\tShri Mataji Nirmala Devi&#8217;nin Do\u011fum Yeri Chhindwara, Hindistan\n\n","protected":false},"excerpt":{"rendered":"<p>Erken D\u00f6nem Gandhi&#8217;nin kitlesel ba\u011f\u0131ms\u0131zl\u0131k hareketinden kitlesel ayd\u0131nlanma \u00e7a\u011f\u0131na Mahatma Gandhi, onunla kar\u015f\u0131la\u015fan herkes \u00fczerinde derin bir iz b\u0131rakt\u0131, buna onun a\u015fram\u0131nda kalan k\u00fc\u00e7\u00fck bir k\u0131z da dahildi. Bu k\u00fc\u00e7\u00fck k\u0131z, Nepallilere benzeyen hatlar\u0131 nedeniyle Gandhi&#8217;nin Nepali takma ad\u0131n\u0131 verdi\u011fi Shri Mataji idi. Shri Mataji, yedi ya\u015f\u0131ndan itibaren Gandhi&#8217;nin a\u015fram\u0131nda onunla \u00e7ok\u00e7a zaman ge\u00e7irdi. Sabah\u0131n&hellip; <br \/> <a class=\"read-more\" href=\"https:\/\/shrimataji.org\/test\/tr\/erken-donem\/\">Read more<\/a><\/p>\n","protected":false},"author":12,"featured_media":9507,"parent":0,"menu_order":0,"comment_status":"closed","ping_status":"closed","template":"","meta":{"inline_featured_image":false,"footnotes":""},"class_list":["post-10148","page","type-page","status-publish","has-post-thumbnail","hentry"],"yoast_head":"<!-- This site is optimized with the Yoast SEO plugin v27.4 - https:\/\/yoast.com\/product\/yoast-seo-wordpress\/ -->\n<title>Erken D\u00f6nem - TEST - SMND<\/title>\n<meta name=\"robots\" content=\"noindex, follow, max-snippet:-1, max-image-preview:large, max-video-preview:-1\" \/>\n<meta property=\"og:locale\" content=\"en_US\" \/>\n<meta property=\"og:type\" content=\"article\" \/>\n<meta property=\"og:title\" content=\"Erken D\u00f6nem - TEST - SMND\" \/>\n<meta property=\"og:description\" content=\"Erken D\u00f6nem Gandhi&#8217;nin kitlesel ba\u011f\u0131ms\u0131zl\u0131k hareketinden kitlesel ayd\u0131nlanma \u00e7a\u011f\u0131na Mahatma Gandhi, onunla kar\u015f\u0131la\u015fan herkes \u00fczerinde derin bir iz b\u0131rakt\u0131, buna onun a\u015fram\u0131nda kalan k\u00fc\u00e7\u00fck bir k\u0131z da dahildi. Bu k\u00fc\u00e7\u00fck k\u0131z, Nepallilere benzeyen hatlar\u0131 nedeniyle Gandhi&#8217;nin Nepali takma ad\u0131n\u0131 verdi\u011fi Shri Mataji idi. Shri Mataji, yedi ya\u015f\u0131ndan itibaren Gandhi&#8217;nin a\u015fram\u0131nda onunla \u00e7ok\u00e7a zaman ge\u00e7irdi. Sabah\u0131n&hellip; Read more\" \/>\n<meta property=\"og:url\" content=\"https:\/\/shrimataji.org\/test\/tr\/erken-donem\/\" \/>\n<meta property=\"og:site_name\" content=\"TEST - SMND\" \/>\n<meta property=\"article:publisher\" content=\"https:\/\/www.facebook.com\/shrimataji\" \/>\n<meta property=\"article:modified_time\" content=\"2024-07-12T00:01:57+00:00\" \/>\n<meta property=\"og:image\" content=\"https:\/\/shrimataji.org\/test\/wp-content\/uploads\/2023\/03\/1_Banner_EarlyLife-scaled.jpg\" \/>\n\t<meta property=\"og:image:width\" content=\"2560\" \/>\n\t<meta property=\"og:image:height\" content=\"905\" \/>\n\t<meta property=\"og:image:type\" content=\"image\/jpeg\" \/>\n<meta name=\"twitter:card\" content=\"summary_large_image\" \/>\n<meta name=\"twitter:site\" content=\"@shrimataji\" \/>\n<meta name=\"twitter:label1\" content=\"Est. reading time\" \/>\n\t<meta name=\"twitter:data1\" content=\"4 minutes\" \/>\n<script type=\"application\/ld+json\" class=\"yoast-schema-graph\">{\"@context\":\"https:\\\/\\\/schema.org\",\"@graph\":[{\"@type\":\"WebPage\",\"@id\":\"https:\\\/\\\/shrimataji.org\\\/test\\\/tr\\\/erken-donem\\\/\",\"url\":\"https:\\\/\\\/shrimataji.org\\\/test\\\/tr\\\/erken-donem\\\/\",\"name\":\"Erken D\u00f6nem - TEST - SMND\",\"isPartOf\":{\"@id\":\"https:\\\/\\\/shrimataji.org\\\/test\\\/#website\"},\"primaryImageOfPage\":{\"@id\":\"https:\\\/\\\/shrimataji.org\\\/test\\\/tr\\\/erken-donem\\\/#primaryimage\"},\"image\":{\"@id\":\"https:\\\/\\\/shrimataji.org\\\/test\\\/tr\\\/erken-donem\\\/#primaryimage\"},\"thumbnailUrl\":\"https:\\\/\\\/shrimataji.org\\\/test\\\/wp-content\\\/uploads\\\/2023\\\/03\\\/1_Banner_EarlyLife-scaled.jpg\",\"datePublished\":\"2023-02-20T03:40:29+00:00\",\"dateModified\":\"2024-07-12T00:01:57+00:00\",\"breadcrumb\":{\"@id\":\"https:\\\/\\\/shrimataji.org\\\/test\\\/tr\\\/erken-donem\\\/#breadcrumb\"},\"inLanguage\":\"en-US\",\"potentialAction\":[{\"@type\":\"ReadAction\",\"target\":[\"https:\\\/\\\/shrimataji.org\\\/test\\\/tr\\\/erken-donem\\\/\"]}]},{\"@type\":\"ImageObject\",\"inLanguage\":\"en-US\",\"@id\":\"https:\\\/\\\/shrimataji.org\\\/test\\\/tr\\\/erken-donem\\\/#primaryimage\",\"url\":\"https:\\\/\\\/shrimataji.org\\\/test\\\/wp-content\\\/uploads\\\/2023\\\/03\\\/1_Banner_EarlyLife-scaled.jpg\",\"contentUrl\":\"https:\\\/\\\/shrimataji.org\\\/test\\\/wp-content\\\/uploads\\\/2023\\\/03\\\/1_Banner_EarlyLife-scaled.jpg\",\"width\":2560,\"height\":905},{\"@type\":\"BreadcrumbList\",\"@id\":\"https:\\\/\\\/shrimataji.org\\\/test\\\/tr\\\/erken-donem\\\/#breadcrumb\",\"itemListElement\":[{\"@type\":\"ListItem\",\"position\":1,\"name\":\"Home\",\"item\":\"https:\\\/\\\/shrimataji.org\\\/test\\\/uk\\\/home-en\\\/\"},{\"@type\":\"ListItem\",\"position\":2,\"name\":\"Erken D\u00f6nem\"}]},{\"@type\":\"WebSite\",\"@id\":\"https:\\\/\\\/shrimataji.org\\\/test\\\/#website\",\"url\":\"https:\\\/\\\/shrimataji.org\\\/test\\\/\",\"name\":\"Shri Mataji Nirmala Devi\",\"description\":\"A Life Dedicated to Humanity\",\"publisher\":{\"@id\":\"https:\\\/\\\/shrimataji.org\\\/test\\\/#\\\/schema\\\/person\\\/a1b3419c6585f164aa96da1ff85715d1\"},\"potentialAction\":[{\"@type\":\"SearchAction\",\"target\":{\"@type\":\"EntryPoint\",\"urlTemplate\":\"https:\\\/\\\/shrimataji.org\\\/test\\\/?s={search_term_string}\"},\"query-input\":{\"@type\":\"PropertyValueSpecification\",\"valueRequired\":true,\"valueName\":\"search_term_string\"}}],\"inLanguage\":\"en-US\"},{\"@type\":[\"Person\",\"Organization\"],\"@id\":\"https:\\\/\\\/shrimataji.org\\\/test\\\/#\\\/schema\\\/person\\\/a1b3419c6585f164aa96da1ff85715d1\",\"name\":\"Nirmala Shrivastava\",\"image\":{\"@type\":\"ImageObject\",\"inLanguage\":\"en-US\",\"@id\":\"https:\\\/\\\/shrimataji.org\\\/test\\\/wp-content\\\/uploads\\\/2023\\\/02\\\/SMO_LOGO-03.svg\",\"url\":\"https:\\\/\\\/shrimataji.org\\\/test\\\/wp-content\\\/uploads\\\/2023\\\/02\\\/SMO_LOGO-03.svg\",\"contentUrl\":\"https:\\\/\\\/shrimataji.org\\\/test\\\/wp-content\\\/uploads\\\/2023\\\/02\\\/SMO_LOGO-03.svg\",\"width\":\"1024\",\"height\":\"1024\",\"caption\":\"Nirmala Shrivastava\"},\"logo\":{\"@id\":\"https:\\\/\\\/shrimataji.org\\\/test\\\/wp-content\\\/uploads\\\/2023\\\/02\\\/SMO_LOGO-03.svg\"},\"sameAs\":[\"https:\\\/\\\/shrimataji.org\\\/test\",\"https:\\\/\\\/www.facebook.com\\\/shrimataji\",\"https:\\\/\\\/x.com\\\/shrimataji\",\"https:\\\/\\\/www.youtube.com\\\/@Shri_Mataji_Nirmala_Devi\\\/featured\"]}]}<\/script>\n<!-- \/ Yoast SEO plugin. -->","yoast_head_json":{"title":"Erken D\u00f6nem - TEST - SMND","robots":{"index":"noindex","follow":"follow","max-snippet":"max-snippet:-1","max-image-preview":"max-image-preview:large","max-video-preview":"max-video-preview:-1"},"og_locale":"en_US","og_type":"article","og_title":"Erken D\u00f6nem - TEST - SMND","og_description":"Erken D\u00f6nem Gandhi&#8217;nin kitlesel ba\u011f\u0131ms\u0131zl\u0131k hareketinden kitlesel ayd\u0131nlanma \u00e7a\u011f\u0131na Mahatma Gandhi, onunla kar\u015f\u0131la\u015fan herkes \u00fczerinde derin bir iz b\u0131rakt\u0131, buna onun a\u015fram\u0131nda kalan k\u00fc\u00e7\u00fck bir k\u0131z da dahildi. Bu k\u00fc\u00e7\u00fck k\u0131z, Nepallilere benzeyen hatlar\u0131 nedeniyle Gandhi&#8217;nin Nepali takma ad\u0131n\u0131 verdi\u011fi Shri Mataji idi. Shri Mataji, yedi ya\u015f\u0131ndan itibaren Gandhi&#8217;nin a\u015fram\u0131nda onunla \u00e7ok\u00e7a zaman ge\u00e7irdi. Sabah\u0131n&hellip; Read more","og_url":"https:\/\/shrimataji.org\/test\/tr\/erken-donem\/","og_site_name":"TEST - SMND","article_publisher":"https:\/\/www.facebook.com\/shrimataji","article_modified_time":"2024-07-12T00:01:57+00:00","og_image":[{"width":2560,"height":905,"url":"https:\/\/shrimataji.org\/test\/wp-content\/uploads\/2023\/03\/1_Banner_EarlyLife-scaled.jpg","type":"image\/jpeg"}],"twitter_card":"summary_large_image","twitter_site":"@shrimataji","twitter_misc":{"Est. reading time":"4 minutes"},"schema":{"@context":"https:\/\/schema.org","@graph":[{"@type":"WebPage","@id":"https:\/\/shrimataji.org\/test\/tr\/erken-donem\/","url":"https:\/\/shrimataji.org\/test\/tr\/erken-donem\/","name":"Erken D\u00f6nem - TEST - SMND","isPartOf":{"@id":"https:\/\/shrimataji.org\/test\/#website"},"primaryImageOfPage":{"@id":"https:\/\/shrimataji.org\/test\/tr\/erken-donem\/#primaryimage"},"image":{"@id":"https:\/\/shrimataji.org\/test\/tr\/erken-donem\/#primaryimage"},"thumbnailUrl":"https:\/\/shrimataji.org\/test\/wp-content\/uploads\/2023\/03\/1_Banner_EarlyLife-scaled.jpg","datePublished":"2023-02-20T03:40:29+00:00","dateModified":"2024-07-12T00:01:57+00:00","breadcrumb":{"@id":"https:\/\/shrimataji.org\/test\/tr\/erken-donem\/#breadcrumb"},"inLanguage":"en-US","potentialAction":[{"@type":"ReadAction","target":["https:\/\/shrimataji.org\/test\/tr\/erken-donem\/"]}]},{"@type":"ImageObject","inLanguage":"en-US","@id":"https:\/\/shrimataji.org\/test\/tr\/erken-donem\/#primaryimage","url":"https:\/\/shrimataji.org\/test\/wp-content\/uploads\/2023\/03\/1_Banner_EarlyLife-scaled.jpg","contentUrl":"https:\/\/shrimataji.org\/test\/wp-content\/uploads\/2023\/03\/1_Banner_EarlyLife-scaled.jpg","width":2560,"height":905},{"@type":"BreadcrumbList","@id":"https:\/\/shrimataji.org\/test\/tr\/erken-donem\/#breadcrumb","itemListElement":[{"@type":"ListItem","position":1,"name":"Home","item":"https:\/\/shrimataji.org\/test\/uk\/home-en\/"},{"@type":"ListItem","position":2,"name":"Erken D\u00f6nem"}]},{"@type":"WebSite","@id":"https:\/\/shrimataji.org\/test\/#website","url":"https:\/\/shrimataji.org\/test\/","name":"Shri Mataji Nirmala Devi","description":"A Life Dedicated to Humanity","publisher":{"@id":"https:\/\/shrimataji.org\/test\/#\/schema\/person\/a1b3419c6585f164aa96da1ff85715d1"},"potentialAction":[{"@type":"SearchAction","target":{"@type":"EntryPoint","urlTemplate":"https:\/\/shrimataji.org\/test\/?s={search_term_string}"},"query-input":{"@type":"PropertyValueSpecification","valueRequired":true,"valueName":"search_term_string"}}],"inLanguage":"en-US"},{"@type":["Person","Organization"],"@id":"https:\/\/shrimataji.org\/test\/#\/schema\/person\/a1b3419c6585f164aa96da1ff85715d1","name":"Nirmala Shrivastava","image":{"@type":"ImageObject","inLanguage":"en-US","@id":"https:\/\/shrimataji.org\/test\/wp-content\/uploads\/2023\/02\/SMO_LOGO-03.svg","url":"https:\/\/shrimataji.org\/test\/wp-content\/uploads\/2023\/02\/SMO_LOGO-03.svg","contentUrl":"https:\/\/shrimataji.org\/test\/wp-content\/uploads\/2023\/02\/SMO_LOGO-03.svg","width":"1024","height":"1024","caption":"Nirmala Shrivastava"},"logo":{"@id":"https:\/\/shrimataji.org\/test\/wp-content\/uploads\/2023\/02\/SMO_LOGO-03.svg"},"sameAs":["https:\/\/shrimataji.org\/test","https:\/\/www.facebook.com\/shrimataji","https:\/\/x.com\/shrimataji","https:\/\/www.youtube.com\/@Shri_Mataji_Nirmala_Devi\/featured"]}]}},"lang":"tr","translations":{"tr":10148,"ur":37411,"en":8414,"am":18348,"th":19917,"hu":19457,"sq":18383,"zh":17280,"hi":8389,"pt":10361,"de":10635,"fr":10733,"it":10831,"es":10928,"ja":11225,"ru":11413,"bn":11605,"te":11713,"sw":11836,"he":11984,"el":12275,"sk":12373,"fa":12471,"fi":12569,"bg":13361,"ro":14435,"cs":14628,"nl":16543,"ku":16703,"ar":16879,"be":18590,"kn":18864,"mr":20281,"uk":20573,"ml":20872,"ta":22698,"sv":22971,"gu":28819,"pa":28977,"fil":29417,"da":37725,"pl":37942,"nn":38277},"pll_sync_post":[],"_links":{"self":[{"href":"https:\/\/shrimataji.org\/test\/wp-json\/wp\/v2\/pages\/10148","targetHints":{"allow":["GET"]}}],"collection":[{"href":"https:\/\/shrimataji.org\/test\/wp-json\/wp\/v2\/pages"}],"about":[{"href":"https:\/\/shrimataji.org\/test\/wp-json\/wp\/v2\/types\/page"}],"author":[{"embeddable":true,"href":"https:\/\/shrimataji.org\/test\/wp-json\/wp\/v2\/users\/12"}],"replies":[{"embeddable":true,"href":"https:\/\/shrimataji.org\/test\/wp-json\/wp\/v2\/comments?post=10148"}],"version-history":[{"count":0,"href":"https:\/\/shrimataji.org\/test\/wp-json\/wp\/v2\/pages\/10148\/revisions"}],"wp:featuredmedia":[{"embeddable":true,"href":"https:\/\/shrimataji.org\/test\/wp-json\/wp\/v2\/media\/9507"}],"wp:attachment":[{"href":"https:\/\/shrimataji.org\/test\/wp-json\/wp\/v2\/media?parent=10148"}],"curies":[{"name":"wp","href":"https:\/\/api.w.org\/{rel}","templated":true}]}}