{"id":10149,"date":"2011-02-12T02:00:00","date_gmt":"2011-02-12T02:00:00","guid":{"rendered":"http:\/\/testwordpress.nirmalnagari.org\/smnd\/index.php\/ecology\/"},"modified":"2024-07-12T00:01:57","modified_gmt":"2024-07-12T00:01:57","slug":"ekoloji","status":"publish","type":"page","link":"https:\/\/shrimataji.org\/test\/tr\/ekoloji\/","title":{"rendered":"Ekoloji"},"content":{"rendered":"\n\n\t<h1>Ekoloji<\/h1>\n<h2>Do\u011fal Denge<\/h2>\n\t<div class=\"su-quote su-quote-style-default\"><div class=\"su-quote-inner su-u-clearfix su-u-trim\"> Toprak Ana&#8217;ya nas\u0131l sayg\u0131 go\u0308stereceg\u0306imizi bilmiyorsak, kendimize nas\u0131l sayg\u0131 go\u0308stereceg\u0306imizi bilmiyoruz demektir.<\/div><\/div>\n<p>Shri Mataji&#8217;nin dog\u0306aya dair vizyonu, hayat veren, yas\u0327am\u0131 devam ettiren, sayg\u0131 duyulan, hatta hu\u0308rmet edilen, canl\u0131 bir varl\u0131k olan bir Toprak Ana&#8217;d\u0131r. Bir keresinde, tu\u0308m Hintli c\u0327ocuklara o\u0308g\u0306retildig\u0306i gibi kendisine ve kardes\u0327lerine de, Toprak Ana&#8217;dan sabahlar\u0131 nas\u0131l af dilemeleri gerektig\u0306inin o\u0308g\u0306retildig\u0306ini ac\u0327\u0131klad\u0131: &#8220;C\u0327u\u0308nku\u0308 ona ayaklar\u0131m\u0131zla dokunuyorduk.&#8221;<\/p>\n<p>Shri Mataji, daha huzurlu ve daha az ego merkezli bir zihin durumu sag\u0306lamak ic\u0327in insanlar\u0131n ic\u0327sel potansiyelini uyand\u0131rmak u\u0308zere yaklas\u0327\u0131k 40 y\u0131l boyunca tu\u0308m du\u0308nyay\u0131 dolas\u0327t\u0131. Konferanslar\u0131na ve meditasyon oturumlar\u0131na gelen insanlar ruhani aray\u0131s\u0327 ic\u0327indeydiler ve kis\u0327inin, kendisinin dog\u0306ayla olan kars\u0327\u0131l\u0131kl\u0131 ilis\u0327kisinin tam olarak fark\u0131nda olmadan, ruhani olarak gelis\u0327emeyeceg\u0306ini onlara ac\u0327\u0131kc\u0327a belirtmis\u0327tir.<\/p>\n<p>Shri Mataji, k\u0131rk y\u0131l o\u0308nceden bas\u0327layarak bugu\u0308n kritik hale gelen konularla ilgilenmeye bas\u0327lad\u0131. As\u0327\u0131r\u0131 plastik u\u0308retimi, nu\u0308kleer gu\u0308cu\u0308n tehlikeleri, tar\u0131msal so\u0308mu\u0308ru\u0308, arac\u0327lar\u0131n yaratt\u0131g\u0306\u0131 kirlilik, denizlerimizin, go\u0308llerimizin ve nehirlerimizin kirlenmesi gibi&#8230;<\/p>\n\t\t\t\t<img loading=\"lazy\" decoding=\"async\" src=\"https:\/\/shrimataji.org\/test\/wp-content\/uploads\/2018\/07\/media_originals\/images\/flowers\/purple-flowers-by-vera-subkus-300x300.jpg\" alt=\"\" height=\"300\" width=\"300\" \/>\n\t\t\t\t<img loading=\"lazy\" decoding=\"async\" src=\"https:\/\/shrimataji.org\/test\/wp-content\/uploads\/2024\/07\/wentworth-falls-artwork-by-meredith-cooper.jpg\" alt=\"Wentworth \u015eelalesi, Meredith Cooper&#039;\u0131n Eseri\" height=\"1000\" width=\"993\" title=\"wentworth-falls-artwork-by-meredith-cooper\" \/>\n\t\tWentworth \u015eelalesi, Meredith Cooper&#8217;\u0131n Eseri\n\t<p>Belirli kos\u0327ullar alt\u0131nda yararl\u0131 olduklar\u0131n\u0131 inkar etmeksizin, plastiklerin as\u0327\u0131r\u0131 kullan\u0131m\u0131n\u0131 ve dog\u0306aya korkunc\u0327 bir s\u0327ekilde nu\u0308fuz etmelerini eles\u0327tirdi. &#8220;Plastiklerin yap\u0131lmas\u0131 ve u\u0308retimi ile mes\u0327gul olanlar mali durumlar\u0131n\u0131 multimilyoner olarak gelis\u0327tiriyor ve bu\u0308yu\u0308tu\u0308yorlar&#8221; diye ac\u0327\u0131klama yapm\u0131s\u0327t\u0131r. Dig\u0306er yandan bu ak\u0131ls\u0131zca tu\u0308ketim, plastik dag\u0306lar\u0131 yarat\u0131yor ve bu sadece c\u0327irkin olmakla kalmay\u0131p varl\u0131klar\u0131yla atmosfere de zarar veren bu insan yap\u0131m\u0131 dag\u0306lar\u0131 yok etme sorununu nas\u0131l c\u0327o\u0308zeceklerini onlar bilmiyorlar. Plastiklerin ve sentetik liflerin as\u0327\u0131r\u0131 s\u0327ekilde u\u0308retilmesi elbette ki, moda kavram\u0131n\u0131n ko\u0308ru\u0308kledig\u0306i du\u0308rtu\u0308sel tu\u0308keticilig\u0306in ciddi bir yan u\u0308ru\u0308nu\u0308du\u0308r.&#8221;<\/p>\n<p>Shri Mataji ayr\u0131ca C\u0327ernobil ve Fukus\u0327ima trajedilerinden c\u0327ok daha o\u0308nce, nu\u0308kleer enerji alan\u0131nda ihtiyatl\u0131 olma c\u0327ag\u0306r\u0131s\u0131nda bulunmus\u0327tur. &#8220;S\u0327imdi, C\u0327ernobil bu\u0308yu\u0308k, c\u0327ok bu\u0308yu\u0308k bir sorun oldu. Ve bu bizim atom enerjisiyle c\u0327ok fazla ug\u0306ras\u0327mamam\u0131z gerektig\u0306ine dair bizler ic\u0327in bir dersti.&#8221; O&#8217;na go\u0308re, nu\u0308kleer fu\u0308zyon, bir c\u0327ekirdeg\u0306in dog\u0306al bu\u0308tu\u0308nlu\u0308g\u0306u\u0308ne yap\u0131lan bir sald\u0131r\u0131d\u0131r, bu da ortaya c\u0327\u0131kan enerjinin su\u0308ptil seviyedeki y\u0131k\u0131c\u0131 yan u\u0308ru\u0308nlerini ac\u0327\u0131k bir s\u0327ekilde izah eder.<\/p>\n\t<p>Enerji tu\u0308ketimi hususunda, modern savurgan tutuma kars\u0327\u0131 bizi uyard\u0131 ve gu\u0308ndelik hayat\u0131m\u0131zda ekonomik bir yaklas\u0327\u0131m go\u0308sterilmesini tes\u0327vik etti. Herkes &#8220;elektrik, telefon, su ya da herhangi bir s\u0327ey ic\u0327in, ne kadar enerji kulland\u0131g\u0306\u0131n\u0131n bilincinde olmal\u0131d\u0131r&#8221; dedi. &#8220;Bu konuda tutumlu olmal\u0131s\u0131n\u0131z. Toprak Ana&#8217;n\u0131n enerjisini korumaya c\u0327al\u0131s\u0327may\u0131 gu\u0308nlu\u0308k yas\u0327am\u0131n\u0131zda hayat\u0131n\u0131z\u0131n bir parc\u0327as\u0131 olarak benimsemelisiniz. Bu c\u0327ok o\u0308nemlidir.&#8221;<\/p>\n<p>Shri Mataji, birkac\u0327 kez yolda ayn\u0131 istikamette ic\u0327inde tek bir yolcuyla ilerleyen otomobillerin say\u0131s\u0131na dikkat c\u0327ekmis\u0327tir. Gereksiz kirlilig\u0306i azaltmak ve c\u0327evre sorumlulug\u0306umuzla ilgili daha kolektif bir tutum olus\u0327turmak u\u0308zere, arabalar\u0131n ortak kullan\u0131lmas\u0131n\u0131 o\u0308nermis\u0327tir. S\u0131k s\u0131k bu telas\u0327 ic\u0327indeki du\u0308nyada, dog\u0306an\u0131n inceliklerini kes\u0327fetmenin dig\u0306er bir yolu olarak yu\u0308ru\u0308meyi tavsiye etmis\u0327tir.<\/p>\n\t<p>So\u0308zlerinin o\u0308tesinde Shri Mataji&#8217;nin s\u0327ah\u0131s olarak sergiledig\u0306i o\u0308rnek, belki de onun o\u0308g\u0306retisindeki en gu\u0308c\u0327lu\u0308 etki olmus\u0327tur. Ziyaret ettig\u0306i her yerde, yerel zanaatkarlarla tan\u0131s\u0327arak ve el sanat\u0131 u\u0308ru\u0308nler sat\u0131n alarak onlar\u0131 desteklemis\u0327tir. Zanaatkarlar\u0131n c\u0327al\u0131s\u0327malar\u0131n\u0131n en o\u0308nemsiz detaylar\u0131na, kullan\u0131lan malzemelere, mens\u0327eilerine, c\u0327al\u0131s\u0327ma s\u0327artlar\u0131na ve onlar\u0131n ailelerinin yas\u0327am standartlar\u0131na ilgi go\u0308stermis\u0327tir.<\/p>\n\t<div class=\"su-quote su-quote-style-default\"><div class=\"su-quote-inner su-u-clearfix su-u-trim\">Makine \u00fcretimi ve insan yap\u0131m\u0131 \u015feyler aras\u0131ndaki dengeyi de\u011fi\u015ftirmeli ve do\u011fal olan \u015feyleri daha fazla almal\u0131y\u0131z.<\/div><\/div>\n\t<p>S\u0131k s\u0131k el yap\u0131m\u0131 u\u0308ru\u0308nlerin ekolojik ve ekonomik deg\u0306erine dikkat c\u0327ekti. Bu u\u0308ru\u0308nlerinin sat\u0131n al\u0131nmas\u0131 sayesinde tu\u0308keticiler bu\u0308yu\u0308k endu\u0308striyel lobilerin, modan\u0131n ve kullan-at ku\u0308ltu\u0308ru\u0308nu\u0308n getirdig\u0306i ko\u0308lelig\u0306in zincirlerini k\u0131r\u0131yorlar. Bu as\u0327\u0131r\u0131 tu\u0308ketimi de azalt\u0131r ve is\u0327 yarat\u0131r. Harcanan emek ve zaman nedeniyle el yap\u0131m\u0131 u\u0308ru\u0308nler, makineler taraf\u0131ndan yap\u0131lan toplu u\u0308retim u\u0308ru\u0308nlerden daha maliyetlidir. Ancak bu durum, tu\u0308keticilerin onlar\u0131 atmak yerine, onlara deg\u0306er vermesi anlam\u0131na gelir.<\/p>\n<p>Ayn\u0131 zamanda, endu\u0308striyel u\u0308retimin ve makinelerin yararl\u0131 oldug\u0306unu belirtmis\u0327 ama el yap\u0131m\u0131 ile makine yap\u0131m\u0131 aras\u0131nda bir denge kurulmas\u0131 gerektig\u0306inde \u0131srar etmis\u0327tir. &#8220;Makineler kamu is\u0327i olan her s\u0327ey ic\u0327in kullan\u0131lmal\u0131d\u0131r&#8221; s\u0327eklinde o\u0308neride bulunmus\u0327tur. &#8220;Motorlu arac\u0327lar\u0131n\u0131z, trenleriniz, tramvaylar\u0131n\u0131z ve d\u0131s\u0327ar\u0131da halk\u0131n kulland\u0131g\u0306\u0131 s\u0327eyler ic\u0327in makine u\u0308retimi kullan\u0131labilir, evde siz en fazla makine kullanabilirsiniz. Ama kis\u0327isel s\u0327eyler ic\u0327in el yap\u0131m\u0131 s\u0327eyler, el is\u0327i s\u0327eyler kullanmal\u0131s\u0131n\u0131z. Ruhani insanlar, sizler el yap\u0131m\u0131 veya gerc\u0327ek olan bir s\u0327eyi giymeyi seversiniz.&#8221;<\/p>\n<p>Bug\u00fcn d\u00fcnyam\u0131z, iklim de\u011fi\u015fikli\u011fi konusunda kritik bir d\u00f6n\u00fcm noktas\u0131ndad\u0131r ve bu nedenle benzeri g\u00f6r\u00fclmemi\u015f boyutlarda k\u00fcresel bir ekolojik felaketin tehdidi alt\u0131ndad\u0131r. Mevcut bilimsel \u00e7al\u0131\u015fmalar, insanl\u0131\u011f\u0131n sanayi \u00e7a\u011f\u0131n\u0131n ba\u015flang\u0131c\u0131ndan bu yana de\u011fi\u015fen \u00f6nceliklerinin, k\u00fcresel \u00e7evre bozulmas\u0131na dramatik bir \u015fekilde katk\u0131da bulundu\u011funu ve yaln\u0131zca t\u00fcm insan \u0131rk\u0131n\u0131n, s\u00fcrd\u00fcr\u00fclebilir bir ya\u015fam tarz\u0131na uyum sa\u011flamak \u00fczere, ortak bir \u00e7abas\u0131n\u0131n bizleri kap\u0131m\u0131zda haz\u0131r bekleyen bu tehlikeden kurtarabilece\u011fini a\u00e7\u0131k\u00e7a g\u00f6stermektedir.<\/p>\n<p>Sahaja Yoga meditasyon deneyimi bireylerin fedakar bir ya\u015fam tarz\u0131n\u0131 benimsemeleri, bundan keyif almalar\u0131 ve do\u011fa ile uyum i\u00e7inde ya\u015famalar\u0131n\u0131 sa\u011flayan b\u00fct\u00fcnsel bir beden, zihin ve ruh dengesi kurar. Sahaja Yoga yoluyla kolayl\u0131kla elde edilebilecek bu davran\u0131\u015fsal d\u00f6n\u00fc\u015f\u00fcm\u00fcn \u00f6tesinde Shri Mataji, Tabiat Ana&#8217;n\u0131n ya\u015fam g\u00fcc\u00fcn\u00fc yenilemek ve do\u011fal ekolojik b\u00fcy\u00fcmeyi te\u015fvik etmek i\u00e7in Sahaja Yoga uygulay\u0131c\u0131s\u0131n\u0131n fark\u0131ndal\u0131\u011f\u0131n\u0131n bir par\u00e7as\u0131 haline gelen s\u00fcptil titre\u015fim enerjisinin kullan\u0131lmas\u0131n\u0131 tavsiye etmi\u015ftir. D\u00fcnya \u00e7ap\u0131nda Sahaja Yogiler taraf\u0131ndan y\u00fcr\u00fct\u00fclen buna benzer binlerce tar\u0131msal deney<a href=\"#citation-ref-1\">[1]<\/a> biyosferimizi iyile\u015ftirmede ve \u00e7evreye zararl\u0131 kimyasal g\u00fcbrelere olan ba\u011f\u0131ml\u0131l\u0131\u011f\u0131m\u0131z\u0131 azaltmada \u015fa\u015f\u0131rt\u0131c\u0131 sonu\u00e7lar ortaya koymu\u015ftur.<\/p>\n<p>Shri Mataji&#8217;nin denge ic\u0327inde bir du\u0308nya vizyonu, kendi ic\u0327inde dengede olan insanlarla bas\u0327lar. Ancak bu ic\u0327 denge kuruldug\u0306u zaman, insanlar c\u0327evreyi ve hepimizi destekleyen Toprak Ana ile uyumlu ve sayg\u0131l\u0131 bir ilis\u0327ki kurabilirler.<\/p>\n\t<h5>&#8220;D\u00fcnya, her insan\u0131n ihtiyac\u0131n\u0131 kar\u015f\u0131lamaya yetecek olan\u0131 sa\u011flar, ama her insan\u0131n a\u00e7g\u00f6zl\u00fcl\u00fc\u011f\u00fcn\u00fc tatmin edecek olan\u0131 de\u011fil.&#8221;<\/h5>\n<h5>Mahatma Gandhi<\/h5>\n\t<p>&nbsp;<\/p>\n<hr \/>\n<h3><a href=\"#citation-ref-1\" name=\"_ftn1\">[1]<\/a> <a href=\"https:\/\/sahajakrishi.in\/\">https:\/\/sahajakrishi.in\/<\/a><\/h3>\n\n","protected":false},"excerpt":{"rendered":"<p>Ekoloji Do\u011fal Denge Shri Mataji&#8217;nin dog\u0306aya dair vizyonu, hayat veren, yas\u0327am\u0131 devam ettiren, sayg\u0131 duyulan, hatta hu\u0308rmet edilen, canl\u0131 bir varl\u0131k olan bir Toprak Ana&#8217;d\u0131r. Bir keresinde, tu\u0308m Hintli c\u0327ocuklara o\u0308g\u0306retildig\u0306i gibi kendisine ve kardes\u0327lerine de, Toprak Ana&#8217;dan sabahlar\u0131 nas\u0131l af dilemeleri gerektig\u0306inin o\u0308g\u0306retildig\u0306ini ac\u0327\u0131klad\u0131: &#8220;C\u0327u\u0308nku\u0308 ona ayaklar\u0131m\u0131zla dokunuyorduk.&#8221; Shri Mataji, daha huzurlu ve daha&hellip; <br \/> <a class=\"read-more\" href=\"https:\/\/shrimataji.org\/test\/tr\/ekoloji\/\">Read more<\/a><\/p>\n","protected":false},"author":12,"featured_media":126,"parent":0,"menu_order":0,"comment_status":"closed","ping_status":"closed","template":"pro\/page-templates\/full-width-page.php","meta":{"inline_featured_image":false,"footnotes":""},"class_list":["post-10149","page","type-page","status-publish","has-post-thumbnail","hentry"],"yoast_head":"<!-- This site is optimized with the Yoast SEO plugin v27.4 - https:\/\/yoast.com\/product\/yoast-seo-wordpress\/ -->\n<title>Ekoloji - TEST - SMND<\/title>\n<meta name=\"robots\" content=\"noindex, follow, max-snippet:-1, max-image-preview:large, max-video-preview:-1\" \/>\n<meta property=\"og:locale\" content=\"en_US\" \/>\n<meta property=\"og:type\" content=\"article\" \/>\n<meta property=\"og:title\" content=\"Ekoloji - TEST - SMND\" \/>\n<meta property=\"og:description\" content=\"Ekoloji Do\u011fal Denge Shri Mataji&#8217;nin dog\u0306aya dair vizyonu, hayat veren, yas\u0327am\u0131 devam ettiren, sayg\u0131 duyulan, hatta hu\u0308rmet edilen, canl\u0131 bir varl\u0131k olan bir Toprak Ana&#8217;d\u0131r. Bir keresinde, tu\u0308m Hintli c\u0327ocuklara o\u0308g\u0306retildig\u0306i gibi kendisine ve kardes\u0327lerine de, Toprak Ana&#8217;dan sabahlar\u0131 nas\u0131l af dilemeleri gerektig\u0306inin o\u0308g\u0306retildig\u0306ini ac\u0327\u0131klad\u0131: &#8220;C\u0327u\u0308nku\u0308 ona ayaklar\u0131m\u0131zla dokunuyorduk.&#8221; Shri Mataji, daha huzurlu ve daha&hellip; Read more\" \/>\n<meta property=\"og:url\" content=\"https:\/\/shrimataji.org\/test\/tr\/ekoloji\/\" \/>\n<meta property=\"og:site_name\" content=\"TEST - SMND\" \/>\n<meta property=\"article:publisher\" content=\"https:\/\/www.facebook.com\/shrimataji\" \/>\n<meta property=\"article:modified_time\" content=\"2024-07-12T00:01:57+00:00\" \/>\n<meta property=\"og:image\" content=\"https:\/\/shrimataji.org\/test\/wp-content\/uploads\/2018\/07\/media_originals\/images\/headers-general\/shri-mataji-at-the-krishna-river-in-brahmapuri-india-1985.jpg\" \/>\n\t<meta property=\"og:image:width\" content=\"990\" \/>\n\t<meta property=\"og:image:height\" content=\"350\" \/>\n\t<meta property=\"og:image:type\" content=\"image\/jpeg\" \/>\n<meta name=\"twitter:card\" content=\"summary_large_image\" \/>\n<meta name=\"twitter:site\" content=\"@shrimataji\" \/>\n<script type=\"application\/ld+json\" class=\"yoast-schema-graph\">{\"@context\":\"https:\\\/\\\/schema.org\",\"@graph\":[{\"@type\":\"WebPage\",\"@id\":\"https:\\\/\\\/shrimataji.org\\\/test\\\/tr\\\/ekoloji\\\/\",\"url\":\"https:\\\/\\\/shrimataji.org\\\/test\\\/tr\\\/ekoloji\\\/\",\"name\":\"Ekoloji - TEST - SMND\",\"isPartOf\":{\"@id\":\"https:\\\/\\\/shrimataji.org\\\/test\\\/#website\"},\"primaryImageOfPage\":{\"@id\":\"https:\\\/\\\/shrimataji.org\\\/test\\\/tr\\\/ekoloji\\\/#primaryimage\"},\"image\":{\"@id\":\"https:\\\/\\\/shrimataji.org\\\/test\\\/tr\\\/ekoloji\\\/#primaryimage\"},\"thumbnailUrl\":\"https:\\\/\\\/shrimataji.org\\\/test\\\/wp-content\\\/uploads\\\/2018\\\/07\\\/media_originals\\\/images\\\/headers-general\\\/shri-mataji-at-the-krishna-river-in-brahmapuri-india-1985.jpg\",\"datePublished\":\"2011-02-12T02:00:00+00:00\",\"dateModified\":\"2024-07-12T00:01:57+00:00\",\"breadcrumb\":{\"@id\":\"https:\\\/\\\/shrimataji.org\\\/test\\\/tr\\\/ekoloji\\\/#breadcrumb\"},\"inLanguage\":\"en-US\",\"potentialAction\":[{\"@type\":\"ReadAction\",\"target\":[\"https:\\\/\\\/shrimataji.org\\\/test\\\/tr\\\/ekoloji\\\/\"]}]},{\"@type\":\"ImageObject\",\"inLanguage\":\"en-US\",\"@id\":\"https:\\\/\\\/shrimataji.org\\\/test\\\/tr\\\/ekoloji\\\/#primaryimage\",\"url\":\"https:\\\/\\\/shrimataji.org\\\/test\\\/wp-content\\\/uploads\\\/2018\\\/07\\\/media_originals\\\/images\\\/headers-general\\\/shri-mataji-at-the-krishna-river-in-brahmapuri-india-1985.jpg\",\"contentUrl\":\"https:\\\/\\\/shrimataji.org\\\/test\\\/wp-content\\\/uploads\\\/2018\\\/07\\\/media_originals\\\/images\\\/headers-general\\\/shri-mataji-at-the-krishna-river-in-brahmapuri-india-1985.jpg\",\"width\":990,\"height\":350},{\"@type\":\"BreadcrumbList\",\"@id\":\"https:\\\/\\\/shrimataji.org\\\/test\\\/tr\\\/ekoloji\\\/#breadcrumb\",\"itemListElement\":[{\"@type\":\"ListItem\",\"position\":1,\"name\":\"Home\",\"item\":\"https:\\\/\\\/shrimataji.org\\\/test\\\/uk\\\/home-en\\\/\"},{\"@type\":\"ListItem\",\"position\":2,\"name\":\"Ekoloji\"}]},{\"@type\":\"WebSite\",\"@id\":\"https:\\\/\\\/shrimataji.org\\\/test\\\/#website\",\"url\":\"https:\\\/\\\/shrimataji.org\\\/test\\\/\",\"name\":\"Shri Mataji Nirmala Devi\",\"description\":\"A Life Dedicated to Humanity\",\"publisher\":{\"@id\":\"https:\\\/\\\/shrimataji.org\\\/test\\\/#\\\/schema\\\/person\\\/a1b3419c6585f164aa96da1ff85715d1\"},\"potentialAction\":[{\"@type\":\"SearchAction\",\"target\":{\"@type\":\"EntryPoint\",\"urlTemplate\":\"https:\\\/\\\/shrimataji.org\\\/test\\\/?s={search_term_string}\"},\"query-input\":{\"@type\":\"PropertyValueSpecification\",\"valueRequired\":true,\"valueName\":\"search_term_string\"}}],\"inLanguage\":\"en-US\"},{\"@type\":[\"Person\",\"Organization\"],\"@id\":\"https:\\\/\\\/shrimataji.org\\\/test\\\/#\\\/schema\\\/person\\\/a1b3419c6585f164aa96da1ff85715d1\",\"name\":\"Nirmala Shrivastava\",\"image\":{\"@type\":\"ImageObject\",\"inLanguage\":\"en-US\",\"@id\":\"https:\\\/\\\/shrimataji.org\\\/test\\\/wp-content\\\/uploads\\\/2023\\\/02\\\/SMO_LOGO-03.svg\",\"url\":\"https:\\\/\\\/shrimataji.org\\\/test\\\/wp-content\\\/uploads\\\/2023\\\/02\\\/SMO_LOGO-03.svg\",\"contentUrl\":\"https:\\\/\\\/shrimataji.org\\\/test\\\/wp-content\\\/uploads\\\/2023\\\/02\\\/SMO_LOGO-03.svg\",\"width\":\"1024\",\"height\":\"1024\",\"caption\":\"Nirmala Shrivastava\"},\"logo\":{\"@id\":\"https:\\\/\\\/shrimataji.org\\\/test\\\/wp-content\\\/uploads\\\/2023\\\/02\\\/SMO_LOGO-03.svg\"},\"sameAs\":[\"https:\\\/\\\/shrimataji.org\\\/test\",\"https:\\\/\\\/www.facebook.com\\\/shrimataji\",\"https:\\\/\\\/x.com\\\/shrimataji\",\"https:\\\/\\\/www.youtube.com\\\/@Shri_Mataji_Nirmala_Devi\\\/featured\"]}]}<\/script>\n<!-- \/ Yoast SEO plugin. -->","yoast_head_json":{"title":"Ekoloji - TEST - SMND","robots":{"index":"noindex","follow":"follow","max-snippet":"max-snippet:-1","max-image-preview":"max-image-preview:large","max-video-preview":"max-video-preview:-1"},"og_locale":"en_US","og_type":"article","og_title":"Ekoloji - TEST - SMND","og_description":"Ekoloji Do\u011fal Denge Shri Mataji&#8217;nin dog\u0306aya dair vizyonu, hayat veren, yas\u0327am\u0131 devam ettiren, sayg\u0131 duyulan, hatta hu\u0308rmet edilen, canl\u0131 bir varl\u0131k olan bir Toprak Ana&#8217;d\u0131r. Bir keresinde, tu\u0308m Hintli c\u0327ocuklara o\u0308g\u0306retildig\u0306i gibi kendisine ve kardes\u0327lerine de, Toprak Ana&#8217;dan sabahlar\u0131 nas\u0131l af dilemeleri gerektig\u0306inin o\u0308g\u0306retildig\u0306ini ac\u0327\u0131klad\u0131: &#8220;C\u0327u\u0308nku\u0308 ona ayaklar\u0131m\u0131zla dokunuyorduk.&#8221; Shri Mataji, daha huzurlu ve daha&hellip; Read more","og_url":"https:\/\/shrimataji.org\/test\/tr\/ekoloji\/","og_site_name":"TEST - SMND","article_publisher":"https:\/\/www.facebook.com\/shrimataji","article_modified_time":"2024-07-12T00:01:57+00:00","og_image":[{"width":990,"height":350,"url":"https:\/\/shrimataji.org\/test\/wp-content\/uploads\/2018\/07\/media_originals\/images\/headers-general\/shri-mataji-at-the-krishna-river-in-brahmapuri-india-1985.jpg","type":"image\/jpeg"}],"twitter_card":"summary_large_image","twitter_site":"@shrimataji","schema":{"@context":"https:\/\/schema.org","@graph":[{"@type":"WebPage","@id":"https:\/\/shrimataji.org\/test\/tr\/ekoloji\/","url":"https:\/\/shrimataji.org\/test\/tr\/ekoloji\/","name":"Ekoloji - TEST - SMND","isPartOf":{"@id":"https:\/\/shrimataji.org\/test\/#website"},"primaryImageOfPage":{"@id":"https:\/\/shrimataji.org\/test\/tr\/ekoloji\/#primaryimage"},"image":{"@id":"https:\/\/shrimataji.org\/test\/tr\/ekoloji\/#primaryimage"},"thumbnailUrl":"https:\/\/shrimataji.org\/test\/wp-content\/uploads\/2018\/07\/media_originals\/images\/headers-general\/shri-mataji-at-the-krishna-river-in-brahmapuri-india-1985.jpg","datePublished":"2011-02-12T02:00:00+00:00","dateModified":"2024-07-12T00:01:57+00:00","breadcrumb":{"@id":"https:\/\/shrimataji.org\/test\/tr\/ekoloji\/#breadcrumb"},"inLanguage":"en-US","potentialAction":[{"@type":"ReadAction","target":["https:\/\/shrimataji.org\/test\/tr\/ekoloji\/"]}]},{"@type":"ImageObject","inLanguage":"en-US","@id":"https:\/\/shrimataji.org\/test\/tr\/ekoloji\/#primaryimage","url":"https:\/\/shrimataji.org\/test\/wp-content\/uploads\/2018\/07\/media_originals\/images\/headers-general\/shri-mataji-at-the-krishna-river-in-brahmapuri-india-1985.jpg","contentUrl":"https:\/\/shrimataji.org\/test\/wp-content\/uploads\/2018\/07\/media_originals\/images\/headers-general\/shri-mataji-at-the-krishna-river-in-brahmapuri-india-1985.jpg","width":990,"height":350},{"@type":"BreadcrumbList","@id":"https:\/\/shrimataji.org\/test\/tr\/ekoloji\/#breadcrumb","itemListElement":[{"@type":"ListItem","position":1,"name":"Home","item":"https:\/\/shrimataji.org\/test\/uk\/home-en\/"},{"@type":"ListItem","position":2,"name":"Ekoloji"}]},{"@type":"WebSite","@id":"https:\/\/shrimataji.org\/test\/#website","url":"https:\/\/shrimataji.org\/test\/","name":"Shri Mataji Nirmala Devi","description":"A Life Dedicated to Humanity","publisher":{"@id":"https:\/\/shrimataji.org\/test\/#\/schema\/person\/a1b3419c6585f164aa96da1ff85715d1"},"potentialAction":[{"@type":"SearchAction","target":{"@type":"EntryPoint","urlTemplate":"https:\/\/shrimataji.org\/test\/?s={search_term_string}"},"query-input":{"@type":"PropertyValueSpecification","valueRequired":true,"valueName":"search_term_string"}}],"inLanguage":"en-US"},{"@type":["Person","Organization"],"@id":"https:\/\/shrimataji.org\/test\/#\/schema\/person\/a1b3419c6585f164aa96da1ff85715d1","name":"Nirmala Shrivastava","image":{"@type":"ImageObject","inLanguage":"en-US","@id":"https:\/\/shrimataji.org\/test\/wp-content\/uploads\/2023\/02\/SMO_LOGO-03.svg","url":"https:\/\/shrimataji.org\/test\/wp-content\/uploads\/2023\/02\/SMO_LOGO-03.svg","contentUrl":"https:\/\/shrimataji.org\/test\/wp-content\/uploads\/2023\/02\/SMO_LOGO-03.svg","width":"1024","height":"1024","caption":"Nirmala Shrivastava"},"logo":{"@id":"https:\/\/shrimataji.org\/test\/wp-content\/uploads\/2023\/02\/SMO_LOGO-03.svg"},"sameAs":["https:\/\/shrimataji.org\/test","https:\/\/www.facebook.com\/shrimataji","https:\/\/x.com\/shrimataji","https:\/\/www.youtube.com\/@Shri_Mataji_Nirmala_Devi\/featured"]}]}},"lang":"tr","translations":{"tr":10149,"ur":37413,"en":416,"am":17984,"th":19920,"hu":19459,"sq":18385,"zh":17282,"pt":10362,"de":10636,"fr":10734,"it":10832,"es":10929,"ja":11226,"ru":11414,"bn":11606,"te":11714,"sw":11837,"he":11985,"el":12276,"sk":12374,"fa":12472,"fi":12570,"bg":13513,"ro":14588,"cs":14781,"nl":16545,"ku":16705,"ar":16881,"be":18592,"kn":18866,"mr":20284,"uk":20576,"ml":20875,"ta":22700,"sv":22973,"gu":28821,"pa":28979,"fil":29419,"da":37727,"pl":37944,"nn":38279},"pll_sync_post":[],"_links":{"self":[{"href":"https:\/\/shrimataji.org\/test\/wp-json\/wp\/v2\/pages\/10149","targetHints":{"allow":["GET"]}}],"collection":[{"href":"https:\/\/shrimataji.org\/test\/wp-json\/wp\/v2\/pages"}],"about":[{"href":"https:\/\/shrimataji.org\/test\/wp-json\/wp\/v2\/types\/page"}],"author":[{"embeddable":true,"href":"https:\/\/shrimataji.org\/test\/wp-json\/wp\/v2\/users\/12"}],"replies":[{"embeddable":true,"href":"https:\/\/shrimataji.org\/test\/wp-json\/wp\/v2\/comments?post=10149"}],"version-history":[{"count":0,"href":"https:\/\/shrimataji.org\/test\/wp-json\/wp\/v2\/pages\/10149\/revisions"}],"wp:featuredmedia":[{"embeddable":true,"href":"https:\/\/shrimataji.org\/test\/wp-json\/wp\/v2\/media\/126"}],"wp:attachment":[{"href":"https:\/\/shrimataji.org\/test\/wp-json\/wp\/v2\/media?parent=10149"}],"curies":[{"name":"wp","href":"https:\/\/api.w.org\/{rel}","templated":true}]}}