{"id":10150,"date":"2018-07-10T06:54:42","date_gmt":"2018-07-10T06:54:42","guid":{"rendered":"http:\/\/testwordpress.nirmalnagari.org\/smnd\/index.php\/education-2\/"},"modified":"2024-07-12T00:01:53","modified_gmt":"2024-07-12T00:01:53","slug":"aydinlanmis-bir-egitim","status":"publish","type":"page","link":"https:\/\/shrimataji.org\/test\/tr\/aydinlanmis-bir-egitim\/","title":{"rendered":"Ayd\u0131nlanm\u0131\u015f Bir E\u011fitim"},"content":{"rendered":"\n\n\t<h1>Ayd\u0131nlanm\u0131s\u0327 Bir Eg\u0306itim<\/h1>\n<h2>Manevi Refah\u0131 Beslemek<\/h2>\n\t<div class=\"su-quote su-quote-style-default\"><div class=\"su-quote-inner su-u-clearfix su-u-trim\">Eg\u0306itim, entelektu\u0308el ve duygusal gelis\u0327imin yan\u0131 s\u0131ra c\u0327ocuklar\u0131n ruhsal refah\u0131n\u0131 da kapsamal\u0131d\u0131r.<\/div><\/div>\n\t<h4>C\u0327ocuklar\u0131n dengeli bir eg\u0306itime her zamankinden daha fazla ihtiyac\u0131 var. Bu eg\u0306itim sadece entelektu\u0308el ve duygusal gelis\u0327imi beslememeli, ayn\u0131 zamanda manevi refah\u0131na da hitap etmelidir. C\u0327ocuklar ic\u0327sel kapasitelerini ve gu\u0308c\u0327lerini anlad\u0131klar\u0131nda her ortamda gelis\u0327ebilirler. Odaklanm\u0131s\u0327 dikkat ve ku\u0308resel bak\u0131s\u0327 ac\u0327\u0131s\u0131 ayd\u0131nlanm\u0131s\u0327 bir eg\u0306itimin dig\u0306er iki anahtar\u0131d\u0131r.<\/h4>\n\t<p>Shri Mataji, erken c\u0327ocukluk eg\u0306itimi ile sag\u0306lam bir temel olus\u0327turmaya bu\u0308yu\u0308k o\u0308nem verdi ve bunun ebeveynler ve o\u0308g\u0306retmenler taraf\u0131ndan paylas\u0327\u0131lan kolektif bir su\u0308rec\u0327 olmas\u0131 gerektig\u0306ine inan\u0131yordu. Dog\u0306al c\u0327evre de o\u0308g\u0306retici bir rol oynar. C\u0327ocuklar bitkileri, hayvanlar\u0131 ve korumay\u0131 o\u0308g\u0306rendikc\u0327e Toprak Ana&#8217;ya ve onun deg\u0306erli kaynaklar\u0131na sayg\u0131 duymaya bas\u0327larlar.<\/p>\n\t<h5>&#8220;Sag\u0306lam bir karakter olus\u0327turulamad\u0131g\u0306\u0131 su\u0308rece yaz\u0131 u\u0308zerinde olan bir eg\u0306itiminin hic\u0327bir deg\u0306eri yoktur.&#8221;<\/h5>\n<h5>Mahatma Gandhi<\/h5>\n\t\t\t\t<img loading=\"lazy\" decoding=\"async\" src=\"https:\/\/shrimataji.org\/test\/wp-content\/uploads\/2018\/07\/media_originals\/images\/shri-mataji-with-people\/shri-mataji-nirmala-devi-being-greeted-at-the-train-station-in-rome-italy.jpg\" alt=\"\" height=\"974\" width=\"1500\" \/>\n\t<p>Shri Mataji, o\u0308zsayg\u0131 ve haysiyet duygusunu as\u0327\u0131lamak ic\u0327in disipline, ko\u0308kleri sevgi ve sayg\u0131ya dayanan bir disipline bu\u0308yu\u0308k deg\u0306er verdi. &#8220;C\u0327ocuklar\u0131m\u0131z\u0131n harika insanlar olarak bu\u0308yu\u0308du\u0308g\u0306u\u0308nu\u0308 go\u0308rmek bizim go\u0308revimiz. Bizden daha bu\u0308yu\u0308k&#8221; dedi Shri Mataji. &#8220;Onlar, Du\u0308nya&#8217;ya bakmak zorundalar.&#8221;<\/p>\n<p>Vizyonunu uygulamaya koyan Shri Mataji, o\u0308zu\u0308nde Sahaja Yoga bulunan bir eg\u0306itim sistemi yaratt\u0131. Zorlu bir akademik mu\u0308fredata ek olarak, o\u0308g\u0306renciler du\u0308zenli olarak meditasyon yaparlar. Bu onlar\u0131n dikkatlerini ve odaklanma yeteneklerini gelis\u0327tirmelerinin yan\u0131 s\u0131ra o\u0308zgu\u0308venlerini ve kendilerini anlama duygular\u0131n\u0131 art\u0131rmalar\u0131na da yard\u0131mc\u0131 olur. Du\u0308nyan\u0131n do\u0308rt bir yan\u0131ndan genc\u0327ler Shri Mataji&#8217;nin Hindistan, I\u0307talya, Kanada, Avusturya, Amerika Birles\u0327ik Devletleri, C\u0327ek Cumhuriyeti, Rusya ve Avustralya&#8217;daki okullar\u0131nda gelis\u0327iyor ve burada derin ilis\u0327kiler kurmaya devam ediyorlar.<\/p>\n\t<div class=\"su-quote su-quote-style-default\"><div class=\"su-quote-inner su-u-clearfix su-u-trim\">Dharamshala&#8217;daki okulumuzdan gelen \u00e7ocuklar\u0131 g\u00f6rd\u00fcm. Son derece kendilerinden emin ve son derece al\u00e7ak g\u00f6n\u00fcll\u00fcler. Onlara &#8220;Ne yap\u0131yorsunuz?&#8221; diye sordum. Onlar da &#8220;Shri Mataji meditasyon yap\u0131yoruz. Sabah ve ak\u015fam meditasyon yap\u0131yoruz ve bunun bize \u00e7ok faydas\u0131 oluyor.&#8221; dediler.<\/div><\/div>\n\t<p>Bugu\u0308nu\u0308n c\u0327ocuklar\u0131 yar\u0131n\u0131n geleceg\u0306idir ve iyi eg\u0306itime yap\u0131lan yat\u0131r\u0131m, daha iyi bir du\u0308nyaya yap\u0131lan yat\u0131r\u0131mla es\u0327 anlaml\u0131d\u0131r. Ancak okullarda c\u0327ocuklar\u0131n sosyal ve psikolojik sag\u0306l\u0131klar\u0131 giderek daha fazla tehlikeye at\u0131l\u0131yor. Amerika Birles\u0327ik Devletleri&#8217;nde herhangi bir y\u0131lda bes\u0327 c\u0327ocuk ve ergenden en az biri zihinsel sag\u0306l\u0131k sorunu yas\u0327ayabiliyor, on c\u0327ocuk ve ergenden birinin belirli du\u0308zeyde bozulmaya neden olacak kadar s\u0327iddetli ak\u0131l hastal\u0131g\u0306\u0131ndan muzdarip oldug\u0306u tahmin ediliyor.<\/p>\n<p>Meditasyon u\u0308zerine yap\u0131lan bilimsel aras\u0327t\u0131rmalar<a href=\"#citation-ref-1\">[1]<\/a> meditasyonun, okulda, is\u0327yerinde veya evde hayat\u0131m\u0131zdaki rutin dengesizliklerden kaynaklanan stresi o\u0308nlemek ve sonras\u0131nda yo\u0308netmek ic\u0327in kan\u0131tlanm\u0131s\u0327, kan\u0131ta dayal\u0131 bir biyo-spiritu\u0308el mu\u0308dahale oldug\u0306unu ortaya koymaktad\u0131r. Sahaja Yoga Meditasyonu (SYM), kendilig\u0306inden, basit ve zahmetsiz olmas\u0131 nedeniyle benzersiz oldug\u0306unu go\u0308stermis\u0327tir. SYM Meditasyonunun tu\u0308m bu o\u0308zellikleri onu hem c\u0327ocuklar hem de okul o\u0308g\u0306retmenleri aras\u0131nda kabul edilebilir, eg\u0306lenceli ve popu\u0308ler hale getirmis\u0327tir. Ayn\u0131 zamanda o\u0308g\u0306retmenlere, bir ders program\u0131n\u0131 belirli bir zaman c\u0327erc\u0327evesi ic\u0327inde ve kaliteli bir s\u0327ekilde yo\u0308netme ve sunman\u0131n ag\u0306\u0131r yu\u0308ku\u0308yle bas\u0327a c\u0327\u0131kma konusunda bir is\u0327-yas\u0327am dengesi yaklas\u0327\u0131m\u0131 sag\u0306lamada da etkili olmus\u0327tur.<\/p>\n<p>I\u0307c\u0327sel Bar\u0131s\u0327 Projesi (<a href=\"http:\/\/www.innerpeaceday.org\">www.innerpeaceday.org<\/a>) ve Dhyaandhara<a href=\"#citation-ref-2\">[2]<\/a> (Hindistan) gibi c\u0327es\u0327itli giris\u0327imler, Sahaja Yoga Meditasyonu arac\u0131l\u0131g\u0306\u0131yla genel okul sag\u0306l\u0131g\u0306\u0131 ve c\u0327ocuklar\u0131n yas\u0327amlar\u0131n\u0131n faydalar\u0131n\u0131 normal okullara tas\u0327\u0131yor.<\/p>\n\t<hr \/>\n<h3><a href=\"https:\/\/shrimataji.org\/test\/education-2\/#_ftnref1\" name=\"_ftn1\">[1]<\/a>\u00a0https:\/\/researchingmeditation.org\/<\/h3>\n<h3><a href=\"https:\/\/shrimataji.org\/test\/education-2\/#_ftnref2\" name=\"_ftn2\">[2]<\/a> LMP Intercollege Lucknow Hindistan&#8217;da Dhyaandhara E\u011fitimi<\/h3>\n\n","protected":false},"excerpt":{"rendered":"<p>Ayd\u0131nlanm\u0131s\u0327 Bir Eg\u0306itim Manevi Refah\u0131 Beslemek C\u0327ocuklar\u0131n dengeli bir eg\u0306itime her zamankinden daha fazla ihtiyac\u0131 var. Bu eg\u0306itim sadece entelektu\u0308el ve duygusal gelis\u0327imi beslememeli, ayn\u0131 zamanda manevi refah\u0131na da hitap etmelidir. C\u0327ocuklar ic\u0327sel kapasitelerini ve gu\u0308c\u0327lerini anlad\u0131klar\u0131nda her ortamda gelis\u0327ebilirler. Odaklanm\u0131s\u0327 dikkat ve ku\u0308resel bak\u0131s\u0327 ac\u0327\u0131s\u0131 ayd\u0131nlanm\u0131s\u0327 bir eg\u0306itimin dig\u0306er iki anahtar\u0131d\u0131r. Shri Mataji, erken&hellip; <br \/> <a class=\"read-more\" href=\"https:\/\/shrimataji.org\/test\/tr\/aydinlanmis-bir-egitim\/\">Read more<\/a><\/p>\n","protected":false},"author":12,"featured_media":104,"parent":0,"menu_order":0,"comment_status":"closed","ping_status":"closed","template":"pro\/page-templates\/full-width-page.php","meta":{"inline_featured_image":false,"footnotes":""},"class_list":["post-10150","page","type-page","status-publish","has-post-thumbnail","hentry"],"yoast_head":"<!-- This site is optimized with the Yoast SEO plugin v27.4 - https:\/\/yoast.com\/product\/yoast-seo-wordpress\/ -->\n<title>Ayd\u0131nlanm\u0131\u015f Bir E\u011fitim - TEST - SMND<\/title>\n<meta name=\"robots\" content=\"noindex, follow, max-snippet:-1, max-image-preview:large, max-video-preview:-1\" \/>\n<meta property=\"og:locale\" content=\"en_US\" \/>\n<meta property=\"og:type\" content=\"article\" \/>\n<meta property=\"og:title\" content=\"Ayd\u0131nlanm\u0131\u015f Bir E\u011fitim - TEST - SMND\" \/>\n<meta property=\"og:description\" content=\"Ayd\u0131nlanm\u0131s\u0327 Bir Eg\u0306itim Manevi Refah\u0131 Beslemek C\u0327ocuklar\u0131n dengeli bir eg\u0306itime her zamankinden daha fazla ihtiyac\u0131 var. Bu eg\u0306itim sadece entelektu\u0308el ve duygusal gelis\u0327imi beslememeli, ayn\u0131 zamanda manevi refah\u0131na da hitap etmelidir. C\u0327ocuklar ic\u0327sel kapasitelerini ve gu\u0308c\u0327lerini anlad\u0131klar\u0131nda her ortamda gelis\u0327ebilirler. Odaklanm\u0131s\u0327 dikkat ve ku\u0308resel bak\u0131s\u0327 ac\u0327\u0131s\u0131 ayd\u0131nlanm\u0131s\u0327 bir eg\u0306itimin dig\u0306er iki anahtar\u0131d\u0131r. Shri Mataji, erken&hellip; Read more\" \/>\n<meta property=\"og:url\" content=\"https:\/\/shrimataji.org\/test\/tr\/aydinlanmis-bir-egitim\/\" \/>\n<meta property=\"og:site_name\" content=\"TEST - SMND\" \/>\n<meta property=\"article:publisher\" content=\"https:\/\/www.facebook.com\/shrimataji\" \/>\n<meta property=\"article:modified_time\" content=\"2024-07-12T00:01:53+00:00\" \/>\n<meta property=\"og:image\" content=\"https:\/\/shrimataji.org\/test\/wp-content\/uploads\/2018\/07\/media_originals\/images\/headers-general\/students-cheering-in-rajasthan-india.jpg\" \/>\n\t<meta property=\"og:image:width\" content=\"990\" \/>\n\t<meta property=\"og:image:height\" content=\"350\" \/>\n\t<meta property=\"og:image:type\" content=\"image\/jpeg\" \/>\n<meta name=\"twitter:card\" content=\"summary_large_image\" \/>\n<meta name=\"twitter:site\" content=\"@shrimataji\" \/>\n<script type=\"application\/ld+json\" class=\"yoast-schema-graph\">{\"@context\":\"https:\\\/\\\/schema.org\",\"@graph\":[{\"@type\":\"WebPage\",\"@id\":\"https:\\\/\\\/shrimataji.org\\\/test\\\/tr\\\/aydinlanmis-bir-egitim\\\/\",\"url\":\"https:\\\/\\\/shrimataji.org\\\/test\\\/tr\\\/aydinlanmis-bir-egitim\\\/\",\"name\":\"Ayd\u0131nlanm\u0131\u015f Bir E\u011fitim - TEST - SMND\",\"isPartOf\":{\"@id\":\"https:\\\/\\\/shrimataji.org\\\/test\\\/#website\"},\"primaryImageOfPage\":{\"@id\":\"https:\\\/\\\/shrimataji.org\\\/test\\\/tr\\\/aydinlanmis-bir-egitim\\\/#primaryimage\"},\"image\":{\"@id\":\"https:\\\/\\\/shrimataji.org\\\/test\\\/tr\\\/aydinlanmis-bir-egitim\\\/#primaryimage\"},\"thumbnailUrl\":\"https:\\\/\\\/shrimataji.org\\\/test\\\/wp-content\\\/uploads\\\/2018\\\/07\\\/media_originals\\\/images\\\/headers-general\\\/students-cheering-in-rajasthan-india.jpg\",\"datePublished\":\"2018-07-10T06:54:42+00:00\",\"dateModified\":\"2024-07-12T00:01:53+00:00\",\"breadcrumb\":{\"@id\":\"https:\\\/\\\/shrimataji.org\\\/test\\\/tr\\\/aydinlanmis-bir-egitim\\\/#breadcrumb\"},\"inLanguage\":\"en-US\",\"potentialAction\":[{\"@type\":\"ReadAction\",\"target\":[\"https:\\\/\\\/shrimataji.org\\\/test\\\/tr\\\/aydinlanmis-bir-egitim\\\/\"]}]},{\"@type\":\"ImageObject\",\"inLanguage\":\"en-US\",\"@id\":\"https:\\\/\\\/shrimataji.org\\\/test\\\/tr\\\/aydinlanmis-bir-egitim\\\/#primaryimage\",\"url\":\"https:\\\/\\\/shrimataji.org\\\/test\\\/wp-content\\\/uploads\\\/2018\\\/07\\\/media_originals\\\/images\\\/headers-general\\\/students-cheering-in-rajasthan-india.jpg\",\"contentUrl\":\"https:\\\/\\\/shrimataji.org\\\/test\\\/wp-content\\\/uploads\\\/2018\\\/07\\\/media_originals\\\/images\\\/headers-general\\\/students-cheering-in-rajasthan-india.jpg\",\"width\":990,\"height\":350},{\"@type\":\"BreadcrumbList\",\"@id\":\"https:\\\/\\\/shrimataji.org\\\/test\\\/tr\\\/aydinlanmis-bir-egitim\\\/#breadcrumb\",\"itemListElement\":[{\"@type\":\"ListItem\",\"position\":1,\"name\":\"Home\",\"item\":\"https:\\\/\\\/shrimataji.org\\\/test\\\/uk\\\/home-en\\\/\"},{\"@type\":\"ListItem\",\"position\":2,\"name\":\"Ayd\u0131nlanm\u0131\u015f Bir E\u011fitim\"}]},{\"@type\":\"WebSite\",\"@id\":\"https:\\\/\\\/shrimataji.org\\\/test\\\/#website\",\"url\":\"https:\\\/\\\/shrimataji.org\\\/test\\\/\",\"name\":\"Shri Mataji Nirmala Devi\",\"description\":\"A Life Dedicated to Humanity\",\"publisher\":{\"@id\":\"https:\\\/\\\/shrimataji.org\\\/test\\\/#\\\/schema\\\/person\\\/a1b3419c6585f164aa96da1ff85715d1\"},\"potentialAction\":[{\"@type\":\"SearchAction\",\"target\":{\"@type\":\"EntryPoint\",\"urlTemplate\":\"https:\\\/\\\/shrimataji.org\\\/test\\\/?s={search_term_string}\"},\"query-input\":{\"@type\":\"PropertyValueSpecification\",\"valueRequired\":true,\"valueName\":\"search_term_string\"}}],\"inLanguage\":\"en-US\"},{\"@type\":[\"Person\",\"Organization\"],\"@id\":\"https:\\\/\\\/shrimataji.org\\\/test\\\/#\\\/schema\\\/person\\\/a1b3419c6585f164aa96da1ff85715d1\",\"name\":\"Nirmala Shrivastava\",\"image\":{\"@type\":\"ImageObject\",\"inLanguage\":\"en-US\",\"@id\":\"https:\\\/\\\/shrimataji.org\\\/test\\\/wp-content\\\/uploads\\\/2023\\\/02\\\/SMO_LOGO-03.svg\",\"url\":\"https:\\\/\\\/shrimataji.org\\\/test\\\/wp-content\\\/uploads\\\/2023\\\/02\\\/SMO_LOGO-03.svg\",\"contentUrl\":\"https:\\\/\\\/shrimataji.org\\\/test\\\/wp-content\\\/uploads\\\/2023\\\/02\\\/SMO_LOGO-03.svg\",\"width\":\"1024\",\"height\":\"1024\",\"caption\":\"Nirmala Shrivastava\"},\"logo\":{\"@id\":\"https:\\\/\\\/shrimataji.org\\\/test\\\/wp-content\\\/uploads\\\/2023\\\/02\\\/SMO_LOGO-03.svg\"},\"sameAs\":[\"https:\\\/\\\/shrimataji.org\\\/test\",\"https:\\\/\\\/www.facebook.com\\\/shrimataji\",\"https:\\\/\\\/x.com\\\/shrimataji\",\"https:\\\/\\\/www.youtube.com\\\/@Shri_Mataji_Nirmala_Devi\\\/featured\"]}]}<\/script>\n<!-- \/ Yoast SEO plugin. -->","yoast_head_json":{"title":"Ayd\u0131nlanm\u0131\u015f Bir E\u011fitim - TEST - SMND","robots":{"index":"noindex","follow":"follow","max-snippet":"max-snippet:-1","max-image-preview":"max-image-preview:large","max-video-preview":"max-video-preview:-1"},"og_locale":"en_US","og_type":"article","og_title":"Ayd\u0131nlanm\u0131\u015f Bir E\u011fitim - TEST - SMND","og_description":"Ayd\u0131nlanm\u0131s\u0327 Bir Eg\u0306itim Manevi Refah\u0131 Beslemek C\u0327ocuklar\u0131n dengeli bir eg\u0306itime her zamankinden daha fazla ihtiyac\u0131 var. Bu eg\u0306itim sadece entelektu\u0308el ve duygusal gelis\u0327imi beslememeli, ayn\u0131 zamanda manevi refah\u0131na da hitap etmelidir. C\u0327ocuklar ic\u0327sel kapasitelerini ve gu\u0308c\u0327lerini anlad\u0131klar\u0131nda her ortamda gelis\u0327ebilirler. Odaklanm\u0131s\u0327 dikkat ve ku\u0308resel bak\u0131s\u0327 ac\u0327\u0131s\u0131 ayd\u0131nlanm\u0131s\u0327 bir eg\u0306itimin dig\u0306er iki anahtar\u0131d\u0131r. Shri Mataji, erken&hellip; Read more","og_url":"https:\/\/shrimataji.org\/test\/tr\/aydinlanmis-bir-egitim\/","og_site_name":"TEST - SMND","article_publisher":"https:\/\/www.facebook.com\/shrimataji","article_modified_time":"2024-07-12T00:01:53+00:00","og_image":[{"width":990,"height":350,"url":"https:\/\/shrimataji.org\/test\/wp-content\/uploads\/2018\/07\/media_originals\/images\/headers-general\/students-cheering-in-rajasthan-india.jpg","type":"image\/jpeg"}],"twitter_card":"summary_large_image","twitter_site":"@shrimataji","schema":{"@context":"https:\/\/schema.org","@graph":[{"@type":"WebPage","@id":"https:\/\/shrimataji.org\/test\/tr\/aydinlanmis-bir-egitim\/","url":"https:\/\/shrimataji.org\/test\/tr\/aydinlanmis-bir-egitim\/","name":"Ayd\u0131nlanm\u0131\u015f Bir E\u011fitim - TEST - SMND","isPartOf":{"@id":"https:\/\/shrimataji.org\/test\/#website"},"primaryImageOfPage":{"@id":"https:\/\/shrimataji.org\/test\/tr\/aydinlanmis-bir-egitim\/#primaryimage"},"image":{"@id":"https:\/\/shrimataji.org\/test\/tr\/aydinlanmis-bir-egitim\/#primaryimage"},"thumbnailUrl":"https:\/\/shrimataji.org\/test\/wp-content\/uploads\/2018\/07\/media_originals\/images\/headers-general\/students-cheering-in-rajasthan-india.jpg","datePublished":"2018-07-10T06:54:42+00:00","dateModified":"2024-07-12T00:01:53+00:00","breadcrumb":{"@id":"https:\/\/shrimataji.org\/test\/tr\/aydinlanmis-bir-egitim\/#breadcrumb"},"inLanguage":"en-US","potentialAction":[{"@type":"ReadAction","target":["https:\/\/shrimataji.org\/test\/tr\/aydinlanmis-bir-egitim\/"]}]},{"@type":"ImageObject","inLanguage":"en-US","@id":"https:\/\/shrimataji.org\/test\/tr\/aydinlanmis-bir-egitim\/#primaryimage","url":"https:\/\/shrimataji.org\/test\/wp-content\/uploads\/2018\/07\/media_originals\/images\/headers-general\/students-cheering-in-rajasthan-india.jpg","contentUrl":"https:\/\/shrimataji.org\/test\/wp-content\/uploads\/2018\/07\/media_originals\/images\/headers-general\/students-cheering-in-rajasthan-india.jpg","width":990,"height":350},{"@type":"BreadcrumbList","@id":"https:\/\/shrimataji.org\/test\/tr\/aydinlanmis-bir-egitim\/#breadcrumb","itemListElement":[{"@type":"ListItem","position":1,"name":"Home","item":"https:\/\/shrimataji.org\/test\/uk\/home-en\/"},{"@type":"ListItem","position":2,"name":"Ayd\u0131nlanm\u0131\u015f Bir E\u011fitim"}]},{"@type":"WebSite","@id":"https:\/\/shrimataji.org\/test\/#website","url":"https:\/\/shrimataji.org\/test\/","name":"Shri Mataji Nirmala Devi","description":"A Life Dedicated to Humanity","publisher":{"@id":"https:\/\/shrimataji.org\/test\/#\/schema\/person\/a1b3419c6585f164aa96da1ff85715d1"},"potentialAction":[{"@type":"SearchAction","target":{"@type":"EntryPoint","urlTemplate":"https:\/\/shrimataji.org\/test\/?s={search_term_string}"},"query-input":{"@type":"PropertyValueSpecification","valueRequired":true,"valueName":"search_term_string"}}],"inLanguage":"en-US"},{"@type":["Person","Organization"],"@id":"https:\/\/shrimataji.org\/test\/#\/schema\/person\/a1b3419c6585f164aa96da1ff85715d1","name":"Nirmala Shrivastava","image":{"@type":"ImageObject","inLanguage":"en-US","@id":"https:\/\/shrimataji.org\/test\/wp-content\/uploads\/2023\/02\/SMO_LOGO-03.svg","url":"https:\/\/shrimataji.org\/test\/wp-content\/uploads\/2023\/02\/SMO_LOGO-03.svg","contentUrl":"https:\/\/shrimataji.org\/test\/wp-content\/uploads\/2023\/02\/SMO_LOGO-03.svg","width":"1024","height":"1024","caption":"Nirmala Shrivastava"},"logo":{"@id":"https:\/\/shrimataji.org\/test\/wp-content\/uploads\/2023\/02\/SMO_LOGO-03.svg"},"sameAs":["https:\/\/shrimataji.org\/test","https:\/\/www.facebook.com\/shrimataji","https:\/\/x.com\/shrimataji","https:\/\/www.youtube.com\/@Shri_Mataji_Nirmala_Devi\/featured"]}]}},"lang":"tr","translations":{"tr":10150,"ur":37415,"en":398,"am":17986,"th":19923,"hu":19461,"sq":18387,"zh":17284,"hi":8488,"pt":10363,"de":10637,"fr":10735,"it":10833,"es":10930,"ja":11227,"ru":11415,"bn":11607,"te":11715,"sw":11838,"he":11986,"el":12277,"sk":12375,"fa":12473,"fi":12571,"bg":13472,"ro":14544,"cs":14737,"nl":16547,"ku":16707,"ar":16883,"be":18594,"kn":18868,"mr":20287,"uk":20579,"ml":20878,"ta":22702,"sv":22975,"gu":28823,"pa":28981,"fil":29421,"da":37729,"pl":37946,"nn":38281},"pll_sync_post":[],"_links":{"self":[{"href":"https:\/\/shrimataji.org\/test\/wp-json\/wp\/v2\/pages\/10150","targetHints":{"allow":["GET"]}}],"collection":[{"href":"https:\/\/shrimataji.org\/test\/wp-json\/wp\/v2\/pages"}],"about":[{"href":"https:\/\/shrimataji.org\/test\/wp-json\/wp\/v2\/types\/page"}],"author":[{"embeddable":true,"href":"https:\/\/shrimataji.org\/test\/wp-json\/wp\/v2\/users\/12"}],"replies":[{"embeddable":true,"href":"https:\/\/shrimataji.org\/test\/wp-json\/wp\/v2\/comments?post=10150"}],"version-history":[{"count":0,"href":"https:\/\/shrimataji.org\/test\/wp-json\/wp\/v2\/pages\/10150\/revisions"}],"wp:featuredmedia":[{"embeddable":true,"href":"https:\/\/shrimataji.org\/test\/wp-json\/wp\/v2\/media\/104"}],"wp:attachment":[{"href":"https:\/\/shrimataji.org\/test\/wp-json\/wp\/v2\/media?parent=10150"}],"curies":[{"name":"wp","href":"https:\/\/api.w.org\/{rel}","templated":true}]}}