{"id":10151,"date":"2018-07-10T06:54:54","date_gmt":"2018-07-10T06:54:54","guid":{"rendered":"http:\/\/testwordpress.nirmalnagari.org\/smnd\/index.php\/effortless-meditation\/"},"modified":"2024-07-12T00:01:55","modified_gmt":"2024-07-12T00:01:55","slug":"caba-harcamadan-kolay-meditasyon","status":"publish","type":"page","link":"https:\/\/shrimataji.org\/test\/tr\/caba-harcamadan-kolay-meditasyon\/","title":{"rendered":"\u00c7aba Harcamadan Kolay Meditasyon"},"content":{"rendered":"\n\n\t<h1>\u00c7aba Harcamadan Kolay Meditasyon<\/h1>\n<h2>1 Ocak 1980&#8217;de Londra&#8217;da verilen \u00f6neriden bir al\u0131nt\u0131<\/h2>\n\t<p>Ayn\u0131 \u015fekilde vibrasyonlar geliyor, onlar yay\u0131l\u0131yorlar. Yapman\u0131z gereken \u015fey, kendinizi onlara b\u0131rakman\u0131zd\u0131r. Bunun en iyi y\u00f6ntemiyse, hi\u00e7bir \u00e7aba g\u00f6stermemektir.<\/p>\n<p>Probleminizin nerede oldu\u011fu hususunda endi\u015fe etmeyin, yani endi\u015felenmek zorunda de\u011filsiniz. Sadece onun ak\u0131p gitmesine izin verin, sorun kendi kendine d\u00fczelecektir. Yani hi\u00e7 \u00e7aba sarfetmenize gerek yoktur. Meditasyonun anlam\u0131 budur.<\/p>\n<p>Meditasyon kendinizi Tanr\u0131&#8217;n\u0131n rahmetine b\u0131rakman\u0131z anlam\u0131na gelir. Rahmetin kendisi sizi nas\u0131l tedavi edece\u011fini bilir. Sizi nas\u0131l iyile\u015ftirece\u011fini, kendini varl\u0131\u011f\u0131n\u0131z i\u00e7ine nas\u0131l yerle\u015ftirece\u011fini, ruhunuzu nas\u0131l canland\u0131raca\u011f\u0131n\u0131 bilir. O her \u015feyi bilir, bu y\u00fczden ne yapman\u0131z gerekti\u011fi veya hangi ismi s\u00f6ylemeniz, hangi mantralar\u0131 kullanman\u0131z gerekti\u011fi gibi \u015feyler i\u00e7in endi\u015fe etmek zorunda de\u011filsiniz. Meditasyon s\u0131ras\u0131nda hi\u00e7 \u00e7aba g\u00f6stermemelisiniz, kendinizi b\u00fct\u00fcn\u00fcyle b\u0131rak\u0131n ve o s\u0131rada tamam\u0131yla d\u00fc\u015f\u00fcncesiz olmal\u0131s\u0131n\u0131z.<\/p>\n<p>E\u011fer d\u00fc\u015f\u00fcncesiz bir konumda de\u011filseniz, o zamanda sadece kendi d\u00fc\u015f\u00fcncelerinizi izlemelisiniz, ama onlar\u0131n i\u00e7ine girmeyin. Zamanla, g\u00fcne\u015f a\u00e7t\u0131\u011f\u0131 zaman karanl\u0131k nas\u0131l ortadan kalkar, g\u00fcne\u015f \u0131\u015f\u0131nlar\u0131 nas\u0131l her bir zerrenin i\u00e7ine girer ve yeri ayd\u0131nlat\u0131r, anlayacaks\u0131n\u0131z. Ayn\u0131 \u015fekilde sizin varl\u0131\u011f\u0131n\u0131z da tamamen ayd\u0131nlanacakt\u0131r ama o anda, e\u011fer siz kendi i\u00e7inizdeki bir \u015feyi durdurmaya \u00e7al\u0131\u015f\u0131rsan\u0131z, bu ger\u00e7ekle\u015fmez. \u00c7aba sarfetmemek, meditasyona giden tek yoldur, uyur bir halde olmamal\u0131s\u0131n\u0131z. Dikkatli olmal\u0131 ve izlemelisiniz.<\/p>\n<p>Di\u011fer taraftan, insanlar uyuklayabilirler. Fark\u0131nda olmal\u0131s\u0131n\u0131z, e\u011fer uyuklarsan\u0131z bunun size bir yarar\u0131 olmaz. Bu da, bunun di\u011fer bir yan\u0131d\u0131r. E\u011fer bu konuda tembellik ederseniz, bu bir i\u015fe yaramayacakt\u0131r. Fark\u0131nda ve a\u00e7\u0131k olmal\u0131s\u0131n\u0131z, mutlak bir \u015fekilde fark\u0131nda olmal\u0131s\u0131n\u0131z, b\u00fct\u00fcn\u00fcyle \u00e7abas\u0131z, tamamen \u00e7aba g\u00f6stermekten uzak olmal\u0131s\u0131n\u0131z. E\u011fer hi\u00e7 \u00e7aba g\u00f6stermezseniz, meditasyon en g\u00fczel \u015fekliyle ger\u00e7ekle\u015fecektir.&#8221;<\/p>\n\t<p><img loading=\"lazy\" decoding=\"async\" src=\"https:\/\/shrimataji.org\/test\/wp-content\/uploads\/2018\/07\/media_originals\/images\/meditation\/effortless-meditation-and-thoughtless-awareness.jpg\" alt=\"Effortless Meditation and Thoughtless Awareness\" width=\"406\" height=\"272\" align=\"left\" \/><\/p>\n\t<p>&#8220;Kendi problemlerinizle ilgili d\u00fc\u015f\u00fcnmeyin. Kendinizi sadece vibrasyonlara b\u0131rak\u0131n. Ne zaman g\u00fcne\u015f a\u00e7sa, t\u00fcm do\u011fa kendisini g\u00fcne\u015fe b\u0131rak\u0131r ve \u00e7aba sarfetmeden g\u00fcne\u015fin kutsamalar\u0131n\u0131 al\u0131r. Hi\u00e7bir \u00e7aba sarfetmez ve sadece g\u00fcne\u015fi al\u0131r. G\u00fcne\u015fin \u0131\u015f\u0131nlar\u0131 etkilemeye ba\u015flar. Ayn\u0131 \u015fekilde, Her Yan\u0131 Saran G\u00fc\u00e7 de \u00e7al\u0131\u015fmaya ba\u015flar.<\/p>\n<p>Onunla ilgili bir \u00f6nlem alman\u0131za gerek yok, bununla ilgili olarak hi\u00e7bir \u015fey yapmay\u0131n. Sadece \u00e7aba g\u00f6stermeyin, tamamen \u00e7abas\u0131z olun. Bu i\u015fe yarar. Elinden geldi\u011fince \u00e7al\u0131\u015fmaya devam edecek ve ger\u00e7ekle\u015ftirmesi gereken mucizeyi yaratacakt\u0131r. Bunun i\u00e7in endi\u015fe etmemelisiniz. O kendi i\u015fini bilir, ama siz ne zaman \u00e7aba g\u00f6stermeye \u00e7al\u0131\u015f\u0131rsan\u0131z, asl\u0131nda ona engel oluyorsunuz, o zaman demek ki, hi\u00e7 \u00e7aba g\u00f6stermeye gerek yoktur. Tamam\u0131yla \u00e7abadan uzak olun ve &#8220;B\u0131rak, b\u0131rak.&#8221; deyin. Hepsi bu kadar.&#8221;<\/p>\n\n","protected":false},"excerpt":{"rendered":"<p>\u00c7aba Harcamadan Kolay Meditasyon 1 Ocak 1980&#8217;de Londra&#8217;da verilen \u00f6neriden bir al\u0131nt\u0131 Ayn\u0131 \u015fekilde vibrasyonlar geliyor, onlar yay\u0131l\u0131yorlar. Yapman\u0131z gereken \u015fey, kendinizi onlara b\u0131rakman\u0131zd\u0131r. Bunun en iyi y\u00f6ntemiyse, hi\u00e7bir \u00e7aba g\u00f6stermemektir. Probleminizin nerede oldu\u011fu hususunda endi\u015fe etmeyin, yani endi\u015felenmek zorunda de\u011filsiniz. Sadece onun ak\u0131p gitmesine izin verin, sorun kendi kendine d\u00fczelecektir. Yani hi\u00e7 \u00e7aba sarfetmenize&hellip; <br \/> <a class=\"read-more\" href=\"https:\/\/shrimataji.org\/test\/tr\/caba-harcamadan-kolay-meditasyon\/\">Read more<\/a><\/p>\n","protected":false},"author":12,"featured_media":147,"parent":0,"menu_order":0,"comment_status":"closed","ping_status":"closed","template":"","meta":{"inline_featured_image":false,"footnotes":""},"class_list":["post-10151","page","type-page","status-publish","has-post-thumbnail","hentry"],"yoast_head":"<!-- This site is optimized with the Yoast SEO plugin v27.4 - https:\/\/yoast.com\/product\/yoast-seo-wordpress\/ -->\n<title>\u00c7aba Harcamadan Kolay Meditasyon - TEST - SMND<\/title>\n<meta name=\"robots\" content=\"noindex, follow, max-snippet:-1, max-image-preview:large, max-video-preview:-1\" \/>\n<meta property=\"og:locale\" content=\"en_US\" \/>\n<meta property=\"og:type\" content=\"article\" \/>\n<meta property=\"og:title\" content=\"\u00c7aba Harcamadan Kolay Meditasyon - TEST - SMND\" \/>\n<meta property=\"og:description\" content=\"\u00c7aba Harcamadan Kolay Meditasyon 1 Ocak 1980&#8217;de Londra&#8217;da verilen \u00f6neriden bir al\u0131nt\u0131 Ayn\u0131 \u015fekilde vibrasyonlar geliyor, onlar yay\u0131l\u0131yorlar. Yapman\u0131z gereken \u015fey, kendinizi onlara b\u0131rakman\u0131zd\u0131r. Bunun en iyi y\u00f6ntemiyse, hi\u00e7bir \u00e7aba g\u00f6stermemektir. Probleminizin nerede oldu\u011fu hususunda endi\u015fe etmeyin, yani endi\u015felenmek zorunda de\u011filsiniz. Sadece onun ak\u0131p gitmesine izin verin, sorun kendi kendine d\u00fczelecektir. Yani hi\u00e7 \u00e7aba sarfetmenize&hellip; Read more\" \/>\n<meta property=\"og:url\" content=\"https:\/\/shrimataji.org\/test\/tr\/caba-harcamadan-kolay-meditasyon\/\" \/>\n<meta property=\"og:site_name\" content=\"TEST - SMND\" \/>\n<meta property=\"article:publisher\" content=\"https:\/\/www.facebook.com\/shrimataji\" \/>\n<meta property=\"article:modified_time\" content=\"2024-07-12T00:01:55+00:00\" \/>\n<meta property=\"og:image\" content=\"https:\/\/shrimataji.org\/test\/wp-content\/uploads\/2018\/07\/media_originals\/images\/headers-general\/effortless-sahaja-yoga-meditation.jpg\" \/>\n\t<meta property=\"og:image:width\" content=\"990\" \/>\n\t<meta property=\"og:image:height\" content=\"350\" \/>\n\t<meta property=\"og:image:type\" content=\"image\/jpeg\" \/>\n<meta name=\"twitter:card\" content=\"summary_large_image\" \/>\n<meta name=\"twitter:site\" content=\"@shrimataji\" \/>\n<script type=\"application\/ld+json\" class=\"yoast-schema-graph\">{\"@context\":\"https:\\\/\\\/schema.org\",\"@graph\":[{\"@type\":\"WebPage\",\"@id\":\"https:\\\/\\\/shrimataji.org\\\/test\\\/tr\\\/caba-harcamadan-kolay-meditasyon\\\/\",\"url\":\"https:\\\/\\\/shrimataji.org\\\/test\\\/tr\\\/caba-harcamadan-kolay-meditasyon\\\/\",\"name\":\"\u00c7aba Harcamadan Kolay Meditasyon - TEST - SMND\",\"isPartOf\":{\"@id\":\"https:\\\/\\\/shrimataji.org\\\/test\\\/#website\"},\"primaryImageOfPage\":{\"@id\":\"https:\\\/\\\/shrimataji.org\\\/test\\\/tr\\\/caba-harcamadan-kolay-meditasyon\\\/#primaryimage\"},\"image\":{\"@id\":\"https:\\\/\\\/shrimataji.org\\\/test\\\/tr\\\/caba-harcamadan-kolay-meditasyon\\\/#primaryimage\"},\"thumbnailUrl\":\"https:\\\/\\\/shrimataji.org\\\/test\\\/wp-content\\\/uploads\\\/2018\\\/07\\\/media_originals\\\/images\\\/headers-general\\\/effortless-sahaja-yoga-meditation.jpg\",\"datePublished\":\"2018-07-10T06:54:54+00:00\",\"dateModified\":\"2024-07-12T00:01:55+00:00\",\"breadcrumb\":{\"@id\":\"https:\\\/\\\/shrimataji.org\\\/test\\\/tr\\\/caba-harcamadan-kolay-meditasyon\\\/#breadcrumb\"},\"inLanguage\":\"en-US\",\"potentialAction\":[{\"@type\":\"ReadAction\",\"target\":[\"https:\\\/\\\/shrimataji.org\\\/test\\\/tr\\\/caba-harcamadan-kolay-meditasyon\\\/\"]}]},{\"@type\":\"ImageObject\",\"inLanguage\":\"en-US\",\"@id\":\"https:\\\/\\\/shrimataji.org\\\/test\\\/tr\\\/caba-harcamadan-kolay-meditasyon\\\/#primaryimage\",\"url\":\"https:\\\/\\\/shrimataji.org\\\/test\\\/wp-content\\\/uploads\\\/2018\\\/07\\\/media_originals\\\/images\\\/headers-general\\\/effortless-sahaja-yoga-meditation.jpg\",\"contentUrl\":\"https:\\\/\\\/shrimataji.org\\\/test\\\/wp-content\\\/uploads\\\/2018\\\/07\\\/media_originals\\\/images\\\/headers-general\\\/effortless-sahaja-yoga-meditation.jpg\",\"width\":990,\"height\":350},{\"@type\":\"BreadcrumbList\",\"@id\":\"https:\\\/\\\/shrimataji.org\\\/test\\\/tr\\\/caba-harcamadan-kolay-meditasyon\\\/#breadcrumb\",\"itemListElement\":[{\"@type\":\"ListItem\",\"position\":1,\"name\":\"Home\",\"item\":\"https:\\\/\\\/shrimataji.org\\\/test\\\/uk\\\/home-en\\\/\"},{\"@type\":\"ListItem\",\"position\":2,\"name\":\"\u00c7aba Harcamadan Kolay Meditasyon\"}]},{\"@type\":\"WebSite\",\"@id\":\"https:\\\/\\\/shrimataji.org\\\/test\\\/#website\",\"url\":\"https:\\\/\\\/shrimataji.org\\\/test\\\/\",\"name\":\"Shri Mataji Nirmala Devi\",\"description\":\"A Life Dedicated to Humanity\",\"publisher\":{\"@id\":\"https:\\\/\\\/shrimataji.org\\\/test\\\/#\\\/schema\\\/person\\\/a1b3419c6585f164aa96da1ff85715d1\"},\"potentialAction\":[{\"@type\":\"SearchAction\",\"target\":{\"@type\":\"EntryPoint\",\"urlTemplate\":\"https:\\\/\\\/shrimataji.org\\\/test\\\/?s={search_term_string}\"},\"query-input\":{\"@type\":\"PropertyValueSpecification\",\"valueRequired\":true,\"valueName\":\"search_term_string\"}}],\"inLanguage\":\"en-US\"},{\"@type\":[\"Person\",\"Organization\"],\"@id\":\"https:\\\/\\\/shrimataji.org\\\/test\\\/#\\\/schema\\\/person\\\/a1b3419c6585f164aa96da1ff85715d1\",\"name\":\"Nirmala Shrivastava\",\"image\":{\"@type\":\"ImageObject\",\"inLanguage\":\"en-US\",\"@id\":\"https:\\\/\\\/shrimataji.org\\\/test\\\/wp-content\\\/uploads\\\/2023\\\/02\\\/SMO_LOGO-03.svg\",\"url\":\"https:\\\/\\\/shrimataji.org\\\/test\\\/wp-content\\\/uploads\\\/2023\\\/02\\\/SMO_LOGO-03.svg\",\"contentUrl\":\"https:\\\/\\\/shrimataji.org\\\/test\\\/wp-content\\\/uploads\\\/2023\\\/02\\\/SMO_LOGO-03.svg\",\"width\":\"1024\",\"height\":\"1024\",\"caption\":\"Nirmala Shrivastava\"},\"logo\":{\"@id\":\"https:\\\/\\\/shrimataji.org\\\/test\\\/wp-content\\\/uploads\\\/2023\\\/02\\\/SMO_LOGO-03.svg\"},\"sameAs\":[\"https:\\\/\\\/shrimataji.org\\\/test\",\"https:\\\/\\\/www.facebook.com\\\/shrimataji\",\"https:\\\/\\\/x.com\\\/shrimataji\",\"https:\\\/\\\/www.youtube.com\\\/@Shri_Mataji_Nirmala_Devi\\\/featured\"]}]}<\/script>\n<!-- \/ Yoast SEO plugin. -->","yoast_head_json":{"title":"\u00c7aba Harcamadan Kolay Meditasyon - TEST - SMND","robots":{"index":"noindex","follow":"follow","max-snippet":"max-snippet:-1","max-image-preview":"max-image-preview:large","max-video-preview":"max-video-preview:-1"},"og_locale":"en_US","og_type":"article","og_title":"\u00c7aba Harcamadan Kolay Meditasyon - TEST - SMND","og_description":"\u00c7aba Harcamadan Kolay Meditasyon 1 Ocak 1980&#8217;de Londra&#8217;da verilen \u00f6neriden bir al\u0131nt\u0131 Ayn\u0131 \u015fekilde vibrasyonlar geliyor, onlar yay\u0131l\u0131yorlar. Yapman\u0131z gereken \u015fey, kendinizi onlara b\u0131rakman\u0131zd\u0131r. Bunun en iyi y\u00f6ntemiyse, hi\u00e7bir \u00e7aba g\u00f6stermemektir. Probleminizin nerede oldu\u011fu hususunda endi\u015fe etmeyin, yani endi\u015felenmek zorunda de\u011filsiniz. Sadece onun ak\u0131p gitmesine izin verin, sorun kendi kendine d\u00fczelecektir. Yani hi\u00e7 \u00e7aba sarfetmenize&hellip; Read more","og_url":"https:\/\/shrimataji.org\/test\/tr\/caba-harcamadan-kolay-meditasyon\/","og_site_name":"TEST - SMND","article_publisher":"https:\/\/www.facebook.com\/shrimataji","article_modified_time":"2024-07-12T00:01:55+00:00","og_image":[{"width":990,"height":350,"url":"https:\/\/shrimataji.org\/test\/wp-content\/uploads\/2018\/07\/media_originals\/images\/headers-general\/effortless-sahaja-yoga-meditation.jpg","type":"image\/jpeg"}],"twitter_card":"summary_large_image","twitter_site":"@shrimataji","schema":{"@context":"https:\/\/schema.org","@graph":[{"@type":"WebPage","@id":"https:\/\/shrimataji.org\/test\/tr\/caba-harcamadan-kolay-meditasyon\/","url":"https:\/\/shrimataji.org\/test\/tr\/caba-harcamadan-kolay-meditasyon\/","name":"\u00c7aba Harcamadan Kolay Meditasyon - TEST - SMND","isPartOf":{"@id":"https:\/\/shrimataji.org\/test\/#website"},"primaryImageOfPage":{"@id":"https:\/\/shrimataji.org\/test\/tr\/caba-harcamadan-kolay-meditasyon\/#primaryimage"},"image":{"@id":"https:\/\/shrimataji.org\/test\/tr\/caba-harcamadan-kolay-meditasyon\/#primaryimage"},"thumbnailUrl":"https:\/\/shrimataji.org\/test\/wp-content\/uploads\/2018\/07\/media_originals\/images\/headers-general\/effortless-sahaja-yoga-meditation.jpg","datePublished":"2018-07-10T06:54:54+00:00","dateModified":"2024-07-12T00:01:55+00:00","breadcrumb":{"@id":"https:\/\/shrimataji.org\/test\/tr\/caba-harcamadan-kolay-meditasyon\/#breadcrumb"},"inLanguage":"en-US","potentialAction":[{"@type":"ReadAction","target":["https:\/\/shrimataji.org\/test\/tr\/caba-harcamadan-kolay-meditasyon\/"]}]},{"@type":"ImageObject","inLanguage":"en-US","@id":"https:\/\/shrimataji.org\/test\/tr\/caba-harcamadan-kolay-meditasyon\/#primaryimage","url":"https:\/\/shrimataji.org\/test\/wp-content\/uploads\/2018\/07\/media_originals\/images\/headers-general\/effortless-sahaja-yoga-meditation.jpg","contentUrl":"https:\/\/shrimataji.org\/test\/wp-content\/uploads\/2018\/07\/media_originals\/images\/headers-general\/effortless-sahaja-yoga-meditation.jpg","width":990,"height":350},{"@type":"BreadcrumbList","@id":"https:\/\/shrimataji.org\/test\/tr\/caba-harcamadan-kolay-meditasyon\/#breadcrumb","itemListElement":[{"@type":"ListItem","position":1,"name":"Home","item":"https:\/\/shrimataji.org\/test\/uk\/home-en\/"},{"@type":"ListItem","position":2,"name":"\u00c7aba Harcamadan Kolay Meditasyon"}]},{"@type":"WebSite","@id":"https:\/\/shrimataji.org\/test\/#website","url":"https:\/\/shrimataji.org\/test\/","name":"Shri Mataji Nirmala Devi","description":"A Life Dedicated to Humanity","publisher":{"@id":"https:\/\/shrimataji.org\/test\/#\/schema\/person\/a1b3419c6585f164aa96da1ff85715d1"},"potentialAction":[{"@type":"SearchAction","target":{"@type":"EntryPoint","urlTemplate":"https:\/\/shrimataji.org\/test\/?s={search_term_string}"},"query-input":{"@type":"PropertyValueSpecification","valueRequired":true,"valueName":"search_term_string"}}],"inLanguage":"en-US"},{"@type":["Person","Organization"],"@id":"https:\/\/shrimataji.org\/test\/#\/schema\/person\/a1b3419c6585f164aa96da1ff85715d1","name":"Nirmala Shrivastava","image":{"@type":"ImageObject","inLanguage":"en-US","@id":"https:\/\/shrimataji.org\/test\/wp-content\/uploads\/2023\/02\/SMO_LOGO-03.svg","url":"https:\/\/shrimataji.org\/test\/wp-content\/uploads\/2023\/02\/SMO_LOGO-03.svg","contentUrl":"https:\/\/shrimataji.org\/test\/wp-content\/uploads\/2023\/02\/SMO_LOGO-03.svg","width":"1024","height":"1024","caption":"Nirmala Shrivastava"},"logo":{"@id":"https:\/\/shrimataji.org\/test\/wp-content\/uploads\/2023\/02\/SMO_LOGO-03.svg"},"sameAs":["https:\/\/shrimataji.org\/test","https:\/\/www.facebook.com\/shrimataji","https:\/\/x.com\/shrimataji","https:\/\/www.youtube.com\/@Shri_Mataji_Nirmala_Devi\/featured"]}]}},"lang":"tr","translations":{"tr":10151,"ur":37417,"en":451,"am":17988,"th":19926,"hu":19463,"sq":18389,"zh":17286,"pt":10364,"de":10638,"fr":10736,"it":10834,"es":10931,"ja":11228,"ru":11416,"bn":11608,"te":11716,"sw":11839,"he":11987,"el":12278,"sk":12376,"fa":12474,"fi":12572,"bg":13433,"ro":14507,"cs":14700,"nl":16549,"ku":16709,"ar":16885,"be":18596,"kn":18870,"mr":20290,"uk":20582,"ml":20881,"ta":22704,"sv":22977,"gu":28825,"pa":28983,"fil":29423,"da":37731,"pl":37948,"nn":38283},"pll_sync_post":[],"_links":{"self":[{"href":"https:\/\/shrimataji.org\/test\/wp-json\/wp\/v2\/pages\/10151","targetHints":{"allow":["GET"]}}],"collection":[{"href":"https:\/\/shrimataji.org\/test\/wp-json\/wp\/v2\/pages"}],"about":[{"href":"https:\/\/shrimataji.org\/test\/wp-json\/wp\/v2\/types\/page"}],"author":[{"embeddable":true,"href":"https:\/\/shrimataji.org\/test\/wp-json\/wp\/v2\/users\/12"}],"replies":[{"embeddable":true,"href":"https:\/\/shrimataji.org\/test\/wp-json\/wp\/v2\/comments?post=10151"}],"version-history":[{"count":0,"href":"https:\/\/shrimataji.org\/test\/wp-json\/wp\/v2\/pages\/10151\/revisions"}],"wp:featuredmedia":[{"embeddable":true,"href":"https:\/\/shrimataji.org\/test\/wp-json\/wp\/v2\/media\/147"}],"wp:attachment":[{"href":"https:\/\/shrimataji.org\/test\/wp-json\/wp\/v2\/media?parent=10151"}],"curies":[{"name":"wp","href":"https:\/\/api.w.org\/{rel}","templated":true}]}}