{"id":10152,"date":"2017-09-02T04:00:00","date_gmt":"2017-09-02T04:00:00","guid":{"rendered":"http:\/\/testwordpress.nirmalnagari.org\/smnd\/index.php\/enlightening-encounters\/"},"modified":"2024-07-12T00:01:53","modified_gmt":"2024-07-12T00:01:53","slug":"aydinlatici-karsilasmalar","status":"publish","type":"page","link":"https:\/\/shrimataji.org\/test\/tr\/aydinlatici-karsilasmalar\/","title":{"rendered":"Ayd\u0131nlat\u0131c\u0131 Kar\u015f\u0131la\u015fmalar"},"content":{"rendered":"\n\n\t<h1>Ayd\u0131nlat\u0131c\u0131 Kar\u015f\u0131la\u015fmalar<\/h1>\n<h2>Shri Mataji&#8217;nin S\u0131n\u0131rs\u0131z Empati ve \u0130nsanl\u0131k Sevgisi<\/h2>\n\t<h4>Bir keresinde \u0130ngiltere&#8217;de bir gazeteci \u015fu soruyu sormu\u015ftu: &#8220;Hi\u00e7 hayal k\u0131r\u0131kl\u0131\u011f\u0131 ya\u015fad\u0131n\u0131z m\u0131?&#8221; Shri Mataji \u015f\u00f6yle yan\u0131tlad\u0131: &#8220;Ne hayallerim ne de hayal k\u0131r\u0131kl\u0131klar\u0131m oldu!&#8221; Bunu, Shri Mataji ile yap\u0131lan esprili, al\u0131\u015f\u0131lmad\u0131k ve \u00e7o\u011fu zaman \u015fa\u015f\u0131rt\u0131c\u0131 bir hal alabilen pek \u00e7ok sohbeti karakterize eden kahkahalar izledi.<\/h4>\n<p>Shri Mataji, konular aras\u0131nda \u00e7o\u011fu insan\u0131n daha \u00f6nce g\u00f6rmedi\u011fi ba\u011flant\u0131lar\u0131 ortaya \u00e7\u0131karma kapasitesine sahipti ve bu da onun konu\u015fmalar\u0131n\u0131 ve hikayelerini ilgi \u00e7ekici, b\u00fcy\u00fcleyici ve unutulmaz k\u0131l\u0131yordu. Shri Mataji her zaman \u00f6\u011fretici, her zaman ayd\u0131nlat\u0131c\u0131 bunun gibi binlerce konu\u015fma yapt\u0131. Uzat\u0131lm\u0131\u015f pasaportu neredeyse bir in\u00e7 (ikibu\u00e7uk santim) kal\u0131nl\u0131\u011f\u0131ndayd\u0131; m\u00fcmk\u00fcn oldu\u011fu kadar \u00e7ok insana ula\u015fmak ve ayd\u0131nlanma vermek gibi kal\u0131c\u0131 bir niyetle s\u00fcrekli d\u00fcnyay\u0131 dola\u015f\u0131rken ziyaret etti\u011fi pek \u00e7ok yerin damgas\u0131n\u0131 ta\u015f\u0131yordu.<\/p>\n<p>Ger\u00e7ekten de binlerce insanla tan\u0131\u015ft\u0131 ama bunlar bir dizi k\u0131sa merhaba ve ho\u015f\u00e7akallardan ibaret de\u011fildi. Shri Mataji ister d\u00fcnyaca bilgili ve ba\u015far\u0131l\u0131 olsun isterse m\u00fctevaz\u0131 bir k\u00f6yl\u00fc olsun, kar\u015f\u0131s\u0131ndaki ki\u015fiyle uyum sa\u011flayarak varl\u0131\u011f\u0131n\u0131n derinliklerine inerdi \u00e7\u00fcnk\u00fc onun i\u00e7in herkes \u00f6nemliydi, herkesin potansiyeli vard\u0131.<\/p>\n<p>Shri Mataji&#8217;ye \u00e7al\u0131\u015fmalar\u0131n\u0131 yapmas\u0131 i\u00e7in ilham veren i\u015fte bu potansiyeldi; her insan\u0131n Ruh olma, ba\u011flant\u0131 kurma, ayd\u0131nlanmaya ula\u015fma kapasitesi&#8230; Shri Mataji&#8217;yi baz\u0131lar\u0131 tan\u0131d\u0131; baz\u0131lar\u0131 ise tan\u0131mad\u0131. Bu, onun kim oldu\u011fundan ziyade, ki\u015finin durumuna ve kendi i\u00e7inde nereye yerle\u015ftirdi\u011fine ba\u011fl\u0131yd\u0131. Baz\u0131lar\u0131 onu g\u00f6rd\u00fc, alg\u0131lad\u0131, yakla\u015ft\u0131; baz\u0131lar\u0131 ise uzakla\u015ft\u0131&#8230;<\/p>\n\t<p>Peki Shri Mataji kimdir? Shri Mataji nedir? \u00a0 \u00a0 \u00a0 \u00a0 \u00a0 \u00a0 \u00a0 \u00a0 \u00a0 \u00a0 \u00a0 \u00a0 \u00a0 \u00a0 \u00a0 \u00a0 \u00a0 \u00a0 \u00a0 \u00a0 \u00a0 \u00a0 \u00a0 \u00a0 \u00a0 \u00a0 \u00a0 \u00a0 <\/p>\n<p>Shri Mataji bir Guru&#8217;ydu. Peki Guru nedir? &#8211; Guru kelimesinin \u00e7ok \u00f6zel bir anlam\u0131 vard\u0131r: Gu = cehalet. Ru = da\u011f\u0131t\u0131c\u0131. Dolay\u0131s\u0131yla bir Guru, insanl\u0131\u011f\u0131 saran ruhani cehaletin ve yan\u0131lsaman\u0131n ortadan kald\u0131r\u0131lmas\u0131n\u0131 sa\u011flayabilmelidir.\u00a0 <\/p>\n<p>Shri Mataji&#8217;ye biraz daha yakla\u015fan pek \u00e7ok ki\u015finin hissetti\u011fi gibi o; eksiksiz, mucizevi, ger\u00e7ek bir Guruydu, sevgi dolu bir Anneydi&#8230; Bir \u015fekilde, insanlar\u0131n \u00e7al\u0131\u015fmalar\u0131na ve kendi sorunlar\u0131n\u0131 \u00e7\u00f6zmelerine yard\u0131mc\u0131 olma konusunda do\u011fu\u015ftan gelen bir yetene\u011fe sahipti. Onun sihri, sevgi dolu bir bah\u00e7\u0131van\u0131n bir bireyin \u00e7i\u00e7ek a\u00e7mas\u0131 ve meyve vermesiyle sonu\u00e7lanacak tohumlar\u0131 filizlendirmesi gibiydi.<\/p>\n\t\n<h5>&#8220;Bilgelik, \u0131\u015f\u0131ldar ve solmaz<\/h5>\n<h5>Ve onu sevenler taraf\u0131ndan kolayca fark edilir,<\/h5>\n<h5>Ve onu arayanlar taraf\u0131ndan bulunur.<\/h5>\n<h5>Onu arzulayanlara kendisini tan\u0131tmak i\u00e7in acele eder.<\/h5>\n<h5>&#8230; Kendisine lay\u0131k olanlar\u0131 aramaya devam eder,<\/h5>\n<h5>Ve yollar\u0131nda onlara l\u00fctufla g\u00f6r\u00fcn\u00fcr.&#8221;<\/h5>\n<h5>S\u00fcleyman&#8217;\u0131n Bilgeli\u011fi Kitab\u0131<\/h5>\n\t<p>Yine de mesaj\u0131 kesindi: &#8216;Kendi kendinizin Gurusu olun, Ruh olun&#8217;. Bazen bunun biraz daha zor oldu\u011fu ortaya \u00e7\u0131kt\u0131. Kararl\u0131l\u0131k ve disiplin gerektiriyordu.<\/p>\n<p>Zay\u0131f ve da\u011f\u0131n\u0131k bir dikkat, kafa kar\u0131\u015f\u0131kl\u0131\u011f\u0131, tembellik, d\u00fc\u015f\u00fck \u00f6zg\u00fcven ve daha bir\u00e7ok sorun, her bireyin kendi \u00fczerinde \u00e7al\u0131\u015fma, kendine bakma ve tam anlam\u0131yla potansiyelini ger\u00e7ekle\u015ftirme yetene\u011fine ve kararl\u0131l\u0131\u011f\u0131na engel oluyordu.<\/p>\n<p>Bu s\u00fcre\u00e7te, bir Guru olarak Shri Mataji bir kaplan gibi sert, g\u00f6r\u00fclmeye de\u011fer olabilirdi ancak bir Anne olarak nazik, sab\u0131rl\u0131 ve teselli edici de olabilirdi. Ana\u00e7 bir tav\u0131rla bireylere ilham vermeye ve onlar\u0131 y\u00fckseltmeye \u00e7al\u0131\u015f\u0131rd\u0131; onlar\u0131n bocalad\u0131klar\u0131n\u0131 g\u00f6rd\u00fc\u011f\u00fcnde bile, elini uzatmaya ve onlar\u0131 kendi yollar\u0131nda y\u00f6nlendirmeye haz\u0131rd\u0131.<\/p>\n<p>Onun dikkatini \u00e7ekti\u011finizde kendinizi saf sevginin ellerindeymi\u015fsiniz gibi hissederdiniz. G\u00fcl\u00fcmsemesi sizi rahatlat\u0131rd\u0131 ve affediciydi. Sesiyle size yard\u0131m ederdi ve \u00f6\u011f\u00fct verirdi. Onun s\u00f6zlerine kulak verip vermeme se\u00e7imi her zaman bireyin kalbine kal\u0131rd\u0131. Farkl\u0131 anlay\u0131\u015f seviyeleriyle, herkes Shri Mataji&#8217;yi benzersiz bir \u015fekilde deneyimledi.<\/p>\n\t<p>\u0130nsanlar\u0131 idare etme konusundaki hassasiyeti muazzamd\u0131. Keskin hassasiyetiyle bir duruma h\u0131zla uyum sa\u011flayabilir, s\u00f6ylenenleri ve s\u00f6ylenmeyenleri duymak i\u00e7in dikkati derinlere n\u00fcfuz ederdi.<\/p>\n\t<p>Kahkahalar\u0131 herkese kolayca ge\u00e7erdi, \u015fahit olma g\u00fcc\u00fc m\u00fcthi\u015fti ve hayat\u0131n ini\u015f ve \u00e7\u0131k\u0131\u015flar\u0131ndan ald\u0131\u011f\u0131 keyif \u00f6zg\u00fcrle\u015ftiriciydi. \u0130nsanlar\u0131n Shri Mataji ile ilgili an\u0131lar\u0131n\u0131n hepsi ayn\u0131 hisleri yans\u0131tmaktad\u0131r; bir \u015fekilde Shri Mataji ve onun \u00f6\u011fretileriyle kar\u015f\u0131la\u015ft\u0131klar\u0131 i\u00e7in bir ayr\u0131cal\u0131k, iyi talih veya ilahi \u015fans duygusu.<\/p>\n<p>Shri Mataji&#8217;nin i\u00e7g\u00f6r\u00fc ve bilgelik mesaj\u0131, s\u00f6yledi\u011fi gibi, s\u00fcrekli ve ayn\u0131 kalmaktad\u0131r:<\/p>\n<p>&#8220;T\u00fcm hakikati arayanlar\u0131n \u00f6n\u00fcnde e\u011filiyorum&#8221;<\/p>\n<p>&#8220;Sizler Ruh&#8217;sunuz&#8221;<\/p>\n<p>&#8220;\u0130\u00e7inizde bir g\u00fc\u00e7 var&#8221;<\/p>\n<p>&#8220;Kendi kendinizin gurusu olun&#8221;<\/p>\n<p>&#8220;Ne\u015fe duyun!&#8221;<\/p>\n<p>&#8220;Ki\u015fisel ayd\u0131nlanman\u0131za ula\u015fabilirsiniz. Avu\u00e7 i\u00e7lerinizde ve ba\u015f\u0131n\u0131z\u0131n \u00fczerinde serin bir esinti hissedebilirsiniz&#8221;.<\/p>\n<p>Temel mesaj hi\u00e7bir zaman de\u011fi\u015fmedi. Tek soru \u015fu; ka\u00e7 ki\u015fi bu mesaj\u0131 duyacak ve ger\u00e7ek benli\u011fini ke\u015ffetme f\u0131rsat\u0131n\u0131 de\u011ferlendirecek?<\/p>\n<p>Shri Mataji&#8217;nin miras\u0131: onun mesaj\u0131n\u0131 duyanlar, arma\u011fan\u0131n\u0131 kalbine alan ve Sahaja Yoga&#8217;y\u0131 severek yayanlardad\u0131r.<\/p>\n<p>Onun t\u00fcm d\u00fcnyaya yaymak istedi\u011fi bu sevgi ellerimizde ve ba\u015f\u0131m\u0131z\u0131n \u00fcst\u00fcndeki serin esintide hissedilir. Bu l\u00fctuf kalplerimizi nazik\u00e7e yumu\u015fat\u0131r ve ilahi sevgi varl\u0131\u011f\u0131m\u0131zda yank\u0131lan\u0131r.<\/p>\n\n","protected":false},"excerpt":{"rendered":"<p>Ayd\u0131nlat\u0131c\u0131 Kar\u015f\u0131la\u015fmalar Shri Mataji&#8217;nin S\u0131n\u0131rs\u0131z Empati ve \u0130nsanl\u0131k Sevgisi Bir keresinde \u0130ngiltere&#8217;de bir gazeteci \u015fu soruyu sormu\u015ftu: &#8220;Hi\u00e7 hayal k\u0131r\u0131kl\u0131\u011f\u0131 ya\u015fad\u0131n\u0131z m\u0131?&#8221; Shri Mataji \u015f\u00f6yle yan\u0131tlad\u0131: &#8220;Ne hayallerim ne de hayal k\u0131r\u0131kl\u0131klar\u0131m oldu!&#8221; Bunu, Shri Mataji ile yap\u0131lan esprili, al\u0131\u015f\u0131lmad\u0131k ve \u00e7o\u011fu zaman \u015fa\u015f\u0131rt\u0131c\u0131 bir hal alabilen pek \u00e7ok sohbeti karakterize eden kahkahalar izledi. Shri&hellip; <br \/> <a class=\"read-more\" href=\"https:\/\/shrimataji.org\/test\/tr\/aydinlatici-karsilasmalar\/\">Read more<\/a><\/p>\n","protected":false},"author":12,"featured_media":159,"parent":0,"menu_order":0,"comment_status":"closed","ping_status":"closed","template":"","meta":{"inline_featured_image":false,"footnotes":""},"class_list":["post-10152","page","type-page","status-publish","has-post-thumbnail","hentry"],"yoast_head":"<!-- This site is optimized with the Yoast SEO plugin v27.4 - https:\/\/yoast.com\/product\/yoast-seo-wordpress\/ -->\n<title>Ayd\u0131nlat\u0131c\u0131 Kar\u015f\u0131la\u015fmalar - TEST - SMND<\/title>\n<meta name=\"robots\" content=\"noindex, follow, max-snippet:-1, max-image-preview:large, max-video-preview:-1\" \/>\n<meta property=\"og:locale\" content=\"en_US\" \/>\n<meta property=\"og:type\" content=\"article\" \/>\n<meta property=\"og:title\" content=\"Ayd\u0131nlat\u0131c\u0131 Kar\u015f\u0131la\u015fmalar - TEST - SMND\" \/>\n<meta property=\"og:description\" content=\"Ayd\u0131nlat\u0131c\u0131 Kar\u015f\u0131la\u015fmalar Shri Mataji&#8217;nin S\u0131n\u0131rs\u0131z Empati ve \u0130nsanl\u0131k Sevgisi Bir keresinde \u0130ngiltere&#8217;de bir gazeteci \u015fu soruyu sormu\u015ftu: &#8220;Hi\u00e7 hayal k\u0131r\u0131kl\u0131\u011f\u0131 ya\u015fad\u0131n\u0131z m\u0131?&#8221; Shri Mataji \u015f\u00f6yle yan\u0131tlad\u0131: &#8220;Ne hayallerim ne de hayal k\u0131r\u0131kl\u0131klar\u0131m oldu!&#8221; Bunu, Shri Mataji ile yap\u0131lan esprili, al\u0131\u015f\u0131lmad\u0131k ve \u00e7o\u011fu zaman \u015fa\u015f\u0131rt\u0131c\u0131 bir hal alabilen pek \u00e7ok sohbeti karakterize eden kahkahalar izledi. Shri&hellip; Read more\" \/>\n<meta property=\"og:url\" content=\"https:\/\/shrimataji.org\/test\/tr\/aydinlatici-karsilasmalar\/\" \/>\n<meta property=\"og:site_name\" content=\"TEST - SMND\" \/>\n<meta property=\"article:publisher\" content=\"https:\/\/www.facebook.com\/shrimataji\" \/>\n<meta property=\"article:modified_time\" content=\"2024-07-12T00:01:53+00:00\" \/>\n<meta property=\"og:image\" content=\"https:\/\/shrimataji.org\/test\/wp-content\/uploads\/2018\/07\/media_originals\/images\/headers-people\/shri-mataji-nirmala-devi-with-village-people-in-india.jpg\" \/>\n\t<meta property=\"og:image:width\" content=\"990\" \/>\n\t<meta property=\"og:image:height\" content=\"350\" \/>\n\t<meta property=\"og:image:type\" content=\"image\/jpeg\" \/>\n<meta name=\"twitter:card\" content=\"summary_large_image\" \/>\n<meta name=\"twitter:site\" content=\"@shrimataji\" \/>\n<script type=\"application\/ld+json\" class=\"yoast-schema-graph\">{\"@context\":\"https:\\\/\\\/schema.org\",\"@graph\":[{\"@type\":\"WebPage\",\"@id\":\"https:\\\/\\\/shrimataji.org\\\/test\\\/tr\\\/aydinlatici-karsilasmalar\\\/\",\"url\":\"https:\\\/\\\/shrimataji.org\\\/test\\\/tr\\\/aydinlatici-karsilasmalar\\\/\",\"name\":\"Ayd\u0131nlat\u0131c\u0131 Kar\u015f\u0131la\u015fmalar - TEST - SMND\",\"isPartOf\":{\"@id\":\"https:\\\/\\\/shrimataji.org\\\/test\\\/#website\"},\"primaryImageOfPage\":{\"@id\":\"https:\\\/\\\/shrimataji.org\\\/test\\\/tr\\\/aydinlatici-karsilasmalar\\\/#primaryimage\"},\"image\":{\"@id\":\"https:\\\/\\\/shrimataji.org\\\/test\\\/tr\\\/aydinlatici-karsilasmalar\\\/#primaryimage\"},\"thumbnailUrl\":\"https:\\\/\\\/shrimataji.org\\\/test\\\/wp-content\\\/uploads\\\/2018\\\/07\\\/media_originals\\\/images\\\/headers-people\\\/shri-mataji-nirmala-devi-with-village-people-in-india.jpg\",\"datePublished\":\"2017-09-02T04:00:00+00:00\",\"dateModified\":\"2024-07-12T00:01:53+00:00\",\"breadcrumb\":{\"@id\":\"https:\\\/\\\/shrimataji.org\\\/test\\\/tr\\\/aydinlatici-karsilasmalar\\\/#breadcrumb\"},\"inLanguage\":\"en-US\",\"potentialAction\":[{\"@type\":\"ReadAction\",\"target\":[\"https:\\\/\\\/shrimataji.org\\\/test\\\/tr\\\/aydinlatici-karsilasmalar\\\/\"]}]},{\"@type\":\"ImageObject\",\"inLanguage\":\"en-US\",\"@id\":\"https:\\\/\\\/shrimataji.org\\\/test\\\/tr\\\/aydinlatici-karsilasmalar\\\/#primaryimage\",\"url\":\"https:\\\/\\\/shrimataji.org\\\/test\\\/wp-content\\\/uploads\\\/2018\\\/07\\\/media_originals\\\/images\\\/headers-people\\\/shri-mataji-nirmala-devi-with-village-people-in-india.jpg\",\"contentUrl\":\"https:\\\/\\\/shrimataji.org\\\/test\\\/wp-content\\\/uploads\\\/2018\\\/07\\\/media_originals\\\/images\\\/headers-people\\\/shri-mataji-nirmala-devi-with-village-people-in-india.jpg\",\"width\":990,\"height\":350},{\"@type\":\"BreadcrumbList\",\"@id\":\"https:\\\/\\\/shrimataji.org\\\/test\\\/tr\\\/aydinlatici-karsilasmalar\\\/#breadcrumb\",\"itemListElement\":[{\"@type\":\"ListItem\",\"position\":1,\"name\":\"Home\",\"item\":\"https:\\\/\\\/shrimataji.org\\\/test\\\/uk\\\/home-en\\\/\"},{\"@type\":\"ListItem\",\"position\":2,\"name\":\"Ayd\u0131nlat\u0131c\u0131 Kar\u015f\u0131la\u015fmalar\"}]},{\"@type\":\"WebSite\",\"@id\":\"https:\\\/\\\/shrimataji.org\\\/test\\\/#website\",\"url\":\"https:\\\/\\\/shrimataji.org\\\/test\\\/\",\"name\":\"Shri Mataji Nirmala Devi\",\"description\":\"A Life Dedicated to Humanity\",\"publisher\":{\"@id\":\"https:\\\/\\\/shrimataji.org\\\/test\\\/#\\\/schema\\\/person\\\/a1b3419c6585f164aa96da1ff85715d1\"},\"potentialAction\":[{\"@type\":\"SearchAction\",\"target\":{\"@type\":\"EntryPoint\",\"urlTemplate\":\"https:\\\/\\\/shrimataji.org\\\/test\\\/?s={search_term_string}\"},\"query-input\":{\"@type\":\"PropertyValueSpecification\",\"valueRequired\":true,\"valueName\":\"search_term_string\"}}],\"inLanguage\":\"en-US\"},{\"@type\":[\"Person\",\"Organization\"],\"@id\":\"https:\\\/\\\/shrimataji.org\\\/test\\\/#\\\/schema\\\/person\\\/a1b3419c6585f164aa96da1ff85715d1\",\"name\":\"Nirmala Shrivastava\",\"image\":{\"@type\":\"ImageObject\",\"inLanguage\":\"en-US\",\"@id\":\"https:\\\/\\\/shrimataji.org\\\/test\\\/wp-content\\\/uploads\\\/2023\\\/02\\\/SMO_LOGO-03.svg\",\"url\":\"https:\\\/\\\/shrimataji.org\\\/test\\\/wp-content\\\/uploads\\\/2023\\\/02\\\/SMO_LOGO-03.svg\",\"contentUrl\":\"https:\\\/\\\/shrimataji.org\\\/test\\\/wp-content\\\/uploads\\\/2023\\\/02\\\/SMO_LOGO-03.svg\",\"width\":\"1024\",\"height\":\"1024\",\"caption\":\"Nirmala Shrivastava\"},\"logo\":{\"@id\":\"https:\\\/\\\/shrimataji.org\\\/test\\\/wp-content\\\/uploads\\\/2023\\\/02\\\/SMO_LOGO-03.svg\"},\"sameAs\":[\"https:\\\/\\\/shrimataji.org\\\/test\",\"https:\\\/\\\/www.facebook.com\\\/shrimataji\",\"https:\\\/\\\/x.com\\\/shrimataji\",\"https:\\\/\\\/www.youtube.com\\\/@Shri_Mataji_Nirmala_Devi\\\/featured\"]}]}<\/script>\n<!-- \/ Yoast SEO plugin. -->","yoast_head_json":{"title":"Ayd\u0131nlat\u0131c\u0131 Kar\u015f\u0131la\u015fmalar - TEST - SMND","robots":{"index":"noindex","follow":"follow","max-snippet":"max-snippet:-1","max-image-preview":"max-image-preview:large","max-video-preview":"max-video-preview:-1"},"og_locale":"en_US","og_type":"article","og_title":"Ayd\u0131nlat\u0131c\u0131 Kar\u015f\u0131la\u015fmalar - TEST - SMND","og_description":"Ayd\u0131nlat\u0131c\u0131 Kar\u015f\u0131la\u015fmalar Shri Mataji&#8217;nin S\u0131n\u0131rs\u0131z Empati ve \u0130nsanl\u0131k Sevgisi Bir keresinde \u0130ngiltere&#8217;de bir gazeteci \u015fu soruyu sormu\u015ftu: &#8220;Hi\u00e7 hayal k\u0131r\u0131kl\u0131\u011f\u0131 ya\u015fad\u0131n\u0131z m\u0131?&#8221; Shri Mataji \u015f\u00f6yle yan\u0131tlad\u0131: &#8220;Ne hayallerim ne de hayal k\u0131r\u0131kl\u0131klar\u0131m oldu!&#8221; Bunu, Shri Mataji ile yap\u0131lan esprili, al\u0131\u015f\u0131lmad\u0131k ve \u00e7o\u011fu zaman \u015fa\u015f\u0131rt\u0131c\u0131 bir hal alabilen pek \u00e7ok sohbeti karakterize eden kahkahalar izledi. Shri&hellip; Read more","og_url":"https:\/\/shrimataji.org\/test\/tr\/aydinlatici-karsilasmalar\/","og_site_name":"TEST - SMND","article_publisher":"https:\/\/www.facebook.com\/shrimataji","article_modified_time":"2024-07-12T00:01:53+00:00","og_image":[{"width":990,"height":350,"url":"https:\/\/shrimataji.org\/test\/wp-content\/uploads\/2018\/07\/media_originals\/images\/headers-people\/shri-mataji-nirmala-devi-with-village-people-in-india.jpg","type":"image\/jpeg"}],"twitter_card":"summary_large_image","twitter_site":"@shrimataji","schema":{"@context":"https:\/\/schema.org","@graph":[{"@type":"WebPage","@id":"https:\/\/shrimataji.org\/test\/tr\/aydinlatici-karsilasmalar\/","url":"https:\/\/shrimataji.org\/test\/tr\/aydinlatici-karsilasmalar\/","name":"Ayd\u0131nlat\u0131c\u0131 Kar\u015f\u0131la\u015fmalar - TEST - SMND","isPartOf":{"@id":"https:\/\/shrimataji.org\/test\/#website"},"primaryImageOfPage":{"@id":"https:\/\/shrimataji.org\/test\/tr\/aydinlatici-karsilasmalar\/#primaryimage"},"image":{"@id":"https:\/\/shrimataji.org\/test\/tr\/aydinlatici-karsilasmalar\/#primaryimage"},"thumbnailUrl":"https:\/\/shrimataji.org\/test\/wp-content\/uploads\/2018\/07\/media_originals\/images\/headers-people\/shri-mataji-nirmala-devi-with-village-people-in-india.jpg","datePublished":"2017-09-02T04:00:00+00:00","dateModified":"2024-07-12T00:01:53+00:00","breadcrumb":{"@id":"https:\/\/shrimataji.org\/test\/tr\/aydinlatici-karsilasmalar\/#breadcrumb"},"inLanguage":"en-US","potentialAction":[{"@type":"ReadAction","target":["https:\/\/shrimataji.org\/test\/tr\/aydinlatici-karsilasmalar\/"]}]},{"@type":"ImageObject","inLanguage":"en-US","@id":"https:\/\/shrimataji.org\/test\/tr\/aydinlatici-karsilasmalar\/#primaryimage","url":"https:\/\/shrimataji.org\/test\/wp-content\/uploads\/2018\/07\/media_originals\/images\/headers-people\/shri-mataji-nirmala-devi-with-village-people-in-india.jpg","contentUrl":"https:\/\/shrimataji.org\/test\/wp-content\/uploads\/2018\/07\/media_originals\/images\/headers-people\/shri-mataji-nirmala-devi-with-village-people-in-india.jpg","width":990,"height":350},{"@type":"BreadcrumbList","@id":"https:\/\/shrimataji.org\/test\/tr\/aydinlatici-karsilasmalar\/#breadcrumb","itemListElement":[{"@type":"ListItem","position":1,"name":"Home","item":"https:\/\/shrimataji.org\/test\/uk\/home-en\/"},{"@type":"ListItem","position":2,"name":"Ayd\u0131nlat\u0131c\u0131 Kar\u015f\u0131la\u015fmalar"}]},{"@type":"WebSite","@id":"https:\/\/shrimataji.org\/test\/#website","url":"https:\/\/shrimataji.org\/test\/","name":"Shri Mataji Nirmala Devi","description":"A Life Dedicated to Humanity","publisher":{"@id":"https:\/\/shrimataji.org\/test\/#\/schema\/person\/a1b3419c6585f164aa96da1ff85715d1"},"potentialAction":[{"@type":"SearchAction","target":{"@type":"EntryPoint","urlTemplate":"https:\/\/shrimataji.org\/test\/?s={search_term_string}"},"query-input":{"@type":"PropertyValueSpecification","valueRequired":true,"valueName":"search_term_string"}}],"inLanguage":"en-US"},{"@type":["Person","Organization"],"@id":"https:\/\/shrimataji.org\/test\/#\/schema\/person\/a1b3419c6585f164aa96da1ff85715d1","name":"Nirmala Shrivastava","image":{"@type":"ImageObject","inLanguage":"en-US","@id":"https:\/\/shrimataji.org\/test\/wp-content\/uploads\/2023\/02\/SMO_LOGO-03.svg","url":"https:\/\/shrimataji.org\/test\/wp-content\/uploads\/2023\/02\/SMO_LOGO-03.svg","contentUrl":"https:\/\/shrimataji.org\/test\/wp-content\/uploads\/2023\/02\/SMO_LOGO-03.svg","width":"1024","height":"1024","caption":"Nirmala Shrivastava"},"logo":{"@id":"https:\/\/shrimataji.org\/test\/wp-content\/uploads\/2023\/02\/SMO_LOGO-03.svg"},"sameAs":["https:\/\/shrimataji.org\/test","https:\/\/www.facebook.com\/shrimataji","https:\/\/x.com\/shrimataji","https:\/\/www.youtube.com\/@Shri_Mataji_Nirmala_Devi\/featured"]}]}},"lang":"tr","translations":{"tr":10152,"ur":37419,"en":435,"am":17990,"th":19929,"hu":19465,"sq":18391,"zh":17288,"pt":10365,"de":10639,"fr":10737,"it":10835,"es":10932,"ja":11229,"ru":11417,"bn":11609,"te":11717,"sw":11840,"he":11988,"el":12279,"sk":12377,"fa":12475,"fi":12573,"bg":13485,"ro":14560,"cs":14753,"nl":16551,"ku":16711,"ar":16887,"be":18598,"kn":18872,"mr":20293,"uk":20585,"ml":20884,"ta":22706,"sv":22979,"gu":28827,"pa":28985,"fil":29425,"da":37733,"pl":37950,"nn":38285},"pll_sync_post":[],"_links":{"self":[{"href":"https:\/\/shrimataji.org\/test\/wp-json\/wp\/v2\/pages\/10152","targetHints":{"allow":["GET"]}}],"collection":[{"href":"https:\/\/shrimataji.org\/test\/wp-json\/wp\/v2\/pages"}],"about":[{"href":"https:\/\/shrimataji.org\/test\/wp-json\/wp\/v2\/types\/page"}],"author":[{"embeddable":true,"href":"https:\/\/shrimataji.org\/test\/wp-json\/wp\/v2\/users\/12"}],"replies":[{"embeddable":true,"href":"https:\/\/shrimataji.org\/test\/wp-json\/wp\/v2\/comments?post=10152"}],"version-history":[{"count":0,"href":"https:\/\/shrimataji.org\/test\/wp-json\/wp\/v2\/pages\/10152\/revisions"}],"wp:featuredmedia":[{"embeddable":true,"href":"https:\/\/shrimataji.org\/test\/wp-json\/wp\/v2\/media\/159"}],"wp:attachment":[{"href":"https:\/\/shrimataji.org\/test\/wp-json\/wp\/v2\/media?parent=10152"}],"curies":[{"name":"wp","href":"https:\/\/api.w.org\/{rel}","templated":true}]}}