{"id":10153,"date":"2022-01-29T09:41:42","date_gmt":"2022-01-29T09:41:42","guid":{"rendered":"https:\/\/test.shrimataji.org\/?page_id=6385"},"modified":"2024-07-12T00:01:56","modified_gmt":"2024-07-12T00:01:56","slug":"denge-kurmak","status":"publish","type":"page","link":"https:\/\/shrimataji.org\/test\/tr\/denge-kurmak\/","title":{"rendered":"Denge Kurmak"},"content":{"rendered":"\n\n\t<h1>Denge Kurmak<\/h1>\n<h2>Ya\u015famda Yin ve Yang<\/h2>\n<div class=\"su-quote su-quote-style-default\"><div class=\"su-quote-inner su-u-clearfix su-u-trim\">\u015eimdi bu ekolojik sorun, insano\u011flu d\u00f6n\u00fc\u015ft\u00fc\u011f\u00fc ve dengelerini geli\u015ftirdi\u011fi anda \u00e7\u00f6z\u00fclebilir. \u00c7\u00fcnk\u00fc biz dengede de\u011filiz, bu y\u00fczden do\u011fa da dengesizle\u015fti. <\/div><\/div>\n<p>G\u00fcn\u00fcm\u00fcz\u00fcn h\u0131zl\u0131 tempolu d\u00fcnyas\u0131, hem birey olarak kendi i\u00e7imizde hem de k\u00fcresel sorunlarla kar\u015f\u0131 kar\u015f\u0131ya olan evrensel toplumun par\u00e7as\u0131 olarak, bar\u0131\u015f\u00e7\u0131l bir ya\u015fam i\u00e7in bir\u00e7ok zorluk te\u015fkil etmektedir. \u0130klim de\u011fi\u015fikli\u011fi, ekonomik ve sosyal dengesizlikler, bunlar\u0131n hepsi, sadece d\u0131\u015fsal \u00e7\u00f6z\u00fcmler arayarak dengeleyemeyece\u011fimiz, insani fark\u0131ndal\u0131\u011f\u0131m\u0131zdaki derin \u00e7at\u0131\u015fman\u0131n belirtileridir. Bizler mant\u0131ks\u0131z bir \u015fekilde, sorunlar\u0131n \u00e7\u00f6z\u00fcmlerini kendi i\u00e7imize derinlemesine bakmadan ve varolu\u015fumuzun ger\u00e7ek anlam\u0131n\u0131 bilmeden, d\u0131\u015far\u0131da aramaya devam ediyoruz. E\u011fer do\u011fu\u015ftan gelen \u00f6z\u00fcm\u00fcz ile ba\u011flant\u0131 kurabilirsek, \u00e7\u00f6z\u00fcmleri sa\u011flayacak olan kayna\u011fa ula\u015fabiliriz.<\/p>\n<h4>Merkezi yolumuzu bulmak i\u00e7in kendi i\u00e7sel s\u00fcptil dengemizin fark\u0131nda olmam\u0131z gerekir. Di\u015fil (yin) ve eril (yang) arketipler ki\u015fili\u011fimizi \u015fekillendirerek, kendilerini, sa\u011f ve sol kanallar\u0131m\u0131zdaki s\u00fcptil enerji dengesini etkileyen duygular\u0131m\u0131z\u0131n, arzular\u0131m\u0131z\u0131n ve eylemlerimizin do\u011fas\u0131nda ifade ederler. Ya\u015fam tarz\u0131m\u0131zdaki a\u015f\u0131r\u0131 e\u011filimler bu do\u011fal dengeyi bozar; fiziksel, zihinsel ve duygusal sorunlar ya\u015far\u0131z.<\/h4>\n<p>Sahaja Yoga meditasyonu bizi d\u00fc\u015f\u00fcncesiz fark\u0131ndal\u0131\u011f\u0131n yeni haliyle tan\u0131\u015ft\u0131r\u0131r. Derin sessizlik halinde kendimiz, ortak duygular\u0131 payla\u015ft\u0131\u011f\u0131m\u0131z insanlar ve toplumumuz i\u00e7in do\u011fru yolu buluruz. Her \u015fey kendili\u011finden geli\u015ferek hayal g\u00fcc\u00fcm\u00fcz\u00fcn \u00f6tesinde yepyeni bir d\u00fcnya g\u00f6zler \u00f6n\u00fcne serilir.<\/p>\n<h5>&#8220;Biz yaln\u0131z d\u00fcnyay\u0131 yans\u0131t\u0131r\u0131z. D\u0131\u015f d\u00fcnyada mevcut olan t\u00fcm e\u011filimler bedenimizin ya\u015fam\u0131nda da bulunur. Kendimizi de\u011fi\u015ftirebilirsek, d\u00fcnyadaki e\u011filimler de de\u011fi\u015fir. Bir insan kendi do\u011fas\u0131n\u0131 de\u011fi\u015ftirdik\u00e7e, d\u00fcnyan\u0131n da ona kar\u015f\u0131 tutumu de\u011fi\u015fir. Bu bir y\u00fcce ilahi gizemdir. Ola\u011fan\u00fcst\u00fcd\u00fcr ve mutlulu\u011fumuzun kayna\u011f\u0131d\u0131r. Ba\u015fkalar\u0131n\u0131n ne yapt\u0131\u011f\u0131n\u0131 g\u00f6rmek i\u00e7in beklememize gerek yok.&#8221;<\/h5>\n<h5>Mahatma Gandhi<\/h5>\n<p>Sahaja Yoga meditasyonu ruhsal deneyimimizi derinle\u015ftirmek i\u00e7in zihnimizin \u00f6tesindeki bir alemde, bize e\u015fsiz bir an sunar. Bu, kendimizi d\u00fc\u015f\u00fcnce karma\u015fas\u0131ndan ger\u00e7ekten uzakla\u015ft\u0131rabilece\u011fimiz huzurlu bir zamand\u0131r. Ne olaca\u011f\u0131n\u0131 ya da zaten olmu\u015f olan\u0131 d\u00fc\u015f\u00fcnmek. D\u00fc\u015f\u00fcncesiz fark\u0131ndal\u0131k \u015fimdiki ana odaklanmam\u0131z\u0131 sa\u011flar ki bu da ya\u015famdaki herhangi bir durumla bar\u0131\u015f\u00e7\u0131l bir \u015fekilde ba\u015fa \u00e7\u0131kmak i\u00e7in gereklidir.<\/p>\n<div class=\"epyt-video-wrapper\"><div  data-ep-a=\"fadeIn\"  style=\"display: block; margin: 0px auto;\"  id=\"_ytid_45326\"  width=\"3840\" height=\"2160\"  data-origwidth=\"3840\" data-origheight=\"2160\" data-facadesrc=\"https:\/\/www.youtube.com\/embed\/vM4CGusCUAk?enablejsapi=1&autoplay=0&cc_load_policy=0&cc_lang_pref=&iv_load_policy=1&loop=0&rel=0&fs=1&playsinline=1&autohide=2&theme=dark&color=red&controls=1&disablekb=0&\" class=\"__youtube_prefs__ epyt-facade  no-lazyload\" data-epautoplay=\"1\" ><img decoding=\"async\" data-spai-excluded=\"true\" class=\"epyt-facade-poster skip-lazy\" loading=\"lazy\"  alt=\"YouTube player\"  src=\"https:\/\/i.ytimg.com\/vi\/vM4CGusCUAk\/maxresdefault.jpg\"  \/><button class=\"epyt-facade-play\" aria-label=\"Play\"><svg data-no-lazy=\"1\" height=\"100%\" version=\"1.1\" viewBox=\"0 0 68 48\" width=\"100%\"><path class=\"ytp-large-play-button-bg\" d=\"M66.52,7.74c-0.78-2.93-2.49-5.41-5.42-6.19C55.79,.13,34,0,34,0S12.21,.13,6.9,1.55 C3.97,2.33,2.27,4.81,1.48,7.74C0.06,13.05,0,24,0,24s0.06,10.95,1.48,16.26c0.78,2.93,2.49,5.41,5.42,6.19 C12.21,47.87,34,48,34,48s21.79-0.13,27.1-1.55c2.93-0.78,4.64-3.26,5.42-6.19C67.94,34.95,68,24,68,24S67.94,13.05,66.52,7.74z\" fill=\"#f00\"><\/path><path d=\"M 45,24 27,14 27,34\" fill=\"#fff\"><\/path><\/svg><\/button><\/div><\/div><span itemprop=\"video\" itemscope itemtype=\"http:\/\/schema.org\/VideoObject\"><meta itemprop=\"embedUrl\" content=\"https:\/\/www.youtube.com\/embed\/vM4CGusCUAk\"><meta itemprop=\"name\" content=\"Establishing balance\"><meta itemprop=\"description\" content=\"YouTube video\"><meta itemprop=\"thumbnailUrl\" content=\"https:\/\/i.ytimg.com\/vi\/vM4CGusCUAk\/0.jpg\"><meta itemprop=\"duration\" content=\"PT2M40S\"><meta itemprop=\"uploadDate\" content=\"2022-11-12T03:29:52Z\"><\/span>\n\t<div class=\"su-quote su-quote-style-default\"><div class=\"su-quote-inner su-u-clearfix su-u-trim\">\n<p>Kendinizi tan\u0131y\u0131n, dengeleyin ve geli\u015ftirin. Harika insanlara d\u00f6n\u00fc\u015f\u00fcn.<\/p>\n<\/div><\/div>\n\n","protected":false},"excerpt":{"rendered":"<p>Denge Kurmak Ya\u015famda Yin ve Yang G\u00fcn\u00fcm\u00fcz\u00fcn h\u0131zl\u0131 tempolu d\u00fcnyas\u0131, hem birey olarak kendi i\u00e7imizde hem de k\u00fcresel sorunlarla kar\u015f\u0131 kar\u015f\u0131ya olan evrensel toplumun par\u00e7as\u0131 olarak, bar\u0131\u015f\u00e7\u0131l bir ya\u015fam i\u00e7in bir\u00e7ok zorluk te\u015fkil etmektedir. \u0130klim de\u011fi\u015fikli\u011fi, ekonomik ve sosyal dengesizlikler, bunlar\u0131n hepsi, sadece d\u0131\u015fsal \u00e7\u00f6z\u00fcmler arayarak dengeleyemeyece\u011fimiz, insani fark\u0131ndal\u0131\u011f\u0131m\u0131zdaki derin \u00e7at\u0131\u015fman\u0131n belirtileridir. Bizler mant\u0131ks\u0131z bir&hellip; <br \/> <a class=\"read-more\" href=\"https:\/\/shrimataji.org\/test\/tr\/denge-kurmak\/\">Read more<\/a><\/p>\n","protected":false},"author":12,"featured_media":9260,"parent":0,"menu_order":0,"comment_status":"closed","ping_status":"closed","template":"","meta":{"inline_featured_image":false,"footnotes":""},"class_list":["post-10153","page","type-page","status-publish","has-post-thumbnail","hentry"],"yoast_head":"<!-- This site is optimized with the Yoast SEO plugin v27.4 - https:\/\/yoast.com\/product\/yoast-seo-wordpress\/ -->\n<title>Denge Kurmak - TEST - SMND<\/title>\n<meta name=\"robots\" content=\"noindex, follow, max-snippet:-1, max-image-preview:large, max-video-preview:-1\" \/>\n<meta property=\"og:locale\" content=\"en_US\" \/>\n<meta property=\"og:type\" content=\"article\" \/>\n<meta property=\"og:title\" content=\"Denge Kurmak - TEST - SMND\" \/>\n<meta property=\"og:description\" content=\"Denge Kurmak Ya\u015famda Yin ve Yang G\u00fcn\u00fcm\u00fcz\u00fcn h\u0131zl\u0131 tempolu d\u00fcnyas\u0131, hem birey olarak kendi i\u00e7imizde hem de k\u00fcresel sorunlarla kar\u015f\u0131 kar\u015f\u0131ya olan evrensel toplumun par\u00e7as\u0131 olarak, bar\u0131\u015f\u00e7\u0131l bir ya\u015fam i\u00e7in bir\u00e7ok zorluk te\u015fkil etmektedir. \u0130klim de\u011fi\u015fikli\u011fi, ekonomik ve sosyal dengesizlikler, bunlar\u0131n hepsi, sadece d\u0131\u015fsal \u00e7\u00f6z\u00fcmler arayarak dengeleyemeyece\u011fimiz, insani fark\u0131ndal\u0131\u011f\u0131m\u0131zdaki derin \u00e7at\u0131\u015fman\u0131n belirtileridir. Bizler mant\u0131ks\u0131z bir&hellip; Read more\" \/>\n<meta property=\"og:url\" content=\"https:\/\/shrimataji.org\/test\/tr\/denge-kurmak\/\" \/>\n<meta property=\"og:site_name\" content=\"TEST - SMND\" \/>\n<meta property=\"article:publisher\" content=\"https:\/\/www.facebook.com\/shrimataji\" \/>\n<meta property=\"article:modified_time\" content=\"2024-07-12T00:01:56+00:00\" \/>\n<meta property=\"og:image\" content=\"https:\/\/shrimataji.org\/test\/wp-content\/uploads\/2023\/03\/25_Banner-SY-Balance-scaled.jpg\" \/>\n\t<meta property=\"og:image:width\" content=\"2560\" \/>\n\t<meta property=\"og:image:height\" content=\"905\" \/>\n\t<meta property=\"og:image:type\" content=\"image\/jpeg\" \/>\n<meta name=\"twitter:card\" content=\"summary_large_image\" \/>\n<meta name=\"twitter:site\" content=\"@shrimataji\" \/>\n<meta name=\"twitter:label1\" content=\"Est. reading time\" \/>\n\t<meta name=\"twitter:data1\" content=\"2 minutes\" \/>\n<script type=\"application\/ld+json\" class=\"yoast-schema-graph\">{\"@context\":\"https:\\\/\\\/schema.org\",\"@graph\":[{\"@type\":\"WebPage\",\"@id\":\"https:\\\/\\\/shrimataji.org\\\/test\\\/tr\\\/denge-kurmak\\\/\",\"url\":\"https:\\\/\\\/shrimataji.org\\\/test\\\/tr\\\/denge-kurmak\\\/\",\"name\":\"Denge Kurmak - TEST - SMND\",\"isPartOf\":{\"@id\":\"https:\\\/\\\/shrimataji.org\\\/test\\\/#website\"},\"primaryImageOfPage\":{\"@id\":\"https:\\\/\\\/shrimataji.org\\\/test\\\/tr\\\/denge-kurmak\\\/#primaryimage\"},\"image\":{\"@id\":\"https:\\\/\\\/shrimataji.org\\\/test\\\/tr\\\/denge-kurmak\\\/#primaryimage\"},\"thumbnailUrl\":\"https:\\\/\\\/shrimataji.org\\\/test\\\/wp-content\\\/uploads\\\/2023\\\/03\\\/25_Banner-SY-Balance-scaled.jpg\",\"datePublished\":\"2022-01-29T09:41:42+00:00\",\"dateModified\":\"2024-07-12T00:01:56+00:00\",\"breadcrumb\":{\"@id\":\"https:\\\/\\\/shrimataji.org\\\/test\\\/tr\\\/denge-kurmak\\\/#breadcrumb\"},\"inLanguage\":\"en-US\",\"potentialAction\":[{\"@type\":\"ReadAction\",\"target\":[\"https:\\\/\\\/shrimataji.org\\\/test\\\/tr\\\/denge-kurmak\\\/\"]}]},{\"@type\":\"ImageObject\",\"inLanguage\":\"en-US\",\"@id\":\"https:\\\/\\\/shrimataji.org\\\/test\\\/tr\\\/denge-kurmak\\\/#primaryimage\",\"url\":\"https:\\\/\\\/shrimataji.org\\\/test\\\/wp-content\\\/uploads\\\/2023\\\/03\\\/25_Banner-SY-Balance-scaled.jpg\",\"contentUrl\":\"https:\\\/\\\/shrimataji.org\\\/test\\\/wp-content\\\/uploads\\\/2023\\\/03\\\/25_Banner-SY-Balance-scaled.jpg\",\"width\":2560,\"height\":905},{\"@type\":\"BreadcrumbList\",\"@id\":\"https:\\\/\\\/shrimataji.org\\\/test\\\/tr\\\/denge-kurmak\\\/#breadcrumb\",\"itemListElement\":[{\"@type\":\"ListItem\",\"position\":1,\"name\":\"Home\",\"item\":\"https:\\\/\\\/shrimataji.org\\\/test\\\/uk\\\/home-en\\\/\"},{\"@type\":\"ListItem\",\"position\":2,\"name\":\"Denge Kurmak\"}]},{\"@type\":\"WebSite\",\"@id\":\"https:\\\/\\\/shrimataji.org\\\/test\\\/#website\",\"url\":\"https:\\\/\\\/shrimataji.org\\\/test\\\/\",\"name\":\"Shri Mataji Nirmala Devi\",\"description\":\"A Life Dedicated to Humanity\",\"publisher\":{\"@id\":\"https:\\\/\\\/shrimataji.org\\\/test\\\/#\\\/schema\\\/person\\\/a1b3419c6585f164aa96da1ff85715d1\"},\"potentialAction\":[{\"@type\":\"SearchAction\",\"target\":{\"@type\":\"EntryPoint\",\"urlTemplate\":\"https:\\\/\\\/shrimataji.org\\\/test\\\/?s={search_term_string}\"},\"query-input\":{\"@type\":\"PropertyValueSpecification\",\"valueRequired\":true,\"valueName\":\"search_term_string\"}}],\"inLanguage\":\"en-US\"},{\"@type\":[\"Person\",\"Organization\"],\"@id\":\"https:\\\/\\\/shrimataji.org\\\/test\\\/#\\\/schema\\\/person\\\/a1b3419c6585f164aa96da1ff85715d1\",\"name\":\"Nirmala Shrivastava\",\"image\":{\"@type\":\"ImageObject\",\"inLanguage\":\"en-US\",\"@id\":\"https:\\\/\\\/shrimataji.org\\\/test\\\/wp-content\\\/uploads\\\/2023\\\/02\\\/SMO_LOGO-03.svg\",\"url\":\"https:\\\/\\\/shrimataji.org\\\/test\\\/wp-content\\\/uploads\\\/2023\\\/02\\\/SMO_LOGO-03.svg\",\"contentUrl\":\"https:\\\/\\\/shrimataji.org\\\/test\\\/wp-content\\\/uploads\\\/2023\\\/02\\\/SMO_LOGO-03.svg\",\"width\":\"1024\",\"height\":\"1024\",\"caption\":\"Nirmala Shrivastava\"},\"logo\":{\"@id\":\"https:\\\/\\\/shrimataji.org\\\/test\\\/wp-content\\\/uploads\\\/2023\\\/02\\\/SMO_LOGO-03.svg\"},\"sameAs\":[\"https:\\\/\\\/shrimataji.org\\\/test\",\"https:\\\/\\\/www.facebook.com\\\/shrimataji\",\"https:\\\/\\\/x.com\\\/shrimataji\",\"https:\\\/\\\/www.youtube.com\\\/@Shri_Mataji_Nirmala_Devi\\\/featured\"]}]}<\/script>\n<!-- \/ Yoast SEO plugin. -->","yoast_head_json":{"title":"Denge Kurmak - TEST - SMND","robots":{"index":"noindex","follow":"follow","max-snippet":"max-snippet:-1","max-image-preview":"max-image-preview:large","max-video-preview":"max-video-preview:-1"},"og_locale":"en_US","og_type":"article","og_title":"Denge Kurmak - TEST - SMND","og_description":"Denge Kurmak Ya\u015famda Yin ve Yang G\u00fcn\u00fcm\u00fcz\u00fcn h\u0131zl\u0131 tempolu d\u00fcnyas\u0131, hem birey olarak kendi i\u00e7imizde hem de k\u00fcresel sorunlarla kar\u015f\u0131 kar\u015f\u0131ya olan evrensel toplumun par\u00e7as\u0131 olarak, bar\u0131\u015f\u00e7\u0131l bir ya\u015fam i\u00e7in bir\u00e7ok zorluk te\u015fkil etmektedir. \u0130klim de\u011fi\u015fikli\u011fi, ekonomik ve sosyal dengesizlikler, bunlar\u0131n hepsi, sadece d\u0131\u015fsal \u00e7\u00f6z\u00fcmler arayarak dengeleyemeyece\u011fimiz, insani fark\u0131ndal\u0131\u011f\u0131m\u0131zdaki derin \u00e7at\u0131\u015fman\u0131n belirtileridir. Bizler mant\u0131ks\u0131z bir&hellip; Read more","og_url":"https:\/\/shrimataji.org\/test\/tr\/denge-kurmak\/","og_site_name":"TEST - SMND","article_publisher":"https:\/\/www.facebook.com\/shrimataji","article_modified_time":"2024-07-12T00:01:56+00:00","og_image":[{"width":2560,"height":905,"url":"https:\/\/shrimataji.org\/test\/wp-content\/uploads\/2023\/03\/25_Banner-SY-Balance-scaled.jpg","type":"image\/jpeg"}],"twitter_card":"summary_large_image","twitter_site":"@shrimataji","twitter_misc":{"Est. reading time":"2 minutes"},"schema":{"@context":"https:\/\/schema.org","@graph":[{"@type":"WebPage","@id":"https:\/\/shrimataji.org\/test\/tr\/denge-kurmak\/","url":"https:\/\/shrimataji.org\/test\/tr\/denge-kurmak\/","name":"Denge Kurmak - TEST - SMND","isPartOf":{"@id":"https:\/\/shrimataji.org\/test\/#website"},"primaryImageOfPage":{"@id":"https:\/\/shrimataji.org\/test\/tr\/denge-kurmak\/#primaryimage"},"image":{"@id":"https:\/\/shrimataji.org\/test\/tr\/denge-kurmak\/#primaryimage"},"thumbnailUrl":"https:\/\/shrimataji.org\/test\/wp-content\/uploads\/2023\/03\/25_Banner-SY-Balance-scaled.jpg","datePublished":"2022-01-29T09:41:42+00:00","dateModified":"2024-07-12T00:01:56+00:00","breadcrumb":{"@id":"https:\/\/shrimataji.org\/test\/tr\/denge-kurmak\/#breadcrumb"},"inLanguage":"en-US","potentialAction":[{"@type":"ReadAction","target":["https:\/\/shrimataji.org\/test\/tr\/denge-kurmak\/"]}]},{"@type":"ImageObject","inLanguage":"en-US","@id":"https:\/\/shrimataji.org\/test\/tr\/denge-kurmak\/#primaryimage","url":"https:\/\/shrimataji.org\/test\/wp-content\/uploads\/2023\/03\/25_Banner-SY-Balance-scaled.jpg","contentUrl":"https:\/\/shrimataji.org\/test\/wp-content\/uploads\/2023\/03\/25_Banner-SY-Balance-scaled.jpg","width":2560,"height":905},{"@type":"BreadcrumbList","@id":"https:\/\/shrimataji.org\/test\/tr\/denge-kurmak\/#breadcrumb","itemListElement":[{"@type":"ListItem","position":1,"name":"Home","item":"https:\/\/shrimataji.org\/test\/uk\/home-en\/"},{"@type":"ListItem","position":2,"name":"Denge Kurmak"}]},{"@type":"WebSite","@id":"https:\/\/shrimataji.org\/test\/#website","url":"https:\/\/shrimataji.org\/test\/","name":"Shri Mataji Nirmala Devi","description":"A Life Dedicated to Humanity","publisher":{"@id":"https:\/\/shrimataji.org\/test\/#\/schema\/person\/a1b3419c6585f164aa96da1ff85715d1"},"potentialAction":[{"@type":"SearchAction","target":{"@type":"EntryPoint","urlTemplate":"https:\/\/shrimataji.org\/test\/?s={search_term_string}"},"query-input":{"@type":"PropertyValueSpecification","valueRequired":true,"valueName":"search_term_string"}}],"inLanguage":"en-US"},{"@type":["Person","Organization"],"@id":"https:\/\/shrimataji.org\/test\/#\/schema\/person\/a1b3419c6585f164aa96da1ff85715d1","name":"Nirmala Shrivastava","image":{"@type":"ImageObject","inLanguage":"en-US","@id":"https:\/\/shrimataji.org\/test\/wp-content\/uploads\/2023\/02\/SMO_LOGO-03.svg","url":"https:\/\/shrimataji.org\/test\/wp-content\/uploads\/2023\/02\/SMO_LOGO-03.svg","contentUrl":"https:\/\/shrimataji.org\/test\/wp-content\/uploads\/2023\/02\/SMO_LOGO-03.svg","width":"1024","height":"1024","caption":"Nirmala Shrivastava"},"logo":{"@id":"https:\/\/shrimataji.org\/test\/wp-content\/uploads\/2023\/02\/SMO_LOGO-03.svg"},"sameAs":["https:\/\/shrimataji.org\/test","https:\/\/www.facebook.com\/shrimataji","https:\/\/x.com\/shrimataji","https:\/\/www.youtube.com\/@Shri_Mataji_Nirmala_Devi\/featured"]}]}},"lang":"tr","translations":{"tr":10153,"ur":37421,"en":6385,"am":17992,"th":19932,"hu":19467,"sq":18393,"zh":17290,"hi":8343,"pt":10366,"de":10640,"fr":10738,"it":10836,"es":10933,"ja":11230,"ru":11418,"bn":11610,"te":11718,"sw":11841,"he":11989,"el":12280,"sk":12378,"fa":12476,"fi":12574,"bg":13402,"ro":14476,"cs":14669,"nl":16553,"ku":16713,"ar":16889,"be":18600,"kn":18874,"mr":20296,"uk":20588,"ml":20887,"ta":22708,"sv":22981,"gu":28829,"pa":28987,"fil":29427,"da":37735,"pl":37952,"nn":38287},"pll_sync_post":[],"_links":{"self":[{"href":"https:\/\/shrimataji.org\/test\/wp-json\/wp\/v2\/pages\/10153","targetHints":{"allow":["GET"]}}],"collection":[{"href":"https:\/\/shrimataji.org\/test\/wp-json\/wp\/v2\/pages"}],"about":[{"href":"https:\/\/shrimataji.org\/test\/wp-json\/wp\/v2\/types\/page"}],"author":[{"embeddable":true,"href":"https:\/\/shrimataji.org\/test\/wp-json\/wp\/v2\/users\/12"}],"replies":[{"embeddable":true,"href":"https:\/\/shrimataji.org\/test\/wp-json\/wp\/v2\/comments?post=10153"}],"version-history":[{"count":0,"href":"https:\/\/shrimataji.org\/test\/wp-json\/wp\/v2\/pages\/10153\/revisions"}],"wp:featuredmedia":[{"embeddable":true,"href":"https:\/\/shrimataji.org\/test\/wp-json\/wp\/v2\/media\/9260"}],"wp:attachment":[{"href":"https:\/\/shrimataji.org\/test\/wp-json\/wp\/v2\/media?parent=10153"}],"curies":[{"name":"wp","href":"https:\/\/api.w.org\/{rel}","templated":true}]}}