{"id":10155,"date":"2022-01-23T02:49:35","date_gmt":"2022-01-23T02:49:35","guid":{"rendered":"https:\/\/test.shrimataji.org\/?page_id=6269"},"modified":"2024-07-12T00:01:53","modified_gmt":"2024-07-12T00:01:53","slug":"aydinlanma-deneyimi","status":"publish","type":"page","link":"https:\/\/shrimataji.org\/test\/tr\/aydinlanma-deneyimi\/","title":{"rendered":"Ayd\u0131nlanma Deneyimi"},"content":{"rendered":"\n\n\t<h1>Ayd\u0131nlanma Deneyimi<\/h1>\n<h2>Sadece Saf bir Arzuya \u0130htiyac\u0131n\u0131z Var<\/h2>\n<div class=\"su-quote su-quote-style-default\"><div class=\"su-quote-inner su-u-clearfix su-u-trim\"> Bu evrimle\u015fme konumuna ula\u015fmak herkesin hakk\u0131d\u0131r ve bunun i\u00e7in gerekli olan her\u015fey ki\u015finin i\u00e7inde mevcuttur. Ancak \u00f6zg\u00fcrl\u00fc\u011f\u00fcn\u00fcze sayg\u0131 duyuyorum, bu konuma ula\u015fmay\u0131 siz arzu etmelisiniz, bu size dayat\u0131lamaz. <\/div><\/div>\n\t<p><b>Shri Mataji, insanl\u0131k tarihinde d\u00fcnya \u00e7ap\u0131ndaki binlerce halka a\u00e7\u0131k programda kitlesel ayd\u0131nlanma deneyimi veren tek ruhani Guru&#8217;dur. Milyonlarca ki\u015fi hayatlar\u0131nda bir d\u00f6n\u00fcm noktas\u0131 haline gelen bu e\u015fsiz deneyimden yararlanm\u0131\u015ft\u0131r. Programlar\u0131na kat\u0131lan hakikati arayanlar, ayd\u0131nlanmalar\u0131n\u0131 tam bir i\u00e7sel sessizlik, rahatlam\u0131\u015f bir fiziksel beden ve \u00e7o\u011fu zaman avu\u00e7 i\u00e7lerinde ve bazen de t\u00fcm bedenlerinde s\u0131cak veya serin bir esinti olarak deneyimlemi\u015ftir.<\/b><\/p>\n<p>A\u015fa\u011f\u0131daki ad\u0131mlar ayd\u0131nlanma deneyimine haz\u0131rlanman\u0131za yard\u0131mc\u0131 olacakt\u0131r. S\u0131rt\u0131n\u0131z dik ve rahat bir \u015fekilde oturun, ayakkab\u0131lar\u0131n\u0131z\u0131 \u00e7\u0131karman\u0131z da yard\u0131mc\u0131 olabilir \u00e7\u00fcnk\u00fc Toprak Ana t\u00fcm negatif enerjileri ayaklar\u0131m\u0131zdan emer.<\/p>\n<p>Her iki elinizi de avu\u00e7 i\u00e7leriniz yukar\u0131 bakacak \u015fekilde dizlerinize koyun. Dikkatinizi toplamak i\u00e7in Shri Mataji&#8217;nin resmine bakabilirsiniz. \u0130\u00e7inizdeki huzuru hissettikten sonra d\u00fc\u015f\u00fcncelerinizi izlemeye \u00e7al\u0131\u015f\u0131n.<\/p>\n<p>Tam bir i\u00e7sel sessizlik ya\u015fad\u0131\u011f\u0131n\u0131zda ve belki sonra da avu\u00e7 i\u00e7lerinizde veya ba\u015f\u0131n\u0131z\u0131n \u00fczerinde b\u0131ng\u0131ldak b\u00f6lgesinde hafif serin bir esinti hissederseniz bilin ki ayd\u0131nlanm\u0131\u015f bir ruhsunuz ve do\u011fal olarak i\u00e7sel ayd\u0131nlanman\u0131z\u0131 ger\u00e7ekle\u015ftirdiniz. Bu \u00e7ok iyi bir ba\u015flang\u0131\u00e7t\u0131r ve daha sonraki ad\u0131mlar meditasyon deneyiminizde derinle\u015fmenize yard\u0131mc\u0131 olacakt\u0131r.<\/p>\n<p>&nbsp;<\/p>\n\t\t\t\t<img loading=\"lazy\" decoding=\"async\" src=\"https:\/\/shrimataji.org\/test\/wp-content\/uploads\/2023\/02\/ShriMataji_BW.webp\" alt=\"ShriMataji_BW\" height=\"960\" width=\"671\" title=\"ShriMataji_BW\" \/>\n\t<img decoding=\"async\" data-spai-excluded=\"true\" loading=\"lazy\" alt=\"YouTube player\" src=\"https:\/\/i.ytimg.com\/vi\/sPcljs9WaPE\/maxresdefault.jpg\" \/><button aria-label=\"Play\"><\/button>\n\t<p>\u015eimdi, rehberli meditasyonun sonunda, kendinizi rahatlam\u0131\u015f hissetti\u011finizi ve d\u00fc\u015f\u00fcncelerinizin sakinle\u015fip yava\u015f\u00e7a kayboldu\u011funu fark edin. Bu meditasyonun ilk halidir &#8211; d\u00fc\u015f\u00fcncesiz fark\u0131ndal\u0131k. Kendinizin ve \u00e7evrenizin saf ve huzurlu bir fark\u0131ndal\u0131k halidir.<\/p>\n<p>\u015eimdi avu\u00e7 i\u00e7lerinizde ve ba\u015f\u0131n\u0131z\u0131n \u00fcst\u00fcnde b\u0131ng\u0131ldak kemi\u011fi b\u00f6lgesinde hafif serin bir esinti hissedip hissetmedi\u011finize bak\u0131n. Ba\u015flang\u0131\u00e7ta s\u0131cakl\u0131k hissedebilirsiniz, bu <a href=\"https:\/\/shrimataji.org\/tr\/kundalini\">Kundalini<\/a> enerjinizin s\u00fcptil sisteminizi ar\u0131nd\u0131rd\u0131\u011f\u0131n\u0131n bir i\u015faretidir, ancak sonunda serinleyecektir. \u00d6nce sol avucunuzu ba\u015f\u0131n\u0131z\u0131n biraz \u00fczerinde tutarak ve ard\u0131ndan da sa\u011f avucunuzla deneyerek bunu do\u011frulayabilirsiniz.<\/p>\n<p>Bunu hissedemiyorsan\u0131z, \u00e7e\u015fitli nedenleri olabilir. En s\u0131k rastlanan nedenlerinden biri affedemiyor olmam\u0131zd\u0131r. Kalbinizden birka\u00e7 kez &#8220;Anne (ya da Shri Mataji demeyi tercih ederseniz), herkesi affediyorum&#8221; demeniz ve ba\u015f\u0131n\u0131z\u0131n \u00fczerinde serin bir esinti hissedip hissetmedi\u011finizi tekrar kontrol etmeniz size yard\u0131mc\u0131 olabilir.<\/p>\n<p>Bu, art\u0131k tam bir huzur ve uyum i\u00e7inde a\u00e7\u0131laca\u011f\u0131n\u0131z ebedi ruhsal varolu\u015f alan\u0131na, i\u00e7sel yolculu\u011funuzun ba\u015flang\u0131c\u0131d\u0131r. D\u00fczenli meditasyonla bu yeni fark\u0131ndal\u0131\u011f\u0131 s\u00fcrd\u00fcrerek, hem kendinizin hem de di\u011fer insanlar\u0131n s\u00fcptil sisteminin durumunu parmak u\u00e7lar\u0131n\u0131zda hissedebilecek ve do\u011fu\u015ftan gelen ruhsal enerjinizle (Kundalini) bunlar\u0131 d\u00fczeltebileceksiniz.<\/p>\n<p>Takip eden b\u00f6l\u00fcmler <a href=\"https:\/\/shrimataji.org\/tr\/sahaja-yoga\/\">Sahaja Yoga Meditasyonu<\/a> hakk\u0131nda daha fazla bilgi edinmenize ve ayr\u0131ca evde basit ve zahmetsiz bir meditasyonu nas\u0131l uygulayabilece\u011finize dair yard\u0131mc\u0131 olacakt\u0131r. <a href=\"https:\/\/shrimataji.org\/tr\/kolektif-meditasyon\/\">Kolektif Meditasyon<\/a> b\u00f6l\u00fcm\u00fc, Shri Mataji&#8217;nin tavsiye etti\u011fi gibi kolektif meditasyon hakk\u0131nda bilgi edinmenizi ve d\u00fcnya \u00e7ap\u0131ndaki Sahaja Yoga meditasyon merkezlerine eri\u015fmenizi sa\u011flayacakt\u0131r.<\/p>\n\n","protected":false},"excerpt":{"rendered":"<p>Ayd\u0131nlanma Deneyimi Sadece Saf bir Arzuya \u0130htiyac\u0131n\u0131z Var Shri Mataji, insanl\u0131k tarihinde d\u00fcnya \u00e7ap\u0131ndaki binlerce halka a\u00e7\u0131k programda kitlesel ayd\u0131nlanma deneyimi veren tek ruhani Guru&#8217;dur. Milyonlarca ki\u015fi hayatlar\u0131nda bir d\u00f6n\u00fcm noktas\u0131 haline gelen bu e\u015fsiz deneyimden yararlanm\u0131\u015ft\u0131r. Programlar\u0131na kat\u0131lan hakikati arayanlar, ayd\u0131nlanmalar\u0131n\u0131 tam bir i\u00e7sel sessizlik, rahatlam\u0131\u015f bir fiziksel beden ve \u00e7o\u011fu zaman avu\u00e7 i\u00e7lerinde&hellip; <br \/> <a class=\"read-more\" href=\"https:\/\/shrimataji.org\/test\/tr\/aydinlanma-deneyimi\/\">Read more<\/a><\/p>\n","protected":false},"author":12,"featured_media":9265,"parent":0,"menu_order":0,"comment_status":"closed","ping_status":"closed","template":"","meta":{"inline_featured_image":false,"footnotes":""},"class_list":["post-10155","page","type-page","status-publish","has-post-thumbnail","hentry"],"yoast_head":"<!-- This site is optimized with the Yoast SEO plugin v27.4 - https:\/\/yoast.com\/product\/yoast-seo-wordpress\/ -->\n<title>Ayd\u0131nlanma Deneyimi - TEST - SMND<\/title>\n<meta name=\"robots\" content=\"noindex, follow, max-snippet:-1, max-image-preview:large, max-video-preview:-1\" \/>\n<meta property=\"og:locale\" content=\"en_US\" \/>\n<meta property=\"og:type\" content=\"article\" \/>\n<meta property=\"og:title\" content=\"Ayd\u0131nlanma Deneyimi - TEST - SMND\" \/>\n<meta property=\"og:description\" content=\"Ayd\u0131nlanma Deneyimi Sadece Saf bir Arzuya \u0130htiyac\u0131n\u0131z Var Shri Mataji, insanl\u0131k tarihinde d\u00fcnya \u00e7ap\u0131ndaki binlerce halka a\u00e7\u0131k programda kitlesel ayd\u0131nlanma deneyimi veren tek ruhani Guru&#8217;dur. Milyonlarca ki\u015fi hayatlar\u0131nda bir d\u00f6n\u00fcm noktas\u0131 haline gelen bu e\u015fsiz deneyimden yararlanm\u0131\u015ft\u0131r. Programlar\u0131na kat\u0131lan hakikati arayanlar, ayd\u0131nlanmalar\u0131n\u0131 tam bir i\u00e7sel sessizlik, rahatlam\u0131\u015f bir fiziksel beden ve \u00e7o\u011fu zaman avu\u00e7 i\u00e7lerinde&hellip; Read more\" \/>\n<meta property=\"og:url\" content=\"https:\/\/shrimataji.org\/test\/tr\/aydinlanma-deneyimi\/\" \/>\n<meta property=\"og:site_name\" content=\"TEST - SMND\" \/>\n<meta property=\"article:publisher\" content=\"https:\/\/www.facebook.com\/shrimataji\" \/>\n<meta property=\"article:modified_time\" content=\"2024-07-12T00:01:53+00:00\" \/>\n<meta property=\"og:image\" content=\"https:\/\/shrimataji.org\/test\/wp-content\/uploads\/2023\/03\/3_Banner-SY-Experience-2-scaled.jpg\" \/>\n\t<meta property=\"og:image:width\" content=\"2560\" \/>\n\t<meta property=\"og:image:height\" content=\"905\" \/>\n\t<meta property=\"og:image:type\" content=\"image\/jpeg\" \/>\n<meta name=\"twitter:card\" content=\"summary_large_image\" \/>\n<meta name=\"twitter:site\" content=\"@shrimataji\" \/>\n<meta name=\"twitter:label1\" content=\"Est. reading time\" \/>\n\t<meta name=\"twitter:data1\" content=\"2 minutes\" \/>\n<script type=\"application\/ld+json\" class=\"yoast-schema-graph\">{\"@context\":\"https:\\\/\\\/schema.org\",\"@graph\":[{\"@type\":\"WebPage\",\"@id\":\"https:\\\/\\\/shrimataji.org\\\/test\\\/tr\\\/aydinlanma-deneyimi\\\/\",\"url\":\"https:\\\/\\\/shrimataji.org\\\/test\\\/tr\\\/aydinlanma-deneyimi\\\/\",\"name\":\"Ayd\u0131nlanma Deneyimi - TEST - SMND\",\"isPartOf\":{\"@id\":\"https:\\\/\\\/shrimataji.org\\\/test\\\/#website\"},\"primaryImageOfPage\":{\"@id\":\"https:\\\/\\\/shrimataji.org\\\/test\\\/tr\\\/aydinlanma-deneyimi\\\/#primaryimage\"},\"image\":{\"@id\":\"https:\\\/\\\/shrimataji.org\\\/test\\\/tr\\\/aydinlanma-deneyimi\\\/#primaryimage\"},\"thumbnailUrl\":\"https:\\\/\\\/shrimataji.org\\\/test\\\/wp-content\\\/uploads\\\/2023\\\/03\\\/3_Banner-SY-Experience-2-scaled.jpg\",\"datePublished\":\"2022-01-23T02:49:35+00:00\",\"dateModified\":\"2024-07-12T00:01:53+00:00\",\"breadcrumb\":{\"@id\":\"https:\\\/\\\/shrimataji.org\\\/test\\\/tr\\\/aydinlanma-deneyimi\\\/#breadcrumb\"},\"inLanguage\":\"en-US\",\"potentialAction\":[{\"@type\":\"ReadAction\",\"target\":[\"https:\\\/\\\/shrimataji.org\\\/test\\\/tr\\\/aydinlanma-deneyimi\\\/\"]}]},{\"@type\":\"ImageObject\",\"inLanguage\":\"en-US\",\"@id\":\"https:\\\/\\\/shrimataji.org\\\/test\\\/tr\\\/aydinlanma-deneyimi\\\/#primaryimage\",\"url\":\"https:\\\/\\\/shrimataji.org\\\/test\\\/wp-content\\\/uploads\\\/2023\\\/03\\\/3_Banner-SY-Experience-2-scaled.jpg\",\"contentUrl\":\"https:\\\/\\\/shrimataji.org\\\/test\\\/wp-content\\\/uploads\\\/2023\\\/03\\\/3_Banner-SY-Experience-2-scaled.jpg\",\"width\":2560,\"height\":905},{\"@type\":\"BreadcrumbList\",\"@id\":\"https:\\\/\\\/shrimataji.org\\\/test\\\/tr\\\/aydinlanma-deneyimi\\\/#breadcrumb\",\"itemListElement\":[{\"@type\":\"ListItem\",\"position\":1,\"name\":\"Home\",\"item\":\"https:\\\/\\\/shrimataji.org\\\/test\\\/uk\\\/home-en\\\/\"},{\"@type\":\"ListItem\",\"position\":2,\"name\":\"Ayd\u0131nlanma Deneyimi\"}]},{\"@type\":\"WebSite\",\"@id\":\"https:\\\/\\\/shrimataji.org\\\/test\\\/#website\",\"url\":\"https:\\\/\\\/shrimataji.org\\\/test\\\/\",\"name\":\"Shri Mataji Nirmala Devi\",\"description\":\"A Life Dedicated to Humanity\",\"publisher\":{\"@id\":\"https:\\\/\\\/shrimataji.org\\\/test\\\/#\\\/schema\\\/person\\\/a1b3419c6585f164aa96da1ff85715d1\"},\"potentialAction\":[{\"@type\":\"SearchAction\",\"target\":{\"@type\":\"EntryPoint\",\"urlTemplate\":\"https:\\\/\\\/shrimataji.org\\\/test\\\/?s={search_term_string}\"},\"query-input\":{\"@type\":\"PropertyValueSpecification\",\"valueRequired\":true,\"valueName\":\"search_term_string\"}}],\"inLanguage\":\"en-US\"},{\"@type\":[\"Person\",\"Organization\"],\"@id\":\"https:\\\/\\\/shrimataji.org\\\/test\\\/#\\\/schema\\\/person\\\/a1b3419c6585f164aa96da1ff85715d1\",\"name\":\"Nirmala Shrivastava\",\"image\":{\"@type\":\"ImageObject\",\"inLanguage\":\"en-US\",\"@id\":\"https:\\\/\\\/shrimataji.org\\\/test\\\/wp-content\\\/uploads\\\/2023\\\/02\\\/SMO_LOGO-03.svg\",\"url\":\"https:\\\/\\\/shrimataji.org\\\/test\\\/wp-content\\\/uploads\\\/2023\\\/02\\\/SMO_LOGO-03.svg\",\"contentUrl\":\"https:\\\/\\\/shrimataji.org\\\/test\\\/wp-content\\\/uploads\\\/2023\\\/02\\\/SMO_LOGO-03.svg\",\"width\":\"1024\",\"height\":\"1024\",\"caption\":\"Nirmala Shrivastava\"},\"logo\":{\"@id\":\"https:\\\/\\\/shrimataji.org\\\/test\\\/wp-content\\\/uploads\\\/2023\\\/02\\\/SMO_LOGO-03.svg\"},\"sameAs\":[\"https:\\\/\\\/shrimataji.org\\\/test\",\"https:\\\/\\\/www.facebook.com\\\/shrimataji\",\"https:\\\/\\\/x.com\\\/shrimataji\",\"https:\\\/\\\/www.youtube.com\\\/@Shri_Mataji_Nirmala_Devi\\\/featured\"]}]}<\/script>\n<!-- \/ Yoast SEO plugin. -->","yoast_head_json":{"title":"Ayd\u0131nlanma Deneyimi - TEST - SMND","robots":{"index":"noindex","follow":"follow","max-snippet":"max-snippet:-1","max-image-preview":"max-image-preview:large","max-video-preview":"max-video-preview:-1"},"og_locale":"en_US","og_type":"article","og_title":"Ayd\u0131nlanma Deneyimi - TEST - SMND","og_description":"Ayd\u0131nlanma Deneyimi Sadece Saf bir Arzuya \u0130htiyac\u0131n\u0131z Var Shri Mataji, insanl\u0131k tarihinde d\u00fcnya \u00e7ap\u0131ndaki binlerce halka a\u00e7\u0131k programda kitlesel ayd\u0131nlanma deneyimi veren tek ruhani Guru&#8217;dur. Milyonlarca ki\u015fi hayatlar\u0131nda bir d\u00f6n\u00fcm noktas\u0131 haline gelen bu e\u015fsiz deneyimden yararlanm\u0131\u015ft\u0131r. Programlar\u0131na kat\u0131lan hakikati arayanlar, ayd\u0131nlanmalar\u0131n\u0131 tam bir i\u00e7sel sessizlik, rahatlam\u0131\u015f bir fiziksel beden ve \u00e7o\u011fu zaman avu\u00e7 i\u00e7lerinde&hellip; Read more","og_url":"https:\/\/shrimataji.org\/test\/tr\/aydinlanma-deneyimi\/","og_site_name":"TEST - SMND","article_publisher":"https:\/\/www.facebook.com\/shrimataji","article_modified_time":"2024-07-12T00:01:53+00:00","og_image":[{"width":2560,"height":905,"url":"https:\/\/shrimataji.org\/test\/wp-content\/uploads\/2023\/03\/3_Banner-SY-Experience-2-scaled.jpg","type":"image\/jpeg"}],"twitter_card":"summary_large_image","twitter_site":"@shrimataji","twitter_misc":{"Est. reading time":"2 minutes"},"schema":{"@context":"https:\/\/schema.org","@graph":[{"@type":"WebPage","@id":"https:\/\/shrimataji.org\/test\/tr\/aydinlanma-deneyimi\/","url":"https:\/\/shrimataji.org\/test\/tr\/aydinlanma-deneyimi\/","name":"Ayd\u0131nlanma Deneyimi - TEST - SMND","isPartOf":{"@id":"https:\/\/shrimataji.org\/test\/#website"},"primaryImageOfPage":{"@id":"https:\/\/shrimataji.org\/test\/tr\/aydinlanma-deneyimi\/#primaryimage"},"image":{"@id":"https:\/\/shrimataji.org\/test\/tr\/aydinlanma-deneyimi\/#primaryimage"},"thumbnailUrl":"https:\/\/shrimataji.org\/test\/wp-content\/uploads\/2023\/03\/3_Banner-SY-Experience-2-scaled.jpg","datePublished":"2022-01-23T02:49:35+00:00","dateModified":"2024-07-12T00:01:53+00:00","breadcrumb":{"@id":"https:\/\/shrimataji.org\/test\/tr\/aydinlanma-deneyimi\/#breadcrumb"},"inLanguage":"en-US","potentialAction":[{"@type":"ReadAction","target":["https:\/\/shrimataji.org\/test\/tr\/aydinlanma-deneyimi\/"]}]},{"@type":"ImageObject","inLanguage":"en-US","@id":"https:\/\/shrimataji.org\/test\/tr\/aydinlanma-deneyimi\/#primaryimage","url":"https:\/\/shrimataji.org\/test\/wp-content\/uploads\/2023\/03\/3_Banner-SY-Experience-2-scaled.jpg","contentUrl":"https:\/\/shrimataji.org\/test\/wp-content\/uploads\/2023\/03\/3_Banner-SY-Experience-2-scaled.jpg","width":2560,"height":905},{"@type":"BreadcrumbList","@id":"https:\/\/shrimataji.org\/test\/tr\/aydinlanma-deneyimi\/#breadcrumb","itemListElement":[{"@type":"ListItem","position":1,"name":"Home","item":"https:\/\/shrimataji.org\/test\/uk\/home-en\/"},{"@type":"ListItem","position":2,"name":"Ayd\u0131nlanma Deneyimi"}]},{"@type":"WebSite","@id":"https:\/\/shrimataji.org\/test\/#website","url":"https:\/\/shrimataji.org\/test\/","name":"Shri Mataji Nirmala Devi","description":"A Life Dedicated to Humanity","publisher":{"@id":"https:\/\/shrimataji.org\/test\/#\/schema\/person\/a1b3419c6585f164aa96da1ff85715d1"},"potentialAction":[{"@type":"SearchAction","target":{"@type":"EntryPoint","urlTemplate":"https:\/\/shrimataji.org\/test\/?s={search_term_string}"},"query-input":{"@type":"PropertyValueSpecification","valueRequired":true,"valueName":"search_term_string"}}],"inLanguage":"en-US"},{"@type":["Person","Organization"],"@id":"https:\/\/shrimataji.org\/test\/#\/schema\/person\/a1b3419c6585f164aa96da1ff85715d1","name":"Nirmala Shrivastava","image":{"@type":"ImageObject","inLanguage":"en-US","@id":"https:\/\/shrimataji.org\/test\/wp-content\/uploads\/2023\/02\/SMO_LOGO-03.svg","url":"https:\/\/shrimataji.org\/test\/wp-content\/uploads\/2023\/02\/SMO_LOGO-03.svg","contentUrl":"https:\/\/shrimataji.org\/test\/wp-content\/uploads\/2023\/02\/SMO_LOGO-03.svg","width":"1024","height":"1024","caption":"Nirmala Shrivastava"},"logo":{"@id":"https:\/\/shrimataji.org\/test\/wp-content\/uploads\/2023\/02\/SMO_LOGO-03.svg"},"sameAs":["https:\/\/shrimataji.org\/test","https:\/\/www.facebook.com\/shrimataji","https:\/\/x.com\/shrimataji","https:\/\/www.youtube.com\/@Shri_Mataji_Nirmala_Devi\/featured"]}]}},"lang":"tr","translations":{"tr":10155,"ur":37424,"en":7043,"pa":25836,"gu":25439,"th":19936,"hu":19470,"sq":18396,"zh":17293,"hi":8277,"pt":10368,"de":10642,"fr":10740,"it":10838,"es":10935,"ja":11232,"ru":11420,"bn":11612,"te":11720,"sw":11843,"he":11991,"el":12282,"sk":12380,"fa":12478,"fi":12576,"bg":13413,"ro":14487,"cs":14680,"nl":16556,"ku":16716,"ar":16892,"be":18603,"kn":18877,"mr":20300,"uk":20592,"ml":20891,"ta":22711,"sv":22984,"bs":27284,"fil":29430,"sd":30998,"da":37738,"pl":37955,"nn":38290},"pll_sync_post":[],"_links":{"self":[{"href":"https:\/\/shrimataji.org\/test\/wp-json\/wp\/v2\/pages\/10155","targetHints":{"allow":["GET"]}}],"collection":[{"href":"https:\/\/shrimataji.org\/test\/wp-json\/wp\/v2\/pages"}],"about":[{"href":"https:\/\/shrimataji.org\/test\/wp-json\/wp\/v2\/types\/page"}],"author":[{"embeddable":true,"href":"https:\/\/shrimataji.org\/test\/wp-json\/wp\/v2\/users\/12"}],"replies":[{"embeddable":true,"href":"https:\/\/shrimataji.org\/test\/wp-json\/wp\/v2\/comments?post=10155"}],"version-history":[{"count":0,"href":"https:\/\/shrimataji.org\/test\/wp-json\/wp\/v2\/pages\/10155\/revisions"}],"wp:featuredmedia":[{"embeddable":true,"href":"https:\/\/shrimataji.org\/test\/wp-json\/wp\/v2\/media\/9265"}],"wp:attachment":[{"href":"https:\/\/shrimataji.org\/test\/wp-json\/wp\/v2\/media?parent=10155"}],"curies":[{"name":"wp","href":"https:\/\/api.w.org\/{rel}","templated":true}]}}