{"id":10156,"date":"2018-07-10T06:54:42","date_gmt":"2018-07-10T06:54:42","guid":{"rendered":"http:\/\/testwordpress.nirmalnagari.org\/smnd\/index.php\/family\/"},"modified":"2024-07-12T00:01:51","modified_gmt":"2024-07-12T00:01:51","slug":"aile","status":"publish","type":"page","link":"https:\/\/shrimataji.org\/test\/tr\/aile\/","title":{"rendered":"Aile"},"content":{"rendered":"\n\n\t<h1>Aile<\/h1>\n<h2>Ayd\u0131nlanm\u0131\u015f Yeti\u015ftirilme \u015eekli<\/h2>\n\t<h4>Do\u011fdu\u011funda ismi Nirmala Salve olarak koyulan, Shri Mataji, Hindistan&#8217;\u0131n Shalivahana soyundan gelen tan\u0131nm\u0131\u015f bir ailede do\u011fmu\u015ftur. Ku\u015faklar boyunca bu m\u00fcstesna ailenin en y\u00fcksek etik ve ahlaki standartlara ba\u011fl\u0131l\u0131klar\u0131ndan taviz vermeyen karakteri g\u00f6r\u00fclebilir.<\/h4>\n\t<p>Geleneklere ve genel olarak kabul edilen inan\u00e7lara kar\u015f\u0131 giderek, Shri Mataji&#8217;nin atalar\u0131 Hindular\u0131n dullara, \u00f6zellikle \u00e7ocuk ya\u015f\u0131nda dul kalanlara nas\u0131l ac\u0131mas\u0131zca davrand\u0131\u011f\u0131n\u0131 g\u00f6rd\u00fckten sonra Hristiyanl\u0131\u011f\u0131 kabul ettiler.<\/p>\n<p>Erkek karde\u015fi H.P. Salve, gen\u00e7 ya\u015fta dul kalm\u0131\u015f olan b\u00fcy\u00fck annesini An\u0131lar&#8217;da &#8220;Haks\u0131zl\u0131\u011fa kar\u015f\u0131 olan m\u00fccadelesinde b\u00fcy\u00fck bir cesaret ve inan\u00e7 g\u00fcc\u00fcne sahip olan b\u00fcy\u00fck bir karakter; bir yan\u0131nda muazzam bir y\u00fcreklilik ve cesareti di\u011fer yan\u0131nda \u00e7ocuklar\u0131na olan anne sevgisi ve iyillikseverli\u011fe sahip olan bir ki\u015fiydi. Bunu vurguluyorum \u00e7\u00fcnk\u00fc t\u00fcm bu kaliteler onun \u00e7ocuklar\u0131 ve torunlar\u0131na ge\u00e7ti, \u00f6zellikle Shri Mataji&#8217;ye.&#8221; diye anlat\u0131r.<\/p>\n<p>Shri Mataji&#8217;nin ebeveynleri, adalet ve e\u015fitli\u011fe adanm\u0131\u015f bir hayat s\u00fcrmeye devam ettiler. Hindistan&#8217;\u0131n ba\u011f\u0131ms\u0131zl\u0131\u011f\u0131nda Mahatma Gandhi&#8217;ye kat\u0131ld\u0131lar ve aile bireylerinden herhangi birinin tutuklanmas\u0131 veya hapse at\u0131lmas\u0131 s\u00f6z konusu oldu\u011funda kimsenin g\u00f6zya\u015f\u0131 d\u00f6kmeyece\u011fi \u00fczerinde anla\u015f\u0131lm\u0131\u015ft\u0131. Ba\u011f\u0131ms\u0131zl\u0131ktan sonra, babas\u0131 ve bir\u00e7ok karde\u015fi yeni olu\u015fan devlet y\u00f6netiminde hizmet sunmaya devam ettiler.<\/p>\n<p>Shri Mataji&#8217;nin kocas\u0131 Sir C.P. Srivastava da kamusal hizmetin en y\u00fcksek standartlar\u0131nda adanm\u0131\u015fl\u0131\u011f\u0131 ile \u00f6rnek al\u0131nacak bir ya\u015fam s\u00fcrd\u00fc. Kitaplar\u0131:\u00a0Lal Bahadur Shastri:\u00a0Politikada Hakikatin Ya\u015fant\u0131s\u0131\u00a0<a href=\"#citation-ref-1\">[1]<\/a>\u00a0ve\u00a0Yolsuzluk : Hindistan&#8217;\u0131n \u0130\u00e7indeki D\u00fc\u015fman\u00a0<a href=\"#citation-ref-2\">[2]<\/a><\/p>\n\t<p>2011 y\u0131l\u0131nda vefat eden Shri Mataji&#8217;nin, 2 k\u0131z \u00e7ocu\u011fu ve 4 torunu hayattad\u0131r. Ard\u0131nda bir\u00e7ok torun \u00e7ocuklar\u0131 b\u0131rakm\u0131\u015ft\u0131r.<\/p>\n\t<div class=\"epyt-video-wrapper\"><div  data-ep-a=\"fadeIn\"  style=\"display: block; margin: 0px auto;\"  id=\"_ytid_78419\"  width=\"3840\" height=\"2160\"  data-origwidth=\"3840\" data-origheight=\"2160\" data-facadesrc=\"https:\/\/www.youtube.com\/embed\/BlhbfY8PoHs?enablejsapi=1&autoplay=0&cc_load_policy=0&cc_lang_pref=&iv_load_policy=1&loop=0&rel=0&fs=1&playsinline=1&autohide=2&theme=dark&color=red&controls=1&disablekb=0&\" class=\"__youtube_prefs__ epyt-facade  no-lazyload\" data-epautoplay=\"1\" ><img decoding=\"async\" data-spai-excluded=\"true\" class=\"epyt-facade-poster skip-lazy\" loading=\"lazy\"  alt=\"YouTube player\"  src=\"https:\/\/i.ytimg.com\/vi\/BlhbfY8PoHs\/maxresdefault.jpg\"  \/><button class=\"epyt-facade-play\" aria-label=\"Play\"><svg data-no-lazy=\"1\" height=\"100%\" version=\"1.1\" viewBox=\"0 0 68 48\" width=\"100%\"><path class=\"ytp-large-play-button-bg\" d=\"M66.52,7.74c-0.78-2.93-2.49-5.41-5.42-6.19C55.79,.13,34,0,34,0S12.21,.13,6.9,1.55 C3.97,2.33,2.27,4.81,1.48,7.74C0.06,13.05,0,24,0,24s0.06,10.95,1.48,16.26c0.78,2.93,2.49,5.41,5.42,6.19 C12.21,47.87,34,48,34,48s21.79-0.13,27.1-1.55c2.93-0.78,4.64-3.26,5.42-6.19C67.94,34.95,68,24,68,24S67.94,13.05,66.52,7.74z\" fill=\"#f00\"><\/path><path d=\"M 45,24 27,14 27,34\" fill=\"#fff\"><\/path><\/svg><\/button><\/div><\/div><span itemprop=\"video\" itemscope itemtype=\"http:\/\/schema.org\/VideoObject\"><meta itemprop=\"embedUrl\" content=\"https:\/\/www.youtube.com\/embed\/BlhbfY8PoHs\"><meta itemprop=\"name\" content=\"Remembering Their Mother\"><meta itemprop=\"description\" content=\"Shri Mataji&#039;s daughters describe the extent of their mother&#039;s travels and global duties. They describe the experience of sharing a mother with the world. &#039;She became renowned all over the world, but to me always a mother.&#039; They recall the strong mother of childhood, keen that her children be correct and dharmic. Shri Mataji emphasized that her children should never do anything wrong. More videos at: http:\/\/ShriMataji.org ~ A Life Dedicated to Humanity ~\"><meta itemprop=\"thumbnailUrl\" content=\"https:\/\/i.ytimg.com\/vi\/BlhbfY8PoHs\/0.jpg\"><meta itemprop=\"duration\" content=\"PT3M13S\"><meta itemprop=\"uploadDate\" content=\"2020-07-20T00:11:57Z\"><\/span>\n\t<h5>&#8220;O zamanlar t\u00fcketicilik yoktu &#8211; g\u00f6steri\u015fsiz bir \u015fekilde ya\u015fard\u0131k. Ayr\u0131ca ku\u015faklar aras\u0131nda pek fazla \u00e7at\u0131\u015fma yoktu, aile iyi ak\u0131\u015f\u0131nda gidiyordu.&#8221;<\/h5>\n<h5>Shri Mataji&#8217;nin k\u0131z\u0131 Sadhana Varma&#8221;<\/h5>\n\t<hr \/>\n<h3>1.\u00a0<a href=\"#citation-ref-1\">^<\/a> C. P. Srivastava, &#8216;Lal Bahadur Shastri: Politikada Hakikatin Ya\u015fant\u0131s\u0131&#8217; Yeni Delhi: Oxford \u00dcniversitesi Yay\u0131nc\u0131l\u0131\u011f\u0131, 1995.<\/h3>\n<h3>2. <a href=\"#citation-ref-2\">^<\/a> C.P. Srivastava, &#8216;Yolsuzluk: Hindistan&#8217;\u0131n \u0130\u00e7indeki D\u00fc\u015fman&#8217; (Yeni Delhi: Macmillan Hindistan, 2001)<\/h3>\n\n","protected":false},"excerpt":{"rendered":"<p>Aile Ayd\u0131nlanm\u0131\u015f Yeti\u015ftirilme \u015eekli Do\u011fdu\u011funda ismi Nirmala Salve olarak koyulan, Shri Mataji, Hindistan&#8217;\u0131n Shalivahana soyundan gelen tan\u0131nm\u0131\u015f bir ailede do\u011fmu\u015ftur. Ku\u015faklar boyunca bu m\u00fcstesna ailenin en y\u00fcksek etik ve ahlaki standartlara ba\u011fl\u0131l\u0131klar\u0131ndan taviz vermeyen karakteri g\u00f6r\u00fclebilir. Geleneklere ve genel olarak kabul edilen inan\u00e7lara kar\u015f\u0131 giderek, Shri Mataji&#8217;nin atalar\u0131 Hindular\u0131n dullara, \u00f6zellikle \u00e7ocuk ya\u015f\u0131nda dul kalanlara&hellip; <br \/> <a class=\"read-more\" href=\"https:\/\/shrimataji.org\/test\/tr\/aile\/\">Read more<\/a><\/p>\n","protected":false},"author":12,"featured_media":9511,"parent":0,"menu_order":0,"comment_status":"closed","ping_status":"closed","template":"","meta":{"inline_featured_image":false,"footnotes":""},"class_list":["post-10156","page","type-page","status-publish","has-post-thumbnail","hentry"],"yoast_head":"<!-- This site is optimized with the Yoast SEO plugin v27.4 - https:\/\/yoast.com\/product\/yoast-seo-wordpress\/ -->\n<title>Aile - TEST - SMND<\/title>\n<meta name=\"robots\" content=\"noindex, follow, max-snippet:-1, max-image-preview:large, max-video-preview:-1\" \/>\n<meta property=\"og:locale\" content=\"en_US\" \/>\n<meta property=\"og:type\" content=\"article\" \/>\n<meta property=\"og:title\" content=\"Aile - TEST - SMND\" \/>\n<meta property=\"og:description\" content=\"Aile Ayd\u0131nlanm\u0131\u015f Yeti\u015ftirilme \u015eekli Do\u011fdu\u011funda ismi Nirmala Salve olarak koyulan, Shri Mataji, Hindistan&#8217;\u0131n Shalivahana soyundan gelen tan\u0131nm\u0131\u015f bir ailede do\u011fmu\u015ftur. Ku\u015faklar boyunca bu m\u00fcstesna ailenin en y\u00fcksek etik ve ahlaki standartlara ba\u011fl\u0131l\u0131klar\u0131ndan taviz vermeyen karakteri g\u00f6r\u00fclebilir. Geleneklere ve genel olarak kabul edilen inan\u00e7lara kar\u015f\u0131 giderek, Shri Mataji&#8217;nin atalar\u0131 Hindular\u0131n dullara, \u00f6zellikle \u00e7ocuk ya\u015f\u0131nda dul kalanlara&hellip; Read more\" \/>\n<meta property=\"og:url\" content=\"https:\/\/shrimataji.org\/test\/tr\/aile\/\" \/>\n<meta property=\"og:site_name\" content=\"TEST - SMND\" \/>\n<meta property=\"article:publisher\" content=\"https:\/\/www.facebook.com\/shrimataji\" \/>\n<meta property=\"article:modified_time\" content=\"2024-07-12T00:01:51+00:00\" \/>\n<meta property=\"og:image\" content=\"https:\/\/shrimataji.org\/test\/wp-content\/uploads\/2023\/03\/6_Banner-Family-scaled.jpg\" \/>\n\t<meta property=\"og:image:width\" content=\"2560\" \/>\n\t<meta property=\"og:image:height\" content=\"905\" \/>\n\t<meta property=\"og:image:type\" content=\"image\/jpeg\" \/>\n<meta name=\"twitter:card\" content=\"summary_large_image\" \/>\n<meta name=\"twitter:site\" content=\"@shrimataji\" \/>\n<meta name=\"twitter:label1\" content=\"Est. reading time\" \/>\n\t<meta name=\"twitter:data1\" content=\"2 minutes\" \/>\n<script type=\"application\/ld+json\" class=\"yoast-schema-graph\">{\"@context\":\"https:\\\/\\\/schema.org\",\"@graph\":[{\"@type\":\"WebPage\",\"@id\":\"https:\\\/\\\/shrimataji.org\\\/test\\\/tr\\\/aile\\\/\",\"url\":\"https:\\\/\\\/shrimataji.org\\\/test\\\/tr\\\/aile\\\/\",\"name\":\"Aile - TEST - SMND\",\"isPartOf\":{\"@id\":\"https:\\\/\\\/shrimataji.org\\\/test\\\/#website\"},\"primaryImageOfPage\":{\"@id\":\"https:\\\/\\\/shrimataji.org\\\/test\\\/tr\\\/aile\\\/#primaryimage\"},\"image\":{\"@id\":\"https:\\\/\\\/shrimataji.org\\\/test\\\/tr\\\/aile\\\/#primaryimage\"},\"thumbnailUrl\":\"https:\\\/\\\/shrimataji.org\\\/test\\\/wp-content\\\/uploads\\\/2023\\\/03\\\/6_Banner-Family-scaled.jpg\",\"datePublished\":\"2018-07-10T06:54:42+00:00\",\"dateModified\":\"2024-07-12T00:01:51+00:00\",\"breadcrumb\":{\"@id\":\"https:\\\/\\\/shrimataji.org\\\/test\\\/tr\\\/aile\\\/#breadcrumb\"},\"inLanguage\":\"en-US\",\"potentialAction\":[{\"@type\":\"ReadAction\",\"target\":[\"https:\\\/\\\/shrimataji.org\\\/test\\\/tr\\\/aile\\\/\"]}]},{\"@type\":\"ImageObject\",\"inLanguage\":\"en-US\",\"@id\":\"https:\\\/\\\/shrimataji.org\\\/test\\\/tr\\\/aile\\\/#primaryimage\",\"url\":\"https:\\\/\\\/shrimataji.org\\\/test\\\/wp-content\\\/uploads\\\/2023\\\/03\\\/6_Banner-Family-scaled.jpg\",\"contentUrl\":\"https:\\\/\\\/shrimataji.org\\\/test\\\/wp-content\\\/uploads\\\/2023\\\/03\\\/6_Banner-Family-scaled.jpg\",\"width\":2560,\"height\":905},{\"@type\":\"BreadcrumbList\",\"@id\":\"https:\\\/\\\/shrimataji.org\\\/test\\\/tr\\\/aile\\\/#breadcrumb\",\"itemListElement\":[{\"@type\":\"ListItem\",\"position\":1,\"name\":\"Home\",\"item\":\"https:\\\/\\\/shrimataji.org\\\/test\\\/uk\\\/home-en\\\/\"},{\"@type\":\"ListItem\",\"position\":2,\"name\":\"Aile\"}]},{\"@type\":\"WebSite\",\"@id\":\"https:\\\/\\\/shrimataji.org\\\/test\\\/#website\",\"url\":\"https:\\\/\\\/shrimataji.org\\\/test\\\/\",\"name\":\"Shri Mataji Nirmala Devi\",\"description\":\"A Life Dedicated to Humanity\",\"publisher\":{\"@id\":\"https:\\\/\\\/shrimataji.org\\\/test\\\/#\\\/schema\\\/person\\\/a1b3419c6585f164aa96da1ff85715d1\"},\"potentialAction\":[{\"@type\":\"SearchAction\",\"target\":{\"@type\":\"EntryPoint\",\"urlTemplate\":\"https:\\\/\\\/shrimataji.org\\\/test\\\/?s={search_term_string}\"},\"query-input\":{\"@type\":\"PropertyValueSpecification\",\"valueRequired\":true,\"valueName\":\"search_term_string\"}}],\"inLanguage\":\"en-US\"},{\"@type\":[\"Person\",\"Organization\"],\"@id\":\"https:\\\/\\\/shrimataji.org\\\/test\\\/#\\\/schema\\\/person\\\/a1b3419c6585f164aa96da1ff85715d1\",\"name\":\"Nirmala Shrivastava\",\"image\":{\"@type\":\"ImageObject\",\"inLanguage\":\"en-US\",\"@id\":\"https:\\\/\\\/shrimataji.org\\\/test\\\/wp-content\\\/uploads\\\/2023\\\/02\\\/SMO_LOGO-03.svg\",\"url\":\"https:\\\/\\\/shrimataji.org\\\/test\\\/wp-content\\\/uploads\\\/2023\\\/02\\\/SMO_LOGO-03.svg\",\"contentUrl\":\"https:\\\/\\\/shrimataji.org\\\/test\\\/wp-content\\\/uploads\\\/2023\\\/02\\\/SMO_LOGO-03.svg\",\"width\":\"1024\",\"height\":\"1024\",\"caption\":\"Nirmala Shrivastava\"},\"logo\":{\"@id\":\"https:\\\/\\\/shrimataji.org\\\/test\\\/wp-content\\\/uploads\\\/2023\\\/02\\\/SMO_LOGO-03.svg\"},\"sameAs\":[\"https:\\\/\\\/shrimataji.org\\\/test\",\"https:\\\/\\\/www.facebook.com\\\/shrimataji\",\"https:\\\/\\\/x.com\\\/shrimataji\",\"https:\\\/\\\/www.youtube.com\\\/@Shri_Mataji_Nirmala_Devi\\\/featured\"]}]}<\/script>\n<!-- \/ Yoast SEO plugin. -->","yoast_head_json":{"title":"Aile - TEST - SMND","robots":{"index":"noindex","follow":"follow","max-snippet":"max-snippet:-1","max-image-preview":"max-image-preview:large","max-video-preview":"max-video-preview:-1"},"og_locale":"en_US","og_type":"article","og_title":"Aile - TEST - SMND","og_description":"Aile Ayd\u0131nlanm\u0131\u015f Yeti\u015ftirilme \u015eekli Do\u011fdu\u011funda ismi Nirmala Salve olarak koyulan, Shri Mataji, Hindistan&#8217;\u0131n Shalivahana soyundan gelen tan\u0131nm\u0131\u015f bir ailede do\u011fmu\u015ftur. Ku\u015faklar boyunca bu m\u00fcstesna ailenin en y\u00fcksek etik ve ahlaki standartlara ba\u011fl\u0131l\u0131klar\u0131ndan taviz vermeyen karakteri g\u00f6r\u00fclebilir. Geleneklere ve genel olarak kabul edilen inan\u00e7lara kar\u015f\u0131 giderek, Shri Mataji&#8217;nin atalar\u0131 Hindular\u0131n dullara, \u00f6zellikle \u00e7ocuk ya\u015f\u0131nda dul kalanlara&hellip; Read more","og_url":"https:\/\/shrimataji.org\/test\/tr\/aile\/","og_site_name":"TEST - SMND","article_publisher":"https:\/\/www.facebook.com\/shrimataji","article_modified_time":"2024-07-12T00:01:51+00:00","og_image":[{"width":2560,"height":905,"url":"https:\/\/shrimataji.org\/test\/wp-content\/uploads\/2023\/03\/6_Banner-Family-scaled.jpg","type":"image\/jpeg"}],"twitter_card":"summary_large_image","twitter_site":"@shrimataji","twitter_misc":{"Est. reading time":"2 minutes"},"schema":{"@context":"https:\/\/schema.org","@graph":[{"@type":"WebPage","@id":"https:\/\/shrimataji.org\/test\/tr\/aile\/","url":"https:\/\/shrimataji.org\/test\/tr\/aile\/","name":"Aile - TEST - SMND","isPartOf":{"@id":"https:\/\/shrimataji.org\/test\/#website"},"primaryImageOfPage":{"@id":"https:\/\/shrimataji.org\/test\/tr\/aile\/#primaryimage"},"image":{"@id":"https:\/\/shrimataji.org\/test\/tr\/aile\/#primaryimage"},"thumbnailUrl":"https:\/\/shrimataji.org\/test\/wp-content\/uploads\/2023\/03\/6_Banner-Family-scaled.jpg","datePublished":"2018-07-10T06:54:42+00:00","dateModified":"2024-07-12T00:01:51+00:00","breadcrumb":{"@id":"https:\/\/shrimataji.org\/test\/tr\/aile\/#breadcrumb"},"inLanguage":"en-US","potentialAction":[{"@type":"ReadAction","target":["https:\/\/shrimataji.org\/test\/tr\/aile\/"]}]},{"@type":"ImageObject","inLanguage":"en-US","@id":"https:\/\/shrimataji.org\/test\/tr\/aile\/#primaryimage","url":"https:\/\/shrimataji.org\/test\/wp-content\/uploads\/2023\/03\/6_Banner-Family-scaled.jpg","contentUrl":"https:\/\/shrimataji.org\/test\/wp-content\/uploads\/2023\/03\/6_Banner-Family-scaled.jpg","width":2560,"height":905},{"@type":"BreadcrumbList","@id":"https:\/\/shrimataji.org\/test\/tr\/aile\/#breadcrumb","itemListElement":[{"@type":"ListItem","position":1,"name":"Home","item":"https:\/\/shrimataji.org\/test\/uk\/home-en\/"},{"@type":"ListItem","position":2,"name":"Aile"}]},{"@type":"WebSite","@id":"https:\/\/shrimataji.org\/test\/#website","url":"https:\/\/shrimataji.org\/test\/","name":"Shri Mataji Nirmala Devi","description":"A Life Dedicated to Humanity","publisher":{"@id":"https:\/\/shrimataji.org\/test\/#\/schema\/person\/a1b3419c6585f164aa96da1ff85715d1"},"potentialAction":[{"@type":"SearchAction","target":{"@type":"EntryPoint","urlTemplate":"https:\/\/shrimataji.org\/test\/?s={search_term_string}"},"query-input":{"@type":"PropertyValueSpecification","valueRequired":true,"valueName":"search_term_string"}}],"inLanguage":"en-US"},{"@type":["Person","Organization"],"@id":"https:\/\/shrimataji.org\/test\/#\/schema\/person\/a1b3419c6585f164aa96da1ff85715d1","name":"Nirmala Shrivastava","image":{"@type":"ImageObject","inLanguage":"en-US","@id":"https:\/\/shrimataji.org\/test\/wp-content\/uploads\/2023\/02\/SMO_LOGO-03.svg","url":"https:\/\/shrimataji.org\/test\/wp-content\/uploads\/2023\/02\/SMO_LOGO-03.svg","contentUrl":"https:\/\/shrimataji.org\/test\/wp-content\/uploads\/2023\/02\/SMO_LOGO-03.svg","width":"1024","height":"1024","caption":"Nirmala Shrivastava"},"logo":{"@id":"https:\/\/shrimataji.org\/test\/wp-content\/uploads\/2023\/02\/SMO_LOGO-03.svg"},"sameAs":["https:\/\/shrimataji.org\/test","https:\/\/www.facebook.com\/shrimataji","https:\/\/x.com\/shrimataji","https:\/\/www.youtube.com\/@Shri_Mataji_Nirmala_Devi\/featured"]}]}},"lang":"tr","translations":{"tr":10156},"pll_sync_post":[],"_links":{"self":[{"href":"https:\/\/shrimataji.org\/test\/wp-json\/wp\/v2\/pages\/10156","targetHints":{"allow":["GET"]}}],"collection":[{"href":"https:\/\/shrimataji.org\/test\/wp-json\/wp\/v2\/pages"}],"about":[{"href":"https:\/\/shrimataji.org\/test\/wp-json\/wp\/v2\/types\/page"}],"author":[{"embeddable":true,"href":"https:\/\/shrimataji.org\/test\/wp-json\/wp\/v2\/users\/12"}],"replies":[{"embeddable":true,"href":"https:\/\/shrimataji.org\/test\/wp-json\/wp\/v2\/comments?post=10156"}],"version-history":[{"count":0,"href":"https:\/\/shrimataji.org\/test\/wp-json\/wp\/v2\/pages\/10156\/revisions"}],"wp:featuredmedia":[{"embeddable":true,"href":"https:\/\/shrimataji.org\/test\/wp-json\/wp\/v2\/media\/9511"}],"wp:attachment":[{"href":"https:\/\/shrimataji.org\/test\/wp-json\/wp\/v2\/media?parent=10156"}],"curies":[{"name":"wp","href":"https:\/\/api.w.org\/{rel}","templated":true}]}}