{"id":10164,"date":"2018-07-10T06:54:50","date_gmt":"2018-07-10T06:54:50","guid":{"rendered":"http:\/\/testwordpress.nirmalnagari.org\/smnd\/index.php\/glossary\/"},"modified":"2024-07-12T00:02:27","modified_gmt":"2024-07-12T00:02:27","slug":"sozluk","status":"publish","type":"page","link":"https:\/\/shrimataji.org\/test\/tr\/sozluk\/","title":{"rendered":"S\u00f6zl\u00fck"},"content":{"rendered":"\n\n\t<h1>S\u00f6zl\u00fck<\/h1>\n\t<p><a href=\"#Dharma\">Dharma<\/a><\/p>\n<p><a href=\"#Kundalini\">Kundalini<\/a><\/p>\n<p><a href=\"#SahajaYoga\"> Sahaja Yoga<\/a><\/p>\n<p><a href=\"#SahajaYogaMeditation\">Sahaja Yoga Meditasyon<\/a><\/p>\n<p><a href=\"#Sahasrara\">Sahasrara<\/a><\/p>\n<p><a href=\"#\u00d6z\">\u00d6z<\/a><\/p>\n<p><a href=\"#Ayd\u0131nlanma\">Ayd\u0131nlanma<\/a><\/p>\n<p><a href=\"#Ruh\">Ruh<\/a><\/p>\n<p><a href=\"#S\u00fcptilsistem\"> S\u00fcptil Sistem<\/a><\/p>\n<p><a href=\"#D\u00fc\u015f\u00fcncesizfark\u0131ndal\u0131k\">D\u00fc\u015f\u00fcncesiz Fark\u0131ndal\u0131k<\/a><\/p>\n<p><a href=\"#Vibrasyonlar\">Vibrasyonlar<\/a><\/p>\n<p><a href=\"#Yoga\">Yoga<\/a><\/p>\n\t<p><strong>Dharma\u00a0<\/strong><\/p>\n<p>Ekoloji ve evrimin devam ettiren ve dengeleyen fakt\u00f6r\u00fc olarak do\u011fruluk veya do\u011fru davran\u0131\u015f kurallar\u0131.<\/p>\n<p><strong>Kundalini<\/strong><\/p>\n<p>Omurgan\u0131n ba\u015flad\u0131\u011f\u0131 noktada, sarmal bir \u015fekilde yatmakta olan gizli bir enerji. Uyand\u0131\u011f\u0131 zaman, bu hay\u0131rl\u0131 ve besleyici olan enerji, v\u00fccutta sinir a\u011flar\u0131n\u0131n olu\u015fturdu\u011fu pleksuslardan yukar\u0131 do\u011fru harekete ge\u00e7er ve ba\u015f\u0131n \u00fcst\u00fcnde bulunan b\u0131ng\u0131ldak kemi\u011fi b\u00f6lgesinden d\u0131\u015far\u0131 \u00e7\u0131kar. Bu enerjiyi, siz ba\u015f\u0131n\u0131z\u0131n \u00fcst\u00fcnde ve ellerinizde, avu\u00e7 i\u00e7lerinizde serin bir esinti olarak hissedebilirsiniz.<\/p>\n<p><strong>Sahaja Yoga<\/strong><\/p>\n<p><em>Sahaja<\/em>\u00a0&#8220;sizinle birlikte do\u011fmu\u015f olan&#8221; anlam\u0131na gelir &#8211;\u00a0<em>saha<\/em>\u00a0&#8220;ile&#8221;,\u00a0<em>ja<\/em>\u00a0ise &#8220;do\u011fmak&#8221; demektir. &#8221; Shri Mataji bunu \u015f\u00f6yle a\u00e7\u0131kl\u0131yor: &#8220;<em>Sahaja<\/em>\u00a0kelimesi, ayn\u0131 zamanda\u00a0<em>&#8216;kendili\u011finden&#8217;<\/em> anlam\u0131na da gelir, \u00e7\u00fcnk\u00fc onu \u00e7al\u0131\u015ft\u0131ran \u015fey, ya\u015fayan bir g\u00fc\u00e7t\u00fcr. \u0130\u00e7imizde, bizleri amip konumundan insan haline getiren, canl\u0131 bir g\u00fc\u00e7 vard\u0131r. Ve \u015fimdi, bizi \u0130lahi Olanla birle\u015ftirmesi gereken, yarad\u0131l\u0131\u015f s\u00fcrecinden arta kalm\u0131\u015f ba\u015fka bir g\u00fc\u00e7 var. Yoga kelimesinin ger\u00e7ek anlam\u0131 budur ve her insan\u0131n, her yeri kaplayan bu g\u00fc\u00e7le birle\u015fmeye hakk\u0131 vard\u0131r. Yani bu, bizim evrimimizin en son a\u015famas\u0131d\u0131r.&#8221;<\/p>\n<p><strong>Sahaja Yoga Meditasyonu<\/strong><\/p>\n<p>Bu meditasyon, &#8216;Ayd\u0131nlanma&#8217; deneyiminin devam ettirilebilmesini sa\u011flayan tekniktir (yani Kundalini&#8217;nin uyan\u0131\u015f\u0131). Sahaja Yoga meditasyonuyla ki\u015fi, ger\u00e7ek benli\u011fi ile ba\u011flant\u0131 kurabilir ve d\u00fc\u015f\u00fcncesiz fark\u0131ndal\u0131k konumuna ula\u015fabilir &#8211; bunlar\u0131n her ikisi de &#8216;yoga&#8217; veya &#8216;bir b\u00fct\u00fcn olma halinin&#8217; ger\u00e7ekle\u015fmesidir. D\u00fczenli uygulama ile, bu d\u00fc\u015f\u00fcncesiz fark\u0131ndal\u0131k hali kendinizde yerle\u015ftirilebilir ve ruhani b\u00fcy\u00fcme sa\u011flayabilirsiniz.<\/p>\n<p><strong>Sahasrara<\/strong><\/p>\n<p>Ba\u015f\u0131n \u00fcst\u00fcnde bulunan b\u0131ng\u0131ldak kemi\u011fi b\u00f6lgesinde bulunan, yedinci enerji merkezidir. Bu merkez sayesinde\u00a0<em>Kundalini<\/em>\u00a0enerjisi, sizi d\u00fc\u015f\u00fcncesiz fark\u0131ndal\u0131k konumuna ula\u015ft\u0131rarak, buradan ge\u00e7er.<\/p>\n<p><strong>\u00d6z<\/strong><\/p>\n<p>Ruhaniyet gelene\u011finde, ayd\u0131nlanman\u0131z\u0131 alman\u0131z, kendi \u00f6z\u00fcn\u00fcze ula\u015fman\u0131z i\u00e7in, i\u00e7inizde bulunan bir g\u00fc\u00e7 oldu\u011fu s\u00f6ylenir. Shri Mataji \u015funu a\u00e7\u0131klam\u0131\u015ft\u0131r &#8211; ger\u00e7ek \u015fudur ki, bizler bu beden de\u011filiz, bu zihin de\u011filiz, bu ego de\u011filiz, bizler bu \u015fartlanmalar de\u011filiz. \u00d6z\u00fcm\u00fcz her birimizin i\u00e7inde bulunan, saf ruhtur. Bunu yayan \u015fey, \u00f6zd\u00fcr. Mutlulu\u011fu veren \u00f6zd\u00fcr. Her insan\u0131n hak etti\u011fi saf sevginin, g\u00fcvenli\u011fin ve yard\u0131m\u0131n, t\u00fcm kutsamalar\u0131n\u0131 bize veren bu \u00f6zd\u00fcr.<\/p>\n<p><strong>Ayd\u0131nlanma<\/strong><\/p>\n<p>Bireysel bilincin, \u00f6z\u00fcn ve \u0130lahi Olan\u0131n do\u011fas\u0131n\u0131n saf ve do\u011frudan fark\u0131ndal\u0131\u011f\u0131 ile fiili olarak birle\u015fmesi. Bu ruhani evrimin son noktas\u0131 de\u011fil, daha \u00e7ok ger\u00e7ek bir ba\u015flang\u0131\u00e7t\u0131r. Ayd\u0131nlanma, kendimizi sahte olanla \u00f6zde\u015fle\u015fmemize yol a\u00e7an \u015feyleri ortadan kald\u0131rarak, <em>Kundalini<\/em>&#8216;nin \u00f6zg\u00fcrce akmas\u0131na izin vererek ve \u0130lahi G\u00fc\u00e7le ger\u00e7ek bir ba\u011flant\u0131 kurarak, bireyin i\u00e7inde zaten do\u011fu\u015ftan gelen, kendisini d\u00fczeltmesini sa\u011flayan b\u00fct\u00fcn g\u00fc\u00e7leri uyand\u0131r\u0131r.<\/p>\n<p><strong>Ruh<\/strong><\/p>\n<p>\u0130lahi Olan\u0131n herkesin i\u00e7inde bulunan yans\u0131mas\u0131, ger\u00e7ek veya saf \u00d6z. Ayd\u0131nlanmadan sonra Ruh dikkatimizde alg\u0131lanabilir ve hissedilebilir.<\/p>\n<p><strong>S\u00fcptil Sistem<\/strong><\/p>\n<p>S\u00fcptil Sistem, i\u00e7sel enerjinizin i\u00e7inden ge\u00e7ti\u011fi enerji merkezleri ve kanallar a\u011f\u0131d\u0131r. Sahaja Yoga tekni\u011fi ile meditasyon yapmak, sa\u011fl\u0131\u011f\u0131n\u0131z\u0131, dengenizi ve refah\u0131n\u0131z\u0131 iyile\u015ftirmeniz i\u00e7in s\u00fcptil sistemi hissetmemize, anlamam\u0131za ve nihayetinde onu kullanmay\u0131 \u00f6\u011frenmemize yard\u0131m eder. Bu s\u00fcre\u00e7, <em>Kundalini\u00a0<\/em>olarak bilinen i\u00e7sel enerjinizi uyand\u0131rmakla ba\u015flar.<\/p>\n<p><strong>D\u00fc\u015f\u00fcncesiz Fark\u0131ndal\u0131k<\/strong><\/p>\n<p>Zihnin gev\u015femi\u015f ama tetikte oldu\u011fu zaman ortaya \u00e7\u0131kan daha y\u00fcksek bir fark\u0131ndal\u0131k durumudur. \u0130stenmeyen zihinsel aktiviteler durur ve dikkatin, \u015fu an i\u00e7ine odaklanmas\u0131na izin verir. Stres ve yorgunluk \u00e7o\u011fu zaman, ge\u00e7mi\u015fi veya gelece\u011fi d\u00fc\u015f\u00fcnmekten kaynaklan\u0131r. D\u00fc\u015f\u00fcnceler susturuldu\u011fu zaman, sinir sisteminin do\u011fal iyile\u015ftirici g\u00fcc\u00fc tetiklenir ve ki\u015fiye enerjiyi, dengeyi ve sa\u011fl\u0131\u011f\u0131n\u0131 geri kazand\u0131r\u0131r.<\/p>\n<p><strong>Vibrasyonlar<\/strong><\/p>\n<p>T\u00fcm canl\u0131lar, ister pozitif ister negatif olsun, bir t\u00fcr vibrasyon yayan par\u00e7ac\u0131k ve dalgalar\u0131n bir kombinasyonudur. Pozitif vibrasyonlar hay\u0131rl\u0131 ve besleyicidir. Ayd\u0131nlanmadan sonra, merkezi sinir sisteminiz \u00fczerinde, ellerde avu\u00e7 i\u00e7lerinde ve ba\u015f\u0131m\u0131zda b\u0131ng\u0131ldak kemi\u011finin \u00fcst\u00fcnde pozitif vibrasyonlar serin bir esinti olarak, hissedilebilir. &#8220;Vibrasyonlar, Tanr\u0131sal sevgiden ba\u015fka bir \u015fey de\u011fildir.&#8221; Shri Mataji<a name=\"Yoga\"><\/a><\/p>\n<p><strong>Yoga<\/strong><\/p>\n<p>Pop\u00fcler inan\u0131\u015f\u0131n aksine,\u00a0<em>Yoga,<\/em>\u00a0bir dizi egzersiz veya duru\u015f de\u011fildir, asl\u0131nda &#8216;birle\u015fmek, bir olmak&#8217; anlam\u0131na gelir. Yoga&#8217;ya erken d\u00f6nem bir referans, Hindistan&#8217;da M\u00d6 2. y\u00fczy\u0131ldan kalma bir \u00f6zdeyi\u015fler derlemesi olan\u00a0<em>Patanjali Yoga Sutralar\u0131<\/em>\u00a0&#8216;nda bulunabilir.<\/p>\n\n","protected":false},"excerpt":{"rendered":"<p>S\u00f6zl\u00fck Dharma Kundalini Sahaja Yoga Sahaja Yoga Meditasyon Sahasrara \u00d6z Ayd\u0131nlanma Ruh S\u00fcptil Sistem D\u00fc\u015f\u00fcncesiz Fark\u0131ndal\u0131k Vibrasyonlar Yoga Dharma\u00a0 Ekoloji ve evrimin devam ettiren ve dengeleyen fakt\u00f6r\u00fc olarak do\u011fruluk veya do\u011fru davran\u0131\u015f kurallar\u0131. Kundalini Omurgan\u0131n ba\u015flad\u0131\u011f\u0131 noktada, sarmal bir \u015fekilde yatmakta olan gizli bir enerji. Uyand\u0131\u011f\u0131 zaman, bu hay\u0131rl\u0131 ve besleyici olan enerji, v\u00fccutta sinir&hellip; <br \/> <a class=\"read-more\" href=\"https:\/\/shrimataji.org\/test\/tr\/sozluk\/\">Read more<\/a><\/p>\n","protected":false},"author":12,"featured_media":9552,"parent":0,"menu_order":0,"comment_status":"closed","ping_status":"closed","template":"","meta":{"inline_featured_image":false,"footnotes":""},"class_list":["post-10164","page","type-page","status-publish","has-post-thumbnail","hentry"],"yoast_head":"<!-- This site is optimized with the Yoast SEO plugin v27.4 - https:\/\/yoast.com\/product\/yoast-seo-wordpress\/ -->\n<title>S\u00f6zl\u00fck - TEST - SMND<\/title>\n<meta name=\"robots\" content=\"noindex, follow, max-snippet:-1, max-image-preview:large, max-video-preview:-1\" \/>\n<meta property=\"og:locale\" content=\"en_US\" \/>\n<meta property=\"og:type\" content=\"article\" \/>\n<meta property=\"og:title\" content=\"S\u00f6zl\u00fck - TEST - SMND\" \/>\n<meta property=\"og:description\" content=\"S\u00f6zl\u00fck Dharma Kundalini Sahaja Yoga Sahaja Yoga Meditasyon Sahasrara \u00d6z Ayd\u0131nlanma Ruh S\u00fcptil Sistem D\u00fc\u015f\u00fcncesiz Fark\u0131ndal\u0131k Vibrasyonlar Yoga Dharma\u00a0 Ekoloji ve evrimin devam ettiren ve dengeleyen fakt\u00f6r\u00fc olarak do\u011fruluk veya do\u011fru davran\u0131\u015f kurallar\u0131. Kundalini Omurgan\u0131n ba\u015flad\u0131\u011f\u0131 noktada, sarmal bir \u015fekilde yatmakta olan gizli bir enerji. Uyand\u0131\u011f\u0131 zaman, bu hay\u0131rl\u0131 ve besleyici olan enerji, v\u00fccutta sinir&hellip; Read more\" \/>\n<meta property=\"og:url\" content=\"https:\/\/shrimataji.org\/test\/tr\/sozluk\/\" \/>\n<meta property=\"og:site_name\" content=\"TEST - SMND\" \/>\n<meta property=\"article:publisher\" content=\"https:\/\/www.facebook.com\/shrimataji\" \/>\n<meta property=\"article:modified_time\" content=\"2024-07-12T00:02:27+00:00\" \/>\n<meta property=\"og:image\" content=\"https:\/\/shrimataji.org\/test\/wp-content\/uploads\/2023\/03\/Banner-Footer-Castle-1-scaled.jpg\" \/>\n\t<meta property=\"og:image:width\" content=\"2560\" \/>\n\t<meta property=\"og:image:height\" content=\"905\" \/>\n\t<meta property=\"og:image:type\" content=\"image\/jpeg\" \/>\n<meta name=\"twitter:card\" content=\"summary_large_image\" \/>\n<meta name=\"twitter:site\" content=\"@shrimataji\" \/>\n<script type=\"application\/ld+json\" class=\"yoast-schema-graph\">{\"@context\":\"https:\\\/\\\/schema.org\",\"@graph\":[{\"@type\":\"WebPage\",\"@id\":\"https:\\\/\\\/shrimataji.org\\\/test\\\/tr\\\/sozluk\\\/\",\"url\":\"https:\\\/\\\/shrimataji.org\\\/test\\\/tr\\\/sozluk\\\/\",\"name\":\"S\u00f6zl\u00fck - TEST - SMND\",\"isPartOf\":{\"@id\":\"https:\\\/\\\/shrimataji.org\\\/test\\\/#website\"},\"primaryImageOfPage\":{\"@id\":\"https:\\\/\\\/shrimataji.org\\\/test\\\/tr\\\/sozluk\\\/#primaryimage\"},\"image\":{\"@id\":\"https:\\\/\\\/shrimataji.org\\\/test\\\/tr\\\/sozluk\\\/#primaryimage\"},\"thumbnailUrl\":\"https:\\\/\\\/shrimataji.org\\\/test\\\/wp-content\\\/uploads\\\/2023\\\/03\\\/Banner-Footer-Castle-1-scaled.jpg\",\"datePublished\":\"2018-07-10T06:54:50+00:00\",\"dateModified\":\"2024-07-12T00:02:27+00:00\",\"breadcrumb\":{\"@id\":\"https:\\\/\\\/shrimataji.org\\\/test\\\/tr\\\/sozluk\\\/#breadcrumb\"},\"inLanguage\":\"en-US\",\"potentialAction\":[{\"@type\":\"ReadAction\",\"target\":[\"https:\\\/\\\/shrimataji.org\\\/test\\\/tr\\\/sozluk\\\/\"]}]},{\"@type\":\"ImageObject\",\"inLanguage\":\"en-US\",\"@id\":\"https:\\\/\\\/shrimataji.org\\\/test\\\/tr\\\/sozluk\\\/#primaryimage\",\"url\":\"https:\\\/\\\/shrimataji.org\\\/test\\\/wp-content\\\/uploads\\\/2023\\\/03\\\/Banner-Footer-Castle-1-scaled.jpg\",\"contentUrl\":\"https:\\\/\\\/shrimataji.org\\\/test\\\/wp-content\\\/uploads\\\/2023\\\/03\\\/Banner-Footer-Castle-1-scaled.jpg\",\"width\":2560,\"height\":905},{\"@type\":\"BreadcrumbList\",\"@id\":\"https:\\\/\\\/shrimataji.org\\\/test\\\/tr\\\/sozluk\\\/#breadcrumb\",\"itemListElement\":[{\"@type\":\"ListItem\",\"position\":1,\"name\":\"Home\",\"item\":\"https:\\\/\\\/shrimataji.org\\\/test\\\/uk\\\/home-en\\\/\"},{\"@type\":\"ListItem\",\"position\":2,\"name\":\"S\u00f6zl\u00fck\"}]},{\"@type\":\"WebSite\",\"@id\":\"https:\\\/\\\/shrimataji.org\\\/test\\\/#website\",\"url\":\"https:\\\/\\\/shrimataji.org\\\/test\\\/\",\"name\":\"Shri Mataji Nirmala Devi\",\"description\":\"A Life Dedicated to Humanity\",\"publisher\":{\"@id\":\"https:\\\/\\\/shrimataji.org\\\/test\\\/#\\\/schema\\\/person\\\/a1b3419c6585f164aa96da1ff85715d1\"},\"potentialAction\":[{\"@type\":\"SearchAction\",\"target\":{\"@type\":\"EntryPoint\",\"urlTemplate\":\"https:\\\/\\\/shrimataji.org\\\/test\\\/?s={search_term_string}\"},\"query-input\":{\"@type\":\"PropertyValueSpecification\",\"valueRequired\":true,\"valueName\":\"search_term_string\"}}],\"inLanguage\":\"en-US\"},{\"@type\":[\"Person\",\"Organization\"],\"@id\":\"https:\\\/\\\/shrimataji.org\\\/test\\\/#\\\/schema\\\/person\\\/a1b3419c6585f164aa96da1ff85715d1\",\"name\":\"Nirmala Shrivastava\",\"image\":{\"@type\":\"ImageObject\",\"inLanguage\":\"en-US\",\"@id\":\"https:\\\/\\\/shrimataji.org\\\/test\\\/wp-content\\\/uploads\\\/2023\\\/02\\\/SMO_LOGO-03.svg\",\"url\":\"https:\\\/\\\/shrimataji.org\\\/test\\\/wp-content\\\/uploads\\\/2023\\\/02\\\/SMO_LOGO-03.svg\",\"contentUrl\":\"https:\\\/\\\/shrimataji.org\\\/test\\\/wp-content\\\/uploads\\\/2023\\\/02\\\/SMO_LOGO-03.svg\",\"width\":\"1024\",\"height\":\"1024\",\"caption\":\"Nirmala Shrivastava\"},\"logo\":{\"@id\":\"https:\\\/\\\/shrimataji.org\\\/test\\\/wp-content\\\/uploads\\\/2023\\\/02\\\/SMO_LOGO-03.svg\"},\"sameAs\":[\"https:\\\/\\\/shrimataji.org\\\/test\",\"https:\\\/\\\/www.facebook.com\\\/shrimataji\",\"https:\\\/\\\/x.com\\\/shrimataji\",\"https:\\\/\\\/www.youtube.com\\\/@Shri_Mataji_Nirmala_Devi\\\/featured\"]}]}<\/script>\n<!-- \/ Yoast SEO plugin. -->","yoast_head_json":{"title":"S\u00f6zl\u00fck - TEST - SMND","robots":{"index":"noindex","follow":"follow","max-snippet":"max-snippet:-1","max-image-preview":"max-image-preview:large","max-video-preview":"max-video-preview:-1"},"og_locale":"en_US","og_type":"article","og_title":"S\u00f6zl\u00fck - TEST - SMND","og_description":"S\u00f6zl\u00fck Dharma Kundalini Sahaja Yoga Sahaja Yoga Meditasyon Sahasrara \u00d6z Ayd\u0131nlanma Ruh S\u00fcptil Sistem D\u00fc\u015f\u00fcncesiz Fark\u0131ndal\u0131k Vibrasyonlar Yoga Dharma\u00a0 Ekoloji ve evrimin devam ettiren ve dengeleyen fakt\u00f6r\u00fc olarak do\u011fruluk veya do\u011fru davran\u0131\u015f kurallar\u0131. Kundalini Omurgan\u0131n ba\u015flad\u0131\u011f\u0131 noktada, sarmal bir \u015fekilde yatmakta olan gizli bir enerji. Uyand\u0131\u011f\u0131 zaman, bu hay\u0131rl\u0131 ve besleyici olan enerji, v\u00fccutta sinir&hellip; Read more","og_url":"https:\/\/shrimataji.org\/test\/tr\/sozluk\/","og_site_name":"TEST - SMND","article_publisher":"https:\/\/www.facebook.com\/shrimataji","article_modified_time":"2024-07-12T00:02:27+00:00","og_image":[{"width":2560,"height":905,"url":"https:\/\/shrimataji.org\/test\/wp-content\/uploads\/2023\/03\/Banner-Footer-Castle-1-scaled.jpg","type":"image\/jpeg"}],"twitter_card":"summary_large_image","twitter_site":"@shrimataji","schema":{"@context":"https:\/\/schema.org","@graph":[{"@type":"WebPage","@id":"https:\/\/shrimataji.org\/test\/tr\/sozluk\/","url":"https:\/\/shrimataji.org\/test\/tr\/sozluk\/","name":"S\u00f6zl\u00fck - TEST - SMND","isPartOf":{"@id":"https:\/\/shrimataji.org\/test\/#website"},"primaryImageOfPage":{"@id":"https:\/\/shrimataji.org\/test\/tr\/sozluk\/#primaryimage"},"image":{"@id":"https:\/\/shrimataji.org\/test\/tr\/sozluk\/#primaryimage"},"thumbnailUrl":"https:\/\/shrimataji.org\/test\/wp-content\/uploads\/2023\/03\/Banner-Footer-Castle-1-scaled.jpg","datePublished":"2018-07-10T06:54:50+00:00","dateModified":"2024-07-12T00:02:27+00:00","breadcrumb":{"@id":"https:\/\/shrimataji.org\/test\/tr\/sozluk\/#breadcrumb"},"inLanguage":"en-US","potentialAction":[{"@type":"ReadAction","target":["https:\/\/shrimataji.org\/test\/tr\/sozluk\/"]}]},{"@type":"ImageObject","inLanguage":"en-US","@id":"https:\/\/shrimataji.org\/test\/tr\/sozluk\/#primaryimage","url":"https:\/\/shrimataji.org\/test\/wp-content\/uploads\/2023\/03\/Banner-Footer-Castle-1-scaled.jpg","contentUrl":"https:\/\/shrimataji.org\/test\/wp-content\/uploads\/2023\/03\/Banner-Footer-Castle-1-scaled.jpg","width":2560,"height":905},{"@type":"BreadcrumbList","@id":"https:\/\/shrimataji.org\/test\/tr\/sozluk\/#breadcrumb","itemListElement":[{"@type":"ListItem","position":1,"name":"Home","item":"https:\/\/shrimataji.org\/test\/uk\/home-en\/"},{"@type":"ListItem","position":2,"name":"S\u00f6zl\u00fck"}]},{"@type":"WebSite","@id":"https:\/\/shrimataji.org\/test\/#website","url":"https:\/\/shrimataji.org\/test\/","name":"Shri Mataji Nirmala Devi","description":"A Life Dedicated to Humanity","publisher":{"@id":"https:\/\/shrimataji.org\/test\/#\/schema\/person\/a1b3419c6585f164aa96da1ff85715d1"},"potentialAction":[{"@type":"SearchAction","target":{"@type":"EntryPoint","urlTemplate":"https:\/\/shrimataji.org\/test\/?s={search_term_string}"},"query-input":{"@type":"PropertyValueSpecification","valueRequired":true,"valueName":"search_term_string"}}],"inLanguage":"en-US"},{"@type":["Person","Organization"],"@id":"https:\/\/shrimataji.org\/test\/#\/schema\/person\/a1b3419c6585f164aa96da1ff85715d1","name":"Nirmala Shrivastava","image":{"@type":"ImageObject","inLanguage":"en-US","@id":"https:\/\/shrimataji.org\/test\/wp-content\/uploads\/2023\/02\/SMO_LOGO-03.svg","url":"https:\/\/shrimataji.org\/test\/wp-content\/uploads\/2023\/02\/SMO_LOGO-03.svg","contentUrl":"https:\/\/shrimataji.org\/test\/wp-content\/uploads\/2023\/02\/SMO_LOGO-03.svg","width":"1024","height":"1024","caption":"Nirmala Shrivastava"},"logo":{"@id":"https:\/\/shrimataji.org\/test\/wp-content\/uploads\/2023\/02\/SMO_LOGO-03.svg"},"sameAs":["https:\/\/shrimataji.org\/test","https:\/\/www.facebook.com\/shrimataji","https:\/\/x.com\/shrimataji","https:\/\/www.youtube.com\/@Shri_Mataji_Nirmala_Devi\/featured"]}]}},"lang":"tr","translations":{"tr":10164,"ur":38951,"en":448,"am":18007,"th":19953,"hu":19483,"sq":18408,"zh":17305,"pt":10376,"de":10650,"fr":10748,"it":10846,"es":10943,"ja":11240,"ru":11428,"bn":11620,"te":11728,"sw":11851,"he":11999,"el":12290,"sk":12388,"fa":12486,"fi":12584,"bg":13451,"ro":14525,"cs":14718,"nl":16568,"ku":16728,"ar":16904,"be":18615,"kn":18889,"mr":20317,"uk":20609,"ml":20905,"ta":22723,"sv":22996,"gu":28842,"pa":29000,"fil":29442,"da":38947,"nn":38949,"pl":39854},"pll_sync_post":[],"_links":{"self":[{"href":"https:\/\/shrimataji.org\/test\/wp-json\/wp\/v2\/pages\/10164","targetHints":{"allow":["GET"]}}],"collection":[{"href":"https:\/\/shrimataji.org\/test\/wp-json\/wp\/v2\/pages"}],"about":[{"href":"https:\/\/shrimataji.org\/test\/wp-json\/wp\/v2\/types\/page"}],"author":[{"embeddable":true,"href":"https:\/\/shrimataji.org\/test\/wp-json\/wp\/v2\/users\/12"}],"replies":[{"embeddable":true,"href":"https:\/\/shrimataji.org\/test\/wp-json\/wp\/v2\/comments?post=10164"}],"version-history":[{"count":0,"href":"https:\/\/shrimataji.org\/test\/wp-json\/wp\/v2\/pages\/10164\/revisions"}],"wp:featuredmedia":[{"embeddable":true,"href":"https:\/\/shrimataji.org\/test\/wp-json\/wp\/v2\/media\/9552"}],"wp:attachment":[{"href":"https:\/\/shrimataji.org\/test\/wp-json\/wp\/v2\/media?parent=10164"}],"curies":[{"name":"wp","href":"https:\/\/api.w.org\/{rel}","templated":true}]}}