{"id":10165,"date":"2018-07-10T06:54:42","date_gmt":"2018-07-10T06:54:42","guid":{"rendered":"http:\/\/testwordpress.nirmalnagari.org\/smnd\/index.php\/holistic-health\/"},"modified":"2024-07-12T00:01:55","modified_gmt":"2024-07-12T00:01:55","slug":"butunsel-saglik","status":"publish","type":"page","link":"https:\/\/shrimataji.org\/test\/tr\/butunsel-saglik\/","title":{"rendered":"B\u00fct\u00fcnsel Sa\u011fl\u0131k"},"content":{"rendered":"\n\n\t<h1>B\u00fct\u00fcnsel Sa\u011fl\u0131k<\/h1>\n<h2><b>I\u0307c\u0327sel Tedavinin Su\u0308ptil Bilimi<\/b><\/h2>\n\t<h4>Tedavi so\u0308z konusu oldug\u0306unda t\u0131p, bir c\u0327ok yo\u0308nden faydal\u0131 olmas\u0131na rag\u0306men c\u0327og\u0306u zaman psikosomatik ve psikiyatrik bozukluklar\u0131n uzun su\u0308reli ve derinlemesine tedavisinde bas\u0327ar\u0131s\u0131z olur. C\u0327u\u0308nku\u0308 t\u0131p nedenlere deg\u0306il, semptomlara bakar. Elde ettig\u0306i sonuc\u0327lar\u0131n hepsini tek tek, ayr\u0131 ayr\u0131 ele alarak tedavi eder.<\/h4>\n\t<p>Shri Mataji, almakta oldu\u011fu t\u0131p e\u011fitimini, Hindistan&#8217;\u0131n b\u00f6l\u00fcnmesiyle birlikte ya\u015fanan siyasi olaylar nedeniyle b\u0131rakmak zorunda kalm\u0131\u015ft\u0131r. Ayn\u0131 d\u00f6nemlerde, ruhaniyet ve sa\u011fl\u0131k aras\u0131ndaki var olan ba\u011flant\u0131y\u0131 kabul eden b\u00fct\u00fcnc\u00fcl bir gelenekten yola \u00e7\u0131karak, meditasyona ve meditasyonun zihin ve beden \u00fczerindeki etkisini g\u00f6zlemlemeye zaman ay\u0131rm\u0131\u015ft\u0131r.<\/p>\n\t<p>Bu s\u00fcre\u00e7te Shri Mataji, sadece insan v\u00fccudunu y\u00f6neten s\u00fcptil bir enerji sisteminin kanallar\u0131n\u0131 ve sinir a\u011flar\u0131n\u0131n d\u00fc\u011f\u00fcm noktalar\u0131n\u0131 yeniden ke\u015ffetmekle kalmam\u0131\u015f, ayn\u0131 zamanda bu sistemin anahtar\u0131n\u0131 da bulmu\u015ftur. Eski Hint yaz\u0131tlar\u0131nda, &#8220;Kundalini&#8221; besleyen, di\u015fi bir enerji olarak an\u0131l\u0131r. Shri Mataji, insan davran\u0131\u015f\u0131n\u0131n hem bu enerji ba\u011flam\u0131nda hem de s\u00fcptil sistem \u00fczerindeki etkilerini incelemi\u015ftir. Dengesiz davran\u0131\u015flar\u0131n fiziksel, zihinsel veya duygusal a\u015f\u0131r\u0131l\u0131klara yol a\u00e7t\u0131\u011f\u0131n\u0131 g\u00f6rerek \u00e7e\u015fitli hastal\u0131klara sebep olabilece\u011fini belirtmi\u015ftir.<\/p>\n<p>Shri Mataji, Sahaja Yoga&#8217;n\u0131n her ne kadar iyile\u015ftirici \u00f6zelli\u011fi olsa da as\u0131l amac\u0131n\u0131n bu olmad\u0131\u011f\u0131n\u0131 belirtmi\u015ftir. O, ayd\u0131nlanma sayesinde insanlarda var olan Kundalini enerji ile fark\u0131ndal\u0131\u011f\u0131 uyand\u0131rman\u0131n daha \u00f6nemli oldu\u011funu vurgulam\u0131\u015ft\u0131r.<\/p>\n\t<div class=\"su-quote su-quote-style-default\"><div class=\"su-quote-inner su-u-clearfix su-u-trim\">&#8230;Kundalini, alt\u0131 enerji merkezinden ge\u00e7ti\u011finde, bu merkezleri ayd\u0131nlat\u0131r, besler ve b\u00fct\u00fcnle\u015ftirir. Bu y\u00fczden tamamen iyi olursunuz. Bu v\u00fccudun bir k\u0131sm\u0131n\u0131n tedavi edilmesi, di\u011fer bir k\u0131sm\u0131n\u0131n ise ihmal edilmesi gibi de\u011fildir. Tamam\u0131nda, b\u00fct\u00fcn olarak dengededir. Ve Kundalini, sizi dengenin orta yoluna sokar. <\/div><\/div>\n\t\n\t<p>Shri Mataji, yapt\u0131\u011f\u0131 konferanslarda, bu i\u00e7 enerji sistemini bir hipotez olarak tan\u0131tt\u0131 ve bunu k\u00f6r\u00fc k\u00f6r\u00fcne kabul etmek yerine kat\u0131l\u0131mc\u0131lar\u0131, a\u00e7\u0131k bir zihinle kendi s\u00f6ylediklerini test etmeye te\u015fvik etti. Sonu\u00e7 olarak, Sahaja Yoga uygulayan ve kendi ki\u015fisel sa\u011fl\u0131k konular\u0131nda \u00f6nemli geli\u015fmelere tan\u0131k olan\u00a0 bir\u00e7ok t\u0131p doktoru ve bilim adamlar\u0131, farkl\u0131 \u00fclkelerde yay\u0131n kurulu onayl\u0131 t\u0131p dergilerinde yay\u0131nlanan ve bilimsel nitelikli \u00e7al\u0131\u015fmalar y\u00fcr\u00fctt\u00fcler.<\/p>\n\t<p>Avustralya Kraliyet Hastanesi Do\u011fal Terapiler Birimi&#8217;nde Avustralyal\u0131 bir Genel Pratisyen ve Ara\u015ft\u0131rma G\u00f6revlisi olan Dr. Ramesh Manocha, Hipertansiyon, menopoz ba\u011flant\u0131l\u0131 bozukluklar<a href=\"#citstion-note-1\">[1]<\/a>, stresle ili\u015fkili semptomlar<a href=\"#citation-note-2\">[2]<\/a>, dikkat eksikli\u011fi hiperaktivite bozuklu\u011fu (ADHD)<a href=\"#citation-note-3\">[3]<\/a> ve ast\u0131m tedavisi ve \u00f6nlenmesinde<a href=\"#citation-note-4\">[4]<\/a> <a href=\"https:\/\/researchingmeditation.org\/\">Sahaja Yoga meditasyonunun etkileri konusunda inand\u0131r\u0131c\u0131 sonu\u00e7lar<\/a> veren \u00e7al\u0131\u015fmas\u0131n\u0131 yay\u0131nlad\u0131. Sahaja Yoga meditasyonu s\u0131ras\u0131nda elde edilen zihinsel sessizlik, Dr. Manocha&#8217;ya g\u00f6re &#8220;e\u015fsiz bir fizyolojik aktivite modeli ile ili\u015fkilidir&#8221;.<\/p>\n<p>O, birbirinden farkl\u0131 bir\u00e7ok meditasyon ve rahatlama teknikleri aras\u0131ndan sadece &#8216;Sahaja Yoga&#8217; meditasyonunun tedavi edici \u00f6zelliklerinin yeterli oldu\u011funu kan\u0131tlam\u0131\u015ft\u0131r.<\/p>\n\t<div class=\"epyt-video-wrapper\"><div  data-ep-a=\"fadeIn\"  style=\"display: block; margin: 0px auto;\"  id=\"_ytid_87883\"  width=\"3840\" height=\"2160\"  data-origwidth=\"3840\" data-origheight=\"2160\" data-facadesrc=\"https:\/\/www.youtube.com\/embed\/itvKZ5WxrFs?enablejsapi=1&autoplay=0&cc_load_policy=0&cc_lang_pref=&iv_load_policy=1&loop=0&rel=0&fs=1&playsinline=1&autohide=2&theme=dark&color=red&controls=1&disablekb=0&\" class=\"__youtube_prefs__ epyt-facade  no-lazyload\" data-epautoplay=\"1\" ><img decoding=\"async\" data-spai-excluded=\"true\" class=\"epyt-facade-poster skip-lazy\" loading=\"lazy\"  alt=\"YouTube player\"  src=\"https:\/\/i.ytimg.com\/vi\/itvKZ5WxrFs\/maxresdefault.jpg\"  \/><button class=\"epyt-facade-play\" aria-label=\"Play\"><svg data-no-lazy=\"1\" height=\"100%\" version=\"1.1\" viewBox=\"0 0 68 48\" width=\"100%\"><path class=\"ytp-large-play-button-bg\" d=\"M66.52,7.74c-0.78-2.93-2.49-5.41-5.42-6.19C55.79,.13,34,0,34,0S12.21,.13,6.9,1.55 C3.97,2.33,2.27,4.81,1.48,7.74C0.06,13.05,0,24,0,24s0.06,10.95,1.48,16.26c0.78,2.93,2.49,5.41,5.42,6.19 C12.21,47.87,34,48,34,48s21.79-0.13,27.1-1.55c2.93-0.78,4.64-3.26,5.42-6.19C67.94,34.95,68,24,68,24S67.94,13.05,66.52,7.74z\" fill=\"#f00\"><\/path><path d=\"M 45,24 27,14 27,34\" fill=\"#fff\"><\/path><\/svg><\/button><\/div><\/div><span itemprop=\"video\" itemscope itemtype=\"http:\/\/schema.org\/VideoObject\"><meta itemprop=\"embedUrl\" content=\"https:\/\/www.youtube.com\/embed\/itvKZ5WxrFs\"><meta itemprop=\"name\" content=\"Meditation Study Finds Improvement\"><meta itemprop=\"description\" content=\"In an Australian television news report, a quality-of-life study finds that short periods of daily meditation can significantly improve a person&#039;s mental health. Meditation appears to give people a protective effect. Those who have been meditating for two years are more than ten percent better off than non-meditators. Those who do not drink or smoke had even better mental health. More videos at: http:\/\/ShriMataji.org ~ A Life Dedicated to Humanity ~\"><meta itemprop=\"thumbnailUrl\" content=\"https:\/\/i.ytimg.com\/vi\/itvKZ5WxrFs\/0.jpg\"><meta itemprop=\"duration\" content=\"PT1M43S\"><meta itemprop=\"uploadDate\" content=\"2020-07-20T00:07:33Z\"><\/span>\n\t<p>Shri Mataji, 1996 y\u0131l\u0131nda Hindistan&#8217;\u0131n Mumbai yak\u0131nlar\u0131ndaki Belapur&#8217;da, Uluslararas\u0131 Sahaja Yoga Ara\u015ft\u0131rma ve Sa\u011fl\u0131k Merkezi&#8217;ni kurdu. Bu klinikte, Sahaja Yoga teknikleri ile tan\u0131 konarak hasta tedavi edilir. Ayr\u0131ca geleneksel &#8216;ayurveda&#8217; ve &#8216;allopatik&#8217; konusunda da t\u0131bbi bak\u0131m vererek hem yerel hem de uluslararas\u0131 hastalara hizmet etmeye devam etmektedir. Sa\u011fl\u0131k merkezindeki meditasyon tedavisi, geleneksel bat\u0131 t\u0131bb\u0131na k\u0131yasla g\u00f6zle g\u00f6r\u00fclecek kadar ya\u015fam kalitesinin iyile\u015fmesinde, kayg\u0131lar\u0131n azalmas\u0131nda ve kan bas\u0131nc\u0131 kontrol\u00fcn\u00fcn d\u00fczelmesini sa\u011flamaktad\u0131r<a href=\"#citation-note-5\">[5]<\/a>.<\/p>\n\t<p>Shri Mataji, insan\u0131n s\u00fcptil sistemini; k\u00f6kleri beyinde, dallar\u0131 ve meyveleri ise v\u00fccutta olup, ba\u015f a\u015fa\u011f\u0131 ters duran bir a\u011fa\u00e7 olarak tan\u0131mlam\u0131\u015ft\u0131r. V\u00fccuttaki enerji sisteminin k\u00f6kleri, beyinde bulunur ve a\u011fac\u0131n dallar\u0131n\u0131 beslemek \u00fczere kozmik enerjiyi emer. Meditasyon s\u0131ras\u0131nda beyindeki s\u00fcptil sistem ile v\u00fccuttaki enerji merkezleri aras\u0131ndaki bu s\u00fcrekli geri besleme s\u00fcre\u00e7leri, bedenin ve zihnin geli\u015fen dengesi ve entegrasyonu ile sonu\u00e7lan\u0131r. Bu a\u011fac\u0131 sa\u011fl\u0131kl\u0131 ve g\u00fc\u00e7l\u00fc tutmak i\u00e7in dikkatimizi beyindeki k\u00f6klere \u00e7evirmeliyiz ve bu da Sahaja Yoga meditasyonu ile ba\u015far\u0131labilir.<\/p>\n\t<div class=\"su-quote su-quote-style-default\"><div class=\"su-quote-inner su-u-clearfix su-u-trim\">E\u011fer bir a\u011fac\u0131 tedavi etmek zorunda kal\u0131r ve ilac\u0131 yapraklardan vermeye ba\u015flarsan\u0131z, asla iyile\u015fmeyecektir. K\u00f6klerine gitmelisiniz.<\/div><\/div>\n\t<hr \/>\n<h3>1. ^ Dr Ramesh Manocha, Dr Semmar B. Black, Perimenopozal Kad\u0131nlar i\u00e7in Zihinsel Sessizli\u011fi sa\u011flayan Meditasyon \u015eekli \u00fczerine Bir Pilot \u00c7al\u0131\u015fma. T\u0131bbi Ortamlarda Klinik Psikoloji Dergisi. 2007 Eyl\u00fcl ; 14(3):266-273; Hachette Australia taraf\u0131ndan 2013 y\u0131l\u0131nda yay\u0131nlanan\u00a0 &#8216;Zihninizi Sessizle\u015ftirin&#8217;\u00a0 adl\u0131 e-kitap.<br \/>\n2. <a href=\"#citation-ref-1-4\" data-cp-link=\"1\">^<\/a> Dr Ramesh Manocha, Black D, Sarris J, Stough C. Tam zamanl\u0131 \u00e7al\u0131\u015fanlarda i\u015f stresi, anksiyete ve depresif durumlar i\u00e7in randomize kontroll\u00fc meditasyon \u00e7al\u0131\u015fmalar\u0131. Kan\u0131ta Dayal\u0131 Tamamlay\u0131c\u0131 ve Alternatif T\u0131p 2011;2011:960583. Epub 2011 Haziran 7.<br \/>\n3. <a href=\"#citation-ref-1-4\" data-cp-link=\"1\">^<\/a> Dr Linda J.Harrison, Dr Ramesh Manocha, Dr Katya Rubia, &#8216; Aile Tedavisi Program\u0131 olarak &#8216;Dikkat Eksikli\u011fi &#8211; Hiperaktivite Bozuklu\u011fu&#8217; olan \u00c7ocuklar i\u00e7in Sahaja Yoga Meditasyonu, Klinik \u00c7ocuk Psikolojisi ve Psikiyatrisi 9 (4) (2004).<br \/>\n4. <a href=\"#citation-ref-1-4\" data-cp-link=\"1\">^<\/a>\u00a0 Dr Ramesh Manocha, Marks GB, Kenchington P, Peters D, et al. Orta dereceden \u015fiddetli dereceye ast\u0131m y\u00f6netiminde Sahaja Yoga: Randomize kontroll\u00fc \u00e7al\u0131\u015fma G\u00f6\u011f\u00fcs Kafesi. 2002 \u015eubat; 57(2): 110-5.<br \/>\n5. <a href=\"#citation-ref-5\" data-cp-link=\"1\">^<\/a> Sheng-Chia Chung PhD, Maria M. Brooks PhD, Madhur Rai MD, Judith L. Balk MD MPH, Sandeep Rai MD: &#8216;Sahaja Yoga Meditasyonu&#8217;nun Ya\u015fam Kalitesine olan Etkisi, Anksiyete, ve Kan Bas\u0131nc\u0131 Kontrol\u00fc&#8217; (ALTERNAT\u0130F VE TAMAMLAYICI TIP B\u00dcLTEN\u0130 18. Cilt, 6. Numara, 2012)<\/h3>\n\n","protected":false},"excerpt":{"rendered":"<p>B\u00fct\u00fcnsel Sa\u011fl\u0131k I\u0307c\u0327sel Tedavinin Su\u0308ptil Bilimi Tedavi so\u0308z konusu oldug\u0306unda t\u0131p, bir c\u0327ok yo\u0308nden faydal\u0131 olmas\u0131na rag\u0306men c\u0327og\u0306u zaman psikosomatik ve psikiyatrik bozukluklar\u0131n uzun su\u0308reli ve derinlemesine tedavisinde bas\u0327ar\u0131s\u0131z olur. C\u0327u\u0308nku\u0308 t\u0131p nedenlere deg\u0306il, semptomlara bakar. Elde ettig\u0306i sonuc\u0327lar\u0131n hepsini tek tek, ayr\u0131 ayr\u0131 ele alarak tedavi eder. Shri Mataji, almakta oldu\u011fu t\u0131p e\u011fitimini, Hindistan&#8217;\u0131n&hellip; <br \/> <a class=\"read-more\" href=\"https:\/\/shrimataji.org\/test\/tr\/butunsel-saglik\/\">Read more<\/a><\/p>\n","protected":false},"author":12,"featured_media":144,"parent":0,"menu_order":0,"comment_status":"closed","ping_status":"closed","template":"pro\/page-templates\/full-width-page.php","meta":{"inline_featured_image":false,"footnotes":""},"class_list":["post-10165","page","type-page","status-publish","has-post-thumbnail","hentry"],"yoast_head":"<!-- This site is optimized with the Yoast SEO plugin v27.4 - https:\/\/yoast.com\/product\/yoast-seo-wordpress\/ -->\n<title>B\u00fct\u00fcnsel Sa\u011fl\u0131k - TEST - SMND<\/title>\n<meta name=\"robots\" content=\"noindex, follow, max-snippet:-1, max-image-preview:large, max-video-preview:-1\" \/>\n<meta property=\"og:locale\" content=\"en_US\" \/>\n<meta property=\"og:type\" content=\"article\" \/>\n<meta property=\"og:title\" content=\"B\u00fct\u00fcnsel Sa\u011fl\u0131k - TEST - SMND\" \/>\n<meta property=\"og:description\" content=\"B\u00fct\u00fcnsel Sa\u011fl\u0131k I\u0307c\u0327sel Tedavinin Su\u0308ptil Bilimi Tedavi so\u0308z konusu oldug\u0306unda t\u0131p, bir c\u0327ok yo\u0308nden faydal\u0131 olmas\u0131na rag\u0306men c\u0327og\u0306u zaman psikosomatik ve psikiyatrik bozukluklar\u0131n uzun su\u0308reli ve derinlemesine tedavisinde bas\u0327ar\u0131s\u0131z olur. C\u0327u\u0308nku\u0308 t\u0131p nedenlere deg\u0306il, semptomlara bakar. Elde ettig\u0306i sonuc\u0327lar\u0131n hepsini tek tek, ayr\u0131 ayr\u0131 ele alarak tedavi eder. Shri Mataji, almakta oldu\u011fu t\u0131p e\u011fitimini, Hindistan&#8217;\u0131n&hellip; Read more\" \/>\n<meta property=\"og:url\" content=\"https:\/\/shrimataji.org\/test\/tr\/butunsel-saglik\/\" \/>\n<meta property=\"og:site_name\" content=\"TEST - SMND\" \/>\n<meta property=\"article:publisher\" content=\"https:\/\/www.facebook.com\/shrimataji\" \/>\n<meta property=\"article:modified_time\" content=\"2024-07-12T00:01:55+00:00\" \/>\n<meta property=\"og:image\" content=\"https:\/\/shrimataji.org\/test\/wp-content\/uploads\/2018\/07\/media_originals\/images\/headers-general\/holistic-health-foot-soaking-in-the-ocean.jpg\" \/>\n\t<meta property=\"og:image:width\" content=\"990\" \/>\n\t<meta property=\"og:image:height\" content=\"350\" \/>\n\t<meta property=\"og:image:type\" content=\"image\/jpeg\" \/>\n<meta name=\"twitter:card\" content=\"summary_large_image\" \/>\n<meta name=\"twitter:site\" content=\"@shrimataji\" \/>\n<script type=\"application\/ld+json\" class=\"yoast-schema-graph\">{\"@context\":\"https:\\\/\\\/schema.org\",\"@graph\":[{\"@type\":\"WebPage\",\"@id\":\"https:\\\/\\\/shrimataji.org\\\/test\\\/tr\\\/butunsel-saglik\\\/\",\"url\":\"https:\\\/\\\/shrimataji.org\\\/test\\\/tr\\\/butunsel-saglik\\\/\",\"name\":\"B\u00fct\u00fcnsel Sa\u011fl\u0131k - TEST - SMND\",\"isPartOf\":{\"@id\":\"https:\\\/\\\/shrimataji.org\\\/test\\\/#website\"},\"primaryImageOfPage\":{\"@id\":\"https:\\\/\\\/shrimataji.org\\\/test\\\/tr\\\/butunsel-saglik\\\/#primaryimage\"},\"image\":{\"@id\":\"https:\\\/\\\/shrimataji.org\\\/test\\\/tr\\\/butunsel-saglik\\\/#primaryimage\"},\"thumbnailUrl\":\"https:\\\/\\\/shrimataji.org\\\/test\\\/wp-content\\\/uploads\\\/2018\\\/07\\\/media_originals\\\/images\\\/headers-general\\\/holistic-health-foot-soaking-in-the-ocean.jpg\",\"datePublished\":\"2018-07-10T06:54:42+00:00\",\"dateModified\":\"2024-07-12T00:01:55+00:00\",\"breadcrumb\":{\"@id\":\"https:\\\/\\\/shrimataji.org\\\/test\\\/tr\\\/butunsel-saglik\\\/#breadcrumb\"},\"inLanguage\":\"en-US\",\"potentialAction\":[{\"@type\":\"ReadAction\",\"target\":[\"https:\\\/\\\/shrimataji.org\\\/test\\\/tr\\\/butunsel-saglik\\\/\"]}]},{\"@type\":\"ImageObject\",\"inLanguage\":\"en-US\",\"@id\":\"https:\\\/\\\/shrimataji.org\\\/test\\\/tr\\\/butunsel-saglik\\\/#primaryimage\",\"url\":\"https:\\\/\\\/shrimataji.org\\\/test\\\/wp-content\\\/uploads\\\/2018\\\/07\\\/media_originals\\\/images\\\/headers-general\\\/holistic-health-foot-soaking-in-the-ocean.jpg\",\"contentUrl\":\"https:\\\/\\\/shrimataji.org\\\/test\\\/wp-content\\\/uploads\\\/2018\\\/07\\\/media_originals\\\/images\\\/headers-general\\\/holistic-health-foot-soaking-in-the-ocean.jpg\",\"width\":990,\"height\":350},{\"@type\":\"BreadcrumbList\",\"@id\":\"https:\\\/\\\/shrimataji.org\\\/test\\\/tr\\\/butunsel-saglik\\\/#breadcrumb\",\"itemListElement\":[{\"@type\":\"ListItem\",\"position\":1,\"name\":\"Home\",\"item\":\"https:\\\/\\\/shrimataji.org\\\/test\\\/uk\\\/home-en\\\/\"},{\"@type\":\"ListItem\",\"position\":2,\"name\":\"B\u00fct\u00fcnsel Sa\u011fl\u0131k\"}]},{\"@type\":\"WebSite\",\"@id\":\"https:\\\/\\\/shrimataji.org\\\/test\\\/#website\",\"url\":\"https:\\\/\\\/shrimataji.org\\\/test\\\/\",\"name\":\"Shri Mataji Nirmala Devi\",\"description\":\"A Life Dedicated to Humanity\",\"publisher\":{\"@id\":\"https:\\\/\\\/shrimataji.org\\\/test\\\/#\\\/schema\\\/person\\\/a1b3419c6585f164aa96da1ff85715d1\"},\"potentialAction\":[{\"@type\":\"SearchAction\",\"target\":{\"@type\":\"EntryPoint\",\"urlTemplate\":\"https:\\\/\\\/shrimataji.org\\\/test\\\/?s={search_term_string}\"},\"query-input\":{\"@type\":\"PropertyValueSpecification\",\"valueRequired\":true,\"valueName\":\"search_term_string\"}}],\"inLanguage\":\"en-US\"},{\"@type\":[\"Person\",\"Organization\"],\"@id\":\"https:\\\/\\\/shrimataji.org\\\/test\\\/#\\\/schema\\\/person\\\/a1b3419c6585f164aa96da1ff85715d1\",\"name\":\"Nirmala Shrivastava\",\"image\":{\"@type\":\"ImageObject\",\"inLanguage\":\"en-US\",\"@id\":\"https:\\\/\\\/shrimataji.org\\\/test\\\/wp-content\\\/uploads\\\/2023\\\/02\\\/SMO_LOGO-03.svg\",\"url\":\"https:\\\/\\\/shrimataji.org\\\/test\\\/wp-content\\\/uploads\\\/2023\\\/02\\\/SMO_LOGO-03.svg\",\"contentUrl\":\"https:\\\/\\\/shrimataji.org\\\/test\\\/wp-content\\\/uploads\\\/2023\\\/02\\\/SMO_LOGO-03.svg\",\"width\":\"1024\",\"height\":\"1024\",\"caption\":\"Nirmala Shrivastava\"},\"logo\":{\"@id\":\"https:\\\/\\\/shrimataji.org\\\/test\\\/wp-content\\\/uploads\\\/2023\\\/02\\\/SMO_LOGO-03.svg\"},\"sameAs\":[\"https:\\\/\\\/shrimataji.org\\\/test\",\"https:\\\/\\\/www.facebook.com\\\/shrimataji\",\"https:\\\/\\\/x.com\\\/shrimataji\",\"https:\\\/\\\/www.youtube.com\\\/@Shri_Mataji_Nirmala_Devi\\\/featured\"]}]}<\/script>\n<!-- \/ Yoast SEO plugin. -->","yoast_head_json":{"title":"B\u00fct\u00fcnsel Sa\u011fl\u0131k - TEST - SMND","robots":{"index":"noindex","follow":"follow","max-snippet":"max-snippet:-1","max-image-preview":"max-image-preview:large","max-video-preview":"max-video-preview:-1"},"og_locale":"en_US","og_type":"article","og_title":"B\u00fct\u00fcnsel Sa\u011fl\u0131k - TEST - SMND","og_description":"B\u00fct\u00fcnsel Sa\u011fl\u0131k I\u0307c\u0327sel Tedavinin Su\u0308ptil Bilimi Tedavi so\u0308z konusu oldug\u0306unda t\u0131p, bir c\u0327ok yo\u0308nden faydal\u0131 olmas\u0131na rag\u0306men c\u0327og\u0306u zaman psikosomatik ve psikiyatrik bozukluklar\u0131n uzun su\u0308reli ve derinlemesine tedavisinde bas\u0327ar\u0131s\u0131z olur. C\u0327u\u0308nku\u0308 t\u0131p nedenlere deg\u0306il, semptomlara bakar. Elde ettig\u0306i sonuc\u0327lar\u0131n hepsini tek tek, ayr\u0131 ayr\u0131 ele alarak tedavi eder. Shri Mataji, almakta oldu\u011fu t\u0131p e\u011fitimini, Hindistan&#8217;\u0131n&hellip; Read more","og_url":"https:\/\/shrimataji.org\/test\/tr\/butunsel-saglik\/","og_site_name":"TEST - SMND","article_publisher":"https:\/\/www.facebook.com\/shrimataji","article_modified_time":"2024-07-12T00:01:55+00:00","og_image":[{"width":990,"height":350,"url":"https:\/\/shrimataji.org\/test\/wp-content\/uploads\/2018\/07\/media_originals\/images\/headers-general\/holistic-health-foot-soaking-in-the-ocean.jpg","type":"image\/jpeg"}],"twitter_card":"summary_large_image","twitter_site":"@shrimataji","schema":{"@context":"https:\/\/schema.org","@graph":[{"@type":"WebPage","@id":"https:\/\/shrimataji.org\/test\/tr\/butunsel-saglik\/","url":"https:\/\/shrimataji.org\/test\/tr\/butunsel-saglik\/","name":"B\u00fct\u00fcnsel Sa\u011fl\u0131k - TEST - SMND","isPartOf":{"@id":"https:\/\/shrimataji.org\/test\/#website"},"primaryImageOfPage":{"@id":"https:\/\/shrimataji.org\/test\/tr\/butunsel-saglik\/#primaryimage"},"image":{"@id":"https:\/\/shrimataji.org\/test\/tr\/butunsel-saglik\/#primaryimage"},"thumbnailUrl":"https:\/\/shrimataji.org\/test\/wp-content\/uploads\/2018\/07\/media_originals\/images\/headers-general\/holistic-health-foot-soaking-in-the-ocean.jpg","datePublished":"2018-07-10T06:54:42+00:00","dateModified":"2024-07-12T00:01:55+00:00","breadcrumb":{"@id":"https:\/\/shrimataji.org\/test\/tr\/butunsel-saglik\/#breadcrumb"},"inLanguage":"en-US","potentialAction":[{"@type":"ReadAction","target":["https:\/\/shrimataji.org\/test\/tr\/butunsel-saglik\/"]}]},{"@type":"ImageObject","inLanguage":"en-US","@id":"https:\/\/shrimataji.org\/test\/tr\/butunsel-saglik\/#primaryimage","url":"https:\/\/shrimataji.org\/test\/wp-content\/uploads\/2018\/07\/media_originals\/images\/headers-general\/holistic-health-foot-soaking-in-the-ocean.jpg","contentUrl":"https:\/\/shrimataji.org\/test\/wp-content\/uploads\/2018\/07\/media_originals\/images\/headers-general\/holistic-health-foot-soaking-in-the-ocean.jpg","width":990,"height":350},{"@type":"BreadcrumbList","@id":"https:\/\/shrimataji.org\/test\/tr\/butunsel-saglik\/#breadcrumb","itemListElement":[{"@type":"ListItem","position":1,"name":"Home","item":"https:\/\/shrimataji.org\/test\/uk\/home-en\/"},{"@type":"ListItem","position":2,"name":"B\u00fct\u00fcnsel Sa\u011fl\u0131k"}]},{"@type":"WebSite","@id":"https:\/\/shrimataji.org\/test\/#website","url":"https:\/\/shrimataji.org\/test\/","name":"Shri Mataji Nirmala Devi","description":"A Life Dedicated to Humanity","publisher":{"@id":"https:\/\/shrimataji.org\/test\/#\/schema\/person\/a1b3419c6585f164aa96da1ff85715d1"},"potentialAction":[{"@type":"SearchAction","target":{"@type":"EntryPoint","urlTemplate":"https:\/\/shrimataji.org\/test\/?s={search_term_string}"},"query-input":{"@type":"PropertyValueSpecification","valueRequired":true,"valueName":"search_term_string"}}],"inLanguage":"en-US"},{"@type":["Person","Organization"],"@id":"https:\/\/shrimataji.org\/test\/#\/schema\/person\/a1b3419c6585f164aa96da1ff85715d1","name":"Nirmala Shrivastava","image":{"@type":"ImageObject","inLanguage":"en-US","@id":"https:\/\/shrimataji.org\/test\/wp-content\/uploads\/2023\/02\/SMO_LOGO-03.svg","url":"https:\/\/shrimataji.org\/test\/wp-content\/uploads\/2023\/02\/SMO_LOGO-03.svg","contentUrl":"https:\/\/shrimataji.org\/test\/wp-content\/uploads\/2023\/02\/SMO_LOGO-03.svg","width":"1024","height":"1024","caption":"Nirmala Shrivastava"},"logo":{"@id":"https:\/\/shrimataji.org\/test\/wp-content\/uploads\/2023\/02\/SMO_LOGO-03.svg"},"sameAs":["https:\/\/shrimataji.org\/test","https:\/\/www.facebook.com\/shrimataji","https:\/\/x.com\/shrimataji","https:\/\/www.youtube.com\/@Shri_Mataji_Nirmala_Devi\/featured"]}]}},"lang":"tr","translations":{"tr":10165,"ur":37436,"en":403,"am":18008,"th":19955,"hu":19485,"sq":18409,"zh":17306,"hi":8491,"pt":10377,"de":10651,"fr":10749,"it":10847,"es":10944,"ja":11241,"ru":11429,"bn":11621,"te":11729,"sw":11852,"he":12000,"el":12291,"sk":12389,"fa":12487,"fi":12585,"bg":13478,"ro":14550,"cs":14743,"nl":16569,"ku":16729,"ar":16905,"be":18616,"kn":18890,"mr":20319,"uk":20611,"ml":20908,"ta":22724,"sv":22997,"gu":28843,"pa":29001,"fil":29443,"da":37748,"pl":37963,"nn":38300},"pll_sync_post":[],"_links":{"self":[{"href":"https:\/\/shrimataji.org\/test\/wp-json\/wp\/v2\/pages\/10165","targetHints":{"allow":["GET"]}}],"collection":[{"href":"https:\/\/shrimataji.org\/test\/wp-json\/wp\/v2\/pages"}],"about":[{"href":"https:\/\/shrimataji.org\/test\/wp-json\/wp\/v2\/types\/page"}],"author":[{"embeddable":true,"href":"https:\/\/shrimataji.org\/test\/wp-json\/wp\/v2\/users\/12"}],"replies":[{"embeddable":true,"href":"https:\/\/shrimataji.org\/test\/wp-json\/wp\/v2\/comments?post=10165"}],"version-history":[{"count":0,"href":"https:\/\/shrimataji.org\/test\/wp-json\/wp\/v2\/pages\/10165\/revisions"}],"wp:featuredmedia":[{"embeddable":true,"href":"https:\/\/shrimataji.org\/test\/wp-json\/wp\/v2\/media\/144"}],"wp:attachment":[{"href":"https:\/\/shrimataji.org\/test\/wp-json\/wp\/v2\/media?parent=10165"}],"curies":[{"name":"wp","href":"https:\/\/api.w.org\/{rel}","templated":true}]}}