{"id":10168,"date":"2018-07-10T06:54:50","date_gmt":"2018-07-10T06:54:50","guid":{"rendered":"http:\/\/testwordpress.nirmalnagari.org\/smnd\/index.php\/house-and-home\/"},"modified":"2024-07-12T00:01:57","modified_gmt":"2024-07-12T00:01:57","slug":"ev-ve-yuva","status":"publish","type":"page","link":"https:\/\/shrimataji.org\/test\/tr\/ev-ve-yuva\/","title":{"rendered":"Ev ve Yuva"},"content":{"rendered":"\n\n\t<h1>Ev ve Yuva<\/h1>\n<h2>T\u00fcm D\u00fcnyan\u0131n Aile Oldu\u011fu bir Yer<\/h2>\n\t\t\t\t<img loading=\"lazy\" decoding=\"async\" src=\"https:\/\/shrimataji.org\/test\/wp-content\/uploads\/2024\/06\/shri-mataji-in-england.jpg\" alt=\"Shri Mataji M\u00fczisyenlerle birlikte, \u0130ngiltere\" height=\"1044\" width=\"1500\" title=\"shri-mataji-in-england\" \/>\n\t\tShri Mataji M\u00fczisyenlerle birlikte, \u0130ngiltere\n\t<p>Shri Mataji&#8217;nin k\u00fc\u00e7\u00fck karde\u015fi Hermant Prasad Rao Salve, muhasebecilik s\u0131navlar\u0131na \u00e7al\u0131\u015f\u0131rken \u00e7o\u011fu kez onunla kal\u0131rd\u0131. Bay Salve, ablas\u0131n\u0131n o zamanlar ona verdi\u011fi \u00f6nem ve ilgiyi, ona al\u0131\u015f\u0131lageldik gece vakti \u00e7ay\u0131n\u0131 haz\u0131rlamak i\u00e7in dahi ge\u00e7 saate kadar uyan\u0131k kald\u0131\u011f\u0131n\u0131 hat\u0131rl\u0131yor. \u0130lk \u00f6nce k\u0131zlar\u0131n\u0131 uyuturdu, sonra &#8220;&#8230;ba\u015f\u0131ma bir saat kadar masaj yapt\u0131ktan sonra, bana bir bardak s\u0131cak \u00e7ay haz\u0131rlamaya giderdi ve bana getirirdi.&#8221;<a href=\"#citation-ref-1\" target=\"_blank\" rel=\"noopener\">[1]<\/a><\/p>\n<p>S\u0131navlar\u0131ndan sonra, Shri Mataji karde\u015fini, \u00e7ok tan\u0131nm\u0131\u015f m\u00fczisyenlerin konserlerine g\u00f6t\u00fcr\u00fcrd\u00fc. O, m\u00fczik performanslar\u0131n\u0131 te\u015fvik eden Sur Singar Samsad k\u00fclt\u00fcrel organizasyonunun (facebook&#8217;tan ula\u015fabilirsiniz) eski ba\u015fkan yard\u0131mc\u0131s\u0131yd\u0131 ve ayn\u0131 zamanda Bombay M\u00fczik Kul\u00fcb\u00fc \u00fcyesiydi, ve s\u0131k s\u0131k \u00e7e\u015fitli konserlere davet edilirdi. Salve Bey, Bismillah Khan, Amir Khan, Bhinsen Joshi, Shivkumar Sharma ve Vilayat Khan gibi muhte\u015fem sanat\u00e7\u0131lar\u0131 dinlemenin b\u00fcy\u00fck ayr\u0131cal\u0131\u011f\u0131n\u0131 an\u0131ms\u0131yordu.<\/p>\n\t\t\t\t<img loading=\"lazy\" decoding=\"async\" src=\"https:\/\/shrimataji.org\/test\/wp-content\/uploads\/2024\/06\/shri-mataji-with-her-brother-hp-salve-babamama.jpg\" alt=\"Shri Mataji, Babamama - HP Salve ile birlikte\" height=\"422\" width=\"640\" title=\"shri-mataji-with-her-brother-hp-salve-babamama\" \/>\n\t\tShri Mataji, Babamama &#8211; HP Salve ile birlikte\n\t<p>Shri Mataji 1961&#8217;de gen\u00e7leri ulusal, toplumsal ve ahlaki de\u011ferlere te\u015fvik etmek amac\u0131yla &#8220;Gen\u00e7lik Film Toplulu\u011fu&#8221;nu ba\u015flatt\u0131. Ayn\u0131 zamanda o Mumbai Film Denetleme Heyeti&#8217;nin de bir \u00fcyesiydi.<\/p>\n\t\t\t\t<img loading=\"lazy\" decoding=\"async\" src=\"https:\/\/shrimataji.org\/test\/wp-content\/uploads\/2024\/06\/shri-mataji-attending-the-film-fare-award-ceremony-in-bombay.jpg\" alt=\"Shri Mataji 1970&#039;lerde Mumbai&#039;deki Filmfare \u00f6d\u00fcllerine kat\u0131l\u0131yor\" height=\"446\" width=\"663\" title=\"shri-mataji-attending-the-film-fare-award-ceremony-in-bombay\" \/>\n\t\tShri Mataji 1970&#8217;lerde Mumbai&#8217;deki Filmfare \u00f6d\u00fcllerine kat\u0131l\u0131yor\n\t\t\t\t<img loading=\"lazy\" decoding=\"async\" src=\"https:\/\/shrimataji.org\/test\/wp-content\/uploads\/2024\/06\/shri-mataji-nirmala-devi-with-indian-film-board-members-in-mumbai.jpg\" alt=\"Shri Mataji Mumbai&#039;deki film \u00f6d\u00fcl kurulu \u00fcyeleriyle birlikte\" height=\"512\" width=\"648\" title=\"shri-mataji-nirmala-devi-with-indian-film-board-members-in-mumbai\" \/>\n\t\tShri Mataji Mumbai&#8217;deki film \u00f6d\u00fcl kurulu \u00fcyeleriyle birlikte\n\t<p>H.P. Salve &#8220;&#8230; Shri Mataji Lucknow&#8217;da bir ev in\u015fas\u0131na ba\u015flad\u0131.&#8221; diye hat\u0131rlad\u0131. Shri Mataji, toptan mermer almak i\u00e7in Jabalpur&#8217;a seyahat ederken, o genellikle Shri Mataji&#8217;ye e\u015flik ederdi; bu esnada Shri Mataji&#8217;nin, kayna\u011f\u0131ndan y\u00fcksek kalite, estetik olarak keyif verici ve \u00e7ok iyi bir fiyattan materyalleri se\u00e7mesindeki pratik kabiliyetini farkediyordu. Shri Mataji&#8217;nin bu kabiliyeti y\u0131llar boyunca bir\u00e7ok farkl\u0131 evin tadilat ve in\u015fas\u0131n\u0131n yap\u0131l\u0131\u015f\u0131n\u0131 y\u00f6netirken faydal\u0131 oldu. Y\u0131llar boyunca harabe halinde olan m\u00fclkleri alarak onlar\u0131 onarmak Shri Mataji&#8217;nin ya\u015fam\u0131n\u0131n bir par\u00e7as\u0131 olmu\u015ftur, t\u0131pk\u0131 zarar g\u00f6rm\u00fc\u015f insanlar\u0131 evinde misafir olarak kabul ederek onlar\u0131n denge ve sa\u011fl\u0131klar\u0131na kavu\u015fmalar\u0131 i\u00e7in yard\u0131m etti\u011fi gibi.<\/p>\n\t\t\t\t<img loading=\"lazy\" decoding=\"async\" src=\"https:\/\/shrimataji.org\/test\/wp-content\/uploads\/2024\/06\/Prasthisthan_Outside.jpg\" alt=\"Shri Mataji&#039;nin Prathisthan, Pune&#039;deki evi\" height=\"1333\" width=\"2000\" title=\"Prasthisthan_Outside\" \/>\n\t\tShri Mataji&#8217;nin Prathisthan, Pune&#8217;deki evi\n\t\t\t\t<img loading=\"lazy\" decoding=\"async\" src=\"https:\/\/shrimataji.org\/test\/wp-content\/uploads\/2024\/06\/Prasthisthan_Inside1.jpg\" alt=\"Shri Mataji&#039;nin Prathisthan, Pune&#039;deki evi\" height=\"800\" width=\"1200\" title=\"Prasthisthan_Inside1\" \/>\n\t\tShri Mataji&#8217;nin Prathisthan, Pune&#8217;deki evi\n\t<p>Salve Bey\u00a0an\u0131lar\u0131na yazm\u0131\u015f oldu\u011fu &#8220;Mermeri sipari\u015f ettikten sonra, kuzenlerimizden biriyle g\u00f6r\u00fc\u015fmeye gittik. Onun k\u0131z\u0131 yerel Robertson Koleji&#8217;nde ruhani deme\u00e7ler veren bir profes\u00f6r\u00fcn \u00f6\u011frencisi olmu\u015ftu. Shri Mataji&#8217;nin ruhaniyete olan e\u011filimini bilen kuzenim Shri Mataji ve profes\u00f6r\u00fcn g\u00f6r\u00fc\u015fmelerini ayarlad\u0131. Profes\u00f6r Nirmala&#8217;y\u0131 g\u00f6r\u00fcnce, ellerini y\u00fckselterek ona ko\u015ftu, hayk\u0131rarak &#8220;Oo Anne, &#8230;sizinle bulu\u015fmay\u0131 uzun zamand\u0131r d\u00f6rt g\u00f6zle bekliyordum! Ve bug\u00fcn benim bu hayalim ger\u00e7ek oldu.&#8221; B\u00f6yle s\u00f6yleyerek, Shri Mataji&#8217;nin ayaklar\u0131na kapand\u0131, \u015fahsi olarak ben t\u00fcm bu olanlara \u015fahit oldum ve ayn\u0131 zamanda kuzenim ve onun k\u0131z\u0131 da.&#8221;<\/p>\n<p>Bu, 1961 y\u0131l\u0131nda Nirmala daha ruhani g\u00f6revine ba\u015flamadan \u00f6nce oldu. Sevecen ve sad\u0131k bir e\u015f ve anne olarak, o iki k\u0131z\u0131n\u0131n da b\u00fcy\u00fcy\u00fcp evlenmesini bekledi.<\/p>\n\t<h5>&#8220;D\u00fcnyay\u0131 d\u00fczene getirmek i\u00e7in \u00f6nce ulusu d\u00fczene sokmal\u0131y\u0131z; ulusu d\u00fczene getirmek i\u00e7in aileyi d\u00fczene sokmal\u0131y\u0131z; aileyi d\u00fczene getirmek i\u00e7in ki\u015fisel ya\u015fam\u0131m\u0131z\u0131 geli\u015ftirmeliyiz; ve ya\u015fam\u0131m\u0131z\u0131 geli\u015ftirmek i\u00e7in de \u00f6nce kalplerimizi do\u011fru konuma getirmeliyiz.&#8221;<\/h5>\n<h5>\u00a0Konf\u00fc\u00e7yus<\/h5>\n\t<hr \/>\n<h3>1. <a href=\"#citation-ref-1\">^<\/a>\u00a0 H.P.Salve, An\u0131lar\u0131m &#8216;My Memoirs&#8217; Yeni Delhi: Life Eternal Trust, 2000<\/h3>\n\n","protected":false},"excerpt":{"rendered":"<p>Ev ve Yuva T\u00fcm D\u00fcnyan\u0131n Aile Oldu\u011fu bir Yer Shri Mataji M\u00fczisyenlerle birlikte, \u0130ngiltere Shri Mataji&#8217;nin k\u00fc\u00e7\u00fck karde\u015fi Hermant Prasad Rao Salve, muhasebecilik s\u0131navlar\u0131na \u00e7al\u0131\u015f\u0131rken \u00e7o\u011fu kez onunla kal\u0131rd\u0131. Bay Salve, ablas\u0131n\u0131n o zamanlar ona verdi\u011fi \u00f6nem ve ilgiyi, ona al\u0131\u015f\u0131lageldik gece vakti \u00e7ay\u0131n\u0131 haz\u0131rlamak i\u00e7in dahi ge\u00e7 saate kadar uyan\u0131k kald\u0131\u011f\u0131n\u0131 hat\u0131rl\u0131yor. \u0130lk \u00f6nce&hellip; <br \/> <a class=\"read-more\" href=\"https:\/\/shrimataji.org\/test\/tr\/ev-ve-yuva\/\">Read more<\/a><\/p>\n","protected":false},"author":12,"featured_media":9509,"parent":0,"menu_order":0,"comment_status":"closed","ping_status":"closed","template":"","meta":{"inline_featured_image":false,"footnotes":""},"class_list":["post-10168","page","type-page","status-publish","has-post-thumbnail","hentry"],"yoast_head":"<!-- This site is optimized with the Yoast SEO plugin v27.4 - https:\/\/yoast.com\/product\/yoast-seo-wordpress\/ -->\n<title>Ev ve Yuva - TEST - SMND<\/title>\n<meta name=\"robots\" content=\"noindex, follow, max-snippet:-1, max-image-preview:large, max-video-preview:-1\" \/>\n<meta property=\"og:locale\" content=\"en_US\" \/>\n<meta property=\"og:type\" content=\"article\" \/>\n<meta property=\"og:title\" content=\"Ev ve Yuva - TEST - SMND\" \/>\n<meta property=\"og:description\" content=\"Ev ve Yuva T\u00fcm D\u00fcnyan\u0131n Aile Oldu\u011fu bir Yer Shri Mataji M\u00fczisyenlerle birlikte, \u0130ngiltere Shri Mataji&#8217;nin k\u00fc\u00e7\u00fck karde\u015fi Hermant Prasad Rao Salve, muhasebecilik s\u0131navlar\u0131na \u00e7al\u0131\u015f\u0131rken \u00e7o\u011fu kez onunla kal\u0131rd\u0131. Bay Salve, ablas\u0131n\u0131n o zamanlar ona verdi\u011fi \u00f6nem ve ilgiyi, ona al\u0131\u015f\u0131lageldik gece vakti \u00e7ay\u0131n\u0131 haz\u0131rlamak i\u00e7in dahi ge\u00e7 saate kadar uyan\u0131k kald\u0131\u011f\u0131n\u0131 hat\u0131rl\u0131yor. \u0130lk \u00f6nce&hellip; Read more\" \/>\n<meta property=\"og:url\" content=\"https:\/\/shrimataji.org\/test\/tr\/ev-ve-yuva\/\" \/>\n<meta property=\"og:site_name\" content=\"TEST - SMND\" \/>\n<meta property=\"article:publisher\" content=\"https:\/\/www.facebook.com\/shrimataji\" \/>\n<meta property=\"article:modified_time\" content=\"2024-07-12T00:01:57+00:00\" \/>\n<meta property=\"og:image\" content=\"https:\/\/shrimataji.org\/test\/wp-content\/uploads\/2023\/03\/3_Banner_EarlyLife-House-scaled.jpg\" \/>\n\t<meta property=\"og:image:width\" content=\"2560\" \/>\n\t<meta property=\"og:image:height\" content=\"905\" \/>\n\t<meta property=\"og:image:type\" content=\"image\/jpeg\" \/>\n<meta name=\"twitter:card\" content=\"summary_large_image\" \/>\n<meta name=\"twitter:site\" content=\"@shrimataji\" \/>\n<script type=\"application\/ld+json\" class=\"yoast-schema-graph\">{\"@context\":\"https:\\\/\\\/schema.org\",\"@graph\":[{\"@type\":\"WebPage\",\"@id\":\"https:\\\/\\\/shrimataji.org\\\/test\\\/tr\\\/ev-ve-yuva\\\/\",\"url\":\"https:\\\/\\\/shrimataji.org\\\/test\\\/tr\\\/ev-ve-yuva\\\/\",\"name\":\"Ev ve Yuva - TEST - SMND\",\"isPartOf\":{\"@id\":\"https:\\\/\\\/shrimataji.org\\\/test\\\/#website\"},\"primaryImageOfPage\":{\"@id\":\"https:\\\/\\\/shrimataji.org\\\/test\\\/tr\\\/ev-ve-yuva\\\/#primaryimage\"},\"image\":{\"@id\":\"https:\\\/\\\/shrimataji.org\\\/test\\\/tr\\\/ev-ve-yuva\\\/#primaryimage\"},\"thumbnailUrl\":\"https:\\\/\\\/shrimataji.org\\\/test\\\/wp-content\\\/uploads\\\/2023\\\/03\\\/3_Banner_EarlyLife-House-scaled.jpg\",\"datePublished\":\"2018-07-10T06:54:50+00:00\",\"dateModified\":\"2024-07-12T00:01:57+00:00\",\"breadcrumb\":{\"@id\":\"https:\\\/\\\/shrimataji.org\\\/test\\\/tr\\\/ev-ve-yuva\\\/#breadcrumb\"},\"inLanguage\":\"en-US\",\"potentialAction\":[{\"@type\":\"ReadAction\",\"target\":[\"https:\\\/\\\/shrimataji.org\\\/test\\\/tr\\\/ev-ve-yuva\\\/\"]}]},{\"@type\":\"ImageObject\",\"inLanguage\":\"en-US\",\"@id\":\"https:\\\/\\\/shrimataji.org\\\/test\\\/tr\\\/ev-ve-yuva\\\/#primaryimage\",\"url\":\"https:\\\/\\\/shrimataji.org\\\/test\\\/wp-content\\\/uploads\\\/2023\\\/03\\\/3_Banner_EarlyLife-House-scaled.jpg\",\"contentUrl\":\"https:\\\/\\\/shrimataji.org\\\/test\\\/wp-content\\\/uploads\\\/2023\\\/03\\\/3_Banner_EarlyLife-House-scaled.jpg\",\"width\":2560,\"height\":905},{\"@type\":\"BreadcrumbList\",\"@id\":\"https:\\\/\\\/shrimataji.org\\\/test\\\/tr\\\/ev-ve-yuva\\\/#breadcrumb\",\"itemListElement\":[{\"@type\":\"ListItem\",\"position\":1,\"name\":\"Home\",\"item\":\"https:\\\/\\\/shrimataji.org\\\/test\\\/uk\\\/home-en\\\/\"},{\"@type\":\"ListItem\",\"position\":2,\"name\":\"Ev ve Yuva\"}]},{\"@type\":\"WebSite\",\"@id\":\"https:\\\/\\\/shrimataji.org\\\/test\\\/#website\",\"url\":\"https:\\\/\\\/shrimataji.org\\\/test\\\/\",\"name\":\"Shri Mataji Nirmala Devi\",\"description\":\"A Life Dedicated to Humanity\",\"publisher\":{\"@id\":\"https:\\\/\\\/shrimataji.org\\\/test\\\/#\\\/schema\\\/person\\\/a1b3419c6585f164aa96da1ff85715d1\"},\"potentialAction\":[{\"@type\":\"SearchAction\",\"target\":{\"@type\":\"EntryPoint\",\"urlTemplate\":\"https:\\\/\\\/shrimataji.org\\\/test\\\/?s={search_term_string}\"},\"query-input\":{\"@type\":\"PropertyValueSpecification\",\"valueRequired\":true,\"valueName\":\"search_term_string\"}}],\"inLanguage\":\"en-US\"},{\"@type\":[\"Person\",\"Organization\"],\"@id\":\"https:\\\/\\\/shrimataji.org\\\/test\\\/#\\\/schema\\\/person\\\/a1b3419c6585f164aa96da1ff85715d1\",\"name\":\"Nirmala Shrivastava\",\"image\":{\"@type\":\"ImageObject\",\"inLanguage\":\"en-US\",\"@id\":\"https:\\\/\\\/shrimataji.org\\\/test\\\/wp-content\\\/uploads\\\/2023\\\/02\\\/SMO_LOGO-03.svg\",\"url\":\"https:\\\/\\\/shrimataji.org\\\/test\\\/wp-content\\\/uploads\\\/2023\\\/02\\\/SMO_LOGO-03.svg\",\"contentUrl\":\"https:\\\/\\\/shrimataji.org\\\/test\\\/wp-content\\\/uploads\\\/2023\\\/02\\\/SMO_LOGO-03.svg\",\"width\":\"1024\",\"height\":\"1024\",\"caption\":\"Nirmala Shrivastava\"},\"logo\":{\"@id\":\"https:\\\/\\\/shrimataji.org\\\/test\\\/wp-content\\\/uploads\\\/2023\\\/02\\\/SMO_LOGO-03.svg\"},\"sameAs\":[\"https:\\\/\\\/shrimataji.org\\\/test\",\"https:\\\/\\\/www.facebook.com\\\/shrimataji\",\"https:\\\/\\\/x.com\\\/shrimataji\",\"https:\\\/\\\/www.youtube.com\\\/@Shri_Mataji_Nirmala_Devi\\\/featured\"]}]}<\/script>\n<!-- \/ Yoast SEO plugin. -->","yoast_head_json":{"title":"Ev ve Yuva - TEST - SMND","robots":{"index":"noindex","follow":"follow","max-snippet":"max-snippet:-1","max-image-preview":"max-image-preview:large","max-video-preview":"max-video-preview:-1"},"og_locale":"en_US","og_type":"article","og_title":"Ev ve Yuva - TEST - SMND","og_description":"Ev ve Yuva T\u00fcm D\u00fcnyan\u0131n Aile Oldu\u011fu bir Yer Shri Mataji M\u00fczisyenlerle birlikte, \u0130ngiltere Shri Mataji&#8217;nin k\u00fc\u00e7\u00fck karde\u015fi Hermant Prasad Rao Salve, muhasebecilik s\u0131navlar\u0131na \u00e7al\u0131\u015f\u0131rken \u00e7o\u011fu kez onunla kal\u0131rd\u0131. Bay Salve, ablas\u0131n\u0131n o zamanlar ona verdi\u011fi \u00f6nem ve ilgiyi, ona al\u0131\u015f\u0131lageldik gece vakti \u00e7ay\u0131n\u0131 haz\u0131rlamak i\u00e7in dahi ge\u00e7 saate kadar uyan\u0131k kald\u0131\u011f\u0131n\u0131 hat\u0131rl\u0131yor. \u0130lk \u00f6nce&hellip; Read more","og_url":"https:\/\/shrimataji.org\/test\/tr\/ev-ve-yuva\/","og_site_name":"TEST - SMND","article_publisher":"https:\/\/www.facebook.com\/shrimataji","article_modified_time":"2024-07-12T00:01:57+00:00","og_image":[{"width":2560,"height":905,"url":"https:\/\/shrimataji.org\/test\/wp-content\/uploads\/2023\/03\/3_Banner_EarlyLife-House-scaled.jpg","type":"image\/jpeg"}],"twitter_card":"summary_large_image","twitter_site":"@shrimataji","schema":{"@context":"https:\/\/schema.org","@graph":[{"@type":"WebPage","@id":"https:\/\/shrimataji.org\/test\/tr\/ev-ve-yuva\/","url":"https:\/\/shrimataji.org\/test\/tr\/ev-ve-yuva\/","name":"Ev ve Yuva - TEST - SMND","isPartOf":{"@id":"https:\/\/shrimataji.org\/test\/#website"},"primaryImageOfPage":{"@id":"https:\/\/shrimataji.org\/test\/tr\/ev-ve-yuva\/#primaryimage"},"image":{"@id":"https:\/\/shrimataji.org\/test\/tr\/ev-ve-yuva\/#primaryimage"},"thumbnailUrl":"https:\/\/shrimataji.org\/test\/wp-content\/uploads\/2023\/03\/3_Banner_EarlyLife-House-scaled.jpg","datePublished":"2018-07-10T06:54:50+00:00","dateModified":"2024-07-12T00:01:57+00:00","breadcrumb":{"@id":"https:\/\/shrimataji.org\/test\/tr\/ev-ve-yuva\/#breadcrumb"},"inLanguage":"en-US","potentialAction":[{"@type":"ReadAction","target":["https:\/\/shrimataji.org\/test\/tr\/ev-ve-yuva\/"]}]},{"@type":"ImageObject","inLanguage":"en-US","@id":"https:\/\/shrimataji.org\/test\/tr\/ev-ve-yuva\/#primaryimage","url":"https:\/\/shrimataji.org\/test\/wp-content\/uploads\/2023\/03\/3_Banner_EarlyLife-House-scaled.jpg","contentUrl":"https:\/\/shrimataji.org\/test\/wp-content\/uploads\/2023\/03\/3_Banner_EarlyLife-House-scaled.jpg","width":2560,"height":905},{"@type":"BreadcrumbList","@id":"https:\/\/shrimataji.org\/test\/tr\/ev-ve-yuva\/#breadcrumb","itemListElement":[{"@type":"ListItem","position":1,"name":"Home","item":"https:\/\/shrimataji.org\/test\/uk\/home-en\/"},{"@type":"ListItem","position":2,"name":"Ev ve Yuva"}]},{"@type":"WebSite","@id":"https:\/\/shrimataji.org\/test\/#website","url":"https:\/\/shrimataji.org\/test\/","name":"Shri Mataji Nirmala Devi","description":"A Life Dedicated to Humanity","publisher":{"@id":"https:\/\/shrimataji.org\/test\/#\/schema\/person\/a1b3419c6585f164aa96da1ff85715d1"},"potentialAction":[{"@type":"SearchAction","target":{"@type":"EntryPoint","urlTemplate":"https:\/\/shrimataji.org\/test\/?s={search_term_string}"},"query-input":{"@type":"PropertyValueSpecification","valueRequired":true,"valueName":"search_term_string"}}],"inLanguage":"en-US"},{"@type":["Person","Organization"],"@id":"https:\/\/shrimataji.org\/test\/#\/schema\/person\/a1b3419c6585f164aa96da1ff85715d1","name":"Nirmala Shrivastava","image":{"@type":"ImageObject","inLanguage":"en-US","@id":"https:\/\/shrimataji.org\/test\/wp-content\/uploads\/2023\/02\/SMO_LOGO-03.svg","url":"https:\/\/shrimataji.org\/test\/wp-content\/uploads\/2023\/02\/SMO_LOGO-03.svg","contentUrl":"https:\/\/shrimataji.org\/test\/wp-content\/uploads\/2023\/02\/SMO_LOGO-03.svg","width":"1024","height":"1024","caption":"Nirmala Shrivastava"},"logo":{"@id":"https:\/\/shrimataji.org\/test\/wp-content\/uploads\/2023\/02\/SMO_LOGO-03.svg"},"sameAs":["https:\/\/shrimataji.org\/test","https:\/\/www.facebook.com\/shrimataji","https:\/\/x.com\/shrimataji","https:\/\/www.youtube.com\/@Shri_Mataji_Nirmala_Devi\/featured"]}]}},"lang":"tr","translations":{"tr":10168,"ur":37439,"en":440,"am":18013,"th":19962,"hu":19490,"sq":18414,"zh":17311,"pt":10380,"de":10654,"fr":10752,"es":10947,"ja":11244,"ru":11432,"bn":11624,"te":11732,"sw":11855,"he":12003,"el":12294,"sk":12392,"fa":12490,"fi":12588,"bg":13445,"it":13527,"ro":14519,"cs":14712,"nl":16574,"ku":16734,"ar":16910,"be":18621,"kn":18895,"mr":20326,"uk":20618,"ml":20915,"ta":22729,"sv":23002,"gu":28846,"pa":29006,"fil":29448,"da":37753,"pl":37966,"nn":38305},"pll_sync_post":[],"_links":{"self":[{"href":"https:\/\/shrimataji.org\/test\/wp-json\/wp\/v2\/pages\/10168","targetHints":{"allow":["GET"]}}],"collection":[{"href":"https:\/\/shrimataji.org\/test\/wp-json\/wp\/v2\/pages"}],"about":[{"href":"https:\/\/shrimataji.org\/test\/wp-json\/wp\/v2\/types\/page"}],"author":[{"embeddable":true,"href":"https:\/\/shrimataji.org\/test\/wp-json\/wp\/v2\/users\/12"}],"replies":[{"embeddable":true,"href":"https:\/\/shrimataji.org\/test\/wp-json\/wp\/v2\/comments?post=10168"}],"version-history":[{"count":0,"href":"https:\/\/shrimataji.org\/test\/wp-json\/wp\/v2\/pages\/10168\/revisions"}],"wp:featuredmedia":[{"embeddable":true,"href":"https:\/\/shrimataji.org\/test\/wp-json\/wp\/v2\/media\/9509"}],"wp:attachment":[{"href":"https:\/\/shrimataji.org\/test\/wp-json\/wp\/v2\/media?parent=10168"}],"curies":[{"name":"wp","href":"https:\/\/api.w.org\/{rel}","templated":true}]}}