{"id":10174,"date":"2022-01-29T10:02:47","date_gmt":"2022-01-29T10:02:47","guid":{"rendered":"https:\/\/test.shrimataji.org\/?page_id=6394"},"modified":"2024-07-12T00:02:00","modified_gmt":"2024-07-12T00:02:00","slug":"koklerin-bilgisi-suptil-sistem","status":"publish","type":"page","link":"https:\/\/shrimataji.org\/test\/tr\/koklerin-bilgisi-suptil-sistem\/","title":{"rendered":"K\u00f6klerin Bilgisi \u2013 S\u00fcptil Sistem"},"content":{"rendered":"\n\n\t<h1>K\u00f6klerin Bilgisi &#8211; S\u00fcptil Sistem<\/h1>\n<h2>\u0130\u00e7sel Varl\u0131\u011f\u0131m\u0131z\u0131n Kadim Bilimi<\/h2>\n<h4><b>Yogada ustala\u015fman\u0131n \u00f6nemli bir taraf\u0131, bilincimizin i\u00e7sel evrimini deneyimlemek i\u00e7in bir yol haritas\u0131 i\u015flevi g\u00f6ren s\u00fcptil sistem hakk\u0131nda tam bilgiye sahip olmakt\u0131r.<\/b><\/h4>\n\t<p>Eski Hint Vedik metinleri, gizli beden sisteminin nadilerden (Sanskrit\u00e7e&#8217;de kanal anlam\u0131na gelir) olu\u015ftu\u011funu anlat\u0131r. Nehirlerden akan su gibi, <a href=\"https:\/\/shrimataji.org\/tr\/nadiler-ve-uc-ruh-hali\/\">nadiler<\/a> de varl\u0131\u011f\u0131m\u0131zdaki s\u00fcptil enerjilerin ak\u0131\u015f\u0131n\u0131 kolayla\u015ft\u0131r\u0131r. Sistem ayn\u0131 zamanda <a href=\"https:\/\/shrimataji.org\/tr\/cakralar-ve-kaliteleri\/\">\u00e7akralar\u0131<\/a> (Sanskrit\u00e7e&#8217;de tekerlek gibi d\u00f6nen gizli enerji merkezi anlam\u0131na gelir) ve <a href=\"https:\/\/shrimataji.org\/tr\/kundalini\">Kundalini&#8217;yi<\/a> (Evrimin nihai g\u00fcc\u00fc olarak sakrum kemi\u011fine yans\u0131yan sarmal enerji anlam\u0131na gelir) i\u00e7erir. Gizli bedenimiz, \u00fc\u00e7 ana nadi, (Ida, Pingala ve Sushumna) ile yedi \u00e7akra (<a href=\"https:\/\/shrimataji.org\/tr\/mooladhara-cakra\">Mooladhara<\/a>, <a href=\"https:\/\/shrimataji.org\/tr\/swadhisthan-cakra\">Swadhisthan<\/a>, <a href=\"https:\/\/shrimataji.org\/tr\/nabhi-cakra\/\">Nabhi<\/a>, <a href=\"https:\/\/shrimataji.org\/tr\/anahata-cakra\">Anahata<\/a>, <a href=\"https:\/\/shrimataji.org\/tr\/vishuddhi-cakra\">Vishuddhi<\/a>, <a href=\"https:\/\/shrimataji.org\/tr\/agnya-cakra\">Agnya<\/a> ve <a href=\"https:\/\/shrimataji.org\/tr\/sahasrara-cakra\">Sahasrara<\/a>) kapsam\u0131ndaki binlerce nadi ve \u00e7akradan olu\u015fur.<\/p>\n<p>Ebedi Ruh, <a href=\"https:\/\/shrimataji.org\/tr\/atma\/\" target=\"_blank\" rel=\"noopener\">Atma<\/a>, kalbimize yans\u0131r.<\/p>\n\t\t\t\t<img loading=\"lazy\" decoding=\"async\" src=\"https:\/\/shrimataji.org\/test\/wp-content\/uploads\/2024\/06\/TR_Chakras-and-Nadis-1.png\" alt=\"TR_Chakras and Nadis\" height=\"7740\" width=\"6428\" title=\"TR_Chakras and Nadis\" \/>\n\t<p>T\u0131pk\u0131 duyu organlar\u0131m\u0131z\u0131 ve motor tepkilerimizi y\u00f6neten ve kontrol eden \u00e7ok karma\u015f\u0131k bir sinir a\u011f\u0131 ve n\u00f6ral pleksuslar gibi, her insan\u0131n do\u011fu\u015ftan sahip oldu\u011fu, sempatik ve parasempatik sinir sistemleriyle \u00e7ok iyi e\u015fle\u015fen gizli bir sistemi vard\u0131r. Kanallardan (Nadiler) ve enerji merkezlerinden (\u00e7akralar) olu\u015fan s\u00fcptil sistemimizin, v\u00fccudumuzdaki ve beynimizdeki sinir a\u011f\u0131 ile kar\u015f\u0131l\u0131kl\u0131 karma\u015f\u0131k etkile\u015fimi fiziksel, zihinsel, duygusal ve spirit\u00fcel varl\u0131\u011f\u0131m\u0131z\u0131 y\u00f6netir. Bedenimizdeki gizli sistem, bir bilgisayar yaz\u0131l\u0131m\u0131na benzetilebilir.<\/p>\n\t<p>\u0130nsan sisteminin s\u00fcptil bilgisi, binlerce y\u0131l \u00f6nce zaten biliniyordu. Hint kutsal metinleri, Lord Shiva&#8217;n\u0131n bu bilgiyi Saptha Rishi&#8217;lerle (yedi bilge) ilk payla\u015fan Adiyogi (ezeli yogi) oldu\u011funu a\u00e7\u0131klamaktad\u0131r. Bu yedi bilge, yoga bilimini d\u00fcnyan\u0131n farkl\u0131 yerlerine ta\u015f\u0131m\u0131\u015ft\u0131r. Ancak yoga sisteminin tam ifadesini buldu\u011fu yer Hindistan&#8217;d\u0131r.<\/p>\n<p>S\u00fcptil sistemimiz hakk\u0131ndaki bu bilgi Hint yoga geleneklerinde iyi bilinmesine ra\u011fmen, t\u00fcm s\u00fcptil sistemin karma\u015f\u0131k mekanizmas\u0131n\u0131 ve bu mekanizman\u0131n rahimdeki fet\u00fcs\u00fcn geli\u015fiminin ilk a\u015famalar\u0131ndan itibaren canl\u0131 bedenle bir arada var oldu\u011funu ilk kez a\u00e7\u0131klayan Shri Mataji olmu\u015ftur.<\/p>\n<div class=\"su-quote su-quote-style-default\"><div class=\"su-quote-inner su-u-clearfix su-u-trim\"> <i>B\u00f6ylece, bebek anne karn\u0131nda iki ayl\u0131kken, bu ya\u015fam g\u00fcc\u00fc ruha girer. Girdi\u011fi yer buras\u0131d\u0131r. Ba\u015f\u0131m\u0131zdan ba\u015flayarak\u00a0 damaktan a\u015fa\u011f\u0131 do\u011fru (i\u00e7eri), beynin ortas\u0131ndan, vertebral kolondan- omurilik denilen kolon &#8211; ge\u00e7erek \u00fc\u00e7gen k\u0131sma (kemi\u011fe) kadar iner. Bu Kundalini g\u00fcc\u00fc harekete ge\u00e7ti\u011finde nadiren durur, \u00e7akralardan ge\u00e7er. Bu \u00e7akralar,\u00a0 i\u00e7eride merkezler halinde, d\u0131\u015far\u0131da ise doktorlar taraf\u0131ndan pleksuslar olarak adland\u0131r\u0131l\u0131r ki bu da parasempatik sinir sistemine aittir.<\/i><\/div><\/div>\n<p>Shri Mataji, \u0131\u015f\u0131\u011f\u0131n bir prizma i\u00e7inde b\u00fck\u00fclmesine ili\u015fkin basit benzetmeyle, insan beyninin milyonlarca y\u0131l boyunca d\u00fcz bir yap\u0131dan prizmatik bir yap\u0131ya evrilirken, insan\u0131n karma\u015f\u0131k sinir yap\u0131s\u0131 i\u00e7inde yans\u0131yan ve harmanlanan s\u00fcptil enerjilerin bile\u015fik yap\u0131s\u0131n\u0131 nas\u0131l kolayla\u015ft\u0131rd\u0131\u011f\u0131n\u0131 a\u00e7\u0131klam\u0131\u015ft\u0131r.\u00a0<\/p>\n<p>Ayd\u0131nlanm\u0131\u015f bir ki\u015fi, yeni do\u011fan bir bebe\u011fin b\u0131ng\u0131ldak kemi\u011fi b\u00f6lgesinden yay\u0131lan serin esintiyi genellikle hissedebilir. Shri Mataji bu olay\u0131, b\u00fcy\u00fcmenin ilk y\u0131llar\u0131nda Paramchaitanya ad\u0131n\u0131 verdi\u011fi, Tanr\u0131sal sevginin her yeri kaplayan enerji etkisinin bir g\u00f6stergesi olarak a\u00e7\u0131klam\u0131\u015ft\u0131r. \u00c7o\u011fu zaman, bebeklerin belirli bir parma\u011f\u0131n\u0131 emdi\u011fi g\u00f6r\u00fcl\u00fcr ki; ayd\u0131nlanm\u0131\u015f bir ruh, bunun i\u00e7imizde belirli bir \u00e7akradaki t\u0131kan\u0131kl\u0131klarla ilgili oldu\u011funu kolayca \u00e7\u00f6zebilir. Daha sonra, kafatas\u0131 kemiklerinin kire\u00e7lenmesi, insan egosunun ve \u015fartlanmalar\u0131n\u0131n geli\u015fmesiyle, bu s\u00fcptil fark\u0131ndal\u0131k geri \u00e7ekilir, b\u00f6ylelikle etraf\u0131m\u0131zdaki y\u00fczeysel d\u00fcnyan\u0131n daha fazla fark\u0131na var\u0131r ve onunla \u00f6zde\u015fle\u015firiz.<\/p>\n<p>Ayd\u0131nlanma ve meditasyon s\u00fcreciyle, s\u00fcptil varl\u0131\u011f\u0131m\u0131zdaki bu ezeli ba\u011flant\u0131y\u0131 yeniden kurabiliriz.<\/p>\n\t<img decoding=\"async\" data-spai-excluded=\"true\" loading=\"lazy\" alt=\"YouTube player\" src=\"https:\/\/i.ytimg.com\/vi\/PrwmhC45nVc\/maxresdefault.jpg\" \/><button aria-label=\"Play\"><\/button>\n\n","protected":false},"excerpt":{"rendered":"<p>K\u00f6klerin Bilgisi &#8211; S\u00fcptil Sistem \u0130\u00e7sel Varl\u0131\u011f\u0131m\u0131z\u0131n Kadim Bilimi Yogada ustala\u015fman\u0131n \u00f6nemli bir taraf\u0131, bilincimizin i\u00e7sel evrimini deneyimlemek i\u00e7in bir yol haritas\u0131 i\u015flevi g\u00f6ren s\u00fcptil sistem hakk\u0131nda tam bilgiye sahip olmakt\u0131r. Eski Hint Vedik metinleri, gizli beden sisteminin nadilerden (Sanskrit\u00e7e&#8217;de kanal anlam\u0131na gelir) olu\u015ftu\u011funu anlat\u0131r. Nehirlerden akan su gibi, nadiler de varl\u0131\u011f\u0131m\u0131zdaki s\u00fcptil enerjilerin ak\u0131\u015f\u0131n\u0131&hellip; <br \/> <a class=\"read-more\" href=\"https:\/\/shrimataji.org\/test\/tr\/koklerin-bilgisi-suptil-sistem\/\">Read more<\/a><\/p>\n","protected":false},"author":12,"featured_media":9242,"parent":0,"menu_order":0,"comment_status":"closed","ping_status":"closed","template":"","meta":{"inline_featured_image":false,"footnotes":""},"class_list":["post-10174","page","type-page","status-publish","has-post-thumbnail","hentry"],"yoast_head":"<!-- This site is optimized with the Yoast SEO plugin v27.4 - https:\/\/yoast.com\/product\/yoast-seo-wordpress\/ -->\n<title>K\u00f6klerin Bilgisi \u2013 S\u00fcptil Sistem - TEST - SMND<\/title>\n<meta name=\"robots\" content=\"noindex, follow, max-snippet:-1, max-image-preview:large, max-video-preview:-1\" \/>\n<meta property=\"og:locale\" content=\"en_US\" \/>\n<meta property=\"og:type\" content=\"article\" \/>\n<meta property=\"og:title\" content=\"K\u00f6klerin Bilgisi \u2013 S\u00fcptil Sistem - TEST - SMND\" \/>\n<meta property=\"og:description\" content=\"K\u00f6klerin Bilgisi &#8211; S\u00fcptil Sistem \u0130\u00e7sel Varl\u0131\u011f\u0131m\u0131z\u0131n Kadim Bilimi Yogada ustala\u015fman\u0131n \u00f6nemli bir taraf\u0131, bilincimizin i\u00e7sel evrimini deneyimlemek i\u00e7in bir yol haritas\u0131 i\u015flevi g\u00f6ren s\u00fcptil sistem hakk\u0131nda tam bilgiye sahip olmakt\u0131r. Eski Hint Vedik metinleri, gizli beden sisteminin nadilerden (Sanskrit\u00e7e&#8217;de kanal anlam\u0131na gelir) olu\u015ftu\u011funu anlat\u0131r. Nehirlerden akan su gibi, nadiler de varl\u0131\u011f\u0131m\u0131zdaki s\u00fcptil enerjilerin ak\u0131\u015f\u0131n\u0131&hellip; Read more\" \/>\n<meta property=\"og:url\" content=\"https:\/\/shrimataji.org\/test\/tr\/koklerin-bilgisi-suptil-sistem\/\" \/>\n<meta property=\"og:site_name\" content=\"TEST - SMND\" \/>\n<meta property=\"article:publisher\" content=\"https:\/\/www.facebook.com\/shrimataji\" \/>\n<meta property=\"article:modified_time\" content=\"2024-07-12T00:02:00+00:00\" \/>\n<meta property=\"og:image\" content=\"https:\/\/shrimataji.org\/test\/wp-content\/uploads\/2023\/03\/7_Banner-SY-Roots-2-scaled.jpg\" \/>\n\t<meta property=\"og:image:width\" content=\"2560\" \/>\n\t<meta property=\"og:image:height\" content=\"905\" \/>\n\t<meta property=\"og:image:type\" content=\"image\/jpeg\" \/>\n<meta name=\"twitter:card\" content=\"summary_large_image\" \/>\n<meta name=\"twitter:site\" content=\"@shrimataji\" \/>\n<meta name=\"twitter:label1\" content=\"Est. reading time\" \/>\n\t<meta name=\"twitter:data1\" content=\"3 minutes\" \/>\n<script type=\"application\/ld+json\" class=\"yoast-schema-graph\">{\"@context\":\"https:\\\/\\\/schema.org\",\"@graph\":[{\"@type\":\"WebPage\",\"@id\":\"https:\\\/\\\/shrimataji.org\\\/test\\\/tr\\\/koklerin-bilgisi-suptil-sistem\\\/\",\"url\":\"https:\\\/\\\/shrimataji.org\\\/test\\\/tr\\\/koklerin-bilgisi-suptil-sistem\\\/\",\"name\":\"K\u00f6klerin Bilgisi \u2013 S\u00fcptil Sistem - TEST - SMND\",\"isPartOf\":{\"@id\":\"https:\\\/\\\/shrimataji.org\\\/test\\\/#website\"},\"primaryImageOfPage\":{\"@id\":\"https:\\\/\\\/shrimataji.org\\\/test\\\/tr\\\/koklerin-bilgisi-suptil-sistem\\\/#primaryimage\"},\"image\":{\"@id\":\"https:\\\/\\\/shrimataji.org\\\/test\\\/tr\\\/koklerin-bilgisi-suptil-sistem\\\/#primaryimage\"},\"thumbnailUrl\":\"https:\\\/\\\/shrimataji.org\\\/test\\\/wp-content\\\/uploads\\\/2023\\\/03\\\/7_Banner-SY-Roots-2-scaled.jpg\",\"datePublished\":\"2022-01-29T10:02:47+00:00\",\"dateModified\":\"2024-07-12T00:02:00+00:00\",\"breadcrumb\":{\"@id\":\"https:\\\/\\\/shrimataji.org\\\/test\\\/tr\\\/koklerin-bilgisi-suptil-sistem\\\/#breadcrumb\"},\"inLanguage\":\"en-US\",\"potentialAction\":[{\"@type\":\"ReadAction\",\"target\":[\"https:\\\/\\\/shrimataji.org\\\/test\\\/tr\\\/koklerin-bilgisi-suptil-sistem\\\/\"]}]},{\"@type\":\"ImageObject\",\"inLanguage\":\"en-US\",\"@id\":\"https:\\\/\\\/shrimataji.org\\\/test\\\/tr\\\/koklerin-bilgisi-suptil-sistem\\\/#primaryimage\",\"url\":\"https:\\\/\\\/shrimataji.org\\\/test\\\/wp-content\\\/uploads\\\/2023\\\/03\\\/7_Banner-SY-Roots-2-scaled.jpg\",\"contentUrl\":\"https:\\\/\\\/shrimataji.org\\\/test\\\/wp-content\\\/uploads\\\/2023\\\/03\\\/7_Banner-SY-Roots-2-scaled.jpg\",\"width\":2560,\"height\":905},{\"@type\":\"BreadcrumbList\",\"@id\":\"https:\\\/\\\/shrimataji.org\\\/test\\\/tr\\\/koklerin-bilgisi-suptil-sistem\\\/#breadcrumb\",\"itemListElement\":[{\"@type\":\"ListItem\",\"position\":1,\"name\":\"Home\",\"item\":\"https:\\\/\\\/shrimataji.org\\\/test\\\/uk\\\/home-en\\\/\"},{\"@type\":\"ListItem\",\"position\":2,\"name\":\"K\u00f6klerin Bilgisi \u2013 S\u00fcptil Sistem\"}]},{\"@type\":\"WebSite\",\"@id\":\"https:\\\/\\\/shrimataji.org\\\/test\\\/#website\",\"url\":\"https:\\\/\\\/shrimataji.org\\\/test\\\/\",\"name\":\"Shri Mataji Nirmala Devi\",\"description\":\"A Life Dedicated to Humanity\",\"publisher\":{\"@id\":\"https:\\\/\\\/shrimataji.org\\\/test\\\/#\\\/schema\\\/person\\\/a1b3419c6585f164aa96da1ff85715d1\"},\"potentialAction\":[{\"@type\":\"SearchAction\",\"target\":{\"@type\":\"EntryPoint\",\"urlTemplate\":\"https:\\\/\\\/shrimataji.org\\\/test\\\/?s={search_term_string}\"},\"query-input\":{\"@type\":\"PropertyValueSpecification\",\"valueRequired\":true,\"valueName\":\"search_term_string\"}}],\"inLanguage\":\"en-US\"},{\"@type\":[\"Person\",\"Organization\"],\"@id\":\"https:\\\/\\\/shrimataji.org\\\/test\\\/#\\\/schema\\\/person\\\/a1b3419c6585f164aa96da1ff85715d1\",\"name\":\"Nirmala Shrivastava\",\"image\":{\"@type\":\"ImageObject\",\"inLanguage\":\"en-US\",\"@id\":\"https:\\\/\\\/shrimataji.org\\\/test\\\/wp-content\\\/uploads\\\/2023\\\/02\\\/SMO_LOGO-03.svg\",\"url\":\"https:\\\/\\\/shrimataji.org\\\/test\\\/wp-content\\\/uploads\\\/2023\\\/02\\\/SMO_LOGO-03.svg\",\"contentUrl\":\"https:\\\/\\\/shrimataji.org\\\/test\\\/wp-content\\\/uploads\\\/2023\\\/02\\\/SMO_LOGO-03.svg\",\"width\":\"1024\",\"height\":\"1024\",\"caption\":\"Nirmala Shrivastava\"},\"logo\":{\"@id\":\"https:\\\/\\\/shrimataji.org\\\/test\\\/wp-content\\\/uploads\\\/2023\\\/02\\\/SMO_LOGO-03.svg\"},\"sameAs\":[\"https:\\\/\\\/shrimataji.org\\\/test\",\"https:\\\/\\\/www.facebook.com\\\/shrimataji\",\"https:\\\/\\\/x.com\\\/shrimataji\",\"https:\\\/\\\/www.youtube.com\\\/@Shri_Mataji_Nirmala_Devi\\\/featured\"]}]}<\/script>\n<!-- \/ Yoast SEO plugin. -->","yoast_head_json":{"title":"K\u00f6klerin Bilgisi \u2013 S\u00fcptil Sistem - TEST - SMND","robots":{"index":"noindex","follow":"follow","max-snippet":"max-snippet:-1","max-image-preview":"max-image-preview:large","max-video-preview":"max-video-preview:-1"},"og_locale":"en_US","og_type":"article","og_title":"K\u00f6klerin Bilgisi \u2013 S\u00fcptil Sistem - TEST - SMND","og_description":"K\u00f6klerin Bilgisi &#8211; S\u00fcptil Sistem \u0130\u00e7sel Varl\u0131\u011f\u0131m\u0131z\u0131n Kadim Bilimi Yogada ustala\u015fman\u0131n \u00f6nemli bir taraf\u0131, bilincimizin i\u00e7sel evrimini deneyimlemek i\u00e7in bir yol haritas\u0131 i\u015flevi g\u00f6ren s\u00fcptil sistem hakk\u0131nda tam bilgiye sahip olmakt\u0131r. Eski Hint Vedik metinleri, gizli beden sisteminin nadilerden (Sanskrit\u00e7e&#8217;de kanal anlam\u0131na gelir) olu\u015ftu\u011funu anlat\u0131r. Nehirlerden akan su gibi, nadiler de varl\u0131\u011f\u0131m\u0131zdaki s\u00fcptil enerjilerin ak\u0131\u015f\u0131n\u0131&hellip; Read more","og_url":"https:\/\/shrimataji.org\/test\/tr\/koklerin-bilgisi-suptil-sistem\/","og_site_name":"TEST - SMND","article_publisher":"https:\/\/www.facebook.com\/shrimataji","article_modified_time":"2024-07-12T00:02:00+00:00","og_image":[{"width":2560,"height":905,"url":"https:\/\/shrimataji.org\/test\/wp-content\/uploads\/2023\/03\/7_Banner-SY-Roots-2-scaled.jpg","type":"image\/jpeg"}],"twitter_card":"summary_large_image","twitter_site":"@shrimataji","twitter_misc":{"Est. reading time":"3 minutes"},"schema":{"@context":"https:\/\/schema.org","@graph":[{"@type":"WebPage","@id":"https:\/\/shrimataji.org\/test\/tr\/koklerin-bilgisi-suptil-sistem\/","url":"https:\/\/shrimataji.org\/test\/tr\/koklerin-bilgisi-suptil-sistem\/","name":"K\u00f6klerin Bilgisi \u2013 S\u00fcptil Sistem - TEST - SMND","isPartOf":{"@id":"https:\/\/shrimataji.org\/test\/#website"},"primaryImageOfPage":{"@id":"https:\/\/shrimataji.org\/test\/tr\/koklerin-bilgisi-suptil-sistem\/#primaryimage"},"image":{"@id":"https:\/\/shrimataji.org\/test\/tr\/koklerin-bilgisi-suptil-sistem\/#primaryimage"},"thumbnailUrl":"https:\/\/shrimataji.org\/test\/wp-content\/uploads\/2023\/03\/7_Banner-SY-Roots-2-scaled.jpg","datePublished":"2022-01-29T10:02:47+00:00","dateModified":"2024-07-12T00:02:00+00:00","breadcrumb":{"@id":"https:\/\/shrimataji.org\/test\/tr\/koklerin-bilgisi-suptil-sistem\/#breadcrumb"},"inLanguage":"en-US","potentialAction":[{"@type":"ReadAction","target":["https:\/\/shrimataji.org\/test\/tr\/koklerin-bilgisi-suptil-sistem\/"]}]},{"@type":"ImageObject","inLanguage":"en-US","@id":"https:\/\/shrimataji.org\/test\/tr\/koklerin-bilgisi-suptil-sistem\/#primaryimage","url":"https:\/\/shrimataji.org\/test\/wp-content\/uploads\/2023\/03\/7_Banner-SY-Roots-2-scaled.jpg","contentUrl":"https:\/\/shrimataji.org\/test\/wp-content\/uploads\/2023\/03\/7_Banner-SY-Roots-2-scaled.jpg","width":2560,"height":905},{"@type":"BreadcrumbList","@id":"https:\/\/shrimataji.org\/test\/tr\/koklerin-bilgisi-suptil-sistem\/#breadcrumb","itemListElement":[{"@type":"ListItem","position":1,"name":"Home","item":"https:\/\/shrimataji.org\/test\/uk\/home-en\/"},{"@type":"ListItem","position":2,"name":"K\u00f6klerin Bilgisi \u2013 S\u00fcptil Sistem"}]},{"@type":"WebSite","@id":"https:\/\/shrimataji.org\/test\/#website","url":"https:\/\/shrimataji.org\/test\/","name":"Shri Mataji Nirmala Devi","description":"A Life Dedicated to Humanity","publisher":{"@id":"https:\/\/shrimataji.org\/test\/#\/schema\/person\/a1b3419c6585f164aa96da1ff85715d1"},"potentialAction":[{"@type":"SearchAction","target":{"@type":"EntryPoint","urlTemplate":"https:\/\/shrimataji.org\/test\/?s={search_term_string}"},"query-input":{"@type":"PropertyValueSpecification","valueRequired":true,"valueName":"search_term_string"}}],"inLanguage":"en-US"},{"@type":["Person","Organization"],"@id":"https:\/\/shrimataji.org\/test\/#\/schema\/person\/a1b3419c6585f164aa96da1ff85715d1","name":"Nirmala Shrivastava","image":{"@type":"ImageObject","inLanguage":"en-US","@id":"https:\/\/shrimataji.org\/test\/wp-content\/uploads\/2023\/02\/SMO_LOGO-03.svg","url":"https:\/\/shrimataji.org\/test\/wp-content\/uploads\/2023\/02\/SMO_LOGO-03.svg","contentUrl":"https:\/\/shrimataji.org\/test\/wp-content\/uploads\/2023\/02\/SMO_LOGO-03.svg","width":"1024","height":"1024","caption":"Nirmala Shrivastava"},"logo":{"@id":"https:\/\/shrimataji.org\/test\/wp-content\/uploads\/2023\/02\/SMO_LOGO-03.svg"},"sameAs":["https:\/\/shrimataji.org\/test","https:\/\/www.facebook.com\/shrimataji","https:\/\/x.com\/shrimataji","https:\/\/www.youtube.com\/@Shri_Mataji_Nirmala_Devi\/featured"]}]}},"lang":"tr","translations":{"tr":10174,"ur":37451,"en":6394,"am":18023,"th":19978,"hu":19503,"sq":18424,"zh":17321,"hi":8288,"pt":10386,"de":10660,"fr":10758,"it":10856,"es":10953,"ja":11250,"ru":11438,"bn":11630,"te":11738,"sw":11861,"he":12009,"el":12301,"sk":12399,"fa":12497,"fi":12595,"bg":13395,"ro":14469,"cs":14662,"nl":16584,"ku":16744,"ar":16920,"be":18631,"kn":18905,"mr":20342,"uk":20634,"ml":20929,"ta":22742,"sv":23014,"gu":28856,"pa":29016,"fil":29460,"da":37764,"pl":37976,"nn":38316},"pll_sync_post":[],"_links":{"self":[{"href":"https:\/\/shrimataji.org\/test\/wp-json\/wp\/v2\/pages\/10174","targetHints":{"allow":["GET"]}}],"collection":[{"href":"https:\/\/shrimataji.org\/test\/wp-json\/wp\/v2\/pages"}],"about":[{"href":"https:\/\/shrimataji.org\/test\/wp-json\/wp\/v2\/types\/page"}],"author":[{"embeddable":true,"href":"https:\/\/shrimataji.org\/test\/wp-json\/wp\/v2\/users\/12"}],"replies":[{"embeddable":true,"href":"https:\/\/shrimataji.org\/test\/wp-json\/wp\/v2\/comments?post=10174"}],"version-history":[{"count":0,"href":"https:\/\/shrimataji.org\/test\/wp-json\/wp\/v2\/pages\/10174\/revisions"}],"wp:featuredmedia":[{"embeddable":true,"href":"https:\/\/shrimataji.org\/test\/wp-json\/wp\/v2\/media\/9242"}],"wp:attachment":[{"href":"https:\/\/shrimataji.org\/test\/wp-json\/wp\/v2\/media?parent=10174"}],"curies":[{"name":"wp","href":"https:\/\/api.w.org\/{rel}","templated":true}]}}