{"id":10180,"date":"2018-07-10T06:54:42","date_gmt":"2018-07-10T06:54:42","guid":{"rendered":"http:\/\/testwordpress.nirmalnagari.org\/smnd\/index.php\/in-her-words\/"},"modified":"2024-07-12T00:02:01","modified_gmt":"2024-07-12T00:02:01","slug":"kutuphane","status":"publish","type":"page","link":"https:\/\/shrimataji.org\/test\/tr\/kutuphane\/","title":{"rendered":"K\u00fct\u00fcphane"},"content":{"rendered":"\n\n\t<h1>K\u00fct\u00fcphane<\/h1>\n<h2>Onun S\u00f6zleri<\/h2>\n\t<h4>Shri Mataji&#8217;nin d\u00fcnyaya b\u0131rakt\u0131\u011f\u0131 miras 3000&#8217;den fazla g\u00f6r\u00fcnt\u00fcl\u00fc ve sesli konu\u015fmadan olu\u015fan bir k\u00fct\u00fcphane i\u00e7ermektedir. Bu konu\u015fmalar maneviyat ve insanl\u0131\u011f\u0131n durumuyla ilgili \u00e7ok \u00e7e\u015fitli konular\u0131 kapsamaktad\u0131r.<\/h4>\n\t\t\t\t<img loading=\"lazy\" decoding=\"async\" src=\"https:\/\/shrimataji.org\/test\/wp-content\/uploads\/2018\/07\/media_originals\/images\/shri-mataji-portraits\/shri-mataji-speaking-near-rahuri-in-india-02-02-1982.jpg.jpg\" alt=\"shri-mataji-speaking-near-rahuri-in-india-02-02-1982\" height=\"995\" width=\"1500\" title=\"shri-mataji-speaking-near-rahuri-in-india-02-02-1982\" \/>\n\t<p>Ba\u015far\u0131l\u0131 bir yazar olarak en pop\u00fcler eseri Meta Modern Era, g\u00fcn\u00fcm\u00fcz d\u00fcnyas\u0131n\u0131n sorunlar\u0131n\u0131n samimi bir tan\u0131m\u0131n\u0131 ve bunlar\u0131n \u00fcstesinden gelmek i\u00e7in ayr\u0131nt\u0131l\u0131 \u00e7\u00f6z\u00fcmlerini sunmaktad\u0131r.<\/p>\n<p>Shri Mataji&#8217;nin vizyonu ve deneyimi hakk\u0131nda bir izlenim edinmenin en iyi yolu onun konu\u015fmalar\u0131ndan birini izlemek ya da dinlemektir. Bu konu\u015fmalar\u0131n hepsi &#8211; uzun ya da k\u0131sa, resmi ya da gayri resmi, halka a\u00e7\u0131k ya da ki\u015fisel &#8211; onun \u00fcnl\u00fc mizah anlay\u0131\u015f\u0131n\u0131 ve bilgeli\u011fini yans\u0131tm\u0131\u015ft\u0131r. \u00dcslubu son derece yal\u0131nd\u0131r ve her biri \u00f6\u011fretilerinin temelinde yer alan iki prensiple ilgilidir: Kendini tan\u0131ma ve do\u011fu\u015ftan gelen ruhani do\u011fam\u0131z\u0131n ezeli hakikati.<\/p>\n\t<div class=\"su-quote su-quote-style-default\"><div class=\"su-quote-inner su-u-clearfix su-u-trim\">Ebedi olmayan her s\u0327ey gec\u0327icidir. S\u0327imdiki zamanda ebedi olan kal\u0131r, geri kalan her s\u0327ey yok olur gider. Bu, hic\u0327bir yerde durmayan akan bir nehir gibidir, ama akan nehir ebedidir, geri kalan her s\u0327ey ise deg\u0306is\u0327mektedir. Eg\u0306er ebedi prensip u\u0308zerindeyseniz, ebedi olmayan her s\u0327ey deg\u0306is\u0327ir, ayr\u0131l\u0131r, c\u0327o\u0308zu\u0308lu\u0308r ve yok olur. Ebediyetin gu\u0308cu\u0308nu\u0308n, ilahi sevginin gu\u0308cu\u0308nu\u0308n, oldug\u0306unuz bu evrensel varl\u0131g\u0306\u0131n gu\u0308cu\u0308nu\u0308n tad\u0131n\u0131 c\u0327\u0131karmal\u0131s\u0131n\u0131z. <\/div><\/div>\n\n","protected":false},"excerpt":{"rendered":"<p>K\u00fct\u00fcphane Onun S\u00f6zleri Shri Mataji&#8217;nin d\u00fcnyaya b\u0131rakt\u0131\u011f\u0131 miras 3000&#8217;den fazla g\u00f6r\u00fcnt\u00fcl\u00fc ve sesli konu\u015fmadan olu\u015fan bir k\u00fct\u00fcphane i\u00e7ermektedir. Bu konu\u015fmalar maneviyat ve insanl\u0131\u011f\u0131n durumuyla ilgili \u00e7ok \u00e7e\u015fitli konular\u0131 kapsamaktad\u0131r. Ba\u015far\u0131l\u0131 bir yazar olarak en pop\u00fcler eseri Meta Modern Era, g\u00fcn\u00fcm\u00fcz d\u00fcnyas\u0131n\u0131n sorunlar\u0131n\u0131n samimi bir tan\u0131m\u0131n\u0131 ve bunlar\u0131n \u00fcstesinden gelmek i\u00e7in ayr\u0131nt\u0131l\u0131 \u00e7\u00f6z\u00fcmlerini sunmaktad\u0131r. Shri Mataji&#8217;nin&hellip; <br \/> <a class=\"read-more\" href=\"https:\/\/shrimataji.org\/test\/tr\/kutuphane\/\">Read more<\/a><\/p>\n","protected":false},"author":12,"featured_media":110,"parent":0,"menu_order":0,"comment_status":"closed","ping_status":"closed","template":"","meta":{"inline_featured_image":false,"footnotes":""},"class_list":["post-10180","page","type-page","status-publish","has-post-thumbnail","hentry"],"yoast_head":"<!-- This site is optimized with the Yoast SEO plugin v27.4 - https:\/\/yoast.com\/product\/yoast-seo-wordpress\/ -->\n<title>K\u00fct\u00fcphane - TEST - SMND<\/title>\n<meta name=\"robots\" content=\"noindex, follow, max-snippet:-1, max-image-preview:large, max-video-preview:-1\" \/>\n<meta property=\"og:locale\" content=\"en_US\" \/>\n<meta property=\"og:type\" content=\"article\" \/>\n<meta property=\"og:title\" content=\"K\u00fct\u00fcphane - TEST - SMND\" \/>\n<meta property=\"og:description\" content=\"K\u00fct\u00fcphane Onun S\u00f6zleri Shri Mataji&#8217;nin d\u00fcnyaya b\u0131rakt\u0131\u011f\u0131 miras 3000&#8217;den fazla g\u00f6r\u00fcnt\u00fcl\u00fc ve sesli konu\u015fmadan olu\u015fan bir k\u00fct\u00fcphane i\u00e7ermektedir. Bu konu\u015fmalar maneviyat ve insanl\u0131\u011f\u0131n durumuyla ilgili \u00e7ok \u00e7e\u015fitli konular\u0131 kapsamaktad\u0131r. Ba\u015far\u0131l\u0131 bir yazar olarak en pop\u00fcler eseri Meta Modern Era, g\u00fcn\u00fcm\u00fcz d\u00fcnyas\u0131n\u0131n sorunlar\u0131n\u0131n samimi bir tan\u0131m\u0131n\u0131 ve bunlar\u0131n \u00fcstesinden gelmek i\u00e7in ayr\u0131nt\u0131l\u0131 \u00e7\u00f6z\u00fcmlerini sunmaktad\u0131r. Shri Mataji&#8217;nin&hellip; Read more\" \/>\n<meta property=\"og:url\" content=\"https:\/\/shrimataji.org\/test\/tr\/kutuphane\/\" \/>\n<meta property=\"og:site_name\" content=\"TEST - SMND\" \/>\n<meta property=\"article:publisher\" content=\"https:\/\/www.facebook.com\/shrimataji\" \/>\n<meta property=\"article:modified_time\" content=\"2024-07-12T00:02:01+00:00\" \/>\n<meta property=\"og:image\" content=\"https:\/\/shrimataji.org\/test\/wp-content\/uploads\/2018\/07\/media_originals\/images\/headers-general\/shri-mataji-speaking-at-the-sydney-town-hall-feb-2006.jpg\" \/>\n\t<meta property=\"og:image:width\" content=\"990\" \/>\n\t<meta property=\"og:image:height\" content=\"350\" \/>\n\t<meta property=\"og:image:type\" content=\"image\/jpeg\" \/>\n<meta name=\"twitter:card\" content=\"summary_large_image\" \/>\n<meta name=\"twitter:site\" content=\"@shrimataji\" \/>\n<script type=\"application\/ld+json\" class=\"yoast-schema-graph\">{\"@context\":\"https:\\\/\\\/schema.org\",\"@graph\":[{\"@type\":\"WebPage\",\"@id\":\"https:\\\/\\\/shrimataji.org\\\/test\\\/tr\\\/kutuphane\\\/\",\"url\":\"https:\\\/\\\/shrimataji.org\\\/test\\\/tr\\\/kutuphane\\\/\",\"name\":\"K\u00fct\u00fcphane - TEST - SMND\",\"isPartOf\":{\"@id\":\"https:\\\/\\\/shrimataji.org\\\/test\\\/#website\"},\"primaryImageOfPage\":{\"@id\":\"https:\\\/\\\/shrimataji.org\\\/test\\\/tr\\\/kutuphane\\\/#primaryimage\"},\"image\":{\"@id\":\"https:\\\/\\\/shrimataji.org\\\/test\\\/tr\\\/kutuphane\\\/#primaryimage\"},\"thumbnailUrl\":\"https:\\\/\\\/shrimataji.org\\\/test\\\/wp-content\\\/uploads\\\/2018\\\/07\\\/media_originals\\\/images\\\/headers-general\\\/shri-mataji-speaking-at-the-sydney-town-hall-feb-2006.jpg\",\"datePublished\":\"2018-07-10T06:54:42+00:00\",\"dateModified\":\"2024-07-12T00:02:01+00:00\",\"breadcrumb\":{\"@id\":\"https:\\\/\\\/shrimataji.org\\\/test\\\/tr\\\/kutuphane\\\/#breadcrumb\"},\"inLanguage\":\"en-US\",\"potentialAction\":[{\"@type\":\"ReadAction\",\"target\":[\"https:\\\/\\\/shrimataji.org\\\/test\\\/tr\\\/kutuphane\\\/\"]}]},{\"@type\":\"ImageObject\",\"inLanguage\":\"en-US\",\"@id\":\"https:\\\/\\\/shrimataji.org\\\/test\\\/tr\\\/kutuphane\\\/#primaryimage\",\"url\":\"https:\\\/\\\/shrimataji.org\\\/test\\\/wp-content\\\/uploads\\\/2018\\\/07\\\/media_originals\\\/images\\\/headers-general\\\/shri-mataji-speaking-at-the-sydney-town-hall-feb-2006.jpg\",\"contentUrl\":\"https:\\\/\\\/shrimataji.org\\\/test\\\/wp-content\\\/uploads\\\/2018\\\/07\\\/media_originals\\\/images\\\/headers-general\\\/shri-mataji-speaking-at-the-sydney-town-hall-feb-2006.jpg\",\"width\":990,\"height\":350},{\"@type\":\"BreadcrumbList\",\"@id\":\"https:\\\/\\\/shrimataji.org\\\/test\\\/tr\\\/kutuphane\\\/#breadcrumb\",\"itemListElement\":[{\"@type\":\"ListItem\",\"position\":1,\"name\":\"Home\",\"item\":\"https:\\\/\\\/shrimataji.org\\\/test\\\/uk\\\/home-en\\\/\"},{\"@type\":\"ListItem\",\"position\":2,\"name\":\"K\u00fct\u00fcphane\"}]},{\"@type\":\"WebSite\",\"@id\":\"https:\\\/\\\/shrimataji.org\\\/test\\\/#website\",\"url\":\"https:\\\/\\\/shrimataji.org\\\/test\\\/\",\"name\":\"Shri Mataji Nirmala Devi\",\"description\":\"A Life Dedicated to Humanity\",\"publisher\":{\"@id\":\"https:\\\/\\\/shrimataji.org\\\/test\\\/#\\\/schema\\\/person\\\/a1b3419c6585f164aa96da1ff85715d1\"},\"potentialAction\":[{\"@type\":\"SearchAction\",\"target\":{\"@type\":\"EntryPoint\",\"urlTemplate\":\"https:\\\/\\\/shrimataji.org\\\/test\\\/?s={search_term_string}\"},\"query-input\":{\"@type\":\"PropertyValueSpecification\",\"valueRequired\":true,\"valueName\":\"search_term_string\"}}],\"inLanguage\":\"en-US\"},{\"@type\":[\"Person\",\"Organization\"],\"@id\":\"https:\\\/\\\/shrimataji.org\\\/test\\\/#\\\/schema\\\/person\\\/a1b3419c6585f164aa96da1ff85715d1\",\"name\":\"Nirmala Shrivastava\",\"image\":{\"@type\":\"ImageObject\",\"inLanguage\":\"en-US\",\"@id\":\"https:\\\/\\\/shrimataji.org\\\/test\\\/wp-content\\\/uploads\\\/2023\\\/02\\\/SMO_LOGO-03.svg\",\"url\":\"https:\\\/\\\/shrimataji.org\\\/test\\\/wp-content\\\/uploads\\\/2023\\\/02\\\/SMO_LOGO-03.svg\",\"contentUrl\":\"https:\\\/\\\/shrimataji.org\\\/test\\\/wp-content\\\/uploads\\\/2023\\\/02\\\/SMO_LOGO-03.svg\",\"width\":\"1024\",\"height\":\"1024\",\"caption\":\"Nirmala Shrivastava\"},\"logo\":{\"@id\":\"https:\\\/\\\/shrimataji.org\\\/test\\\/wp-content\\\/uploads\\\/2023\\\/02\\\/SMO_LOGO-03.svg\"},\"sameAs\":[\"https:\\\/\\\/shrimataji.org\\\/test\",\"https:\\\/\\\/www.facebook.com\\\/shrimataji\",\"https:\\\/\\\/x.com\\\/shrimataji\",\"https:\\\/\\\/www.youtube.com\\\/@Shri_Mataji_Nirmala_Devi\\\/featured\"]}]}<\/script>\n<!-- \/ Yoast SEO plugin. -->","yoast_head_json":{"title":"K\u00fct\u00fcphane - TEST - SMND","robots":{"index":"noindex","follow":"follow","max-snippet":"max-snippet:-1","max-image-preview":"max-image-preview:large","max-video-preview":"max-video-preview:-1"},"og_locale":"en_US","og_type":"article","og_title":"K\u00fct\u00fcphane - TEST - SMND","og_description":"K\u00fct\u00fcphane Onun S\u00f6zleri Shri Mataji&#8217;nin d\u00fcnyaya b\u0131rakt\u0131\u011f\u0131 miras 3000&#8217;den fazla g\u00f6r\u00fcnt\u00fcl\u00fc ve sesli konu\u015fmadan olu\u015fan bir k\u00fct\u00fcphane i\u00e7ermektedir. Bu konu\u015fmalar maneviyat ve insanl\u0131\u011f\u0131n durumuyla ilgili \u00e7ok \u00e7e\u015fitli konular\u0131 kapsamaktad\u0131r. Ba\u015far\u0131l\u0131 bir yazar olarak en pop\u00fcler eseri Meta Modern Era, g\u00fcn\u00fcm\u00fcz d\u00fcnyas\u0131n\u0131n sorunlar\u0131n\u0131n samimi bir tan\u0131m\u0131n\u0131 ve bunlar\u0131n \u00fcstesinden gelmek i\u00e7in ayr\u0131nt\u0131l\u0131 \u00e7\u00f6z\u00fcmlerini sunmaktad\u0131r. Shri Mataji&#8217;nin&hellip; Read more","og_url":"https:\/\/shrimataji.org\/test\/tr\/kutuphane\/","og_site_name":"TEST - SMND","article_publisher":"https:\/\/www.facebook.com\/shrimataji","article_modified_time":"2024-07-12T00:02:01+00:00","og_image":[{"width":990,"height":350,"url":"https:\/\/shrimataji.org\/test\/wp-content\/uploads\/2018\/07\/media_originals\/images\/headers-general\/shri-mataji-speaking-at-the-sydney-town-hall-feb-2006.jpg","type":"image\/jpeg"}],"twitter_card":"summary_large_image","twitter_site":"@shrimataji","schema":{"@context":"https:\/\/schema.org","@graph":[{"@type":"WebPage","@id":"https:\/\/shrimataji.org\/test\/tr\/kutuphane\/","url":"https:\/\/shrimataji.org\/test\/tr\/kutuphane\/","name":"K\u00fct\u00fcphane - TEST - SMND","isPartOf":{"@id":"https:\/\/shrimataji.org\/test\/#website"},"primaryImageOfPage":{"@id":"https:\/\/shrimataji.org\/test\/tr\/kutuphane\/#primaryimage"},"image":{"@id":"https:\/\/shrimataji.org\/test\/tr\/kutuphane\/#primaryimage"},"thumbnailUrl":"https:\/\/shrimataji.org\/test\/wp-content\/uploads\/2018\/07\/media_originals\/images\/headers-general\/shri-mataji-speaking-at-the-sydney-town-hall-feb-2006.jpg","datePublished":"2018-07-10T06:54:42+00:00","dateModified":"2024-07-12T00:02:01+00:00","breadcrumb":{"@id":"https:\/\/shrimataji.org\/test\/tr\/kutuphane\/#breadcrumb"},"inLanguage":"en-US","potentialAction":[{"@type":"ReadAction","target":["https:\/\/shrimataji.org\/test\/tr\/kutuphane\/"]}]},{"@type":"ImageObject","inLanguage":"en-US","@id":"https:\/\/shrimataji.org\/test\/tr\/kutuphane\/#primaryimage","url":"https:\/\/shrimataji.org\/test\/wp-content\/uploads\/2018\/07\/media_originals\/images\/headers-general\/shri-mataji-speaking-at-the-sydney-town-hall-feb-2006.jpg","contentUrl":"https:\/\/shrimataji.org\/test\/wp-content\/uploads\/2018\/07\/media_originals\/images\/headers-general\/shri-mataji-speaking-at-the-sydney-town-hall-feb-2006.jpg","width":990,"height":350},{"@type":"BreadcrumbList","@id":"https:\/\/shrimataji.org\/test\/tr\/kutuphane\/#breadcrumb","itemListElement":[{"@type":"ListItem","position":1,"name":"Home","item":"https:\/\/shrimataji.org\/test\/uk\/home-en\/"},{"@type":"ListItem","position":2,"name":"K\u00fct\u00fcphane"}]},{"@type":"WebSite","@id":"https:\/\/shrimataji.org\/test\/#website","url":"https:\/\/shrimataji.org\/test\/","name":"Shri Mataji Nirmala Devi","description":"A Life Dedicated to Humanity","publisher":{"@id":"https:\/\/shrimataji.org\/test\/#\/schema\/person\/a1b3419c6585f164aa96da1ff85715d1"},"potentialAction":[{"@type":"SearchAction","target":{"@type":"EntryPoint","urlTemplate":"https:\/\/shrimataji.org\/test\/?s={search_term_string}"},"query-input":{"@type":"PropertyValueSpecification","valueRequired":true,"valueName":"search_term_string"}}],"inLanguage":"en-US"},{"@type":["Person","Organization"],"@id":"https:\/\/shrimataji.org\/test\/#\/schema\/person\/a1b3419c6585f164aa96da1ff85715d1","name":"Nirmala Shrivastava","image":{"@type":"ImageObject","inLanguage":"en-US","@id":"https:\/\/shrimataji.org\/test\/wp-content\/uploads\/2023\/02\/SMO_LOGO-03.svg","url":"https:\/\/shrimataji.org\/test\/wp-content\/uploads\/2023\/02\/SMO_LOGO-03.svg","contentUrl":"https:\/\/shrimataji.org\/test\/wp-content\/uploads\/2023\/02\/SMO_LOGO-03.svg","width":"1024","height":"1024","caption":"Nirmala Shrivastava"},"logo":{"@id":"https:\/\/shrimataji.org\/test\/wp-content\/uploads\/2023\/02\/SMO_LOGO-03.svg"},"sameAs":["https:\/\/shrimataji.org\/test","https:\/\/www.facebook.com\/shrimataji","https:\/\/x.com\/shrimataji","https:\/\/www.youtube.com\/@Shri_Mataji_Nirmala_Devi\/featured"]}]}},"lang":"tr","translations":{"tr":10180,"ur":37460,"en":395,"am":18032,"th":19991,"hu":19513,"sq":18433,"zh":17330,"pt":10392,"de":10666,"fr":10764,"it":10862,"es":10959,"ja":11256,"ru":11444,"bn":11636,"te":11744,"sw":11867,"he":12015,"el":12307,"sk":12405,"fa":12503,"fi":12601,"bg":13469,"ro":14541,"cs":14734,"nl":16593,"ku":16753,"ar":16929,"be":18640,"kn":18914,"mr":20355,"uk":20649,"ml":20944,"ta":22751,"sv":23022,"bs":27288,"gu":28865,"pa":29025,"fil":29470,"da":37773,"pl":37985,"nn":38325},"pll_sync_post":[],"_links":{"self":[{"href":"https:\/\/shrimataji.org\/test\/wp-json\/wp\/v2\/pages\/10180","targetHints":{"allow":["GET"]}}],"collection":[{"href":"https:\/\/shrimataji.org\/test\/wp-json\/wp\/v2\/pages"}],"about":[{"href":"https:\/\/shrimataji.org\/test\/wp-json\/wp\/v2\/types\/page"}],"author":[{"embeddable":true,"href":"https:\/\/shrimataji.org\/test\/wp-json\/wp\/v2\/users\/12"}],"replies":[{"embeddable":true,"href":"https:\/\/shrimataji.org\/test\/wp-json\/wp\/v2\/comments?post=10180"}],"version-history":[{"count":0,"href":"https:\/\/shrimataji.org\/test\/wp-json\/wp\/v2\/pages\/10180\/revisions"}],"wp:featuredmedia":[{"embeddable":true,"href":"https:\/\/shrimataji.org\/test\/wp-json\/wp\/v2\/media\/110"}],"wp:attachment":[{"href":"https:\/\/shrimataji.org\/test\/wp-json\/wp\/v2\/media?parent=10180"}],"curies":[{"name":"wp","href":"https:\/\/api.w.org\/{rel}","templated":true}]}}