{"id":10181,"date":"2018-07-10T06:54:50","date_gmt":"2018-07-10T06:54:50","guid":{"rendered":"http:\/\/testwordpress.nirmalnagari.org\/smnd\/index.php\/marriage-and-independence\/"},"modified":"2024-07-12T00:01:58","modified_gmt":"2024-07-12T00:01:58","slug":"evlilik-ve-bagimsizlik","status":"publish","type":"page","link":"https:\/\/shrimataji.org\/test\/tr\/evlilik-ve-bagimsizlik\/","title":{"rendered":"Evlilik ve Ba\u011f\u0131ms\u0131zl\u0131k"},"content":{"rendered":"\n\n\t<h1>Evlilik ve Ba\u011f\u0131ms\u0131zl\u0131k<\/h1>\n<h2>Aile ve Toplumun Omurgas\u0131<\/h2>\n\t<h4>Shri Mataji&#8217;nin \u00e7ocuklu\u011fu ve gen\u00e7lik y\u0131llar\u0131 yeni Hint Ulusunun do\u011fu\u015fuyla i\u00e7 i\u00e7e ge\u00e7mi\u015fti ve bir e\u015f ve gen\u00e7 bir anne olarak ge\u00e7irdi\u011fi y\u0131llar da ayn\u0131 \u015fekilde bunu kan\u0131tlam\u0131\u015ft\u0131r.<\/h4>\n<p>Art\u0131k yayg\u0131n olarak Shri Mataji Nirmala Devi olarak bilinen Nirmala Salve, 7 Nisan 1947&#8217;de Chandrika Prasad Srivastava ile evlendi. Bundan 129 g\u00fcn sonra, 14 A\u011fustos&#8217;ta saatler gece yar\u0131s\u0131n\u0131 vurdu\u011funda Hindistan \u00f6zg\u00fcr bir \u00fclke oldu.<\/p>\n<p>Shri Mataji&#8217;nin k\u00fc\u00e7\u00fck erkek karde\u015fi, sevgiyle Babamama olarak an\u0131lan H.P. Salve, anlatt\u0131: &#8220;Toplumsal ayaklanmalar s\u0131ras\u0131nda (1947&#8217;deki b\u00f6l\u00fcnme s\u0131ras\u0131nda), ge\u00e7mi\u015f bir olayda, birisi kap\u0131y\u0131 \u00e7ald\u0131. Nirmala kap\u0131y\u0131 a\u00e7t\u0131\u011f\u0131nda giri\u015fte son derece \u00fcrkm\u00fc\u015f ve korkmu\u015f g\u00f6r\u00fcnen bir bayan ve iki beyefendinin durdu\u011funu g\u00f6rd\u00fc. Nirmala&#8217;ya Pakistan&#8217;dan m\u00fclteci olduklar\u0131n\u0131 ve i\u00e7lerinden birinin M\u00fcsl\u00fcman olmas\u0131 nedeniyle Hindular\u0131n pe\u015flerinde oldu\u011funu ve onlar\u0131 k\u0131l\u0131\u00e7larla kovalad\u0131klar\u0131n\u0131 s\u00f6ylediler. Nirmala bir an bile teredd\u00fct etmeden onlar\u0131 i\u00e7eri ald\u0131 ve bir odaya saklad\u0131.<\/p>\n\t<div class=\"epyt-video-wrapper\"><div  data-ep-a=\"fadeIn\"  style=\"display: block; margin: 0px auto;\"  id=\"_ytid_60766\"  width=\"3840\" height=\"2880\"  data-origwidth=\"3840\" data-origheight=\"2880\" data-facadesrc=\"https:\/\/www.youtube.com\/embed\/uiqY4Jc81Bw?enablejsapi=1&autoplay=0&cc_load_policy=0&cc_lang_pref=&iv_load_policy=1&loop=0&rel=0&fs=1&playsinline=1&autohide=2&theme=dark&color=red&controls=1&disablekb=0&\" class=\"__youtube_prefs__ epyt-facade  no-lazyload\" data-epautoplay=\"1\" ><img decoding=\"async\" data-spai-excluded=\"true\" class=\"epyt-facade-poster skip-lazy\" loading=\"lazy\"  alt=\"YouTube player\"  src=\"https:\/\/i.ytimg.com\/vi\/uiqY4Jc81Bw\/maxresdefault.jpg\"  \/><button class=\"epyt-facade-play\" aria-label=\"Play\"><svg data-no-lazy=\"1\" height=\"100%\" version=\"1.1\" viewBox=\"0 0 68 48\" width=\"100%\"><path class=\"ytp-large-play-button-bg\" d=\"M66.52,7.74c-0.78-2.93-2.49-5.41-5.42-6.19C55.79,.13,34,0,34,0S12.21,.13,6.9,1.55 C3.97,2.33,2.27,4.81,1.48,7.74C0.06,13.05,0,24,0,24s0.06,10.95,1.48,16.26c0.78,2.93,2.49,5.41,5.42,6.19 C12.21,47.87,34,48,34,48s21.79-0.13,27.1-1.55c2.93-0.78,4.64-3.26,5.42-6.19C67.94,34.95,68,24,68,24S67.94,13.05,66.52,7.74z\" fill=\"#f00\"><\/path><path d=\"M 45,24 27,14 27,34\" fill=\"#fff\"><\/path><\/svg><\/button><\/div><\/div><span itemprop=\"video\" itemscope itemtype=\"http:\/\/schema.org\/VideoObject\"><meta itemprop=\"embedUrl\" content=\"https:\/\/www.youtube.com\/embed\/uiqY4Jc81Bw\"><meta itemprop=\"name\" content=\"Family Life And Nationhood\"><meta itemprop=\"description\" content=\"Shri Mataji marries a man from a family of opposing political beliefs. They are, however, united in their love for their country. Independence is the fulfillment of a dream for both of them. Shri Mataji&#039;s life as a housewife and a mother is centred on her family, tending to her daughters, but she also advises her husband in his career. She is not silent, but participates in the direction of her country. Her own public life is soon to follow. More videos at: http:\/\/ShriMataji.org ~ A Life Dedicated to Humanity ~\"><meta itemprop=\"thumbnailUrl\" content=\"https:\/\/i.ytimg.com\/vi\/uiqY4Jc81Bw\/0.jpg\"><meta itemprop=\"duration\" content=\"PT5M21S\"><meta itemprop=\"uploadDate\" content=\"2020-07-20T00:21:18Z\"><\/span>\n\t<p>&#8220;Bir s\u00fcre sonra k\u0131l\u0131\u00e7lar\u0131n\u0131 \u00e7ekmi\u015f vaziyette birileri geldi ve bu evde bir M\u00fcsl\u00fcman\u0131n sakland\u0131\u011f\u0131n\u0131 s\u00f6ylediler. Nirmala bunu kesin bir \u015fekilde reddetti ve kendisinin sad\u0131k bir Hindu oldu\u011funu dolay\u0131s\u0131yla bir m\u00fcsl\u00fcmana koruma sa\u011flamas\u0131n\u0131n s\u00f6z konusu olamayaca\u011f\u0131n\u0131 s\u00f6yleyerek onlara bl\u00f6f yapt\u0131&#8221; K\u0131l\u0131\u00e7l\u0131 insanlar ba\u015flang\u0131\u00e7ta ona inanmad\u0131lar ama Hindu evli bir kad\u0131n\u0131 simgeleyen aln\u0131ndaki b\u00fcy\u00fck bindiyi g\u00f6rd\u00fcler ve ikna olarak oradan ayr\u0131ld\u0131lar&#8230;&#8221;<a href=\"#citation-note-1\" target=\"_blank\" rel=\"noopener\">[1]<\/a><\/p>\n\t\t\t\t<img loading=\"lazy\" decoding=\"async\" src=\"https:\/\/shrimataji.org\/test\/wp-content\/uploads\/2018\/07\/media_originals\/images\/shri-mataji-and-family\/shri-mataji-with-infant-daughter-kalpana.jpg\" alt=\"shri-mataji-with-infant-daughter-kalpana\" height=\"400\" width=\"279\" title=\"shri-mataji-with-infant-daughter-kalpana\" \/>\n\t<p>Bu olay hamileli\u011fi s\u0131ras\u0131nda meydana geldi ve ilk \u00e7ocu\u011fu Kalpana&#8217;y\u0131 Aral\u0131k 1947&#8217;de do\u011furdu. Shri Mataji 29 Ocak 1948&#8217;de Mahatma Gandhi ile bulu\u015ftu ve Kalpana&#8217;y\u0131 kuca\u011f\u0131na alan Gandhi \u015f\u00f6yle dedi: &#8220;Nepali (Shri Mataji&#8217;ye verdi\u011fi sevecen bir takma ad), g\u00f6r\u00fcn\u00fc\u015f olarak ayn\u0131s\u0131n\u0131z, sen art\u0131k bir annesin. Ruhani \u00e7al\u0131\u015fmana ne zaman ba\u015flayacaks\u0131n? Art\u0131k \u00f6zg\u00fcr\u00fcz, ne yapmak istiyorsan art\u0131k ba\u015flamal\u0131s\u0131n.&#8221; Trajik bir \u015fekilde, ertesi g\u00fcn bir siyasi k\u00f6ktenci Mahatma Gandhi&#8217;ye ak\u015fam duas\u0131na giderken suikast yapt\u0131.<\/p>\n<p>1948&#8217;de Shri Mataji&#8217;nin kocas\u0131 Chandrika Prasad (daha sonra yayg\u0131n olarak Sir C.P. Srivastava olarak tan\u0131nd\u0131 ve 1990&#8217;da Krali\u00e7e II. Elizabeth taraf\u0131ndan \u015f\u00f6valye ilan edildi), Hindistan D\u0131\u015fi\u015fleri Servisi ve Hindistan \u0130dare Servisi&#8217;ne (I.A.S) atand\u0131. Shri Mataji&#8217;nin tavsiyesine uyarak Sir C.P. I.A.S.&#8217;de kalmay\u0131 ve \u00fclkesine s\u0131n\u0131rlar\u0131 i\u00e7erisinden hizmet etmeyi se\u00e7ti. Evliliklerinin bu yo\u011fun ilk y\u0131llar\u0131nda, \u015eubat 1950&#8217;de ikinci \u00e7ocuklar\u0131 Sadhana do\u011fdu. Ayn\u0131 y\u0131l\u0131n May\u0131s ay\u0131nda, Sir C.P. Lucknow&#8217;a sulh yarg\u0131c\u0131 olarak atand\u0131 ve gen\u00e7 aile bir s\u00fcre orada kald\u0131.<\/p>\n\t<p>1951&#8217;in sonlar\u0131nda Sir C.P. Ek B\u00f6lge Sulh Yarg\u0131c\u0131 olarak Meerut&#8217;a gitti. Personele ait bungalov olduk\u00e7a b\u00fcy\u00fck bir arazide yer al\u0131yordu ve geleneksel \u0130ngiliz tarz\u0131nda in\u015fa edilmi\u015fti. Art\u0131k iki k\u00fc\u00e7\u00fck \u00e7ocu\u011fu olan Shri Mataji, bungalovun biti\u015fi\u011findeki araziyi i\u015fliyordu. Bir \u00e7ift\u00e7inin yard\u0131m\u0131yla kullan\u0131lmayan araziyi \u00e7ok verimli bir sebze bah\u00e7esine d\u00f6n\u00fc\u015ft\u00fcrd\u00fc. Evde kullan\u0131m\u0131 i\u00e7in sebze yeti\u015ftirdi ve fazlas\u0131n\u0131 aile gelirine katk\u0131da bulunmak i\u00e7in satt\u0131.<\/p>\n<p>An\u0131lar\u0131nda H.P. Salve o g\u00fcnleri \u015f\u00f6yle anlat\u0131r: &#8220;Shri Mataji&#8217;nin \u00e7iftli\u011fi b\u00f6lgedeki en iyi \u00e7iftlik olarak g\u00f6r\u00fcl\u00fcyordu. Brinjal (patl\u0131canlar) o kadar b\u00fcy\u00fckt\u00fc ki kald\u0131ramad\u0131m. \u00c7ok \u00e7ok b\u00fcy\u00fck karnabaharlar, \u00e7ok b\u00fcy\u00fck domatesler, \u00e7ok b\u00fcy\u00fck salatal\u0131klar \u00fcretti. Bu kadar b\u00fcy\u00fck boy sebzeleri nas\u0131l \u00fcretti\u011fi inan\u0131lmaz bir \u015feydi.&#8221;<\/p>\n<p>1953 y\u0131l\u0131nda Shri Mataji&#8217;nin ailesi, Hindistan Denizyolu Ta\u015f\u0131mac\u0131l\u0131\u011f\u0131 Genel M\u00fcd\u00fcrl\u00fc\u011f\u00fc&#8217;ne atanan Sir C.P.&#8217;nin ard\u0131ndan Mumbai&#8217;ye ta\u015f\u0131nd\u0131. H.P. Salve, Shri Mataji ve \u00e7ocuklar\u0131yla ge\u00e7irdi\u011fi ve \u00e7ok eski ma\u011faralar, \u015felaleler, ormanlar ve yaban hayat\u0131yla muhte\u015fem g\u00fczellikte bir b\u00f6lge olan Orta Hindistan&#8217;daki Chindwara yak\u0131nlar\u0131nda bir tepe istasyonu Pachmarhi&#8217;deki harika yaz tatillerini an\u0131msar. Shri Mataji ve ailesi ayr\u0131ca bir\u00e7ok akrabas\u0131n\u0131n ya\u015fad\u0131\u011f\u0131 Nagpur&#8217;da da \u00e7ok zaman ge\u00e7irmi\u015ftir.<\/p>\n<p>8 \u015eubat 1955 Pazar g\u00fcn\u00fc doktorlar Shri Mataji&#8217;nin babas\u0131n\u0131 hastaneye yat\u0131rd\u0131lar. Bir hafta sonra b\u00fct\u00fcn \u00e7ocuklar\u0131 onun etraf\u0131nda topland\u0131. Shri Mataji babas\u0131na son derece yak\u0131nd\u0131 ve onun tavsiyelerine \u00f6zellikle manevi konulardakilerine her zaman de\u011fer vermi\u015fti. Karde\u015fi, bunu anarken babalar\u0131n\u0131n Nirmala&#8217;ya &#8211; kitlesel ayd\u0131nlanma verme y\u00f6ntemine at\u0131fta bulunarak- &#8220;Y\u00f6ntemi bulabildin mi?&#8221; diye sordu\u011funu s\u00f6yledi. Etraf\u0131 ailesiyle \u00e7evrili olan Prasad Salve, iki g\u00fcn sonra, 17 \u015eubat 1955&#8217;te vefat etti. Salve, &#8220;bir dilenci g\u00f6rd\u00fc\u011f\u00fcnde bile \u015fefkat dolu g\u00f6zya\u015flar\u0131na bo\u011fulan, o b\u00fcy\u00fck ki\u015fisel kay\u0131p an\u0131nda ise t\u00fcm cesaretini toplay\u0131p cenaze t\u00f6renini d\u00fczenlemeye koyulan&#8221; Shri Mataji&#8217;ye hayran kald\u0131\u011f\u0131n\u0131 s\u00f6ylemi\u015fti.<\/p>\n\t<h5>&#8220;Anlayabildi\u011fimiz kadar\u0131yla varolu\u015fun tek amac\u0131, varl\u0131\u011f\u0131n karanl\u0131\u011f\u0131na bir \u0131\u015f\u0131k yakmakt\u0131r.&#8221;<\/h5>\n<h5>Carl Gustav Jung<\/h5>\n\t<hr \/>\n<h3>1. <a href=\"#citation-ref-1\">^<\/a> <a name=\"citation-note-1\"><\/a>H.P.Salve, An\u0131lar\u0131m &#8216;My Memoirs&#8217; Yeni Delhi: Life Eternal Trust, 2000.<\/h3>\n\n","protected":false},"excerpt":{"rendered":"<p>Evlilik ve Ba\u011f\u0131ms\u0131zl\u0131k Aile ve Toplumun Omurgas\u0131 Shri Mataji&#8217;nin \u00e7ocuklu\u011fu ve gen\u00e7lik y\u0131llar\u0131 yeni Hint Ulusunun do\u011fu\u015fuyla i\u00e7 i\u00e7e ge\u00e7mi\u015fti ve bir e\u015f ve gen\u00e7 bir anne olarak ge\u00e7irdi\u011fi y\u0131llar da ayn\u0131 \u015fekilde bunu kan\u0131tlam\u0131\u015ft\u0131r. Art\u0131k yayg\u0131n olarak Shri Mataji Nirmala Devi olarak bilinen Nirmala Salve, 7 Nisan 1947&#8217;de Chandrika Prasad Srivastava ile evlendi. Bundan&hellip; <br \/> <a class=\"read-more\" href=\"https:\/\/shrimataji.org\/test\/tr\/evlilik-ve-bagimsizlik\/\">Read more<\/a><\/p>\n","protected":false},"author":12,"featured_media":9510,"parent":0,"menu_order":0,"comment_status":"closed","ping_status":"closed","template":"","meta":{"inline_featured_image":false,"footnotes":""},"class_list":["post-10181","page","type-page","status-publish","has-post-thumbnail","hentry"],"yoast_head":"<!-- This site is optimized with the Yoast SEO plugin v27.4 - https:\/\/yoast.com\/product\/yoast-seo-wordpress\/ -->\n<title>Evlilik ve Ba\u011f\u0131ms\u0131zl\u0131k - TEST - SMND<\/title>\n<meta name=\"robots\" content=\"noindex, follow, max-snippet:-1, max-image-preview:large, max-video-preview:-1\" \/>\n<meta property=\"og:locale\" content=\"en_US\" \/>\n<meta property=\"og:type\" content=\"article\" \/>\n<meta property=\"og:title\" content=\"Evlilik ve Ba\u011f\u0131ms\u0131zl\u0131k - TEST - SMND\" \/>\n<meta property=\"og:description\" content=\"Evlilik ve Ba\u011f\u0131ms\u0131zl\u0131k Aile ve Toplumun Omurgas\u0131 Shri Mataji&#8217;nin \u00e7ocuklu\u011fu ve gen\u00e7lik y\u0131llar\u0131 yeni Hint Ulusunun do\u011fu\u015fuyla i\u00e7 i\u00e7e ge\u00e7mi\u015fti ve bir e\u015f ve gen\u00e7 bir anne olarak ge\u00e7irdi\u011fi y\u0131llar da ayn\u0131 \u015fekilde bunu kan\u0131tlam\u0131\u015ft\u0131r. Art\u0131k yayg\u0131n olarak Shri Mataji Nirmala Devi olarak bilinen Nirmala Salve, 7 Nisan 1947&#8217;de Chandrika Prasad Srivastava ile evlendi. Bundan&hellip; Read more\" \/>\n<meta property=\"og:url\" content=\"https:\/\/shrimataji.org\/test\/tr\/evlilik-ve-bagimsizlik\/\" \/>\n<meta property=\"og:site_name\" content=\"TEST - SMND\" \/>\n<meta property=\"article:publisher\" content=\"https:\/\/www.facebook.com\/shrimataji\" \/>\n<meta property=\"article:modified_time\" content=\"2024-07-12T00:01:58+00:00\" \/>\n<meta property=\"og:image\" content=\"https:\/\/shrimataji.org\/test\/wp-content\/uploads\/2023\/03\/4_Banner_EarlyLife-Mariage-Independance_2-scaled.jpg\" \/>\n\t<meta property=\"og:image:width\" content=\"2560\" \/>\n\t<meta property=\"og:image:height\" content=\"905\" \/>\n\t<meta property=\"og:image:type\" content=\"image\/jpeg\" \/>\n<meta name=\"twitter:card\" content=\"summary_large_image\" \/>\n<meta name=\"twitter:site\" content=\"@shrimataji\" \/>\n<meta name=\"twitter:label1\" content=\"Est. reading time\" \/>\n\t<meta name=\"twitter:data1\" content=\"4 minutes\" \/>\n<script type=\"application\/ld+json\" class=\"yoast-schema-graph\">{\"@context\":\"https:\\\/\\\/schema.org\",\"@graph\":[{\"@type\":\"WebPage\",\"@id\":\"https:\\\/\\\/shrimataji.org\\\/test\\\/tr\\\/evlilik-ve-bagimsizlik\\\/\",\"url\":\"https:\\\/\\\/shrimataji.org\\\/test\\\/tr\\\/evlilik-ve-bagimsizlik\\\/\",\"name\":\"Evlilik ve Ba\u011f\u0131ms\u0131zl\u0131k - TEST - SMND\",\"isPartOf\":{\"@id\":\"https:\\\/\\\/shrimataji.org\\\/test\\\/#website\"},\"primaryImageOfPage\":{\"@id\":\"https:\\\/\\\/shrimataji.org\\\/test\\\/tr\\\/evlilik-ve-bagimsizlik\\\/#primaryimage\"},\"image\":{\"@id\":\"https:\\\/\\\/shrimataji.org\\\/test\\\/tr\\\/evlilik-ve-bagimsizlik\\\/#primaryimage\"},\"thumbnailUrl\":\"https:\\\/\\\/shrimataji.org\\\/test\\\/wp-content\\\/uploads\\\/2023\\\/03\\\/4_Banner_EarlyLife-Mariage-Independance_2-scaled.jpg\",\"datePublished\":\"2018-07-10T06:54:50+00:00\",\"dateModified\":\"2024-07-12T00:01:58+00:00\",\"breadcrumb\":{\"@id\":\"https:\\\/\\\/shrimataji.org\\\/test\\\/tr\\\/evlilik-ve-bagimsizlik\\\/#breadcrumb\"},\"inLanguage\":\"en-US\",\"potentialAction\":[{\"@type\":\"ReadAction\",\"target\":[\"https:\\\/\\\/shrimataji.org\\\/test\\\/tr\\\/evlilik-ve-bagimsizlik\\\/\"]}]},{\"@type\":\"ImageObject\",\"inLanguage\":\"en-US\",\"@id\":\"https:\\\/\\\/shrimataji.org\\\/test\\\/tr\\\/evlilik-ve-bagimsizlik\\\/#primaryimage\",\"url\":\"https:\\\/\\\/shrimataji.org\\\/test\\\/wp-content\\\/uploads\\\/2023\\\/03\\\/4_Banner_EarlyLife-Mariage-Independance_2-scaled.jpg\",\"contentUrl\":\"https:\\\/\\\/shrimataji.org\\\/test\\\/wp-content\\\/uploads\\\/2023\\\/03\\\/4_Banner_EarlyLife-Mariage-Independance_2-scaled.jpg\",\"width\":2560,\"height\":905},{\"@type\":\"BreadcrumbList\",\"@id\":\"https:\\\/\\\/shrimataji.org\\\/test\\\/tr\\\/evlilik-ve-bagimsizlik\\\/#breadcrumb\",\"itemListElement\":[{\"@type\":\"ListItem\",\"position\":1,\"name\":\"Home\",\"item\":\"https:\\\/\\\/shrimataji.org\\\/test\\\/uk\\\/home-en\\\/\"},{\"@type\":\"ListItem\",\"position\":2,\"name\":\"Evlilik ve Ba\u011f\u0131ms\u0131zl\u0131k\"}]},{\"@type\":\"WebSite\",\"@id\":\"https:\\\/\\\/shrimataji.org\\\/test\\\/#website\",\"url\":\"https:\\\/\\\/shrimataji.org\\\/test\\\/\",\"name\":\"Shri Mataji Nirmala Devi\",\"description\":\"A Life Dedicated to Humanity\",\"publisher\":{\"@id\":\"https:\\\/\\\/shrimataji.org\\\/test\\\/#\\\/schema\\\/person\\\/a1b3419c6585f164aa96da1ff85715d1\"},\"potentialAction\":[{\"@type\":\"SearchAction\",\"target\":{\"@type\":\"EntryPoint\",\"urlTemplate\":\"https:\\\/\\\/shrimataji.org\\\/test\\\/?s={search_term_string}\"},\"query-input\":{\"@type\":\"PropertyValueSpecification\",\"valueRequired\":true,\"valueName\":\"search_term_string\"}}],\"inLanguage\":\"en-US\"},{\"@type\":[\"Person\",\"Organization\"],\"@id\":\"https:\\\/\\\/shrimataji.org\\\/test\\\/#\\\/schema\\\/person\\\/a1b3419c6585f164aa96da1ff85715d1\",\"name\":\"Nirmala Shrivastava\",\"image\":{\"@type\":\"ImageObject\",\"inLanguage\":\"en-US\",\"@id\":\"https:\\\/\\\/shrimataji.org\\\/test\\\/wp-content\\\/uploads\\\/2023\\\/02\\\/SMO_LOGO-03.svg\",\"url\":\"https:\\\/\\\/shrimataji.org\\\/test\\\/wp-content\\\/uploads\\\/2023\\\/02\\\/SMO_LOGO-03.svg\",\"contentUrl\":\"https:\\\/\\\/shrimataji.org\\\/test\\\/wp-content\\\/uploads\\\/2023\\\/02\\\/SMO_LOGO-03.svg\",\"width\":\"1024\",\"height\":\"1024\",\"caption\":\"Nirmala Shrivastava\"},\"logo\":{\"@id\":\"https:\\\/\\\/shrimataji.org\\\/test\\\/wp-content\\\/uploads\\\/2023\\\/02\\\/SMO_LOGO-03.svg\"},\"sameAs\":[\"https:\\\/\\\/shrimataji.org\\\/test\",\"https:\\\/\\\/www.facebook.com\\\/shrimataji\",\"https:\\\/\\\/x.com\\\/shrimataji\",\"https:\\\/\\\/www.youtube.com\\\/@Shri_Mataji_Nirmala_Devi\\\/featured\"]}]}<\/script>\n<!-- \/ Yoast SEO plugin. -->","yoast_head_json":{"title":"Evlilik ve Ba\u011f\u0131ms\u0131zl\u0131k - TEST - SMND","robots":{"index":"noindex","follow":"follow","max-snippet":"max-snippet:-1","max-image-preview":"max-image-preview:large","max-video-preview":"max-video-preview:-1"},"og_locale":"en_US","og_type":"article","og_title":"Evlilik ve Ba\u011f\u0131ms\u0131zl\u0131k - TEST - SMND","og_description":"Evlilik ve Ba\u011f\u0131ms\u0131zl\u0131k Aile ve Toplumun Omurgas\u0131 Shri Mataji&#8217;nin \u00e7ocuklu\u011fu ve gen\u00e7lik y\u0131llar\u0131 yeni Hint Ulusunun do\u011fu\u015fuyla i\u00e7 i\u00e7e ge\u00e7mi\u015fti ve bir e\u015f ve gen\u00e7 bir anne olarak ge\u00e7irdi\u011fi y\u0131llar da ayn\u0131 \u015fekilde bunu kan\u0131tlam\u0131\u015ft\u0131r. Art\u0131k yayg\u0131n olarak Shri Mataji Nirmala Devi olarak bilinen Nirmala Salve, 7 Nisan 1947&#8217;de Chandrika Prasad Srivastava ile evlendi. Bundan&hellip; Read more","og_url":"https:\/\/shrimataji.org\/test\/tr\/evlilik-ve-bagimsizlik\/","og_site_name":"TEST - SMND","article_publisher":"https:\/\/www.facebook.com\/shrimataji","article_modified_time":"2024-07-12T00:01:58+00:00","og_image":[{"width":2560,"height":905,"url":"https:\/\/shrimataji.org\/test\/wp-content\/uploads\/2023\/03\/4_Banner_EarlyLife-Mariage-Independance_2-scaled.jpg","type":"image\/jpeg"}],"twitter_card":"summary_large_image","twitter_site":"@shrimataji","twitter_misc":{"Est. reading time":"4 minutes"},"schema":{"@context":"https:\/\/schema.org","@graph":[{"@type":"WebPage","@id":"https:\/\/shrimataji.org\/test\/tr\/evlilik-ve-bagimsizlik\/","url":"https:\/\/shrimataji.org\/test\/tr\/evlilik-ve-bagimsizlik\/","name":"Evlilik ve Ba\u011f\u0131ms\u0131zl\u0131k - TEST - SMND","isPartOf":{"@id":"https:\/\/shrimataji.org\/test\/#website"},"primaryImageOfPage":{"@id":"https:\/\/shrimataji.org\/test\/tr\/evlilik-ve-bagimsizlik\/#primaryimage"},"image":{"@id":"https:\/\/shrimataji.org\/test\/tr\/evlilik-ve-bagimsizlik\/#primaryimage"},"thumbnailUrl":"https:\/\/shrimataji.org\/test\/wp-content\/uploads\/2023\/03\/4_Banner_EarlyLife-Mariage-Independance_2-scaled.jpg","datePublished":"2018-07-10T06:54:50+00:00","dateModified":"2024-07-12T00:01:58+00:00","breadcrumb":{"@id":"https:\/\/shrimataji.org\/test\/tr\/evlilik-ve-bagimsizlik\/#breadcrumb"},"inLanguage":"en-US","potentialAction":[{"@type":"ReadAction","target":["https:\/\/shrimataji.org\/test\/tr\/evlilik-ve-bagimsizlik\/"]}]},{"@type":"ImageObject","inLanguage":"en-US","@id":"https:\/\/shrimataji.org\/test\/tr\/evlilik-ve-bagimsizlik\/#primaryimage","url":"https:\/\/shrimataji.org\/test\/wp-content\/uploads\/2023\/03\/4_Banner_EarlyLife-Mariage-Independance_2-scaled.jpg","contentUrl":"https:\/\/shrimataji.org\/test\/wp-content\/uploads\/2023\/03\/4_Banner_EarlyLife-Mariage-Independance_2-scaled.jpg","width":2560,"height":905},{"@type":"BreadcrumbList","@id":"https:\/\/shrimataji.org\/test\/tr\/evlilik-ve-bagimsizlik\/#breadcrumb","itemListElement":[{"@type":"ListItem","position":1,"name":"Home","item":"https:\/\/shrimataji.org\/test\/uk\/home-en\/"},{"@type":"ListItem","position":2,"name":"Evlilik ve Ba\u011f\u0131ms\u0131zl\u0131k"}]},{"@type":"WebSite","@id":"https:\/\/shrimataji.org\/test\/#website","url":"https:\/\/shrimataji.org\/test\/","name":"Shri Mataji Nirmala Devi","description":"A Life Dedicated to Humanity","publisher":{"@id":"https:\/\/shrimataji.org\/test\/#\/schema\/person\/a1b3419c6585f164aa96da1ff85715d1"},"potentialAction":[{"@type":"SearchAction","target":{"@type":"EntryPoint","urlTemplate":"https:\/\/shrimataji.org\/test\/?s={search_term_string}"},"query-input":{"@type":"PropertyValueSpecification","valueRequired":true,"valueName":"search_term_string"}}],"inLanguage":"en-US"},{"@type":["Person","Organization"],"@id":"https:\/\/shrimataji.org\/test\/#\/schema\/person\/a1b3419c6585f164aa96da1ff85715d1","name":"Nirmala Shrivastava","image":{"@type":"ImageObject","inLanguage":"en-US","@id":"https:\/\/shrimataji.org\/test\/wp-content\/uploads\/2023\/02\/SMO_LOGO-03.svg","url":"https:\/\/shrimataji.org\/test\/wp-content\/uploads\/2023\/02\/SMO_LOGO-03.svg","contentUrl":"https:\/\/shrimataji.org\/test\/wp-content\/uploads\/2023\/02\/SMO_LOGO-03.svg","width":"1024","height":"1024","caption":"Nirmala Shrivastava"},"logo":{"@id":"https:\/\/shrimataji.org\/test\/wp-content\/uploads\/2023\/02\/SMO_LOGO-03.svg"},"sameAs":["https:\/\/shrimataji.org\/test","https:\/\/www.facebook.com\/shrimataji","https:\/\/x.com\/shrimataji","https:\/\/www.youtube.com\/@Shri_Mataji_Nirmala_Devi\/featured"]}]}},"lang":"tr","translations":{"tr":10181,"ur":37462,"en":439,"am":18034,"th":19994,"hu":19515,"sq":18435,"zh":17332,"pt":10393,"de":10667,"fr":10765,"it":10863,"es":10960,"ja":11257,"ru":11445,"bn":11637,"te":11745,"sw":11868,"he":12016,"el":12308,"sk":12406,"fa":12504,"fi":12602,"bg":13442,"ro":14516,"cs":14709,"nl":16595,"ku":16755,"ar":16931,"be":18642,"kn":18916,"mr":20358,"uk":20652,"ml":20947,"ta":22753,"sv":23024,"gu":28867,"pa":29027,"fil":29472,"da":37775,"pl":37987,"nn":38327},"pll_sync_post":[],"_links":{"self":[{"href":"https:\/\/shrimataji.org\/test\/wp-json\/wp\/v2\/pages\/10181","targetHints":{"allow":["GET"]}}],"collection":[{"href":"https:\/\/shrimataji.org\/test\/wp-json\/wp\/v2\/pages"}],"about":[{"href":"https:\/\/shrimataji.org\/test\/wp-json\/wp\/v2\/types\/page"}],"author":[{"embeddable":true,"href":"https:\/\/shrimataji.org\/test\/wp-json\/wp\/v2\/users\/12"}],"replies":[{"embeddable":true,"href":"https:\/\/shrimataji.org\/test\/wp-json\/wp\/v2\/comments?post=10181"}],"version-history":[{"count":0,"href":"https:\/\/shrimataji.org\/test\/wp-json\/wp\/v2\/pages\/10181\/revisions"}],"wp:featuredmedia":[{"embeddable":true,"href":"https:\/\/shrimataji.org\/test\/wp-json\/wp\/v2\/media\/9510"}],"wp:attachment":[{"href":"https:\/\/shrimataji.org\/test\/wp-json\/wp\/v2\/media?parent=10181"}],"curies":[{"name":"wp","href":"https:\/\/api.w.org\/{rel}","templated":true}]}}