{"id":10183,"date":"2013-03-05T14:00:00","date_gmt":"2013-03-05T14:00:00","guid":{"rendered":"http:\/\/testwordpress.nirmalnagari.org\/smnd\/index.php\/may-5th-world-realization-day\/"},"modified":"2024-07-12T00:01:50","modified_gmt":"2024-07-12T00:01:50","slug":"5-mayis-dunya-aydinlanma-gunu","status":"publish","type":"page","link":"https:\/\/shrimataji.org\/test\/tr\/5-mayis-dunya-aydinlanma-gunu\/","title":{"rendered":"5 May\u0131s D\u00fcnya Ayd\u0131nlanma G\u00fcn\u00fc"},"content":{"rendered":"\n\n\t<h1>5 May\u0131s D\u00fcnya Ayd\u0131nlanma G\u00fcn\u00fc<\/h1>\n<h4>5 May\u0131s, Sahaja Yoga Meditasyonu&#8217;nun Kurucusu olan Shri Mataji Nirmala Devi&#8217;nin onuruna D\u00fcnya Ayd\u0131nlanma G\u00fcn\u00fc olarak \u0130lan edilmi\u015ftir.<\/h4>\n<p>Shri Mataji Nirmala Devi &#8211; Sahaja Yoga D\u00fcnya Vakf\u0131,\u00a0<a href=\"https:\/\/shrimataji.org\/tr\/sahaja-yoga\/\">Sahaja Yoga&#8217;n\u0131n<\/a> kurucusu olan Shri Mataji Nirmala Devi&#8217;nin \u00e7al\u0131\u015fmalar\u0131 ve vizyonu onuruna, 5 May\u0131s g\u00fcn\u00fcn\u00fc, D\u00fcnya Ayd\u0131nlanma G\u00fcn\u00fc olarak ilan etmekten dolay\u0131 mutluluk duymaktad\u0131r. Shri Mataji, y\u0131llar s\u00fcren meditasyon ve insanl\u0131\u011f\u0131n bug\u00fcnk\u00fc durumu \u00fczerine yapt\u0131\u011f\u0131 \u00e7al\u0131\u015fmalar\u0131n ard\u0131ndan, 5 May\u0131s 1970 tarihinde Hindistan&#8217;\u0131n Nargol kentinde, beynin limbik b\u00f6lgesinde bulunan son s\u00fcptil enerji merkezi olan ve Sanskrit\u00e7e&#8217;de &#8211;\u00a0<a href=\"http:\/\/www.shrimataji.org\/tr\/sozluk\/#Sahasrara\">Sahasrara<\/a>\u00a0(b\u0131ng\u0131ldak kemi\u011fi b\u00f6lgesi) ad\u0131 verilen \u00e7akray\u0131 a\u00e7t\u0131.<\/p>\n<p>Bu e\u015fi g\u00f6r\u00fclmemi\u015f bulu\u015f, i\u00e7sel d\u00f6n\u00fc\u015f\u00fcm sayesinde yeni bir \u00f6zg\u00fcrle\u015fme \u00e7a\u011f\u0131n\u0131n kap\u0131s\u0131n\u0131 a\u00e7t\u0131. Shri Mataji, \u00e7ok say\u0131da insanda ruhani uyan\u0131\u015f\u0131 tetikleyebilecek bir s\u00fcreci ke\u015ffetti. Ayd\u0131nlanma ad\u0131 verilen bu uyan\u0131\u015f, her insan\u0131n i\u00e7inde var olan ve ya\u015famakta olan Kundalini enerjisinin harekete ge\u00e7irilmesidir. Bir da\u011f\u0131n tepesine gidip, orada \u00e7ileke\u015f eylemlere girmeden, ki\u015fi bu enerjinin yumu\u015fak bir \u015fekilde uyanmas\u0131n\u0131 kendili\u011finden bir \u015fekilde yapabilir ve sadece istemekle bunu elde edebilir.<\/p>\n<p>Shri Mataji bu ayd\u0131nlanma deneyimini, Sahaja Yoga ad\u0131n\u0131 verdi\u011fi meditasyonun temeli k\u0131ld\u0131. Bu uygulaman\u0131n anahtar\u0131 ve ayn\u0131 zamanda onu di\u011fer y\u00f6ntemlerden ay\u0131ran \u015fey, g\u00f6z\u00fcnde canland\u0131rma veya ba\u015fka zihinsel odaklanma yollar\u0131n\u0131 kullanmak yerine, zihinsel sessizlik yoluyla y\u00fckselen\u00a0<a href=\"https:\/\/shrimataji.org\/tr\/dusuncesiz-farkindalik\/\">d\u00fc\u015f\u00fcncesiz fark\u0131ndal\u0131k<\/a>\u00a0konumudur. Sahaja Yoga meditasyonu son 40 y\u0131lda ola\u011fan\u00fcst\u00fc bir \u015fekilde b\u00fcy\u00fcd\u00fc ve \u015fu anda 95&#8217;in \u00fczerinde \u00fclkede uygulanmaktad\u0131r. Bu e\u015fsiz meditasyon sayesinde huzuru, tatmini ve mutlulu\u011fu ke\u015ffetmek \u00fczere uygulay\u0131c\u0131lar \u00e7ok farkl\u0131 ge\u00e7mi\u015flere sahip olarak gelmektedirler.<\/p>\n<p>Shri Mataji bir \u00f6\u011frenciyken, Hindistan&#8217;\u0131n ba\u011f\u0131ms\u0131zl\u0131\u011f\u0131 i\u00e7in, \u015fiddet i\u00e7ermeyen bir m\u00fccadele veren\u00a0<a href=\"https:\/\/shrimataji.org\/tr\/universite-yillari\/\">Mahatma Gandhi&#8217;ye kat\u0131ld\u0131.<\/a>\u00a0Kendisi iki kez Nobel Bar\u0131\u015f \u00d6d\u00fcl\u00fc&#8217;ne aday g\u00f6sterildi ve 1989&#8217;da Birle\u015fmi\u015f Milletler Bar\u0131\u015f Madalyas\u0131n\u0131 ald\u0131. Sahaja Yoga meditasyonu sayesinde b\u00fct\u00fcn d\u00fcnyaya bar\u0131\u015f ve beraberlik mesaj\u0131 vermek i\u00e7in, 40 y\u0131ldan uzun bir s\u00fcreyi seyahat ederek ge\u00e7irdi. Zaman\u0131m\u0131z\u0131n s\u00f6zde gurular\u0131 aras\u0131nda onun benzersiz ve anahtar niteli\u011findeki mesaj\u0131, her insan\u0131n kendi kendisinin \u00f6\u011fretmeni olmas\u0131 i\u00e7in gereken tohumu, kendi i\u00e7inde ta\u015f\u0131d\u0131\u011f\u0131d\u0131r. Bu insanlar dogmaya veya rit\u00fcellere ba\u015fvurmadan kendi kendilerinin gurusu olabilirler.<\/p>\n<p>Shri Mataji 2011 y\u0131l\u0131nda vefat etti ancak <a href=\"https:\/\/shrimataji.org\/tr\/miras\/\">miras\u0131<\/a> d\u00fcnya \u00e7ap\u0131nda, takip\u00e7ilerinin hayatlar\u0131nda ve toplumsal \u00e7al\u0131\u015fmalar\u0131nda ya\u015f\u0131yor. Her insan\u0131n kendi <a href=\"https:\/\/shrimataji.org\/tr\/aydinlanma\/\">ayd\u0131nlanmas\u0131n\u0131<\/a> \u00fccretsiz olarak elde etme hakk\u0131na sahip oldu\u011fu ve cayd\u0131nlanma almak isteyen herkese ayd\u0131nlanma deneyimi sunmak, kendisinin say\u0131s\u0131z halka a\u00e7\u0131k program\u0131nda \u015fahsen yapt\u0131\u011f\u0131 zamanlardaki kadar g\u00fc\u00e7l\u00fc bir \u015fekilde devam etmektedir.<\/p>\n<p>5 May\u0131s g\u00fcn\u00fc, bir g\u00fcn insanl\u0131k tarihindeki en \u00f6nemli y\u0131ld\u00f6n\u00fcm\u00fc olarak kabul edilebilir. O zamana dek, modern d\u00fcnyaya somut, anlaml\u0131 bir ruhaniyet getiren gurular\u0131n gurusu ve \u00f6\u011fretmenlerin \u00f6\u011fretmeni i\u00e7in, bu evrensel ve sevgi dolu bir an\u0131t olarak hizmet verecektir.<\/p>\n<p>Bu makale ilk olarak 3 May\u0131s 2013 tarihinde yay\u0131nlanm\u0131\u015ft\u0131r..<\/p>\n<p>&nbsp;<\/p>\n\n","protected":false},"excerpt":{"rendered":"<p>5 May\u0131s D\u00fcnya Ayd\u0131nlanma G\u00fcn\u00fc 5 May\u0131s, Sahaja Yoga Meditasyonu&#8217;nun Kurucusu olan Shri Mataji Nirmala Devi&#8217;nin onuruna D\u00fcnya Ayd\u0131nlanma G\u00fcn\u00fc olarak \u0130lan edilmi\u015ftir. Shri Mataji Nirmala Devi &#8211; Sahaja Yoga D\u00fcnya Vakf\u0131,\u00a0Sahaja Yoga&#8217;n\u0131n kurucusu olan Shri Mataji Nirmala Devi&#8217;nin \u00e7al\u0131\u015fmalar\u0131 ve vizyonu onuruna, 5 May\u0131s g\u00fcn\u00fcn\u00fc, D\u00fcnya Ayd\u0131nlanma G\u00fcn\u00fc olarak ilan etmekten dolay\u0131 mutluluk duymaktad\u0131r.&hellip; <br \/> <a class=\"read-more\" href=\"https:\/\/shrimataji.org\/test\/tr\/5-mayis-dunya-aydinlanma-gunu\/\">Read more<\/a><\/p>\n","protected":false},"author":12,"featured_media":0,"parent":0,"menu_order":0,"comment_status":"closed","ping_status":"closed","template":"","meta":{"inline_featured_image":false,"footnotes":""},"class_list":["post-10183","page","type-page","status-publish","hentry"],"yoast_head":"<!-- This site is optimized with the Yoast SEO plugin v27.4 - https:\/\/yoast.com\/product\/yoast-seo-wordpress\/ -->\n<title>5 May\u0131s D\u00fcnya Ayd\u0131nlanma G\u00fcn\u00fc - TEST - SMND<\/title>\n<meta name=\"robots\" content=\"noindex, follow, max-snippet:-1, max-image-preview:large, max-video-preview:-1\" \/>\n<meta property=\"og:locale\" content=\"en_US\" \/>\n<meta property=\"og:type\" content=\"article\" \/>\n<meta property=\"og:title\" content=\"5 May\u0131s D\u00fcnya Ayd\u0131nlanma G\u00fcn\u00fc - TEST - SMND\" \/>\n<meta property=\"og:description\" content=\"5 May\u0131s D\u00fcnya Ayd\u0131nlanma G\u00fcn\u00fc 5 May\u0131s, Sahaja Yoga Meditasyonu&#8217;nun Kurucusu olan Shri Mataji Nirmala Devi&#8217;nin onuruna D\u00fcnya Ayd\u0131nlanma G\u00fcn\u00fc olarak \u0130lan edilmi\u015ftir. Shri Mataji Nirmala Devi &#8211; Sahaja Yoga D\u00fcnya Vakf\u0131,\u00a0Sahaja Yoga&#8217;n\u0131n kurucusu olan Shri Mataji Nirmala Devi&#8217;nin \u00e7al\u0131\u015fmalar\u0131 ve vizyonu onuruna, 5 May\u0131s g\u00fcn\u00fcn\u00fc, D\u00fcnya Ayd\u0131nlanma G\u00fcn\u00fc olarak ilan etmekten dolay\u0131 mutluluk duymaktad\u0131r.&hellip; Read more\" \/>\n<meta property=\"og:url\" content=\"https:\/\/shrimataji.org\/test\/tr\/5-mayis-dunya-aydinlanma-gunu\/\" \/>\n<meta property=\"og:site_name\" content=\"TEST - SMND\" \/>\n<meta property=\"article:publisher\" content=\"https:\/\/www.facebook.com\/shrimataji\" \/>\n<meta property=\"article:modified_time\" content=\"2024-07-12T00:01:50+00:00\" \/>\n<meta property=\"og:image\" content=\"https:\/\/shrimataji.org\/test\/wp-content\/uploads\/2018\/07\/fp11-e1588597806347.jpg\" \/>\n\t<meta property=\"og:image:width\" content=\"707\" \/>\n\t<meta property=\"og:image:height\" content=\"700\" \/>\n\t<meta property=\"og:image:type\" content=\"image\/jpeg\" \/>\n<meta name=\"twitter:card\" content=\"summary_large_image\" \/>\n<meta name=\"twitter:site\" content=\"@shrimataji\" \/>\n<meta name=\"twitter:label1\" content=\"Est. reading time\" \/>\n\t<meta name=\"twitter:data1\" content=\"3 minutes\" \/>\n<script type=\"application\/ld+json\" class=\"yoast-schema-graph\">{\"@context\":\"https:\\\/\\\/schema.org\",\"@graph\":[{\"@type\":\"WebPage\",\"@id\":\"https:\\\/\\\/shrimataji.org\\\/test\\\/tr\\\/5-mayis-dunya-aydinlanma-gunu\\\/\",\"url\":\"https:\\\/\\\/shrimataji.org\\\/test\\\/tr\\\/5-mayis-dunya-aydinlanma-gunu\\\/\",\"name\":\"5 May\u0131s D\u00fcnya Ayd\u0131nlanma G\u00fcn\u00fc - TEST - SMND\",\"isPartOf\":{\"@id\":\"https:\\\/\\\/shrimataji.org\\\/test\\\/#website\"},\"datePublished\":\"2013-03-05T14:00:00+00:00\",\"dateModified\":\"2024-07-12T00:01:50+00:00\",\"breadcrumb\":{\"@id\":\"https:\\\/\\\/shrimataji.org\\\/test\\\/tr\\\/5-mayis-dunya-aydinlanma-gunu\\\/#breadcrumb\"},\"inLanguage\":\"en-US\",\"potentialAction\":[{\"@type\":\"ReadAction\",\"target\":[\"https:\\\/\\\/shrimataji.org\\\/test\\\/tr\\\/5-mayis-dunya-aydinlanma-gunu\\\/\"]}]},{\"@type\":\"BreadcrumbList\",\"@id\":\"https:\\\/\\\/shrimataji.org\\\/test\\\/tr\\\/5-mayis-dunya-aydinlanma-gunu\\\/#breadcrumb\",\"itemListElement\":[{\"@type\":\"ListItem\",\"position\":1,\"name\":\"Home\",\"item\":\"https:\\\/\\\/shrimataji.org\\\/test\\\/uk\\\/home-en\\\/\"},{\"@type\":\"ListItem\",\"position\":2,\"name\":\"5 May\u0131s D\u00fcnya Ayd\u0131nlanma G\u00fcn\u00fc\"}]},{\"@type\":\"WebSite\",\"@id\":\"https:\\\/\\\/shrimataji.org\\\/test\\\/#website\",\"url\":\"https:\\\/\\\/shrimataji.org\\\/test\\\/\",\"name\":\"Shri Mataji Nirmala Devi\",\"description\":\"A Life Dedicated to Humanity\",\"publisher\":{\"@id\":\"https:\\\/\\\/shrimataji.org\\\/test\\\/#\\\/schema\\\/person\\\/a1b3419c6585f164aa96da1ff85715d1\"},\"potentialAction\":[{\"@type\":\"SearchAction\",\"target\":{\"@type\":\"EntryPoint\",\"urlTemplate\":\"https:\\\/\\\/shrimataji.org\\\/test\\\/?s={search_term_string}\"},\"query-input\":{\"@type\":\"PropertyValueSpecification\",\"valueRequired\":true,\"valueName\":\"search_term_string\"}}],\"inLanguage\":\"en-US\"},{\"@type\":[\"Person\",\"Organization\"],\"@id\":\"https:\\\/\\\/shrimataji.org\\\/test\\\/#\\\/schema\\\/person\\\/a1b3419c6585f164aa96da1ff85715d1\",\"name\":\"Nirmala Shrivastava\",\"image\":{\"@type\":\"ImageObject\",\"inLanguage\":\"en-US\",\"@id\":\"https:\\\/\\\/shrimataji.org\\\/test\\\/wp-content\\\/uploads\\\/2023\\\/02\\\/SMO_LOGO-03.svg\",\"url\":\"https:\\\/\\\/shrimataji.org\\\/test\\\/wp-content\\\/uploads\\\/2023\\\/02\\\/SMO_LOGO-03.svg\",\"contentUrl\":\"https:\\\/\\\/shrimataji.org\\\/test\\\/wp-content\\\/uploads\\\/2023\\\/02\\\/SMO_LOGO-03.svg\",\"width\":\"1024\",\"height\":\"1024\",\"caption\":\"Nirmala Shrivastava\"},\"logo\":{\"@id\":\"https:\\\/\\\/shrimataji.org\\\/test\\\/wp-content\\\/uploads\\\/2023\\\/02\\\/SMO_LOGO-03.svg\"},\"sameAs\":[\"https:\\\/\\\/shrimataji.org\\\/test\",\"https:\\\/\\\/www.facebook.com\\\/shrimataji\",\"https:\\\/\\\/x.com\\\/shrimataji\",\"https:\\\/\\\/www.youtube.com\\\/@Shri_Mataji_Nirmala_Devi\\\/featured\"]}]}<\/script>\n<!-- \/ Yoast SEO plugin. -->","yoast_head_json":{"title":"5 May\u0131s D\u00fcnya Ayd\u0131nlanma G\u00fcn\u00fc - TEST - SMND","robots":{"index":"noindex","follow":"follow","max-snippet":"max-snippet:-1","max-image-preview":"max-image-preview:large","max-video-preview":"max-video-preview:-1"},"og_locale":"en_US","og_type":"article","og_title":"5 May\u0131s D\u00fcnya Ayd\u0131nlanma G\u00fcn\u00fc - TEST - SMND","og_description":"5 May\u0131s D\u00fcnya Ayd\u0131nlanma G\u00fcn\u00fc 5 May\u0131s, Sahaja Yoga Meditasyonu&#8217;nun Kurucusu olan Shri Mataji Nirmala Devi&#8217;nin onuruna D\u00fcnya Ayd\u0131nlanma G\u00fcn\u00fc olarak \u0130lan edilmi\u015ftir. Shri Mataji Nirmala Devi &#8211; Sahaja Yoga D\u00fcnya Vakf\u0131,\u00a0Sahaja Yoga&#8217;n\u0131n kurucusu olan Shri Mataji Nirmala Devi&#8217;nin \u00e7al\u0131\u015fmalar\u0131 ve vizyonu onuruna, 5 May\u0131s g\u00fcn\u00fcn\u00fc, D\u00fcnya Ayd\u0131nlanma G\u00fcn\u00fc olarak ilan etmekten dolay\u0131 mutluluk duymaktad\u0131r.&hellip; Read more","og_url":"https:\/\/shrimataji.org\/test\/tr\/5-mayis-dunya-aydinlanma-gunu\/","og_site_name":"TEST - SMND","article_publisher":"https:\/\/www.facebook.com\/shrimataji","article_modified_time":"2024-07-12T00:01:50+00:00","og_image":[{"width":707,"height":700,"url":"https:\/\/shrimataji.org\/test\/wp-content\/uploads\/2018\/07\/fp11-e1588597806347.jpg","type":"image\/jpeg"}],"twitter_card":"summary_large_image","twitter_site":"@shrimataji","twitter_misc":{"Est. reading time":"3 minutes"},"schema":{"@context":"https:\/\/schema.org","@graph":[{"@type":"WebPage","@id":"https:\/\/shrimataji.org\/test\/tr\/5-mayis-dunya-aydinlanma-gunu\/","url":"https:\/\/shrimataji.org\/test\/tr\/5-mayis-dunya-aydinlanma-gunu\/","name":"5 May\u0131s D\u00fcnya Ayd\u0131nlanma G\u00fcn\u00fc - TEST - SMND","isPartOf":{"@id":"https:\/\/shrimataji.org\/test\/#website"},"datePublished":"2013-03-05T14:00:00+00:00","dateModified":"2024-07-12T00:01:50+00:00","breadcrumb":{"@id":"https:\/\/shrimataji.org\/test\/tr\/5-mayis-dunya-aydinlanma-gunu\/#breadcrumb"},"inLanguage":"en-US","potentialAction":[{"@type":"ReadAction","target":["https:\/\/shrimataji.org\/test\/tr\/5-mayis-dunya-aydinlanma-gunu\/"]}]},{"@type":"BreadcrumbList","@id":"https:\/\/shrimataji.org\/test\/tr\/5-mayis-dunya-aydinlanma-gunu\/#breadcrumb","itemListElement":[{"@type":"ListItem","position":1,"name":"Home","item":"https:\/\/shrimataji.org\/test\/uk\/home-en\/"},{"@type":"ListItem","position":2,"name":"5 May\u0131s D\u00fcnya Ayd\u0131nlanma G\u00fcn\u00fc"}]},{"@type":"WebSite","@id":"https:\/\/shrimataji.org\/test\/#website","url":"https:\/\/shrimataji.org\/test\/","name":"Shri Mataji Nirmala Devi","description":"A Life Dedicated to Humanity","publisher":{"@id":"https:\/\/shrimataji.org\/test\/#\/schema\/person\/a1b3419c6585f164aa96da1ff85715d1"},"potentialAction":[{"@type":"SearchAction","target":{"@type":"EntryPoint","urlTemplate":"https:\/\/shrimataji.org\/test\/?s={search_term_string}"},"query-input":{"@type":"PropertyValueSpecification","valueRequired":true,"valueName":"search_term_string"}}],"inLanguage":"en-US"},{"@type":["Person","Organization"],"@id":"https:\/\/shrimataji.org\/test\/#\/schema\/person\/a1b3419c6585f164aa96da1ff85715d1","name":"Nirmala Shrivastava","image":{"@type":"ImageObject","inLanguage":"en-US","@id":"https:\/\/shrimataji.org\/test\/wp-content\/uploads\/2023\/02\/SMO_LOGO-03.svg","url":"https:\/\/shrimataji.org\/test\/wp-content\/uploads\/2023\/02\/SMO_LOGO-03.svg","contentUrl":"https:\/\/shrimataji.org\/test\/wp-content\/uploads\/2023\/02\/SMO_LOGO-03.svg","width":"1024","height":"1024","caption":"Nirmala Shrivastava"},"logo":{"@id":"https:\/\/shrimataji.org\/test\/wp-content\/uploads\/2023\/02\/SMO_LOGO-03.svg"},"sameAs":["https:\/\/shrimataji.org\/test","https:\/\/www.facebook.com\/shrimataji","https:\/\/x.com\/shrimataji","https:\/\/www.youtube.com\/@Shri_Mataji_Nirmala_Devi\/featured"]}]}},"lang":"tr","translations":{"tr":10183,"en":453,"am":18037,"th":19998,"hu":19518,"sq":18438,"zh":17335,"pt":10395,"de":10669,"fr":10767,"it":10865,"es":10962,"ja":11259,"ru":11447,"bn":11639,"te":11747,"sw":11870,"he":12018,"el":12310,"sk":12408,"fa":12506,"fi":12604,"bg":13491,"ro":14566,"cs":14759,"nl":16598,"ku":16758,"ar":16934,"be":18645,"kn":18919,"mr":20362,"uk":20656,"ml":20951,"ta":22756,"sv":23027,"gu":28870,"pa":29030,"fil":29475},"pll_sync_post":[],"_links":{"self":[{"href":"https:\/\/shrimataji.org\/test\/wp-json\/wp\/v2\/pages\/10183","targetHints":{"allow":["GET"]}}],"collection":[{"href":"https:\/\/shrimataji.org\/test\/wp-json\/wp\/v2\/pages"}],"about":[{"href":"https:\/\/shrimataji.org\/test\/wp-json\/wp\/v2\/types\/page"}],"author":[{"embeddable":true,"href":"https:\/\/shrimataji.org\/test\/wp-json\/wp\/v2\/users\/12"}],"replies":[{"embeddable":true,"href":"https:\/\/shrimataji.org\/test\/wp-json\/wp\/v2\/comments?post=10183"}],"version-history":[{"count":0,"href":"https:\/\/shrimataji.org\/test\/wp-json\/wp\/v2\/pages\/10183\/revisions"}],"wp:attachment":[{"href":"https:\/\/shrimataji.org\/test\/wp-json\/wp\/v2\/media?parent=10183"}],"curies":[{"name":"wp","href":"https:\/\/api.w.org\/{rel}","templated":true}]}}