{"id":10187,"date":"2022-03-05T07:37:21","date_gmt":"2022-03-05T07:37:21","guid":{"rendered":"https:\/\/test.shrimataji.org\/?page_id=6487"},"modified":"2024-07-12T00:02:02","modified_gmt":"2024-07-12T00:02:02","slug":"nabhi-cakra","status":"publish","type":"page","link":"https:\/\/shrimataji.org\/test\/tr\/nabhi-cakra\/","title":{"rendered":"Nabhi \u00c7akra"},"content":{"rendered":"\n\n\t<h1>Nabhi \u00c7akra<\/h1>\n<h2>Huzur, I\u0307c\u0327sel Gelis\u0327im, Refah<\/h2>\n<p><b>B\u00fcy\u00fcd\u00fck\u00e7e, \u00e7ocuklu\u011fumuzun ve yeti\u015ftirilme tarz\u0131m\u0131z\u0131n bilinen \u015fartlanmalar\u0131ndan ya\u015fam\u0131n ger\u00e7eklerine ge\u00e7tik\u00e7e, bu ya\u015fam oyununun \u00f6n\u00fcm\u00fcze \u00e7\u0131kard\u0131\u011f\u0131 zorluklarla kar\u015f\u0131 kar\u015f\u0131ya kal\u0131r\u0131z. Bununla birlikte, toplumun geneliyle onurlu ve pozitif bir \u015fekilde nas\u0131l anla\u015faca\u011f\u0131m\u0131z ve etkile\u015fimde bulunaca\u011f\u0131m\u0131z konusunda bize do\u011fru rehberlik sa\u011flayan bir dizi etik kurallar\u0131m\u0131z vard\u0131r.<\/b><\/p>\n\u00dc\u00e7\u00fcnc\u00fc merkez, bize kendi \u00f6z\u00fcm\u00fczde var olan etik davran\u0131\u015f anlay\u0131\u015f\u0131n\u0131 verir. Bu i\u00e7sel do\u011fru davran\u0131\u015f kurallar\u0131, \u00e7a\u011flar boyunca<br \/>\nHz. Musa, Hz. \u0130sa, Hz. Muhammed, Hz. \u0130brahim gibi pek \u00e7ok peygamber, aziz ve vizyonerin gayretleriyle kendi ya\u015famlar\u0131 \u00fczerinden ifade edilmi\u015ftir. Bu merkez, ayn\u0131 zamanda bize ya\u015famdan tatmin olma duygusu ile ba\u015fkalar\u0131yla payla\u015fmaktan gelen ne\u015feyi hissedebilme yetisini verir.\n<p>Ayr\u0131ca Kar\u0131n Bo\u015flu\u011fu (Void), ikinci ve \u00fc\u00e7\u00fcnc\u00fc \u00e7akray\u0131 \u00e7evreler. Bu manevi olarak insani fark\u0131ndal\u0131\u011f\u0131m\u0131z ile ilahi fark\u0131ndal\u0131k aras\u0131ndaki ge\u00e7iti ve i\u00e7imizdeki ustal\u0131k prensibini temsil eder. Sahaja Yoga&#8217;da hem bedenimizde hem de parmak u\u00e7lar\u0131m\u0131zda hissetti\u011fimiz s\u00fcptil sistemimizin ayd\u0131nlanm\u0131\u015f ruhsal fark\u0131ndal\u0131\u011f\u0131na dayanarak kendi kendimizin efendisi olma yetene\u011fini geli\u015ftiririz.<\/p>\n\t\n\t\n\tYeri:<br \/>\nNabhi \u00e7akram\u0131z, omurgam\u0131z\u0131n i\u00e7inde yakla\u015f\u0131k olarak g\u00f6bek deli\u011fimize paralel bir yerde bulunur. Fiziksel olarak solar pleksusun faaliyetlerinde etkilidir. Nabhi \u00e7akran\u0131n titre\u015fimleri, her iki elimizin orta parma\u011f\u0131nda hissedilir. Kar\u0131n b\u00f6lgesindeki organlar\u0131m\u0131z\u0131n (mide, karaci\u011fer, b\u00f6brekler ve ba\u011f\u0131rsaklar) i\u015flevi, kar\u0131n bo\u015flu\u011funda (Void), Nabhi ve Swadhisthan \u00e7akralar\u0131 taraf\u0131ndan d\u00fczenlenir. Bu \u00fc\u00e7 s\u00fcptil merkez, bedenimiz i\u00e7in uyumlu fizyolojik ortam\u0131n sa\u011flanmas\u0131nda b\u00fct\u00fcnle\u015fmi\u015f olarak birlikte \u00e7al\u0131\u015f\u0131r.\nRengi:<br \/>\nNabhi \u00e7akra, ye\u015fil renkle temsil edilir. \u00d6z\u00fcnde su elementi ile uyumludur.\nNabhi \u00c7akran\u0131n Nitelikleri:<br \/>\n\u2022 C\u00f6mertlik<br \/>\n\u2022 Ba\u015fkalar\u0131n\u0131 besleyici, korumac\u0131 miza\u00e7<br \/>\n\u2022 Memnuniyet \/ Tatminkarl\u0131k<br \/>\n\u2022 Huzur<br \/>\n\u2022 Ne\u015fe<br \/>\n\u2022 Denge<br \/>\n\u2022 Do\u011fru davran\u0131\u015f (veya dharma)<br \/>\n\u2022 D\u00fcr\u00fcstl\u00fck<br \/>\n\u2022 Saf Dikkat<br \/>\n\u2022 Asalet<br \/>\n\u2022 Geli\u015fim\n\t\t\t\t<img loading=\"lazy\" decoding=\"async\" src=\"https:\/\/shrimataji.org\/test\/wp-content\/uploads\/2024\/06\/TR_3-Nabhi-Void.png\" alt=\"TR_3-Nabhi-Void\" height=\"1644\" width=\"1543\" title=\"TR_3-Nabhi-Void\" \/>\n\t<p>Nabhi \u00e7akra, c\u00f6mertlik ve ki\u015fisel geli\u015fim kabiliyeti de dahil olmak \u00fczere bir\u00e7ok esas niteli\u011fi verir. B\u00fcy\u00fcme, geli\u015fme ve hedeflerimize ula\u015fma arzusunu, Nabhi \u00e7akram\u0131z arac\u0131l\u0131\u011f\u0131yla deneyimleriz. Ya\u015fam\u0131m\u0131zdaki temel yiyecek ve su ihtiyac\u0131ndan huzur ve maneviyata kadar her &#8220;aray\u0131\u015f&#8221; eylemini etkiler. Bu \u00e7akra ile ya\u015fam\u0131n daha y\u00fcksek bir a\u015famas\u0131na do\u011fru devaml\u0131 olarak geli\u015fim kabiliyetine sahip oluruz.<\/p>\n<p>Nabhi \u00e7akran\u0131n bir di\u011fer \u00f6nemli niteli\u011fi de tatminkarl\u0131kt\u0131r. Ya\u015fam\u0131m\u0131z\u0131n t\u00fcm alanlar\u0131nda (aile, i\u015f ve maneviyat dahil) ideal bir dengeyi Nabhi \u00e7akram\u0131z sayesinde kurabiliriz. Shri Mataji, sol Nabhi \u00e7akran\u0131n bak\u0131m, besleme ve \u015fefkat niteliklerini veren kilit unsurun genellikle sevgi dolu e\u015flerde ve ailelerin bak\u0131m\u0131na yard\u0131m eden annelerde oldu\u011funu a\u00e7\u0131klam\u0131\u015ft\u0131r.<\/p>\n<p>Deneyim ve Faydalar\u0131:<\/p>\n<p>Nabhi \u00e7akran\u0131z\u0131n en \u00f6nemli fizyolojik i\u015flevi, bir\u00e7ok i\u00e7 organ\u0131n\u0131z\u0131 d\u00fczenlemektir. Sol nabhi, pankreas ve dala\u011f\u0131 d\u00fczenler. Orta Nabhi, mide ve ba\u011f\u0131rsaklar\u0131 d\u00fczenler. Sa\u011f Nabhi ise karaci\u011ferinizi ve safra kesenizi d\u00fczenler. Karaci\u011ferinizin meditasyondaki rol\u00fc \u00fczerinde \u00f6zellikle durulmal\u0131d\u0131r. Tam bir d\u00fc\u015f\u00fcncesiz fark\u0131ndal\u0131k ve dikkat durumuna ula\u015fmak i\u00e7in hayati \u00f6nem ta\u015f\u0131r. Stresli ya\u015famlar s\u00fcrmemiz nedeniyle karaci\u011ferimiz, a\u015f\u0131r\u0131 \u0131s\u0131n\u0131r ve t\u00fckenmi\u015fli\u011fe meyillidir. Sahaja Yoga&#8217;y\u0131 uygulamak, bu \u00f6nemli organ\u0131 dengelemenize ve koruman\u0131za yard\u0131mc\u0131 olacakt\u0131r.<\/p>\n<p>Nabhi \u00e7akra, ayn\u0131 zamanda d\u00fczg\u00fcn sindirme ve d\u00fczg\u00fcn bir metabolizma i\u00e7in de \u00f6nemli bir rol oynar. Yemek yemeye a\u015f\u0131r\u0131 d\u00fc\u015fk\u00fcnl\u00fck Nabhi \u00e7akran\u0131z\u0131 olumsuz etkiler. D\u00fczenli aral\u0131klarla t\u00fcketilen iyi, besleyici yiyecekler Nabhi \u00e7akray\u0131 dengede tutmaya yard\u0131mc\u0131 olur.<\/p>\n<p>Nabhi \u00e7akra, aile hayat\u0131n\u0131z i\u00e7in de \u00e7ok \u00f6nemlidir. Meditasyon yoluyla bu \u00e7akraya enerji verip dengeledik\u00e7e, ailevi sorumluluklar\u0131 yerine getirmek i\u00e7in kendinizi g\u00fc\u00e7l\u00fc ve yenilenmi\u015f hissedebilirsiniz. Hatta kendinizi eskiden ka\u00e7\u0131nd\u0131\u011f\u0131n\u0131z g\u00f6revlerden keyif al\u0131rken bile bulabilirsiniz.<\/p>\n<p>Refaha ula\u015fmak, geli\u015fiminizde gerekli bir ad\u0131md\u0131r. Nabhi \u00e7akran\u0131z, maddi refah\u0131n\u0131z\u0131n merkezinde yer al\u0131r. Temel ihtiya\u00e7lar\u0131n\u0131z\u0131 ve arzular\u0131n\u0131z\u0131 kar\u015f\u0131laman\u0131za yard\u0131mc\u0131 olacakt\u0131r. Bu ihtiya\u00e7lar\u0131n\u0131z\u0131 kar\u015f\u0131layacak paray\u0131 kazanabilmeniz i\u00e7in gerekli t\u00fcm zihinsel ve fiziksel yeteneklere sahip olarak do\u011fdunuz. G\u00fc\u00e7l\u00fc bir Nabhi \u00e7akra, maddi ihtiya\u00e7lar\u0131n\u0131z kar\u015f\u0131land\u0131ktan sonra manevi refah\u0131n\u0131za odaklanmaya ba\u015flayaca\u011f\u0131n\u0131z anlam\u0131na gelir.<\/p>\n<p>Ki\u015fisel De\u011ferlendirme:<\/p>\n<p>Sol Nabhi&#8217;niz, t\u0131kal\u0131 veya dengesiz olursa aileniz ve evinizle ilgili zorluklarda bir art\u0131\u015f fark edebilirsiniz. Parayla ilgili endi\u015feler de ya\u015fayabilirsiniz. Orta Nabhi&#8217;nizde bir t\u0131kan\u0131kl\u0131k varsa sindiriminiz veya metabolizman\u0131zla ilgili k\u00fc\u00e7\u00fck sorunlar veya dengesizlikler ya\u015fayabilirsiniz. Sa\u011f Nabhi&#8217;de bir dengesizlik oldu\u011funda ise kendinizi, endi\u015fe ve kayg\u0131ya e\u011filimli bulabilirsiniz. Ayr\u0131ca verme konusunda isteksizlik ve c\u00f6mertlikten yoksunluk da hissedebilirsiniz. Neyse ki\u00a0Sahaja Yoga uygulamas\u0131, \u00e7ok \u00f6nemli olan bu \u00e7akran\u0131n enerjisini dengelemenize ve yenilemenize yard\u0131mc\u0131 olacakt\u0131r.<\/p>\n<p>Dengeden \u00c7\u0131kma Sebepleri:<\/p>\n<ul>\n<li>\n<p>A\u015f\u0131r\u0131 endi\u015fe, stres ve dengesiz aile ili\u015fkileri.<\/p>\n<\/li>\n<li>\u0130\u015f tak\u0131nt\u0131s\u0131, uyu\u015fturucu ve alkol ba\u011f\u0131ml\u0131l\u0131\u011f\u0131, her t\u00fcrl\u00fc fanatizm<\/li>\n<\/ul>\nNas\u0131l Dengeye getirilir?:<strong><br \/>\n<\/strong>\n<p>Sa\u011f Nabhi \u00e7akran\u0131z\u0131 dengelemek olduk\u00e7a kolayd\u0131r. Sa\u011f elinizi, avu\u00e7 i\u00e7i i\u00e7eri bakacak \u015fekilde Nabhi \u00e7akran\u0131z\u0131n bulundu\u011fu yerin birka\u00e7 santim \u00f6n\u00fcnde tutun. Enerjinin elinizden akt\u0131\u011f\u0131n\u0131 hissetti\u011finizde, elinizi \u00e7akran\u0131n etraf\u0131nda saat y\u00f6n\u00fcnde d\u00f6nd\u00fcr\u00fcn. Bunu birka\u00e7 kez tekrarlay\u0131n. Sa\u011f Nabhi&#8217;nizi dengelemek i\u00e7in, sa\u011f taraf\u0131n\u0131zda karaci\u011ferinizin \u00fczerine bir buz torbas\u0131 da yerle\u015ftirebilirsiniz. Sol Nabhi \u00e7akran\u0131z\u0131 dengelemek i\u00e7in her zamanki meditasyonunuzu yaparken ayaklar\u0131n\u0131z\u0131 bir le\u011fen i\u00e7inde \u0131l\u0131k <a href=\"https:\/\/shrimataji.org\/test\/wp-content\/uploads\/2024\/07\/Tuzlu-Su-Uygulamasi.pdf\">tuzlu suda<\/a>\u00a0bekletin.<\/p>\n\n","protected":false},"excerpt":{"rendered":"<p>Nabhi \u00c7akra Huzur, I\u0307c\u0327sel Gelis\u0327im, Refah B\u00fcy\u00fcd\u00fck\u00e7e, \u00e7ocuklu\u011fumuzun ve yeti\u015ftirilme tarz\u0131m\u0131z\u0131n bilinen \u015fartlanmalar\u0131ndan ya\u015fam\u0131n ger\u00e7eklerine ge\u00e7tik\u00e7e, bu ya\u015fam oyununun \u00f6n\u00fcm\u00fcze \u00e7\u0131kard\u0131\u011f\u0131 zorluklarla kar\u015f\u0131 kar\u015f\u0131ya kal\u0131r\u0131z. Bununla birlikte, toplumun geneliyle onurlu ve pozitif bir \u015fekilde nas\u0131l anla\u015faca\u011f\u0131m\u0131z ve etkile\u015fimde bulunaca\u011f\u0131m\u0131z konusunda bize do\u011fru rehberlik sa\u011flayan bir dizi etik kurallar\u0131m\u0131z vard\u0131r. \u00dc\u00e7\u00fcnc\u00fc merkez, bize kendi \u00f6z\u00fcm\u00fczde var&hellip; <br \/> <a class=\"read-more\" href=\"https:\/\/shrimataji.org\/test\/tr\/nabhi-cakra\/\">Read more<\/a><\/p>\n","protected":false},"author":12,"featured_media":9253,"parent":0,"menu_order":0,"comment_status":"closed","ping_status":"closed","template":"","meta":{"inline_featured_image":false,"footnotes":""},"class_list":["post-10187","page","type-page","status-publish","has-post-thumbnail","hentry"],"yoast_head":"<!-- This site is optimized with the Yoast SEO plugin v27.4 - https:\/\/yoast.com\/product\/yoast-seo-wordpress\/ -->\n<title>Nabhi \u00c7akra - TEST - SMND<\/title>\n<meta name=\"robots\" content=\"noindex, follow, max-snippet:-1, max-image-preview:large, max-video-preview:-1\" \/>\n<meta property=\"og:locale\" content=\"en_US\" \/>\n<meta property=\"og:type\" content=\"article\" \/>\n<meta property=\"og:title\" content=\"Nabhi \u00c7akra - TEST - SMND\" \/>\n<meta property=\"og:description\" content=\"Nabhi \u00c7akra Huzur, I\u0307c\u0327sel Gelis\u0327im, Refah B\u00fcy\u00fcd\u00fck\u00e7e, \u00e7ocuklu\u011fumuzun ve yeti\u015ftirilme tarz\u0131m\u0131z\u0131n bilinen \u015fartlanmalar\u0131ndan ya\u015fam\u0131n ger\u00e7eklerine ge\u00e7tik\u00e7e, bu ya\u015fam oyununun \u00f6n\u00fcm\u00fcze \u00e7\u0131kard\u0131\u011f\u0131 zorluklarla kar\u015f\u0131 kar\u015f\u0131ya kal\u0131r\u0131z. Bununla birlikte, toplumun geneliyle onurlu ve pozitif bir \u015fekilde nas\u0131l anla\u015faca\u011f\u0131m\u0131z ve etkile\u015fimde bulunaca\u011f\u0131m\u0131z konusunda bize do\u011fru rehberlik sa\u011flayan bir dizi etik kurallar\u0131m\u0131z vard\u0131r. \u00dc\u00e7\u00fcnc\u00fc merkez, bize kendi \u00f6z\u00fcm\u00fczde var&hellip; Read more\" \/>\n<meta property=\"og:url\" content=\"https:\/\/shrimataji.org\/test\/tr\/nabhi-cakra\/\" \/>\n<meta property=\"og:site_name\" content=\"TEST - SMND\" \/>\n<meta property=\"article:publisher\" content=\"https:\/\/www.facebook.com\/shrimataji\" \/>\n<meta property=\"article:modified_time\" content=\"2024-07-12T00:02:02+00:00\" \/>\n<meta property=\"og:image\" content=\"https:\/\/shrimataji.org\/test\/wp-content\/uploads\/2023\/03\/18_Banner-SY-Chakra-nabhi-scaled.jpg\" \/>\n\t<meta property=\"og:image:width\" content=\"2560\" \/>\n\t<meta property=\"og:image:height\" content=\"905\" \/>\n\t<meta property=\"og:image:type\" content=\"image\/jpeg\" \/>\n<meta name=\"twitter:card\" content=\"summary_large_image\" \/>\n<meta name=\"twitter:site\" content=\"@shrimataji\" \/>\n<meta name=\"twitter:label1\" content=\"Est. reading time\" \/>\n\t<meta name=\"twitter:data1\" content=\"5 minutes\" \/>\n<script type=\"application\/ld+json\" class=\"yoast-schema-graph\">{\"@context\":\"https:\\\/\\\/schema.org\",\"@graph\":[{\"@type\":\"WebPage\",\"@id\":\"https:\\\/\\\/shrimataji.org\\\/test\\\/tr\\\/nabhi-cakra\\\/\",\"url\":\"https:\\\/\\\/shrimataji.org\\\/test\\\/tr\\\/nabhi-cakra\\\/\",\"name\":\"Nabhi \u00c7akra - TEST - SMND\",\"isPartOf\":{\"@id\":\"https:\\\/\\\/shrimataji.org\\\/test\\\/#website\"},\"primaryImageOfPage\":{\"@id\":\"https:\\\/\\\/shrimataji.org\\\/test\\\/tr\\\/nabhi-cakra\\\/#primaryimage\"},\"image\":{\"@id\":\"https:\\\/\\\/shrimataji.org\\\/test\\\/tr\\\/nabhi-cakra\\\/#primaryimage\"},\"thumbnailUrl\":\"https:\\\/\\\/shrimataji.org\\\/test\\\/wp-content\\\/uploads\\\/2023\\\/03\\\/18_Banner-SY-Chakra-nabhi-scaled.jpg\",\"datePublished\":\"2022-03-05T07:37:21+00:00\",\"dateModified\":\"2024-07-12T00:02:02+00:00\",\"breadcrumb\":{\"@id\":\"https:\\\/\\\/shrimataji.org\\\/test\\\/tr\\\/nabhi-cakra\\\/#breadcrumb\"},\"inLanguage\":\"en-US\",\"potentialAction\":[{\"@type\":\"ReadAction\",\"target\":[\"https:\\\/\\\/shrimataji.org\\\/test\\\/tr\\\/nabhi-cakra\\\/\"]}]},{\"@type\":\"ImageObject\",\"inLanguage\":\"en-US\",\"@id\":\"https:\\\/\\\/shrimataji.org\\\/test\\\/tr\\\/nabhi-cakra\\\/#primaryimage\",\"url\":\"https:\\\/\\\/shrimataji.org\\\/test\\\/wp-content\\\/uploads\\\/2023\\\/03\\\/18_Banner-SY-Chakra-nabhi-scaled.jpg\",\"contentUrl\":\"https:\\\/\\\/shrimataji.org\\\/test\\\/wp-content\\\/uploads\\\/2023\\\/03\\\/18_Banner-SY-Chakra-nabhi-scaled.jpg\",\"width\":2560,\"height\":905},{\"@type\":\"BreadcrumbList\",\"@id\":\"https:\\\/\\\/shrimataji.org\\\/test\\\/tr\\\/nabhi-cakra\\\/#breadcrumb\",\"itemListElement\":[{\"@type\":\"ListItem\",\"position\":1,\"name\":\"Home\",\"item\":\"https:\\\/\\\/shrimataji.org\\\/test\\\/uk\\\/home-en\\\/\"},{\"@type\":\"ListItem\",\"position\":2,\"name\":\"Nabhi \u00c7akra\"}]},{\"@type\":\"WebSite\",\"@id\":\"https:\\\/\\\/shrimataji.org\\\/test\\\/#website\",\"url\":\"https:\\\/\\\/shrimataji.org\\\/test\\\/\",\"name\":\"Shri Mataji Nirmala Devi\",\"description\":\"A Life Dedicated to Humanity\",\"publisher\":{\"@id\":\"https:\\\/\\\/shrimataji.org\\\/test\\\/#\\\/schema\\\/person\\\/a1b3419c6585f164aa96da1ff85715d1\"},\"potentialAction\":[{\"@type\":\"SearchAction\",\"target\":{\"@type\":\"EntryPoint\",\"urlTemplate\":\"https:\\\/\\\/shrimataji.org\\\/test\\\/?s={search_term_string}\"},\"query-input\":{\"@type\":\"PropertyValueSpecification\",\"valueRequired\":true,\"valueName\":\"search_term_string\"}}],\"inLanguage\":\"en-US\"},{\"@type\":[\"Person\",\"Organization\"],\"@id\":\"https:\\\/\\\/shrimataji.org\\\/test\\\/#\\\/schema\\\/person\\\/a1b3419c6585f164aa96da1ff85715d1\",\"name\":\"Nirmala Shrivastava\",\"image\":{\"@type\":\"ImageObject\",\"inLanguage\":\"en-US\",\"@id\":\"https:\\\/\\\/shrimataji.org\\\/test\\\/wp-content\\\/uploads\\\/2023\\\/02\\\/SMO_LOGO-03.svg\",\"url\":\"https:\\\/\\\/shrimataji.org\\\/test\\\/wp-content\\\/uploads\\\/2023\\\/02\\\/SMO_LOGO-03.svg\",\"contentUrl\":\"https:\\\/\\\/shrimataji.org\\\/test\\\/wp-content\\\/uploads\\\/2023\\\/02\\\/SMO_LOGO-03.svg\",\"width\":\"1024\",\"height\":\"1024\",\"caption\":\"Nirmala Shrivastava\"},\"logo\":{\"@id\":\"https:\\\/\\\/shrimataji.org\\\/test\\\/wp-content\\\/uploads\\\/2023\\\/02\\\/SMO_LOGO-03.svg\"},\"sameAs\":[\"https:\\\/\\\/shrimataji.org\\\/test\",\"https:\\\/\\\/www.facebook.com\\\/shrimataji\",\"https:\\\/\\\/x.com\\\/shrimataji\",\"https:\\\/\\\/www.youtube.com\\\/@Shri_Mataji_Nirmala_Devi\\\/featured\"]}]}<\/script>\n<!-- \/ Yoast SEO plugin. -->","yoast_head_json":{"title":"Nabhi \u00c7akra - TEST - SMND","robots":{"index":"noindex","follow":"follow","max-snippet":"max-snippet:-1","max-image-preview":"max-image-preview:large","max-video-preview":"max-video-preview:-1"},"og_locale":"en_US","og_type":"article","og_title":"Nabhi \u00c7akra - TEST - SMND","og_description":"Nabhi \u00c7akra Huzur, I\u0307c\u0327sel Gelis\u0327im, Refah B\u00fcy\u00fcd\u00fck\u00e7e, \u00e7ocuklu\u011fumuzun ve yeti\u015ftirilme tarz\u0131m\u0131z\u0131n bilinen \u015fartlanmalar\u0131ndan ya\u015fam\u0131n ger\u00e7eklerine ge\u00e7tik\u00e7e, bu ya\u015fam oyununun \u00f6n\u00fcm\u00fcze \u00e7\u0131kard\u0131\u011f\u0131 zorluklarla kar\u015f\u0131 kar\u015f\u0131ya kal\u0131r\u0131z. Bununla birlikte, toplumun geneliyle onurlu ve pozitif bir \u015fekilde nas\u0131l anla\u015faca\u011f\u0131m\u0131z ve etkile\u015fimde bulunaca\u011f\u0131m\u0131z konusunda bize do\u011fru rehberlik sa\u011flayan bir dizi etik kurallar\u0131m\u0131z vard\u0131r. \u00dc\u00e7\u00fcnc\u00fc merkez, bize kendi \u00f6z\u00fcm\u00fczde var&hellip; Read more","og_url":"https:\/\/shrimataji.org\/test\/tr\/nabhi-cakra\/","og_site_name":"TEST - SMND","article_publisher":"https:\/\/www.facebook.com\/shrimataji","article_modified_time":"2024-07-12T00:02:02+00:00","og_image":[{"width":2560,"height":905,"url":"https:\/\/shrimataji.org\/test\/wp-content\/uploads\/2023\/03\/18_Banner-SY-Chakra-nabhi-scaled.jpg","type":"image\/jpeg"}],"twitter_card":"summary_large_image","twitter_site":"@shrimataji","twitter_misc":{"Est. reading time":"5 minutes"},"schema":{"@context":"https:\/\/schema.org","@graph":[{"@type":"WebPage","@id":"https:\/\/shrimataji.org\/test\/tr\/nabhi-cakra\/","url":"https:\/\/shrimataji.org\/test\/tr\/nabhi-cakra\/","name":"Nabhi \u00c7akra - TEST - SMND","isPartOf":{"@id":"https:\/\/shrimataji.org\/test\/#website"},"primaryImageOfPage":{"@id":"https:\/\/shrimataji.org\/test\/tr\/nabhi-cakra\/#primaryimage"},"image":{"@id":"https:\/\/shrimataji.org\/test\/tr\/nabhi-cakra\/#primaryimage"},"thumbnailUrl":"https:\/\/shrimataji.org\/test\/wp-content\/uploads\/2023\/03\/18_Banner-SY-Chakra-nabhi-scaled.jpg","datePublished":"2022-03-05T07:37:21+00:00","dateModified":"2024-07-12T00:02:02+00:00","breadcrumb":{"@id":"https:\/\/shrimataji.org\/test\/tr\/nabhi-cakra\/#breadcrumb"},"inLanguage":"en-US","potentialAction":[{"@type":"ReadAction","target":["https:\/\/shrimataji.org\/test\/tr\/nabhi-cakra\/"]}]},{"@type":"ImageObject","inLanguage":"en-US","@id":"https:\/\/shrimataji.org\/test\/tr\/nabhi-cakra\/#primaryimage","url":"https:\/\/shrimataji.org\/test\/wp-content\/uploads\/2023\/03\/18_Banner-SY-Chakra-nabhi-scaled.jpg","contentUrl":"https:\/\/shrimataji.org\/test\/wp-content\/uploads\/2023\/03\/18_Banner-SY-Chakra-nabhi-scaled.jpg","width":2560,"height":905},{"@type":"BreadcrumbList","@id":"https:\/\/shrimataji.org\/test\/tr\/nabhi-cakra\/#breadcrumb","itemListElement":[{"@type":"ListItem","position":1,"name":"Home","item":"https:\/\/shrimataji.org\/test\/uk\/home-en\/"},{"@type":"ListItem","position":2,"name":"Nabhi \u00c7akra"}]},{"@type":"WebSite","@id":"https:\/\/shrimataji.org\/test\/#website","url":"https:\/\/shrimataji.org\/test\/","name":"Shri Mataji Nirmala Devi","description":"A Life Dedicated to Humanity","publisher":{"@id":"https:\/\/shrimataji.org\/test\/#\/schema\/person\/a1b3419c6585f164aa96da1ff85715d1"},"potentialAction":[{"@type":"SearchAction","target":{"@type":"EntryPoint","urlTemplate":"https:\/\/shrimataji.org\/test\/?s={search_term_string}"},"query-input":{"@type":"PropertyValueSpecification","valueRequired":true,"valueName":"search_term_string"}}],"inLanguage":"en-US"},{"@type":["Person","Organization"],"@id":"https:\/\/shrimataji.org\/test\/#\/schema\/person\/a1b3419c6585f164aa96da1ff85715d1","name":"Nirmala Shrivastava","image":{"@type":"ImageObject","inLanguage":"en-US","@id":"https:\/\/shrimataji.org\/test\/wp-content\/uploads\/2023\/02\/SMO_LOGO-03.svg","url":"https:\/\/shrimataji.org\/test\/wp-content\/uploads\/2023\/02\/SMO_LOGO-03.svg","contentUrl":"https:\/\/shrimataji.org\/test\/wp-content\/uploads\/2023\/02\/SMO_LOGO-03.svg","width":"1024","height":"1024","caption":"Nirmala Shrivastava"},"logo":{"@id":"https:\/\/shrimataji.org\/test\/wp-content\/uploads\/2023\/02\/SMO_LOGO-03.svg"},"sameAs":["https:\/\/shrimataji.org\/test","https:\/\/www.facebook.com\/shrimataji","https:\/\/x.com\/shrimataji","https:\/\/www.youtube.com\/@Shri_Mataji_Nirmala_Devi\/featured"]}]}},"lang":"tr","translations":{"tr":10187,"ur":37468,"en":6487,"am":18040,"th":20003,"hu":19522,"sq":18441,"zh":17338,"hi":8327,"pt":10397,"de":10671,"fr":10769,"it":10867,"es":10964,"ja":11261,"ru":11449,"bn":11641,"te":11749,"sw":11872,"he":12020,"el":12312,"sk":12410,"fa":12508,"fi":12606,"bg":13372,"ro":14446,"cs":14639,"nl":16601,"ku":16761,"ar":16937,"be":18648,"kn":18922,"mr":20367,"uk":20661,"ml":20956,"ta":22759,"sv":23030,"gu":28873,"pa":29033,"fil":29478,"da":37780,"pl":37992,"nn":38332},"pll_sync_post":[],"_links":{"self":[{"href":"https:\/\/shrimataji.org\/test\/wp-json\/wp\/v2\/pages\/10187","targetHints":{"allow":["GET"]}}],"collection":[{"href":"https:\/\/shrimataji.org\/test\/wp-json\/wp\/v2\/pages"}],"about":[{"href":"https:\/\/shrimataji.org\/test\/wp-json\/wp\/v2\/types\/page"}],"author":[{"embeddable":true,"href":"https:\/\/shrimataji.org\/test\/wp-json\/wp\/v2\/users\/12"}],"replies":[{"embeddable":true,"href":"https:\/\/shrimataji.org\/test\/wp-json\/wp\/v2\/comments?post=10187"}],"version-history":[{"count":0,"href":"https:\/\/shrimataji.org\/test\/wp-json\/wp\/v2\/pages\/10187\/revisions"}],"wp:featuredmedia":[{"embeddable":true,"href":"https:\/\/shrimataji.org\/test\/wp-json\/wp\/v2\/media\/9253"}],"wp:attachment":[{"href":"https:\/\/shrimataji.org\/test\/wp-json\/wp\/v2\/media?parent=10187"}],"curies":[{"name":"wp","href":"https:\/\/api.w.org\/{rel}","templated":true}]}}