{"id":10188,"date":"2022-01-29T10:25:21","date_gmt":"2022-01-29T10:25:21","guid":{"rendered":"https:\/\/test.shrimataji.org\/?page_id=6406"},"modified":"2024-07-12T00:02:02","modified_gmt":"2024-07-12T00:02:02","slug":"nadiler-ve-uc-ruh-hali","status":"publish","type":"page","link":"https:\/\/shrimataji.org\/test\/tr\/nadiler-ve-uc-ruh-hali\/","title":{"rendered":"Nadiler ve \u00dc\u00e7 Ruh Hali"},"content":{"rendered":"\n\n\t<h1>Nadiler ve \u00dc\u00e7 Ruh Hali<\/h1>\n<h2>Dengeyi Kazanmak<\/h2>\n<div class=\"su-quote su-quote-style-default\"><div class=\"su-quote-inner su-u-clearfix su-u-trim\"> Bu s\u00fcptil Nadileri g\u00f6remezsiniz. Onlar sadece Sahaja Yoga&#8217;da tezah\u00fcr edebilirler. <\/div><\/div>\n<h4>\u0130nsan\u0131n s\u00fcptil sistemi, binlerce kanal yoluyla s\u00fcptil enerjinin v\u00fccutta ak\u0131\u015f\u0131n\u0131 sa\u011flayan son derece karma\u015f\u0131k bir sistemdir. S\u00fcptil sistem i\u00e7erisinde belirli noktalarda, bu kanallardan akan s\u00fcptil enerjilerin tezah\u00fcrlerine &#8220;<a href=\"https:\/\/shrimataji.org\/tr\/cakralar-ve-kaliteleri\">\u00c7akralar<\/a>&#8221; (Sanskrit\u00e7e&#8217;de \u00e7arklar- tekerlekler anlam\u0131na gelir) denir. T\u00fcm s\u00fcptil sistemimiz, yedi ana \u00e7akra arac\u0131l\u0131\u011f\u0131yla etkile\u015fime giren ve Sanskrit\u00e7e&#8217;de &#8220;Nadi&#8221; ad\u0131 verilen \u00fc\u00e7 ana dikey enerji kanal\u0131 taraf\u0131ndan y\u00f6netilir.<\/h4>\n<p>S\u00fcptil sistemimizin, Kundalini&#8217;nin uyan\u0131\u015f\u0131yla tamamen aktive olmas\u0131 ancak ayd\u0131nlanma yoluyla ger\u00e7ekle\u015fir. Bu da t\u00fcm s\u00fcptil sistemi ar\u0131nd\u0131r\u0131p dengeler ve i\u00e7imizdeki \u00e7akralar\u0131n saf niteliklerini ayd\u0131nlat\u0131r.<\/p>\n\t\t\t\t<img loading=\"lazy\" decoding=\"async\" src=\"https:\/\/shrimataji.org\/test\/wp-content\/uploads\/2024\/06\/TR_All-Nadi.png\" alt=\"TR_All Nadi\" height=\"6885\" width=\"6426\" title=\"TR_All Nadi\" \/>\n\t<p>Enerji kanallar\u0131n\u0131n her biri, ruhumuzdaki belirli ruh hallerine veya niteliklere kar\u015f\u0131l\u0131k gelir ve olgun bir ki\u015fili\u011fin tam geli\u015fimini destekler. G\u00fcnl\u00fck ya\u015fam\u0131m\u0131zda ya arzular\u0131m\u0131z\u0131 ve duygular\u0131m\u0131z\u0131 y\u00f6neten sol kanal\u0131 (Sanskrit\u00e7e&#8217;de \u0130da Nadi olarak adland\u0131r\u0131l\u0131r) ya da d\u00fc\u015f\u00fcncelerimizi ve eylemlerimizi y\u00f6neten sa\u011f kanal\u0131 (Sanskrit\u00e7e&#8217;de Pingala Nadi olarak adland\u0131r\u0131l\u0131r) kullanma e\u011filiminde oluruz. Ya\u015fam tarz\u0131m\u0131zdaki a\u015f\u0131r\u0131 e\u011filimler, \u00e7o\u011fu zaman kanallar\u0131m\u0131zdaki do\u011fal dengeyi bozar ve fiziksel, zihinsel ve duygusal sorunlar ya\u015far\u0131z. Kundalini, y\u00fckselip t\u00fcm Nadilerimizi ve \u00c7akralar\u0131m\u0131z\u0131 ayd\u0131nlatarak bizi i\u00e7sel bir denge durumuna getirir. B\u00f6ylece sol ve sa\u011f kanallar\u0131n ortas\u0131nda yer alan 3. enerji kanal\u0131 Sushumna da ayd\u0131nlanmam\u0131zla etkinle\u015fmi\u015f olur.<\/p>\n<p>Bu s\u00fcptil kanallar, kendini b\u00fcy\u00fck bir sempatik ve parasempatik sinir sistemi olarak ifade eden omurili\u011fimizde sadece e\u015flenmekle kalmaz, ayn\u0131 zamanda bedenimiz \u00fczerinde ellerimiz ve bacaklar\u0131m\u0131zdaki belirli yerlere de kar\u015f\u0131l\u0131k gelirler.<\/p>\n\t\t\t\t<img loading=\"lazy\" decoding=\"async\" src=\"https:\/\/shrimataji.org\/test\/wp-content\/uploads\/2024\/06\/Nadi_Handsketch.jpg\" alt=\"Shri Mataji&#039;nin kendi \u00e7izimi\" height=\"511\" width=\"1246\" title=\"Nadi_Handsketch\" \/>\n\t\tShri Mataji&#8217;nin kendi \u00e7izimi\n\t<p>Ayd\u0131nlanma sonras\u0131, bedenimizin omurilik veya fiziksel uzuvlar\u0131na kar\u015f\u0131l\u0131k gelen ilgili yerlerinde s\u0131cakl\u0131k, a\u015f\u0131r\u0131 so\u011fuk veya uyu\u015fukluk hissetti\u011fimizde Nadiler ve \u00c7akralar\u0131m\u0131zdaki dengesizlikleri net bir \u015fekilde fark ederiz.<\/p>\n<p>Shri Mataji, Nadiler ve \u00c7akralar \u00fczerindeki belirli t\u0131kan\u0131kl\u0131klar\u0131 temizleyerek onlar\u0131 do\u011fal denge durumuna getirmek i\u00e7in genellikle toprak, su, ate\u015f, hava ve eter gibi elementlerden birini veya di\u011ferini kullanarak \u00e7e\u015fitli temizleme tekniklerini ayr\u0131nt\u0131l\u0131 olarak anlatm\u0131\u015ft\u0131r.<\/p>\n\t<img decoding=\"async\" data-spai-excluded=\"true\" loading=\"lazy\" alt=\"YouTube player\" src=\"https:\/\/i.ytimg.com\/vi\/9phkP0MMMEI\/maxresdefault.jpg\" \/><button aria-label=\"Play\"><\/button>\n\n","protected":false},"excerpt":{"rendered":"<p>Nadiler ve \u00dc\u00e7 Ruh Hali Dengeyi Kazanmak \u0130nsan\u0131n s\u00fcptil sistemi, binlerce kanal yoluyla s\u00fcptil enerjinin v\u00fccutta ak\u0131\u015f\u0131n\u0131 sa\u011flayan son derece karma\u015f\u0131k bir sistemdir. S\u00fcptil sistem i\u00e7erisinde belirli noktalarda, bu kanallardan akan s\u00fcptil enerjilerin tezah\u00fcrlerine &#8220;\u00c7akralar&#8221; (Sanskrit\u00e7e&#8217;de \u00e7arklar- tekerlekler anlam\u0131na gelir) denir. T\u00fcm s\u00fcptil sistemimiz, yedi ana \u00e7akra arac\u0131l\u0131\u011f\u0131yla etkile\u015fime giren ve Sanskrit\u00e7e&#8217;de &#8220;Nadi&#8221; ad\u0131 verilen&hellip; <br \/> <a class=\"read-more\" href=\"https:\/\/shrimataji.org\/test\/tr\/nadiler-ve-uc-ruh-hali\/\">Read more<\/a><\/p>\n","protected":false},"author":12,"featured_media":9246,"parent":0,"menu_order":0,"comment_status":"closed","ping_status":"closed","template":"","meta":{"inline_featured_image":false,"footnotes":""},"class_list":["post-10188","page","type-page","status-publish","has-post-thumbnail","hentry"],"yoast_head":"<!-- This site is optimized with the Yoast SEO plugin v27.4 - https:\/\/yoast.com\/product\/yoast-seo-wordpress\/ -->\n<title>Nadiler ve \u00dc\u00e7 Ruh Hali - TEST - SMND<\/title>\n<meta name=\"robots\" content=\"noindex, follow, max-snippet:-1, max-image-preview:large, max-video-preview:-1\" \/>\n<meta property=\"og:locale\" content=\"en_US\" \/>\n<meta property=\"og:type\" content=\"article\" \/>\n<meta property=\"og:title\" content=\"Nadiler ve \u00dc\u00e7 Ruh Hali - TEST - SMND\" \/>\n<meta property=\"og:description\" content=\"Nadiler ve \u00dc\u00e7 Ruh Hali Dengeyi Kazanmak \u0130nsan\u0131n s\u00fcptil sistemi, binlerce kanal yoluyla s\u00fcptil enerjinin v\u00fccutta ak\u0131\u015f\u0131n\u0131 sa\u011flayan son derece karma\u015f\u0131k bir sistemdir. S\u00fcptil sistem i\u00e7erisinde belirli noktalarda, bu kanallardan akan s\u00fcptil enerjilerin tezah\u00fcrlerine &#8220;\u00c7akralar&#8221; (Sanskrit\u00e7e&#8217;de \u00e7arklar- tekerlekler anlam\u0131na gelir) denir. T\u00fcm s\u00fcptil sistemimiz, yedi ana \u00e7akra arac\u0131l\u0131\u011f\u0131yla etkile\u015fime giren ve Sanskrit\u00e7e&#8217;de &#8220;Nadi&#8221; ad\u0131 verilen&hellip; Read more\" \/>\n<meta property=\"og:url\" content=\"https:\/\/shrimataji.org\/test\/tr\/nadiler-ve-uc-ruh-hali\/\" \/>\n<meta property=\"og:site_name\" content=\"TEST - SMND\" \/>\n<meta property=\"article:publisher\" content=\"https:\/\/www.facebook.com\/shrimataji\" \/>\n<meta property=\"article:modified_time\" content=\"2024-07-12T00:02:02+00:00\" \/>\n<meta property=\"og:image\" content=\"https:\/\/shrimataji.org\/test\/wp-content\/uploads\/2023\/03\/11_Banner-SY-Nadis-2-scaled.jpg\" \/>\n\t<meta property=\"og:image:width\" content=\"2560\" \/>\n\t<meta property=\"og:image:height\" content=\"905\" \/>\n\t<meta property=\"og:image:type\" content=\"image\/jpeg\" \/>\n<meta name=\"twitter:card\" content=\"summary_large_image\" \/>\n<meta name=\"twitter:site\" content=\"@shrimataji\" \/>\n<meta name=\"twitter:label1\" content=\"Est. reading time\" \/>\n\t<meta name=\"twitter:data1\" content=\"3 minutes\" \/>\n<script type=\"application\/ld+json\" class=\"yoast-schema-graph\">{\"@context\":\"https:\\\/\\\/schema.org\",\"@graph\":[{\"@type\":\"WebPage\",\"@id\":\"https:\\\/\\\/shrimataji.org\\\/test\\\/tr\\\/nadiler-ve-uc-ruh-hali\\\/\",\"url\":\"https:\\\/\\\/shrimataji.org\\\/test\\\/tr\\\/nadiler-ve-uc-ruh-hali\\\/\",\"name\":\"Nadiler ve \u00dc\u00e7 Ruh Hali - TEST - SMND\",\"isPartOf\":{\"@id\":\"https:\\\/\\\/shrimataji.org\\\/test\\\/#website\"},\"primaryImageOfPage\":{\"@id\":\"https:\\\/\\\/shrimataji.org\\\/test\\\/tr\\\/nadiler-ve-uc-ruh-hali\\\/#primaryimage\"},\"image\":{\"@id\":\"https:\\\/\\\/shrimataji.org\\\/test\\\/tr\\\/nadiler-ve-uc-ruh-hali\\\/#primaryimage\"},\"thumbnailUrl\":\"https:\\\/\\\/shrimataji.org\\\/test\\\/wp-content\\\/uploads\\\/2023\\\/03\\\/11_Banner-SY-Nadis-2-scaled.jpg\",\"datePublished\":\"2022-01-29T10:25:21+00:00\",\"dateModified\":\"2024-07-12T00:02:02+00:00\",\"breadcrumb\":{\"@id\":\"https:\\\/\\\/shrimataji.org\\\/test\\\/tr\\\/nadiler-ve-uc-ruh-hali\\\/#breadcrumb\"},\"inLanguage\":\"en-US\",\"potentialAction\":[{\"@type\":\"ReadAction\",\"target\":[\"https:\\\/\\\/shrimataji.org\\\/test\\\/tr\\\/nadiler-ve-uc-ruh-hali\\\/\"]}]},{\"@type\":\"ImageObject\",\"inLanguage\":\"en-US\",\"@id\":\"https:\\\/\\\/shrimataji.org\\\/test\\\/tr\\\/nadiler-ve-uc-ruh-hali\\\/#primaryimage\",\"url\":\"https:\\\/\\\/shrimataji.org\\\/test\\\/wp-content\\\/uploads\\\/2023\\\/03\\\/11_Banner-SY-Nadis-2-scaled.jpg\",\"contentUrl\":\"https:\\\/\\\/shrimataji.org\\\/test\\\/wp-content\\\/uploads\\\/2023\\\/03\\\/11_Banner-SY-Nadis-2-scaled.jpg\",\"width\":2560,\"height\":905},{\"@type\":\"BreadcrumbList\",\"@id\":\"https:\\\/\\\/shrimataji.org\\\/test\\\/tr\\\/nadiler-ve-uc-ruh-hali\\\/#breadcrumb\",\"itemListElement\":[{\"@type\":\"ListItem\",\"position\":1,\"name\":\"Home\",\"item\":\"https:\\\/\\\/shrimataji.org\\\/test\\\/uk\\\/home-en\\\/\"},{\"@type\":\"ListItem\",\"position\":2,\"name\":\"Nadiler ve \u00dc\u00e7 Ruh Hali\"}]},{\"@type\":\"WebSite\",\"@id\":\"https:\\\/\\\/shrimataji.org\\\/test\\\/#website\",\"url\":\"https:\\\/\\\/shrimataji.org\\\/test\\\/\",\"name\":\"Shri Mataji Nirmala Devi\",\"description\":\"A Life Dedicated to Humanity\",\"publisher\":{\"@id\":\"https:\\\/\\\/shrimataji.org\\\/test\\\/#\\\/schema\\\/person\\\/a1b3419c6585f164aa96da1ff85715d1\"},\"potentialAction\":[{\"@type\":\"SearchAction\",\"target\":{\"@type\":\"EntryPoint\",\"urlTemplate\":\"https:\\\/\\\/shrimataji.org\\\/test\\\/?s={search_term_string}\"},\"query-input\":{\"@type\":\"PropertyValueSpecification\",\"valueRequired\":true,\"valueName\":\"search_term_string\"}}],\"inLanguage\":\"en-US\"},{\"@type\":[\"Person\",\"Organization\"],\"@id\":\"https:\\\/\\\/shrimataji.org\\\/test\\\/#\\\/schema\\\/person\\\/a1b3419c6585f164aa96da1ff85715d1\",\"name\":\"Nirmala Shrivastava\",\"image\":{\"@type\":\"ImageObject\",\"inLanguage\":\"en-US\",\"@id\":\"https:\\\/\\\/shrimataji.org\\\/test\\\/wp-content\\\/uploads\\\/2023\\\/02\\\/SMO_LOGO-03.svg\",\"url\":\"https:\\\/\\\/shrimataji.org\\\/test\\\/wp-content\\\/uploads\\\/2023\\\/02\\\/SMO_LOGO-03.svg\",\"contentUrl\":\"https:\\\/\\\/shrimataji.org\\\/test\\\/wp-content\\\/uploads\\\/2023\\\/02\\\/SMO_LOGO-03.svg\",\"width\":\"1024\",\"height\":\"1024\",\"caption\":\"Nirmala Shrivastava\"},\"logo\":{\"@id\":\"https:\\\/\\\/shrimataji.org\\\/test\\\/wp-content\\\/uploads\\\/2023\\\/02\\\/SMO_LOGO-03.svg\"},\"sameAs\":[\"https:\\\/\\\/shrimataji.org\\\/test\",\"https:\\\/\\\/www.facebook.com\\\/shrimataji\",\"https:\\\/\\\/x.com\\\/shrimataji\",\"https:\\\/\\\/www.youtube.com\\\/@Shri_Mataji_Nirmala_Devi\\\/featured\"]}]}<\/script>\n<!-- \/ Yoast SEO plugin. -->","yoast_head_json":{"title":"Nadiler ve \u00dc\u00e7 Ruh Hali - TEST - SMND","robots":{"index":"noindex","follow":"follow","max-snippet":"max-snippet:-1","max-image-preview":"max-image-preview:large","max-video-preview":"max-video-preview:-1"},"og_locale":"en_US","og_type":"article","og_title":"Nadiler ve \u00dc\u00e7 Ruh Hali - TEST - SMND","og_description":"Nadiler ve \u00dc\u00e7 Ruh Hali Dengeyi Kazanmak \u0130nsan\u0131n s\u00fcptil sistemi, binlerce kanal yoluyla s\u00fcptil enerjinin v\u00fccutta ak\u0131\u015f\u0131n\u0131 sa\u011flayan son derece karma\u015f\u0131k bir sistemdir. S\u00fcptil sistem i\u00e7erisinde belirli noktalarda, bu kanallardan akan s\u00fcptil enerjilerin tezah\u00fcrlerine &#8220;\u00c7akralar&#8221; (Sanskrit\u00e7e&#8217;de \u00e7arklar- tekerlekler anlam\u0131na gelir) denir. T\u00fcm s\u00fcptil sistemimiz, yedi ana \u00e7akra arac\u0131l\u0131\u011f\u0131yla etkile\u015fime giren ve Sanskrit\u00e7e&#8217;de &#8220;Nadi&#8221; ad\u0131 verilen&hellip; Read more","og_url":"https:\/\/shrimataji.org\/test\/tr\/nadiler-ve-uc-ruh-hali\/","og_site_name":"TEST - SMND","article_publisher":"https:\/\/www.facebook.com\/shrimataji","article_modified_time":"2024-07-12T00:02:02+00:00","og_image":[{"width":2560,"height":905,"url":"https:\/\/shrimataji.org\/test\/wp-content\/uploads\/2023\/03\/11_Banner-SY-Nadis-2-scaled.jpg","type":"image\/jpeg"}],"twitter_card":"summary_large_image","twitter_site":"@shrimataji","twitter_misc":{"Est. reading time":"3 minutes"},"schema":{"@context":"https:\/\/schema.org","@graph":[{"@type":"WebPage","@id":"https:\/\/shrimataji.org\/test\/tr\/nadiler-ve-uc-ruh-hali\/","url":"https:\/\/shrimataji.org\/test\/tr\/nadiler-ve-uc-ruh-hali\/","name":"Nadiler ve \u00dc\u00e7 Ruh Hali - TEST - SMND","isPartOf":{"@id":"https:\/\/shrimataji.org\/test\/#website"},"primaryImageOfPage":{"@id":"https:\/\/shrimataji.org\/test\/tr\/nadiler-ve-uc-ruh-hali\/#primaryimage"},"image":{"@id":"https:\/\/shrimataji.org\/test\/tr\/nadiler-ve-uc-ruh-hali\/#primaryimage"},"thumbnailUrl":"https:\/\/shrimataji.org\/test\/wp-content\/uploads\/2023\/03\/11_Banner-SY-Nadis-2-scaled.jpg","datePublished":"2022-01-29T10:25:21+00:00","dateModified":"2024-07-12T00:02:02+00:00","breadcrumb":{"@id":"https:\/\/shrimataji.org\/test\/tr\/nadiler-ve-uc-ruh-hali\/#breadcrumb"},"inLanguage":"en-US","potentialAction":[{"@type":"ReadAction","target":["https:\/\/shrimataji.org\/test\/tr\/nadiler-ve-uc-ruh-hali\/"]}]},{"@type":"ImageObject","inLanguage":"en-US","@id":"https:\/\/shrimataji.org\/test\/tr\/nadiler-ve-uc-ruh-hali\/#primaryimage","url":"https:\/\/shrimataji.org\/test\/wp-content\/uploads\/2023\/03\/11_Banner-SY-Nadis-2-scaled.jpg","contentUrl":"https:\/\/shrimataji.org\/test\/wp-content\/uploads\/2023\/03\/11_Banner-SY-Nadis-2-scaled.jpg","width":2560,"height":905},{"@type":"BreadcrumbList","@id":"https:\/\/shrimataji.org\/test\/tr\/nadiler-ve-uc-ruh-hali\/#breadcrumb","itemListElement":[{"@type":"ListItem","position":1,"name":"Home","item":"https:\/\/shrimataji.org\/test\/uk\/home-en\/"},{"@type":"ListItem","position":2,"name":"Nadiler ve \u00dc\u00e7 Ruh Hali"}]},{"@type":"WebSite","@id":"https:\/\/shrimataji.org\/test\/#website","url":"https:\/\/shrimataji.org\/test\/","name":"Shri Mataji Nirmala Devi","description":"A Life Dedicated to Humanity","publisher":{"@id":"https:\/\/shrimataji.org\/test\/#\/schema\/person\/a1b3419c6585f164aa96da1ff85715d1"},"potentialAction":[{"@type":"SearchAction","target":{"@type":"EntryPoint","urlTemplate":"https:\/\/shrimataji.org\/test\/?s={search_term_string}"},"query-input":{"@type":"PropertyValueSpecification","valueRequired":true,"valueName":"search_term_string"}}],"inLanguage":"en-US"},{"@type":["Person","Organization"],"@id":"https:\/\/shrimataji.org\/test\/#\/schema\/person\/a1b3419c6585f164aa96da1ff85715d1","name":"Nirmala Shrivastava","image":{"@type":"ImageObject","inLanguage":"en-US","@id":"https:\/\/shrimataji.org\/test\/wp-content\/uploads\/2023\/02\/SMO_LOGO-03.svg","url":"https:\/\/shrimataji.org\/test\/wp-content\/uploads\/2023\/02\/SMO_LOGO-03.svg","contentUrl":"https:\/\/shrimataji.org\/test\/wp-content\/uploads\/2023\/02\/SMO_LOGO-03.svg","width":"1024","height":"1024","caption":"Nirmala Shrivastava"},"logo":{"@id":"https:\/\/shrimataji.org\/test\/wp-content\/uploads\/2023\/02\/SMO_LOGO-03.svg"},"sameAs":["https:\/\/shrimataji.org\/test","https:\/\/www.facebook.com\/shrimataji","https:\/\/x.com\/shrimataji","https:\/\/www.youtube.com\/@Shri_Mataji_Nirmala_Devi\/featured"]}]}},"lang":"tr","translations":{"tr":10188,"ur":37470,"en":6406,"am":18042,"th":20006,"hu":19524,"sq":18443,"zh":17340,"hi":8302,"pt":10398,"de":10672,"fr":10770,"it":10868,"es":10965,"ja":11262,"ru":11450,"bn":11642,"te":11750,"sw":11873,"he":12021,"el":12313,"sk":12411,"fa":12509,"fi":12607,"bg":13386,"ro":14460,"cs":14653,"nl":16603,"ku":16763,"ar":16939,"be":18650,"kn":18924,"mr":20370,"uk":20664,"ml":20959,"ta":22761,"sv":23032,"gu":28875,"pa":29035,"fil":29480,"da":37782,"pl":37994,"nn":38334},"pll_sync_post":[],"_links":{"self":[{"href":"https:\/\/shrimataji.org\/test\/wp-json\/wp\/v2\/pages\/10188","targetHints":{"allow":["GET"]}}],"collection":[{"href":"https:\/\/shrimataji.org\/test\/wp-json\/wp\/v2\/pages"}],"about":[{"href":"https:\/\/shrimataji.org\/test\/wp-json\/wp\/v2\/types\/page"}],"author":[{"embeddable":true,"href":"https:\/\/shrimataji.org\/test\/wp-json\/wp\/v2\/users\/12"}],"replies":[{"embeddable":true,"href":"https:\/\/shrimataji.org\/test\/wp-json\/wp\/v2\/comments?post=10188"}],"version-history":[{"count":0,"href":"https:\/\/shrimataji.org\/test\/wp-json\/wp\/v2\/pages\/10188\/revisions"}],"wp:featuredmedia":[{"embeddable":true,"href":"https:\/\/shrimataji.org\/test\/wp-json\/wp\/v2\/media\/9246"}],"wp:attachment":[{"href":"https:\/\/shrimataji.org\/test\/wp-json\/wp\/v2\/media?parent=10188"}],"curies":[{"name":"wp","href":"https:\/\/api.w.org\/{rel}","templated":true}]}}