{"id":10189,"date":"2018-07-10T06:54:54","date_gmt":"2018-07-10T06:54:54","guid":{"rendered":"http:\/\/testwordpress.nirmalnagari.org\/smnd\/index.php\/obituary-for-sir-c-p-srivastava\/"},"modified":"2024-07-12T00:02:27","modified_gmt":"2024-07-12T00:02:27","slug":"sir-c-p-srivastavayi-anma-yazisi","status":"publish","type":"page","link":"https:\/\/shrimataji.org\/test\/tr\/sir-c-p-srivastavayi-anma-yazisi\/","title":{"rendered":"Sir C. P. Srivastava&#8217;y\u0131 Anma Yaz\u0131s\u0131"},"content":{"rendered":"\n\n\t<h1>Sir C. P. Srivastava&#8217;y\u0131 Anma Yaz\u0131s\u0131<\/h1>\n<h4>24 Temmuz 2013 tarihinde Hindistan&#8217;da &#8216;The Hindu&#8221;<br \/>\ngazetesinde yay\u0131nlanm\u0131\u015ft\u0131r:\n&#8216;Denizcilik d\u00fcnyas\u0131nda, Midas dokunu\u015fu olan adam vefat etti.&#8217;<br \/>\nHaz\u0131rlayan: S. Anand<\/h4>\n<p>Denizcilik d\u00fcnyas\u0131, C.P. Srivastava&#8217;n\u0131n vefat\u0131 ile \u00f6nc\u00fc bir lider ve vizyon sahibi bir ki\u015fiyi kaybetti. Srivastava, Padma Vibhushan, Uluslararas\u0131 Denizcilik \u00d6rg\u00fct\u00fc (IMO) Genel Sekreteri&#8217;ydi ve pazartesi g\u00fcn\u00fc \u0130talya&#8217;n\u0131n Genova kentinde vefat etti. Dr. Srivastava, 93 ya\u015f\u0131na kadar iki k\u0131z\u0131 ile ya\u015fad\u0131. Hayat\u0131n\u0131n idealleri \u00fczerinde derin bir etkiye sahip olan ve Sahaja Yoga&#8217;n\u0131n kurucusu olan e\u015fi Nirmala Devi ise, daha \u00f6nce vefat etmi\u015fti.<\/p>\n<p>Dr. Srivastava, kurum kurabilen ve Midas dokunu\u015funa sahip, uluslararas\u0131 bir y\u00f6neticiydi. 1974 y\u0131l\u0131ndan itibaren 31 Aral\u0131k 1989 g\u00fcn\u00fc, kendi iste\u011fiyle g\u00f6revinden ayr\u0131lana dek, &#8211; arka arkaya d\u00f6rt d\u00f6nem herhangi bir itirazla kar\u015f\u0131la\u015fmadan IMO Genel Sekreteri se\u00e7ilmesi-, onun kat\u0131\u015f\u0131ks\u0131z cazibesini ve tarafs\u0131z, etkili bir lider olarak kabul edildi\u011fini bize anlatmaktad\u0131r. Kendisi en uzun s\u00fcre hizmet veren Genel Sekreter olmu\u015f ve bu rekor hen\u00fcz k\u0131r\u0131lmam\u0131\u015ft\u0131r.<\/p>\n<p>&nbsp;<\/p>\n\tUluslararas\u0131 alanda iz b\u0131rakmadan \u00f6nce, Dr. Srivastava, o zamanlar Birli\u011fin Ula\u015ft\u0131rma Bakan\u0131 olan Lal Bahadur Shastri ile yak\u0131n i\u015fbirli\u011fi i\u00e7inde \u00e7al\u0131\u015fmakta olan, Uttar Pradesh kadrosunda bulunan bir IAS g\u00f6revlisiydi (1949 grubu).<br \/>\nShastri, Birlik Kabinesinin ba\u015fkan\u0131 olarak se\u00e7ildi\u011fi zaman, Dr. Srivastava onu Ba\u015fbakanl\u0131k Ofisi sekreterli\u011fine dek takip etti. Shastri&#8217;nin Pakistan&#8217;la, \u00fcnl\u00fc sald\u0131rmazl\u0131k antla\u015fmas\u0131n\u0131 imzalad\u0131\u011f\u0131 ve ertesi g\u00fcn\u00fc, esrarengiz bir \u015fekilde \u00f6ld\u00fc\u011f\u00fc Ta\u015fkent&#8217;te, kendisi de Ba\u015fbakan&#8217;\u0131n maiyetindeydi. On y\u0131llar sonra Dr. Srivastava, &#8220;Lal Bahadur Shastri: Politikada Ger\u00e7ek bir Ya\u015fam&#8221; adl\u0131 biyografiyi yazd\u0131. Ancak d\u00fcnya, Dr. Srivastava&#8217;y\u0131 \u0130sve\u00e7&#8217;teki D\u00fcnya Denizcilik \u00dcniversitesi ve Malta&#8217;daki Uluslararas\u0131 Deniz Hukuku Enstit\u00fcs\u00fc gibi \u00f6nc\u00fc denizcilik e\u011fitim kurumlar\u0131n\u0131n kurulmas\u0131nda etkili olan se\u00e7kin bir y\u00f6netici olarak tan\u0131maktad\u0131r.\n\t<div class=\"su-quote su-quote-style-default\"><div class=\"su-quote-inner su-u-clearfix su-u-trim\"> Ger\u00e7ek sayesinde akan, hay\u0131rl\u0131 bir g\u00fc\u00e7 vard\u0131r. Siz bu g\u00fc\u00e7le ayn\u0131 hizaya geldi\u011finizde, muhte\u015fem bir g\u00fc\u00e7le birlikte ilerlersiniz.<br \/>\n&#8211; Lao Tzu &#8211; Tao Te Ching\u00a0<\/div><\/div>\n\t<p>Kendisi daha temiz, daha az kirli okyanuslar felsefesini yayman\u0131n yan\u0131 s\u0131ra, m\u00fcrettebat\u0131n g\u00fcvenli\u011fini art\u0131rmaya, y\u00fcksek e\u011fitim standartlar\u0131na ve a\u00e7\u0131k denizlerde g\u00fcvenli\u011fe b\u00fcy\u00fck \u00f6l\u00e7\u00fcde katk\u0131da bulunan \u00f6nemli denizcilik s\u00f6zle\u015fmelerinin haz\u0131rlanmas\u0131n\u0131n ve bu kodlar\u0131n arkas\u0131ndaki g\u00fc\u00e7t\u00fc.<\/p>\n<p>IMO, Denizde Arama ve Kurtarma; Deniz Seyr\u00fcsefer Emniyetine Kar\u015f\u0131 Yasad\u0131\u015f\u0131 Eylemlerin \u00d6nlenmesi ve K\u0131ta Sahanl\u0131\u011f\u0131nda Bulunan Sabit Platformlar\u0131n G\u00fcvenli\u011fine Kar\u015f\u0131 Yasad\u0131\u015f\u0131 Eylemlerin \u00d6nlenmesine \u0130li\u015fkin Protokol, Denizciler i\u00e7in E\u011fitim, Sertifikasyon ve Vardiya Standartlar\u0131 da dahil olmak \u00fczere, denizcilik i\u00e7in d\u00f6n\u00fcm noktas\u0131 niteli\u011finde olan s\u00f6zle\u015fmelerin geli\u015ftirilmesi ve onaylanmas\u0131 s\u0131ras\u0131nda kendisi g\u00f6revdeydi.<\/p>\n<p>1970&#8217;lerin ba\u015flar\u0131nda meydana gelen bir dizi kaza, tanker g\u00fcvenli\u011fi ve kirlili\u011fin \u00f6nlenmesi hususunda, konusunda belirleyici olacak bir konferans\u0131n d\u00fczenlemesine yol a\u00e7t\u0131 ve ard\u0131ndan da tanker tasar\u0131m\u0131n\u0131 ve tanker operasyonlar\u0131n\u0131 etkileyen tedbirler, Gemilerden Kaynaklanan Kirlili\u011fin \u00d6nlenmesine \u0130li\u015fkin Uluslararas\u0131 S\u00f6zle\u015fme, IMO&#8217;nun Denizde Can G\u00fcvenli\u011fi S\u00f6zle\u015fmesi 1978 Protokol\u00fcne dahil edildi. Hindistan Gemicilik \u015eirketi&#8217;nde kurucu genel m\u00fcd\u00fcr olarak gen\u00e7 ya\u015fta deneyim kazand\u0131ktan, m\u00fcrettebat\u0131n refah\u0131 ve g\u00fcvenli\u011fi konular\u0131n\u0131 ele ald\u0131\u011f\u0131 ve yeni kurulan bu \u015firketin toplu ta\u015f\u0131mac\u0131l\u0131\u011f\u0131 alan\u0131ndaki \u00e7al\u0131\u015fmalar\u0131n\u0131 \u00e7e\u015fitlendirmesinden sonra, Dr. Srivastava IMO&#8217;da daha fazla sorumluluk ve rol \u00fcstlenmek \u00fczere, ilave bir \u00e7aba g\u00f6stermesine gerek olmadan art\u0131k oraya rehberlik edebilirdi.<\/p>\n<p>Onun idaresi alt\u0131nda ajans, \u00fcyelik g\u00fcc\u00fc ve boyutu a\u00e7\u0131s\u0131ndan b\u00fcy\u00fcd\u00fc ve kendisi fark edilen se\u00e7kinli\u011fini, bug\u00fcn kurumun \u00fcyelerinin \u00e7o\u011funlu\u011funu olu\u015fturan geli\u015fmekte olan \u00fclkelere ula\u015fmak i\u00e7in kulland\u0131.<\/p>\n<p>D\u00fcnya Denizcilik \u00dcniversitesi&#8217;nin \u015fimdi g\u00f6revde olan ba\u015fkan\u0131 Bj\u00f6rn Kjerfve, Dr. Srivastava&#8217;y\u0131 muazzam ikna etme becerilerine sahip, de\u011ferli bir lider olarak tan\u0131ml\u0131yor. Onun vefat\u0131n\u0131 \u00f6\u011frendi\u011fimiz i\u00e7in \u00e7ok \u00fczg\u00fcn\u00fcz. Yakla\u015f\u0131k iki y\u0131l \u00f6nce onu ziyaret ettim ve bu ay\u0131n ba\u015f\u0131nda \u00fcniversitenin 30. y\u0131l d\u00f6n\u00fcm\u00fc vesilesiyle, mezuniyet t\u00f6renimize davet ettim. Bir \u015feyleri kurmak hi\u00e7 bir zaman kolay olmad\u0131. IMO konsey \u00fcyelerini ve UNDP&#8217;yi, bu organizasyonun kurulmas\u0131 i\u00e7in fon toplamaya ikna edebilmesi, onun kendi takdiri sayesinde olmu\u015ftur&#8221; dedi. \u0130sve\u00e7, Malm\u00f6&#8217;den &#8220;The Hindu&#8221; gazetesine telefonla deme\u00e7 veren Bay Kjerfve d\u00fc\u015f\u00fcncesini bu \u015fekilde ifade etmi\u015ftir.<\/p>\n<p>Eski Karasal Ta\u015f\u0131mac\u0131l\u0131k Sendikas\u0131 Sekreteri olan P.M. Abraham, Dr. Srivastava&#8217;y\u0131, vizyonu olan b\u00fcy\u00fcleyici bir lider olarak hat\u0131rl\u0131yor. &#8220;Onunla ilk olarak Hindistan&#8217;\u0131 bir IMO konsey toplant\u0131s\u0131nda temsil etti\u011fim zaman tan\u0131\u015ft\u0131m. Genel Sekreter olarak, teknik birimin toplant\u0131lar\u0131n\u0131 tarafs\u0131z bir \u015fekilde y\u00f6netirdi. Bir \u00fcyenin aya\u011fa kalk\u0131p toplant\u0131 g\u00fcndeminin kendisine ula\u015fmad\u0131\u011f\u0131ndan \u015fikayet etti\u011fi bir olay\u0131 hat\u0131rl\u0131yorum. Genel Sekreter k\u00fcrs\u00fcden inip, bu hata i\u00e7in \u00f6z\u00fcr dileyerek, g\u00fcndemin bir kopyas\u0131n\u0131 ilgili ki\u015fiye kendisinin vermesi, herkesi \u015fa\u015f\u0131rtt\u0131. \u00c7ok sakinle\u015ftirici bir ki\u015fiydi.&#8221;<\/p>\n<p>Dr. Srivastava iyi bir mizah duygusu geli\u015ftirdi. &#8220;Ben bir\u00e7ok \u00fclkede, IMO&#8217;nun genel sekreteri olarak de\u011fil de, Nirmala&#8217;n\u0131n kocas\u0131 olarak tan\u0131n\u0131yorum,&#8221; diyerek, kendisinden daha \u00fcnl\u00fc olan e\u015fi hakk\u0131nda \u015fakalar yapard\u0131.<\/p>\n<p>Tevazu, ileri g\u00f6r\u00fc\u015fl\u00fcl\u00fck, sa\u011flam yarg\u0131 ve kararl\u0131l\u0131\u011f\u0131n nadir bir kar\u0131\u015f\u0131m\u0131yd\u0131 ve liderlik onun do\u011fal bir g\u00fcc\u00fcyd\u00fc. &#8220;Bir ki\u015finin bu kadar h\u0131zl\u0131 bir \u015fekilde uluslararas\u0131 kabul g\u00f6rmesi nadirdir. Sendika Denizcilik Eski Sekreteri K. Mohandas, &#8220;Denizcilerin g\u00fcvenli\u011fi i\u00e7in, rehberli\u011finde haz\u0131rlanan s\u00f6zle\u015fme ve su havzas\u0131 denizcilik s\u00f6zle\u015fmeleriyle kendisi hat\u0131rlanacakt\u0131r&#8221; diyor. Yakla\u015f\u0131k 70 \u00fclke, en y\u00fcksek \u015feref payelerini ona vermi\u015ftir.<\/p>\n<p>Verilen say\u0131s\u0131z \u00f6d\u00fcl aras\u0131nda, Krali\u00e7e II. Elizabeth taraf\u0131ndan verilen Saint Michael ve Saint George&#8217;un En y\u00fcksek Onursal \u015e\u00f6valye Komutan\u0131 \u00fcnvan\u0131 da vard\u0131.<\/p>\n\n","protected":false},"excerpt":{"rendered":"<p>Sir C. P. Srivastava&#8217;y\u0131 Anma Yaz\u0131s\u0131 24 Temmuz 2013 tarihinde Hindistan&#8217;da &#8216;The Hindu&#8221; gazetesinde yay\u0131nlanm\u0131\u015ft\u0131r: &#8216;Denizcilik d\u00fcnyas\u0131nda, Midas dokunu\u015fu olan adam vefat etti.&#8217; Haz\u0131rlayan: S. Anand Denizcilik d\u00fcnyas\u0131, C.P. Srivastava&#8217;n\u0131n vefat\u0131 ile \u00f6nc\u00fc bir lider ve vizyon sahibi bir ki\u015fiyi kaybetti. Srivastava, Padma Vibhushan, Uluslararas\u0131 Denizcilik \u00d6rg\u00fct\u00fc (IMO) Genel Sekreteri&#8217;ydi ve pazartesi g\u00fcn\u00fc \u0130talya&#8217;n\u0131n Genova&hellip; <br \/> <a class=\"read-more\" href=\"https:\/\/shrimataji.org\/test\/tr\/sir-c-p-srivastavayi-anma-yazisi\/\">Read more<\/a><\/p>\n","protected":false},"author":12,"featured_media":0,"parent":0,"menu_order":0,"comment_status":"closed","ping_status":"closed","template":"","meta":{"inline_featured_image":false,"footnotes":""},"class_list":["post-10189","page","type-page","status-publish","hentry"],"yoast_head":"<!-- This site is optimized with the Yoast SEO plugin v27.4 - https:\/\/yoast.com\/product\/yoast-seo-wordpress\/ -->\n<title>Sir C. P. Srivastava&#039;y\u0131 Anma Yaz\u0131s\u0131 - TEST - SMND<\/title>\n<meta name=\"robots\" content=\"noindex, follow, max-snippet:-1, max-image-preview:large, max-video-preview:-1\" \/>\n<meta property=\"og:locale\" content=\"en_US\" \/>\n<meta property=\"og:type\" content=\"article\" \/>\n<meta property=\"og:title\" content=\"Sir C. P. Srivastava&#039;y\u0131 Anma Yaz\u0131s\u0131 - TEST - SMND\" \/>\n<meta property=\"og:description\" content=\"Sir C. P. Srivastava&#8217;y\u0131 Anma Yaz\u0131s\u0131 24 Temmuz 2013 tarihinde Hindistan&#8217;da &#8216;The Hindu&#8221; gazetesinde yay\u0131nlanm\u0131\u015ft\u0131r: &#8216;Denizcilik d\u00fcnyas\u0131nda, Midas dokunu\u015fu olan adam vefat etti.&#8217; Haz\u0131rlayan: S. Anand Denizcilik d\u00fcnyas\u0131, C.P. Srivastava&#8217;n\u0131n vefat\u0131 ile \u00f6nc\u00fc bir lider ve vizyon sahibi bir ki\u015fiyi kaybetti. Srivastava, Padma Vibhushan, Uluslararas\u0131 Denizcilik \u00d6rg\u00fct\u00fc (IMO) Genel Sekreteri&#8217;ydi ve pazartesi g\u00fcn\u00fc \u0130talya&#8217;n\u0131n Genova&hellip; Read more\" \/>\n<meta property=\"og:url\" content=\"https:\/\/shrimataji.org\/test\/tr\/sir-c-p-srivastavayi-anma-yazisi\/\" \/>\n<meta property=\"og:site_name\" content=\"TEST - SMND\" \/>\n<meta property=\"article:publisher\" content=\"https:\/\/www.facebook.com\/shrimataji\" \/>\n<meta property=\"article:modified_time\" content=\"2024-07-12T00:02:27+00:00\" \/>\n<meta property=\"og:image\" content=\"https:\/\/shrimataji.org\/test\/wp-content\/uploads\/2018\/07\/fp11-e1588597806347.jpg\" \/>\n\t<meta property=\"og:image:width\" content=\"707\" \/>\n\t<meta property=\"og:image:height\" content=\"700\" \/>\n\t<meta property=\"og:image:type\" content=\"image\/jpeg\" \/>\n<meta name=\"twitter:card\" content=\"summary_large_image\" \/>\n<meta name=\"twitter:site\" content=\"@shrimataji\" \/>\n<meta name=\"twitter:label1\" content=\"Est. reading time\" \/>\n\t<meta name=\"twitter:data1\" content=\"5 minutes\" \/>\n<script type=\"application\/ld+json\" class=\"yoast-schema-graph\">{\"@context\":\"https:\\\/\\\/schema.org\",\"@graph\":[{\"@type\":\"WebPage\",\"@id\":\"https:\\\/\\\/shrimataji.org\\\/test\\\/tr\\\/sir-c-p-srivastavayi-anma-yazisi\\\/\",\"url\":\"https:\\\/\\\/shrimataji.org\\\/test\\\/tr\\\/sir-c-p-srivastavayi-anma-yazisi\\\/\",\"name\":\"Sir C. P. Srivastava'y\u0131 Anma Yaz\u0131s\u0131 - TEST - SMND\",\"isPartOf\":{\"@id\":\"https:\\\/\\\/shrimataji.org\\\/test\\\/#website\"},\"datePublished\":\"2018-07-10T06:54:54+00:00\",\"dateModified\":\"2024-07-12T00:02:27+00:00\",\"breadcrumb\":{\"@id\":\"https:\\\/\\\/shrimataji.org\\\/test\\\/tr\\\/sir-c-p-srivastavayi-anma-yazisi\\\/#breadcrumb\"},\"inLanguage\":\"en-US\",\"potentialAction\":[{\"@type\":\"ReadAction\",\"target\":[\"https:\\\/\\\/shrimataji.org\\\/test\\\/tr\\\/sir-c-p-srivastavayi-anma-yazisi\\\/\"]}]},{\"@type\":\"BreadcrumbList\",\"@id\":\"https:\\\/\\\/shrimataji.org\\\/test\\\/tr\\\/sir-c-p-srivastavayi-anma-yazisi\\\/#breadcrumb\",\"itemListElement\":[{\"@type\":\"ListItem\",\"position\":1,\"name\":\"Home\",\"item\":\"https:\\\/\\\/shrimataji.org\\\/test\\\/uk\\\/home-en\\\/\"},{\"@type\":\"ListItem\",\"position\":2,\"name\":\"Sir C. P. Srivastava&#8217;y\u0131 Anma Yaz\u0131s\u0131\"}]},{\"@type\":\"WebSite\",\"@id\":\"https:\\\/\\\/shrimataji.org\\\/test\\\/#website\",\"url\":\"https:\\\/\\\/shrimataji.org\\\/test\\\/\",\"name\":\"Shri Mataji Nirmala Devi\",\"description\":\"A Life Dedicated to Humanity\",\"publisher\":{\"@id\":\"https:\\\/\\\/shrimataji.org\\\/test\\\/#\\\/schema\\\/person\\\/a1b3419c6585f164aa96da1ff85715d1\"},\"potentialAction\":[{\"@type\":\"SearchAction\",\"target\":{\"@type\":\"EntryPoint\",\"urlTemplate\":\"https:\\\/\\\/shrimataji.org\\\/test\\\/?s={search_term_string}\"},\"query-input\":{\"@type\":\"PropertyValueSpecification\",\"valueRequired\":true,\"valueName\":\"search_term_string\"}}],\"inLanguage\":\"en-US\"},{\"@type\":[\"Person\",\"Organization\"],\"@id\":\"https:\\\/\\\/shrimataji.org\\\/test\\\/#\\\/schema\\\/person\\\/a1b3419c6585f164aa96da1ff85715d1\",\"name\":\"Nirmala Shrivastava\",\"image\":{\"@type\":\"ImageObject\",\"inLanguage\":\"en-US\",\"@id\":\"https:\\\/\\\/shrimataji.org\\\/test\\\/wp-content\\\/uploads\\\/2023\\\/02\\\/SMO_LOGO-03.svg\",\"url\":\"https:\\\/\\\/shrimataji.org\\\/test\\\/wp-content\\\/uploads\\\/2023\\\/02\\\/SMO_LOGO-03.svg\",\"contentUrl\":\"https:\\\/\\\/shrimataji.org\\\/test\\\/wp-content\\\/uploads\\\/2023\\\/02\\\/SMO_LOGO-03.svg\",\"width\":\"1024\",\"height\":\"1024\",\"caption\":\"Nirmala Shrivastava\"},\"logo\":{\"@id\":\"https:\\\/\\\/shrimataji.org\\\/test\\\/wp-content\\\/uploads\\\/2023\\\/02\\\/SMO_LOGO-03.svg\"},\"sameAs\":[\"https:\\\/\\\/shrimataji.org\\\/test\",\"https:\\\/\\\/www.facebook.com\\\/shrimataji\",\"https:\\\/\\\/x.com\\\/shrimataji\",\"https:\\\/\\\/www.youtube.com\\\/@Shri_Mataji_Nirmala_Devi\\\/featured\"]}]}<\/script>\n<!-- \/ Yoast SEO plugin. -->","yoast_head_json":{"title":"Sir C. P. Srivastava'y\u0131 Anma Yaz\u0131s\u0131 - TEST - SMND","robots":{"index":"noindex","follow":"follow","max-snippet":"max-snippet:-1","max-image-preview":"max-image-preview:large","max-video-preview":"max-video-preview:-1"},"og_locale":"en_US","og_type":"article","og_title":"Sir C. P. Srivastava'y\u0131 Anma Yaz\u0131s\u0131 - TEST - SMND","og_description":"Sir C. P. Srivastava&#8217;y\u0131 Anma Yaz\u0131s\u0131 24 Temmuz 2013 tarihinde Hindistan&#8217;da &#8216;The Hindu&#8221; gazetesinde yay\u0131nlanm\u0131\u015ft\u0131r: &#8216;Denizcilik d\u00fcnyas\u0131nda, Midas dokunu\u015fu olan adam vefat etti.&#8217; Haz\u0131rlayan: S. Anand Denizcilik d\u00fcnyas\u0131, C.P. Srivastava&#8217;n\u0131n vefat\u0131 ile \u00f6nc\u00fc bir lider ve vizyon sahibi bir ki\u015fiyi kaybetti. Srivastava, Padma Vibhushan, Uluslararas\u0131 Denizcilik \u00d6rg\u00fct\u00fc (IMO) Genel Sekreteri&#8217;ydi ve pazartesi g\u00fcn\u00fc \u0130talya&#8217;n\u0131n Genova&hellip; Read more","og_url":"https:\/\/shrimataji.org\/test\/tr\/sir-c-p-srivastavayi-anma-yazisi\/","og_site_name":"TEST - SMND","article_publisher":"https:\/\/www.facebook.com\/shrimataji","article_modified_time":"2024-07-12T00:02:27+00:00","og_image":[{"width":707,"height":700,"url":"https:\/\/shrimataji.org\/test\/wp-content\/uploads\/2018\/07\/fp11-e1588597806347.jpg","type":"image\/jpeg"}],"twitter_card":"summary_large_image","twitter_site":"@shrimataji","twitter_misc":{"Est. reading time":"5 minutes"},"schema":{"@context":"https:\/\/schema.org","@graph":[{"@type":"WebPage","@id":"https:\/\/shrimataji.org\/test\/tr\/sir-c-p-srivastavayi-anma-yazisi\/","url":"https:\/\/shrimataji.org\/test\/tr\/sir-c-p-srivastavayi-anma-yazisi\/","name":"Sir C. P. Srivastava'y\u0131 Anma Yaz\u0131s\u0131 - TEST - SMND","isPartOf":{"@id":"https:\/\/shrimataji.org\/test\/#website"},"datePublished":"2018-07-10T06:54:54+00:00","dateModified":"2024-07-12T00:02:27+00:00","breadcrumb":{"@id":"https:\/\/shrimataji.org\/test\/tr\/sir-c-p-srivastavayi-anma-yazisi\/#breadcrumb"},"inLanguage":"en-US","potentialAction":[{"@type":"ReadAction","target":["https:\/\/shrimataji.org\/test\/tr\/sir-c-p-srivastavayi-anma-yazisi\/"]}]},{"@type":"BreadcrumbList","@id":"https:\/\/shrimataji.org\/test\/tr\/sir-c-p-srivastavayi-anma-yazisi\/#breadcrumb","itemListElement":[{"@type":"ListItem","position":1,"name":"Home","item":"https:\/\/shrimataji.org\/test\/uk\/home-en\/"},{"@type":"ListItem","position":2,"name":"Sir C. P. Srivastava&#8217;y\u0131 Anma Yaz\u0131s\u0131"}]},{"@type":"WebSite","@id":"https:\/\/shrimataji.org\/test\/#website","url":"https:\/\/shrimataji.org\/test\/","name":"Shri Mataji Nirmala Devi","description":"A Life Dedicated to Humanity","publisher":{"@id":"https:\/\/shrimataji.org\/test\/#\/schema\/person\/a1b3419c6585f164aa96da1ff85715d1"},"potentialAction":[{"@type":"SearchAction","target":{"@type":"EntryPoint","urlTemplate":"https:\/\/shrimataji.org\/test\/?s={search_term_string}"},"query-input":{"@type":"PropertyValueSpecification","valueRequired":true,"valueName":"search_term_string"}}],"inLanguage":"en-US"},{"@type":["Person","Organization"],"@id":"https:\/\/shrimataji.org\/test\/#\/schema\/person\/a1b3419c6585f164aa96da1ff85715d1","name":"Nirmala Shrivastava","image":{"@type":"ImageObject","inLanguage":"en-US","@id":"https:\/\/shrimataji.org\/test\/wp-content\/uploads\/2023\/02\/SMO_LOGO-03.svg","url":"https:\/\/shrimataji.org\/test\/wp-content\/uploads\/2023\/02\/SMO_LOGO-03.svg","contentUrl":"https:\/\/shrimataji.org\/test\/wp-content\/uploads\/2023\/02\/SMO_LOGO-03.svg","width":"1024","height":"1024","caption":"Nirmala Shrivastava"},"logo":{"@id":"https:\/\/shrimataji.org\/test\/wp-content\/uploads\/2023\/02\/SMO_LOGO-03.svg"},"sameAs":["https:\/\/shrimataji.org\/test","https:\/\/www.facebook.com\/shrimataji","https:\/\/x.com\/shrimataji","https:\/\/www.youtube.com\/@Shri_Mataji_Nirmala_Devi\/featured"]}]}},"lang":"tr","translations":{"tr":10189,"en":459,"am":18044,"th":20009,"hu":19526,"sq":18445,"zh":17342,"pt":10399,"de":10673,"fr":10771,"it":10869,"es":10966,"ja":11263,"ru":11451,"bn":11643,"te":11751,"sw":11874,"he":12022,"el":12314,"sk":12412,"fa":12510,"fi":12608,"bg":13437,"ro":14511,"cs":14704,"nl":16605,"ku":16765,"ar":16941,"be":18652,"kn":18926,"uk":20667,"ml":20962,"ta":22763,"sv":23034,"gu":28877,"pa":29037,"fil":29482},"pll_sync_post":[],"_links":{"self":[{"href":"https:\/\/shrimataji.org\/test\/wp-json\/wp\/v2\/pages\/10189","targetHints":{"allow":["GET"]}}],"collection":[{"href":"https:\/\/shrimataji.org\/test\/wp-json\/wp\/v2\/pages"}],"about":[{"href":"https:\/\/shrimataji.org\/test\/wp-json\/wp\/v2\/types\/page"}],"author":[{"embeddable":true,"href":"https:\/\/shrimataji.org\/test\/wp-json\/wp\/v2\/users\/12"}],"replies":[{"embeddable":true,"href":"https:\/\/shrimataji.org\/test\/wp-json\/wp\/v2\/comments?post=10189"}],"version-history":[{"count":0,"href":"https:\/\/shrimataji.org\/test\/wp-json\/wp\/v2\/pages\/10189\/revisions"}],"wp:attachment":[{"href":"https:\/\/shrimataji.org\/test\/wp-json\/wp\/v2\/media?parent=10189"}],"curies":[{"name":"wp","href":"https:\/\/api.w.org\/{rel}","templated":true}]}}