{"id":10190,"date":"2023-03-18T21:15:49","date_gmt":"2023-03-18T21:15:49","guid":{"rendered":"https:\/\/shrimataji.org\/test\/?page_id=9878"},"modified":"2024-07-12T00:01:55","modified_gmt":"2024-07-12T00:01:55","slug":"cevrimici-etkinlikler","status":"publish","type":"page","link":"https:\/\/shrimataji.org\/test\/tr\/cevrimici-etkinlikler\/","title":{"rendered":"\u00c7evrimi\u00e7i Etkinlikler"},"content":{"rendered":"\n\n\t<h1>\u00c7evrimi\u00e7i Etkinlikler<\/h1>\n\t<h4><a id=\"6thMay\"><\/a><a id=\"Dhyananjali\"><\/a>Dhyananjali &#8211; Tagore&#8217;un \u015fark\u0131lar\u0131ndan olu\u015fan meditatif bir sunum<\/h4>\n<p>6 May\u0131s, 18:30 CET<\/p>\n\t\n\t<p>Nobel \u00f6d\u00fcll\u00fc Tagore&#8217;un \u015fark\u0131lar\u0131 hem Bat\u0131 hem de Do\u011fu d\u00fcnyas\u0131nda m\u00fcziksever nesillere ilham vermi\u015ftir.<\/p>\n<p>Onun \u015fark\u0131lar\u0131n\u0131 meditatif bir konumda dinlemek, kalbimize dokunan derin duygular\u0131n s\u00fcptil deneyimini geli\u015ftirir.<\/p>\n<p>Tagore&#8217;un \u015fiirine b\u00fcy\u00fck hayranl\u0131k duyan Kutsal Shri Mataji Nirmala Devi&#8217;nin y\u00fcz\u00fcnc\u00fc do\u011fum y\u0131ld\u00f6n\u00fcm\u00fc vesilesiyle, d\u00fcnyan\u0131n d\u00f6rt bir yan\u0131ndaki Sahaja Yogiler, bu evrensel insan\u0131 kutlamak i\u00e7in onun \u015fark\u0131lar\u0131ndan m\u00fctevaz\u0131 bir se\u00e7ki sunuyorlar. Bu hem Tagore hem de Shri Mataji i\u00e7in \u00e7ok de\u011ferli bir vizyondur.<\/p>\n<p>Dhyananjali, Rabindranath Tagore&#8217;un besteledi\u011fi ilahi \u015fiirlere ve \u015fark\u0131lara ifade kazand\u0131rmak i\u00e7in m\u00fczik, resim ve dans\u0131n t\u00fcm sanat formlar\u0131n\u0131 birle\u015ftiren meditatif bir sanatsal sunumdur.<\/p>\n<p>Bestelerinin sonsuz evreninden se\u00e7ilmi\u015f bir buket \u015fark\u0131, dinleyiciyi t\u00fcm varl\u0131klar\u0131n i\u00e7indeki bilinmeyen benli\u011fi ke\u015ffetmeye y\u00f6nelik i\u00e7sel bir yolculu\u011fa \u00e7\u0131karmak i\u00e7in se\u00e7ildi&#8230;<\/p>\n\t\n<h4>5 May\u0131s &#8211; \u00d6nemli bir Etkinlik, D\u00fcnya Ayd\u0131nlanma G\u00fcn\u00fcn\u00fcn Kutlamas\u0131<\/h4>\n<p>5 May\u0131s, 19:00 CET<\/p>\n\t\n\t<p>5 May\u0131s 1970 y\u0131l\u0131 sabah\u0131n\u0131n erken saatlerinde, insan bilincinin evriminde yeni bir sayfa a\u00e7\u0131ld\u0131. Ruhani d\u00f6n\u00fc\u015f\u00fcme kitlesel eri\u015fimde devrim niteli\u011finde bir ilerlemeye yol a\u00e7an e\u015fi benzeri g\u00f6r\u00fclmemi\u015f bu olayla ilgili her \u015fey Hindistan&#8217;\u0131n Nargol kentindeki \u0131ss\u0131z bir sahilde ba\u015flad\u0131. Bug\u00fcn, elli y\u0131l\u0131n ard\u0131ndan, Sahaja Yoga olarak bilinen, her bireye dengeli bir ya\u015fam tarz\u0131 sa\u011flay\u0131p i\u00e7sel d\u00f6n\u00fc\u015f\u00fcm\u00fc deneyimlemek i\u00e7in e\u015fsiz bir f\u0131rsat sunan kitlesel ayd\u0131nlanma ve s\u00fcrd\u00fcr\u00fclebilir meditasyon uygulamas\u0131 t\u00fcm k\u0131talara yay\u0131lm\u0131\u015ft\u0131r. D\u00fcnya \u00e7ap\u0131nda sunulan \u00fccretsiz ayd\u0131nlanma ve Sahaja Yoga meditasyonundan yararlanan milyonlarca insan, bu g\u00fcn\u00fc D\u00fcnya Ayd\u0131nlanma G\u00fcn\u00fc olarak kutlamaktad\u0131r.<\/p>\n<p>Kutsal Shri Mataji Nirmala Devi&#8217;nin y\u00fcz\u00fcnc\u00fc do\u011fum y\u0131ld\u00f6n\u00fcm\u00fcnde, bu tarihi \u00f6nemli an\u0131 yeniden ya\u015famak ve ayd\u0131nlanman\u0131n fizyolojik varl\u0131\u011f\u0131m\u0131zda huzurlu, tatminkar ve b\u00fct\u00fcnsel bir ya\u015fam s\u00fcrmemizi sa\u011flayan esasl\u0131 d\u00f6n\u00fc\u015f\u00fcm\u00fc nas\u0131l tetikledi\u011fini \u00f6\u011frenmek i\u00e7in \u00e7evrimi\u00e7i etkinli\u011fe kat\u0131labilirsiniz. Ayd\u0131nlanma, benli\u011fimizin g\u00fcc\u00fcne tam ula\u015fmak i\u00e7in do\u011fu\u015ftan gelen yetene\u011fimizin sadece bir anahtar\u0131 de\u011fil, ayn\u0131 zamanda mevcut k\u00fcresel durum g\u00f6z \u00f6n\u00fcne al\u0131nd\u0131\u011f\u0131nda g\u00fcn\u00fcm\u00fcz\u00fcn acil bir ihtiyac\u0131 olan daha y\u00fcksek ruhani fark\u0131ndal\u0131k i\u00e7inde do\u011fa ile uyumlu ya\u015faman\u0131n e\u015fsiz bir yoludur.<\/p>\n<p>Sevgiyle an\u0131lan Shri Mataji&#8217;nin e\u015fsiz ruhani miras\u0131 ve e\u015fi benzeri g\u00f6r\u00fclmemi\u015f d\u00fcnya \u00e7ap\u0131ndaki \u00e7al\u0131\u015fmalar\u0131 hakk\u0131nda daha fazla bilgi edinebilirsiniz.<\/p>\n\t<h4><strong>21 Mart 2023 I Bir Anne&#8217;nin Yolculu\u011fu<\/strong><\/h4>\n<p><strong>\u00d6zg\u00fcrl\u00fck Sava\u015f\u00e7\u0131s\u0131ndan Sevilen bir Guruya<\/strong><\/p>\n\t\n\t<h4>\u0130lgili Ba\u011flant\u0131lar<\/h4>\n<p><strong>Shri Mataji<\/strong><\/p>\n<ol>\n<li><a href=\"https:\/\/shrimataji.org\/tr\/shrimataji\/\" target=\"_blank\" rel=\"noopener\">Ya\u015fam\u0131 ve Miras\u0131<\/a><\/li>\n<li><a href=\"https:\/\/shrimataji.org\/tr\/halk-programlari\/\" target=\"_blank\" rel=\"noopener\">Shri Mataji&#8217;nin uluslararas\u0131 Halk Programlar\u0131<\/a><\/li>\n<li><a href=\"https:\/\/shrimataji.org\/tr\/toplumsal-donusum\" target=\"_blank\" rel=\"noopener\">Toplumsal D\u00f6n\u00fc\u015f\u00fcm ve Shri Mataji taraf\u0131ndan ba\u015flat\u0131lan STK projeleri\u00a0<\/a><\/li>\n<\/ol>\n<p><strong>Meditasyon<\/strong><\/p>\n<ol>\n<li>Shri Mataji taraf\u0131ndan rehberli Ayd\u0131nlanma meditasyonu uygulamas\u0131 &#8211; <a href=\"https:\/\/shrimataji.org\/tr\/aydinlanma-deneyimi\/\">\u015eimdi Deneyin<\/a><\/li>\n<li>Sahaja Yoga hakk\u0131nda daha fazla \u00f6\u011frenmek i\u00e7in &#8211;\n<ul>\n<li><a href=\"https:\/\/shrimataji.org\/tr\/sahaja-yoga-meditasyon\" target=\"_blank\" rel=\"noopener\">\u0130\u00e7sel Sessizli\u011fin G\u00fcc\u00fc<\/a><\/li>\n<li><a href=\"https:\/\/shrimataji.org\/tr\/koklerin-bilgisi-suptil-sistem\/\" target=\"_blank\" rel=\"noopener\">K\u00f6kleri Bilgisi &#8211; S\u00fcptil Sistemimiz<\/a><\/li>\n<li><a href=\"https:\/\/shrimataji.org\/tr\/icsel-gelisimin-sanati\/\" target=\"_blank\" rel=\"noopener\">\u0130\u00e7sel Geli\u015fimin Sanat\u0131<\/a><\/li>\n<\/ul>\n<\/li>\n<\/ol>\n<p><strong>D\u00fcnya Genelinde \u00dccretsiz Meditasyon Merkezleri ve Websiteleri\u00a0<\/strong><\/p>\n<ol>\n<li><a href=\"https:\/\/shrimataji.org\/tr\/kolektif-meditasyon\/\">D\u00fcnya Genelinde Sahaja Yoga Meditasyon Merkezleri<\/a> &#8211; (\u015euan Avrupa ve ABD&#8217;deki yerlerden yaln\u0131zca baz\u0131lar\u0131 mevcuttur).<\/li>\n<li><a href=\"https:\/\/shrimataji.org\/tr\/kolektif-meditasyon\/\">Uluslararas\u0131 Sahaja Yoga Websitelerinin Listesi<\/a><\/li>\n<\/ol>\n<p><b>Meditasyon Ara\u015ft\u0131rmalar\u0131 ba\u011flant\u0131lar\u0131<\/b><\/p>\n<ol>\n<li><a href=\"https:\/\/researchingmeditation.org\/\">Meditasyon Ara\u015ft\u0131rmalar\u0131 &#8211; Meditasyonun Bilimsel \u00c7al\u0131\u015fmas\u0131<\/a><\/li>\n<li><a href=\"https:\/\/vimeo.com\/showcase\/7053569\">Sahaja Yoga Meditasyonunun Faydalar\u0131na \u0130li\u015fkin T\u0131bbi Ara\u015ft\u0131rma<\/a><\/li>\n<\/ol>\n<p><b>Bas\u0131n ve Medya<\/b><\/p>\n<ul>\n<li><a href=\"https:\/\/shrimataji.org\/tr\/basin\/\">Bas\u0131n ve Medya haberleri<\/a><\/li>\n<\/ul>\n\n","protected":false},"excerpt":{"rendered":"<p>\u00c7evrimi\u00e7i Etkinlikler Dhyananjali &#8211; Tagore&#8217;un \u015fark\u0131lar\u0131ndan olu\u015fan meditatif bir sunum 6 May\u0131s, 18:30 CET Nobel \u00f6d\u00fcll\u00fc Tagore&#8217;un \u015fark\u0131lar\u0131 hem Bat\u0131 hem de Do\u011fu d\u00fcnyas\u0131nda m\u00fcziksever nesillere ilham vermi\u015ftir. Onun \u015fark\u0131lar\u0131n\u0131 meditatif bir konumda dinlemek, kalbimize dokunan derin duygular\u0131n s\u00fcptil deneyimini geli\u015ftirir. Tagore&#8217;un \u015fiirine b\u00fcy\u00fck hayranl\u0131k duyan Kutsal Shri Mataji Nirmala Devi&#8217;nin y\u00fcz\u00fcnc\u00fc do\u011fum y\u0131ld\u00f6n\u00fcm\u00fc vesilesiyle,&hellip; <br \/> <a class=\"read-more\" href=\"https:\/\/shrimataji.org\/test\/tr\/cevrimici-etkinlikler\/\">Read more<\/a><\/p>\n","protected":false},"author":12,"featured_media":9552,"parent":0,"menu_order":0,"comment_status":"closed","ping_status":"closed","template":"","meta":{"inline_featured_image":false,"footnotes":""},"class_list":["post-10190","page","type-page","status-publish","has-post-thumbnail","hentry"],"yoast_head":"<!-- This site is optimized with the Yoast SEO plugin v27.4 - https:\/\/yoast.com\/product\/yoast-seo-wordpress\/ -->\n<title>\u00c7evrimi\u00e7i Etkinlikler - TEST - SMND<\/title>\n<meta name=\"robots\" content=\"noindex, follow, max-snippet:-1, max-image-preview:large, max-video-preview:-1\" \/>\n<meta property=\"og:locale\" content=\"en_US\" \/>\n<meta property=\"og:type\" content=\"article\" \/>\n<meta property=\"og:title\" content=\"\u00c7evrimi\u00e7i Etkinlikler - TEST - SMND\" \/>\n<meta property=\"og:description\" content=\"\u00c7evrimi\u00e7i Etkinlikler Dhyananjali &#8211; Tagore&#8217;un \u015fark\u0131lar\u0131ndan olu\u015fan meditatif bir sunum 6 May\u0131s, 18:30 CET Nobel \u00f6d\u00fcll\u00fc Tagore&#8217;un \u015fark\u0131lar\u0131 hem Bat\u0131 hem de Do\u011fu d\u00fcnyas\u0131nda m\u00fcziksever nesillere ilham vermi\u015ftir. Onun \u015fark\u0131lar\u0131n\u0131 meditatif bir konumda dinlemek, kalbimize dokunan derin duygular\u0131n s\u00fcptil deneyimini geli\u015ftirir. Tagore&#8217;un \u015fiirine b\u00fcy\u00fck hayranl\u0131k duyan Kutsal Shri Mataji Nirmala Devi&#8217;nin y\u00fcz\u00fcnc\u00fc do\u011fum y\u0131ld\u00f6n\u00fcm\u00fc vesilesiyle,&hellip; Read more\" \/>\n<meta property=\"og:url\" content=\"https:\/\/shrimataji.org\/test\/tr\/cevrimici-etkinlikler\/\" \/>\n<meta property=\"og:site_name\" content=\"TEST - SMND\" \/>\n<meta property=\"article:publisher\" content=\"https:\/\/www.facebook.com\/shrimataji\" \/>\n<meta property=\"article:modified_time\" content=\"2024-07-12T00:01:55+00:00\" \/>\n<meta property=\"og:image\" content=\"https:\/\/shrimataji.org\/test\/wp-content\/uploads\/2023\/03\/Banner-Footer-Castle-1-scaled.jpg\" \/>\n\t<meta property=\"og:image:width\" content=\"2560\" \/>\n\t<meta property=\"og:image:height\" content=\"905\" \/>\n\t<meta property=\"og:image:type\" content=\"image\/jpeg\" \/>\n<meta name=\"twitter:card\" content=\"summary_large_image\" \/>\n<meta name=\"twitter:site\" content=\"@shrimataji\" \/>\n<meta name=\"twitter:label1\" content=\"Est. reading time\" \/>\n\t<meta name=\"twitter:data1\" content=\"1 minute\" \/>\n<script type=\"application\/ld+json\" class=\"yoast-schema-graph\">{\"@context\":\"https:\\\/\\\/schema.org\",\"@graph\":[{\"@type\":\"WebPage\",\"@id\":\"https:\\\/\\\/shrimataji.org\\\/test\\\/tr\\\/cevrimici-etkinlikler\\\/\",\"url\":\"https:\\\/\\\/shrimataji.org\\\/test\\\/tr\\\/cevrimici-etkinlikler\\\/\",\"name\":\"\u00c7evrimi\u00e7i Etkinlikler - TEST - SMND\",\"isPartOf\":{\"@id\":\"https:\\\/\\\/shrimataji.org\\\/test\\\/#website\"},\"primaryImageOfPage\":{\"@id\":\"https:\\\/\\\/shrimataji.org\\\/test\\\/tr\\\/cevrimici-etkinlikler\\\/#primaryimage\"},\"image\":{\"@id\":\"https:\\\/\\\/shrimataji.org\\\/test\\\/tr\\\/cevrimici-etkinlikler\\\/#primaryimage\"},\"thumbnailUrl\":\"https:\\\/\\\/shrimataji.org\\\/test\\\/wp-content\\\/uploads\\\/2023\\\/03\\\/Banner-Footer-Castle-1-scaled.jpg\",\"datePublished\":\"2023-03-18T21:15:49+00:00\",\"dateModified\":\"2024-07-12T00:01:55+00:00\",\"breadcrumb\":{\"@id\":\"https:\\\/\\\/shrimataji.org\\\/test\\\/tr\\\/cevrimici-etkinlikler\\\/#breadcrumb\"},\"inLanguage\":\"en-US\",\"potentialAction\":[{\"@type\":\"ReadAction\",\"target\":[\"https:\\\/\\\/shrimataji.org\\\/test\\\/tr\\\/cevrimici-etkinlikler\\\/\"]}]},{\"@type\":\"ImageObject\",\"inLanguage\":\"en-US\",\"@id\":\"https:\\\/\\\/shrimataji.org\\\/test\\\/tr\\\/cevrimici-etkinlikler\\\/#primaryimage\",\"url\":\"https:\\\/\\\/shrimataji.org\\\/test\\\/wp-content\\\/uploads\\\/2023\\\/03\\\/Banner-Footer-Castle-1-scaled.jpg\",\"contentUrl\":\"https:\\\/\\\/shrimataji.org\\\/test\\\/wp-content\\\/uploads\\\/2023\\\/03\\\/Banner-Footer-Castle-1-scaled.jpg\",\"width\":2560,\"height\":905},{\"@type\":\"BreadcrumbList\",\"@id\":\"https:\\\/\\\/shrimataji.org\\\/test\\\/tr\\\/cevrimici-etkinlikler\\\/#breadcrumb\",\"itemListElement\":[{\"@type\":\"ListItem\",\"position\":1,\"name\":\"Home\",\"item\":\"https:\\\/\\\/shrimataji.org\\\/test\\\/uk\\\/home-en\\\/\"},{\"@type\":\"ListItem\",\"position\":2,\"name\":\"\u00c7evrimi\u00e7i Etkinlikler\"}]},{\"@type\":\"WebSite\",\"@id\":\"https:\\\/\\\/shrimataji.org\\\/test\\\/#website\",\"url\":\"https:\\\/\\\/shrimataji.org\\\/test\\\/\",\"name\":\"Shri Mataji Nirmala Devi\",\"description\":\"A Life Dedicated to Humanity\",\"publisher\":{\"@id\":\"https:\\\/\\\/shrimataji.org\\\/test\\\/#\\\/schema\\\/person\\\/a1b3419c6585f164aa96da1ff85715d1\"},\"potentialAction\":[{\"@type\":\"SearchAction\",\"target\":{\"@type\":\"EntryPoint\",\"urlTemplate\":\"https:\\\/\\\/shrimataji.org\\\/test\\\/?s={search_term_string}\"},\"query-input\":{\"@type\":\"PropertyValueSpecification\",\"valueRequired\":true,\"valueName\":\"search_term_string\"}}],\"inLanguage\":\"en-US\"},{\"@type\":[\"Person\",\"Organization\"],\"@id\":\"https:\\\/\\\/shrimataji.org\\\/test\\\/#\\\/schema\\\/person\\\/a1b3419c6585f164aa96da1ff85715d1\",\"name\":\"Nirmala Shrivastava\",\"image\":{\"@type\":\"ImageObject\",\"inLanguage\":\"en-US\",\"@id\":\"https:\\\/\\\/shrimataji.org\\\/test\\\/wp-content\\\/uploads\\\/2023\\\/02\\\/SMO_LOGO-03.svg\",\"url\":\"https:\\\/\\\/shrimataji.org\\\/test\\\/wp-content\\\/uploads\\\/2023\\\/02\\\/SMO_LOGO-03.svg\",\"contentUrl\":\"https:\\\/\\\/shrimataji.org\\\/test\\\/wp-content\\\/uploads\\\/2023\\\/02\\\/SMO_LOGO-03.svg\",\"width\":\"1024\",\"height\":\"1024\",\"caption\":\"Nirmala Shrivastava\"},\"logo\":{\"@id\":\"https:\\\/\\\/shrimataji.org\\\/test\\\/wp-content\\\/uploads\\\/2023\\\/02\\\/SMO_LOGO-03.svg\"},\"sameAs\":[\"https:\\\/\\\/shrimataji.org\\\/test\",\"https:\\\/\\\/www.facebook.com\\\/shrimataji\",\"https:\\\/\\\/x.com\\\/shrimataji\",\"https:\\\/\\\/www.youtube.com\\\/@Shri_Mataji_Nirmala_Devi\\\/featured\"]}]}<\/script>\n<!-- \/ Yoast SEO plugin. -->","yoast_head_json":{"title":"\u00c7evrimi\u00e7i Etkinlikler - TEST - SMND","robots":{"index":"noindex","follow":"follow","max-snippet":"max-snippet:-1","max-image-preview":"max-image-preview:large","max-video-preview":"max-video-preview:-1"},"og_locale":"en_US","og_type":"article","og_title":"\u00c7evrimi\u00e7i Etkinlikler - TEST - SMND","og_description":"\u00c7evrimi\u00e7i Etkinlikler Dhyananjali &#8211; Tagore&#8217;un \u015fark\u0131lar\u0131ndan olu\u015fan meditatif bir sunum 6 May\u0131s, 18:30 CET Nobel \u00f6d\u00fcll\u00fc Tagore&#8217;un \u015fark\u0131lar\u0131 hem Bat\u0131 hem de Do\u011fu d\u00fcnyas\u0131nda m\u00fcziksever nesillere ilham vermi\u015ftir. Onun \u015fark\u0131lar\u0131n\u0131 meditatif bir konumda dinlemek, kalbimize dokunan derin duygular\u0131n s\u00fcptil deneyimini geli\u015ftirir. Tagore&#8217;un \u015fiirine b\u00fcy\u00fck hayranl\u0131k duyan Kutsal Shri Mataji Nirmala Devi&#8217;nin y\u00fcz\u00fcnc\u00fc do\u011fum y\u0131ld\u00f6n\u00fcm\u00fc vesilesiyle,&hellip; Read more","og_url":"https:\/\/shrimataji.org\/test\/tr\/cevrimici-etkinlikler\/","og_site_name":"TEST - SMND","article_publisher":"https:\/\/www.facebook.com\/shrimataji","article_modified_time":"2024-07-12T00:01:55+00:00","og_image":[{"width":2560,"height":905,"url":"https:\/\/shrimataji.org\/test\/wp-content\/uploads\/2023\/03\/Banner-Footer-Castle-1-scaled.jpg","type":"image\/jpeg"}],"twitter_card":"summary_large_image","twitter_site":"@shrimataji","twitter_misc":{"Est. reading time":"1 minute"},"schema":{"@context":"https:\/\/schema.org","@graph":[{"@type":"WebPage","@id":"https:\/\/shrimataji.org\/test\/tr\/cevrimici-etkinlikler\/","url":"https:\/\/shrimataji.org\/test\/tr\/cevrimici-etkinlikler\/","name":"\u00c7evrimi\u00e7i Etkinlikler - TEST - SMND","isPartOf":{"@id":"https:\/\/shrimataji.org\/test\/#website"},"primaryImageOfPage":{"@id":"https:\/\/shrimataji.org\/test\/tr\/cevrimici-etkinlikler\/#primaryimage"},"image":{"@id":"https:\/\/shrimataji.org\/test\/tr\/cevrimici-etkinlikler\/#primaryimage"},"thumbnailUrl":"https:\/\/shrimataji.org\/test\/wp-content\/uploads\/2023\/03\/Banner-Footer-Castle-1-scaled.jpg","datePublished":"2023-03-18T21:15:49+00:00","dateModified":"2024-07-12T00:01:55+00:00","breadcrumb":{"@id":"https:\/\/shrimataji.org\/test\/tr\/cevrimici-etkinlikler\/#breadcrumb"},"inLanguage":"en-US","potentialAction":[{"@type":"ReadAction","target":["https:\/\/shrimataji.org\/test\/tr\/cevrimici-etkinlikler\/"]}]},{"@type":"ImageObject","inLanguage":"en-US","@id":"https:\/\/shrimataji.org\/test\/tr\/cevrimici-etkinlikler\/#primaryimage","url":"https:\/\/shrimataji.org\/test\/wp-content\/uploads\/2023\/03\/Banner-Footer-Castle-1-scaled.jpg","contentUrl":"https:\/\/shrimataji.org\/test\/wp-content\/uploads\/2023\/03\/Banner-Footer-Castle-1-scaled.jpg","width":2560,"height":905},{"@type":"BreadcrumbList","@id":"https:\/\/shrimataji.org\/test\/tr\/cevrimici-etkinlikler\/#breadcrumb","itemListElement":[{"@type":"ListItem","position":1,"name":"Home","item":"https:\/\/shrimataji.org\/test\/uk\/home-en\/"},{"@type":"ListItem","position":2,"name":"\u00c7evrimi\u00e7i Etkinlikler"}]},{"@type":"WebSite","@id":"https:\/\/shrimataji.org\/test\/#website","url":"https:\/\/shrimataji.org\/test\/","name":"Shri Mataji Nirmala Devi","description":"A Life Dedicated to Humanity","publisher":{"@id":"https:\/\/shrimataji.org\/test\/#\/schema\/person\/a1b3419c6585f164aa96da1ff85715d1"},"potentialAction":[{"@type":"SearchAction","target":{"@type":"EntryPoint","urlTemplate":"https:\/\/shrimataji.org\/test\/?s={search_term_string}"},"query-input":{"@type":"PropertyValueSpecification","valueRequired":true,"valueName":"search_term_string"}}],"inLanguage":"en-US"},{"@type":["Person","Organization"],"@id":"https:\/\/shrimataji.org\/test\/#\/schema\/person\/a1b3419c6585f164aa96da1ff85715d1","name":"Nirmala Shrivastava","image":{"@type":"ImageObject","inLanguage":"en-US","@id":"https:\/\/shrimataji.org\/test\/wp-content\/uploads\/2023\/02\/SMO_LOGO-03.svg","url":"https:\/\/shrimataji.org\/test\/wp-content\/uploads\/2023\/02\/SMO_LOGO-03.svg","contentUrl":"https:\/\/shrimataji.org\/test\/wp-content\/uploads\/2023\/02\/SMO_LOGO-03.svg","width":"1024","height":"1024","caption":"Nirmala Shrivastava"},"logo":{"@id":"https:\/\/shrimataji.org\/test\/wp-content\/uploads\/2023\/02\/SMO_LOGO-03.svg"},"sameAs":["https:\/\/shrimataji.org\/test","https:\/\/www.facebook.com\/shrimataji","https:\/\/x.com\/shrimataji","https:\/\/www.youtube.com\/@Shri_Mataji_Nirmala_Devi\/featured"]}]}},"lang":"tr","translations":{"tr":10190,"am":18045,"th":20011,"hu":19528,"en":9878,"sq":18446,"zh":17343,"pt":10400,"de":10674,"fr":10772,"it":10870,"es":10967,"ja":11264,"ru":11452,"bn":11644,"te":11752,"sw":11875,"he":12023,"el":12315,"sk":12413,"fa":12511,"fi":12609,"bg":13359,"ro":14433,"cs":14626,"nl":16606,"ku":16766,"ar":16942,"be":18653,"kn":18927,"uk":20669,"ml":20964,"gu":28878,"pa":29038},"pll_sync_post":[],"_links":{"self":[{"href":"https:\/\/shrimataji.org\/test\/wp-json\/wp\/v2\/pages\/10190","targetHints":{"allow":["GET"]}}],"collection":[{"href":"https:\/\/shrimataji.org\/test\/wp-json\/wp\/v2\/pages"}],"about":[{"href":"https:\/\/shrimataji.org\/test\/wp-json\/wp\/v2\/types\/page"}],"author":[{"embeddable":true,"href":"https:\/\/shrimataji.org\/test\/wp-json\/wp\/v2\/users\/12"}],"replies":[{"embeddable":true,"href":"https:\/\/shrimataji.org\/test\/wp-json\/wp\/v2\/comments?post=10190"}],"version-history":[{"count":0,"href":"https:\/\/shrimataji.org\/test\/wp-json\/wp\/v2\/pages\/10190\/revisions"}],"wp:featuredmedia":[{"embeddable":true,"href":"https:\/\/shrimataji.org\/test\/wp-json\/wp\/v2\/media\/9552"}],"wp:attachment":[{"href":"https:\/\/shrimataji.org\/test\/wp-json\/wp\/v2\/media?parent=10190"}],"curies":[{"name":"wp","href":"https:\/\/api.w.org\/{rel}","templated":true}]}}