{"id":10191,"date":"2012-09-02T10:00:00","date_gmt":"2012-09-02T10:00:00","guid":{"rendered":"http:\/\/testwordpress.nirmalnagari.org\/smnd\/index.php\/our-spiritual-ascent\/"},"modified":"2024-07-12T00:02:24","modified_gmt":"2024-07-12T00:02:24","slug":"ruhani-yukselisimiz","status":"publish","type":"page","link":"https:\/\/shrimataji.org\/test\/tr\/ruhani-yukselisimiz\/","title":{"rendered":"Ruhani Y\u00fckseli\u015fimiz"},"content":{"rendered":"\n\n\t<h1>Ruhani Y\u00fckseli\u015fimiz<\/h1>\n<h2>16 \u015eubat 1991 tarihinde \u0130talya&#8217;n\u0131n Chianciano Terme \u015fehrinde d\u00fczenlenen bir seminerde yap\u0131lan konu\u015fmadan al\u0131nt\u0131d\u0131r.<\/h2>\n\t<p>Ge\u00e7en g\u00fcn, bu ayd\u0131nlanman\u0131n ve ruhu bilmenin nas\u0131l ger\u00e7ekle\u015ftirildi\u011fine ve insanlar\u0131n nas\u0131l i\u015fkence g\u00f6rd\u00fcklerine dair baz\u0131 kitaplar okuyordum.<\/p>\n\t<p>Her \u015feyden \u00f6nce onlardan \u015f\u00f6yle veya b\u00f6yle bedenlerini inkar etmeleri ve a\u015fa\u011f\u0131lamalar\u0131 istenir. \u015eimdi, e\u011fer beden konfor ar\u0131yorsa, o zaman \u00f6nce onlara yatakta de\u011fil de, bir hal\u0131 \u00fczerinde uyumaya \u00e7al\u0131\u015fmalar\u0131 s\u00f6ylenirdi. O zaman dahi, bu hala yeterli de\u011filse; siz de hal\u0131dan bir paspasa ge\u00e7in &#8211; yine hala yeterli de\u011filse, o zaman belki de Toprak Ana&#8217;ya ge\u00e7er, toprakta uyursunuz. E\u011fer bedeniniz hala iyi de\u011filse, o zaman da ta\u015f\u0131n \u00fczerinde uyumaya ba\u015flars\u0131n\u0131z. Ama yine de Himalayalar \u00e7ok uzakta, \u00e7\u00fcnk\u00fc Shiva Kailash&#8217;ta ya\u015f\u0131yor. Bu y\u00fczden siz Himalayalara gidip buz \u00fczerinde uyursunuz. Minimumda gereken \u015fey buydu.<\/p>\n<p>Sonra iyi yemeklere d\u00fc\u015fk\u00fcn oldu\u011funuz, g\u00f6steri\u015fli yiyecekler yemek istedi\u011finiz, \u00e7ok yedi\u011finiz s\u00f6ylendi, tamam; bu y\u00fczden sevdi\u011finiz her \u015feyi inkar edersiniz, ba\u015flarken sevdi\u011finiz her \u015feyi inkar edersiniz. \u00d6rne\u011fin, \u0130talyanlar makarna yiyemezler. O zaman bunu inkar edin ama bu yeterli de\u011fildir. Bunun ard\u0131ndan \u00e7ok ac\u0131 \u015feyler yemeye ba\u015flars\u0131n\u0131z. Zen sisteminde oldu\u011fu gibi, g\u00fcc\u00fc 108 kez artt\u0131r\u0131lm\u0131\u015f kinin gibi \u015feyler, tamam\u0131yla ac\u0131 olan &#8211; ya da \u00e7ok fazla tatl\u0131 bir \u015fey yemenizi isterler. Bu sayede dilinizi teste sokars\u0131n\u0131z.<\/p>\n<p>Ama mide hala oradad\u0131r. E\u011fer \u00e7ok fazla yiyorsan\u0131z, bir g\u00fcn oru\u00e7 tutars\u0131n\u0131z. Bu da yeterli de\u011fildir. Sonra yedi g\u00fcn oru\u00e7 tutun, sonras\u0131nda k\u0131rk g\u00fcn oru\u00e7 tutun. Yani, bir ayda sadece otuz g\u00fcn var; k\u0131rk g\u00fcn oru\u00e7 tutmakla siz zaten bitmi\u015fsiniz demektir. Nirvana i\u00e7in kefaret \u00e7ekmek zorunda kal\u0131rsan\u0131z, i\u015fte b\u00f6yle yapars\u0131n\u0131z. Nirvana&#8217;ya ula\u015f\u0131rs\u0131n\u0131z \u00e7\u00fcnk\u00fc \u00f6ld\u00fcn\u00fcz, bittiniz, bak\u0131n, sizden geriye hi\u00e7bir \u015fey kalmad\u0131, kemiklerden ba\u015fka bir \u015fey yok ve daha sonra bu kemikler Nirvana&#8217;ya ula\u015f\u0131rlar. Nihayetinde bunu \u00f6l\u00fcm takip eder, yani bittiniz ve Nirvana var, buna \u015f\u00fcphe yok.<\/p>\n\t\t\t\t<img loading=\"lazy\" decoding=\"async\" src=\"https:\/\/shrimataji.org\/test\/wp-content\/uploads\/2018\/07\/media_originals\/images\/shri-mataji-portraits\/shri-mataji-explaining-742x1024.jpg\" alt=\"shri-mataji-explaining\" height=\"1024\" width=\"742\" title=\"shri-mataji-explaining\" \/>\n\t<p>Sonra bir evde oturmazs\u0131n\u0131z \u00e7\u00fcnk\u00fc ev rahatl\u0131kt\u0131r. Kar\u0131n\u0131z\u0131 b\u0131rak\u0131n, \u00e7ocuklar\u0131n\u0131z\u0131 b\u0131rak\u0131n, herkesi terk edin. \u015eimdi, sar\u0131nd\u0131\u011f\u0131n\u0131z bir bez giyinin sadece ve gidip insanlardan sadaka dilenin. Bu k\u0131yafetlerde de hala sorun vard\u0131r, \u00e7\u00fcnk\u00fc bezinize ba\u011f\u0131ml\u0131s\u0131n\u0131z. Bu y\u00fczden sizi g\u00f6recek kimsenin olmad\u0131\u011f\u0131 Himalayalara gider, k\u0131yafetlerinizi \u00e7\u0131kar\u0131r ve o so\u011fukta ba\u015ftan aya\u011fa titreyerek orada durursunuz. O zaman Nirvana&#8217;n\u0131z\u0131 alacaks\u0131n\u0131z. Bu \u015fekilde Nirvana al\u0131rs\u0131n\u0131z. T\u00fcm bu ko\u015fullar en ba\u015fta bedeninizin taleplerini yok edecek \u015fekilde olu\u015fturulmu\u015ftur. Bedeninize &#8220;Hay\u0131r, hi\u00e7bir \u015fey yapmazs\u0131n. Sen Nirvana&#8217;n\u0131 halletsen daha iyi olur&#8221;, dersiniz.<\/p>\n\t<div class=\"su-quote su-quote-style-default\"><div class=\"su-quote-inner su-u-clearfix su-u-trim\">Bu kalbinizden ba\u015flay\u0131p, beyninize gider, bu sizin ne\u015feyi deneyimlemenizden kaynaklanan ve beyninizi kaplayan bir \u015feydir.<\/p>\n<p>Bu sayede beyniniz art\u0131k onu inkar edemez. Bu y\u00fczden \u00f6nemlidir, \u00f6zellikle de bat\u0131daki insanlar i\u00e7in, \u015fimdi kalbinizi a\u00e7\u0131n, \u00e7\u00fcnk\u00fc bu, beyninizden de\u011fil, kalpten ba\u015flar.<\/div><\/div>\n\t<p>\u0130kinci \u015fey ise, sizi duyulara, ne\u015feye g\u00f6t\u00fcren zihninizi yok etmekti. Varsayal\u0131m ki, bir \u015feye sahip olmak istiyorsunuz, bir \u015feyi \u00e7ok istiyorsunuz, bu y\u00fczden siz onu ink\u00e2r edin, ink\u00e2r edin. Zihninizin s\u00f6yledi\u011fi her \u015feye, sadece &#8220;Hay\u0131r, hay\u0131r, hay\u0131r&#8221; deyin. Sanskrit\u00e7e olan shloka (Belli bir \u00f6l\u00e7\u00fc ta\u015f\u0131yan \u015fiir veya ilahi) \u015f\u00f6yledir, &#8220;Yat neti neti vachane, nigamo vacha&#8221; &#8211; yani siz &#8220;neti, neti&#8221; demeye devam edersiniz: &#8220;Hay\u0131r, bu de\u011fil, bu de\u011fil, bu de\u011fil, bu de\u011fil.&#8221; Ve sonras\u0131nda &#8211; siz \u00fczerinde tart\u0131\u015fabilirsiniz, sadece tart\u0131\u015f\u0131rs\u0131n\u0131z &#8211; evet, Nirvana.<\/p>\n<p>Bundan \u00f6nce Nirvana&#8217;y\u0131 tart\u0131\u015fmaya bile de\u011fmezsiniz. Bu kitab\u0131 okudu\u011fumda, &#8220;Baba(karde\u015fim), Ben pes ediyorum. Bu \u00e7ok fazla&#8221; dedim.<\/p>\n\t<p>Ama Sahaja Yoga&#8217;da bu, tam tersidir, bu \u00f6nce binan\u0131n tepesini sonrada temelini in\u015fa etmek gibidir. Ula\u015f\u0131lan ilk \u015fey Sahasrara&#8217;n\u0131z\u0131 a\u00e7makt\u0131.<\/p>\n<p>Ve sonra Sahasrara&#8217;n\u0131n \u0131\u015f\u0131\u011f\u0131nda kendinizi izlemeli ve kendiniz g\u00f6rmelisiniz. Yava\u015f yava\u015f i\u00e7 g\u00f6zlem yapmak daha iyi bir \u015fey, vibrasyonlar yoluyla sebebini g\u00f6rmek: ben bunu neden istiyorum? Dikkatim neden rahatl\u0131\u011f\u0131ma y\u00f6neliyor? Dikkatim neden yeme\u011fe gidiyor, en y\u00fcksek seviyeye ula\u015fmam gerekti\u011finde dikkatim neden aileme, neden \u00e7ocuklar\u0131ma gidiyor? Yani siz kendiniz i\u00e7 g\u00f6zlem yapmaya ba\u015flars\u0131n\u0131z. O zaman sizde yanl\u0131\u015f giden bir \u015fey oldu\u011funu, vibrasyonlar\u0131n\u0131zla da biliyorsunuz. O zaman ba\u015fkalar\u0131n\u0131n nesinin yanl\u0131\u015f oldu\u011funu, ba\u015fkalar\u0131n\u0131 g\u00f6rmeye \u00e7al\u0131\u015fmaz, kendinizi g\u00f6rmeye ba\u015flars\u0131n\u0131z; \u00e7\u00fcnk\u00fc ba\u015farman\u0131z gereken \u015fey, sizin kendi y\u00fckseli\u015finizdir.<\/p>\n\t<p>Ama eski zamanlarda, b\u00fct\u00fcn bu \u015feyler bireysel olarak yap\u0131ld\u0131. Nirvana yoluna ba\u015flayan bir ki\u015fi, ekanta girer, bunun anlam\u0131 o ki\u015finin yaln\u0131z oldu\u011fu yerlere gitmesidir, insanlardan uzak durur, onlardan ka\u00e7\u0131n\u0131r, yapacak bir \u015feyleri yoktur ve bu y\u00fckseli\u015fe ula\u015f\u0131r, kendi ayd\u0131nlanmas\u0131 sadece kendisi i\u00e7indir. Ba\u015fkalar\u0131 i\u00e7in de\u011fildir.<\/p>\n<p>Sonra da bu beyefendi kesinlikle se\u00e7kin birisi olurdu. Kimseyle konu\u015fmazd\u0131, kimseyle tan\u0131\u015fmazd\u0131 ve uzak bir da\u011f\u0131n tepesinde bir yerde otururdu. Onunla bulu\u015fmaya \u00e7al\u0131\u015fan herkes ta\u015f atar veya her t\u00fcrl\u00fc korkun\u00e7 \u015feyi s\u00f6yler ve o ki\u015fiyle asla tan\u0131\u015fmazd\u0131.<\/p>\n<p>Fakat Sahaja Yoga ayn\u0131 \u015fey de\u011fildir. Sahaja Yoga b\u00fct\u00fcn\u00fcn y\u00fckseli\u015fidir. Bu t\u00fcr bireysel ba\u015far\u0131lar insanlar\u0131 hi\u00e7bir yere g\u00f6t\u00fcrmedi. Azizler elbette ki insanlarla konu\u015fmaya, onlara ayd\u0131nlanmadan bahsetmeye, Tanr\u0131 hakk\u0131nda, do\u011fruluk, de\u011ferler sistemi hakk\u0131nda konu\u015fmaya \u00e7al\u0131\u015ft\u0131lar; ama onlar da insanlar i\u00e7in garip bir \u015fey olarak g\u00f6r\u00fcld\u00fcler, i\u015fkence g\u00f6rd\u00fcler ve rahats\u0131z edildiler.<\/p>\n<p>Dolay\u0131s\u0131yla, bireysel bir y\u00fckseli\u015f d\u00fczeyinde, Sahaja Yoga gelene dek, bunun hakk\u0131nda konu\u015fmak, anlatmak d\u0131\u015f\u0131nda, ba\u015fkalar\u0131 i\u00e7in onlar hi\u00e7bir \u015fey yapamazlard\u0131. Bu konuda konu\u015fmak bile yasaklanm\u0131\u015ft\u0131. Hindistan&#8217;da on ikinci y\u00fczy\u0131la kadar hi\u00e7 kimse halkla bu konuda konu\u015fmad\u0131. Hepsi Sanskrit\u00e7e&#8217;ydi, sadece \u00e7ok zor olan Sanskrit\u00e7e kitaplar \u00e7ok az say\u0131da aday\u0131n eri\u015fimine m\u00fcsaitti. \u00c7ok, hatta \u00e7ok az say\u0131da ki\u015fiye, az say\u0131da insana a\u00e7\u0131kland\u0131 ama ayd\u0131nlanma verilmesi reddedildi.<\/p>\n\t\t\t\t<img loading=\"lazy\" decoding=\"async\" src=\"https:\/\/shrimataji.org\/test\/wp-content\/uploads\/2021\/03\/william-blake-jakobs-ladder.jpg\" alt=\"Yakup&#039;un Ruhani Y\u00fckseli\u015f Merdiveni, William Blake\" height=\"1000\" width=\"787\" title=\"william-blake-jakobs-ladder\" \/>\n\t\tYakup&#8217;un Ruhani Y\u00fckseli\u015f Merdiveni, William Blake\n\t<p>Yani bir \u00fcstad\u0131n sadece bir m\u00fcridi vard\u0131 ve bunlar\u0131n hepsi bireysel y\u00fckseli\u015f, bireysel \u00e7al\u0131\u015fma idi. B\u00f6yle bir \u00f6\u011frenci ba\u015fkalar\u0131ndan ayr\u0131l\u0131rd\u0131 \u200b\u200bve gizli tutulurdu, onun \u00fczerinde \u00e7al\u0131\u015f\u0131l\u0131rd\u0131 ve o ki\u015fi sadece \u015fark\u0131 s\u00f6yleyebilir, \u015fiirler yazabilir, bunun hakk\u0131nda konu\u015fabilir, kendi sevincinin ne oldu\u011funu anlatabilirdi ama kimseye ayd\u0131nlanma verme hakk\u0131 yoktu, zaten ne de nas\u0131l ayd\u0131nlanma verece\u011fini biliyordu.<\/p>\n<p>\u015eimdi, siz ne kadar ilerledi\u011finizi g\u00f6r\u00fcyorsunuz. \u00c7ok fazla \u015feyi b\u0131rakmadan ayd\u0131nlanman\u0131z\u0131 ald\u0131n\u0131z. \u00c7ok daha geni\u015f bir \u00f6l\u00e7ekte \u00e7al\u0131\u015fabilir, ba\u015fkalar\u0131na ayd\u0131nlanma verebilirsiniz. Sahaja Yoga hakk\u0131ndaki b\u00fct\u00fcn s\u00fcptil bilgileri biliyorsunuz.<\/p>\n<p>\u00d6rne\u011fin, Shankaracharya, &#8220;Viveka Chudamani&#8221; ad\u0131 verilen Tanr\u0131&#8217;n\u0131n ne oldu\u011funu, \u015funu bunu tarif eden g\u00fczel bir eser yazd\u0131; ve &#8220;viveka&#8221;, \u015fuur, bilin\u00e7 anlam\u0131na gelir ve o, olduk\u00e7a fazla \u015fekilde tarif etti. Ama onunla tart\u0131\u015fmaya ba\u015flayan Sarma ad\u0131nda korkun\u00e7 bir adam vard\u0131 ve Shankaracharya ondan b\u0131km\u0131\u015ft\u0131. &#8220;Onlarla konu\u015fman\u0131n faydas\u0131 yok.&#8221; dedi.<\/p>\n<p>Bunun \u00fczerine\u00a0<em>Saundarya Lahari<\/em>\u00a0(g\u00fczellik dalgalar\u0131) kitab\u0131n\u0131 yazd\u0131.\u00a0<em>Saundarya Lahari<\/em>, bu kitap Anneyi \u00f6ven mantralardan ba\u015fka bir \u015fey de\u011fildir. O, &#8220;Neden, Ben Annemi tan\u0131yorum, \u015fimdi onu \u00f6vmeme izin verin. Onlar hi\u00e7bir \u015fey yapm\u0131yorlar &#8211; bu insanlarla konu\u015fman\u0131n ne yarar\u0131 var ki? Aptal \u015feyler, onlar bunu nas\u0131l anlayacaklar?&#8221; dedi ve \u015funu anlad\u0131, &#8220;Bu insanlar benim bildiklerimi anlayacak kapasiteye, bu duyarl\u0131l\u0131\u011fa sahip de\u011filler.&#8221;<\/p>\n\t\t\t\t<img loading=\"lazy\" decoding=\"async\" src=\"https:\/\/shrimataji.org\/test\/wp-content\/uploads\/2021\/03\/shri-mataji-speaking-about-spirituality-and-sahaja-yoga.jpg\" alt=\"Shri Mataji, Ruhaniyet ve Sahaja Yoga Hakk\u0131nda Konu\u015fuyor\" height=\"2310\" width=\"1500\" title=\"shri-mataji-speaking-about-spirituality-and-sahaja-yoga\" \/>\n\t\tShri Mataji, Ruhaniyet ve Sahaja Yoga Hakk\u0131nda Konu\u015fuyor\n\t<p>Ger\u00e7ek bilgi budur, Tanr\u0131&#8217;n\u0131n ne oldu\u011funu bilmektir. Ve e\u011fer Tanr\u0131 buysa, siz bir \u015feyden nas\u0131l \u015f\u00fcphelenebilirsiniz, bir \u015feyi nas\u0131l analiz etmeye \u00e7al\u0131\u015fabilirsiniz? Bu Tanr\u0131&#8217;d\u0131r. Her \u015feyi bilen, her \u015feyi yapan, her \u015feyden ne\u015fe duyan Y\u00fcce Tanr\u0131&#8217;d\u0131r.<\/p>\n<p>Bu sizin Gyana demeniz gereken \u015feydir, bilgidir, ger\u00e7ek bilgidir, saf bilgidir. Bu \u00e7akralar\u0131n bilgisi de\u011fildir, vibrasyonlar\u0131n bilgisi de\u011fil, Kundalini&#8217;nin bilgisi de\u011fil, Y\u00fcce Tanr\u0131&#8217;n\u0131n bilgisidir. Kadir-i Mutlak Tanr\u0131&#8217;n\u0131n bilgisi akli de\u011fildir.<\/p>\n<p>Yine s\u00f6yl\u00fcyorum, bu kalbinizden ba\u015flar ve beyninize gider, bu sizin ne\u015fe deneyiminizden \u00e7\u0131k\u0131p ve beyninizi kaplayan bir \u015feydir. Bu sayede beyniniz art\u0131k bunu ink\u00e2r edemez.<\/p>\n<p>Mesela &#8211; bazen anneniz oldu\u011funda, k\u00fc\u00e7\u00fck anneniz oldu\u011funda, annenizin sevgisini bilir ama a\u00e7\u0131klayamazs\u0131n\u0131z, bu kalbinizden gelir ve siz &#8220;Hay\u0131r, bu benim annem, o b\u00f6yle yapmayacakt\u0131r. Ben annemi \u00e7ok iyi tan\u0131yorum&#8221; dersiniz. Sizi do\u011furan anneniz hakk\u0131ndaki bilgi; olmayabilir de, anne \u00e7ok iyi olmayabilir ya da her neyse. Fakat Tanr\u0131 hakk\u0131ndaki bilgi yani O&#8217;nun sevgi, hakikat oldu\u011funa, O&#8217;nun her\u015feyi bildi\u011fine, sizin varl\u0131\u011f\u0131n\u0131z\u0131n ayr\u0131lmaz bir par\u00e7as\u0131 oldu\u011funa dair mutlak bilgi geldi\u011finde, i\u015fte o zaman biz buna Nirvana deriz.<\/p>\n<p>Bu y\u00fczden, bu \u00f6zellikle Bat\u0131l\u0131lar i\u00e7in \u00f6nemlidir. \u015eimdi kalplerinizi a\u00e7\u0131n, \u00e7\u00fcnk\u00fc bu beyninizden de\u011fil, kalpten ba\u015flar.<\/p>\n\n","protected":false},"excerpt":{"rendered":"<p>Ruhani Y\u00fckseli\u015fimiz 16 \u015eubat 1991 tarihinde \u0130talya&#8217;n\u0131n Chianciano Terme \u015fehrinde d\u00fczenlenen bir seminerde yap\u0131lan konu\u015fmadan al\u0131nt\u0131d\u0131r. Ge\u00e7en g\u00fcn, bu ayd\u0131nlanman\u0131n ve ruhu bilmenin nas\u0131l ger\u00e7ekle\u015ftirildi\u011fine ve insanlar\u0131n nas\u0131l i\u015fkence g\u00f6rd\u00fcklerine dair baz\u0131 kitaplar okuyordum. Her \u015feyden \u00f6nce onlardan \u015f\u00f6yle veya b\u00f6yle bedenlerini inkar etmeleri ve a\u015fa\u011f\u0131lamalar\u0131 istenir. \u015eimdi, e\u011fer beden konfor ar\u0131yorsa, o zaman \u00f6nce&hellip; <br \/> <a class=\"read-more\" href=\"https:\/\/shrimataji.org\/test\/tr\/ruhani-yukselisimiz\/\">Read more<\/a><\/p>\n","protected":false},"author":12,"featured_media":140,"parent":0,"menu_order":0,"comment_status":"closed","ping_status":"closed","template":"","meta":{"inline_featured_image":false,"footnotes":""},"class_list":["post-10191","page","type-page","status-publish","has-post-thumbnail","hentry"],"yoast_head":"<!-- This site is optimized with the Yoast SEO plugin v27.4 - https:\/\/yoast.com\/product\/yoast-seo-wordpress\/ -->\n<title>Ruhani Y\u00fckseli\u015fimiz - TEST - SMND<\/title>\n<meta name=\"robots\" content=\"noindex, follow, max-snippet:-1, max-image-preview:large, max-video-preview:-1\" \/>\n<meta property=\"og:locale\" content=\"en_US\" \/>\n<meta property=\"og:type\" content=\"article\" \/>\n<meta property=\"og:title\" content=\"Ruhani Y\u00fckseli\u015fimiz - TEST - SMND\" \/>\n<meta property=\"og:description\" content=\"Ruhani Y\u00fckseli\u015fimiz 16 \u015eubat 1991 tarihinde \u0130talya&#8217;n\u0131n Chianciano Terme \u015fehrinde d\u00fczenlenen bir seminerde yap\u0131lan konu\u015fmadan al\u0131nt\u0131d\u0131r. Ge\u00e7en g\u00fcn, bu ayd\u0131nlanman\u0131n ve ruhu bilmenin nas\u0131l ger\u00e7ekle\u015ftirildi\u011fine ve insanlar\u0131n nas\u0131l i\u015fkence g\u00f6rd\u00fcklerine dair baz\u0131 kitaplar okuyordum. Her \u015feyden \u00f6nce onlardan \u015f\u00f6yle veya b\u00f6yle bedenlerini inkar etmeleri ve a\u015fa\u011f\u0131lamalar\u0131 istenir. \u015eimdi, e\u011fer beden konfor ar\u0131yorsa, o zaman \u00f6nce&hellip; Read more\" \/>\n<meta property=\"og:url\" content=\"https:\/\/shrimataji.org\/test\/tr\/ruhani-yukselisimiz\/\" \/>\n<meta property=\"og:site_name\" content=\"TEST - SMND\" \/>\n<meta property=\"article:publisher\" content=\"https:\/\/www.facebook.com\/shrimataji\" \/>\n<meta property=\"article:modified_time\" content=\"2024-07-12T00:02:24+00:00\" \/>\n<meta property=\"og:image\" content=\"https:\/\/shrimataji.org\/test\/wp-content\/uploads\/2018\/07\/media_originals\/images\/headers-general\/jacobs-ladder-by-william-blake-spiritual-ascent.jpg\" \/>\n\t<meta property=\"og:image:width\" content=\"990\" \/>\n\t<meta property=\"og:image:height\" content=\"350\" \/>\n\t<meta property=\"og:image:type\" content=\"image\/jpeg\" \/>\n<meta name=\"twitter:card\" content=\"summary_large_image\" \/>\n<meta name=\"twitter:site\" content=\"@shrimataji\" \/>\n<script type=\"application\/ld+json\" class=\"yoast-schema-graph\">{\"@context\":\"https:\\\/\\\/schema.org\",\"@graph\":[{\"@type\":\"WebPage\",\"@id\":\"https:\\\/\\\/shrimataji.org\\\/test\\\/tr\\\/ruhani-yukselisimiz\\\/\",\"url\":\"https:\\\/\\\/shrimataji.org\\\/test\\\/tr\\\/ruhani-yukselisimiz\\\/\",\"name\":\"Ruhani Y\u00fckseli\u015fimiz - TEST - SMND\",\"isPartOf\":{\"@id\":\"https:\\\/\\\/shrimataji.org\\\/test\\\/#website\"},\"primaryImageOfPage\":{\"@id\":\"https:\\\/\\\/shrimataji.org\\\/test\\\/tr\\\/ruhani-yukselisimiz\\\/#primaryimage\"},\"image\":{\"@id\":\"https:\\\/\\\/shrimataji.org\\\/test\\\/tr\\\/ruhani-yukselisimiz\\\/#primaryimage\"},\"thumbnailUrl\":\"https:\\\/\\\/shrimataji.org\\\/test\\\/wp-content\\\/uploads\\\/2018\\\/07\\\/media_originals\\\/images\\\/headers-general\\\/jacobs-ladder-by-william-blake-spiritual-ascent.jpg\",\"datePublished\":\"2012-09-02T10:00:00+00:00\",\"dateModified\":\"2024-07-12T00:02:24+00:00\",\"breadcrumb\":{\"@id\":\"https:\\\/\\\/shrimataji.org\\\/test\\\/tr\\\/ruhani-yukselisimiz\\\/#breadcrumb\"},\"inLanguage\":\"en-US\",\"potentialAction\":[{\"@type\":\"ReadAction\",\"target\":[\"https:\\\/\\\/shrimataji.org\\\/test\\\/tr\\\/ruhani-yukselisimiz\\\/\"]}]},{\"@type\":\"ImageObject\",\"inLanguage\":\"en-US\",\"@id\":\"https:\\\/\\\/shrimataji.org\\\/test\\\/tr\\\/ruhani-yukselisimiz\\\/#primaryimage\",\"url\":\"https:\\\/\\\/shrimataji.org\\\/test\\\/wp-content\\\/uploads\\\/2018\\\/07\\\/media_originals\\\/images\\\/headers-general\\\/jacobs-ladder-by-william-blake-spiritual-ascent.jpg\",\"contentUrl\":\"https:\\\/\\\/shrimataji.org\\\/test\\\/wp-content\\\/uploads\\\/2018\\\/07\\\/media_originals\\\/images\\\/headers-general\\\/jacobs-ladder-by-william-blake-spiritual-ascent.jpg\",\"width\":990,\"height\":350},{\"@type\":\"BreadcrumbList\",\"@id\":\"https:\\\/\\\/shrimataji.org\\\/test\\\/tr\\\/ruhani-yukselisimiz\\\/#breadcrumb\",\"itemListElement\":[{\"@type\":\"ListItem\",\"position\":1,\"name\":\"Home\",\"item\":\"https:\\\/\\\/shrimataji.org\\\/test\\\/uk\\\/home-en\\\/\"},{\"@type\":\"ListItem\",\"position\":2,\"name\":\"Ruhani Y\u00fckseli\u015fimiz\"}]},{\"@type\":\"WebSite\",\"@id\":\"https:\\\/\\\/shrimataji.org\\\/test\\\/#website\",\"url\":\"https:\\\/\\\/shrimataji.org\\\/test\\\/\",\"name\":\"Shri Mataji Nirmala Devi\",\"description\":\"A Life Dedicated to Humanity\",\"publisher\":{\"@id\":\"https:\\\/\\\/shrimataji.org\\\/test\\\/#\\\/schema\\\/person\\\/a1b3419c6585f164aa96da1ff85715d1\"},\"potentialAction\":[{\"@type\":\"SearchAction\",\"target\":{\"@type\":\"EntryPoint\",\"urlTemplate\":\"https:\\\/\\\/shrimataji.org\\\/test\\\/?s={search_term_string}\"},\"query-input\":{\"@type\":\"PropertyValueSpecification\",\"valueRequired\":true,\"valueName\":\"search_term_string\"}}],\"inLanguage\":\"en-US\"},{\"@type\":[\"Person\",\"Organization\"],\"@id\":\"https:\\\/\\\/shrimataji.org\\\/test\\\/#\\\/schema\\\/person\\\/a1b3419c6585f164aa96da1ff85715d1\",\"name\":\"Nirmala Shrivastava\",\"image\":{\"@type\":\"ImageObject\",\"inLanguage\":\"en-US\",\"@id\":\"https:\\\/\\\/shrimataji.org\\\/test\\\/wp-content\\\/uploads\\\/2023\\\/02\\\/SMO_LOGO-03.svg\",\"url\":\"https:\\\/\\\/shrimataji.org\\\/test\\\/wp-content\\\/uploads\\\/2023\\\/02\\\/SMO_LOGO-03.svg\",\"contentUrl\":\"https:\\\/\\\/shrimataji.org\\\/test\\\/wp-content\\\/uploads\\\/2023\\\/02\\\/SMO_LOGO-03.svg\",\"width\":\"1024\",\"height\":\"1024\",\"caption\":\"Nirmala Shrivastava\"},\"logo\":{\"@id\":\"https:\\\/\\\/shrimataji.org\\\/test\\\/wp-content\\\/uploads\\\/2023\\\/02\\\/SMO_LOGO-03.svg\"},\"sameAs\":[\"https:\\\/\\\/shrimataji.org\\\/test\",\"https:\\\/\\\/www.facebook.com\\\/shrimataji\",\"https:\\\/\\\/x.com\\\/shrimataji\",\"https:\\\/\\\/www.youtube.com\\\/@Shri_Mataji_Nirmala_Devi\\\/featured\"]}]}<\/script>\n<!-- \/ Yoast SEO plugin. -->","yoast_head_json":{"title":"Ruhani Y\u00fckseli\u015fimiz - TEST - SMND","robots":{"index":"noindex","follow":"follow","max-snippet":"max-snippet:-1","max-image-preview":"max-image-preview:large","max-video-preview":"max-video-preview:-1"},"og_locale":"en_US","og_type":"article","og_title":"Ruhani Y\u00fckseli\u015fimiz - TEST - SMND","og_description":"Ruhani Y\u00fckseli\u015fimiz 16 \u015eubat 1991 tarihinde \u0130talya&#8217;n\u0131n Chianciano Terme \u015fehrinde d\u00fczenlenen bir seminerde yap\u0131lan konu\u015fmadan al\u0131nt\u0131d\u0131r. Ge\u00e7en g\u00fcn, bu ayd\u0131nlanman\u0131n ve ruhu bilmenin nas\u0131l ger\u00e7ekle\u015ftirildi\u011fine ve insanlar\u0131n nas\u0131l i\u015fkence g\u00f6rd\u00fcklerine dair baz\u0131 kitaplar okuyordum. Her \u015feyden \u00f6nce onlardan \u015f\u00f6yle veya b\u00f6yle bedenlerini inkar etmeleri ve a\u015fa\u011f\u0131lamalar\u0131 istenir. \u015eimdi, e\u011fer beden konfor ar\u0131yorsa, o zaman \u00f6nce&hellip; Read more","og_url":"https:\/\/shrimataji.org\/test\/tr\/ruhani-yukselisimiz\/","og_site_name":"TEST - SMND","article_publisher":"https:\/\/www.facebook.com\/shrimataji","article_modified_time":"2024-07-12T00:02:24+00:00","og_image":[{"width":990,"height":350,"url":"https:\/\/shrimataji.org\/test\/wp-content\/uploads\/2018\/07\/media_originals\/images\/headers-general\/jacobs-ladder-by-william-blake-spiritual-ascent.jpg","type":"image\/jpeg"}],"twitter_card":"summary_large_image","twitter_site":"@shrimataji","schema":{"@context":"https:\/\/schema.org","@graph":[{"@type":"WebPage","@id":"https:\/\/shrimataji.org\/test\/tr\/ruhani-yukselisimiz\/","url":"https:\/\/shrimataji.org\/test\/tr\/ruhani-yukselisimiz\/","name":"Ruhani Y\u00fckseli\u015fimiz - TEST - SMND","isPartOf":{"@id":"https:\/\/shrimataji.org\/test\/#website"},"primaryImageOfPage":{"@id":"https:\/\/shrimataji.org\/test\/tr\/ruhani-yukselisimiz\/#primaryimage"},"image":{"@id":"https:\/\/shrimataji.org\/test\/tr\/ruhani-yukselisimiz\/#primaryimage"},"thumbnailUrl":"https:\/\/shrimataji.org\/test\/wp-content\/uploads\/2018\/07\/media_originals\/images\/headers-general\/jacobs-ladder-by-william-blake-spiritual-ascent.jpg","datePublished":"2012-09-02T10:00:00+00:00","dateModified":"2024-07-12T00:02:24+00:00","breadcrumb":{"@id":"https:\/\/shrimataji.org\/test\/tr\/ruhani-yukselisimiz\/#breadcrumb"},"inLanguage":"en-US","potentialAction":[{"@type":"ReadAction","target":["https:\/\/shrimataji.org\/test\/tr\/ruhani-yukselisimiz\/"]}]},{"@type":"ImageObject","inLanguage":"en-US","@id":"https:\/\/shrimataji.org\/test\/tr\/ruhani-yukselisimiz\/#primaryimage","url":"https:\/\/shrimataji.org\/test\/wp-content\/uploads\/2018\/07\/media_originals\/images\/headers-general\/jacobs-ladder-by-william-blake-spiritual-ascent.jpg","contentUrl":"https:\/\/shrimataji.org\/test\/wp-content\/uploads\/2018\/07\/media_originals\/images\/headers-general\/jacobs-ladder-by-william-blake-spiritual-ascent.jpg","width":990,"height":350},{"@type":"BreadcrumbList","@id":"https:\/\/shrimataji.org\/test\/tr\/ruhani-yukselisimiz\/#breadcrumb","itemListElement":[{"@type":"ListItem","position":1,"name":"Home","item":"https:\/\/shrimataji.org\/test\/uk\/home-en\/"},{"@type":"ListItem","position":2,"name":"Ruhani Y\u00fckseli\u015fimiz"}]},{"@type":"WebSite","@id":"https:\/\/shrimataji.org\/test\/#website","url":"https:\/\/shrimataji.org\/test\/","name":"Shri Mataji Nirmala Devi","description":"A Life Dedicated to Humanity","publisher":{"@id":"https:\/\/shrimataji.org\/test\/#\/schema\/person\/a1b3419c6585f164aa96da1ff85715d1"},"potentialAction":[{"@type":"SearchAction","target":{"@type":"EntryPoint","urlTemplate":"https:\/\/shrimataji.org\/test\/?s={search_term_string}"},"query-input":{"@type":"PropertyValueSpecification","valueRequired":true,"valueName":"search_term_string"}}],"inLanguage":"en-US"},{"@type":["Person","Organization"],"@id":"https:\/\/shrimataji.org\/test\/#\/schema\/person\/a1b3419c6585f164aa96da1ff85715d1","name":"Nirmala Shrivastava","image":{"@type":"ImageObject","inLanguage":"en-US","@id":"https:\/\/shrimataji.org\/test\/wp-content\/uploads\/2023\/02\/SMO_LOGO-03.svg","url":"https:\/\/shrimataji.org\/test\/wp-content\/uploads\/2023\/02\/SMO_LOGO-03.svg","contentUrl":"https:\/\/shrimataji.org\/test\/wp-content\/uploads\/2023\/02\/SMO_LOGO-03.svg","width":"1024","height":"1024","caption":"Nirmala Shrivastava"},"logo":{"@id":"https:\/\/shrimataji.org\/test\/wp-content\/uploads\/2023\/02\/SMO_LOGO-03.svg"},"sameAs":["https:\/\/shrimataji.org\/test","https:\/\/www.facebook.com\/shrimataji","https:\/\/x.com\/shrimataji","https:\/\/www.youtube.com\/@Shri_Mataji_Nirmala_Devi\/featured"]}]}},"lang":"tr","translations":{"tr":10191,"ur":37473,"en":429,"am":18046,"th":20013,"hu":19530,"sq":18447,"zh":17344,"pt":10401,"de":10675,"fr":10773,"it":10871,"es":10968,"ja":11265,"ru":11453,"bn":11645,"te":11753,"sw":11876,"he":12024,"el":12316,"sk":12414,"fa":12512,"fi":12610,"bg":13500,"ro":14575,"cs":14768,"nl":16607,"ku":16767,"ar":16943,"be":18654,"kn":18928,"mr":20377,"uk":20671,"ml":20966,"ta":22765,"sv":23035,"gu":28879,"pa":29039,"fil":29483,"da":37784,"pl":37996,"nn":38336},"pll_sync_post":[],"_links":{"self":[{"href":"https:\/\/shrimataji.org\/test\/wp-json\/wp\/v2\/pages\/10191","targetHints":{"allow":["GET"]}}],"collection":[{"href":"https:\/\/shrimataji.org\/test\/wp-json\/wp\/v2\/pages"}],"about":[{"href":"https:\/\/shrimataji.org\/test\/wp-json\/wp\/v2\/types\/page"}],"author":[{"embeddable":true,"href":"https:\/\/shrimataji.org\/test\/wp-json\/wp\/v2\/users\/12"}],"replies":[{"embeddable":true,"href":"https:\/\/shrimataji.org\/test\/wp-json\/wp\/v2\/comments?post=10191"}],"version-history":[{"count":0,"href":"https:\/\/shrimataji.org\/test\/wp-json\/wp\/v2\/pages\/10191\/revisions"}],"wp:featuredmedia":[{"embeddable":true,"href":"https:\/\/shrimataji.org\/test\/wp-json\/wp\/v2\/media\/140"}],"wp:attachment":[{"href":"https:\/\/shrimataji.org\/test\/wp-json\/wp\/v2\/media?parent=10191"}],"curies":[{"name":"wp","href":"https:\/\/api.w.org\/{rel}","templated":true}]}}