{"id":10194,"date":"2015-02-02T03:00:00","date_gmt":"2015-02-02T03:00:00","guid":{"rendered":"http:\/\/testwordpress.nirmalnagari.org\/smnd\/index.php\/poems-by-shri-mataji\/"},"modified":"2024-07-12T00:02:26","modified_gmt":"2024-07-12T00:02:26","slug":"shri-matajinin-siirleri","status":"publish","type":"page","link":"https:\/\/shrimataji.org\/test\/tr\/shri-matajinin-siirleri\/","title":{"rendered":"Shri Mataji&#8217;nin \u015eiirleri"},"content":{"rendered":"\n\n\t<h1>Bir Toz Zerresi Olmak<\/h1>\nBen r\u00fczgarla u\u00e7up,<br \/>\nD\u00f6rt bir yana giden,<br \/>\nBir toz zerresi gibi olmak istiyorum.\nO zerre gidip bir kral\u0131n ba\u015f\u0131na da konabilir,<br \/>\nveya gidip birilerinin aya\u011f\u0131n\u0131n \u00fczerine d\u00fc\u015febilir,<br \/>\nya da u\u00e7up k\u00fc\u00e7\u00fcc\u00fck bir \u00e7i\u00e7e\u011fin \u00fczerinde de kalabilir.\nAma ben gene de,<br \/>\nBu gidip her yere konan,<br \/>\noraya koku veren,<br \/>\nbesleyip, ayd\u0131nlatan\n<p>Bir toz zerresi olmay\u0131 istiyorum.<\/p>\n<h4><strong>Shri Mataji Nirmala Devi,<\/strong><\/h4>\n<h4>Yedi ya\u015f\u0131nda ve s\u00f6yledi\u011fi gibi, Dhule, Hindistan, 14 Ocak 1983<\/h4>\n\t<h1>\u00c7i\u00e7ek \u00c7ocuklar\u0131ma<\/h1>\nHayata k\u0131zg\u0131ns\u0131n\u0131z<br \/>\nAnnesini karanl\u0131kta kaybetmi\u015f<br \/>\nK\u00fc\u00e7\u00fck \u00e7ocuklar gibi.<br \/>\nAs\u0131k suratlar\u0131n\u0131z umutsuzlu\u011fu ifade ediyor<br \/>\nYolculu\u011funuzun ba\u015far\u0131s\u0131z sonucunda.<br \/>\n\nG\u00fczelli\u011fi ke\u015ffetmek i\u00e7in \u00e7irkinli\u011fi ku\u015fan\u0131yorsunuz,<br \/>\nGer\u00e7ek ad\u0131na her \u015feye yanl\u0131\u015f isimler tak\u0131yorsunuz,<br \/>\nSevgi kab\u0131n\u0131 doldurmak i\u00e7in duygular\u0131 t\u00fcketiyorsunuz.<br \/>\nBenim tatl\u0131 \u00e7ocuklar\u0131m, benim sevgililerim<br \/>\nKendinizle, kendi varl\u0131\u011f\u0131n\u0131zla, ne\u015fenin kendisiyle<br \/>\nM\u00fccadeleyi s\u00fcrd\u00fcrerek nas\u0131l huzur elde edebilirsiniz.\nYeter art\u0131k vazge\u00e7me \u00e7abalar\u0131n\u0131z<br \/>\n\u0130kiy\u00fczl\u00fcl\u00fck maskeleri ile teselli.<br \/>\n\u015eimdi dinlenin lotus \u00e7i\u00e7e\u011finin ta\u00e7yapraklar\u0131nda,<br \/>\nMerhametli Annenizin dizlerinde.<br \/>\nHayat\u0131n\u0131z\u0131 \u00e7ok g\u00fczel \u00e7i\u00e7eklerle s\u00fcsleyece\u011fim<br \/>\nVe her an\u0131n\u0131z\u0131 ne\u015fe dolu g\u00fczel kokularla dolduraca\u011f\u0131m<br \/>\nBa\u015f\u0131n\u0131z\u0131 Tanr\u0131sal Sevgi ile takdis edece\u011fim\n\u00c7ekmekte oldu\u011funuz i\u015fkencelere dayanamad\u0131\u011f\u0131m i\u00e7in<br \/>\nB\u0131rak\u0131n sizi ne\u015fe okyanusunun i\u00e7ine \u00e7ekeyim<br \/>\nB\u00f6ylece varl\u0131\u011f\u0131n\u0131z\u0131 En Y\u00fcce&#8217;nin i\u00e7inde kaybedersiniz\nKi O Ruhunuzun \u00e7ana\u011f\u0131 i\u00e7inde size g\u00fcl\u00fcmsemektedir.<br \/>\nGizlice saklanm\u0131\u015f, size her an tak\u0131lmak i\u00e7in<br \/>\nDikkatli olun ve Onu bulacaks\u0131n\u0131z<br \/>\nCo\u015fku dolu bir ne\u015feyle t\u00fcm zerreleriniz titre\u015fim al\u0131rken<br \/>\nT\u00fcm kainat\u0131 \u0131\u015f\u0131kla kaplarken.\n<h4>Shri Mataji Nirmala Devi,<\/h4>\n<h4>ABD&#8217;ye 1972&#8217;de olan ilk seyahatinde, ABD&#8217;deki aray\u0131\u015f i\u00e7ersinde olanlara yaz\u0131lm\u0131\u015f olan bir \u015fiir<\/h4>\n\t<h1>Bir Da\u011f G\u00f6r\u00fcyorum<\/h1>\n<p>Bir da\u011f g\u00f6r\u00fcyorum penceremden<\/p>\n<p>Eski zamanlar\u0131n azizi gibi ayakta<\/p>\n<p>Arzusuz, sevgi dolu.<\/p>\n<p>Bir s\u00fcr\u00fc a\u011fa\u00e7, bir s\u00fcr\u00fc \u00e7i\u00e7ek<\/p>\n<p>Talan ederler da\u011f\u0131 durmadan<\/p>\n<p>Dikkati da\u011f\u0131lmaz<\/p>\n<p>Ve ya\u011fmur ya\u011fd\u0131\u011f\u0131nda<\/p>\n<p>Patlayan bulutlardan bardaktan bo\u015fan\u0131rcas\u0131na<\/p>\n<p>Ye\u015file boyar da\u011f\u0131<\/p>\n<p>F\u0131rt\u0131na kabararak gelse de,<\/p>\n<p>\u015eefkatle doldurur sonunda g\u00f6l\u00fc<\/p>\n<p>Ve nehirler, onu \u00e7a\u011f\u0131ran<\/p>\n<p>Denize do\u011fru \u00e7a\u011f\u0131ldar,<\/p>\n<p>Bulutlar yarat\u0131r G\u00fcne\u015f<\/p>\n<p>R\u00fczgar da t\u00fcy gibi kanatlar\u0131nda ta\u015f\u0131r onlar\u0131<\/p>\n<p>Ve ya\u011fmuru geri getirir da\u011fa.<\/p>\n<p>Sonu olmayan bir oyundur bu,<\/p>\n<p>Da\u011f sadece seyreder (g\u00f6zler),<\/p>\n<p>Arzu duymadan.<\/p>\n<h4>Shri Mataji Nirmala Devi, 2002.<\/h4>\n\n","protected":false},"excerpt":{"rendered":"<p>Bir Toz Zerresi Olmak Ben r\u00fczgarla u\u00e7up, D\u00f6rt bir yana giden, Bir toz zerresi gibi olmak istiyorum. O zerre gidip bir kral\u0131n ba\u015f\u0131na da konabilir, veya gidip birilerinin aya\u011f\u0131n\u0131n \u00fczerine d\u00fc\u015febilir, ya da u\u00e7up k\u00fc\u00e7\u00fcc\u00fck bir \u00e7i\u00e7e\u011fin \u00fczerinde de kalabilir. Ama ben gene de, Bu gidip her yere konan, oraya koku veren, besleyip, ayd\u0131nlatan Bir&hellip; <br \/> <a class=\"read-more\" href=\"https:\/\/shrimataji.org\/test\/tr\/shri-matajinin-siirleri\/\">Read more<\/a><\/p>\n","protected":false},"author":12,"featured_media":150,"parent":0,"menu_order":0,"comment_status":"closed","ping_status":"closed","template":"","meta":{"inline_featured_image":false,"footnotes":""},"class_list":["post-10194","page","type-page","status-publish","has-post-thumbnail","hentry"],"yoast_head":"<!-- This site is optimized with the Yoast SEO plugin v27.4 - https:\/\/yoast.com\/product\/yoast-seo-wordpress\/ -->\n<title>Shri Mataji&#039;nin \u015eiirleri - TEST - SMND<\/title>\n<meta name=\"robots\" content=\"noindex, follow, max-snippet:-1, max-image-preview:large, max-video-preview:-1\" \/>\n<meta property=\"og:locale\" content=\"en_US\" \/>\n<meta property=\"og:type\" content=\"article\" \/>\n<meta property=\"og:title\" content=\"Shri Mataji&#039;nin \u015eiirleri - TEST - SMND\" \/>\n<meta property=\"og:description\" content=\"Bir Toz Zerresi Olmak Ben r\u00fczgarla u\u00e7up, D\u00f6rt bir yana giden, Bir toz zerresi gibi olmak istiyorum. O zerre gidip bir kral\u0131n ba\u015f\u0131na da konabilir, veya gidip birilerinin aya\u011f\u0131n\u0131n \u00fczerine d\u00fc\u015febilir, ya da u\u00e7up k\u00fc\u00e7\u00fcc\u00fck bir \u00e7i\u00e7e\u011fin \u00fczerinde de kalabilir. Ama ben gene de, Bu gidip her yere konan, oraya koku veren, besleyip, ayd\u0131nlatan Bir&hellip; Read more\" \/>\n<meta property=\"og:url\" content=\"https:\/\/shrimataji.org\/test\/tr\/shri-matajinin-siirleri\/\" \/>\n<meta property=\"og:site_name\" content=\"TEST - SMND\" \/>\n<meta property=\"article:publisher\" content=\"https:\/\/www.facebook.com\/shrimataji\" \/>\n<meta property=\"article:modified_time\" content=\"2024-07-12T00:02:26+00:00\" \/>\n<meta property=\"og:image\" content=\"https:\/\/shrimataji.org\/test\/wp-content\/uploads\/2018\/07\/media_originals\/images\/headers-general\/artwork-by-meredith-cooper-australia.jpg\" \/>\n\t<meta property=\"og:image:width\" content=\"990\" \/>\n\t<meta property=\"og:image:height\" content=\"350\" \/>\n\t<meta property=\"og:image:type\" content=\"image\/jpeg\" \/>\n<meta name=\"twitter:card\" content=\"summary_large_image\" \/>\n<meta name=\"twitter:site\" content=\"@shrimataji\" \/>\n<meta name=\"twitter:label1\" content=\"Est. reading time\" \/>\n\t<meta name=\"twitter:data1\" content=\"2 minutes\" \/>\n<script type=\"application\/ld+json\" class=\"yoast-schema-graph\">{\"@context\":\"https:\\\/\\\/schema.org\",\"@graph\":[{\"@type\":\"WebPage\",\"@id\":\"https:\\\/\\\/shrimataji.org\\\/test\\\/tr\\\/shri-matajinin-siirleri\\\/\",\"url\":\"https:\\\/\\\/shrimataji.org\\\/test\\\/tr\\\/shri-matajinin-siirleri\\\/\",\"name\":\"Shri Mataji'nin \u015eiirleri - TEST - SMND\",\"isPartOf\":{\"@id\":\"https:\\\/\\\/shrimataji.org\\\/test\\\/#website\"},\"primaryImageOfPage\":{\"@id\":\"https:\\\/\\\/shrimataji.org\\\/test\\\/tr\\\/shri-matajinin-siirleri\\\/#primaryimage\"},\"image\":{\"@id\":\"https:\\\/\\\/shrimataji.org\\\/test\\\/tr\\\/shri-matajinin-siirleri\\\/#primaryimage\"},\"thumbnailUrl\":\"https:\\\/\\\/shrimataji.org\\\/test\\\/wp-content\\\/uploads\\\/2018\\\/07\\\/media_originals\\\/images\\\/headers-general\\\/artwork-by-meredith-cooper-australia.jpg\",\"datePublished\":\"2015-02-02T03:00:00+00:00\",\"dateModified\":\"2024-07-12T00:02:26+00:00\",\"breadcrumb\":{\"@id\":\"https:\\\/\\\/shrimataji.org\\\/test\\\/tr\\\/shri-matajinin-siirleri\\\/#breadcrumb\"},\"inLanguage\":\"en-US\",\"potentialAction\":[{\"@type\":\"ReadAction\",\"target\":[\"https:\\\/\\\/shrimataji.org\\\/test\\\/tr\\\/shri-matajinin-siirleri\\\/\"]}]},{\"@type\":\"ImageObject\",\"inLanguage\":\"en-US\",\"@id\":\"https:\\\/\\\/shrimataji.org\\\/test\\\/tr\\\/shri-matajinin-siirleri\\\/#primaryimage\",\"url\":\"https:\\\/\\\/shrimataji.org\\\/test\\\/wp-content\\\/uploads\\\/2018\\\/07\\\/media_originals\\\/images\\\/headers-general\\\/artwork-by-meredith-cooper-australia.jpg\",\"contentUrl\":\"https:\\\/\\\/shrimataji.org\\\/test\\\/wp-content\\\/uploads\\\/2018\\\/07\\\/media_originals\\\/images\\\/headers-general\\\/artwork-by-meredith-cooper-australia.jpg\",\"width\":990,\"height\":350},{\"@type\":\"BreadcrumbList\",\"@id\":\"https:\\\/\\\/shrimataji.org\\\/test\\\/tr\\\/shri-matajinin-siirleri\\\/#breadcrumb\",\"itemListElement\":[{\"@type\":\"ListItem\",\"position\":1,\"name\":\"Home\",\"item\":\"https:\\\/\\\/shrimataji.org\\\/test\\\/uk\\\/home-en\\\/\"},{\"@type\":\"ListItem\",\"position\":2,\"name\":\"Shri Mataji&#8217;nin \u015eiirleri\"}]},{\"@type\":\"WebSite\",\"@id\":\"https:\\\/\\\/shrimataji.org\\\/test\\\/#website\",\"url\":\"https:\\\/\\\/shrimataji.org\\\/test\\\/\",\"name\":\"Shri Mataji Nirmala Devi\",\"description\":\"A Life Dedicated to Humanity\",\"publisher\":{\"@id\":\"https:\\\/\\\/shrimataji.org\\\/test\\\/#\\\/schema\\\/person\\\/a1b3419c6585f164aa96da1ff85715d1\"},\"potentialAction\":[{\"@type\":\"SearchAction\",\"target\":{\"@type\":\"EntryPoint\",\"urlTemplate\":\"https:\\\/\\\/shrimataji.org\\\/test\\\/?s={search_term_string}\"},\"query-input\":{\"@type\":\"PropertyValueSpecification\",\"valueRequired\":true,\"valueName\":\"search_term_string\"}}],\"inLanguage\":\"en-US\"},{\"@type\":[\"Person\",\"Organization\"],\"@id\":\"https:\\\/\\\/shrimataji.org\\\/test\\\/#\\\/schema\\\/person\\\/a1b3419c6585f164aa96da1ff85715d1\",\"name\":\"Nirmala Shrivastava\",\"image\":{\"@type\":\"ImageObject\",\"inLanguage\":\"en-US\",\"@id\":\"https:\\\/\\\/shrimataji.org\\\/test\\\/wp-content\\\/uploads\\\/2023\\\/02\\\/SMO_LOGO-03.svg\",\"url\":\"https:\\\/\\\/shrimataji.org\\\/test\\\/wp-content\\\/uploads\\\/2023\\\/02\\\/SMO_LOGO-03.svg\",\"contentUrl\":\"https:\\\/\\\/shrimataji.org\\\/test\\\/wp-content\\\/uploads\\\/2023\\\/02\\\/SMO_LOGO-03.svg\",\"width\":\"1024\",\"height\":\"1024\",\"caption\":\"Nirmala Shrivastava\"},\"logo\":{\"@id\":\"https:\\\/\\\/shrimataji.org\\\/test\\\/wp-content\\\/uploads\\\/2023\\\/02\\\/SMO_LOGO-03.svg\"},\"sameAs\":[\"https:\\\/\\\/shrimataji.org\\\/test\",\"https:\\\/\\\/www.facebook.com\\\/shrimataji\",\"https:\\\/\\\/x.com\\\/shrimataji\",\"https:\\\/\\\/www.youtube.com\\\/@Shri_Mataji_Nirmala_Devi\\\/featured\"]}]}<\/script>\n<!-- \/ Yoast SEO plugin. -->","yoast_head_json":{"title":"Shri Mataji'nin \u015eiirleri - TEST - SMND","robots":{"index":"noindex","follow":"follow","max-snippet":"max-snippet:-1","max-image-preview":"max-image-preview:large","max-video-preview":"max-video-preview:-1"},"og_locale":"en_US","og_type":"article","og_title":"Shri Mataji'nin \u015eiirleri - TEST - SMND","og_description":"Bir Toz Zerresi Olmak Ben r\u00fczgarla u\u00e7up, D\u00f6rt bir yana giden, Bir toz zerresi gibi olmak istiyorum. O zerre gidip bir kral\u0131n ba\u015f\u0131na da konabilir, veya gidip birilerinin aya\u011f\u0131n\u0131n \u00fczerine d\u00fc\u015febilir, ya da u\u00e7up k\u00fc\u00e7\u00fcc\u00fck bir \u00e7i\u00e7e\u011fin \u00fczerinde de kalabilir. Ama ben gene de, Bu gidip her yere konan, oraya koku veren, besleyip, ayd\u0131nlatan Bir&hellip; Read more","og_url":"https:\/\/shrimataji.org\/test\/tr\/shri-matajinin-siirleri\/","og_site_name":"TEST - SMND","article_publisher":"https:\/\/www.facebook.com\/shrimataji","article_modified_time":"2024-07-12T00:02:26+00:00","og_image":[{"width":990,"height":350,"url":"https:\/\/shrimataji.org\/test\/wp-content\/uploads\/2018\/07\/media_originals\/images\/headers-general\/artwork-by-meredith-cooper-australia.jpg","type":"image\/jpeg"}],"twitter_card":"summary_large_image","twitter_site":"@shrimataji","twitter_misc":{"Est. reading time":"2 minutes"},"schema":{"@context":"https:\/\/schema.org","@graph":[{"@type":"WebPage","@id":"https:\/\/shrimataji.org\/test\/tr\/shri-matajinin-siirleri\/","url":"https:\/\/shrimataji.org\/test\/tr\/shri-matajinin-siirleri\/","name":"Shri Mataji'nin \u015eiirleri - TEST - SMND","isPartOf":{"@id":"https:\/\/shrimataji.org\/test\/#website"},"primaryImageOfPage":{"@id":"https:\/\/shrimataji.org\/test\/tr\/shri-matajinin-siirleri\/#primaryimage"},"image":{"@id":"https:\/\/shrimataji.org\/test\/tr\/shri-matajinin-siirleri\/#primaryimage"},"thumbnailUrl":"https:\/\/shrimataji.org\/test\/wp-content\/uploads\/2018\/07\/media_originals\/images\/headers-general\/artwork-by-meredith-cooper-australia.jpg","datePublished":"2015-02-02T03:00:00+00:00","dateModified":"2024-07-12T00:02:26+00:00","breadcrumb":{"@id":"https:\/\/shrimataji.org\/test\/tr\/shri-matajinin-siirleri\/#breadcrumb"},"inLanguage":"en-US","potentialAction":[{"@type":"ReadAction","target":["https:\/\/shrimataji.org\/test\/tr\/shri-matajinin-siirleri\/"]}]},{"@type":"ImageObject","inLanguage":"en-US","@id":"https:\/\/shrimataji.org\/test\/tr\/shri-matajinin-siirleri\/#primaryimage","url":"https:\/\/shrimataji.org\/test\/wp-content\/uploads\/2018\/07\/media_originals\/images\/headers-general\/artwork-by-meredith-cooper-australia.jpg","contentUrl":"https:\/\/shrimataji.org\/test\/wp-content\/uploads\/2018\/07\/media_originals\/images\/headers-general\/artwork-by-meredith-cooper-australia.jpg","width":990,"height":350},{"@type":"BreadcrumbList","@id":"https:\/\/shrimataji.org\/test\/tr\/shri-matajinin-siirleri\/#breadcrumb","itemListElement":[{"@type":"ListItem","position":1,"name":"Home","item":"https:\/\/shrimataji.org\/test\/uk\/home-en\/"},{"@type":"ListItem","position":2,"name":"Shri Mataji&#8217;nin \u015eiirleri"}]},{"@type":"WebSite","@id":"https:\/\/shrimataji.org\/test\/#website","url":"https:\/\/shrimataji.org\/test\/","name":"Shri Mataji Nirmala Devi","description":"A Life Dedicated to Humanity","publisher":{"@id":"https:\/\/shrimataji.org\/test\/#\/schema\/person\/a1b3419c6585f164aa96da1ff85715d1"},"potentialAction":[{"@type":"SearchAction","target":{"@type":"EntryPoint","urlTemplate":"https:\/\/shrimataji.org\/test\/?s={search_term_string}"},"query-input":{"@type":"PropertyValueSpecification","valueRequired":true,"valueName":"search_term_string"}}],"inLanguage":"en-US"},{"@type":["Person","Organization"],"@id":"https:\/\/shrimataji.org\/test\/#\/schema\/person\/a1b3419c6585f164aa96da1ff85715d1","name":"Nirmala Shrivastava","image":{"@type":"ImageObject","inLanguage":"en-US","@id":"https:\/\/shrimataji.org\/test\/wp-content\/uploads\/2023\/02\/SMO_LOGO-03.svg","url":"https:\/\/shrimataji.org\/test\/wp-content\/uploads\/2023\/02\/SMO_LOGO-03.svg","contentUrl":"https:\/\/shrimataji.org\/test\/wp-content\/uploads\/2023\/02\/SMO_LOGO-03.svg","width":"1024","height":"1024","caption":"Nirmala Shrivastava"},"logo":{"@id":"https:\/\/shrimataji.org\/test\/wp-content\/uploads\/2023\/02\/SMO_LOGO-03.svg"},"sameAs":["https:\/\/shrimataji.org\/test","https:\/\/www.facebook.com\/shrimataji","https:\/\/x.com\/shrimataji","https:\/\/www.youtube.com\/@Shri_Mataji_Nirmala_Devi\/featured"]}]}},"lang":"tr","translations":{"tr":10194,"ur":37479,"en":428,"am":18052,"th":20022,"hu":19536,"sq":18453,"zh":17350,"hi":7608,"pt":10404,"de":10678,"fr":10776,"it":10874,"es":10971,"ja":11268,"ru":11456,"bn":11648,"te":11756,"sw":11879,"he":12027,"el":12319,"sk":12417,"fa":12515,"fi":12613,"bg":13489,"ro":14564,"cs":14757,"nl":16613,"ku":16773,"ar":16949,"be":18660,"kn":18934,"mr":20386,"uk":20680,"ml":20975,"ta":22771,"sv":23041,"gu":28885,"pa":29045,"fil":29489,"da":37790,"pl":38002,"nn":38342},"pll_sync_post":[],"_links":{"self":[{"href":"https:\/\/shrimataji.org\/test\/wp-json\/wp\/v2\/pages\/10194","targetHints":{"allow":["GET"]}}],"collection":[{"href":"https:\/\/shrimataji.org\/test\/wp-json\/wp\/v2\/pages"}],"about":[{"href":"https:\/\/shrimataji.org\/test\/wp-json\/wp\/v2\/types\/page"}],"author":[{"embeddable":true,"href":"https:\/\/shrimataji.org\/test\/wp-json\/wp\/v2\/users\/12"}],"replies":[{"embeddable":true,"href":"https:\/\/shrimataji.org\/test\/wp-json\/wp\/v2\/comments?post=10194"}],"version-history":[{"count":0,"href":"https:\/\/shrimataji.org\/test\/wp-json\/wp\/v2\/pages\/10194\/revisions"}],"wp:featuredmedia":[{"embeddable":true,"href":"https:\/\/shrimataji.org\/test\/wp-json\/wp\/v2\/media\/150"}],"wp:attachment":[{"href":"https:\/\/shrimataji.org\/test\/wp-json\/wp\/v2\/media?parent=10194"}],"curies":[{"name":"wp","href":"https:\/\/api.w.org\/{rel}","templated":true}]}}