{"id":10196,"date":"2012-08-02T21:00:00","date_gmt":"2012-08-02T21:00:00","guid":{"rendered":"http:\/\/testwordpress.nirmalnagari.org\/smnd\/index.php\/privacy\/"},"modified":"2024-07-12T00:01:58","modified_gmt":"2024-07-12T00:01:58","slug":"gizlilik","status":"publish","type":"page","link":"https:\/\/shrimataji.org\/test\/tr\/gizlilik\/","title":{"rendered":"Gizlilik"},"content":{"rendered":"\n\n\t<h1>Gizlilik Politikam\u0131z<\/h1>\n<p><strong>ShriMataji.org&#8217;da, bize duydu\u011funuz g\u00fcvenin ve gizlili\u011finizi koruma sorumlulu\u011fumuzun fark\u0131nday\u0131z. Bu sorumlulu\u011fun bir par\u00e7as\u0131 olarak, web sitemizi kulland\u0131\u011f\u0131n\u0131zda hangi bilgileri toplad\u0131\u011f\u0131m\u0131z\u0131, bunlar\u0131 neden toplad\u0131\u011f\u0131m\u0131z\u0131 ve deneyiminizi iyile\u015ftirmek i\u00e7in nas\u0131l kulland\u0131\u011f\u0131m\u0131z\u0131 size bildiriyoruz.<\/strong><\/p>\n<p>Shri Mataji Nirmala Devi Sahaja Yoga D\u00fcnya Vakf\u0131, ki\u015fisel verilerin gerekti\u011fi \u015fekilde i\u015flenmesini sa\u011flamak \u00fczere, y\u00fcksek g\u00fcvenlik standartlar\u0131 ve kurallar\u0131 olu\u015fturmak i\u00e7in Avrupa Birli\u011fi Genel Veri Koruma Y\u00f6netmeli\u011fi (GDPR 2016\/679) ile uyumlu kurumsal prosed\u00fcrleri ve politikalar\u0131 benimsemi\u015ftir.<\/p>\n<h4>Verileri i\u015flemeye yetkili ki\u015filer<\/h4>\n<p>Veriler, \u015firket ofisleri i\u00e7inde ve d\u0131\u015f\u0131nda i\u015fleyen verileri i\u015flemeye yetkili, gereken \u015fekilde tan\u0131mlamalar\u0131 belirlenmi\u015f, e\u011fitimli personel taraf\u0131ndan i\u015flenir.<\/p>\n<h4>Veri saklama<\/h4>\n<p>Veriler, yaln\u0131zca i\u015flenme ama\u00e7lar\u0131na uygun \u015fekilde kesinlikle gerekti\u011fi s\u00fcre boyunca kullan\u0131l\u0131rlar. The data is only used for the time strictly necessary for the purposes of the processing.<\/p>\n<h4>Gizlilik bilgileri<\/h4>\n<p>Daha fazla ayr\u0131nt\u0131 i\u00e7in l\u00fctfen a\u015fa\u011f\u0131daki Gizlilik Bilgileri ba\u015fl\u0131klar\u0131n\u0131 inceleyin:<\/p>\n<ul>\n<li><a href=\"https:\/\/shrimataji.org\/test\/wp-content\/uploads\/2024\/06\/Gizlilik-Bilgileri-Web-Sitesi-Kullanicisi.pdf\">Gizlilik Bilgileri Web Sitesi Kullan\u0131c\u0131s\u0131<\/a><\/li>\n<li><a href=\"https:\/\/shrimataji.org\/test\/wp-content\/uploads\/2024\/06\/Gizlilik-Bilgi-Geribildirimi.pdf\">Gizlilik Bilgi Geribildirimi<\/a><\/li>\n<li><a href=\"https:\/\/shrimataji.org\/test\/wp-content\/uploads\/2024\/06\/Cerez-Politikamiz.pdf\">\u00c7erez Politikam\u0131z<\/a><\/li>\n<\/ul>\n<hr \/>\n<h3>\u00a9 Shri Mataji Nirmala Devi Sahaja Yoga D\u00fcnya Vakf\u0131, Piemonte b\u00f6lgesel t\u00fczel ki\u015filik sicilinde kay\u0131tl\u0131 olan kar amac\u0131 g\u00fctmeyen bir kurulu\u015ftur (prot. No. 747)<\/h3>\n\n","protected":false},"excerpt":{"rendered":"<p>Gizlilik Politikam\u0131z ShriMataji.org&#8217;da, bize duydu\u011funuz g\u00fcvenin ve gizlili\u011finizi koruma sorumlulu\u011fumuzun fark\u0131nday\u0131z. Bu sorumlulu\u011fun bir par\u00e7as\u0131 olarak, web sitemizi kulland\u0131\u011f\u0131n\u0131zda hangi bilgileri toplad\u0131\u011f\u0131m\u0131z\u0131, bunlar\u0131 neden toplad\u0131\u011f\u0131m\u0131z\u0131 ve deneyiminizi iyile\u015ftirmek i\u00e7in nas\u0131l kulland\u0131\u011f\u0131m\u0131z\u0131 size bildiriyoruz. Shri Mataji Nirmala Devi Sahaja Yoga D\u00fcnya Vakf\u0131, ki\u015fisel verilerin gerekti\u011fi \u015fekilde i\u015flenmesini sa\u011flamak \u00fczere, y\u00fcksek g\u00fcvenlik standartlar\u0131 ve kurallar\u0131 olu\u015fturmak i\u00e7in&hellip; <br \/> <a class=\"read-more\" href=\"https:\/\/shrimataji.org\/test\/tr\/gizlilik\/\">Read more<\/a><\/p>\n","protected":false},"author":12,"featured_media":9552,"parent":0,"menu_order":0,"comment_status":"closed","ping_status":"closed","template":"","meta":{"inline_featured_image":false,"footnotes":""},"class_list":["post-10196","page","type-page","status-publish","has-post-thumbnail","hentry"],"yoast_head":"<!-- This site is optimized with the Yoast SEO plugin v27.4 - https:\/\/yoast.com\/product\/yoast-seo-wordpress\/ -->\n<title>Gizlilik - TEST - SMND<\/title>\n<meta name=\"robots\" content=\"noindex, follow, max-snippet:-1, max-image-preview:large, max-video-preview:-1\" \/>\n<meta property=\"og:locale\" content=\"en_US\" \/>\n<meta property=\"og:type\" content=\"article\" \/>\n<meta property=\"og:title\" content=\"Gizlilik - TEST - SMND\" \/>\n<meta property=\"og:description\" content=\"Gizlilik Politikam\u0131z ShriMataji.org&#8217;da, bize duydu\u011funuz g\u00fcvenin ve gizlili\u011finizi koruma sorumlulu\u011fumuzun fark\u0131nday\u0131z. Bu sorumlulu\u011fun bir par\u00e7as\u0131 olarak, web sitemizi kulland\u0131\u011f\u0131n\u0131zda hangi bilgileri toplad\u0131\u011f\u0131m\u0131z\u0131, bunlar\u0131 neden toplad\u0131\u011f\u0131m\u0131z\u0131 ve deneyiminizi iyile\u015ftirmek i\u00e7in nas\u0131l kulland\u0131\u011f\u0131m\u0131z\u0131 size bildiriyoruz. Shri Mataji Nirmala Devi Sahaja Yoga D\u00fcnya Vakf\u0131, ki\u015fisel verilerin gerekti\u011fi \u015fekilde i\u015flenmesini sa\u011flamak \u00fczere, y\u00fcksek g\u00fcvenlik standartlar\u0131 ve kurallar\u0131 olu\u015fturmak i\u00e7in&hellip; Read more\" \/>\n<meta property=\"og:url\" content=\"https:\/\/shrimataji.org\/test\/tr\/gizlilik\/\" \/>\n<meta property=\"og:site_name\" content=\"TEST - SMND\" \/>\n<meta property=\"article:publisher\" content=\"https:\/\/www.facebook.com\/shrimataji\" \/>\n<meta property=\"article:modified_time\" content=\"2024-07-12T00:01:58+00:00\" \/>\n<meta property=\"og:image\" content=\"https:\/\/shrimataji.org\/test\/wp-content\/uploads\/2023\/03\/Banner-Footer-Castle-1-scaled.jpg\" \/>\n\t<meta property=\"og:image:width\" content=\"2560\" \/>\n\t<meta property=\"og:image:height\" content=\"905\" \/>\n\t<meta property=\"og:image:type\" content=\"image\/jpeg\" \/>\n<meta name=\"twitter:card\" content=\"summary_large_image\" \/>\n<meta name=\"twitter:site\" content=\"@shrimataji\" \/>\n<meta name=\"twitter:label1\" content=\"Est. reading time\" \/>\n\t<meta name=\"twitter:data1\" content=\"1 minute\" \/>\n<script type=\"application\/ld+json\" class=\"yoast-schema-graph\">{\"@context\":\"https:\\\/\\\/schema.org\",\"@graph\":[{\"@type\":\"WebPage\",\"@id\":\"https:\\\/\\\/shrimataji.org\\\/test\\\/tr\\\/gizlilik\\\/\",\"url\":\"https:\\\/\\\/shrimataji.org\\\/test\\\/tr\\\/gizlilik\\\/\",\"name\":\"Gizlilik - TEST - SMND\",\"isPartOf\":{\"@id\":\"https:\\\/\\\/shrimataji.org\\\/test\\\/#website\"},\"primaryImageOfPage\":{\"@id\":\"https:\\\/\\\/shrimataji.org\\\/test\\\/tr\\\/gizlilik\\\/#primaryimage\"},\"image\":{\"@id\":\"https:\\\/\\\/shrimataji.org\\\/test\\\/tr\\\/gizlilik\\\/#primaryimage\"},\"thumbnailUrl\":\"https:\\\/\\\/shrimataji.org\\\/test\\\/wp-content\\\/uploads\\\/2023\\\/03\\\/Banner-Footer-Castle-1-scaled.jpg\",\"datePublished\":\"2012-08-02T21:00:00+00:00\",\"dateModified\":\"2024-07-12T00:01:58+00:00\",\"breadcrumb\":{\"@id\":\"https:\\\/\\\/shrimataji.org\\\/test\\\/tr\\\/gizlilik\\\/#breadcrumb\"},\"inLanguage\":\"en-US\",\"potentialAction\":[{\"@type\":\"ReadAction\",\"target\":[\"https:\\\/\\\/shrimataji.org\\\/test\\\/tr\\\/gizlilik\\\/\"]}]},{\"@type\":\"ImageObject\",\"inLanguage\":\"en-US\",\"@id\":\"https:\\\/\\\/shrimataji.org\\\/test\\\/tr\\\/gizlilik\\\/#primaryimage\",\"url\":\"https:\\\/\\\/shrimataji.org\\\/test\\\/wp-content\\\/uploads\\\/2023\\\/03\\\/Banner-Footer-Castle-1-scaled.jpg\",\"contentUrl\":\"https:\\\/\\\/shrimataji.org\\\/test\\\/wp-content\\\/uploads\\\/2023\\\/03\\\/Banner-Footer-Castle-1-scaled.jpg\",\"width\":2560,\"height\":905},{\"@type\":\"BreadcrumbList\",\"@id\":\"https:\\\/\\\/shrimataji.org\\\/test\\\/tr\\\/gizlilik\\\/#breadcrumb\",\"itemListElement\":[{\"@type\":\"ListItem\",\"position\":1,\"name\":\"Home\",\"item\":\"https:\\\/\\\/shrimataji.org\\\/test\\\/uk\\\/home-en\\\/\"},{\"@type\":\"ListItem\",\"position\":2,\"name\":\"Gizlilik\"}]},{\"@type\":\"WebSite\",\"@id\":\"https:\\\/\\\/shrimataji.org\\\/test\\\/#website\",\"url\":\"https:\\\/\\\/shrimataji.org\\\/test\\\/\",\"name\":\"Shri Mataji Nirmala Devi\",\"description\":\"A Life Dedicated to Humanity\",\"publisher\":{\"@id\":\"https:\\\/\\\/shrimataji.org\\\/test\\\/#\\\/schema\\\/person\\\/a1b3419c6585f164aa96da1ff85715d1\"},\"potentialAction\":[{\"@type\":\"SearchAction\",\"target\":{\"@type\":\"EntryPoint\",\"urlTemplate\":\"https:\\\/\\\/shrimataji.org\\\/test\\\/?s={search_term_string}\"},\"query-input\":{\"@type\":\"PropertyValueSpecification\",\"valueRequired\":true,\"valueName\":\"search_term_string\"}}],\"inLanguage\":\"en-US\"},{\"@type\":[\"Person\",\"Organization\"],\"@id\":\"https:\\\/\\\/shrimataji.org\\\/test\\\/#\\\/schema\\\/person\\\/a1b3419c6585f164aa96da1ff85715d1\",\"name\":\"Nirmala Shrivastava\",\"image\":{\"@type\":\"ImageObject\",\"inLanguage\":\"en-US\",\"@id\":\"https:\\\/\\\/shrimataji.org\\\/test\\\/wp-content\\\/uploads\\\/2023\\\/02\\\/SMO_LOGO-03.svg\",\"url\":\"https:\\\/\\\/shrimataji.org\\\/test\\\/wp-content\\\/uploads\\\/2023\\\/02\\\/SMO_LOGO-03.svg\",\"contentUrl\":\"https:\\\/\\\/shrimataji.org\\\/test\\\/wp-content\\\/uploads\\\/2023\\\/02\\\/SMO_LOGO-03.svg\",\"width\":\"1024\",\"height\":\"1024\",\"caption\":\"Nirmala Shrivastava\"},\"logo\":{\"@id\":\"https:\\\/\\\/shrimataji.org\\\/test\\\/wp-content\\\/uploads\\\/2023\\\/02\\\/SMO_LOGO-03.svg\"},\"sameAs\":[\"https:\\\/\\\/shrimataji.org\\\/test\",\"https:\\\/\\\/www.facebook.com\\\/shrimataji\",\"https:\\\/\\\/x.com\\\/shrimataji\",\"https:\\\/\\\/www.youtube.com\\\/@Shri_Mataji_Nirmala_Devi\\\/featured\"]}]}<\/script>\n<!-- \/ Yoast SEO plugin. -->","yoast_head_json":{"title":"Gizlilik - TEST - SMND","robots":{"index":"noindex","follow":"follow","max-snippet":"max-snippet:-1","max-image-preview":"max-image-preview:large","max-video-preview":"max-video-preview:-1"},"og_locale":"en_US","og_type":"article","og_title":"Gizlilik - TEST - SMND","og_description":"Gizlilik Politikam\u0131z ShriMataji.org&#8217;da, bize duydu\u011funuz g\u00fcvenin ve gizlili\u011finizi koruma sorumlulu\u011fumuzun fark\u0131nday\u0131z. Bu sorumlulu\u011fun bir par\u00e7as\u0131 olarak, web sitemizi kulland\u0131\u011f\u0131n\u0131zda hangi bilgileri toplad\u0131\u011f\u0131m\u0131z\u0131, bunlar\u0131 neden toplad\u0131\u011f\u0131m\u0131z\u0131 ve deneyiminizi iyile\u015ftirmek i\u00e7in nas\u0131l kulland\u0131\u011f\u0131m\u0131z\u0131 size bildiriyoruz. Shri Mataji Nirmala Devi Sahaja Yoga D\u00fcnya Vakf\u0131, ki\u015fisel verilerin gerekti\u011fi \u015fekilde i\u015flenmesini sa\u011flamak \u00fczere, y\u00fcksek g\u00fcvenlik standartlar\u0131 ve kurallar\u0131 olu\u015fturmak i\u00e7in&hellip; Read more","og_url":"https:\/\/shrimataji.org\/test\/tr\/gizlilik\/","og_site_name":"TEST - SMND","article_publisher":"https:\/\/www.facebook.com\/shrimataji","article_modified_time":"2024-07-12T00:01:58+00:00","og_image":[{"width":2560,"height":905,"url":"https:\/\/shrimataji.org\/test\/wp-content\/uploads\/2023\/03\/Banner-Footer-Castle-1-scaled.jpg","type":"image\/jpeg"}],"twitter_card":"summary_large_image","twitter_site":"@shrimataji","twitter_misc":{"Est. reading time":"1 minute"},"schema":{"@context":"https:\/\/schema.org","@graph":[{"@type":"WebPage","@id":"https:\/\/shrimataji.org\/test\/tr\/gizlilik\/","url":"https:\/\/shrimataji.org\/test\/tr\/gizlilik\/","name":"Gizlilik - TEST - SMND","isPartOf":{"@id":"https:\/\/shrimataji.org\/test\/#website"},"primaryImageOfPage":{"@id":"https:\/\/shrimataji.org\/test\/tr\/gizlilik\/#primaryimage"},"image":{"@id":"https:\/\/shrimataji.org\/test\/tr\/gizlilik\/#primaryimage"},"thumbnailUrl":"https:\/\/shrimataji.org\/test\/wp-content\/uploads\/2023\/03\/Banner-Footer-Castle-1-scaled.jpg","datePublished":"2012-08-02T21:00:00+00:00","dateModified":"2024-07-12T00:01:58+00:00","breadcrumb":{"@id":"https:\/\/shrimataji.org\/test\/tr\/gizlilik\/#breadcrumb"},"inLanguage":"en-US","potentialAction":[{"@type":"ReadAction","target":["https:\/\/shrimataji.org\/test\/tr\/gizlilik\/"]}]},{"@type":"ImageObject","inLanguage":"en-US","@id":"https:\/\/shrimataji.org\/test\/tr\/gizlilik\/#primaryimage","url":"https:\/\/shrimataji.org\/test\/wp-content\/uploads\/2023\/03\/Banner-Footer-Castle-1-scaled.jpg","contentUrl":"https:\/\/shrimataji.org\/test\/wp-content\/uploads\/2023\/03\/Banner-Footer-Castle-1-scaled.jpg","width":2560,"height":905},{"@type":"BreadcrumbList","@id":"https:\/\/shrimataji.org\/test\/tr\/gizlilik\/#breadcrumb","itemListElement":[{"@type":"ListItem","position":1,"name":"Home","item":"https:\/\/shrimataji.org\/test\/uk\/home-en\/"},{"@type":"ListItem","position":2,"name":"Gizlilik"}]},{"@type":"WebSite","@id":"https:\/\/shrimataji.org\/test\/#website","url":"https:\/\/shrimataji.org\/test\/","name":"Shri Mataji Nirmala Devi","description":"A Life Dedicated to Humanity","publisher":{"@id":"https:\/\/shrimataji.org\/test\/#\/schema\/person\/a1b3419c6585f164aa96da1ff85715d1"},"potentialAction":[{"@type":"SearchAction","target":{"@type":"EntryPoint","urlTemplate":"https:\/\/shrimataji.org\/test\/?s={search_term_string}"},"query-input":{"@type":"PropertyValueSpecification","valueRequired":true,"valueName":"search_term_string"}}],"inLanguage":"en-US"},{"@type":["Person","Organization"],"@id":"https:\/\/shrimataji.org\/test\/#\/schema\/person\/a1b3419c6585f164aa96da1ff85715d1","name":"Nirmala Shrivastava","image":{"@type":"ImageObject","inLanguage":"en-US","@id":"https:\/\/shrimataji.org\/test\/wp-content\/uploads\/2023\/02\/SMO_LOGO-03.svg","url":"https:\/\/shrimataji.org\/test\/wp-content\/uploads\/2023\/02\/SMO_LOGO-03.svg","contentUrl":"https:\/\/shrimataji.org\/test\/wp-content\/uploads\/2023\/02\/SMO_LOGO-03.svg","width":"1024","height":"1024","caption":"Nirmala Shrivastava"},"logo":{"@id":"https:\/\/shrimataji.org\/test\/wp-content\/uploads\/2023\/02\/SMO_LOGO-03.svg"},"sameAs":["https:\/\/shrimataji.org\/test","https:\/\/www.facebook.com\/shrimataji","https:\/\/x.com\/shrimataji","https:\/\/www.youtube.com\/@Shri_Mataji_Nirmala_Devi\/featured"]}]}},"lang":"tr","translations":{"tr":10196,"en":424,"am":18055,"th":20027,"hu":19540,"sq":18456,"zh":17353,"hi":8498,"pt":10406,"de":10680,"fr":10778,"it":10876,"es":10973,"ja":11270,"ru":11458,"bn":11650,"te":11758,"sw":11881,"he":12029,"el":12321,"fa":12517,"fi":12615,"bg":13503,"ro":14578,"cs":14771,"nl":16616,"ku":16776,"ar":16952,"be":18663,"kn":18937,"mr":20391,"uk":20685,"ml":20980,"ta":22774,"sv":23044,"pa":29048,"fil":29492},"pll_sync_post":[],"_links":{"self":[{"href":"https:\/\/shrimataji.org\/test\/wp-json\/wp\/v2\/pages\/10196","targetHints":{"allow":["GET"]}}],"collection":[{"href":"https:\/\/shrimataji.org\/test\/wp-json\/wp\/v2\/pages"}],"about":[{"href":"https:\/\/shrimataji.org\/test\/wp-json\/wp\/v2\/types\/page"}],"author":[{"embeddable":true,"href":"https:\/\/shrimataji.org\/test\/wp-json\/wp\/v2\/users\/12"}],"replies":[{"embeddable":true,"href":"https:\/\/shrimataji.org\/test\/wp-json\/wp\/v2\/comments?post=10196"}],"version-history":[{"count":0,"href":"https:\/\/shrimataji.org\/test\/wp-json\/wp\/v2\/pages\/10196\/revisions"}],"wp:featuredmedia":[{"embeddable":true,"href":"https:\/\/shrimataji.org\/test\/wp-json\/wp\/v2\/media\/9552"}],"wp:attachment":[{"href":"https:\/\/shrimataji.org\/test\/wp-json\/wp\/v2\/media?parent=10196"}],"curies":[{"name":"wp","href":"https:\/\/api.w.org\/{rel}","templated":true}]}}