{"id":10197,"date":"2018-07-10T06:54:50","date_gmt":"2018-07-10T06:54:50","guid":{"rendered":"http:\/\/testwordpress.nirmalnagari.org\/smnd\/index.php\/public-life\/"},"modified":"2024-07-12T00:01:59","modified_gmt":"2024-07-12T00:01:59","slug":"kamusal-yasam","status":"publish","type":"page","link":"https:\/\/shrimataji.org\/test\/tr\/kamusal-yasam\/","title":{"rendered":"Kamusal Ya\u015fam"},"content":{"rendered":"\n\n\t<h1>Kamusal Ya\u015fam<\/h1>\n<h2>Ayd\u0131nlanmay\u0131 D\u00fcnyaya Ta\u015f\u0131yor<\/h2>\n\t<h4>Nirmala Srivastava, \u00e7ocuklar\u0131 b\u00fcy\u00fcy\u00fcp yeti\u015ftikten sonra dikkatinin ve zaman\u0131n\u0131n \u00e7o\u011funu kamusal alana ay\u0131rabildi. Kocas\u0131 Londra&#8217;da BM Uluslararas\u0131 Denizcilik \u00d6rg\u00fct\u00fc&#8217;n\u00fcn ba\u015f\u0131nda iken, o da ruhani \u00e7al\u0131\u015fmalar\u0131na k\u00fc\u00e7\u00fck bir grup insanla orada ba\u015flad\u0131. Ayr\u0131ca \u00fclkeyi gezmeye, seminerler ve ayd\u0131nlanma deneyimini vermeye ba\u015flad\u0131. Etraf\u0131ndakiler onun ola\u011fan\u00fcst\u00fc ruhani ve annelik niteliklerini fark etmeye ba\u015flad\u0131k\u00e7a Nirmala k\u0131sa s\u00fcre i\u00e7inde &#8216;Sayg\u0131de\u011fer Anne&#8217; anlam\u0131na gelen Shri Mataji \u00fcnvan\u0131yla tan\u0131nd\u0131.<\/h4>\n\t<p>T\u00fcm insanlar\u0131n i\u00e7inde uykuda olan bu ruhsal enerjinin uyan\u0131\u015f\u0131n\u0131n do\u011fu\u015ftan gelen bir hak oldu\u011funu ve bu nedenle bedelinin \u00f6denemeyece\u011fini \u0131srarla vurgulayarak ne bu seminerler i\u00e7in ne de ayd\u0131nlanma i\u00e7in hi\u00e7bir zaman para talep etmedi. Shri Mataji taraf\u0131ndan geli\u015ftirilen ve ayd\u0131nlanma deneyimine dayanan bu meditasyon y\u00f6ntemine <a href=\"https:\/\/shrimataji.org\/tr\/sahaja-yoga\/\">Sahaja Yoga<\/a> denir. \u00c7al\u0131\u015fmalar\u0131n\u0131 ilk ba\u015fta \u0130ngiltere&#8217;de yo\u011funla\u015ft\u0131rarak kasabalar ve b\u00fcy\u00fck \u015fehirlerdeki izleyicilere mesaj\u0131n\u0131 ula\u015ft\u0131rd\u0131. Radyo ve televizyon r\u00f6portajlar\u0131 vererek, halka a\u00e7\u0131k salonlarda seminerler vererek \u00fclkeyi dola\u015ft\u0131 ve konu\u015fma sonras\u0131 izleyicilerle tan\u0131\u015f\u0131p, sab\u0131rla hikayelerini ve sorunlar\u0131n\u0131 dinleyerek ve tavsiyelerde bulunarak saatler ge\u00e7irdi.<\/p>\n\t\n\t<p>Bu, Shri Mataji&#8217;nin Avrupa, Avustralya ve Kuzey Amerika&#8217;y\u0131 gezmeye ba\u015flad\u0131\u011f\u0131 1980&#8217;lerde izledi\u011fi modeli olu\u015fturdu. \u0130lgilenen herkese Sahaja Yoga&#8217;y\u0131 \u00fccretsiz olarak \u00f6\u011fretti ve modern zamanlarda ruhaniyetin rol\u00fc hakk\u0131nda hararetli tart\u0131\u015fmalara ve soru-cevap oturumlar\u0131na kat\u0131ld\u0131.<\/p>\n<p>1990&#8217;lar, seyahatlerinin G\u00fcney Amerika, Do\u011fu Avrupa, Asya ve Pasifik b\u00f6lgesine yay\u0131l\u0131\u015f\u0131na tan\u0131kl\u0131k etti.<\/p>\n<p>Kendisine d\u00fcnya \u00e7ap\u0131ndaki kurumlardan pek \u00e7ok <a href=\"https:\/\/shrimataji.org\/tr\/oduller\">onursal \u00f6d\u00fcl ve fahri doktora \u00fcnvan\u0131<\/a> verildi. 1995&#8217;te <a href=\"https:\/\/shrimataji.org\/tr\/bm-kadin-konferansi\/\">Beijing&#8217;teki D\u00f6rd\u00fcnc\u00fc D\u00fcnya Kad\u0131n Konferans\u0131&#8217;nda<\/a> konu\u015fmac\u0131 olarak yer ald\u0131. Ayr\u0131ca Birle\u015fmi\u015f Milletler&#8217;de D\u00fcnya Bar\u0131\u015f\u0131 konusunda konu\u015ftu.<\/p>\n\t\t\t\t<img loading=\"lazy\" decoding=\"async\" src=\"https:\/\/shrimataji.org\/test\/wp-content\/uploads\/2024\/06\/shri-mataji-greeting-the-queen-2.jpg\" alt=\"Shri Mataji, Krali\u00e7e II. Elizabeth ile birlikte\" height=\"320\" width=\"460\" title=\"shri-mataji-greeting-the-queen-2\" \/>\n\t\tShri Mataji, Krali\u00e7e II. Elizabeth ile birlikte\n\t<p>1997 y\u0131l\u0131nda Claes Nobel, &#8220;do\u011fruyu yanl\u0131\u015ftan ay\u0131rmada referans noktas\u0131&#8221; ve &#8220;insanl\u0131k i\u00e7in umut kayna\u011f\u0131&#8221; olarak tan\u0131mlad\u0131\u011f\u0131 Shri Mataji ve Sahaja Yoga&#8217;ya olan hayranl\u0131\u011f\u0131n\u0131 dile getirdi.<\/p>\n\t<div class=\"su-quote su-quote-style-default\"><div class=\"su-quote-inner su-u-clearfix su-u-trim\">\n<p>Kazan\u00e7 eri\u015fti\u011finiz huzurdur, geli\u015ftirdi\u011finiz sevgi, yayabilece\u011finiz \u015fefkat, sizden ba\u015fkalar\u0131na n\u00fcfuz edebilecek dostluk ve uyum miktar\u0131ncad\u0131r. <\/div><\/div>\n\n","protected":false},"excerpt":{"rendered":"<p>Kamusal Ya\u015fam Ayd\u0131nlanmay\u0131 D\u00fcnyaya Ta\u015f\u0131yor Nirmala Srivastava, \u00e7ocuklar\u0131 b\u00fcy\u00fcy\u00fcp yeti\u015ftikten sonra dikkatinin ve zaman\u0131n\u0131n \u00e7o\u011funu kamusal alana ay\u0131rabildi. Kocas\u0131 Londra&#8217;da BM Uluslararas\u0131 Denizcilik \u00d6rg\u00fct\u00fc&#8217;n\u00fcn ba\u015f\u0131nda iken, o da ruhani \u00e7al\u0131\u015fmalar\u0131na k\u00fc\u00e7\u00fck bir grup insanla orada ba\u015flad\u0131. Ayr\u0131ca \u00fclkeyi gezmeye, seminerler ve ayd\u0131nlanma deneyimini vermeye ba\u015flad\u0131. Etraf\u0131ndakiler onun ola\u011fan\u00fcst\u00fc ruhani ve annelik niteliklerini fark etmeye ba\u015flad\u0131k\u00e7a&hellip; <br \/> <a class=\"read-more\" href=\"https:\/\/shrimataji.org\/test\/tr\/kamusal-yasam\/\">Read more<\/a><\/p>\n","protected":false},"author":12,"featured_media":9514,"parent":0,"menu_order":0,"comment_status":"closed","ping_status":"closed","template":"","meta":{"inline_featured_image":false,"footnotes":""},"class_list":["post-10197","page","type-page","status-publish","has-post-thumbnail","hentry"],"yoast_head":"<!-- This site is optimized with the Yoast SEO plugin v27.4 - https:\/\/yoast.com\/product\/yoast-seo-wordpress\/ -->\n<title>Kamusal Ya\u015fam - TEST - SMND<\/title>\n<meta name=\"robots\" content=\"noindex, follow, max-snippet:-1, max-image-preview:large, max-video-preview:-1\" \/>\n<meta property=\"og:locale\" content=\"en_US\" \/>\n<meta property=\"og:type\" content=\"article\" \/>\n<meta property=\"og:title\" content=\"Kamusal Ya\u015fam - TEST - SMND\" \/>\n<meta property=\"og:description\" content=\"Kamusal Ya\u015fam Ayd\u0131nlanmay\u0131 D\u00fcnyaya Ta\u015f\u0131yor Nirmala Srivastava, \u00e7ocuklar\u0131 b\u00fcy\u00fcy\u00fcp yeti\u015ftikten sonra dikkatinin ve zaman\u0131n\u0131n \u00e7o\u011funu kamusal alana ay\u0131rabildi. Kocas\u0131 Londra&#8217;da BM Uluslararas\u0131 Denizcilik \u00d6rg\u00fct\u00fc&#8217;n\u00fcn ba\u015f\u0131nda iken, o da ruhani \u00e7al\u0131\u015fmalar\u0131na k\u00fc\u00e7\u00fck bir grup insanla orada ba\u015flad\u0131. Ayr\u0131ca \u00fclkeyi gezmeye, seminerler ve ayd\u0131nlanma deneyimini vermeye ba\u015flad\u0131. Etraf\u0131ndakiler onun ola\u011fan\u00fcst\u00fc ruhani ve annelik niteliklerini fark etmeye ba\u015flad\u0131k\u00e7a&hellip; Read more\" \/>\n<meta property=\"og:url\" content=\"https:\/\/shrimataji.org\/test\/tr\/kamusal-yasam\/\" \/>\n<meta property=\"og:site_name\" content=\"TEST - SMND\" \/>\n<meta property=\"article:publisher\" content=\"https:\/\/www.facebook.com\/shrimataji\" \/>\n<meta property=\"article:modified_time\" content=\"2024-07-12T00:01:59+00:00\" \/>\n<meta property=\"og:image\" content=\"https:\/\/shrimataji.org\/test\/wp-content\/uploads\/2023\/03\/9_Banner-PublicLife-2-scaled.jpg\" \/>\n\t<meta property=\"og:image:width\" content=\"2560\" \/>\n\t<meta property=\"og:image:height\" content=\"905\" \/>\n\t<meta property=\"og:image:type\" content=\"image\/jpeg\" \/>\n<meta name=\"twitter:card\" content=\"summary_large_image\" \/>\n<meta name=\"twitter:site\" content=\"@shrimataji\" \/>\n<meta name=\"twitter:label1\" content=\"Est. reading time\" \/>\n\t<meta name=\"twitter:data1\" content=\"2 minutes\" \/>\n<script type=\"application\/ld+json\" class=\"yoast-schema-graph\">{\"@context\":\"https:\\\/\\\/schema.org\",\"@graph\":[{\"@type\":\"WebPage\",\"@id\":\"https:\\\/\\\/shrimataji.org\\\/test\\\/tr\\\/kamusal-yasam\\\/\",\"url\":\"https:\\\/\\\/shrimataji.org\\\/test\\\/tr\\\/kamusal-yasam\\\/\",\"name\":\"Kamusal Ya\u015fam - TEST - SMND\",\"isPartOf\":{\"@id\":\"https:\\\/\\\/shrimataji.org\\\/test\\\/#website\"},\"primaryImageOfPage\":{\"@id\":\"https:\\\/\\\/shrimataji.org\\\/test\\\/tr\\\/kamusal-yasam\\\/#primaryimage\"},\"image\":{\"@id\":\"https:\\\/\\\/shrimataji.org\\\/test\\\/tr\\\/kamusal-yasam\\\/#primaryimage\"},\"thumbnailUrl\":\"https:\\\/\\\/shrimataji.org\\\/test\\\/wp-content\\\/uploads\\\/2023\\\/03\\\/9_Banner-PublicLife-2-scaled.jpg\",\"datePublished\":\"2018-07-10T06:54:50+00:00\",\"dateModified\":\"2024-07-12T00:01:59+00:00\",\"breadcrumb\":{\"@id\":\"https:\\\/\\\/shrimataji.org\\\/test\\\/tr\\\/kamusal-yasam\\\/#breadcrumb\"},\"inLanguage\":\"en-US\",\"potentialAction\":[{\"@type\":\"ReadAction\",\"target\":[\"https:\\\/\\\/shrimataji.org\\\/test\\\/tr\\\/kamusal-yasam\\\/\"]}]},{\"@type\":\"ImageObject\",\"inLanguage\":\"en-US\",\"@id\":\"https:\\\/\\\/shrimataji.org\\\/test\\\/tr\\\/kamusal-yasam\\\/#primaryimage\",\"url\":\"https:\\\/\\\/shrimataji.org\\\/test\\\/wp-content\\\/uploads\\\/2023\\\/03\\\/9_Banner-PublicLife-2-scaled.jpg\",\"contentUrl\":\"https:\\\/\\\/shrimataji.org\\\/test\\\/wp-content\\\/uploads\\\/2023\\\/03\\\/9_Banner-PublicLife-2-scaled.jpg\",\"width\":2560,\"height\":905},{\"@type\":\"BreadcrumbList\",\"@id\":\"https:\\\/\\\/shrimataji.org\\\/test\\\/tr\\\/kamusal-yasam\\\/#breadcrumb\",\"itemListElement\":[{\"@type\":\"ListItem\",\"position\":1,\"name\":\"Home\",\"item\":\"https:\\\/\\\/shrimataji.org\\\/test\\\/uk\\\/home-en\\\/\"},{\"@type\":\"ListItem\",\"position\":2,\"name\":\"Kamusal Ya\u015fam\"}]},{\"@type\":\"WebSite\",\"@id\":\"https:\\\/\\\/shrimataji.org\\\/test\\\/#website\",\"url\":\"https:\\\/\\\/shrimataji.org\\\/test\\\/\",\"name\":\"Shri Mataji Nirmala Devi\",\"description\":\"A Life Dedicated to Humanity\",\"publisher\":{\"@id\":\"https:\\\/\\\/shrimataji.org\\\/test\\\/#\\\/schema\\\/person\\\/a1b3419c6585f164aa96da1ff85715d1\"},\"potentialAction\":[{\"@type\":\"SearchAction\",\"target\":{\"@type\":\"EntryPoint\",\"urlTemplate\":\"https:\\\/\\\/shrimataji.org\\\/test\\\/?s={search_term_string}\"},\"query-input\":{\"@type\":\"PropertyValueSpecification\",\"valueRequired\":true,\"valueName\":\"search_term_string\"}}],\"inLanguage\":\"en-US\"},{\"@type\":[\"Person\",\"Organization\"],\"@id\":\"https:\\\/\\\/shrimataji.org\\\/test\\\/#\\\/schema\\\/person\\\/a1b3419c6585f164aa96da1ff85715d1\",\"name\":\"Nirmala Shrivastava\",\"image\":{\"@type\":\"ImageObject\",\"inLanguage\":\"en-US\",\"@id\":\"https:\\\/\\\/shrimataji.org\\\/test\\\/wp-content\\\/uploads\\\/2023\\\/02\\\/SMO_LOGO-03.svg\",\"url\":\"https:\\\/\\\/shrimataji.org\\\/test\\\/wp-content\\\/uploads\\\/2023\\\/02\\\/SMO_LOGO-03.svg\",\"contentUrl\":\"https:\\\/\\\/shrimataji.org\\\/test\\\/wp-content\\\/uploads\\\/2023\\\/02\\\/SMO_LOGO-03.svg\",\"width\":\"1024\",\"height\":\"1024\",\"caption\":\"Nirmala Shrivastava\"},\"logo\":{\"@id\":\"https:\\\/\\\/shrimataji.org\\\/test\\\/wp-content\\\/uploads\\\/2023\\\/02\\\/SMO_LOGO-03.svg\"},\"sameAs\":[\"https:\\\/\\\/shrimataji.org\\\/test\",\"https:\\\/\\\/www.facebook.com\\\/shrimataji\",\"https:\\\/\\\/x.com\\\/shrimataji\",\"https:\\\/\\\/www.youtube.com\\\/@Shri_Mataji_Nirmala_Devi\\\/featured\"]}]}<\/script>\n<!-- \/ Yoast SEO plugin. -->","yoast_head_json":{"title":"Kamusal Ya\u015fam - TEST - SMND","robots":{"index":"noindex","follow":"follow","max-snippet":"max-snippet:-1","max-image-preview":"max-image-preview:large","max-video-preview":"max-video-preview:-1"},"og_locale":"en_US","og_type":"article","og_title":"Kamusal Ya\u015fam - TEST - SMND","og_description":"Kamusal Ya\u015fam Ayd\u0131nlanmay\u0131 D\u00fcnyaya Ta\u015f\u0131yor Nirmala Srivastava, \u00e7ocuklar\u0131 b\u00fcy\u00fcy\u00fcp yeti\u015ftikten sonra dikkatinin ve zaman\u0131n\u0131n \u00e7o\u011funu kamusal alana ay\u0131rabildi. Kocas\u0131 Londra&#8217;da BM Uluslararas\u0131 Denizcilik \u00d6rg\u00fct\u00fc&#8217;n\u00fcn ba\u015f\u0131nda iken, o da ruhani \u00e7al\u0131\u015fmalar\u0131na k\u00fc\u00e7\u00fck bir grup insanla orada ba\u015flad\u0131. Ayr\u0131ca \u00fclkeyi gezmeye, seminerler ve ayd\u0131nlanma deneyimini vermeye ba\u015flad\u0131. Etraf\u0131ndakiler onun ola\u011fan\u00fcst\u00fc ruhani ve annelik niteliklerini fark etmeye ba\u015flad\u0131k\u00e7a&hellip; Read more","og_url":"https:\/\/shrimataji.org\/test\/tr\/kamusal-yasam\/","og_site_name":"TEST - SMND","article_publisher":"https:\/\/www.facebook.com\/shrimataji","article_modified_time":"2024-07-12T00:01:59+00:00","og_image":[{"width":2560,"height":905,"url":"https:\/\/shrimataji.org\/test\/wp-content\/uploads\/2023\/03\/9_Banner-PublicLife-2-scaled.jpg","type":"image\/jpeg"}],"twitter_card":"summary_large_image","twitter_site":"@shrimataji","twitter_misc":{"Est. reading time":"2 minutes"},"schema":{"@context":"https:\/\/schema.org","@graph":[{"@type":"WebPage","@id":"https:\/\/shrimataji.org\/test\/tr\/kamusal-yasam\/","url":"https:\/\/shrimataji.org\/test\/tr\/kamusal-yasam\/","name":"Kamusal Ya\u015fam - TEST - SMND","isPartOf":{"@id":"https:\/\/shrimataji.org\/test\/#website"},"primaryImageOfPage":{"@id":"https:\/\/shrimataji.org\/test\/tr\/kamusal-yasam\/#primaryimage"},"image":{"@id":"https:\/\/shrimataji.org\/test\/tr\/kamusal-yasam\/#primaryimage"},"thumbnailUrl":"https:\/\/shrimataji.org\/test\/wp-content\/uploads\/2023\/03\/9_Banner-PublicLife-2-scaled.jpg","datePublished":"2018-07-10T06:54:50+00:00","dateModified":"2024-07-12T00:01:59+00:00","breadcrumb":{"@id":"https:\/\/shrimataji.org\/test\/tr\/kamusal-yasam\/#breadcrumb"},"inLanguage":"en-US","potentialAction":[{"@type":"ReadAction","target":["https:\/\/shrimataji.org\/test\/tr\/kamusal-yasam\/"]}]},{"@type":"ImageObject","inLanguage":"en-US","@id":"https:\/\/shrimataji.org\/test\/tr\/kamusal-yasam\/#primaryimage","url":"https:\/\/shrimataji.org\/test\/wp-content\/uploads\/2023\/03\/9_Banner-PublicLife-2-scaled.jpg","contentUrl":"https:\/\/shrimataji.org\/test\/wp-content\/uploads\/2023\/03\/9_Banner-PublicLife-2-scaled.jpg","width":2560,"height":905},{"@type":"BreadcrumbList","@id":"https:\/\/shrimataji.org\/test\/tr\/kamusal-yasam\/#breadcrumb","itemListElement":[{"@type":"ListItem","position":1,"name":"Home","item":"https:\/\/shrimataji.org\/test\/uk\/home-en\/"},{"@type":"ListItem","position":2,"name":"Kamusal Ya\u015fam"}]},{"@type":"WebSite","@id":"https:\/\/shrimataji.org\/test\/#website","url":"https:\/\/shrimataji.org\/test\/","name":"Shri Mataji Nirmala Devi","description":"A Life Dedicated to Humanity","publisher":{"@id":"https:\/\/shrimataji.org\/test\/#\/schema\/person\/a1b3419c6585f164aa96da1ff85715d1"},"potentialAction":[{"@type":"SearchAction","target":{"@type":"EntryPoint","urlTemplate":"https:\/\/shrimataji.org\/test\/?s={search_term_string}"},"query-input":{"@type":"PropertyValueSpecification","valueRequired":true,"valueName":"search_term_string"}}],"inLanguage":"en-US"},{"@type":["Person","Organization"],"@id":"https:\/\/shrimataji.org\/test\/#\/schema\/person\/a1b3419c6585f164aa96da1ff85715d1","name":"Nirmala Shrivastava","image":{"@type":"ImageObject","inLanguage":"en-US","@id":"https:\/\/shrimataji.org\/test\/wp-content\/uploads\/2023\/02\/SMO_LOGO-03.svg","url":"https:\/\/shrimataji.org\/test\/wp-content\/uploads\/2023\/02\/SMO_LOGO-03.svg","contentUrl":"https:\/\/shrimataji.org\/test\/wp-content\/uploads\/2023\/02\/SMO_LOGO-03.svg","width":"1024","height":"1024","caption":"Nirmala Shrivastava"},"logo":{"@id":"https:\/\/shrimataji.org\/test\/wp-content\/uploads\/2023\/02\/SMO_LOGO-03.svg"},"sameAs":["https:\/\/shrimataji.org\/test","https:\/\/www.facebook.com\/shrimataji","https:\/\/x.com\/shrimataji","https:\/\/www.youtube.com\/@Shri_Mataji_Nirmala_Devi\/featured"]}]}},"lang":"tr","translations":{"tr":10197,"ur":37481,"en":438,"am":18056,"th":20029,"hu":19542,"sq":18457,"zh":17354,"pt":10407,"de":10681,"fr":10779,"it":10877,"es":10974,"ja":11271,"ru":11459,"bn":11651,"te":11759,"sw":11882,"he":12030,"el":12322,"sk":12420,"fa":12518,"fi":12616,"bg":13440,"ro":14514,"cs":14707,"nl":16617,"ku":16777,"ar":16953,"be":18664,"kn":18938,"mr":20393,"uk":20687,"ml":20982,"ta":22775,"sv":23045,"gu":28889,"pa":29049,"fil":29493,"da":37792,"pl":38004,"nn":38344},"pll_sync_post":[],"_links":{"self":[{"href":"https:\/\/shrimataji.org\/test\/wp-json\/wp\/v2\/pages\/10197","targetHints":{"allow":["GET"]}}],"collection":[{"href":"https:\/\/shrimataji.org\/test\/wp-json\/wp\/v2\/pages"}],"about":[{"href":"https:\/\/shrimataji.org\/test\/wp-json\/wp\/v2\/types\/page"}],"author":[{"embeddable":true,"href":"https:\/\/shrimataji.org\/test\/wp-json\/wp\/v2\/users\/12"}],"replies":[{"embeddable":true,"href":"https:\/\/shrimataji.org\/test\/wp-json\/wp\/v2\/comments?post=10197"}],"version-history":[{"count":0,"href":"https:\/\/shrimataji.org\/test\/wp-json\/wp\/v2\/pages\/10197\/revisions"}],"wp:featuredmedia":[{"embeddable":true,"href":"https:\/\/shrimataji.org\/test\/wp-json\/wp\/v2\/media\/9514"}],"wp:attachment":[{"href":"https:\/\/shrimataji.org\/test\/wp-json\/wp\/v2\/media?parent=10197"}],"curies":[{"name":"wp","href":"https:\/\/api.w.org\/{rel}","templated":true}]}}