{"id":10199,"date":"2018-07-10T06:54:46","date_gmt":"2018-07-10T06:54:46","guid":{"rendered":"http:\/\/testwordpress.nirmalnagari.org\/smnd\/index.php\/reading-room\/"},"modified":"2024-07-12T00:02:13","modified_gmt":"2024-07-12T00:02:13","slug":"okuma-odasi","status":"publish","type":"page","link":"https:\/\/shrimataji.org\/test\/tr\/okuma-odasi\/","title":{"rendered":"Okuma Odas\u0131"},"content":{"rendered":"\n\n\t<h1>Okuma Odas\u0131<\/h1>\n\t<h4>Shri Mataji&#8217;nin t\u00fcm miras\u0131 aras\u0131nda belki de en b\u00fcy\u00fc\u011f\u00fc konu\u015fmalar\u0131, bas\u0131ndaki r\u00f6portajlar\u0131, dersleri, kitaplar\u0131 ve yarat\u0131c\u0131 \u00e7al\u0131\u015fmalar\u0131ndan derlenmi\u015f \u00e7ok geni\u015f koleksiyonudur; art\u0131k gelecek nesillerin yarar\u0131na dijital olarak korunmaktad\u0131r.<\/h4>\n\t<p>Shri Mataji 1970&#8217;ten 2011&#8217;deki vefat\u0131na kadar alt\u0131 k\u0131tay\u0131 dola\u015farak, ge\u00e7mi\u015fi veya ruhani y\u00f6nelimi ne olursa olsun ayd\u0131nlanman\u0131n herkes i\u00e7in eri\u015filebilir oldu\u011fu mesaj\u0131n\u0131 yayd\u0131. O&#8217;nun ana\u00e7 ki\u015fili\u011fi geleneksel sert, ciddi guru g\u00f6r\u00fcnt\u00fcs\u00fcnden \u00e7ok uzakt\u0131 ve bilgisini her zaman sevgiyle sundu. \u00c7ocuk yeti\u015ftirmekten tar\u0131ma, finansal y\u00f6netimden ruhani evrim i\u00e7in b\u00fcy\u00fck insan potansiyeline kadar uzanan konular \u00fczerine yapt\u0131\u011f\u0131 konu\u015fmalar ve yaz\u0131lar bilgelik ve ger\u00e7ek\u00e7i rehberlikle doludur.<\/p>\n\t\t\t\t<img loading=\"lazy\" decoding=\"async\" src=\"https:\/\/shrimataji.org\/test\/wp-content\/uploads\/2018\/07\/media_originals\/images\/shri-mataji-with-people\/shri-mataji-smiling-while-reading-a-book-in-india.jpg\" alt=\"Shri Mataji in Indien\" height=\"318\" width=\"500\" title=\"shri-mataji-smiling-while-reading-a-book-in-india\" \/>\n\t\tShri Mataji in Indien\n\t<p>\u0130\u015fte bu zengin ve geni\u015f metin koleksiyonundan birka\u00e7 al\u0131nt\u0131. Okuyucular Shri Mataji&#8217;nin e\u015fsiz ve do\u011fa\u00e7lama dilinin hi\u00e7bir \u015fekilde d\u00fczenlenmedi\u011fini veya de\u011fi\u015ftirilmedi\u011fini fark edebilirler.<\/p>\n\n","protected":false},"excerpt":{"rendered":"<p>Okuma Odas\u0131 Shri Mataji&#8217;nin t\u00fcm miras\u0131 aras\u0131nda belki de en b\u00fcy\u00fc\u011f\u00fc konu\u015fmalar\u0131, bas\u0131ndaki r\u00f6portajlar\u0131, dersleri, kitaplar\u0131 ve yarat\u0131c\u0131 \u00e7al\u0131\u015fmalar\u0131ndan derlenmi\u015f \u00e7ok geni\u015f koleksiyonudur; art\u0131k gelecek nesillerin yarar\u0131na dijital olarak korunmaktad\u0131r. Shri Mataji 1970&#8217;ten 2011&#8217;deki vefat\u0131na kadar alt\u0131 k\u0131tay\u0131 dola\u015farak, ge\u00e7mi\u015fi veya ruhani y\u00f6nelimi ne olursa olsun ayd\u0131nlanman\u0131n herkes i\u00e7in eri\u015filebilir oldu\u011fu mesaj\u0131n\u0131 yayd\u0131. O&#8217;nun ana\u00e7&hellip; <br \/> <a class=\"read-more\" href=\"https:\/\/shrimataji.org\/test\/tr\/okuma-odasi\/\">Read more<\/a><\/p>\n","protected":false},"author":12,"featured_media":113,"parent":0,"menu_order":0,"comment_status":"closed","ping_status":"closed","template":"","meta":{"inline_featured_image":false,"footnotes":""},"class_list":["post-10199","page","type-page","status-publish","has-post-thumbnail","hentry"],"yoast_head":"<!-- This site is optimized with the Yoast SEO plugin v27.4 - https:\/\/yoast.com\/product\/yoast-seo-wordpress\/ -->\n<title>Okuma Odas\u0131 - TEST - SMND<\/title>\n<meta name=\"robots\" content=\"noindex, follow, max-snippet:-1, max-image-preview:large, max-video-preview:-1\" \/>\n<meta property=\"og:locale\" content=\"en_US\" \/>\n<meta property=\"og:type\" content=\"article\" \/>\n<meta property=\"og:title\" content=\"Okuma Odas\u0131 - TEST - SMND\" \/>\n<meta property=\"og:description\" content=\"Okuma Odas\u0131 Shri Mataji&#8217;nin t\u00fcm miras\u0131 aras\u0131nda belki de en b\u00fcy\u00fc\u011f\u00fc konu\u015fmalar\u0131, bas\u0131ndaki r\u00f6portajlar\u0131, dersleri, kitaplar\u0131 ve yarat\u0131c\u0131 \u00e7al\u0131\u015fmalar\u0131ndan derlenmi\u015f \u00e7ok geni\u015f koleksiyonudur; art\u0131k gelecek nesillerin yarar\u0131na dijital olarak korunmaktad\u0131r. Shri Mataji 1970&#8217;ten 2011&#8217;deki vefat\u0131na kadar alt\u0131 k\u0131tay\u0131 dola\u015farak, ge\u00e7mi\u015fi veya ruhani y\u00f6nelimi ne olursa olsun ayd\u0131nlanman\u0131n herkes i\u00e7in eri\u015filebilir oldu\u011fu mesaj\u0131n\u0131 yayd\u0131. O&#8217;nun ana\u00e7&hellip; Read more\" \/>\n<meta property=\"og:url\" content=\"https:\/\/shrimataji.org\/test\/tr\/okuma-odasi\/\" \/>\n<meta property=\"og:site_name\" content=\"TEST - SMND\" \/>\n<meta property=\"article:publisher\" content=\"https:\/\/www.facebook.com\/shrimataji\" \/>\n<meta property=\"article:modified_time\" content=\"2024-07-12T00:02:13+00:00\" \/>\n<meta property=\"og:image\" content=\"https:\/\/shrimataji.org\/test\/wp-content\/uploads\/2018\/07\/media_originals\/images\/headers-general\/shri-mataji-nirmala-devi-teaching-sahaja-yoga-meditation.jpg\" \/>\n\t<meta property=\"og:image:width\" content=\"990\" \/>\n\t<meta property=\"og:image:height\" content=\"350\" \/>\n\t<meta property=\"og:image:type\" content=\"image\/jpeg\" \/>\n<meta name=\"twitter:card\" content=\"summary_large_image\" \/>\n<meta name=\"twitter:site\" content=\"@shrimataji\" \/>\n<script type=\"application\/ld+json\" class=\"yoast-schema-graph\">{\"@context\":\"https:\\\/\\\/schema.org\",\"@graph\":[{\"@type\":\"WebPage\",\"@id\":\"https:\\\/\\\/shrimataji.org\\\/test\\\/tr\\\/okuma-odasi\\\/\",\"url\":\"https:\\\/\\\/shrimataji.org\\\/test\\\/tr\\\/okuma-odasi\\\/\",\"name\":\"Okuma Odas\u0131 - TEST - SMND\",\"isPartOf\":{\"@id\":\"https:\\\/\\\/shrimataji.org\\\/test\\\/#website\"},\"primaryImageOfPage\":{\"@id\":\"https:\\\/\\\/shrimataji.org\\\/test\\\/tr\\\/okuma-odasi\\\/#primaryimage\"},\"image\":{\"@id\":\"https:\\\/\\\/shrimataji.org\\\/test\\\/tr\\\/okuma-odasi\\\/#primaryimage\"},\"thumbnailUrl\":\"https:\\\/\\\/shrimataji.org\\\/test\\\/wp-content\\\/uploads\\\/2018\\\/07\\\/media_originals\\\/images\\\/headers-general\\\/shri-mataji-nirmala-devi-teaching-sahaja-yoga-meditation.jpg\",\"datePublished\":\"2018-07-10T06:54:46+00:00\",\"dateModified\":\"2024-07-12T00:02:13+00:00\",\"breadcrumb\":{\"@id\":\"https:\\\/\\\/shrimataji.org\\\/test\\\/tr\\\/okuma-odasi\\\/#breadcrumb\"},\"inLanguage\":\"en-US\",\"potentialAction\":[{\"@type\":\"ReadAction\",\"target\":[\"https:\\\/\\\/shrimataji.org\\\/test\\\/tr\\\/okuma-odasi\\\/\"]}]},{\"@type\":\"ImageObject\",\"inLanguage\":\"en-US\",\"@id\":\"https:\\\/\\\/shrimataji.org\\\/test\\\/tr\\\/okuma-odasi\\\/#primaryimage\",\"url\":\"https:\\\/\\\/shrimataji.org\\\/test\\\/wp-content\\\/uploads\\\/2018\\\/07\\\/media_originals\\\/images\\\/headers-general\\\/shri-mataji-nirmala-devi-teaching-sahaja-yoga-meditation.jpg\",\"contentUrl\":\"https:\\\/\\\/shrimataji.org\\\/test\\\/wp-content\\\/uploads\\\/2018\\\/07\\\/media_originals\\\/images\\\/headers-general\\\/shri-mataji-nirmala-devi-teaching-sahaja-yoga-meditation.jpg\",\"width\":990,\"height\":350},{\"@type\":\"BreadcrumbList\",\"@id\":\"https:\\\/\\\/shrimataji.org\\\/test\\\/tr\\\/okuma-odasi\\\/#breadcrumb\",\"itemListElement\":[{\"@type\":\"ListItem\",\"position\":1,\"name\":\"Home\",\"item\":\"https:\\\/\\\/shrimataji.org\\\/test\\\/uk\\\/home-en\\\/\"},{\"@type\":\"ListItem\",\"position\":2,\"name\":\"Okuma Odas\u0131\"}]},{\"@type\":\"WebSite\",\"@id\":\"https:\\\/\\\/shrimataji.org\\\/test\\\/#website\",\"url\":\"https:\\\/\\\/shrimataji.org\\\/test\\\/\",\"name\":\"Shri Mataji Nirmala Devi\",\"description\":\"A Life Dedicated to Humanity\",\"publisher\":{\"@id\":\"https:\\\/\\\/shrimataji.org\\\/test\\\/#\\\/schema\\\/person\\\/a1b3419c6585f164aa96da1ff85715d1\"},\"potentialAction\":[{\"@type\":\"SearchAction\",\"target\":{\"@type\":\"EntryPoint\",\"urlTemplate\":\"https:\\\/\\\/shrimataji.org\\\/test\\\/?s={search_term_string}\"},\"query-input\":{\"@type\":\"PropertyValueSpecification\",\"valueRequired\":true,\"valueName\":\"search_term_string\"}}],\"inLanguage\":\"en-US\"},{\"@type\":[\"Person\",\"Organization\"],\"@id\":\"https:\\\/\\\/shrimataji.org\\\/test\\\/#\\\/schema\\\/person\\\/a1b3419c6585f164aa96da1ff85715d1\",\"name\":\"Nirmala Shrivastava\",\"image\":{\"@type\":\"ImageObject\",\"inLanguage\":\"en-US\",\"@id\":\"https:\\\/\\\/shrimataji.org\\\/test\\\/wp-content\\\/uploads\\\/2023\\\/02\\\/SMO_LOGO-03.svg\",\"url\":\"https:\\\/\\\/shrimataji.org\\\/test\\\/wp-content\\\/uploads\\\/2023\\\/02\\\/SMO_LOGO-03.svg\",\"contentUrl\":\"https:\\\/\\\/shrimataji.org\\\/test\\\/wp-content\\\/uploads\\\/2023\\\/02\\\/SMO_LOGO-03.svg\",\"width\":\"1024\",\"height\":\"1024\",\"caption\":\"Nirmala Shrivastava\"},\"logo\":{\"@id\":\"https:\\\/\\\/shrimataji.org\\\/test\\\/wp-content\\\/uploads\\\/2023\\\/02\\\/SMO_LOGO-03.svg\"},\"sameAs\":[\"https:\\\/\\\/shrimataji.org\\\/test\",\"https:\\\/\\\/www.facebook.com\\\/shrimataji\",\"https:\\\/\\\/x.com\\\/shrimataji\",\"https:\\\/\\\/www.youtube.com\\\/@Shri_Mataji_Nirmala_Devi\\\/featured\"]}]}<\/script>\n<!-- \/ Yoast SEO plugin. -->","yoast_head_json":{"title":"Okuma Odas\u0131 - TEST - SMND","robots":{"index":"noindex","follow":"follow","max-snippet":"max-snippet:-1","max-image-preview":"max-image-preview:large","max-video-preview":"max-video-preview:-1"},"og_locale":"en_US","og_type":"article","og_title":"Okuma Odas\u0131 - TEST - SMND","og_description":"Okuma Odas\u0131 Shri Mataji&#8217;nin t\u00fcm miras\u0131 aras\u0131nda belki de en b\u00fcy\u00fc\u011f\u00fc konu\u015fmalar\u0131, bas\u0131ndaki r\u00f6portajlar\u0131, dersleri, kitaplar\u0131 ve yarat\u0131c\u0131 \u00e7al\u0131\u015fmalar\u0131ndan derlenmi\u015f \u00e7ok geni\u015f koleksiyonudur; art\u0131k gelecek nesillerin yarar\u0131na dijital olarak korunmaktad\u0131r. Shri Mataji 1970&#8217;ten 2011&#8217;deki vefat\u0131na kadar alt\u0131 k\u0131tay\u0131 dola\u015farak, ge\u00e7mi\u015fi veya ruhani y\u00f6nelimi ne olursa olsun ayd\u0131nlanman\u0131n herkes i\u00e7in eri\u015filebilir oldu\u011fu mesaj\u0131n\u0131 yayd\u0131. O&#8217;nun ana\u00e7&hellip; Read more","og_url":"https:\/\/shrimataji.org\/test\/tr\/okuma-odasi\/","og_site_name":"TEST - SMND","article_publisher":"https:\/\/www.facebook.com\/shrimataji","article_modified_time":"2024-07-12T00:02:13+00:00","og_image":[{"width":990,"height":350,"url":"https:\/\/shrimataji.org\/test\/wp-content\/uploads\/2018\/07\/media_originals\/images\/headers-general\/shri-mataji-nirmala-devi-teaching-sahaja-yoga-meditation.jpg","type":"image\/jpeg"}],"twitter_card":"summary_large_image","twitter_site":"@shrimataji","schema":{"@context":"https:\/\/schema.org","@graph":[{"@type":"WebPage","@id":"https:\/\/shrimataji.org\/test\/tr\/okuma-odasi\/","url":"https:\/\/shrimataji.org\/test\/tr\/okuma-odasi\/","name":"Okuma Odas\u0131 - TEST - SMND","isPartOf":{"@id":"https:\/\/shrimataji.org\/test\/#website"},"primaryImageOfPage":{"@id":"https:\/\/shrimataji.org\/test\/tr\/okuma-odasi\/#primaryimage"},"image":{"@id":"https:\/\/shrimataji.org\/test\/tr\/okuma-odasi\/#primaryimage"},"thumbnailUrl":"https:\/\/shrimataji.org\/test\/wp-content\/uploads\/2018\/07\/media_originals\/images\/headers-general\/shri-mataji-nirmala-devi-teaching-sahaja-yoga-meditation.jpg","datePublished":"2018-07-10T06:54:46+00:00","dateModified":"2024-07-12T00:02:13+00:00","breadcrumb":{"@id":"https:\/\/shrimataji.org\/test\/tr\/okuma-odasi\/#breadcrumb"},"inLanguage":"en-US","potentialAction":[{"@type":"ReadAction","target":["https:\/\/shrimataji.org\/test\/tr\/okuma-odasi\/"]}]},{"@type":"ImageObject","inLanguage":"en-US","@id":"https:\/\/shrimataji.org\/test\/tr\/okuma-odasi\/#primaryimage","url":"https:\/\/shrimataji.org\/test\/wp-content\/uploads\/2018\/07\/media_originals\/images\/headers-general\/shri-mataji-nirmala-devi-teaching-sahaja-yoga-meditation.jpg","contentUrl":"https:\/\/shrimataji.org\/test\/wp-content\/uploads\/2018\/07\/media_originals\/images\/headers-general\/shri-mataji-nirmala-devi-teaching-sahaja-yoga-meditation.jpg","width":990,"height":350},{"@type":"BreadcrumbList","@id":"https:\/\/shrimataji.org\/test\/tr\/okuma-odasi\/#breadcrumb","itemListElement":[{"@type":"ListItem","position":1,"name":"Home","item":"https:\/\/shrimataji.org\/test\/uk\/home-en\/"},{"@type":"ListItem","position":2,"name":"Okuma Odas\u0131"}]},{"@type":"WebSite","@id":"https:\/\/shrimataji.org\/test\/#website","url":"https:\/\/shrimataji.org\/test\/","name":"Shri Mataji Nirmala Devi","description":"A Life Dedicated to Humanity","publisher":{"@id":"https:\/\/shrimataji.org\/test\/#\/schema\/person\/a1b3419c6585f164aa96da1ff85715d1"},"potentialAction":[{"@type":"SearchAction","target":{"@type":"EntryPoint","urlTemplate":"https:\/\/shrimataji.org\/test\/?s={search_term_string}"},"query-input":{"@type":"PropertyValueSpecification","valueRequired":true,"valueName":"search_term_string"}}],"inLanguage":"en-US"},{"@type":["Person","Organization"],"@id":"https:\/\/shrimataji.org\/test\/#\/schema\/person\/a1b3419c6585f164aa96da1ff85715d1","name":"Nirmala Shrivastava","image":{"@type":"ImageObject","inLanguage":"en-US","@id":"https:\/\/shrimataji.org\/test\/wp-content\/uploads\/2023\/02\/SMO_LOGO-03.svg","url":"https:\/\/shrimataji.org\/test\/wp-content\/uploads\/2023\/02\/SMO_LOGO-03.svg","contentUrl":"https:\/\/shrimataji.org\/test\/wp-content\/uploads\/2023\/02\/SMO_LOGO-03.svg","width":"1024","height":"1024","caption":"Nirmala Shrivastava"},"logo":{"@id":"https:\/\/shrimataji.org\/test\/wp-content\/uploads\/2023\/02\/SMO_LOGO-03.svg"},"sameAs":["https:\/\/shrimataji.org\/test","https:\/\/www.facebook.com\/shrimataji","https:\/\/x.com\/shrimataji","https:\/\/www.youtube.com\/@Shri_Mataji_Nirmala_Devi\/featured"]}]}},"lang":"tr","translations":{"tr":10199,"ur":37485,"en":415,"am":18060,"th":20035,"hu":19546,"sq":18461,"zh":17358,"pt":10409,"de":10683,"fr":10781,"it":10879,"es":10976,"ja":11274,"ru":11462,"bn":11653,"te":11761,"sw":11884,"he":12032,"el":12324,"sk":12422,"fa":12520,"fi":12618,"bg":13455,"ro":14529,"cs":14722,"nl":16621,"ku":16781,"ar":16957,"be":18668,"kn":18942,"mr":20399,"uk":20693,"ml":20988,"ta":22779,"sv":23049,"gu":28891,"pa":29051,"fil":29497,"da":37796,"pl":38006,"nn":38348},"pll_sync_post":[],"_links":{"self":[{"href":"https:\/\/shrimataji.org\/test\/wp-json\/wp\/v2\/pages\/10199","targetHints":{"allow":["GET"]}}],"collection":[{"href":"https:\/\/shrimataji.org\/test\/wp-json\/wp\/v2\/pages"}],"about":[{"href":"https:\/\/shrimataji.org\/test\/wp-json\/wp\/v2\/types\/page"}],"author":[{"embeddable":true,"href":"https:\/\/shrimataji.org\/test\/wp-json\/wp\/v2\/users\/12"}],"replies":[{"embeddable":true,"href":"https:\/\/shrimataji.org\/test\/wp-json\/wp\/v2\/comments?post=10199"}],"version-history":[{"count":0,"href":"https:\/\/shrimataji.org\/test\/wp-json\/wp\/v2\/pages\/10199\/revisions"}],"wp:featuredmedia":[{"embeddable":true,"href":"https:\/\/shrimataji.org\/test\/wp-json\/wp\/v2\/media\/113"}],"wp:attachment":[{"href":"https:\/\/shrimataji.org\/test\/wp-json\/wp\/v2\/media?parent=10199"}],"curies":[{"name":"wp","href":"https:\/\/api.w.org\/{rel}","templated":true}]}}