{"id":10201,"date":"2020-04-20T17:46:08","date_gmt":"2020-04-20T17:46:08","guid":{"rendered":"https:\/\/testwordpress.nirmalnagari.org\/smnd\/?page_id=3434"},"modified":"2024-08-18T21:55:11","modified_gmt":"2024-08-18T21:55:11","slug":"sahaja-yoga","status":"publish","type":"page","link":"https:\/\/shrimataji.org\/test\/tr\/sahaja-yoga\/","title":{"rendered":"Sahaja Yoga TR"},"content":{"rendered":"\n\n\t<h1>Sahaja Yoga<\/h1>\n<h2>Ayd\u0131nlanma ve Meditasyon Yoluyla \u0130\u00e7sel Uyan\u0131\u015f<\/h2>\n<h4>Shri Mataji Nirmala Devi, merkezi sinir sisteminde ayd\u0131nlanman\u0131n ger\u00e7ekle\u015fmesiyle, yoga uygulamas\u0131nda k\u00f6kl\u00fc bir de\u011fi\u015fim yapt\u0131. Maneviyat tarihinde, Shri Mataji ayd\u0131nlanma deneyimini toplu halde sunan ilk ve tek ki\u015fidir. Din, \u0131rk, milliyet veya \u015fartlar ne olursa olsun ayd\u0131nlanman\u0131n t\u00fcm insanlara do\u011fu\u015ftan verilen bir hak oldu\u011funu bildirdi. Ayr\u0131ca, ki\u015finin hakikati veya kendi \u00f6z\u00fcn\u00fc tan\u0131mak i\u00e7in bir \u00f6deme yapmamas\u0131 konusunda \u0131srar etti. Bu nedenle de ayd\u0131nlanma deneyimi her zaman \u00fccretsiz olarak sunuldu ve bu \u015fekilde sunulmaya devam ediyor.<\/h4>\n<p>Shri Mataji ayd\u0131nlanm\u0131\u015f oldu\u011funun tamamen fark\u0131nda olarak do\u011fdu. \u00c7ok k\u00fc\u00e7\u00fck ya\u015flardan itibaren do\u011fu\u015ftan sahip oldu\u011fu bu de\u011ferli yetene\u011fi herkesle payla\u015fmak istedi. Bu ruhani mucizeyi ilk fark eden babas\u0131 oldu ve insanl\u0131\u011f\u0131n yarar\u0131 i\u00e7in, ona d\u00fcnya \u00e7ap\u0131nda daha geni\u015f bir izleyici kitlesine ula\u015fmas\u0131n\u0131 sa\u011flayacak, toplu ayd\u0131nlanma yolunu bulmas\u0131n\u0131 tavsiye etti. Bu, Shri Mataji&#8217;ye k\u0131rk yedi y\u0131l\u0131 kapsayan bir s\u00fcrede, birlikte ya\u015fad\u0131\u011f\u0131 ve etkile\u015fimde bulundu\u011fu insanlar\u0131 incelemesi i\u00e7in ilham verdi. Ayd\u0131nlanma ve Sahaja Yoga meditasyonu uygulamas\u0131n\u0131 geli\u015ftiren ve toplu halde yayan hayat\u0131n\u0131n bu misyonunu yerine getirmek i\u00e7in; ancak insan ruhunun, t\u00fcm perm\u00fctasyonlar\u0131 ve kombinasyonlar\u0131 ile ilgili etrafl\u0131ca bir bilgiye sahip olduktan sonra kendi \u00fczerinde Sahasrara \u00e7akras\u0131n\u0131n (ba\u015f\u0131n \u00fcst\u00fcndeki yedinci spirit\u00fcel merkezin) a\u00e7\u0131lmas\u0131n\u0131 ba\u015flatacak olan nihai karar\u0131 verdi.<\/p>\n<p>5 May\u0131s 1970, insanl\u0131\u011f\u0131n spirit\u00fcel evriminde tarihi bir d\u00f6n\u00fcm noktas\u0131 oldu. Ayd\u0131nlanma ve ger\u00e7ek meditasyon yoluyla i\u00e7sel uyan\u0131\u015fa eri\u015fme, art\u0131k birka\u00e7 gayretli yoga ustas\u0131yla s\u0131n\u0131rl\u0131 olmayacak ve daha y\u00fcksek ki\u015fisel fark\u0131ndal\u0131k elde etmek i\u00e7in cevap arayan kitlelere kolayl\u0131kla ula\u015f\u0131labilecekti. Shri Mataji&#8217;nin buldu\u011fu yoga uygulamas\u0131ndaki benzersiz fark, daha ilk g\u00fcnden ayd\u0131nlanman\u0131n ger\u00e7ekle\u015fmesiydi. Daha \u00f6nceleri bu durum, bir gurunun yak\u0131n rehberli\u011finde y\u0131llarca s\u00fcren \u00e7ok zorlu yoga uygulamalar\u0131ndan sonra bile nadiren m\u00fcmk\u00fcnd\u00fc. Shri Mataji, insan fark\u0131ndal\u0131\u011f\u0131n\u0131n evrimsel s\u00fcre\u00e7te zirveye ula\u015ft\u0131\u011f\u0131n\u0131 ve yetkili bir gurunun, omurgan\u0131n taban\u0131nda uyuyan ezeli ruhsal enerji, Kundalini-\u015eakti&#8217;yi (Sanskrit\u00e7e&#8217;de, her yeri kaplayan ilahi g\u00fcc\u00fcn sarmal enerjisi anlam\u0131ndad\u0131r) harekete ge\u00e7irerek kendili\u011finden ayd\u0131nlanma alacak kadar olgunla\u015ft\u0131\u011f\u0131n\u0131 ortaya \u00e7\u0131kard\u0131.<\/p>\n<p>Sonraki k\u0131rk y\u0131lda, Shri Mataji Sahaja Yoga meditasyonu uygulamas\u0131n\u0131 tan\u0131tt\u0131. Din, k\u00fclt\u00fcr, ya\u015f veya e\u011fitim durumu ne olursa olsun, herkes bu yoga meditasyon tekni\u011fini \u00e7aba sarfetmeden uygulayabilir. Dahas\u0131, kendini Sahaja Yoga&#8217;da yetkin kabul eden bir\u00e7ok ki\u015fi, t\u0131pk\u0131 ba\u015fka mumlar\u0131 yakmak i\u00e7in kullan\u0131labilen bir mum gibi, ayd\u0131nlanman\u0131n derin deneyimini ba\u015fkalar\u0131na kolayl\u0131kla aktarabilir. Shri Mataji, kendisi do\u011fu\u015ftan gelen bu arma\u011fan\u0131 payla\u015fmak i\u00e7in asla \u00fccret talep etmeyerek, ba\u015fkalar\u0131na ayd\u0131nlanma verilmesi veya Sahaja Yoga bilgisinin \u00f6\u011fretilmesi i\u00e7in hi\u00e7bir \u00fccret al\u0131namayaca\u011f\u0131n\u0131 \u00f6zellikle vurgulad\u0131. B\u00f6ylece O, daha gen\u00e7 bir \u00e7ocukken, babas\u0131n\u0131n d\u00fc\u015f\u00fcnerek hayalini kurdu\u011fu ger\u00e7ek kitlesel ayd\u0131nlanman\u0131n temelini olu\u015fturdu.<\/p>\n<p>Sahaja Yoga meditasyonu, ayd\u0131nlanman\u0131n ba\u015flat\u0131lmas\u0131 yoluyla deneyimlenen i\u00e7sel uyan\u0131\u015f\u0131 s\u00fcrd\u00fcrmek i\u00e7in geli\u015ftirilen basit, \u00e7aba gerektirmeyen bir tekniktir. Sahaja kelimesi hem &#8216;kendili\u011finden&#8217; hem de &#8216;do\u011fu\u015ftan gelen&#8217; anlamlar\u0131na gelir ve her insanda var olan bu s\u00fcptil enerjiyi (Kundalini) ifade eder. Yayg\u0131n inan\u0131\u015f\u0131n aksine, yoga sadece bir dizi egzersiz veya duru\u015fu ifade etmez. Asl\u0131nda &#8216;ba\u011flanmak, birle\u015fmek, b\u00fct\u00fcnle\u015fmek&#8217; anlam\u0131na gelir. Yogan\u0131n amac\u0131, bireyin benli\u011finin ger\u00e7ek do\u011fas\u0131 olan &#8220;Atma&#8221;n\u0131n (Sanskrit\u00e7e&#8217;de bu, her yeri kaplayan Ruh&#8217;un yans\u0131mas\u0131 anlam\u0131na gelir) fark\u0131na varmas\u0131n\u0131 ve bu yeni fark\u0131ndal\u0131kla tam bir birli\u011fe ula\u015fmas\u0131n\u0131 sa\u011flamakt\u0131r. Bir damla suyun okyanusla birle\u015fmesi gibi, bireysel bilin\u00e7 ile kolektif bilin\u00e7 birle\u015fir denebilir. Bu birlik olu\u015ftu\u011funda, Kundalini&#8217;nin b\u00fct\u00fcnle\u015ftirici g\u00fcc\u00fc hem bireysel hem de kolektif d\u00fczeyde denge ve huzuru getirir.<\/p>\n<div class=\"su-quote su-quote-style-default\"><div class=\"su-quote-inner su-u-clearfix su-u-trim\">&#8220;Sahaja Yoga&#8217;n\u0131n&#8221; anlam\u0131, onu bile\u015fenlerine ay\u0131rd\u0131\u011f\u0131m\u0131zda daha iyi anla\u015f\u0131labilir: &#8216;Saha&#8217; &#8216;ile&#8217; anlam\u0131na gelir ve &#8216;ja&#8217; &#8216;do\u011fmak&#8217; anlam\u0131na gelir. &#8216;Yoga&#8217; ise &#8216;birle\u015fme&#8217; veya &#8216;y\u00f6ntem&#8217;dir. Yani Sahaja Yoga, evrimle\u015fme y\u00f6nteminin her birimizin i\u00e7inde do\u011fu\u015ftan var oldu\u011fu anlam\u0131na gelir.&#8221;<\/div><\/div>\n\t<img decoding=\"async\" data-spai-excluded=\"true\" loading=\"lazy\" alt=\"YouTube player\" src=\"https:\/\/i.ytimg.com\/vi\/0isS36I-zu8\/maxresdefault.jpg\" \/><button aria-label=\"Play\"><\/button>\n\n","protected":false},"excerpt":{"rendered":"<p>Sahaja Yoga Ayd\u0131nlanma ve Meditasyon Yoluyla \u0130\u00e7sel Uyan\u0131\u015f Shri Mataji Nirmala Devi, merkezi sinir sisteminde ayd\u0131nlanman\u0131n ger\u00e7ekle\u015fmesiyle, yoga uygulamas\u0131nda k\u00f6kl\u00fc bir de\u011fi\u015fim yapt\u0131. Maneviyat tarihinde, Shri Mataji ayd\u0131nlanma deneyimini toplu halde sunan ilk ve tek ki\u015fidir. Din, \u0131rk, milliyet veya \u015fartlar ne olursa olsun ayd\u0131nlanman\u0131n t\u00fcm insanlara do\u011fu\u015ftan verilen bir hak oldu\u011funu bildirdi. Ayr\u0131ca, ki\u015finin&hellip; <br \/> <a class=\"read-more\" href=\"https:\/\/shrimataji.org\/test\/tr\/sahaja-yoga\/\">Read more<\/a><\/p>\n","protected":false},"author":12,"featured_media":8561,"parent":0,"menu_order":0,"comment_status":"closed","ping_status":"closed","template":"","meta":{"inline_featured_image":false,"footnotes":""},"class_list":["post-10201","page","type-page","status-publish","has-post-thumbnail","hentry"],"yoast_head":"<!-- This site is optimized with the Yoast SEO plugin v27.4 - https:\/\/yoast.com\/product\/yoast-seo-wordpress\/ -->\n<title>Sahaja Yoga TR - TEST - SMND<\/title>\n<meta name=\"robots\" content=\"noindex, follow, max-snippet:-1, max-image-preview:large, max-video-preview:-1\" \/>\n<meta property=\"og:locale\" content=\"en_US\" \/>\n<meta property=\"og:type\" content=\"article\" \/>\n<meta property=\"og:title\" content=\"Sahaja Yoga TR - TEST - SMND\" \/>\n<meta property=\"og:description\" content=\"Sahaja Yoga Ayd\u0131nlanma ve Meditasyon Yoluyla \u0130\u00e7sel Uyan\u0131\u015f Shri Mataji Nirmala Devi, merkezi sinir sisteminde ayd\u0131nlanman\u0131n ger\u00e7ekle\u015fmesiyle, yoga uygulamas\u0131nda k\u00f6kl\u00fc bir de\u011fi\u015fim yapt\u0131. Maneviyat tarihinde, Shri Mataji ayd\u0131nlanma deneyimini toplu halde sunan ilk ve tek ki\u015fidir. Din, \u0131rk, milliyet veya \u015fartlar ne olursa olsun ayd\u0131nlanman\u0131n t\u00fcm insanlara do\u011fu\u015ftan verilen bir hak oldu\u011funu bildirdi. Ayr\u0131ca, ki\u015finin&hellip; Read more\" \/>\n<meta property=\"og:url\" content=\"https:\/\/shrimataji.org\/test\/tr\/sahaja-yoga\/\" \/>\n<meta property=\"og:site_name\" content=\"TEST - SMND\" \/>\n<meta property=\"article:publisher\" content=\"https:\/\/www.facebook.com\/shrimataji\" \/>\n<meta property=\"article:modified_time\" content=\"2024-08-18T21:55:11+00:00\" \/>\n<meta property=\"og:image\" content=\"https:\/\/shrimataji.org\/test\/wp-content\/uploads\/2023\/02\/Banner-SY-SY-scaled.jpg\" \/>\n\t<meta property=\"og:image:width\" content=\"2560\" \/>\n\t<meta property=\"og:image:height\" content=\"905\" \/>\n\t<meta property=\"og:image:type\" content=\"image\/jpeg\" \/>\n<meta name=\"twitter:card\" content=\"summary_large_image\" \/>\n<meta name=\"twitter:site\" content=\"@shrimataji\" \/>\n<script type=\"application\/ld+json\" class=\"yoast-schema-graph\">{\"@context\":\"https:\\\/\\\/schema.org\",\"@graph\":[{\"@type\":\"WebPage\",\"@id\":\"https:\\\/\\\/shrimataji.org\\\/test\\\/tr\\\/sahaja-yoga\\\/\",\"url\":\"https:\\\/\\\/shrimataji.org\\\/test\\\/tr\\\/sahaja-yoga\\\/\",\"name\":\"Sahaja Yoga TR - TEST - SMND\",\"isPartOf\":{\"@id\":\"https:\\\/\\\/shrimataji.org\\\/test\\\/#website\"},\"primaryImageOfPage\":{\"@id\":\"https:\\\/\\\/shrimataji.org\\\/test\\\/tr\\\/sahaja-yoga\\\/#primaryimage\"},\"image\":{\"@id\":\"https:\\\/\\\/shrimataji.org\\\/test\\\/tr\\\/sahaja-yoga\\\/#primaryimage\"},\"thumbnailUrl\":\"https:\\\/\\\/shrimataji.org\\\/test\\\/wp-content\\\/uploads\\\/2023\\\/02\\\/Banner-SY-SY-scaled.jpg\",\"datePublished\":\"2020-04-20T17:46:08+00:00\",\"dateModified\":\"2024-08-18T21:55:11+00:00\",\"breadcrumb\":{\"@id\":\"https:\\\/\\\/shrimataji.org\\\/test\\\/tr\\\/sahaja-yoga\\\/#breadcrumb\"},\"inLanguage\":\"en-US\",\"potentialAction\":[{\"@type\":\"ReadAction\",\"target\":[\"https:\\\/\\\/shrimataji.org\\\/test\\\/tr\\\/sahaja-yoga\\\/\"]}]},{\"@type\":\"ImageObject\",\"inLanguage\":\"en-US\",\"@id\":\"https:\\\/\\\/shrimataji.org\\\/test\\\/tr\\\/sahaja-yoga\\\/#primaryimage\",\"url\":\"https:\\\/\\\/shrimataji.org\\\/test\\\/wp-content\\\/uploads\\\/2023\\\/02\\\/Banner-SY-SY-scaled.jpg\",\"contentUrl\":\"https:\\\/\\\/shrimataji.org\\\/test\\\/wp-content\\\/uploads\\\/2023\\\/02\\\/Banner-SY-SY-scaled.jpg\",\"width\":2560,\"height\":905},{\"@type\":\"BreadcrumbList\",\"@id\":\"https:\\\/\\\/shrimataji.org\\\/test\\\/tr\\\/sahaja-yoga\\\/#breadcrumb\",\"itemListElement\":[{\"@type\":\"ListItem\",\"position\":1,\"name\":\"Home\",\"item\":\"https:\\\/\\\/shrimataji.org\\\/test\\\/uk\\\/home-en\\\/\"},{\"@type\":\"ListItem\",\"position\":2,\"name\":\"Sahaja Yoga TR\"}]},{\"@type\":\"WebSite\",\"@id\":\"https:\\\/\\\/shrimataji.org\\\/test\\\/#website\",\"url\":\"https:\\\/\\\/shrimataji.org\\\/test\\\/\",\"name\":\"Shri Mataji Nirmala Devi\",\"description\":\"A Life Dedicated to Humanity\",\"publisher\":{\"@id\":\"https:\\\/\\\/shrimataji.org\\\/test\\\/#\\\/schema\\\/person\\\/a1b3419c6585f164aa96da1ff85715d1\"},\"potentialAction\":[{\"@type\":\"SearchAction\",\"target\":{\"@type\":\"EntryPoint\",\"urlTemplate\":\"https:\\\/\\\/shrimataji.org\\\/test\\\/?s={search_term_string}\"},\"query-input\":{\"@type\":\"PropertyValueSpecification\",\"valueRequired\":true,\"valueName\":\"search_term_string\"}}],\"inLanguage\":\"en-US\"},{\"@type\":[\"Person\",\"Organization\"],\"@id\":\"https:\\\/\\\/shrimataji.org\\\/test\\\/#\\\/schema\\\/person\\\/a1b3419c6585f164aa96da1ff85715d1\",\"name\":\"Nirmala Shrivastava\",\"image\":{\"@type\":\"ImageObject\",\"inLanguage\":\"en-US\",\"@id\":\"https:\\\/\\\/shrimataji.org\\\/test\\\/wp-content\\\/uploads\\\/2023\\\/02\\\/SMO_LOGO-03.svg\",\"url\":\"https:\\\/\\\/shrimataji.org\\\/test\\\/wp-content\\\/uploads\\\/2023\\\/02\\\/SMO_LOGO-03.svg\",\"contentUrl\":\"https:\\\/\\\/shrimataji.org\\\/test\\\/wp-content\\\/uploads\\\/2023\\\/02\\\/SMO_LOGO-03.svg\",\"width\":\"1024\",\"height\":\"1024\",\"caption\":\"Nirmala Shrivastava\"},\"logo\":{\"@id\":\"https:\\\/\\\/shrimataji.org\\\/test\\\/wp-content\\\/uploads\\\/2023\\\/02\\\/SMO_LOGO-03.svg\"},\"sameAs\":[\"https:\\\/\\\/shrimataji.org\\\/test\",\"https:\\\/\\\/www.facebook.com\\\/shrimataji\",\"https:\\\/\\\/x.com\\\/shrimataji\",\"https:\\\/\\\/www.youtube.com\\\/@Shri_Mataji_Nirmala_Devi\\\/featured\"]}]}<\/script>\n<!-- \/ Yoast SEO plugin. -->","yoast_head_json":{"title":"Sahaja Yoga TR - TEST - SMND","robots":{"index":"noindex","follow":"follow","max-snippet":"max-snippet:-1","max-image-preview":"max-image-preview:large","max-video-preview":"max-video-preview:-1"},"og_locale":"en_US","og_type":"article","og_title":"Sahaja Yoga TR - TEST - SMND","og_description":"Sahaja Yoga Ayd\u0131nlanma ve Meditasyon Yoluyla \u0130\u00e7sel Uyan\u0131\u015f Shri Mataji Nirmala Devi, merkezi sinir sisteminde ayd\u0131nlanman\u0131n ger\u00e7ekle\u015fmesiyle, yoga uygulamas\u0131nda k\u00f6kl\u00fc bir de\u011fi\u015fim yapt\u0131. Maneviyat tarihinde, Shri Mataji ayd\u0131nlanma deneyimini toplu halde sunan ilk ve tek ki\u015fidir. Din, \u0131rk, milliyet veya \u015fartlar ne olursa olsun ayd\u0131nlanman\u0131n t\u00fcm insanlara do\u011fu\u015ftan verilen bir hak oldu\u011funu bildirdi. Ayr\u0131ca, ki\u015finin&hellip; Read more","og_url":"https:\/\/shrimataji.org\/test\/tr\/sahaja-yoga\/","og_site_name":"TEST - SMND","article_publisher":"https:\/\/www.facebook.com\/shrimataji","article_modified_time":"2024-08-18T21:55:11+00:00","og_image":[{"width":2560,"height":905,"url":"https:\/\/shrimataji.org\/test\/wp-content\/uploads\/2023\/02\/Banner-SY-SY-scaled.jpg","type":"image\/jpeg"}],"twitter_card":"summary_large_image","twitter_site":"@shrimataji","schema":{"@context":"https:\/\/schema.org","@graph":[{"@type":"WebPage","@id":"https:\/\/shrimataji.org\/test\/tr\/sahaja-yoga\/","url":"https:\/\/shrimataji.org\/test\/tr\/sahaja-yoga\/","name":"Sahaja Yoga TR - TEST - SMND","isPartOf":{"@id":"https:\/\/shrimataji.org\/test\/#website"},"primaryImageOfPage":{"@id":"https:\/\/shrimataji.org\/test\/tr\/sahaja-yoga\/#primaryimage"},"image":{"@id":"https:\/\/shrimataji.org\/test\/tr\/sahaja-yoga\/#primaryimage"},"thumbnailUrl":"https:\/\/shrimataji.org\/test\/wp-content\/uploads\/2023\/02\/Banner-SY-SY-scaled.jpg","datePublished":"2020-04-20T17:46:08+00:00","dateModified":"2024-08-18T21:55:11+00:00","breadcrumb":{"@id":"https:\/\/shrimataji.org\/test\/tr\/sahaja-yoga\/#breadcrumb"},"inLanguage":"en-US","potentialAction":[{"@type":"ReadAction","target":["https:\/\/shrimataji.org\/test\/tr\/sahaja-yoga\/"]}]},{"@type":"ImageObject","inLanguage":"en-US","@id":"https:\/\/shrimataji.org\/test\/tr\/sahaja-yoga\/#primaryimage","url":"https:\/\/shrimataji.org\/test\/wp-content\/uploads\/2023\/02\/Banner-SY-SY-scaled.jpg","contentUrl":"https:\/\/shrimataji.org\/test\/wp-content\/uploads\/2023\/02\/Banner-SY-SY-scaled.jpg","width":2560,"height":905},{"@type":"BreadcrumbList","@id":"https:\/\/shrimataji.org\/test\/tr\/sahaja-yoga\/#breadcrumb","itemListElement":[{"@type":"ListItem","position":1,"name":"Home","item":"https:\/\/shrimataji.org\/test\/uk\/home-en\/"},{"@type":"ListItem","position":2,"name":"Sahaja Yoga TR"}]},{"@type":"WebSite","@id":"https:\/\/shrimataji.org\/test\/#website","url":"https:\/\/shrimataji.org\/test\/","name":"Shri Mataji Nirmala Devi","description":"A Life Dedicated to Humanity","publisher":{"@id":"https:\/\/shrimataji.org\/test\/#\/schema\/person\/a1b3419c6585f164aa96da1ff85715d1"},"potentialAction":[{"@type":"SearchAction","target":{"@type":"EntryPoint","urlTemplate":"https:\/\/shrimataji.org\/test\/?s={search_term_string}"},"query-input":{"@type":"PropertyValueSpecification","valueRequired":true,"valueName":"search_term_string"}}],"inLanguage":"en-US"},{"@type":["Person","Organization"],"@id":"https:\/\/shrimataji.org\/test\/#\/schema\/person\/a1b3419c6585f164aa96da1ff85715d1","name":"Nirmala Shrivastava","image":{"@type":"ImageObject","inLanguage":"en-US","@id":"https:\/\/shrimataji.org\/test\/wp-content\/uploads\/2023\/02\/SMO_LOGO-03.svg","url":"https:\/\/shrimataji.org\/test\/wp-content\/uploads\/2023\/02\/SMO_LOGO-03.svg","contentUrl":"https:\/\/shrimataji.org\/test\/wp-content\/uploads\/2023\/02\/SMO_LOGO-03.svg","width":"1024","height":"1024","caption":"Nirmala Shrivastava"},"logo":{"@id":"https:\/\/shrimataji.org\/test\/wp-content\/uploads\/2023\/02\/SMO_LOGO-03.svg"},"sameAs":["https:\/\/shrimataji.org\/test","https:\/\/www.facebook.com\/shrimataji","https:\/\/x.com\/shrimataji","https:\/\/www.youtube.com\/@Shri_Mataji_Nirmala_Devi\/featured"]}]}},"lang":"tr","translations":{"tr":10201,"ur":37488,"en":3434,"pa":25904,"gu":25507,"th":20040,"hu":19550,"sq":18464,"zh":17361,"pt":10411,"de":10685,"fr":10783,"it":10881,"es":10978,"ja":11276,"ru":11464,"bn":11655,"te":11763,"sw":11886,"he":12034,"el":12326,"sk":12424,"fa":12522,"fi":12620,"bg":13428,"ro":14502,"cs":14695,"nl":16624,"ku":16784,"ar":16960,"be":18671,"kn":18945,"mr":20404,"uk":20698,"ml":20993,"ta":22782,"sv":23052,"bs":27292,"fil":29500,"sd":31004,"da":37798,"pl":38008,"nn":38350},"pll_sync_post":[],"_links":{"self":[{"href":"https:\/\/shrimataji.org\/test\/wp-json\/wp\/v2\/pages\/10201","targetHints":{"allow":["GET"]}}],"collection":[{"href":"https:\/\/shrimataji.org\/test\/wp-json\/wp\/v2\/pages"}],"about":[{"href":"https:\/\/shrimataji.org\/test\/wp-json\/wp\/v2\/types\/page"}],"author":[{"embeddable":true,"href":"https:\/\/shrimataji.org\/test\/wp-json\/wp\/v2\/users\/12"}],"replies":[{"embeddable":true,"href":"https:\/\/shrimataji.org\/test\/wp-json\/wp\/v2\/comments?post=10201"}],"version-history":[{"count":0,"href":"https:\/\/shrimataji.org\/test\/wp-json\/wp\/v2\/pages\/10201\/revisions"}],"wp:featuredmedia":[{"embeddable":true,"href":"https:\/\/shrimataji.org\/test\/wp-json\/wp\/v2\/media\/8561"}],"wp:attachment":[{"href":"https:\/\/shrimataji.org\/test\/wp-json\/wp\/v2\/media?parent=10201"}],"curies":[{"name":"wp","href":"https:\/\/api.w.org\/{rel}","templated":true}]}}