{"id":10204,"date":"2022-01-23T03:06:21","date_gmt":"2022-01-23T03:06:21","guid":{"rendered":"https:\/\/test.shrimataji.org\/?page_id=6275"},"modified":"2024-07-12T00:02:25","modified_gmt":"2024-07-12T00:02:25","slug":"sahaja-yoga-meditasyon","status":"publish","type":"page","link":"https:\/\/shrimataji.org\/test\/tr\/sahaja-yoga-meditasyon\/","title":{"rendered":"Sahaja Yoga Meditasyon"},"content":{"rendered":"\n\n\t<h1>Sahaja Yoga Meditasyon<\/h1>\n<h2>\u0130\u00e7inizdeki Sessizli\u011fin G\u00fcc\u00fc<\/h2>\n<div class=\"su-quote su-quote-style-default\"><div class=\"su-quote-inner su-u-clearfix su-u-trim\"> Meditasyon yapamazs\u0131n\u0131z meditasyonda olman\u0131z gerekir. Meditatif olunur. Her zaman meditasyonda olabilirsiniz. <\/div><\/div>\n\t<h4>Meditasyon, bir konu \u00fczerinde derinlemesine d\u00fc\u015f\u00fcnmekten, g\u00f6zler kapal\u0131 ve odaklanm\u0131\u015f bir dikkatle sessizce oturmaya kadar say\u0131s\u0131z farkl\u0131 \u015fekilde tan\u0131mlanm\u0131\u015f ve yorumlanm\u0131\u015f bir kelimedir.<\/h4>\n<p>Sahaja Yoga&#8217;da meditasyon, uygulay\u0131c\u0131n\u0131n <a href=\"https:\/\/shrimataji.org\/tr\/kundalini\">Kundalini&#8217;sinin<\/a> (s\u00fcptil i\u00e7 enerji) uyan\u0131p, Nirvichar Samadhi (d\u00fc\u015f\u00fcncesiz fark\u0131ndal\u0131k) olarak bilinen bir konuma girilmi\u015f <a href=\"https:\/\/shrimataji.org\/tr\/aydinlanma\">ayd\u0131nlanmaya<\/a> dayan\u0131r. Bu konum i\u00e7inde ki\u015fi zihin, d\u00fc\u015f\u00fcnce ve duygular\u0131n \u00e7alkant\u0131l\u0131 dalgalar\u0131ndan kesin bir \u015fekilde kurtulur; <a href=\"https:\/\/shrimataji.org\/tr\/atma\">Atma&#8217;n\u0131n<\/a> (her yeri kaplayan ebedi Ruh) mutluluk veren i\u00e7sel ne\u015fesinin tamamen bilincinde sessiz kalarak<a href=\"#citation-note-1\">[1a]<\/a> sakin bir g\u00f6l gibi durulur.<\/p>\n\t\t\t\t<img loading=\"lazy\" decoding=\"async\" src=\"https:\/\/shrimataji.org\/test\/wp-content\/uploads\/2024\/07\/TR_Subtle-System-1.png\" alt=\"TR_Subtle System\" height=\"6571\" width=\"6429\" title=\"TR_Subtle System\" \/>\n\t<p>Kundalini&#8217;nin daha fazla say\u0131da iplik\u00e7i\u011fi omurga boyunca y\u00fckselip <a href=\"https:\/\/shrimataji.org\/tr\/cakralar-ve-kaliteleri\">\u00c7akralar\u0131<\/a> (enerji merkezleri) ve <a href=\"https:\/\/shrimataji.org\/tr\/nadiler-ve-uc-ruh-hali\/\">Nadileri<\/a> (enerji kanallar\u0131) ayd\u0131nlatt\u0131k\u00e7a, uygulay\u0131c\u0131 \u00e7aba sarfetmeden kendi s\u00fcptil sisteminin i\u00e7sel durumunun fark\u0131na var\u0131r; \u00f6zellikle ba\u015f\u0131n b\u0131ng\u0131ldak b\u00f6lgesi ve avu\u00e7 i\u00e7lerinde olmak \u00fczere serin bir esintinin t\u00fcm bedenini sard\u0131\u011f\u0131n\u0131 hisseder. Sadece birka\u00e7 haftal\u0131k uygulamayla, ki\u015fi yaln\u0131zca kendi s\u00fcptil sisteminin fark\u0131ndal\u0131\u011f\u0131na ula\u015fmakla kalmaz, ayn\u0131 zamanda etraf\u0131ndaki enerjileri ve hatta yak\u0131n\u0131ndaki ki\u015filerin s\u00fcptil sisteminin durumunu alg\u0131lamak i\u00e7in yeterli duyarl\u0131l\u0131\u011f\u0131 da geli\u015ftirebilir.<\/p>\n\t<img decoding=\"async\" data-spai-excluded=\"true\" loading=\"lazy\" alt=\"YouTube player\" src=\"https:\/\/i.ytimg.com\/vi\/RA3QEktjJ-Y\/maxresdefault.jpg\" \/><button aria-label=\"Play\"><\/button>\n\t<p>Sahaja Yoga&#8217;da meditasyon uygulamas\u0131 basittir; evde veya ofiste, tek ba\u015f\u0131na veya ba\u015fkalar\u0131yla birlikte yap\u0131labilir. Shri Mataji, ruhani ayd\u0131nlanmay\u0131 elde etmek i\u00e7in toplumdan uzakla\u015fman\u0131n gereksiz oldu\u011funu vurgulam\u0131\u015ft\u0131r. Tekni\u011fin temeli, herkesin i\u00e7inde var olan bu enerjinin uyan\u0131\u015f\u0131d\u0131r ve bunu bireyin kendi tercihine b\u0131rakarak al\u0131p uygulamas\u0131ndan yanad\u0131r. Bu, herhangi bir fark\u0131ndal\u0131k veya konsantrasyon egzersizinden ziyade, <a href=\"https:\/\/shrimataji.org\/tr\/caba-harcamadan-kolay-meditasyon\/\">\u00e7aba sarfedilmeden<\/a> ger\u00e7ekle\u015fen bir meditasyon deneyimidir.<\/p>\n\t<div class=\"su-quote su-quote-style-default\"><div class=\"su-quote-inner su-u-clearfix su-u-trim\">\u00c7aba sarfetmedi\u011finizde, meditasyon kesinlikle en iyi sonucu verecektir.<\/div><\/div>\n\t<p>Avustralya ve Hindistan&#8217;da y\u00fcr\u00fct\u00fclen t\u0131bbi ara\u015ft\u0131rmalar, ki\u015finin derin nefes alma veya g\u00f6rselle\u015ftirme gibi basit gev\u015feme y\u00f6ntemleri kulland\u0131\u011f\u0131nda de\u011fil, ancak d\u00fc\u015f\u00fcncesiz fark\u0131ndal\u0131k i\u00e7inde meditasyon yapt\u0131\u011f\u0131nda v\u00fccudunun iyile\u015ftirme mekanizmalar\u0131n\u0131n harekete ge\u00e7ti\u011fini g\u00f6stermi\u015ftir.<\/p>\n<p>Rahatlama y\u00f6ntemleri stresi azaltmada etkilidir, ancak onlarla ilgili Sahaja Yoga Meditasyonu&#8217;nda oldu\u011fu gibi \u00f6l\u00e7\u00fclebilir t\u0131bbi sonu\u00e7lar g\u00f6r\u00fclmemi\u015ftir. <a href=\"#citation-note-1\">[1b]<\/a><\/p>\n\t\n\t<p>Sahaja Yoga Meditasyonunun benzersiz bir \u00f6zelli\u011fi, ruhaniyete giden tek bir kuralc\u0131 yol sunmamas\u0131d\u0131r. Herhangi bir diyet k\u0131s\u0131tlamas\u0131 veya dini zorunluluk yoktur. Her uygulay\u0131c\u0131 kendi yolunu, ilerleme h\u0131z\u0131n\u0131 ve ruhani hedeflerini se\u00e7me \u00f6zg\u00fcrl\u00fc\u011f\u00fcne sahiptir. Hi\u00e7 kimse herhangi bir yol se\u00e7imi i\u00e7in zorlanmaz, \u00f6nceden belirlenmi\u015f bir giri\u015f kap\u0131s\u0131 yoktur ve ki\u015finin kendi tasarlad\u0131\u011f\u0131 her yol de\u011fi\u015fime tamamen a\u00e7\u0131kt\u0131r, belirli ihtiya\u00e7lara veya ko\u015fullara adapte olabilen ya\u015fayan bir s\u00fcre\u00e7tir <a href=\"#citation-note-2\">[2]<\/a>.<\/p>\n\t<p>Shri Mataji&#8217;nin \u00f6\u011fretisini sundu\u011fu bu teknik, d\u00fcnya \u00e7ap\u0131nda kurulan <a href=\"https:\/\/shrimataji.org\/tr\/kolektif-meditasyon\">Sahaja Yoga Meditasyon merkezlerinde<\/a> \u00fccretsiz olarak \u00f6\u011fretilmektedir.<\/p>\n\t<hr \/>\n<p>\u00a01a. <a href=\"#citation-ref-1a\">^<\/a> 1b. <a href=\"#citation-ref-1b\">^<\/a>\u00a0&#8216;Meditasyonun \u00d6zel Bir Etkisi Var m\u0131?: Zihinsel Sessizli\u011fe Y\u00f6nelik Bir Tan\u0131m\u0131n Sistematik Deneysel De\u011ferlendirmesi&#8217; (University of NSW, Avustralya 2008); e-kitap: 2013 Hachette Australia taraf\u0131ndan yay\u0131nlanan <a href=\"https:\/\/www.sahajbooks.org\/collection\/silence-your-mind\">&#8216;Silence Your Mind&#8217;<\/a> &#8216;Zihnini Sustur&#8217;; <a href=\"https:\/\/researchingmeditation.org\/\">Meditasyonu Ara\u015ft\u0131rmak &#8211; Meditasyonun bilimsel \u00e7al\u0131\u015fmas\u0131<\/a><\/p>\n<p>2. <a href=\"#citation-ref-2\">^<\/a>\u00a0Nigel T. Powell, &#8216;<a href=\"https:\/\/www.sahajbooks.org\/collection\/SAHAJA-YOGA-MEDITATION\" target=\"_blank\" rel=\"noopener\">Sahaja Yoga Meditasyon<\/a>&#8216; Londra: Corvalis Yay\u0131nlar\u0131 2005.<\/p>\n\n","protected":false},"excerpt":{"rendered":"<p>Sahaja Yoga Meditasyon \u0130\u00e7inizdeki Sessizli\u011fin G\u00fcc\u00fc Meditasyon, bir konu \u00fczerinde derinlemesine d\u00fc\u015f\u00fcnmekten, g\u00f6zler kapal\u0131 ve odaklanm\u0131\u015f bir dikkatle sessizce oturmaya kadar say\u0131s\u0131z farkl\u0131 \u015fekilde tan\u0131mlanm\u0131\u015f ve yorumlanm\u0131\u015f bir kelimedir. Sahaja Yoga&#8217;da meditasyon, uygulay\u0131c\u0131n\u0131n Kundalini&#8217;sinin (s\u00fcptil i\u00e7 enerji) uyan\u0131p, Nirvichar Samadhi (d\u00fc\u015f\u00fcncesiz fark\u0131ndal\u0131k) olarak bilinen bir konuma girilmi\u015f ayd\u0131nlanmaya dayan\u0131r. Bu konum i\u00e7inde ki\u015fi zihin, d\u00fc\u015f\u00fcnce&hellip; <br \/> <a class=\"read-more\" href=\"https:\/\/shrimataji.org\/test\/tr\/sahaja-yoga-meditasyon\/\">Read more<\/a><\/p>\n","protected":false},"author":12,"featured_media":9266,"parent":0,"menu_order":0,"comment_status":"closed","ping_status":"closed","template":"","meta":{"inline_featured_image":false,"footnotes":""},"class_list":["post-10204","page","type-page","status-publish","has-post-thumbnail","hentry"],"yoast_head":"<!-- This site is optimized with the Yoast SEO plugin v27.4 - https:\/\/yoast.com\/product\/yoast-seo-wordpress\/ -->\n<title>Sahaja Yoga Meditasyon - TEST - SMND<\/title>\n<meta name=\"robots\" content=\"noindex, follow, max-snippet:-1, max-image-preview:large, max-video-preview:-1\" \/>\n<meta property=\"og:locale\" content=\"en_US\" \/>\n<meta property=\"og:type\" content=\"article\" \/>\n<meta property=\"og:title\" content=\"Sahaja Yoga Meditasyon - TEST - SMND\" \/>\n<meta property=\"og:description\" content=\"Sahaja Yoga Meditasyon \u0130\u00e7inizdeki Sessizli\u011fin G\u00fcc\u00fc Meditasyon, bir konu \u00fczerinde derinlemesine d\u00fc\u015f\u00fcnmekten, g\u00f6zler kapal\u0131 ve odaklanm\u0131\u015f bir dikkatle sessizce oturmaya kadar say\u0131s\u0131z farkl\u0131 \u015fekilde tan\u0131mlanm\u0131\u015f ve yorumlanm\u0131\u015f bir kelimedir. Sahaja Yoga&#8217;da meditasyon, uygulay\u0131c\u0131n\u0131n Kundalini&#8217;sinin (s\u00fcptil i\u00e7 enerji) uyan\u0131p, Nirvichar Samadhi (d\u00fc\u015f\u00fcncesiz fark\u0131ndal\u0131k) olarak bilinen bir konuma girilmi\u015f ayd\u0131nlanmaya dayan\u0131r. Bu konum i\u00e7inde ki\u015fi zihin, d\u00fc\u015f\u00fcnce&hellip; Read more\" \/>\n<meta property=\"og:url\" content=\"https:\/\/shrimataji.org\/test\/tr\/sahaja-yoga-meditasyon\/\" \/>\n<meta property=\"og:site_name\" content=\"TEST - SMND\" \/>\n<meta property=\"article:publisher\" content=\"https:\/\/www.facebook.com\/shrimataji\" \/>\n<meta property=\"article:modified_time\" content=\"2024-07-12T00:02:25+00:00\" \/>\n<meta property=\"og:image\" content=\"https:\/\/shrimataji.org\/test\/wp-content\/uploads\/2023\/03\/4_Banner-SY-SYMedit-scaled.jpg\" \/>\n\t<meta property=\"og:image:width\" content=\"2560\" \/>\n\t<meta property=\"og:image:height\" content=\"905\" \/>\n\t<meta property=\"og:image:type\" content=\"image\/jpeg\" \/>\n<meta name=\"twitter:card\" content=\"summary_large_image\" \/>\n<meta name=\"twitter:site\" content=\"@shrimataji\" \/>\n<meta name=\"twitter:label1\" content=\"Est. reading time\" \/>\n\t<meta name=\"twitter:data1\" content=\"3 minutes\" \/>\n<script type=\"application\/ld+json\" class=\"yoast-schema-graph\">{\"@context\":\"https:\\\/\\\/schema.org\",\"@graph\":[{\"@type\":\"WebPage\",\"@id\":\"https:\\\/\\\/shrimataji.org\\\/test\\\/tr\\\/sahaja-yoga-meditasyon\\\/\",\"url\":\"https:\\\/\\\/shrimataji.org\\\/test\\\/tr\\\/sahaja-yoga-meditasyon\\\/\",\"name\":\"Sahaja Yoga Meditasyon - TEST - SMND\",\"isPartOf\":{\"@id\":\"https:\\\/\\\/shrimataji.org\\\/test\\\/#website\"},\"primaryImageOfPage\":{\"@id\":\"https:\\\/\\\/shrimataji.org\\\/test\\\/tr\\\/sahaja-yoga-meditasyon\\\/#primaryimage\"},\"image\":{\"@id\":\"https:\\\/\\\/shrimataji.org\\\/test\\\/tr\\\/sahaja-yoga-meditasyon\\\/#primaryimage\"},\"thumbnailUrl\":\"https:\\\/\\\/shrimataji.org\\\/test\\\/wp-content\\\/uploads\\\/2023\\\/03\\\/4_Banner-SY-SYMedit-scaled.jpg\",\"datePublished\":\"2022-01-23T03:06:21+00:00\",\"dateModified\":\"2024-07-12T00:02:25+00:00\",\"breadcrumb\":{\"@id\":\"https:\\\/\\\/shrimataji.org\\\/test\\\/tr\\\/sahaja-yoga-meditasyon\\\/#breadcrumb\"},\"inLanguage\":\"en-US\",\"potentialAction\":[{\"@type\":\"ReadAction\",\"target\":[\"https:\\\/\\\/shrimataji.org\\\/test\\\/tr\\\/sahaja-yoga-meditasyon\\\/\"]}]},{\"@type\":\"ImageObject\",\"inLanguage\":\"en-US\",\"@id\":\"https:\\\/\\\/shrimataji.org\\\/test\\\/tr\\\/sahaja-yoga-meditasyon\\\/#primaryimage\",\"url\":\"https:\\\/\\\/shrimataji.org\\\/test\\\/wp-content\\\/uploads\\\/2023\\\/03\\\/4_Banner-SY-SYMedit-scaled.jpg\",\"contentUrl\":\"https:\\\/\\\/shrimataji.org\\\/test\\\/wp-content\\\/uploads\\\/2023\\\/03\\\/4_Banner-SY-SYMedit-scaled.jpg\",\"width\":2560,\"height\":905},{\"@type\":\"BreadcrumbList\",\"@id\":\"https:\\\/\\\/shrimataji.org\\\/test\\\/tr\\\/sahaja-yoga-meditasyon\\\/#breadcrumb\",\"itemListElement\":[{\"@type\":\"ListItem\",\"position\":1,\"name\":\"Home\",\"item\":\"https:\\\/\\\/shrimataji.org\\\/test\\\/uk\\\/home-en\\\/\"},{\"@type\":\"ListItem\",\"position\":2,\"name\":\"Sahaja Yoga Meditasyon\"}]},{\"@type\":\"WebSite\",\"@id\":\"https:\\\/\\\/shrimataji.org\\\/test\\\/#website\",\"url\":\"https:\\\/\\\/shrimataji.org\\\/test\\\/\",\"name\":\"Shri Mataji Nirmala Devi\",\"description\":\"A Life Dedicated to Humanity\",\"publisher\":{\"@id\":\"https:\\\/\\\/shrimataji.org\\\/test\\\/#\\\/schema\\\/person\\\/a1b3419c6585f164aa96da1ff85715d1\"},\"potentialAction\":[{\"@type\":\"SearchAction\",\"target\":{\"@type\":\"EntryPoint\",\"urlTemplate\":\"https:\\\/\\\/shrimataji.org\\\/test\\\/?s={search_term_string}\"},\"query-input\":{\"@type\":\"PropertyValueSpecification\",\"valueRequired\":true,\"valueName\":\"search_term_string\"}}],\"inLanguage\":\"en-US\"},{\"@type\":[\"Person\",\"Organization\"],\"@id\":\"https:\\\/\\\/shrimataji.org\\\/test\\\/#\\\/schema\\\/person\\\/a1b3419c6585f164aa96da1ff85715d1\",\"name\":\"Nirmala Shrivastava\",\"image\":{\"@type\":\"ImageObject\",\"inLanguage\":\"en-US\",\"@id\":\"https:\\\/\\\/shrimataji.org\\\/test\\\/wp-content\\\/uploads\\\/2023\\\/02\\\/SMO_LOGO-03.svg\",\"url\":\"https:\\\/\\\/shrimataji.org\\\/test\\\/wp-content\\\/uploads\\\/2023\\\/02\\\/SMO_LOGO-03.svg\",\"contentUrl\":\"https:\\\/\\\/shrimataji.org\\\/test\\\/wp-content\\\/uploads\\\/2023\\\/02\\\/SMO_LOGO-03.svg\",\"width\":\"1024\",\"height\":\"1024\",\"caption\":\"Nirmala Shrivastava\"},\"logo\":{\"@id\":\"https:\\\/\\\/shrimataji.org\\\/test\\\/wp-content\\\/uploads\\\/2023\\\/02\\\/SMO_LOGO-03.svg\"},\"sameAs\":[\"https:\\\/\\\/shrimataji.org\\\/test\",\"https:\\\/\\\/www.facebook.com\\\/shrimataji\",\"https:\\\/\\\/x.com\\\/shrimataji\",\"https:\\\/\\\/www.youtube.com\\\/@Shri_Mataji_Nirmala_Devi\\\/featured\"]}]}<\/script>\n<!-- \/ Yoast SEO plugin. -->","yoast_head_json":{"title":"Sahaja Yoga Meditasyon - TEST - SMND","robots":{"index":"noindex","follow":"follow","max-snippet":"max-snippet:-1","max-image-preview":"max-image-preview:large","max-video-preview":"max-video-preview:-1"},"og_locale":"en_US","og_type":"article","og_title":"Sahaja Yoga Meditasyon - TEST - SMND","og_description":"Sahaja Yoga Meditasyon \u0130\u00e7inizdeki Sessizli\u011fin G\u00fcc\u00fc Meditasyon, bir konu \u00fczerinde derinlemesine d\u00fc\u015f\u00fcnmekten, g\u00f6zler kapal\u0131 ve odaklanm\u0131\u015f bir dikkatle sessizce oturmaya kadar say\u0131s\u0131z farkl\u0131 \u015fekilde tan\u0131mlanm\u0131\u015f ve yorumlanm\u0131\u015f bir kelimedir. Sahaja Yoga&#8217;da meditasyon, uygulay\u0131c\u0131n\u0131n Kundalini&#8217;sinin (s\u00fcptil i\u00e7 enerji) uyan\u0131p, Nirvichar Samadhi (d\u00fc\u015f\u00fcncesiz fark\u0131ndal\u0131k) olarak bilinen bir konuma girilmi\u015f ayd\u0131nlanmaya dayan\u0131r. Bu konum i\u00e7inde ki\u015fi zihin, d\u00fc\u015f\u00fcnce&hellip; Read more","og_url":"https:\/\/shrimataji.org\/test\/tr\/sahaja-yoga-meditasyon\/","og_site_name":"TEST - SMND","article_publisher":"https:\/\/www.facebook.com\/shrimataji","article_modified_time":"2024-07-12T00:02:25+00:00","og_image":[{"width":2560,"height":905,"url":"https:\/\/shrimataji.org\/test\/wp-content\/uploads\/2023\/03\/4_Banner-SY-SYMedit-scaled.jpg","type":"image\/jpeg"}],"twitter_card":"summary_large_image","twitter_site":"@shrimataji","twitter_misc":{"Est. reading time":"3 minutes"},"schema":{"@context":"https:\/\/schema.org","@graph":[{"@type":"WebPage","@id":"https:\/\/shrimataji.org\/test\/tr\/sahaja-yoga-meditasyon\/","url":"https:\/\/shrimataji.org\/test\/tr\/sahaja-yoga-meditasyon\/","name":"Sahaja Yoga Meditasyon - TEST - SMND","isPartOf":{"@id":"https:\/\/shrimataji.org\/test\/#website"},"primaryImageOfPage":{"@id":"https:\/\/shrimataji.org\/test\/tr\/sahaja-yoga-meditasyon\/#primaryimage"},"image":{"@id":"https:\/\/shrimataji.org\/test\/tr\/sahaja-yoga-meditasyon\/#primaryimage"},"thumbnailUrl":"https:\/\/shrimataji.org\/test\/wp-content\/uploads\/2023\/03\/4_Banner-SY-SYMedit-scaled.jpg","datePublished":"2022-01-23T03:06:21+00:00","dateModified":"2024-07-12T00:02:25+00:00","breadcrumb":{"@id":"https:\/\/shrimataji.org\/test\/tr\/sahaja-yoga-meditasyon\/#breadcrumb"},"inLanguage":"en-US","potentialAction":[{"@type":"ReadAction","target":["https:\/\/shrimataji.org\/test\/tr\/sahaja-yoga-meditasyon\/"]}]},{"@type":"ImageObject","inLanguage":"en-US","@id":"https:\/\/shrimataji.org\/test\/tr\/sahaja-yoga-meditasyon\/#primaryimage","url":"https:\/\/shrimataji.org\/test\/wp-content\/uploads\/2023\/03\/4_Banner-SY-SYMedit-scaled.jpg","contentUrl":"https:\/\/shrimataji.org\/test\/wp-content\/uploads\/2023\/03\/4_Banner-SY-SYMedit-scaled.jpg","width":2560,"height":905},{"@type":"BreadcrumbList","@id":"https:\/\/shrimataji.org\/test\/tr\/sahaja-yoga-meditasyon\/#breadcrumb","itemListElement":[{"@type":"ListItem","position":1,"name":"Home","item":"https:\/\/shrimataji.org\/test\/uk\/home-en\/"},{"@type":"ListItem","position":2,"name":"Sahaja Yoga Meditasyon"}]},{"@type":"WebSite","@id":"https:\/\/shrimataji.org\/test\/#website","url":"https:\/\/shrimataji.org\/test\/","name":"Shri Mataji Nirmala Devi","description":"A Life Dedicated to Humanity","publisher":{"@id":"https:\/\/shrimataji.org\/test\/#\/schema\/person\/a1b3419c6585f164aa96da1ff85715d1"},"potentialAction":[{"@type":"SearchAction","target":{"@type":"EntryPoint","urlTemplate":"https:\/\/shrimataji.org\/test\/?s={search_term_string}"},"query-input":{"@type":"PropertyValueSpecification","valueRequired":true,"valueName":"search_term_string"}}],"inLanguage":"en-US"},{"@type":["Person","Organization"],"@id":"https:\/\/shrimataji.org\/test\/#\/schema\/person\/a1b3419c6585f164aa96da1ff85715d1","name":"Nirmala Shrivastava","image":{"@type":"ImageObject","inLanguage":"en-US","@id":"https:\/\/shrimataji.org\/test\/wp-content\/uploads\/2023\/02\/SMO_LOGO-03.svg","url":"https:\/\/shrimataji.org\/test\/wp-content\/uploads\/2023\/02\/SMO_LOGO-03.svg","contentUrl":"https:\/\/shrimataji.org\/test\/wp-content\/uploads\/2023\/02\/SMO_LOGO-03.svg","width":"1024","height":"1024","caption":"Nirmala Shrivastava"},"logo":{"@id":"https:\/\/shrimataji.org\/test\/wp-content\/uploads\/2023\/02\/SMO_LOGO-03.svg"},"sameAs":["https:\/\/shrimataji.org\/test","https:\/\/www.facebook.com\/shrimataji","https:\/\/x.com\/shrimataji","https:\/\/www.youtube.com\/@Shri_Mataji_Nirmala_Devi\/featured"]}]}},"lang":"tr","translations":{"tr":10204,"ur":37492,"en":7044,"am":18067,"th":20046,"hu":19555,"sq":18468,"zh":17365,"hi":8368,"pt":10414,"de":10688,"fr":10786,"it":10884,"es":10981,"ja":11279,"ru":11467,"bn":11658,"te":11766,"sw":11889,"he":12037,"el":12329,"sk":12427,"fa":12525,"fi":12623,"bg":13411,"ro":14485,"cs":14678,"nl":16628,"ku":16788,"ar":16964,"be":18675,"kn":18949,"mr":20410,"uk":20704,"ml":20999,"ta":22786,"sv":23056,"gu":28896,"pa":29056,"fil":29504,"sd":31006,"da":37802,"pl":38012,"nn":38354},"pll_sync_post":[],"_links":{"self":[{"href":"https:\/\/shrimataji.org\/test\/wp-json\/wp\/v2\/pages\/10204","targetHints":{"allow":["GET"]}}],"collection":[{"href":"https:\/\/shrimataji.org\/test\/wp-json\/wp\/v2\/pages"}],"about":[{"href":"https:\/\/shrimataji.org\/test\/wp-json\/wp\/v2\/types\/page"}],"author":[{"embeddable":true,"href":"https:\/\/shrimataji.org\/test\/wp-json\/wp\/v2\/users\/12"}],"replies":[{"embeddable":true,"href":"https:\/\/shrimataji.org\/test\/wp-json\/wp\/v2\/comments?post=10204"}],"version-history":[{"count":0,"href":"https:\/\/shrimataji.org\/test\/wp-json\/wp\/v2\/pages\/10204\/revisions"}],"wp:featuredmedia":[{"embeddable":true,"href":"https:\/\/shrimataji.org\/test\/wp-json\/wp\/v2\/media\/9266"}],"wp:attachment":[{"href":"https:\/\/shrimataji.org\/test\/wp-json\/wp\/v2\/media?parent=10204"}],"curies":[{"name":"wp","href":"https:\/\/api.w.org\/{rel}","templated":true}]}}