{"id":10205,"date":"2022-03-05T08:01:33","date_gmt":"2022-03-05T08:01:33","guid":{"rendered":"https:\/\/test.shrimataji.org\/?page_id=6500"},"modified":"2024-07-12T00:02:25","modified_gmt":"2024-07-12T00:02:25","slug":"sahasrara-cakra","status":"publish","type":"page","link":"https:\/\/shrimataji.org\/test\/tr\/sahasrara-cakra\/","title":{"rendered":"Sahasrara \u00c7akra"},"content":{"rendered":"\n\n\t<h1>Sahasrara \u00c7akra<\/h1>\n<h2>B\u00fct\u00fcnle\u015fme<\/h2>\n<h4>Sahasrara \u00e7akra, ba\u015f\u0131m\u0131z\u0131n \u00fcst\u00fcnde yer al\u0131r. Say\u0131sal olarak &#8220;bin&#8221; anlam\u0131na gelen Sahasrara \u00e7akra binlerce nadi ve \u00e7akradan olu\u015farak t\u00fcm s\u00fcptil sistemin g\u00fc\u00e7lerini ve niteliklerini b\u00fct\u00fcnle\u015ftirir. Homo sapiens olarak evrim yolculu\u011fumuzda zirveyi simgeler. Yery\u00fcz\u00fcndeki 4,8 milyar y\u0131ll\u0131k ya\u015fam\u0131n en sonunda ortaya \u00e7\u0131kan insan t\u00fcr\u00fc, tek \u00fcst\u00fcnl\u00fc\u011f\u00fc olan beynimiz sayesinde t\u00fcm gezegene h\u00fckmediyor. \u0130nsan\u0131n ya\u015fam amac\u0131 nedir? Bu beyni, yan\u0131lsamalar i\u00e7inde g\u00fc\u00e7 ve para kazanma yolunda m\u0131 veya sadece kendi s\u0131n\u0131rl\u0131 bilimsel merak\u0131m\u0131z\u0131 tatmin etmek i\u00e7in mi ya da g\u00f6receli uzay ve zaman\u0131n sonsuzlu\u011funda yarat\u0131l\u0131\u015f ve evrimin gizemlerini ve cans\u0131z varl\u0131klar\u0131n yok olu\u015funu derinlemesine anlamak i\u00e7in mi sadece kullan\u0131yoruz? Yoksa bu ya\u015fam\u0131m\u0131z\u0131n ancak \u00e7ok az ki\u015finin fark\u0131nda oldu\u011fu daha y\u00fcksek bir amac\u0131 m\u0131 var?<\/h4>\n<p>Sahasrara \u00e7akra taraf\u0131ndan \u00e7evrelenen limbik b\u00f6lgede Kundalini&#8217;nin Brahmarandra&#8217;y\u0131 (Kutsal Hint metinlerinde ba\u015f\u0131n tepesindeki a\u00e7\u0131kl\u0131k olarak tan\u0131mlan\u0131r) delmesiyle ba\u015flayan ayd\u0131nlanma sayesinde, insan bilincimiz zihinsel faaliyetlerimizin ve d\u00fc\u015f\u00fcncelerimizin \u00f6tesinde yeni bir alg\u0131 ve fark\u0131ndal\u0131k alan\u0131na girer. Bu \u00e7akra merkezi sinir sistemimiz \u00fczerinde &#8216;Hakikat&#8217;in do\u011frudan, mutlak alg\u0131s\u0131n\u0131 verir ve &#8216;Nirvikalpa Samadhi&#8217; olarak bilinen \u015f\u00fcphesiz fark\u0131ndal\u0131k konumuna \u00e7aba sarfetmeden ula\u015f\u0131r\u0131z.<\/p>\n<p>Sahasrara \u00e7akran\u0131n birincil niteli\u011fi b\u00fct\u00fcnle\u015fme ve evrenin t\u00fcm elementleriyle bir olma bilincidir. Sahasrara arac\u0131l\u0131\u011f\u0131yla &#8220;Mutlak Hakikat&#8221;in her yan\u0131 saran ruhani enerjisiyle ba\u011flant\u0131y\u0131 deneyimleriz. Sahasrara nihai var\u0131\u015f noktam\u0131z\u0131 temsil eder. Hayat\u0131n anlam\u0131n\u0131 ve amac\u0131n\u0131 tam olarak anlamak i\u00e7in bizi yaratan g\u00fc\u00e7\u00fcn ayr\u0131lmaz bir par\u00e7as\u0131 olan daha y\u00fcksek fark\u0131ndal\u0131k alemlerini ke\u015ffetmemiz gerekir.<\/p>\n<p>T\u00fcm \u00e7akralar\u0131n i\u015fleyi\u015fleri, bu \u00e7akralar\u0131n Sahasrara i\u00e7indeki ilgili yerleri taraf\u0131ndan tetiklenir. T\u0131pk\u0131 merkezi sinir sistemimizin kontrol \u00fcss\u00fc olmas\u0131, her bilginin iletilmesine ve i\u015flenmesine arac\u0131l\u0131k eden s\u00fcper bilgisayar beyin olmas\u0131 gibi Sahasrara da, t\u00fcm s\u00fcptil sistemle benzer bir etkile\u015fim i\u00e7indedir.<\/p>\n\t\n\t\t\t\t<img loading=\"lazy\" decoding=\"async\" src=\"https:\/\/shrimataji.org\/test\/wp-content\/uploads\/2024\/06\/Sahasrara_Handsketch_1.jpg\" alt=\"Shri Mataji&#039;nin kendi \u00e7izimi\" height=\"589\" width=\"1001\" title=\"Sahasrara_Handsketch_1\" \/>\n\t\tShri Mataji&#8217;nin kendi \u00e7izimi\n\tYeri:<br \/>\nSahasrara \u00e7akran\u0131z beyninizin limbik sistemi i\u00e7inde yer al\u0131r. Sahasrara \u00e7akran\u0131n titre\u015fimlerini avucunuzun ortas\u0131nda hissedebilirsiniz.\nRengi:<strong><br \/>\n<\/strong>Sahasrara \u00e7akra arac\u0131l\u0131\u011f\u0131yla yarat\u0131c\u0131 g\u00fcce ba\u011flanabilirsiniz. Bu sayede hayat\u0131n\u0131z\u0131n anlam\u0131n\u0131 ke\u015ffedebilirsiniz. Bu nihai bir var\u0131\u015f noktas\u0131d\u0131r &#8211; yery\u00fcz\u00fcndeki cenneti fark etmek.\n<p>Sahasrara \u00c7akran\u0131n Nitelikleri:<\/p>\n\u2022 Evrenle &#8220;bir&#8221; olma duygusu (&#8220;b\u00fct\u00fcnle\u015fme&#8221; olarak da bilinir)<br \/>\n\u2022 D\u00fc\u015f\u00fcncesiz fark\u0131ndal\u0131k veya zihinsel sessizlik<br \/>\n\u2022 \u015e\u00fcphesiz fark\u0131ndal\u0131k veya \u0130lahi Enerjinin fark\u0131nda olmak\n\t\t\t\t<img loading=\"lazy\" decoding=\"async\" src=\"https:\/\/shrimataji.org\/test\/wp-content\/uploads\/2024\/06\/TR_7-Sahasrara.png\" alt=\"TR_7-Sahasrara\" height=\"6867\" width=\"6429\" title=\"TR_7-Sahasrara\" \/>\n\t<p>Mooladhara \u00e7akradan Agnya \u00e7akraya kadar alt\u0131 ana \u00e7akran\u0131z\u0131n her birinin k\u00f6kleri beyninizdedir. Sahaja Yoga uygulamas\u0131yla Kundalini y\u00fckselir, alt\u0131 \u00e7akran\u0131n her birinden ge\u00e7er ve beyninizin limbik b\u00f6lgesine yerle\u015fir. Bu s\u00fcre\u00e7 ruhsal ayd\u0131nlanma olarak da bilinir.<\/p>\n<p>Sahasrara \u00e7akra, limbik b\u00f6lge i\u00e7indeki bo\u015f alanda temsil edilir. Bu alan\u0131 bin adet sinir \u00e7evreler. Kundalini enerjisi meditasyon yoluyla Sahasrara \u00e7akran\u0131za ula\u015ft\u0131\u011f\u0131nda, t\u00fcm bu sinirler uyum i\u00e7inde harekete ge\u00e7er. Kundalini enerjisi ba\u015f\u0131n\u0131z\u0131n \u00fcst\u00fcne y\u00fckselerek evrenin \u0130lahi Enerjisiyle birle\u015fir.<\/p>\n<p>Deneyim ve Faydalar\u0131:<\/p>\n<p>Kundalini enerjisi bas\u0327\u0131n\u0131z\u0131n tepesini (b\u0131ng\u0131ldak bo\u0308lgesi olarak da bilinir) delip gec\u0327erken bireysel bilincinizi (Atma) evrensel bilinc\u0327le (Paramatma) birles\u0327tirir. Bu, bas\u0327\u0131n\u0131z\u0131n tepesinde gu\u0308c\u0327lu\u0308 bir titres\u0327im olarak hissedilebilir. Genellikle bu gu\u0308c\u0327lu\u0308 titres\u0327imleri bir erime hissi ve daha serin esinti izler. Bunu deneyimledikten sonra Hakikati daha iyi alg\u0131laman\u0131z\u0131 sag\u0306layacak yeni bir fark\u0131ndal\u0131k boyutu elde etmis\u0327 olacaks\u0131n\u0131z. I\u0307yiyi ko\u0308tu\u0308den, dog\u0306ruyu yanl\u0131s\u0327tan ve hakikati yan\u0131lg\u0131dan ay\u0131rt etmek ic\u0327in ihtiyac\u0131n\u0131z olan her s\u0327eye sahip olacaks\u0131n\u0131z.<\/p>\n<p>Kundalini&#8217;niz evrenin I\u0307lahi Enerjisiyle bag\u0306lant\u0131ya gec\u0327tig\u0306inde art\u0131k gec\u0327mis\u0327 ya da gelecekle mes\u0327gul olmayacaks\u0131n\u0131z. Daha o\u0308nce hic\u0327 deneyimlemedig\u0306iniz benzersiz gerc\u0327ek bir ic\u0327sel nes\u0327e yas\u0327ars\u0131n\u0131z. Bu noktada, insani fark\u0131ndal\u0131g\u0306\u0131n\u0131z ilahi olanla birles\u0327mekle beraber fiziksel, zihinsel, duygusal ve ruhani benlikleriniz bir olmus\u0327tur.<\/p>\n<p>Art\u0131k mu\u0308kemmel bir uyum ic\u0327inde hareket edebilir, kafa kar\u0131s\u0327\u0131kl\u0131g\u0306\u0131 veya c\u0327elis\u0327ki yas\u0327amazs\u0131n\u0131z. Tam bir ic\u0327 huzuru ve mu\u0308kemmel nes\u0327enin deneyimini yas\u0327ayacaks\u0131n\u0131z. Hangi tepkinin ya da eylemin ahlaki ac\u0327\u0131dan dog\u0306ru oldug\u0306unu sezgisel olarak bileceksiniz. Kundalini&#8217;nizle bag\u0306lant\u0131ya gec\u0327meden o\u0308nce, Tanr\u0131&#8217;n\u0131n var oldug\u0306unu yaln\u0131zca inanc\u0327la kabul etmek zorunda kalm\u0131s\u0327 olabilirsiniz. Ancak daha sonra, Tanr\u0131&#8217;n\u0131n varl\u0131g\u0306\u0131n\u0131n fark\u0131nda olup hem de bundan emin olarak <strong>s\u0327u\u0308phesiz fark\u0131ndal\u0131k<\/strong> konumuna gec\u0327eceksiniz. Meditasyon yapmaya devam ettikc\u0327e bu s\u0327u\u0308phesiz fark\u0131ndal\u0131k daha da gu\u0308c\u0327lenecektir.<\/p>\n<p>Ki\u015fisel De\u011ferlendirme:<\/p>\n<p>Sahasrara \u00e7akran\u0131z t\u0131kal\u0131 ise veya dengede de\u011filse, genel olarak titre\u015fimleri hissetmekte zorluk \u00e7ekebilirsiniz. Ayr\u0131ca ruhani ger\u00e7eklik veya Tanr\u0131&#8217;n\u0131n varl\u0131\u011f\u0131 konusunda \u015f\u00fcpheleriniz olabilir. Neyse ki, Sahaja Yoga&#8217;da ne kadar \u00e7ok meditasyon yaparsan\u0131z, t\u00fcm \u00e7akralar\u0131n\u0131z (enerji merkezleriniz) o kadar \u00e7ok temizlenecektir. Sonunda Sahasrara&#8217;da denge sa\u011flanacakt\u0131r. Gerekli olan tek \u015fey a\u00e7\u0131k bir zihin ve meditasyon yapmaya devam etme iste\u011fidir.\u00a0 B\u00f6ylelikle ba\u015faracak, Kundalini enerjinizin \u0130lahi G\u00fc\u00e7 ile d\u00fczenli bir \u015fekilde ba\u011flant\u0131ya ge\u00e7mesini deneyimleyeceksiniz.<\/p>\n<ul>\n<li>Kendinden \u015f\u00fcphe duyma<\/li>\n<li>Ateizmin a\u015f\u0131r\u0131 bi\u00e7imi<\/li>\n<li>A\u015f\u0131r\u0131ya ka\u00e7mak<\/li>\n<\/ul>\n<p>Nas\u0131l dengelenir?:<\/p>\n<p>Sag\u0306 elinizi bas\u0327\u0131n\u0131z\u0131n tepesine yerles\u0327tirip bast\u0131rarak sahasrara c\u0327akran\u0131z\u0131 dengeye getirmek ic\u0327in c\u0327al\u0131s\u0327abilirsiniz. &#8220;Meditasyon konumunu deneyimlememe izin ver&#8221; diyerek elinizi saat yo\u0308nu\u0308nde yavas\u0327c\u0327a do\u0308ndu\u0308ru\u0308n.<\/p>\n<p>Bas\u0327lang\u0131c\u0327ta titres\u0327imleri hissedemiyorsan\u0131z bunun s\u0327u\u0308pheye yol ac\u0327mas\u0131na izin vermeyin. Sahaja Yoga uygulayan pek c\u0327ok kis\u0327inin, titres\u0327imleri deneyimleyebilmesi ya da kendi Kundalini enerjisiyle bag\u0306lant\u0131ya gec\u0327tig\u0306ine inan\u0131p kabul etmesi uzun zaman al\u0131r. Sadece sab\u0131rl\u0131 olun ve devam edin. Siz de oraya ulas\u0327acaks\u0131n\u0131z. Bu, Sahasrara \u00e7akran\u0131z\u0131 ac\u0327man\u0131z ve t\u0131kan\u0131kl\u0131ktan kurtulman\u0131z ic\u0327in o\u0308nemli bir ad\u0131md\u0131r.<\/p>\n\n","protected":false},"excerpt":{"rendered":"<p>Sahasrara \u00c7akra B\u00fct\u00fcnle\u015fme Sahasrara \u00e7akra, ba\u015f\u0131m\u0131z\u0131n \u00fcst\u00fcnde yer al\u0131r. Say\u0131sal olarak &#8220;bin&#8221; anlam\u0131na gelen Sahasrara \u00e7akra binlerce nadi ve \u00e7akradan olu\u015farak t\u00fcm s\u00fcptil sistemin g\u00fc\u00e7lerini ve niteliklerini b\u00fct\u00fcnle\u015ftirir. Homo sapiens olarak evrim yolculu\u011fumuzda zirveyi simgeler. Yery\u00fcz\u00fcndeki 4,8 milyar y\u0131ll\u0131k ya\u015fam\u0131n en sonunda ortaya \u00e7\u0131kan insan t\u00fcr\u00fc, tek \u00fcst\u00fcnl\u00fc\u011f\u00fc olan beynimiz sayesinde t\u00fcm gezegene h\u00fckmediyor. \u0130nsan\u0131n&hellip; <br \/> <a class=\"read-more\" href=\"https:\/\/shrimataji.org\/test\/tr\/sahasrara-cakra\/\">Read more<\/a><\/p>\n","protected":false},"author":12,"featured_media":9257,"parent":0,"menu_order":0,"comment_status":"closed","ping_status":"closed","template":"","meta":{"inline_featured_image":false,"footnotes":""},"class_list":["post-10205","page","type-page","status-publish","has-post-thumbnail","hentry"],"yoast_head":"<!-- This site is optimized with the Yoast SEO plugin v27.4 - https:\/\/yoast.com\/product\/yoast-seo-wordpress\/ -->\n<title>Sahasrara \u00c7akra - TEST - SMND<\/title>\n<meta name=\"robots\" content=\"noindex, follow, max-snippet:-1, max-image-preview:large, max-video-preview:-1\" \/>\n<meta property=\"og:locale\" content=\"en_US\" \/>\n<meta property=\"og:type\" content=\"article\" \/>\n<meta property=\"og:title\" content=\"Sahasrara \u00c7akra - TEST - SMND\" \/>\n<meta property=\"og:description\" content=\"Sahasrara \u00c7akra B\u00fct\u00fcnle\u015fme Sahasrara \u00e7akra, ba\u015f\u0131m\u0131z\u0131n \u00fcst\u00fcnde yer al\u0131r. Say\u0131sal olarak &#8220;bin&#8221; anlam\u0131na gelen Sahasrara \u00e7akra binlerce nadi ve \u00e7akradan olu\u015farak t\u00fcm s\u00fcptil sistemin g\u00fc\u00e7lerini ve niteliklerini b\u00fct\u00fcnle\u015ftirir. Homo sapiens olarak evrim yolculu\u011fumuzda zirveyi simgeler. Yery\u00fcz\u00fcndeki 4,8 milyar y\u0131ll\u0131k ya\u015fam\u0131n en sonunda ortaya \u00e7\u0131kan insan t\u00fcr\u00fc, tek \u00fcst\u00fcnl\u00fc\u011f\u00fc olan beynimiz sayesinde t\u00fcm gezegene h\u00fckmediyor. \u0130nsan\u0131n&hellip; Read more\" \/>\n<meta property=\"og:url\" content=\"https:\/\/shrimataji.org\/test\/tr\/sahasrara-cakra\/\" \/>\n<meta property=\"og:site_name\" content=\"TEST - SMND\" \/>\n<meta property=\"article:publisher\" content=\"https:\/\/www.facebook.com\/shrimataji\" \/>\n<meta property=\"article:modified_time\" content=\"2024-07-12T00:02:25+00:00\" \/>\n<meta property=\"og:image\" content=\"https:\/\/shrimataji.org\/test\/wp-content\/uploads\/2023\/03\/22_Banner-SY-Chakra-sahas-scaled.jpg\" \/>\n\t<meta property=\"og:image:width\" content=\"2560\" \/>\n\t<meta property=\"og:image:height\" content=\"905\" \/>\n\t<meta property=\"og:image:type\" content=\"image\/jpeg\" \/>\n<meta name=\"twitter:card\" content=\"summary_large_image\" \/>\n<meta name=\"twitter:site\" content=\"@shrimataji\" \/>\n<script type=\"application\/ld+json\" class=\"yoast-schema-graph\">{\"@context\":\"https:\\\/\\\/schema.org\",\"@graph\":[{\"@type\":\"WebPage\",\"@id\":\"https:\\\/\\\/shrimataji.org\\\/test\\\/tr\\\/sahasrara-cakra\\\/\",\"url\":\"https:\\\/\\\/shrimataji.org\\\/test\\\/tr\\\/sahasrara-cakra\\\/\",\"name\":\"Sahasrara \u00c7akra - TEST - SMND\",\"isPartOf\":{\"@id\":\"https:\\\/\\\/shrimataji.org\\\/test\\\/#website\"},\"primaryImageOfPage\":{\"@id\":\"https:\\\/\\\/shrimataji.org\\\/test\\\/tr\\\/sahasrara-cakra\\\/#primaryimage\"},\"image\":{\"@id\":\"https:\\\/\\\/shrimataji.org\\\/test\\\/tr\\\/sahasrara-cakra\\\/#primaryimage\"},\"thumbnailUrl\":\"https:\\\/\\\/shrimataji.org\\\/test\\\/wp-content\\\/uploads\\\/2023\\\/03\\\/22_Banner-SY-Chakra-sahas-scaled.jpg\",\"datePublished\":\"2022-03-05T08:01:33+00:00\",\"dateModified\":\"2024-07-12T00:02:25+00:00\",\"breadcrumb\":{\"@id\":\"https:\\\/\\\/shrimataji.org\\\/test\\\/tr\\\/sahasrara-cakra\\\/#breadcrumb\"},\"inLanguage\":\"en-US\",\"potentialAction\":[{\"@type\":\"ReadAction\",\"target\":[\"https:\\\/\\\/shrimataji.org\\\/test\\\/tr\\\/sahasrara-cakra\\\/\"]}]},{\"@type\":\"ImageObject\",\"inLanguage\":\"en-US\",\"@id\":\"https:\\\/\\\/shrimataji.org\\\/test\\\/tr\\\/sahasrara-cakra\\\/#primaryimage\",\"url\":\"https:\\\/\\\/shrimataji.org\\\/test\\\/wp-content\\\/uploads\\\/2023\\\/03\\\/22_Banner-SY-Chakra-sahas-scaled.jpg\",\"contentUrl\":\"https:\\\/\\\/shrimataji.org\\\/test\\\/wp-content\\\/uploads\\\/2023\\\/03\\\/22_Banner-SY-Chakra-sahas-scaled.jpg\",\"width\":2560,\"height\":905},{\"@type\":\"BreadcrumbList\",\"@id\":\"https:\\\/\\\/shrimataji.org\\\/test\\\/tr\\\/sahasrara-cakra\\\/#breadcrumb\",\"itemListElement\":[{\"@type\":\"ListItem\",\"position\":1,\"name\":\"Home\",\"item\":\"https:\\\/\\\/shrimataji.org\\\/test\\\/uk\\\/home-en\\\/\"},{\"@type\":\"ListItem\",\"position\":2,\"name\":\"Sahasrara \u00c7akra\"}]},{\"@type\":\"WebSite\",\"@id\":\"https:\\\/\\\/shrimataji.org\\\/test\\\/#website\",\"url\":\"https:\\\/\\\/shrimataji.org\\\/test\\\/\",\"name\":\"Shri Mataji Nirmala Devi\",\"description\":\"A Life Dedicated to Humanity\",\"publisher\":{\"@id\":\"https:\\\/\\\/shrimataji.org\\\/test\\\/#\\\/schema\\\/person\\\/a1b3419c6585f164aa96da1ff85715d1\"},\"potentialAction\":[{\"@type\":\"SearchAction\",\"target\":{\"@type\":\"EntryPoint\",\"urlTemplate\":\"https:\\\/\\\/shrimataji.org\\\/test\\\/?s={search_term_string}\"},\"query-input\":{\"@type\":\"PropertyValueSpecification\",\"valueRequired\":true,\"valueName\":\"search_term_string\"}}],\"inLanguage\":\"en-US\"},{\"@type\":[\"Person\",\"Organization\"],\"@id\":\"https:\\\/\\\/shrimataji.org\\\/test\\\/#\\\/schema\\\/person\\\/a1b3419c6585f164aa96da1ff85715d1\",\"name\":\"Nirmala Shrivastava\",\"image\":{\"@type\":\"ImageObject\",\"inLanguage\":\"en-US\",\"@id\":\"https:\\\/\\\/shrimataji.org\\\/test\\\/wp-content\\\/uploads\\\/2023\\\/02\\\/SMO_LOGO-03.svg\",\"url\":\"https:\\\/\\\/shrimataji.org\\\/test\\\/wp-content\\\/uploads\\\/2023\\\/02\\\/SMO_LOGO-03.svg\",\"contentUrl\":\"https:\\\/\\\/shrimataji.org\\\/test\\\/wp-content\\\/uploads\\\/2023\\\/02\\\/SMO_LOGO-03.svg\",\"width\":\"1024\",\"height\":\"1024\",\"caption\":\"Nirmala Shrivastava\"},\"logo\":{\"@id\":\"https:\\\/\\\/shrimataji.org\\\/test\\\/wp-content\\\/uploads\\\/2023\\\/02\\\/SMO_LOGO-03.svg\"},\"sameAs\":[\"https:\\\/\\\/shrimataji.org\\\/test\",\"https:\\\/\\\/www.facebook.com\\\/shrimataji\",\"https:\\\/\\\/x.com\\\/shrimataji\",\"https:\\\/\\\/www.youtube.com\\\/@Shri_Mataji_Nirmala_Devi\\\/featured\"]}]}<\/script>\n<!-- \/ Yoast SEO plugin. -->","yoast_head_json":{"title":"Sahasrara \u00c7akra - TEST - SMND","robots":{"index":"noindex","follow":"follow","max-snippet":"max-snippet:-1","max-image-preview":"max-image-preview:large","max-video-preview":"max-video-preview:-1"},"og_locale":"en_US","og_type":"article","og_title":"Sahasrara \u00c7akra - TEST - SMND","og_description":"Sahasrara \u00c7akra B\u00fct\u00fcnle\u015fme Sahasrara \u00e7akra, ba\u015f\u0131m\u0131z\u0131n \u00fcst\u00fcnde yer al\u0131r. Say\u0131sal olarak &#8220;bin&#8221; anlam\u0131na gelen Sahasrara \u00e7akra binlerce nadi ve \u00e7akradan olu\u015farak t\u00fcm s\u00fcptil sistemin g\u00fc\u00e7lerini ve niteliklerini b\u00fct\u00fcnle\u015ftirir. Homo sapiens olarak evrim yolculu\u011fumuzda zirveyi simgeler. Yery\u00fcz\u00fcndeki 4,8 milyar y\u0131ll\u0131k ya\u015fam\u0131n en sonunda ortaya \u00e7\u0131kan insan t\u00fcr\u00fc, tek \u00fcst\u00fcnl\u00fc\u011f\u00fc olan beynimiz sayesinde t\u00fcm gezegene h\u00fckmediyor. \u0130nsan\u0131n&hellip; Read more","og_url":"https:\/\/shrimataji.org\/test\/tr\/sahasrara-cakra\/","og_site_name":"TEST - SMND","article_publisher":"https:\/\/www.facebook.com\/shrimataji","article_modified_time":"2024-07-12T00:02:25+00:00","og_image":[{"width":2560,"height":905,"url":"https:\/\/shrimataji.org\/test\/wp-content\/uploads\/2023\/03\/22_Banner-SY-Chakra-sahas-scaled.jpg","type":"image\/jpeg"}],"twitter_card":"summary_large_image","twitter_site":"@shrimataji","schema":{"@context":"https:\/\/schema.org","@graph":[{"@type":"WebPage","@id":"https:\/\/shrimataji.org\/test\/tr\/sahasrara-cakra\/","url":"https:\/\/shrimataji.org\/test\/tr\/sahasrara-cakra\/","name":"Sahasrara \u00c7akra - TEST - SMND","isPartOf":{"@id":"https:\/\/shrimataji.org\/test\/#website"},"primaryImageOfPage":{"@id":"https:\/\/shrimataji.org\/test\/tr\/sahasrara-cakra\/#primaryimage"},"image":{"@id":"https:\/\/shrimataji.org\/test\/tr\/sahasrara-cakra\/#primaryimage"},"thumbnailUrl":"https:\/\/shrimataji.org\/test\/wp-content\/uploads\/2023\/03\/22_Banner-SY-Chakra-sahas-scaled.jpg","datePublished":"2022-03-05T08:01:33+00:00","dateModified":"2024-07-12T00:02:25+00:00","breadcrumb":{"@id":"https:\/\/shrimataji.org\/test\/tr\/sahasrara-cakra\/#breadcrumb"},"inLanguage":"en-US","potentialAction":[{"@type":"ReadAction","target":["https:\/\/shrimataji.org\/test\/tr\/sahasrara-cakra\/"]}]},{"@type":"ImageObject","inLanguage":"en-US","@id":"https:\/\/shrimataji.org\/test\/tr\/sahasrara-cakra\/#primaryimage","url":"https:\/\/shrimataji.org\/test\/wp-content\/uploads\/2023\/03\/22_Banner-SY-Chakra-sahas-scaled.jpg","contentUrl":"https:\/\/shrimataji.org\/test\/wp-content\/uploads\/2023\/03\/22_Banner-SY-Chakra-sahas-scaled.jpg","width":2560,"height":905},{"@type":"BreadcrumbList","@id":"https:\/\/shrimataji.org\/test\/tr\/sahasrara-cakra\/#breadcrumb","itemListElement":[{"@type":"ListItem","position":1,"name":"Home","item":"https:\/\/shrimataji.org\/test\/uk\/home-en\/"},{"@type":"ListItem","position":2,"name":"Sahasrara \u00c7akra"}]},{"@type":"WebSite","@id":"https:\/\/shrimataji.org\/test\/#website","url":"https:\/\/shrimataji.org\/test\/","name":"Shri Mataji Nirmala Devi","description":"A Life Dedicated to Humanity","publisher":{"@id":"https:\/\/shrimataji.org\/test\/#\/schema\/person\/a1b3419c6585f164aa96da1ff85715d1"},"potentialAction":[{"@type":"SearchAction","target":{"@type":"EntryPoint","urlTemplate":"https:\/\/shrimataji.org\/test\/?s={search_term_string}"},"query-input":{"@type":"PropertyValueSpecification","valueRequired":true,"valueName":"search_term_string"}}],"inLanguage":"en-US"},{"@type":["Person","Organization"],"@id":"https:\/\/shrimataji.org\/test\/#\/schema\/person\/a1b3419c6585f164aa96da1ff85715d1","name":"Nirmala Shrivastava","image":{"@type":"ImageObject","inLanguage":"en-US","@id":"https:\/\/shrimataji.org\/test\/wp-content\/uploads\/2023\/02\/SMO_LOGO-03.svg","url":"https:\/\/shrimataji.org\/test\/wp-content\/uploads\/2023\/02\/SMO_LOGO-03.svg","contentUrl":"https:\/\/shrimataji.org\/test\/wp-content\/uploads\/2023\/02\/SMO_LOGO-03.svg","width":"1024","height":"1024","caption":"Nirmala Shrivastava"},"logo":{"@id":"https:\/\/shrimataji.org\/test\/wp-content\/uploads\/2023\/02\/SMO_LOGO-03.svg"},"sameAs":["https:\/\/shrimataji.org\/test","https:\/\/www.facebook.com\/shrimataji","https:\/\/x.com\/shrimataji","https:\/\/www.youtube.com\/@Shri_Mataji_Nirmala_Devi\/featured"]}]}},"lang":"tr","translations":{"tr":10205,"ur":37494,"en":6500,"am":18069,"th":20049,"hu":19557,"sq":18470,"zh":17367,"hi":8335,"pt":10415,"de":10689,"fr":10787,"it":10885,"es":10982,"ja":11280,"ru":11468,"bn":11659,"te":11767,"sw":11890,"he":12038,"el":12330,"sk":12428,"fa":12526,"fi":12624,"bg":13364,"ro":14438,"cs":14631,"nl":16630,"ku":16790,"ar":16966,"be":18677,"kn":18951,"mr":20413,"uk":20707,"ml":21002,"ta":22788,"sv":23058,"gu":28898,"pa":29058,"fil":29506,"da":37804,"pl":38014,"nn":38356},"pll_sync_post":[],"_links":{"self":[{"href":"https:\/\/shrimataji.org\/test\/wp-json\/wp\/v2\/pages\/10205","targetHints":{"allow":["GET"]}}],"collection":[{"href":"https:\/\/shrimataji.org\/test\/wp-json\/wp\/v2\/pages"}],"about":[{"href":"https:\/\/shrimataji.org\/test\/wp-json\/wp\/v2\/types\/page"}],"author":[{"embeddable":true,"href":"https:\/\/shrimataji.org\/test\/wp-json\/wp\/v2\/users\/12"}],"replies":[{"embeddable":true,"href":"https:\/\/shrimataji.org\/test\/wp-json\/wp\/v2\/comments?post=10205"}],"version-history":[{"count":0,"href":"https:\/\/shrimataji.org\/test\/wp-json\/wp\/v2\/pages\/10205\/revisions"}],"wp:featuredmedia":[{"embeddable":true,"href":"https:\/\/shrimataji.org\/test\/wp-json\/wp\/v2\/media\/9257"}],"wp:attachment":[{"href":"https:\/\/shrimataji.org\/test\/wp-json\/wp\/v2\/media?parent=10205"}],"curies":[{"name":"wp","href":"https:\/\/api.w.org\/{rel}","templated":true}]}}