{"id":10209,"date":"2018-07-10T06:54:46","date_gmt":"2018-07-10T06:54:46","guid":{"rendered":"http:\/\/testwordpress.nirmalnagari.org\/smnd\/index.php\/self-realization\/"},"modified":"2024-07-12T00:01:52","modified_gmt":"2024-07-12T00:01:52","slug":"aydinlanma","status":"publish","type":"page","link":"https:\/\/shrimataji.org\/test\/tr\/aydinlanma\/","title":{"rendered":"Ayd\u0131nlanma"},"content":{"rendered":"\n\n\t<h1>Ayd\u0131nlanma ve Meditasyon<\/h1>\n<h2>Ger\u00e7ek benli\u011finizin e\u015fsiz bir \u015fekilde kendili\u011finden ger\u00e7ekle\u015fmesi<\/h2>\n\t<div class=\"su-quote su-quote-style-default\"><div class=\"su-quote-inner su-u-clearfix su-u-trim\"> Ayd\u0131nlanma hakikatle ilk kar\u015f\u0131la\u015fmad\u0131r.<\/div><\/div>\n\t<h4><strong>Shri Mataji, <a href=\"https:\/\/shrimataji.org\/tr\/kundalini\/\">Kundalini&#8217;yi<\/a> (Sanskrit\u00e7e&#8217;de sarmal anlam\u0131na gelir) uyand\u0131rman\u0131n kadim s\u00fcrecini, <a href=\"https:\/\/shrimataji.org\/tr\/sahaja-yoga\/\">Sahaja Yoga Meditasyonu&#8217;nun<\/a> temeli olarak kulland\u0131. Bu i\u00e7sel spirit\u00fcel enerjinin uyan\u0131\u015f\u0131, zorlu ar\u0131nma ve \u00e7ilecilik \u00e7abalar\u0131yla ge\u00e7mi\u015fte \u00e7ok az insan taraf\u0131ndan ba\u015far\u0131lm\u0131\u015ft\u0131r.<\/strong><\/h4>\n<p>Shri Mataji, \u00f6n bilgi veya spirit\u00fcel uygulama gerektirmeden bu enerjiyi topluluklar \u00fczerinde kendili\u011finden uyand\u0131ran bir y\u00f6ntem ke\u015ffetti. Bu uyan\u0131\u015fa verilen isim ayd\u0131nlanmad\u0131r. Kendili\u011finden uyan\u0131\u015f, herhangi bir \u00fccret \u00f6demeksizin, diploma u\u011fruna \u00e7al\u0131\u015fmadan veya \u00f6\u011frenci olmadan daha sonra kolayca ba\u015fkalar\u0131na aktar\u0131labilir. Bu ola\u011fan\u00fcst\u00fc olay, yanmakta olan ve bir di\u011ferini de yakabilen bir muma benzetilebilir.<\/p>\n<p>Shri Mataji, ayd\u0131nlanmadan meditasyon yapmay\u0131, motoru \u00e7al\u0131\u015ft\u0131rmadan araba s\u00fcrmeye benzetir. Sadece direksiyonu \u00e7evirerek veya gaz pedal\u0131na basarak hi\u00e7bir yere varamazs\u0131n\u0131z. Ayn\u0131 \u015fekilde, ki\u015fi Kundalini&#8217;nin uyan\u0131\u015f\u0131yla ger\u00e7ek benli\u011fini idrak etmedik\u00e7e ve kendi i\u00e7sel <a href=\"https:\/\/shrimataji.org\/tr\/koklerin-bilgisi-suptil-sistem\/\">s\u00fcptil sisteminin<\/a> durumunu deneyimlemedik\u00e7e, meditasyondaki t\u00fcm \u00e7abalar\u0131 verimsiz olur.<\/p>\n\t\n<p>Ayd\u0131nlanma yoluyla ki\u015fi, her insan\u0131n omurgas\u0131n\u0131n ba\u015flang\u0131c\u0131nda bulunan s\u00fcptil i\u00e7sel enerji Kundalini&#8217;nin fark\u0131na var\u0131r. Bu s\u00fcptil enerji, bir\u00e7ok kadim k\u00fclt\u00fcrde bilinmekte ve farkl\u0131 isimlerle an\u0131lmaktad\u0131r. Antik Yunanl\u0131lar, kuyruk sokumundaki bu enerjiye kap g\u00f6revi g\u00f6ren kemi\u011fe &#8220;hieron osteon&#8221; (&#8220;kutsal kemik&#8221; anlam\u0131na gelir) ismini verdiler. Uyand\u0131\u011f\u0131nda, bu koruyucu ve besleyici enerji, s\u00fcptil sistemin \u00fczerinde y\u00fckselerek, kalbimizde bulunan ger\u00e7ek i\u00e7sel benli\u011fimize (Atma) dokunup onu ayd\u0131nlat\u0131r ve ba\u015f\u0131n tepesindeki b\u0131ng\u0131ldak b\u00f6lgesinden ortaya \u00e7\u0131kar. B\u00f6ylece, sessiz meditasyon halinde \u00e7aba sarfetmeden dikkatimizi muhte\u015fem bir seviyeye y\u00fckseltir.<\/p>\n<p>Ki\u015fi, Kundalini enerjisini avu\u00e7 i\u00e7lerinde oldu\u011fu kadar ba\u015f\u0131n\u0131n \u00fczerinde de serin bir esinti olarak, ger\u00e7ekten hissedebilir. Sahaja Yoga meditasyonu uygulamas\u0131yla desteklenen bu enerjinin, sistemimiz \u00fczerinde iyile\u015ftirici ve dengeleyici bir etkisi vard\u0131r. Ayn\u0131 zamanda, zihin dinlenme halindeyken, \u00e7evresinin tamamen fark\u0131ndad\u0131r ve d\u00fc\u015f\u00fcncesiz fark\u0131ndal\u0131k olarak bilinen g\u00fc\u00e7lendirici bir konuma ge\u00e7er. Sahaja Yoga meditasyonunu, di\u011fer eski yoga meditasyon y\u00f6ntemlerinden ay\u0131ran \u015fey; eskiden aray\u0131\u015f i\u00e7inde olanlar\u0131n, bir gurunun rehberli\u011finde s\u00fcptil sistemlerini ar\u0131nd\u0131rman\u0131n sonunda ayd\u0131nlanmaya ula\u015fma yolunda y\u0131llar\u0131n\u0131 harcamak zorunda kalm\u0131\u015f olmalar\u0131d\u0131r. Shri Mataji bunu tersine \u00e7evirerek, \u00f6nce bizim s\u00fcptil sistemimizi ayd\u0131nlatmay\u0131 sonra meditasyon konumuna tamamen ge\u00e7memizi sa\u011flad\u0131.<\/p>\n<p>Y\u00fczbinlerce insan ayd\u0131nlanmalar\u0131n\u0131, sadeli\u011fi ve eri\u015felebilirli\u011fi nedeniyle, Sahaja Yoga arac\u0131l\u0131\u011f\u0131yla elde ettiler. Bu basit ama etkili meditasyonun uygulay\u0131c\u0131lar\u0131na, 100&#8217;den fazla \u00fclkedeki meditasyon merkezlerinde s\u00fcrekli \u00fccretsiz dersler ve topluluk deste\u011fi sunuldu. Ayn\u0131 zamanda \u015firketler, okullar, hastaneler, cezaevleri ve bir\u00e7ok kurumda da uygulanarak olumlu sonu\u00e7lar elde edildi.<\/p>\n<p>Sahaja Yoga ile ayd\u0131nlanma deneyimi, g\u00fcnl\u00fck meditasyona \u00e7ok az zaman ay\u0131rabilenlere bile \u00f6nemli faydalar sunar. Stresi ve yorgunlu\u011fu azalt\u0131r, duygusal dengeyi geri kazand\u0131r\u0131r ve en \u00e7alkant\u0131l\u0131 \u015fartlarda bile ki\u015fiye huzur ve tatmin duygusu verir.<\/p>\n<p>Asl\u0131nda, ayd\u0131nlanma deneyimi o kadar basit ve zahmetsizdir ki, ki\u015fi kendi evinin veya ofisinin rahatl\u0131\u011f\u0131nda, internet eri\u015fimi olan her yerden ayd\u0131nlanmas\u0131n\u0131 online alabilir.<\/p>\n<p>Okurlar\u0131m\u0131z\u0131 <a href=\"https:\/\/shrimataji.org\/tr\/aydinlanma-deneyimi\/\">ayd\u0131nlanmay\u0131 deneyimlemeye<\/a> ve yeni bir i\u00e7 huzuru, uyum ve denge yolculu\u011funa davet ediyoruz.<\/p>\n\t<div class=\"su-quote su-quote-style-default\"><div class=\"su-quote-inner su-u-clearfix su-u-trim\"> \u015eimdi, bir\u00e7ok insan\u0131n bana sordu\u011fu soru \u015fu, &#8220;Anne, bu kadar basitse, neden daha \u00f6nce zordu?&#8221; Bu asla zor olmad\u0131. Birisi, Shivaji Maharaj&#8217;\u0131n gurusu Ramdas Swami&#8217;ye &#8220;Kundalini&#8217;nin uyan\u0131\u015f\u0131 ne kadar s\u00fcrer?&#8221; diye sordu. &#8220;Tat kshan&#8221;, -o saniye- diye cevap verdi. Yaln\u0131z verecek bir ki\u015fi de olmal\u0131, alacak bir ki\u015fi de. Daha \u00f6nce, verecek \u00e7ok insan varken, alacak \u00e7ok az insan oluyordu. Bug\u00fcn alacak binlerce insan var; bu y\u00fczden de daha kolay hale geldi.<\/div><\/div>\n\t<hr \/>\n<p>\u00a01a. <a href=\"#citation-ref-1a\">^<\/a> &#8216;Meditasyonun \u00d6zel Bir Etkisi Var m\u0131?: Zihinsel Sessizli\u011fe Y\u00f6nelik Bir Tan\u0131m\u0131n Sistematik Deneysel De\u011ferlendirmesi&#8217; (University of NSW, Avustralya 2008); e-kitap: 2013 Hachette Australia taraf\u0131ndan yay\u0131nlanan <a href=\"https:\/\/www.sahajbooks.org\/collection\/silence-your-mind\">&#8216;Silence Your Mind&#8217;<\/a> &#8216;Zihnini Sustur&#8217;; <\/p>\n\n","protected":false},"excerpt":{"rendered":"<p>Ayd\u0131nlanma ve Meditasyon Ger\u00e7ek benli\u011finizin e\u015fsiz bir \u015fekilde kendili\u011finden ger\u00e7ekle\u015fmesi Shri Mataji, Kundalini&#8217;yi (Sanskrit\u00e7e&#8217;de sarmal anlam\u0131na gelir) uyand\u0131rman\u0131n kadim s\u00fcrecini, Sahaja Yoga Meditasyonu&#8217;nun temeli olarak kulland\u0131. Bu i\u00e7sel spirit\u00fcel enerjinin uyan\u0131\u015f\u0131, zorlu ar\u0131nma ve \u00e7ilecilik \u00e7abalar\u0131yla ge\u00e7mi\u015fte \u00e7ok az insan taraf\u0131ndan ba\u015far\u0131lm\u0131\u015ft\u0131r. Shri Mataji, \u00f6n bilgi veya spirit\u00fcel uygulama gerektirmeden bu enerjiyi topluluklar \u00fczerinde kendili\u011finden&hellip; <br \/> <a class=\"read-more\" href=\"https:\/\/shrimataji.org\/test\/tr\/aydinlanma\/\">Read more<\/a><\/p>\n","protected":false},"author":12,"featured_media":9264,"parent":0,"menu_order":0,"comment_status":"closed","ping_status":"closed","template":"","meta":{"inline_featured_image":false,"footnotes":""},"class_list":["post-10209","page","type-page","status-publish","has-post-thumbnail","hentry"],"yoast_head":"<!-- This site is optimized with the Yoast SEO plugin v27.4 - https:\/\/yoast.com\/product\/yoast-seo-wordpress\/ -->\n<title>Ayd\u0131nlanma - TEST - SMND<\/title>\n<meta name=\"robots\" content=\"noindex, follow, max-snippet:-1, max-image-preview:large, max-video-preview:-1\" \/>\n<meta property=\"og:locale\" content=\"en_US\" \/>\n<meta property=\"og:type\" content=\"article\" \/>\n<meta property=\"og:title\" content=\"Ayd\u0131nlanma - TEST - SMND\" \/>\n<meta property=\"og:description\" content=\"Ayd\u0131nlanma ve Meditasyon Ger\u00e7ek benli\u011finizin e\u015fsiz bir \u015fekilde kendili\u011finden ger\u00e7ekle\u015fmesi Shri Mataji, Kundalini&#8217;yi (Sanskrit\u00e7e&#8217;de sarmal anlam\u0131na gelir) uyand\u0131rman\u0131n kadim s\u00fcrecini, Sahaja Yoga Meditasyonu&#8217;nun temeli olarak kulland\u0131. Bu i\u00e7sel spirit\u00fcel enerjinin uyan\u0131\u015f\u0131, zorlu ar\u0131nma ve \u00e7ilecilik \u00e7abalar\u0131yla ge\u00e7mi\u015fte \u00e7ok az insan taraf\u0131ndan ba\u015far\u0131lm\u0131\u015ft\u0131r. Shri Mataji, \u00f6n bilgi veya spirit\u00fcel uygulama gerektirmeden bu enerjiyi topluluklar \u00fczerinde kendili\u011finden&hellip; Read more\" \/>\n<meta property=\"og:url\" content=\"https:\/\/shrimataji.org\/test\/tr\/aydinlanma\/\" \/>\n<meta property=\"og:site_name\" content=\"TEST - SMND\" \/>\n<meta property=\"article:publisher\" content=\"https:\/\/www.facebook.com\/shrimataji\" \/>\n<meta property=\"article:modified_time\" content=\"2024-07-12T00:01:52+00:00\" \/>\n<meta property=\"og:image\" content=\"https:\/\/shrimataji.org\/test\/wp-content\/uploads\/2023\/03\/2_Banner-SelfRealisation-scaled.jpg\" \/>\n\t<meta property=\"og:image:width\" content=\"2560\" \/>\n\t<meta property=\"og:image:height\" content=\"905\" \/>\n\t<meta property=\"og:image:type\" content=\"image\/jpeg\" \/>\n<meta name=\"twitter:card\" content=\"summary_large_image\" \/>\n<meta name=\"twitter:site\" content=\"@shrimataji\" \/>\n<script type=\"application\/ld+json\" class=\"yoast-schema-graph\">{\"@context\":\"https:\\\/\\\/schema.org\",\"@graph\":[{\"@type\":\"WebPage\",\"@id\":\"https:\\\/\\\/shrimataji.org\\\/test\\\/tr\\\/aydinlanma\\\/\",\"url\":\"https:\\\/\\\/shrimataji.org\\\/test\\\/tr\\\/aydinlanma\\\/\",\"name\":\"Ayd\u0131nlanma - TEST - SMND\",\"isPartOf\":{\"@id\":\"https:\\\/\\\/shrimataji.org\\\/test\\\/#website\"},\"primaryImageOfPage\":{\"@id\":\"https:\\\/\\\/shrimataji.org\\\/test\\\/tr\\\/aydinlanma\\\/#primaryimage\"},\"image\":{\"@id\":\"https:\\\/\\\/shrimataji.org\\\/test\\\/tr\\\/aydinlanma\\\/#primaryimage\"},\"thumbnailUrl\":\"https:\\\/\\\/shrimataji.org\\\/test\\\/wp-content\\\/uploads\\\/2023\\\/03\\\/2_Banner-SelfRealisation-scaled.jpg\",\"datePublished\":\"2018-07-10T06:54:46+00:00\",\"dateModified\":\"2024-07-12T00:01:52+00:00\",\"breadcrumb\":{\"@id\":\"https:\\\/\\\/shrimataji.org\\\/test\\\/tr\\\/aydinlanma\\\/#breadcrumb\"},\"inLanguage\":\"en-US\",\"potentialAction\":[{\"@type\":\"ReadAction\",\"target\":[\"https:\\\/\\\/shrimataji.org\\\/test\\\/tr\\\/aydinlanma\\\/\"]}]},{\"@type\":\"ImageObject\",\"inLanguage\":\"en-US\",\"@id\":\"https:\\\/\\\/shrimataji.org\\\/test\\\/tr\\\/aydinlanma\\\/#primaryimage\",\"url\":\"https:\\\/\\\/shrimataji.org\\\/test\\\/wp-content\\\/uploads\\\/2023\\\/03\\\/2_Banner-SelfRealisation-scaled.jpg\",\"contentUrl\":\"https:\\\/\\\/shrimataji.org\\\/test\\\/wp-content\\\/uploads\\\/2023\\\/03\\\/2_Banner-SelfRealisation-scaled.jpg\",\"width\":2560,\"height\":905},{\"@type\":\"BreadcrumbList\",\"@id\":\"https:\\\/\\\/shrimataji.org\\\/test\\\/tr\\\/aydinlanma\\\/#breadcrumb\",\"itemListElement\":[{\"@type\":\"ListItem\",\"position\":1,\"name\":\"Home\",\"item\":\"https:\\\/\\\/shrimataji.org\\\/test\\\/uk\\\/home-en\\\/\"},{\"@type\":\"ListItem\",\"position\":2,\"name\":\"Ayd\u0131nlanma\"}]},{\"@type\":\"WebSite\",\"@id\":\"https:\\\/\\\/shrimataji.org\\\/test\\\/#website\",\"url\":\"https:\\\/\\\/shrimataji.org\\\/test\\\/\",\"name\":\"Shri Mataji Nirmala Devi\",\"description\":\"A Life Dedicated to Humanity\",\"publisher\":{\"@id\":\"https:\\\/\\\/shrimataji.org\\\/test\\\/#\\\/schema\\\/person\\\/a1b3419c6585f164aa96da1ff85715d1\"},\"potentialAction\":[{\"@type\":\"SearchAction\",\"target\":{\"@type\":\"EntryPoint\",\"urlTemplate\":\"https:\\\/\\\/shrimataji.org\\\/test\\\/?s={search_term_string}\"},\"query-input\":{\"@type\":\"PropertyValueSpecification\",\"valueRequired\":true,\"valueName\":\"search_term_string\"}}],\"inLanguage\":\"en-US\"},{\"@type\":[\"Person\",\"Organization\"],\"@id\":\"https:\\\/\\\/shrimataji.org\\\/test\\\/#\\\/schema\\\/person\\\/a1b3419c6585f164aa96da1ff85715d1\",\"name\":\"Nirmala Shrivastava\",\"image\":{\"@type\":\"ImageObject\",\"inLanguage\":\"en-US\",\"@id\":\"https:\\\/\\\/shrimataji.org\\\/test\\\/wp-content\\\/uploads\\\/2023\\\/02\\\/SMO_LOGO-03.svg\",\"url\":\"https:\\\/\\\/shrimataji.org\\\/test\\\/wp-content\\\/uploads\\\/2023\\\/02\\\/SMO_LOGO-03.svg\",\"contentUrl\":\"https:\\\/\\\/shrimataji.org\\\/test\\\/wp-content\\\/uploads\\\/2023\\\/02\\\/SMO_LOGO-03.svg\",\"width\":\"1024\",\"height\":\"1024\",\"caption\":\"Nirmala Shrivastava\"},\"logo\":{\"@id\":\"https:\\\/\\\/shrimataji.org\\\/test\\\/wp-content\\\/uploads\\\/2023\\\/02\\\/SMO_LOGO-03.svg\"},\"sameAs\":[\"https:\\\/\\\/shrimataji.org\\\/test\",\"https:\\\/\\\/www.facebook.com\\\/shrimataji\",\"https:\\\/\\\/x.com\\\/shrimataji\",\"https:\\\/\\\/www.youtube.com\\\/@Shri_Mataji_Nirmala_Devi\\\/featured\"]}]}<\/script>\n<!-- \/ Yoast SEO plugin. -->","yoast_head_json":{"title":"Ayd\u0131nlanma - TEST - SMND","robots":{"index":"noindex","follow":"follow","max-snippet":"max-snippet:-1","max-image-preview":"max-image-preview:large","max-video-preview":"max-video-preview:-1"},"og_locale":"en_US","og_type":"article","og_title":"Ayd\u0131nlanma - TEST - SMND","og_description":"Ayd\u0131nlanma ve Meditasyon Ger\u00e7ek benli\u011finizin e\u015fsiz bir \u015fekilde kendili\u011finden ger\u00e7ekle\u015fmesi Shri Mataji, Kundalini&#8217;yi (Sanskrit\u00e7e&#8217;de sarmal anlam\u0131na gelir) uyand\u0131rman\u0131n kadim s\u00fcrecini, Sahaja Yoga Meditasyonu&#8217;nun temeli olarak kulland\u0131. Bu i\u00e7sel spirit\u00fcel enerjinin uyan\u0131\u015f\u0131, zorlu ar\u0131nma ve \u00e7ilecilik \u00e7abalar\u0131yla ge\u00e7mi\u015fte \u00e7ok az insan taraf\u0131ndan ba\u015far\u0131lm\u0131\u015ft\u0131r. Shri Mataji, \u00f6n bilgi veya spirit\u00fcel uygulama gerektirmeden bu enerjiyi topluluklar \u00fczerinde kendili\u011finden&hellip; Read more","og_url":"https:\/\/shrimataji.org\/test\/tr\/aydinlanma\/","og_site_name":"TEST - SMND","article_publisher":"https:\/\/www.facebook.com\/shrimataji","article_modified_time":"2024-07-12T00:01:52+00:00","og_image":[{"width":2560,"height":905,"url":"https:\/\/shrimataji.org\/test\/wp-content\/uploads\/2023\/03\/2_Banner-SelfRealisation-scaled.jpg","type":"image\/jpeg"}],"twitter_card":"summary_large_image","twitter_site":"@shrimataji","schema":{"@context":"https:\/\/schema.org","@graph":[{"@type":"WebPage","@id":"https:\/\/shrimataji.org\/test\/tr\/aydinlanma\/","url":"https:\/\/shrimataji.org\/test\/tr\/aydinlanma\/","name":"Ayd\u0131nlanma - TEST - SMND","isPartOf":{"@id":"https:\/\/shrimataji.org\/test\/#website"},"primaryImageOfPage":{"@id":"https:\/\/shrimataji.org\/test\/tr\/aydinlanma\/#primaryimage"},"image":{"@id":"https:\/\/shrimataji.org\/test\/tr\/aydinlanma\/#primaryimage"},"thumbnailUrl":"https:\/\/shrimataji.org\/test\/wp-content\/uploads\/2023\/03\/2_Banner-SelfRealisation-scaled.jpg","datePublished":"2018-07-10T06:54:46+00:00","dateModified":"2024-07-12T00:01:52+00:00","breadcrumb":{"@id":"https:\/\/shrimataji.org\/test\/tr\/aydinlanma\/#breadcrumb"},"inLanguage":"en-US","potentialAction":[{"@type":"ReadAction","target":["https:\/\/shrimataji.org\/test\/tr\/aydinlanma\/"]}]},{"@type":"ImageObject","inLanguage":"en-US","@id":"https:\/\/shrimataji.org\/test\/tr\/aydinlanma\/#primaryimage","url":"https:\/\/shrimataji.org\/test\/wp-content\/uploads\/2023\/03\/2_Banner-SelfRealisation-scaled.jpg","contentUrl":"https:\/\/shrimataji.org\/test\/wp-content\/uploads\/2023\/03\/2_Banner-SelfRealisation-scaled.jpg","width":2560,"height":905},{"@type":"BreadcrumbList","@id":"https:\/\/shrimataji.org\/test\/tr\/aydinlanma\/#breadcrumb","itemListElement":[{"@type":"ListItem","position":1,"name":"Home","item":"https:\/\/shrimataji.org\/test\/uk\/home-en\/"},{"@type":"ListItem","position":2,"name":"Ayd\u0131nlanma"}]},{"@type":"WebSite","@id":"https:\/\/shrimataji.org\/test\/#website","url":"https:\/\/shrimataji.org\/test\/","name":"Shri Mataji Nirmala Devi","description":"A Life Dedicated to Humanity","publisher":{"@id":"https:\/\/shrimataji.org\/test\/#\/schema\/person\/a1b3419c6585f164aa96da1ff85715d1"},"potentialAction":[{"@type":"SearchAction","target":{"@type":"EntryPoint","urlTemplate":"https:\/\/shrimataji.org\/test\/?s={search_term_string}"},"query-input":{"@type":"PropertyValueSpecification","valueRequired":true,"valueName":"search_term_string"}}],"inLanguage":"en-US"},{"@type":["Person","Organization"],"@id":"https:\/\/shrimataji.org\/test\/#\/schema\/person\/a1b3419c6585f164aa96da1ff85715d1","name":"Nirmala Shrivastava","image":{"@type":"ImageObject","inLanguage":"en-US","@id":"https:\/\/shrimataji.org\/test\/wp-content\/uploads\/2023\/02\/SMO_LOGO-03.svg","url":"https:\/\/shrimataji.org\/test\/wp-content\/uploads\/2023\/02\/SMO_LOGO-03.svg","contentUrl":"https:\/\/shrimataji.org\/test\/wp-content\/uploads\/2023\/02\/SMO_LOGO-03.svg","width":"1024","height":"1024","caption":"Nirmala Shrivastava"},"logo":{"@id":"https:\/\/shrimataji.org\/test\/wp-content\/uploads\/2023\/02\/SMO_LOGO-03.svg"},"sameAs":["https:\/\/shrimataji.org\/test","https:\/\/www.facebook.com\/shrimataji","https:\/\/x.com\/shrimataji","https:\/\/www.youtube.com\/@Shri_Mataji_Nirmala_Devi\/featured"]}]}},"lang":"tr","translations":{"tr":10209,"ur":37500,"en":410,"pa":25916,"gu":25519,"th":20058,"hu":19564,"sq":18476,"zh":17373,"hi":8373,"pt":10419,"de":10693,"fr":10791,"it":10889,"es":10986,"ja":11284,"ru":11472,"bn":11663,"te":11771,"sw":11894,"he":12042,"el":12334,"sk":12432,"fa":12530,"fi":12628,"bg":13461,"ro":14533,"cs":14726,"nl":16636,"ku":16796,"ar":16972,"be":18683,"kn":18957,"mr":20422,"uk":20716,"ml":21011,"ta":22794,"sv":23064,"bs":27294,"fil":29512,"sd":31008,"da":37810,"pl":38020,"nn":38362},"pll_sync_post":[],"_links":{"self":[{"href":"https:\/\/shrimataji.org\/test\/wp-json\/wp\/v2\/pages\/10209","targetHints":{"allow":["GET"]}}],"collection":[{"href":"https:\/\/shrimataji.org\/test\/wp-json\/wp\/v2\/pages"}],"about":[{"href":"https:\/\/shrimataji.org\/test\/wp-json\/wp\/v2\/types\/page"}],"author":[{"embeddable":true,"href":"https:\/\/shrimataji.org\/test\/wp-json\/wp\/v2\/users\/12"}],"replies":[{"embeddable":true,"href":"https:\/\/shrimataji.org\/test\/wp-json\/wp\/v2\/comments?post=10209"}],"version-history":[{"count":0,"href":"https:\/\/shrimataji.org\/test\/wp-json\/wp\/v2\/pages\/10209\/revisions"}],"wp:featuredmedia":[{"embeddable":true,"href":"https:\/\/shrimataji.org\/test\/wp-json\/wp\/v2\/media\/9264"}],"wp:attachment":[{"href":"https:\/\/shrimataji.org\/test\/wp-json\/wp\/v2\/media?parent=10209"}],"curies":[{"name":"wp","href":"https:\/\/api.w.org\/{rel}","templated":true}]}}