{"id":10210,"date":"2018-07-10T06:54:42","date_gmt":"2018-07-10T06:54:42","guid":{"rendered":"http:\/\/testwordpress.nirmalnagari.org\/smnd\/index.php\/life\/"},"modified":"2024-07-12T00:02:26","modified_gmt":"2024-07-12T00:02:26","slug":"shrimataji","status":"publish","type":"page","link":"https:\/\/shrimataji.org\/test\/tr\/shrimataji\/","title":{"rendered":"Shri Mataji TR"},"content":{"rendered":"\n\n\t<h1>Shri Mataji<\/h1>\n<h2>Yas\u0327am Boyu Su\u0308ren bir Go\u0308reve Adanm\u0131s\u0327l\u0131k<\/h2>\n<h4>Yorulmak bilmeden, u\u0308cra ko\u0308ylerden s\u0327ehirlere ve metropollere kadar du\u0308nya c\u0327ap\u0131nda binlerce kilometre seyahat etmek, <a href=\"https:\/\/shrimataji.org\/tr\/aydinlanma\/\">ayd\u0131nlanma<\/a> vererek Kendi benzersiz kes\u0327fi olan gerc\u0327ek ruhani ilmi o\u0308zverili bir s\u0327ekilde milyonlarca insanla paylas\u0327mak, ic\u0327sel do\u0308nu\u0308s\u0327u\u0308me dayal\u0131 olarak toplumsal deg\u0306is\u0327imde devrim yaratmak &#8211; tu\u0308m bunlar ve daha fazlas\u0131 bo\u0308ylesi deg\u0306erli anlar, Shri Mataji&#8217;nin insanl\u0131g\u0306\u0131n iyilig\u0306ine adanm\u0131s\u0327 o\u0308mu\u0308r boyu su\u0308ren c\u0327abas\u0131na k\u0131sa bir bak\u0131s\u0327 sunar.<\/h4>\n<p>Shri Mataji Nirmala Devi onursal \u00fcnvan\u0131yla bilinen Nirmala Srivastava, 21 Mart 1923&#8217;te Hindistan&#8217;\u0131n Chhindwara kentinde dog\u0306du. Hristiyan bir ailenin c\u0327ocug\u0306u olarak du\u0308nyaya geldi ve ebeveynleri Prasad ve Cornelia Salve, Ona &#8220;tertemiz&#8221; anlam\u0131na gelen Nirmala ad\u0131n\u0131 verdiler. Bir avukat ve 14 dili ak\u0131c\u0131 bir s\u0327ekilde konus\u0327abilen bir bilim adam\u0131 olan babas\u0131, Kuran&#8217;\u0131 Hintc\u0327e&#8217;ye c\u0327evirdi. Annesi Hindistan&#8217;da matematik alan\u0131nda onur derecesi alan ilk kad\u0131nd\u0131.<\/p>\n<p>Shri Mataji c\u0327ok ku\u0308c\u0327u\u0308k yas\u0327lardan itibaren etraf\u0131nda olup bitenle ilgiliydi. Ebeveynleri Hindistan&#8217;\u0131n bag\u0306\u0131ms\u0131zl\u0131k mu\u0308cadelesine aktif olarak kat\u0131l\u0131rken, Shri Mataji ku\u0308c\u0327u\u0308k bir c\u0327ocuk oldug\u0306u halde evin sorumlulug\u0306unu u\u0308stlendi. Ku\u0308c\u0327u\u0308k yas\u0327ta as\u0327ram\u0131n\u0131 s\u0131k s\u0131k ziyaret ettig\u0306i Mahatma Gandhi, onun ruhani bir deha oldug\u0306unu fark etti. Orada yap\u0131lan gu\u0308nlu\u0308k dualar konusunda s\u0131k s\u0131k ona dan\u0131s\u0327\u0131rd\u0131. Okul arkadas\u0327lar\u0131 da tavsiye ve destek ic\u0327in ona bas\u0327vururlard\u0131.<\/p>\n<p>Shri Mataji, Ludhiana&#8217;daki Hristiyan T\u0131p Faku\u0308ltesi ve Lahor&#8217;daki Balakram T\u0131p Faku\u0308ltesi&#8217;nde t\u0131p eg\u0306itimi ald\u0131. Genc\u0327 bir kad\u0131n olarak bag\u0306\u0131ms\u0131zl\u0131k mu\u0308cadelesine de kat\u0131ld\u0131 ve Hindistan&#8217;dan C\u0327\u0131k Hareketi&#8217;nde faku\u0308ltedeki akranlar\u0131na o\u0308nderlik etti. Bu Harekete kat\u0131ld\u0131g\u0306\u0131 ic\u0327in 1942&#8217;de hapse girdi.<\/p>\n\t\t\t\t<img loading=\"lazy\" decoding=\"async\" src=\"https:\/\/shrimataji.org\/test\/wp-content\/uploads\/2018\/07\/media_originals\/images\/shri-mataji-portraits\/shri-mataji-in-delhi-india-feb-1983-683x1024.jpg\" alt=\"Shri Mataji in Delhi, ca. 09.02.1983\" height=\"1024\" width=\"683\" title=\"shri-mataji-in-delhi-india-feb-1983\" \/>\n<p>1947&#8217;de, kariyeri zaman\u0131n Hindistan Bas\u0327bakan\u0131 Lal Bahadur Shastri&#8217;nin o\u0308zel kalemi olmaktan, Birles\u0327mis\u0327 Milletler Uluslararas\u0131 Denizcilik O\u0308rgu\u0308tu\u0308&#8217;nu\u0308n art arda do\u0308rt do\u0308nem Genel Sekreteri olarak hizmet etmeye uzanan yu\u0308ksek ru\u0308tbeli bir devlet memuru olan <a href=\"https:\/\/shrimataji.org\/tr\/sir-c-p-srivastava\/\">Chandrika Prasad Srivastava<\/a> ile evlendi. I\u0307ki k\u0131zlar\u0131 oldu. K\u0131zlar\u0131n\u0131 bu\u0308yu\u0308ttu\u0308g\u0306u\u0308 ve yu\u0308ksek mevkili kocas\u0131n\u0131n kariyerine destek verdig\u0306i bu su\u0308re zarf\u0131nda, Shri Mataji etraf\u0131ndaki du\u0308nyaya olan iyiliksever ilgisini su\u0308rdu\u0308rdu\u0308. Farkl\u0131 u\u0308lkelerden, farkl\u0131 ku\u0308ltu\u0308rleri, gelir du\u0308zeyleri ve o\u0308zgec\u0327mis\u0327leri olan c\u0327ok c\u0327es\u0327itli insanla yu\u0308z yu\u0308ze geldi ve onlara samimi bir sayg\u0131 go\u0308stererek yak\u0131nl\u0131klar kurdu. I\u0307ster o\u0308nemli liderlerle devlet meselelerini tart\u0131s\u0327\u0131yor olsun ister bir taksi s\u0327ofo\u0308ru\u0308yle aile meselelerini konus\u0327sun O her zaman dinlemeye ve anlamaya ac\u0327\u0131kt\u0131. O\u0308nyarg\u0131lara kars\u0327\u0131 c\u0327\u0131kt\u0131, ihtiyac\u0327 sahiplerine koruma sag\u0306lad\u0131, hay\u0131r is\u0327leriyle ug\u0306ras\u0327t\u0131, mu\u0308zik ve film arac\u0131l\u0131g\u0306\u0131yla sanat ve ku\u0308ltu\u0308ru\u0308 tes\u0327vik etti, toprag\u0306\u0131 ekip bic\u0327ti ve yog\u0306un bir evi ve aileyi idare etti. Sevgi dolu bir es\u0327, anne, k\u0131z kardes\u0327 ve sonras\u0131nda bu\u0308yu\u0308kanne idi.<\/p>\n<p>Dikkatini hep, insanlar\u0131n en yu\u0308ksek potansiyellerine ulas\u0327malar\u0131na yard\u0131mc\u0131 olacak en iyi yola odaklayarak insan dog\u0306as\u0131na ilis\u0327kin alg\u0131s\u0131n\u0131 derinles\u0327tirdi. Bo\u0308yle bir do\u0308nu\u0308s\u0327u\u0308mu\u0308n ancak hepimizin ic\u0327inde var olan su\u0308btil enerjinin (<a href=\"https:\/\/shrimataji.org\/tr\/kundalini\/\">Kundalini<\/a> ad\u0131 verilen) aktivasyonu olan ayd\u0131nlanma su\u0308reci yoluyla gerc\u0327ekles\u0327ebileceg\u0306i anlay\u0131s\u0327\u0131na vard\u0131. Bu enerjinin uyan\u0131s\u0327\u0131n\u0131, bas\u0327kalar\u0131yla paylas\u0327maya hayat\u0131n\u0131 adamadan o\u0308nce kendisi deneyimledi.<\/p>\n<p>Shri Mataji, <a href=\"https:\/\/shrimataji.org\/tr\/donum-noktasi\/\">5 May\u0131s 1970&#8217;te yas\u0327am boyu su\u0308recek ruhani c\u0327al\u0131s\u0327mas\u0131na<\/a> bas\u0327lad\u0131. 47 yas\u0327\u0131ndayken kitlesel ayd\u0131nlanma vermenin yolunu kes\u0327fetti ve yo\u0308ntemini gelis\u0327tirdi. I\u0307nsanlar\u0131n kendilerini do\u0308nu\u0308s\u0327tu\u0308rmek ve iyiles\u0327tirmek ic\u0327in kullanabilecekleri gerc\u0327ek bir deneyim sunmay\u0131 arzuluyordu. Manevi bilgi arayan insanlardan c\u0327\u0131kar sag\u0306layan birc\u0327ok so\u0308zde gurunun aksine, Shri Mataji, arayan kis\u0327iyi bu bilgiyle gu\u0308c\u0327lendirmek istiyordu. Tu\u0308m bu tu\u0308r sahte gurular\u0131 k\u0131nad\u0131 ve hayat\u0131 boyunca sahtekar ve istismarc\u0131 ruhani uygulamalara kars\u0327\u0131 insanlar\u0131 uyard\u0131.<\/p>\n<p>Kocas\u0131 BM Denizcilik O\u0308rgu\u0308tu\u0308&#8217;nu\u0308n Genel Sekreteri oldug\u0306unda Shri Mataji onunla birlikte Londra&#8217;ya tas\u0327\u0131nd\u0131 ve orada ruhani c\u0327al\u0131s\u0327malar\u0131na ku\u0308c\u0327u\u0308k bir grup insanla bas\u0327lad\u0131. Seminerler yan\u0131 s\u0131ra ayd\u0131nlanma deneyimi vererek Birles\u0327ik Krall\u0131k&#8217;\u0131 dolas\u0327t\u0131. Bu programlar ic\u0327in hic\u0327bir zaman para talep etmedi, tu\u0308m insanlar\u0131n ic\u0327inde uykuda olan bu ruhsal enerjinin uyan\u0131s\u0327\u0131n\u0131n dog\u0306us\u0327tan gelen bir hak oldug\u0306unu ve bu nedenle bedelinin o\u0308denemeyeceg\u0306ini \u0131srarla vurgulad\u0131. C\u0327ok gec\u0327meden c\u0327evresindekiler onun olag\u0306anu\u0308stu\u0308 ruhani ve annelik kalitelerini fark etmeye bas\u0327lad\u0131lar ve O &#8220;Sayg\u0131deg\u0306er Anne&#8221; anlam\u0131na gelen &#8220;Shri Mataji&#8221; onursal \u00fcnvan\u0131n\u0131 ald\u0131.<\/p>\n<p>Shri Mataji taraf\u0131ndan gelis\u0327tirilen ve ayd\u0131nlanma deneyimine dayanan bu meditasyon yo\u0308ntemine Sahaja Yoga denir. 1980&#8217;ler boyunca Shri Mataji durmadan ve yorulmak bilmeden Avrupa, Avustralya ve Kuzey Amerika&#8217;y\u0131 gezdi ve bu yo\u0308ntemi ilgilenen herkese u\u0308cretsiz olarak o\u0308g\u0306retti. 1990&#8217;larda seyahatleri Gu\u0308ney Amerika, Afrika, Rusya, Dog\u0306u Avrupa, Asya ve Pasifik bo\u0308lgesine yay\u0131ld\u0131.<\/p>\n<p>Du\u0308nyan\u0131n do\u0308rt bir yan\u0131ndaki kurumlar ona onur <a href=\"https:\/\/shrimataji.org\/tr\/oduller\/\">o\u0308du\u0308lleri<\/a> ve fahri doktora u\u0308nvanlar\u0131 verdi. 1995&#8217;te Beijing&#8217;teki <a href=\"https:\/\/shrimataji.org\/test\/tr\/bm-kadin-konferansi\/\">Do\u0308rdu\u0308ncu\u0308 Du\u0308nya Kad\u0131n Konferans\u0131&#8217;nda<\/a> konus\u0327mac\u0131 olarak yer ald\u0131. Claes Nobel, 1997 y\u0131l\u0131nda Londra&#8217;daki Royal Albert Hall&#8217;da Nobel Bar\u0131s\u0327 O\u0308du\u0308lu\u0308 adayl\u0131g\u0306\u0131n\u0131 ac\u0327\u0131klad\u0131. Shri Mataji ve Sahaja Yoga&#8217;n\u0131n bu\u0308yu\u0308k bir hayran\u0131 olarak, onu herkese &#8220;insanl\u0131k ic\u0327in umut kaynag\u0306\u0131&#8221; ve &#8220;dog\u0306ruyu yanl\u0131s\u0327tan ay\u0131rmak ic\u0327in bir referans noktas\u0131&#8221; olarak tan\u0131tt\u0131.<\/p>\n<div class=\"su-quote su-quote-style-default\"><div class=\"su-quote-inner su-u-clearfix su-u-trim\">Benim hayat\u0131m art\u0131k tu\u0308mu\u0308yle insanlar\u0131n iyilig\u0306i ve yarar\u0131na adanm\u0131s\u0327t\u0131r.<\/div><\/div>\n<p>Shri Mataji, kitlesel ayd\u0131nlanma potansiyelinin ve Sahaja Yoga meditasyonunun bireyin kis\u0327isel ve sosyal yas\u0327am\u0131na olan bu\u0308tu\u0308nsel faydalar\u0131n\u0131n, gerc\u0327ek <a href=\"https:\/\/shrimataji.org\/tr\/toplumsal-donusum\">toplumsal do\u0308nu\u0308s\u0327u\u0308mu\u0308n<\/a> temeli oldug\u0306una inand\u0131. Bu benzersiz ic\u0327sel do\u0308nu\u0308s\u0327u\u0308mu\u0308n ilkelerini temel alarak, muhtac\u0327 kad\u0131n ve c\u0327ocuklar ic\u0327in s\u0131g\u0306\u0131nma evi, birc\u0327ok uluslararas\u0131 okul, bu\u0308tu\u0308nsel bir sag\u0306l\u0131k ve aras\u0327t\u0131rma merkezi, klasik mu\u0308zik ve gu\u0308zel sanatlar\u0131 destekleyen uluslararas\u0131 bir akademi gibi birc\u0327ok sivil toplum kurulus\u0327u kurdu.<\/p>\n<p>Shri Mataji, 23 S\u0327ubat 2011&#8217;de 87 yas\u0327\u0131nda I\u0307talya&#8217;n\u0131n Cenova kentinde huzur ic\u0327inde vefat etti.<\/p>\n<p>Onun miras\u0131, ayd\u0131nlanma deneyimi olarak, Sahaja Yoga&#8217;y\u0131 uygulayan kis\u0327ilerin sevecen ilgileri ve Sahaja Yoga&#8217;n\u0131n her zaman u\u0308cretsiz olarak o\u0308g\u0306retildig\u0306i 100&#8217;den fazla u\u0308lkedeki meditasyon merkezleri arac\u0131l\u0131g\u0306\u0131yla yas\u0327\u0131yor ve say\u0131s\u0131z yas\u0327am\u0131 do\u0308nu\u0308s\u0327tu\u0308rmeye devam ediyor.<\/p>\n<div class=\"su-quote su-quote-style-default\"><div class=\"su-quote-inner su-u-clearfix su-u-trim\">Ve okyanusun k\u0131y\u0131lar\u0131na vurmas\u0131 ve sonra tu\u0308m dalgalar\u0131n geriye do\u0308nu\u0308p bir desen o\u0308rmesi gibi, ben de tu\u0308m hayat\u0131m\u0131 bo\u0308yle gu\u0308zel bir desen olarak go\u0308rebiliyorum. Ve bu gu\u0308zel dantel o\u0308rgu\u0308su\u0308nu\u0308 kelimelerle tarif edemezsiniz.<\/div><\/div>\n\t<h4>\u0130ndirilebilir Belgeler<\/h4>\n<p><a href=\"https:\/\/shrimataji.org\/test\/wp-content\/uploads\/2024\/07\/Kisa-Biyografi-ve-Odulleri.pdf\">Shri Mataji Nirmala Devi: K\u0131sa Biyografi ve \u00d6d\u00fclleri<\/a> (pdf\/414kb)<\/p>\n<p><a href=\"https:\/\/shrimataji.org\/test\/wp-content\/uploads\/2024\/07\/Kronoloji.pdf\">Shri Mataji Nirmala Devi: Kronoloji<\/a> (pdf\/82kb)<\/p>\n\n","protected":false},"excerpt":{"rendered":"<p>Shri Mataji Yas\u0327am Boyu Su\u0308ren bir Go\u0308reve Adanm\u0131s\u0327l\u0131k Yorulmak bilmeden, u\u0308cra ko\u0308ylerden s\u0327ehirlere ve metropollere kadar du\u0308nya c\u0327ap\u0131nda binlerce kilometre seyahat etmek, ayd\u0131nlanma vererek Kendi benzersiz kes\u0327fi olan gerc\u0327ek ruhani ilmi o\u0308zverili bir s\u0327ekilde milyonlarca insanla paylas\u0327mak, ic\u0327sel do\u0308nu\u0308s\u0327u\u0308me dayal\u0131 olarak toplumsal deg\u0306is\u0327imde devrim yaratmak &#8211; tu\u0308m bunlar ve daha fazlas\u0131 bo\u0308ylesi deg\u0306erli anlar, Shri&hellip; <br \/> <a class=\"read-more\" href=\"https:\/\/shrimataji.org\/test\/tr\/shrimataji\/\">Read more<\/a><\/p>\n","protected":false},"author":12,"featured_media":9599,"parent":0,"menu_order":0,"comment_status":"closed","ping_status":"closed","template":"","meta":{"inline_featured_image":false,"footnotes":""},"class_list":["post-10210","page","type-page","status-publish","has-post-thumbnail","hentry"],"yoast_head":"<!-- This site is optimized with the Yoast SEO plugin v27.4 - https:\/\/yoast.com\/product\/yoast-seo-wordpress\/ -->\n<title>Shri Mataji TR - TEST - SMND<\/title>\n<meta name=\"robots\" content=\"noindex, follow, max-snippet:-1, max-image-preview:large, max-video-preview:-1\" \/>\n<meta property=\"og:locale\" content=\"en_US\" \/>\n<meta property=\"og:type\" content=\"article\" \/>\n<meta property=\"og:title\" content=\"Shri Mataji TR - TEST - SMND\" \/>\n<meta property=\"og:description\" content=\"Shri Mataji Yas\u0327am Boyu Su\u0308ren bir Go\u0308reve Adanm\u0131s\u0327l\u0131k Yorulmak bilmeden, u\u0308cra ko\u0308ylerden s\u0327ehirlere ve metropollere kadar du\u0308nya c\u0327ap\u0131nda binlerce kilometre seyahat etmek, ayd\u0131nlanma vererek Kendi benzersiz kes\u0327fi olan gerc\u0327ek ruhani ilmi o\u0308zverili bir s\u0327ekilde milyonlarca insanla paylas\u0327mak, ic\u0327sel do\u0308nu\u0308s\u0327u\u0308me dayal\u0131 olarak toplumsal deg\u0306is\u0327imde devrim yaratmak &#8211; tu\u0308m bunlar ve daha fazlas\u0131 bo\u0308ylesi deg\u0306erli anlar, Shri&hellip; Read more\" \/>\n<meta property=\"og:url\" content=\"https:\/\/shrimataji.org\/test\/tr\/shrimataji\/\" \/>\n<meta property=\"og:site_name\" content=\"TEST - SMND\" \/>\n<meta property=\"article:publisher\" content=\"https:\/\/www.facebook.com\/shrimataji\" \/>\n<meta property=\"article:modified_time\" content=\"2024-07-12T00:02:26+00:00\" \/>\n<meta property=\"og:image\" content=\"https:\/\/shrimataji.org\/test\/wp-content\/uploads\/2023\/03\/test_banner_inner_shrimataji-scaled.jpg\" \/>\n\t<meta property=\"og:image:width\" content=\"2560\" \/>\n\t<meta property=\"og:image:height\" content=\"1067\" \/>\n\t<meta property=\"og:image:type\" content=\"image\/jpeg\" \/>\n<meta name=\"twitter:card\" content=\"summary_large_image\" \/>\n<meta name=\"twitter:site\" content=\"@shrimataji\" \/>\n<meta name=\"twitter:label1\" content=\"Est. reading time\" \/>\n\t<meta name=\"twitter:data1\" content=\"5 minutes\" \/>\n<script type=\"application\/ld+json\" class=\"yoast-schema-graph\">{\"@context\":\"https:\\\/\\\/schema.org\",\"@graph\":[{\"@type\":\"WebPage\",\"@id\":\"https:\\\/\\\/shrimataji.org\\\/test\\\/tr\\\/shrimataji\\\/\",\"url\":\"https:\\\/\\\/shrimataji.org\\\/test\\\/tr\\\/shrimataji\\\/\",\"name\":\"Shri Mataji TR - TEST - SMND\",\"isPartOf\":{\"@id\":\"https:\\\/\\\/shrimataji.org\\\/test\\\/#website\"},\"primaryImageOfPage\":{\"@id\":\"https:\\\/\\\/shrimataji.org\\\/test\\\/tr\\\/shrimataji\\\/#primaryimage\"},\"image\":{\"@id\":\"https:\\\/\\\/shrimataji.org\\\/test\\\/tr\\\/shrimataji\\\/#primaryimage\"},\"thumbnailUrl\":\"https:\\\/\\\/shrimataji.org\\\/test\\\/wp-content\\\/uploads\\\/2023\\\/03\\\/test_banner_inner_shrimataji-scaled.jpg\",\"datePublished\":\"2018-07-10T06:54:42+00:00\",\"dateModified\":\"2024-07-12T00:02:26+00:00\",\"breadcrumb\":{\"@id\":\"https:\\\/\\\/shrimataji.org\\\/test\\\/tr\\\/shrimataji\\\/#breadcrumb\"},\"inLanguage\":\"en-US\",\"potentialAction\":[{\"@type\":\"ReadAction\",\"target\":[\"https:\\\/\\\/shrimataji.org\\\/test\\\/tr\\\/shrimataji\\\/\"]}]},{\"@type\":\"ImageObject\",\"inLanguage\":\"en-US\",\"@id\":\"https:\\\/\\\/shrimataji.org\\\/test\\\/tr\\\/shrimataji\\\/#primaryimage\",\"url\":\"https:\\\/\\\/shrimataji.org\\\/test\\\/wp-content\\\/uploads\\\/2023\\\/03\\\/test_banner_inner_shrimataji-scaled.jpg\",\"contentUrl\":\"https:\\\/\\\/shrimataji.org\\\/test\\\/wp-content\\\/uploads\\\/2023\\\/03\\\/test_banner_inner_shrimataji-scaled.jpg\",\"width\":2560,\"height\":1067},{\"@type\":\"BreadcrumbList\",\"@id\":\"https:\\\/\\\/shrimataji.org\\\/test\\\/tr\\\/shrimataji\\\/#breadcrumb\",\"itemListElement\":[{\"@type\":\"ListItem\",\"position\":1,\"name\":\"Home\",\"item\":\"https:\\\/\\\/shrimataji.org\\\/test\\\/uk\\\/home-en\\\/\"},{\"@type\":\"ListItem\",\"position\":2,\"name\":\"Shri Mataji TR\"}]},{\"@type\":\"WebSite\",\"@id\":\"https:\\\/\\\/shrimataji.org\\\/test\\\/#website\",\"url\":\"https:\\\/\\\/shrimataji.org\\\/test\\\/\",\"name\":\"Shri Mataji Nirmala Devi\",\"description\":\"A Life Dedicated to Humanity\",\"publisher\":{\"@id\":\"https:\\\/\\\/shrimataji.org\\\/test\\\/#\\\/schema\\\/person\\\/a1b3419c6585f164aa96da1ff85715d1\"},\"potentialAction\":[{\"@type\":\"SearchAction\",\"target\":{\"@type\":\"EntryPoint\",\"urlTemplate\":\"https:\\\/\\\/shrimataji.org\\\/test\\\/?s={search_term_string}\"},\"query-input\":{\"@type\":\"PropertyValueSpecification\",\"valueRequired\":true,\"valueName\":\"search_term_string\"}}],\"inLanguage\":\"en-US\"},{\"@type\":[\"Person\",\"Organization\"],\"@id\":\"https:\\\/\\\/shrimataji.org\\\/test\\\/#\\\/schema\\\/person\\\/a1b3419c6585f164aa96da1ff85715d1\",\"name\":\"Nirmala Shrivastava\",\"image\":{\"@type\":\"ImageObject\",\"inLanguage\":\"en-US\",\"@id\":\"https:\\\/\\\/shrimataji.org\\\/test\\\/wp-content\\\/uploads\\\/2023\\\/02\\\/SMO_LOGO-03.svg\",\"url\":\"https:\\\/\\\/shrimataji.org\\\/test\\\/wp-content\\\/uploads\\\/2023\\\/02\\\/SMO_LOGO-03.svg\",\"contentUrl\":\"https:\\\/\\\/shrimataji.org\\\/test\\\/wp-content\\\/uploads\\\/2023\\\/02\\\/SMO_LOGO-03.svg\",\"width\":\"1024\",\"height\":\"1024\",\"caption\":\"Nirmala Shrivastava\"},\"logo\":{\"@id\":\"https:\\\/\\\/shrimataji.org\\\/test\\\/wp-content\\\/uploads\\\/2023\\\/02\\\/SMO_LOGO-03.svg\"},\"sameAs\":[\"https:\\\/\\\/shrimataji.org\\\/test\",\"https:\\\/\\\/www.facebook.com\\\/shrimataji\",\"https:\\\/\\\/x.com\\\/shrimataji\",\"https:\\\/\\\/www.youtube.com\\\/@Shri_Mataji_Nirmala_Devi\\\/featured\"]}]}<\/script>\n<!-- \/ Yoast SEO plugin. -->","yoast_head_json":{"title":"Shri Mataji TR - TEST - SMND","robots":{"index":"noindex","follow":"follow","max-snippet":"max-snippet:-1","max-image-preview":"max-image-preview:large","max-video-preview":"max-video-preview:-1"},"og_locale":"en_US","og_type":"article","og_title":"Shri Mataji TR - TEST - SMND","og_description":"Shri Mataji Yas\u0327am Boyu Su\u0308ren bir Go\u0308reve Adanm\u0131s\u0327l\u0131k Yorulmak bilmeden, u\u0308cra ko\u0308ylerden s\u0327ehirlere ve metropollere kadar du\u0308nya c\u0327ap\u0131nda binlerce kilometre seyahat etmek, ayd\u0131nlanma vererek Kendi benzersiz kes\u0327fi olan gerc\u0327ek ruhani ilmi o\u0308zverili bir s\u0327ekilde milyonlarca insanla paylas\u0327mak, ic\u0327sel do\u0308nu\u0308s\u0327u\u0308me dayal\u0131 olarak toplumsal deg\u0306is\u0327imde devrim yaratmak &#8211; tu\u0308m bunlar ve daha fazlas\u0131 bo\u0308ylesi deg\u0306erli anlar, Shri&hellip; Read more","og_url":"https:\/\/shrimataji.org\/test\/tr\/shrimataji\/","og_site_name":"TEST - SMND","article_publisher":"https:\/\/www.facebook.com\/shrimataji","article_modified_time":"2024-07-12T00:02:26+00:00","og_image":[{"width":2560,"height":1067,"url":"https:\/\/shrimataji.org\/test\/wp-content\/uploads\/2023\/03\/test_banner_inner_shrimataji-scaled.jpg","type":"image\/jpeg"}],"twitter_card":"summary_large_image","twitter_site":"@shrimataji","twitter_misc":{"Est. reading time":"5 minutes"},"schema":{"@context":"https:\/\/schema.org","@graph":[{"@type":"WebPage","@id":"https:\/\/shrimataji.org\/test\/tr\/shrimataji\/","url":"https:\/\/shrimataji.org\/test\/tr\/shrimataji\/","name":"Shri Mataji TR - TEST - SMND","isPartOf":{"@id":"https:\/\/shrimataji.org\/test\/#website"},"primaryImageOfPage":{"@id":"https:\/\/shrimataji.org\/test\/tr\/shrimataji\/#primaryimage"},"image":{"@id":"https:\/\/shrimataji.org\/test\/tr\/shrimataji\/#primaryimage"},"thumbnailUrl":"https:\/\/shrimataji.org\/test\/wp-content\/uploads\/2023\/03\/test_banner_inner_shrimataji-scaled.jpg","datePublished":"2018-07-10T06:54:42+00:00","dateModified":"2024-07-12T00:02:26+00:00","breadcrumb":{"@id":"https:\/\/shrimataji.org\/test\/tr\/shrimataji\/#breadcrumb"},"inLanguage":"en-US","potentialAction":[{"@type":"ReadAction","target":["https:\/\/shrimataji.org\/test\/tr\/shrimataji\/"]}]},{"@type":"ImageObject","inLanguage":"en-US","@id":"https:\/\/shrimataji.org\/test\/tr\/shrimataji\/#primaryimage","url":"https:\/\/shrimataji.org\/test\/wp-content\/uploads\/2023\/03\/test_banner_inner_shrimataji-scaled.jpg","contentUrl":"https:\/\/shrimataji.org\/test\/wp-content\/uploads\/2023\/03\/test_banner_inner_shrimataji-scaled.jpg","width":2560,"height":1067},{"@type":"BreadcrumbList","@id":"https:\/\/shrimataji.org\/test\/tr\/shrimataji\/#breadcrumb","itemListElement":[{"@type":"ListItem","position":1,"name":"Home","item":"https:\/\/shrimataji.org\/test\/uk\/home-en\/"},{"@type":"ListItem","position":2,"name":"Shri Mataji TR"}]},{"@type":"WebSite","@id":"https:\/\/shrimataji.org\/test\/#website","url":"https:\/\/shrimataji.org\/test\/","name":"Shri Mataji Nirmala Devi","description":"A Life Dedicated to Humanity","publisher":{"@id":"https:\/\/shrimataji.org\/test\/#\/schema\/person\/a1b3419c6585f164aa96da1ff85715d1"},"potentialAction":[{"@type":"SearchAction","target":{"@type":"EntryPoint","urlTemplate":"https:\/\/shrimataji.org\/test\/?s={search_term_string}"},"query-input":{"@type":"PropertyValueSpecification","valueRequired":true,"valueName":"search_term_string"}}],"inLanguage":"en-US"},{"@type":["Person","Organization"],"@id":"https:\/\/shrimataji.org\/test\/#\/schema\/person\/a1b3419c6585f164aa96da1ff85715d1","name":"Nirmala Shrivastava","image":{"@type":"ImageObject","inLanguage":"en-US","@id":"https:\/\/shrimataji.org\/test\/wp-content\/uploads\/2023\/02\/SMO_LOGO-03.svg","url":"https:\/\/shrimataji.org\/test\/wp-content\/uploads\/2023\/02\/SMO_LOGO-03.svg","contentUrl":"https:\/\/shrimataji.org\/test\/wp-content\/uploads\/2023\/02\/SMO_LOGO-03.svg","width":"1024","height":"1024","caption":"Nirmala Shrivastava"},"logo":{"@id":"https:\/\/shrimataji.org\/test\/wp-content\/uploads\/2023\/02\/SMO_LOGO-03.svg"},"sameAs":["https:\/\/shrimataji.org\/test","https:\/\/www.facebook.com\/shrimataji","https:\/\/x.com\/shrimataji","https:\/\/www.youtube.com\/@Shri_Mataji_Nirmala_Devi\/featured"]}]}},"lang":"tr","translations":{"tr":10210,"ur":37503,"en":391,"pa":25918,"gu":25521,"th":20061,"hu":19566,"sq":18478,"zh":17375,"hi":8496,"pt":10420,"de":10694,"fr":10792,"it":10890,"es":10987,"ja":11285,"ru":11473,"bn":11664,"te":11772,"sw":11895,"he":12043,"el":12335,"sk":12433,"fa":12531,"fi":12629,"bg":13463,"ro":14535,"cs":14728,"nl":16638,"ku":16798,"ar":16974,"be":18685,"kn":18959,"mr":20425,"uk":20719,"ml":21014,"ta":22796,"sv":23066,"bs":27296,"fil":29515,"sd":31010,"da":37812,"pl":38022,"nn":38364},"pll_sync_post":[],"_links":{"self":[{"href":"https:\/\/shrimataji.org\/test\/wp-json\/wp\/v2\/pages\/10210","targetHints":{"allow":["GET"]}}],"collection":[{"href":"https:\/\/shrimataji.org\/test\/wp-json\/wp\/v2\/pages"}],"about":[{"href":"https:\/\/shrimataji.org\/test\/wp-json\/wp\/v2\/types\/page"}],"author":[{"embeddable":true,"href":"https:\/\/shrimataji.org\/test\/wp-json\/wp\/v2\/users\/12"}],"replies":[{"embeddable":true,"href":"https:\/\/shrimataji.org\/test\/wp-json\/wp\/v2\/comments?post=10210"}],"version-history":[{"count":0,"href":"https:\/\/shrimataji.org\/test\/wp-json\/wp\/v2\/pages\/10210\/revisions"}],"wp:featuredmedia":[{"embeddable":true,"href":"https:\/\/shrimataji.org\/test\/wp-json\/wp\/v2\/media\/9599"}],"wp:attachment":[{"href":"https:\/\/shrimataji.org\/test\/wp-json\/wp\/v2\/media?parent=10210"}],"curies":[{"name":"wp","href":"https:\/\/api.w.org\/{rel}","templated":true}]}}